{"id":89889,"date":"2024-10-29T01:56:12","date_gmt":"2024-10-29T01:56:12","guid":{"rendered":"https:\/\/aaknives.eu\/?post_type=product&#038;p=89889"},"modified":"2025-05-05T11:38:11","modified_gmt":"2025-05-05T11:38:11","slug":"peilis-grizzly-damasko-plienas-700-800-sluoksniu-stabilizuota-karelijos-berzo-rankena","status":"publish","type":"product","link":"https:\/\/aaknives.eu\/lt\/product\/peilis-grizzly-damasko-plienas-700-800-sluoksniu-stabilizuota-karelijos-berzo-rankena\/","title":{"rendered":"Peilis &#8221;GRIZZLY&#8221; &#8211; Damasko plienas, (700-800 sluoksni\u0173), stabilizuota Karelijos ber\u017eo rankena"},"content":{"rendered":"<p>Peilio specifikacijos: &#8221;GRIZZLY&#8221;<br \/>\nPlienas: (HVG, U10, ShH15), 700-800 sluoksni\u0173<br \/>\nKietumas: 61 HRC<br \/>\nGele\u017et\u0117s ilgis (mm): Atsparumas (mm): 135 \/ 5,31 colio<br \/>\nGele\u017et\u0117s storis (mm): (mm): 3 \/ 0,11 colio<br \/>\nA\u0161men\u0173 plotis (mm): Atsparumas (mm): 31 \/ 1,22 colio<br \/>\nRankena: stabilizuotas Karelijos ber\u017eas<br \/>\nBendras ilgis (mm): Vidutinis ilgis (mm): 256 \/ 10,07 colio<\/p>\n<p>Dizainas: &#8220;AA peiliai<br \/>\nKalti specialiai &#8220;AA peiliams<\/p>\n<p>Rankomis kaltas damasko plienas, sukurtas i\u0161 skirtingo kietumo ir klampumo plien\u0173, kurie tam tikra tvarka sudedami \u012f plok\u0161tel\u0119. Po to plok\u0161t\u0117 pakartotinai perlydoma, tod\u0117l susidaro sluoksniai ir unikalus ra\u0161tas.<br \/>\nSud\u0117tingas technologinis procesas atliekamas rankiniu b\u016bdu. Tokiu b\u016bdu gautas plienas pasi\u017eymi didesniu stiprumu, dideliu kietumu, puikiomis pjovimo savyb\u0117mis ir gro\u017eiu.<br \/>\nDamasko plieno daugiau nei 700 sluoksni\u0173.<br \/>\nPakuot\u0117 i\u0161 damaskinio plieno ShH15 + HVG + U10A, \u0161ilumin\u0117 i\u0161rai\u0161ka 860 \u00b0C<\/p>\n<p>Damasko plieno peili\u0173 privalumai:<br \/>\nDidesnis stiprumas<br \/>\nDidelis kietumas<br \/>\nPuikios pjovimo savyb\u0117s<br \/>\nGra\u017eus dizainas<br \/>\nIlgalaikis a\u0161trumas<\/p>\n<p>Gele\u017et\u0117s kietumas 60-62 HRC.<br \/>\nRank\u0173 darbo<\/p>\n","protected":false},"excerpt":{"rendered":"<p>Peilio specifikacijos: &#8221;GRIZZLY&#8221; Plienas: (HVG, U10, ShH15), 700-800 sluoksni\u0173 Kietumas: 61 HRC Gele\u017et\u0117s ilgis (mm): Atsparumas (mm): 135 \/ 5,31 colio Gele\u017et\u0117s storis (mm): (mm): 3 \/ 0,11 colio A\u0161men\u0173 plotis (mm): Atsparumas (mm): 31 \/ 1,22 colio Rankena: stabilizuotas Karelijos ber\u017eas Bendras ilgis (mm): Vidutinis ilgis (mm): 256 \/ 10,07 colio Dizainas: &#8220;AA peiliai Kalti specialiai &#8220;AA peiliams Rankomis kaltas damasko plienas, sukurtas i\u0161 skirtingo kietumo ir klampumo plien\u0173, kurie tam tikra tvarka sudedami \u012f plok\u0161tel\u0119. Po to plok\u0161t\u0117 pakartotinai perlydoma, tod\u0117l susidaro sluoksniai ir unikalus ra\u0161tas. Sud\u0117tingas technologinis procesas atliekamas rankiniu b\u016bdu. Tokiu b\u016bdu gautas plienas pasi\u017eymi didesniu&hellip;<\/p>\n","protected":false},"featured_media":101526,"template":"","meta":{"_themeisle_gutenberg_block_has_review":false},"product_brand":[],"product_cat":[381,386,385],"product_tag":[],"class_list":{"0":"post-89889","1":"product","2":"type-product","3":"status-publish","4":"has-post-thumbnail","6":"product_cat-lauko-peiliai","7":"product_cat-medziokliniai-peiliai","8":"product_cat-zvejybos-peiliai","10":"first","11":"instock","12":"shipping-taxable","13":"purchasable","14":"product-type-simple"},"yoast_head":"<!-- This site is optimized with the Yoast SEO plugin v27.3 - https:\/\/yoast.com\/product\/yoast-seo-wordpress\/ -->\n<title>Peilis &#039;&#039;GRIZZLY&#039;&#039; - Damasko plienas, (700-800 sluoksni\u0173), stabilizuota Karelijos ber\u017eo rankena - AAKnives<\/title>\n<meta name=\"description\" content=\"Rankomis kaltas damaskinis plienas pasi\u017eymi didesniu tvirtumu, dideliu kietumu, puikiomis pjovimo savyb\u0117mis ir gro\u017eiu.\" \/>\n<meta name=\"robots\" content=\"index, follow, max-snippet:-1, max-image-preview:large, max-video-preview:-1\" \/>\n<link rel=\"canonical\" href=\"https:\/\/aaknives.eu\/lt\/product\/peilis-grizzly-damasko-plienas-700-800-sluoksniu-stabilizuota-karelijos-berzo-rankena\/\" \/>\n<meta property=\"og:locale\" content=\"lt_LT\" \/>\n<meta property=\"og:type\" content=\"article\" \/>\n<meta property=\"og:title\" content=\"Peilis &#039;&#039;GRIZZLY&#039;&#039; - Damasko plienas, (700-800 sluoksni\u0173), stabilizuota Karelijos ber\u017eo rankena - AAKnives\" \/>\n<meta property=\"og:description\" content=\"Rankomis kaltas damaskinis plienas pasi\u017eymi didesniu tvirtumu, dideliu kietumu, puikiomis pjovimo savyb\u0117mis ir gro\u017eiu.\" \/>\n<meta property=\"og:url\" content=\"https:\/\/aaknives.eu\/lt\/product\/peilis-grizzly-damasko-plienas-700-800-sluoksniu-stabilizuota-karelijos-berzo-rankena\/\" \/>\n<meta property=\"og:site_name\" content=\"AAKnives\" \/>\n<meta property=\"article:publisher\" content=\"https:\/\/www.facebook.com\/aaknives.eu\/\" \/>\n<meta property=\"article:modified_time\" content=\"2025-05-05T11:38:11+00:00\" \/>\n<meta property=\"og:image\" content=\"https:\/\/aaknives.eu\/wp-content\/uploads\/2024\/10\/aaknives-hand-forged-dabascus-steel-blade-knife-handmade-custom-made-knife-handcrafted-knives-autinetools-northmen-6-2-31-3.jpg\" \/>\n\t<meta property=\"og:image:width\" content=\"1020\" \/>\n\t<meta property=\"og:image:height\" content=\"880\" \/>\n\t<meta property=\"og:image:type\" content=\"image\/jpeg\" \/>\n<meta name=\"twitter:card\" content=\"summary_large_image\" \/>\n<meta name=\"twitter:label1\" content=\"Est. reading time\" \/>\n\t<meta name=\"twitter:data1\" content=\"1 minut\u0117\" \/>\n<script type=\"application\/ld+json\" class=\"yoast-schema-graph\">{\"@context\":\"https:\\\/\\\/schema.org\",\"@graph\":[{\"@type\":\"WebPage\",\"@id\":\"https:\\\/\\\/aaknives.eu\\\/lt\\\/product\\\/peilis-grizzly-damasko-plienas-700-800-sluoksniu-stabilizuota-karelijos-berzo-rankena\\\/\",\"url\":\"https:\\\/\\\/aaknives.eu\\\/lt\\\/product\\\/peilis-grizzly-damasko-plienas-700-800-sluoksniu-stabilizuota-karelijos-berzo-rankena\\\/\",\"name\":\"Peilis ''GRIZZLY'' - Damasko plienas, (700-800 sluoksni\u0173), stabilizuota Karelijos ber\u017eo rankena - AAKnives\",\"isPartOf\":{\"@id\":\"https:\\\/\\\/aaknives.eu\\\/lt\\\/#website\"},\"primaryImageOfPage\":{\"@id\":\"https:\\\/\\\/aaknives.eu\\\/lt\\\/product\\\/peilis-grizzly-damasko-plienas-700-800-sluoksniu-stabilizuota-karelijos-berzo-rankena\\\/#primaryimage\"},\"image\":{\"@id\":\"https:\\\/\\\/aaknives.eu\\\/lt\\\/product\\\/peilis-grizzly-damasko-plienas-700-800-sluoksniu-stabilizuota-karelijos-berzo-rankena\\\/#primaryimage\"},\"thumbnailUrl\":\"https:\\\/\\\/aaknives.eu\\\/wp-content\\\/uploads\\\/2024\\\/10\\\/aaknives-hand-forged-damascus-steel-blade-knife-handmade-custom-made-knife-handcrafted-knives-autinetools-northmen-1-56-1.jpg\",\"datePublished\":\"2024-10-29T01:56:12+00:00\",\"dateModified\":\"2025-05-05T11:38:11+00:00\",\"description\":\"Rankomis kaltas damaskinis plienas pasi\u017eymi didesniu tvirtumu, dideliu kietumu, puikiomis pjovimo savyb\u0117mis ir gro\u017eiu.\",\"breadcrumb\":{\"@id\":\"https:\\\/\\\/aaknives.eu\\\/lt\\\/product\\\/peilis-grizzly-damasko-plienas-700-800-sluoksniu-stabilizuota-karelijos-berzo-rankena\\\/#breadcrumb\"},\"inLanguage\":\"lt-LT\",\"potentialAction\":[{\"@type\":\"ReadAction\",\"target\":[\"https:\\\/\\\/aaknives.eu\\\/lt\\\/product\\\/peilis-grizzly-damasko-plienas-700-800-sluoksniu-stabilizuota-karelijos-berzo-rankena\\\/\"]}]},{\"@type\":\"ImageObject\",\"inLanguage\":\"lt-LT\",\"@id\":\"https:\\\/\\\/aaknives.eu\\\/lt\\\/product\\\/peilis-grizzly-damasko-plienas-700-800-sluoksniu-stabilizuota-karelijos-berzo-rankena\\\/#primaryimage\",\"url\":\"https:\\\/\\\/aaknives.eu\\\/wp-content\\\/uploads\\\/2024\\\/10\\\/aaknives-hand-forged-damascus-steel-blade-knife-handmade-custom-made-knife-handcrafted-knives-autinetools-northmen-1-56-1.jpg\",\"contentUrl\":\"https:\\\/\\\/aaknives.eu\\\/wp-content\\\/uploads\\\/2024\\\/10\\\/aaknives-hand-forged-damascus-steel-blade-knife-handmade-custom-made-knife-handcrafted-knives-autinetools-northmen-1-56-1.jpg\",\"width\":1020,\"height\":880},{\"@type\":\"BreadcrumbList\",\"@id\":\"https:\\\/\\\/aaknives.eu\\\/lt\\\/product\\\/peilis-grizzly-damasko-plienas-700-800-sluoksniu-stabilizuota-karelijos-berzo-rankena\\\/#breadcrumb\",\"itemListElement\":[{\"@type\":\"ListItem\",\"position\":1,\"name\":\"Home\",\"item\":\"https:\\\/\\\/aaknives.eu\\\/lt\\\/\"},{\"@type\":\"ListItem\",\"position\":2,\"name\":\"Parduotuv\u0117\",\"item\":\"https:\\\/\\\/aaknives.eu\\\/parduotuve\\\/\"},{\"@type\":\"ListItem\",\"position\":3,\"name\":\"Peilis &#8221;GRIZZLY&#8221; &#8211; Damasko plienas, (700-800 sluoksni\u0173), stabilizuota Karelijos ber\u017eo rankena\"}]},{\"@type\":\"WebSite\",\"@id\":\"https:\\\/\\\/aaknives.eu\\\/lt\\\/#website\",\"url\":\"https:\\\/\\\/aaknives.eu\\\/lt\\\/\",\"name\":\"AAKnives\",\"description\":\"Handmade knives\",\"publisher\":{\"@id\":\"https:\\\/\\\/aaknives.eu\\\/lt\\\/#organization\"},\"potentialAction\":[{\"@type\":\"SearchAction\",\"target\":{\"@type\":\"EntryPoint\",\"urlTemplate\":\"https:\\\/\\\/aaknives.eu\\\/lt\\\/?s={search_term_string}\"},\"query-input\":{\"@type\":\"PropertyValueSpecification\",\"valueRequired\":true,\"valueName\":\"search_term_string\"}}],\"inLanguage\":\"lt-LT\"},{\"@type\":\"Organization\",\"@id\":\"https:\\\/\\\/aaknives.eu\\\/lt\\\/#organization\",\"name\":\"AAKnives\",\"url\":\"https:\\\/\\\/aaknives.eu\\\/lt\\\/\",\"logo\":{\"@type\":\"ImageObject\",\"inLanguage\":\"lt-LT\",\"@id\":\"https:\\\/\\\/aaknives.eu\\\/lt\\\/#\\\/schema\\\/logo\\\/image\\\/\",\"url\":\"https:\\\/\\\/aaknives.eu\\\/wp-content\\\/uploads\\\/2021\\\/10\\\/AAknives_Logo_Green.png\",\"contentUrl\":\"https:\\\/\\\/aaknives.eu\\\/wp-content\\\/uploads\\\/2021\\\/10\\\/AAknives_Logo_Green.png\",\"width\":1768,\"height\":1768,\"caption\":\"AAKnives\"},\"image\":{\"@id\":\"https:\\\/\\\/aaknives.eu\\\/lt\\\/#\\\/schema\\\/logo\\\/image\\\/\"},\"sameAs\":[\"https:\\\/\\\/www.facebook.com\\\/aaknives.eu\\\/\",\"https:\\\/\\\/www.instagram.com\\\/aaknives\\\/\",\"https:\\\/\\\/www.pinterest.com\\\/aa_knives\\\/\",\"https:\\\/\\\/www.youtube.com\\\/channel\\\/UCHOQFjrOkgT6s4FIw9LDKyw\\\/featured\"]}]}<\/script>\n<!-- \/ Yoast SEO plugin. -->","yoast_head_json":{"title":"Peilis ''GRIZZLY'' - Damasko plienas, (700-800 sluoksni\u0173), stabilizuota Karelijos ber\u017eo rankena - AAKnives","description":"Rankomis kaltas damaskinis plienas pasi\u017eymi didesniu tvirtumu, dideliu kietumu, puikiomis pjovimo savyb\u0117mis ir gro\u017eiu.","robots":{"index":"index","follow":"follow","max-snippet":"max-snippet:-1","max-image-preview":"max-image-preview:large","max-video-preview":"max-video-preview:-1"},"canonical":"https:\/\/aaknives.eu\/lt\/product\/peilis-grizzly-damasko-plienas-700-800-sluoksniu-stabilizuota-karelijos-berzo-rankena\/","og_locale":"lt_LT","og_type":"article","og_title":"Peilis ''GRIZZLY'' - Damasko plienas, (700-800 sluoksni\u0173), stabilizuota Karelijos ber\u017eo rankena - AAKnives","og_description":"Rankomis kaltas damaskinis plienas pasi\u017eymi didesniu tvirtumu, dideliu kietumu, puikiomis pjovimo savyb\u0117mis ir gro\u017eiu.","og_url":"https:\/\/aaknives.eu\/lt\/product\/peilis-grizzly-damasko-plienas-700-800-sluoksniu-stabilizuota-karelijos-berzo-rankena\/","og_site_name":"AAKnives","article_publisher":"https:\/\/www.facebook.com\/aaknives.eu\/","article_modified_time":"2025-05-05T11:38:11+00:00","og_image":[{"width":1020,"height":880,"url":"https:\/\/aaknives.eu\/wp-content\/uploads\/2024\/10\/aaknives-hand-forged-dabascus-steel-blade-knife-handmade-custom-made-knife-handcrafted-knives-autinetools-northmen-6-2-31-3.jpg","type":"image\/jpeg"}],"twitter_card":"summary_large_image","twitter_misc":{"Est. reading time":"1 minut\u0117"},"schema":{"@context":"https:\/\/schema.org","@graph":[{"@type":"WebPage","@id":"https:\/\/aaknives.eu\/lt\/product\/peilis-grizzly-damasko-plienas-700-800-sluoksniu-stabilizuota-karelijos-berzo-rankena\/","url":"https:\/\/aaknives.eu\/lt\/product\/peilis-grizzly-damasko-plienas-700-800-sluoksniu-stabilizuota-karelijos-berzo-rankena\/","name":"Peilis ''GRIZZLY'' - Damasko plienas, (700-800 sluoksni\u0173), stabilizuota Karelijos ber\u017eo rankena - AAKnives","isPartOf":{"@id":"https:\/\/aaknives.eu\/lt\/#website"},"primaryImageOfPage":{"@id":"https:\/\/aaknives.eu\/lt\/product\/peilis-grizzly-damasko-plienas-700-800-sluoksniu-stabilizuota-karelijos-berzo-rankena\/#primaryimage"},"image":{"@id":"https:\/\/aaknives.eu\/lt\/product\/peilis-grizzly-damasko-plienas-700-800-sluoksniu-stabilizuota-karelijos-berzo-rankena\/#primaryimage"},"thumbnailUrl":"https:\/\/aaknives.eu\/wp-content\/uploads\/2024\/10\/aaknives-hand-forged-damascus-steel-blade-knife-handmade-custom-made-knife-handcrafted-knives-autinetools-northmen-1-56-1.jpg","datePublished":"2024-10-29T01:56:12+00:00","dateModified":"2025-05-05T11:38:11+00:00","description":"Rankomis kaltas damaskinis plienas pasi\u017eymi didesniu tvirtumu, dideliu kietumu, puikiomis pjovimo savyb\u0117mis ir gro\u017eiu.","breadcrumb":{"@id":"https:\/\/aaknives.eu\/lt\/product\/peilis-grizzly-damasko-plienas-700-800-sluoksniu-stabilizuota-karelijos-berzo-rankena\/#breadcrumb"},"inLanguage":"lt-LT","potentialAction":[{"@type":"ReadAction","target":["https:\/\/aaknives.eu\/lt\/product\/peilis-grizzly-damasko-plienas-700-800-sluoksniu-stabilizuota-karelijos-berzo-rankena\/"]}]},{"@type":"ImageObject","inLanguage":"lt-LT","@id":"https:\/\/aaknives.eu\/lt\/product\/peilis-grizzly-damasko-plienas-700-800-sluoksniu-stabilizuota-karelijos-berzo-rankena\/#primaryimage","url":"https:\/\/aaknives.eu\/wp-content\/uploads\/2024\/10\/aaknives-hand-forged-damascus-steel-blade-knife-handmade-custom-made-knife-handcrafted-knives-autinetools-northmen-1-56-1.jpg","contentUrl":"https:\/\/aaknives.eu\/wp-content\/uploads\/2024\/10\/aaknives-hand-forged-damascus-steel-blade-knife-handmade-custom-made-knife-handcrafted-knives-autinetools-northmen-1-56-1.jpg","width":1020,"height":880},{"@type":"BreadcrumbList","@id":"https:\/\/aaknives.eu\/lt\/product\/peilis-grizzly-damasko-plienas-700-800-sluoksniu-stabilizuota-karelijos-berzo-rankena\/#breadcrumb","itemListElement":[{"@type":"ListItem","position":1,"name":"Home","item":"https:\/\/aaknives.eu\/lt\/"},{"@type":"ListItem","position":2,"name":"Parduotuv\u0117","item":"https:\/\/aaknives.eu\/parduotuve\/"},{"@type":"ListItem","position":3,"name":"Peilis &#8221;GRIZZLY&#8221; &#8211; Damasko plienas, (700-800 sluoksni\u0173), stabilizuota Karelijos ber\u017eo rankena"}]},{"@type":"WebSite","@id":"https:\/\/aaknives.eu\/lt\/#website","url":"https:\/\/aaknives.eu\/lt\/","name":"AAKnives","description":"Handmade knives","publisher":{"@id":"https:\/\/aaknives.eu\/lt\/#organization"},"potentialAction":[{"@type":"SearchAction","target":{"@type":"EntryPoint","urlTemplate":"https:\/\/aaknives.eu\/lt\/?s={search_term_string}"},"query-input":{"@type":"PropertyValueSpecification","valueRequired":true,"valueName":"search_term_string"}}],"inLanguage":"lt-LT"},{"@type":"Organization","@id":"https:\/\/aaknives.eu\/lt\/#organization","name":"AAKnives","url":"https:\/\/aaknives.eu\/lt\/","logo":{"@type":"ImageObject","inLanguage":"lt-LT","@id":"https:\/\/aaknives.eu\/lt\/#\/schema\/logo\/image\/","url":"https:\/\/aaknives.eu\/wp-content\/uploads\/2021\/10\/AAknives_Logo_Green.png","contentUrl":"https:\/\/aaknives.eu\/wp-content\/uploads\/2021\/10\/AAknives_Logo_Green.png","width":1768,"height":1768,"caption":"AAKnives"},"image":{"@id":"https:\/\/aaknives.eu\/lt\/#\/schema\/logo\/image\/"},"sameAs":["https:\/\/www.facebook.com\/aaknives.eu\/","https:\/\/www.instagram.com\/aaknives\/","https:\/\/www.pinterest.com\/aa_knives\/","https:\/\/www.youtube.com\/channel\/UCHOQFjrOkgT6s4FIw9LDKyw\/featured"]}]}},"_links":{"self":[{"href":"https:\/\/aaknives.eu\/lt\/wp-json\/wp\/v2\/product\/89889","targetHints":{"allow":["GET"]}}],"collection":[{"href":"https:\/\/aaknives.eu\/lt\/wp-json\/wp\/v2\/product"}],"about":[{"href":"https:\/\/aaknives.eu\/lt\/wp-json\/wp\/v2\/types\/product"}],"wp:featuredmedia":[{"embeddable":true,"href":"https:\/\/aaknives.eu\/lt\/wp-json\/wp\/v2\/media\/101526"}],"wp:attachment":[{"href":"https:\/\/aaknives.eu\/lt\/wp-json\/wp\/v2\/media?parent=89889"}],"wp:term":[{"taxonomy":"product_brand","embeddable":true,"href":"https:\/\/aaknives.eu\/lt\/wp-json\/wp\/v2\/product_brand?post=89889"},{"taxonomy":"product_cat","embeddable":true,"href":"https:\/\/aaknives.eu\/lt\/wp-json\/wp\/v2\/product_cat?post=89889"},{"taxonomy":"product_tag","embeddable":true,"href":"https:\/\/aaknives.eu\/lt\/wp-json\/wp\/v2\/product_tag?post=89889"}],"curies":[{"name":"wp","href":"https:\/\/api.w.org\/{rel}","templated":true}]}}