{"id":89891,"date":"2024-10-29T01:55:48","date_gmt":"2024-10-29T01:55:48","guid":{"rendered":"https:\/\/aaknives.eu\/?post_type=product&#038;p=89891"},"modified":"2026-02-09T21:04:56","modified_gmt":"2026-02-09T21:04:56","slug":"peilis-predator-svediskas-bohler-uddeholm-n695-nerudijantis-peilio-plienas","status":"publish","type":"product","link":"https:\/\/aaknives.eu\/lt\/product\/peilis-predator-svediskas-bohler-uddeholm-n695-nerudijantis-peilio-plienas\/","title":{"rendered":"Peilis \u201ePREDATOR\u201c, \u0161vedi\u0161kas \u201eBohler-Uddeholm N695\u201c ner\u016bdijantis peilio plienas"},"content":{"rendered":"<p>Peilio specifikacijos: \u201ePREDATOR\u201c<br \/>\nPlienas: \u0161vedi\u0161kas \u201eBohler-Uddeholm N695\u201c ner\u016bdijantis peilio plienas<br \/>\nKietumas: 58\u201359 HRC<br \/>\nGele\u017et\u0117s ilgis (mm): 135 \/ 5,31 colio<br \/>\nGele\u017et\u0117s storis (mm): 3 \/ 0,12 colio<br \/>\nGele\u017et\u0117s plotis (mm): 32 \/ 1,25 colio<br \/>\nRankena: afrikieti\u0161ka veng\u0117s mediena<br \/>\nBendras ilgis (mm): 270 \/ 10,62 colio<br \/>\nPeilio tipas: med\u017eioklei, lauko<br \/>\nPakuot\u0117: peilis, odin\u0117 mak\u0161tis<\/p>\n<p>\u0160vedi\u0161kas \u201eBohler-Uddeholm N695\u201c peilio plienas. \u201eBohler N695\u201c yra chromuotas ner\u016bdijantis plienas i\u0161 \u201eBohler Uddeholm\u201c grup\u0117s. Jis pasi\u017eymi dideliu kietumu, geru atsparumu dilimui ir geru atsparumu korozijai. N695 plieno peilis yra ner\u016bdijantis, ilgai i\u0161lieka a\u0161trus ir nereikalauja ypatingos prie\u017ei\u016bros. Valcuotas naudojant skersin\u0119 technologij\u0105, siekiant u\u017etikrinti maksimal\u0173 plok\u0161\u010di\u0173 ir lak\u0161t\u0173 med\u017eiagos stabilum\u0105 ir vienodum\u0105. Kiti BOHLER N695 panaudojimo b\u016bdai:<\/p>\n<p>Ried\u0117jimo element\u0173 guoliai, vo\u017etuv\u0173 lizdai, auk\u0161tos kokyb\u0117s peili\u0173 a\u0161menys, chirurginiai instrumentai ir med\u017eio dro\u017eybos kaltai.<\/p>\n<p>BOHLER N695 Sud\u0117tis: C \u2013 1,030 \/ MN \u2013 0,44 \/ SI \u2013 0,48 \/ P \u2013 0,018 \/ S \u2013 0,0010 \/ CR \u2013 16,46 \/ MO \u2013 0,43<\/p>\n","protected":false},"excerpt":{"rendered":"<p>Peilio specifikacijos: \u201ePREDATOR\u201c Plienas: \u0161vedi\u0161kas \u201eBohler-Uddeholm N695\u201c ner\u016bdijantis peilio plienas Kietumas: 58\u201359 HRC Gele\u017et\u0117s ilgis (mm): 135 \/ 5,31 colio Gele\u017et\u0117s storis (mm): 3 \/ 0,12 colio Gele\u017et\u0117s plotis (mm): 32 \/ 1,25 colio Rankena: afrikieti\u0161ka veng\u0117s mediena Bendras ilgis (mm): 270 \/ 10,62 colio Peilio tipas: med\u017eioklei, lauko Pakuot\u0117: peilis, odin\u0117 mak\u0161tis \u0160vedi\u0161kas \u201eBohler-Uddeholm N695\u201c peilio plienas. \u201eBohler N695\u201c yra chromuotas ner\u016bdijantis plienas i\u0161 \u201eBohler Uddeholm\u201c grup\u0117s. Jis pasi\u017eymi dideliu kietumu, geru atsparumu dilimui ir geru atsparumu korozijai. N695 plieno peilis yra ner\u016bdijantis, ilgai i\u0161lieka a\u0161trus ir nereikalauja ypatingos prie\u017ei\u016bros. Valcuotas naudojant skersin\u0119 technologij\u0105, siekiant u\u017etikrinti maksimal\u0173 plok\u0161\u010di\u0173 ir&hellip;<\/p>\n","protected":false},"featured_media":107575,"template":"","meta":{"_themeisle_gutenberg_block_has_review":false},"product_brand":[],"product_cat":[381,386,385],"product_tag":[],"class_list":{"0":"post-89891","1":"product","2":"type-product","3":"status-publish","4":"has-post-thumbnail","6":"product_cat-lauko-peiliai","7":"product_cat-medziokliniai-peiliai","8":"product_cat-zvejybos-peiliai","10":"first","11":"instock","12":"shipping-taxable","13":"purchasable","14":"product-type-simple"},"yoast_head":"<!-- This site is optimized with the Yoast SEO plugin v27.3 - https:\/\/yoast.com\/product\/yoast-seo-wordpress\/ -->\n<title>Peilis \u201ePREDATOR\u201c, \u0161vedi\u0161kas \u201eBohler-Uddeholm N695\u201c ner\u016bdijantis peilio plienas - AAKnives<\/title>\n<meta name=\"description\" content=\"Peilis &#039;&#039;POSEIDON&#039;&#039;, \u0161vedi\u0161kas Bohler-Uddeholm N695 ner\u016bdijan\u010dio plieno peilis, med\u017eioklinis peilis, kaltinis peilis, rank\u0173 darbo peilis, \u0161vedi\u0161kas plienas\" \/>\n<meta name=\"robots\" content=\"index, follow, max-snippet:-1, max-image-preview:large, max-video-preview:-1\" \/>\n<link rel=\"canonical\" href=\"https:\/\/aaknives.eu\/lt\/product\/peilis-predator-svediskas-bohler-uddeholm-n695-nerudijantis-peilio-plienas\/\" \/>\n<meta property=\"og:locale\" content=\"lt_LT\" \/>\n<meta property=\"og:type\" content=\"article\" \/>\n<meta property=\"og:title\" content=\"Peilis \u201ePREDATOR\u201c, \u0161vedi\u0161kas \u201eBohler-Uddeholm N695\u201c ner\u016bdijantis peilio plienas - AAKnives\" \/>\n<meta property=\"og:description\" content=\"Peilis &#039;&#039;POSEIDON&#039;&#039;, \u0161vedi\u0161kas Bohler-Uddeholm N695 ner\u016bdijan\u010dio plieno peilis, med\u017eioklinis peilis, kaltinis peilis, rank\u0173 darbo peilis, \u0161vedi\u0161kas plienas\" \/>\n<meta property=\"og:url\" content=\"https:\/\/aaknives.eu\/lt\/product\/peilis-predator-svediskas-bohler-uddeholm-n695-nerudijantis-peilio-plienas\/\" \/>\n<meta property=\"og:site_name\" content=\"AAKnives\" \/>\n<meta property=\"article:publisher\" content=\"https:\/\/www.facebook.com\/aaknives.eu\/\" \/>\n<meta property=\"article:modified_time\" content=\"2026-02-09T21:04:56+00:00\" \/>\n<meta property=\"og:image\" content=\"https:\/\/aaknives.eu\/wp-content\/uploads\/2024\/10\/aaknives-hand-forged-damascus-steel-blade-knife-handmade-custom-made-knife-handcrafted-knives-autinetools-northmen-1-32-1.jpg\" \/>\n\t<meta property=\"og:image:width\" content=\"1020\" \/>\n\t<meta property=\"og:image:height\" content=\"880\" \/>\n\t<meta property=\"og:image:type\" content=\"image\/jpeg\" \/>\n<meta name=\"twitter:card\" content=\"summary_large_image\" \/>\n<meta name=\"twitter:label1\" content=\"Est. reading time\" \/>\n\t<meta name=\"twitter:data1\" content=\"1 minut\u0117\" \/>\n<script type=\"application\/ld+json\" class=\"yoast-schema-graph\">{\"@context\":\"https:\\\/\\\/schema.org\",\"@graph\":[{\"@type\":\"WebPage\",\"@id\":\"https:\\\/\\\/aaknives.eu\\\/lt\\\/product\\\/peilis-predator-svediskas-bohler-uddeholm-n695-nerudijantis-peilio-plienas\\\/\",\"url\":\"https:\\\/\\\/aaknives.eu\\\/lt\\\/product\\\/peilis-predator-svediskas-bohler-uddeholm-n695-nerudijantis-peilio-plienas\\\/\",\"name\":\"Peilis \u201ePREDATOR\u201c, \u0161vedi\u0161kas \u201eBohler-Uddeholm N695\u201c ner\u016bdijantis peilio plienas - AAKnives\",\"isPartOf\":{\"@id\":\"https:\\\/\\\/aaknives.eu\\\/lt\\\/#website\"},\"primaryImageOfPage\":{\"@id\":\"https:\\\/\\\/aaknives.eu\\\/lt\\\/product\\\/peilis-predator-svediskas-bohler-uddeholm-n695-nerudijantis-peilio-plienas\\\/#primaryimage\"},\"image\":{\"@id\":\"https:\\\/\\\/aaknives.eu\\\/lt\\\/product\\\/peilis-predator-svediskas-bohler-uddeholm-n695-nerudijantis-peilio-plienas\\\/#primaryimage\"},\"thumbnailUrl\":\"https:\\\/\\\/aaknives.eu\\\/wp-content\\\/uploads\\\/2024\\\/10\\\/aaknives-hand-forged-damascus-steel-blade-knife-handmade-custom-made-knife-handcrafted-knives-autinetools-northmen-1-32-1.jpg\",\"datePublished\":\"2024-10-29T01:55:48+00:00\",\"dateModified\":\"2026-02-09T21:04:56+00:00\",\"description\":\"Peilis ''POSEIDON'', \u0161vedi\u0161kas Bohler-Uddeholm N695 ner\u016bdijan\u010dio plieno peilis, med\u017eioklinis peilis, kaltinis peilis, rank\u0173 darbo peilis, \u0161vedi\u0161kas plienas\",\"breadcrumb\":{\"@id\":\"https:\\\/\\\/aaknives.eu\\\/lt\\\/product\\\/peilis-predator-svediskas-bohler-uddeholm-n695-nerudijantis-peilio-plienas\\\/#breadcrumb\"},\"inLanguage\":\"lt-LT\",\"potentialAction\":[{\"@type\":\"ReadAction\",\"target\":[\"https:\\\/\\\/aaknives.eu\\\/lt\\\/product\\\/peilis-predator-svediskas-bohler-uddeholm-n695-nerudijantis-peilio-plienas\\\/\"]}]},{\"@type\":\"ImageObject\",\"inLanguage\":\"lt-LT\",\"@id\":\"https:\\\/\\\/aaknives.eu\\\/lt\\\/product\\\/peilis-predator-svediskas-bohler-uddeholm-n695-nerudijantis-peilio-plienas\\\/#primaryimage\",\"url\":\"https:\\\/\\\/aaknives.eu\\\/wp-content\\\/uploads\\\/2024\\\/10\\\/aaknives-hand-forged-damascus-steel-blade-knife-handmade-custom-made-knife-handcrafted-knives-autinetools-northmen-1-32-1.jpg\",\"contentUrl\":\"https:\\\/\\\/aaknives.eu\\\/wp-content\\\/uploads\\\/2024\\\/10\\\/aaknives-hand-forged-damascus-steel-blade-knife-handmade-custom-made-knife-handcrafted-knives-autinetools-northmen-1-32-1.jpg\",\"width\":1020,\"height\":880},{\"@type\":\"BreadcrumbList\",\"@id\":\"https:\\\/\\\/aaknives.eu\\\/lt\\\/product\\\/peilis-predator-svediskas-bohler-uddeholm-n695-nerudijantis-peilio-plienas\\\/#breadcrumb\",\"itemListElement\":[{\"@type\":\"ListItem\",\"position\":1,\"name\":\"Home\",\"item\":\"https:\\\/\\\/aaknives.eu\\\/lt\\\/\"},{\"@type\":\"ListItem\",\"position\":2,\"name\":\"Parduotuv\u0117\",\"item\":\"https:\\\/\\\/aaknives.eu\\\/parduotuve\\\/\"},{\"@type\":\"ListItem\",\"position\":3,\"name\":\"Peilis \u201ePREDATOR\u201c, \u0161vedi\u0161kas \u201eBohler-Uddeholm N695\u201c ner\u016bdijantis peilio plienas\"}]},{\"@type\":\"WebSite\",\"@id\":\"https:\\\/\\\/aaknives.eu\\\/lt\\\/#website\",\"url\":\"https:\\\/\\\/aaknives.eu\\\/lt\\\/\",\"name\":\"AAKnives\",\"description\":\"Handmade knives\",\"publisher\":{\"@id\":\"https:\\\/\\\/aaknives.eu\\\/lt\\\/#organization\"},\"potentialAction\":[{\"@type\":\"SearchAction\",\"target\":{\"@type\":\"EntryPoint\",\"urlTemplate\":\"https:\\\/\\\/aaknives.eu\\\/lt\\\/?s={search_term_string}\"},\"query-input\":{\"@type\":\"PropertyValueSpecification\",\"valueRequired\":true,\"valueName\":\"search_term_string\"}}],\"inLanguage\":\"lt-LT\"},{\"@type\":\"Organization\",\"@id\":\"https:\\\/\\\/aaknives.eu\\\/lt\\\/#organization\",\"name\":\"AAKnives\",\"url\":\"https:\\\/\\\/aaknives.eu\\\/lt\\\/\",\"logo\":{\"@type\":\"ImageObject\",\"inLanguage\":\"lt-LT\",\"@id\":\"https:\\\/\\\/aaknives.eu\\\/lt\\\/#\\\/schema\\\/logo\\\/image\\\/\",\"url\":\"https:\\\/\\\/aaknives.eu\\\/wp-content\\\/uploads\\\/2021\\\/10\\\/AAknives_Logo_Green.png\",\"contentUrl\":\"https:\\\/\\\/aaknives.eu\\\/wp-content\\\/uploads\\\/2021\\\/10\\\/AAknives_Logo_Green.png\",\"width\":1768,\"height\":1768,\"caption\":\"AAKnives\"},\"image\":{\"@id\":\"https:\\\/\\\/aaknives.eu\\\/lt\\\/#\\\/schema\\\/logo\\\/image\\\/\"},\"sameAs\":[\"https:\\\/\\\/www.facebook.com\\\/aaknives.eu\\\/\",\"https:\\\/\\\/www.instagram.com\\\/aaknives\\\/\",\"https:\\\/\\\/www.pinterest.com\\\/aa_knives\\\/\",\"https:\\\/\\\/www.youtube.com\\\/channel\\\/UCHOQFjrOkgT6s4FIw9LDKyw\\\/featured\"]}]}<\/script>\n<!-- \/ Yoast SEO plugin. -->","yoast_head_json":{"title":"Peilis \u201ePREDATOR\u201c, \u0161vedi\u0161kas \u201eBohler-Uddeholm N695\u201c ner\u016bdijantis peilio plienas - AAKnives","description":"Peilis ''POSEIDON'', \u0161vedi\u0161kas Bohler-Uddeholm N695 ner\u016bdijan\u010dio plieno peilis, med\u017eioklinis peilis, kaltinis peilis, rank\u0173 darbo peilis, \u0161vedi\u0161kas plienas","robots":{"index":"index","follow":"follow","max-snippet":"max-snippet:-1","max-image-preview":"max-image-preview:large","max-video-preview":"max-video-preview:-1"},"canonical":"https:\/\/aaknives.eu\/lt\/product\/peilis-predator-svediskas-bohler-uddeholm-n695-nerudijantis-peilio-plienas\/","og_locale":"lt_LT","og_type":"article","og_title":"Peilis \u201ePREDATOR\u201c, \u0161vedi\u0161kas \u201eBohler-Uddeholm N695\u201c ner\u016bdijantis peilio plienas - AAKnives","og_description":"Peilis ''POSEIDON'', \u0161vedi\u0161kas Bohler-Uddeholm N695 ner\u016bdijan\u010dio plieno peilis, med\u017eioklinis peilis, kaltinis peilis, rank\u0173 darbo peilis, \u0161vedi\u0161kas plienas","og_url":"https:\/\/aaknives.eu\/lt\/product\/peilis-predator-svediskas-bohler-uddeholm-n695-nerudijantis-peilio-plienas\/","og_site_name":"AAKnives","article_publisher":"https:\/\/www.facebook.com\/aaknives.eu\/","article_modified_time":"2026-02-09T21:04:56+00:00","og_image":[{"width":1020,"height":880,"url":"https:\/\/aaknives.eu\/wp-content\/uploads\/2024\/10\/aaknives-hand-forged-damascus-steel-blade-knife-handmade-custom-made-knife-handcrafted-knives-autinetools-northmen-1-32-1.jpg","type":"image\/jpeg"}],"twitter_card":"summary_large_image","twitter_misc":{"Est. reading time":"1 minut\u0117"},"schema":{"@context":"https:\/\/schema.org","@graph":[{"@type":"WebPage","@id":"https:\/\/aaknives.eu\/lt\/product\/peilis-predator-svediskas-bohler-uddeholm-n695-nerudijantis-peilio-plienas\/","url":"https:\/\/aaknives.eu\/lt\/product\/peilis-predator-svediskas-bohler-uddeholm-n695-nerudijantis-peilio-plienas\/","name":"Peilis \u201ePREDATOR\u201c, \u0161vedi\u0161kas \u201eBohler-Uddeholm N695\u201c ner\u016bdijantis peilio plienas - AAKnives","isPartOf":{"@id":"https:\/\/aaknives.eu\/lt\/#website"},"primaryImageOfPage":{"@id":"https:\/\/aaknives.eu\/lt\/product\/peilis-predator-svediskas-bohler-uddeholm-n695-nerudijantis-peilio-plienas\/#primaryimage"},"image":{"@id":"https:\/\/aaknives.eu\/lt\/product\/peilis-predator-svediskas-bohler-uddeholm-n695-nerudijantis-peilio-plienas\/#primaryimage"},"thumbnailUrl":"https:\/\/aaknives.eu\/wp-content\/uploads\/2024\/10\/aaknives-hand-forged-damascus-steel-blade-knife-handmade-custom-made-knife-handcrafted-knives-autinetools-northmen-1-32-1.jpg","datePublished":"2024-10-29T01:55:48+00:00","dateModified":"2026-02-09T21:04:56+00:00","description":"Peilis ''POSEIDON'', \u0161vedi\u0161kas Bohler-Uddeholm N695 ner\u016bdijan\u010dio plieno peilis, med\u017eioklinis peilis, kaltinis peilis, rank\u0173 darbo peilis, \u0161vedi\u0161kas plienas","breadcrumb":{"@id":"https:\/\/aaknives.eu\/lt\/product\/peilis-predator-svediskas-bohler-uddeholm-n695-nerudijantis-peilio-plienas\/#breadcrumb"},"inLanguage":"lt-LT","potentialAction":[{"@type":"ReadAction","target":["https:\/\/aaknives.eu\/lt\/product\/peilis-predator-svediskas-bohler-uddeholm-n695-nerudijantis-peilio-plienas\/"]}]},{"@type":"ImageObject","inLanguage":"lt-LT","@id":"https:\/\/aaknives.eu\/lt\/product\/peilis-predator-svediskas-bohler-uddeholm-n695-nerudijantis-peilio-plienas\/#primaryimage","url":"https:\/\/aaknives.eu\/wp-content\/uploads\/2024\/10\/aaknives-hand-forged-damascus-steel-blade-knife-handmade-custom-made-knife-handcrafted-knives-autinetools-northmen-1-32-1.jpg","contentUrl":"https:\/\/aaknives.eu\/wp-content\/uploads\/2024\/10\/aaknives-hand-forged-damascus-steel-blade-knife-handmade-custom-made-knife-handcrafted-knives-autinetools-northmen-1-32-1.jpg","width":1020,"height":880},{"@type":"BreadcrumbList","@id":"https:\/\/aaknives.eu\/lt\/product\/peilis-predator-svediskas-bohler-uddeholm-n695-nerudijantis-peilio-plienas\/#breadcrumb","itemListElement":[{"@type":"ListItem","position":1,"name":"Home","item":"https:\/\/aaknives.eu\/lt\/"},{"@type":"ListItem","position":2,"name":"Parduotuv\u0117","item":"https:\/\/aaknives.eu\/parduotuve\/"},{"@type":"ListItem","position":3,"name":"Peilis \u201ePREDATOR\u201c, \u0161vedi\u0161kas \u201eBohler-Uddeholm N695\u201c ner\u016bdijantis peilio plienas"}]},{"@type":"WebSite","@id":"https:\/\/aaknives.eu\/lt\/#website","url":"https:\/\/aaknives.eu\/lt\/","name":"AAKnives","description":"Handmade knives","publisher":{"@id":"https:\/\/aaknives.eu\/lt\/#organization"},"potentialAction":[{"@type":"SearchAction","target":{"@type":"EntryPoint","urlTemplate":"https:\/\/aaknives.eu\/lt\/?s={search_term_string}"},"query-input":{"@type":"PropertyValueSpecification","valueRequired":true,"valueName":"search_term_string"}}],"inLanguage":"lt-LT"},{"@type":"Organization","@id":"https:\/\/aaknives.eu\/lt\/#organization","name":"AAKnives","url":"https:\/\/aaknives.eu\/lt\/","logo":{"@type":"ImageObject","inLanguage":"lt-LT","@id":"https:\/\/aaknives.eu\/lt\/#\/schema\/logo\/image\/","url":"https:\/\/aaknives.eu\/wp-content\/uploads\/2021\/10\/AAknives_Logo_Green.png","contentUrl":"https:\/\/aaknives.eu\/wp-content\/uploads\/2021\/10\/AAknives_Logo_Green.png","width":1768,"height":1768,"caption":"AAKnives"},"image":{"@id":"https:\/\/aaknives.eu\/lt\/#\/schema\/logo\/image\/"},"sameAs":["https:\/\/www.facebook.com\/aaknives.eu\/","https:\/\/www.instagram.com\/aaknives\/","https:\/\/www.pinterest.com\/aa_knives\/","https:\/\/www.youtube.com\/channel\/UCHOQFjrOkgT6s4FIw9LDKyw\/featured"]}]}},"_links":{"self":[{"href":"https:\/\/aaknives.eu\/lt\/wp-json\/wp\/v2\/product\/89891","targetHints":{"allow":["GET"]}}],"collection":[{"href":"https:\/\/aaknives.eu\/lt\/wp-json\/wp\/v2\/product"}],"about":[{"href":"https:\/\/aaknives.eu\/lt\/wp-json\/wp\/v2\/types\/product"}],"wp:featuredmedia":[{"embeddable":true,"href":"https:\/\/aaknives.eu\/lt\/wp-json\/wp\/v2\/media\/107575"}],"wp:attachment":[{"href":"https:\/\/aaknives.eu\/lt\/wp-json\/wp\/v2\/media?parent=89891"}],"wp:term":[{"taxonomy":"product_brand","embeddable":true,"href":"https:\/\/aaknives.eu\/lt\/wp-json\/wp\/v2\/product_brand?post=89891"},{"taxonomy":"product_cat","embeddable":true,"href":"https:\/\/aaknives.eu\/lt\/wp-json\/wp\/v2\/product_cat?post=89891"},{"taxonomy":"product_tag","embeddable":true,"href":"https:\/\/aaknives.eu\/lt\/wp-json\/wp\/v2\/product_tag?post=89891"}],"curies":[{"name":"wp","href":"https:\/\/api.w.org\/{rel}","templated":true}]}}