{"id":89911,"date":"2024-10-29T01:54:57","date_gmt":"2024-10-29T01:54:57","guid":{"rendered":"https:\/\/aaknives.eu\/?post_type=product&#038;p=89911"},"modified":"2025-07-02T18:48:11","modified_gmt":"2025-07-02T18:48:11","slug":"peilis-scandinavian-rankomis-kaltas-d2-plieno-peilis-4","status":"publish","type":"product","link":"https:\/\/aaknives.eu\/lt\/product\/peilis-scandinavian-rankomis-kaltas-d2-plieno-peilis-4\/","title":{"rendered":"Peilis SCANDINAVIAN &#8211; rankomis kaltas D2 plieno peilis"},"content":{"rendered":"<p>Peilio specifikacijos: SCANDINAVIAN<br \/>\nPlienas: rankomis kaltas D2 plienas<br \/>\nKietumas: 61 HRC<br \/>\nGele\u017et\u0117s ilgis (mm): 135 \/ 5,31 colio<br \/>\nGele\u017et\u0117s storis (mm): 4 \/ 0,15 colio<br \/>\nGele\u017et\u0117s plotis (mm): 28 \/ 1,10 colio<br \/>\nRankena: afrikieti\u0161ka mediena, venge + ber\u017eo mediena<br \/>\nBendras ilgis (mm): 260 \/ 10,23 colio<br \/>\nD2 plienas yra vienas geriausi\u0173 ir garsiausi\u0173 gele\u017e\u010di\u0173 plien\u0173 pasaulyje.<\/p>\n<p>Gerai \u017einomos JAV ir Japonijos \u012fmon\u0117s gamina peilius i\u0161 D2 plieno.<\/p>\n<p>I\u0161 \u0161io plieno pagaminti peiliai puikiai i\u0161laiko pjaunan\u010di\u0105j\u0105 briaun\u0105 ir pasi\u017eymi dideliu atsparumu korozijai.<\/p>\n<p>Po terminio apdorojimo D2 plieno gele\u017et\u0117s kietumas yra 60-62 HRC.<\/p>\n<p>D2 peili\u0173 gele\u017et\u0117s prakti\u0161kai ner\u016bdija, ta\u010diau kadangi plieno yra \u0161iek tiek ma\u017eiau nei ner\u016bdijan\u010dio plieno (i\u0161 13 % chromo), rekomenduojama gele\u017etes nuvalyti ir nepalikti j\u0173 ilgai dr\u0117gnoje vietoje.<\/p>\n","protected":false},"excerpt":{"rendered":"<p>Peilio specifikacijos: SCANDINAVIAN Plienas: rankomis kaltas D2 plienas Kietumas: 61 HRC Gele\u017et\u0117s ilgis (mm): 135 \/ 5,31 colio Gele\u017et\u0117s storis (mm): 4 \/ 0,15 colio Gele\u017et\u0117s plotis (mm): 28 \/ 1,10 colio Rankena: afrikieti\u0161ka mediena, venge + ber\u017eo mediena Bendras ilgis (mm): 260 \/ 10,23 colio D2 plienas yra vienas geriausi\u0173 ir garsiausi\u0173 gele\u017e\u010di\u0173 plien\u0173 pasaulyje. Gerai \u017einomos JAV ir Japonijos \u012fmon\u0117s gamina peilius i\u0161 D2 plieno. I\u0161 \u0161io plieno pagaminti peiliai puikiai i\u0161laiko pjaunan\u010di\u0105j\u0105 briaun\u0105 ir pasi\u017eymi dideliu atsparumu korozijai. Po terminio apdorojimo D2 plieno gele\u017et\u0117s kietumas yra 60-62 HRC. D2 peili\u0173 gele\u017et\u0117s prakti\u0161kai ner\u016bdija, ta\u010diau kadangi plieno yra&hellip;<\/p>\n","protected":false},"featured_media":100140,"template":"","meta":{"_themeisle_gutenberg_block_has_review":false},"product_brand":[],"product_cat":[381,386,385],"product_tag":[],"class_list":{"0":"post-89911","1":"product","2":"type-product","3":"status-publish","4":"has-post-thumbnail","6":"product_cat-lauko-peiliai","7":"product_cat-medziokliniai-peiliai","8":"product_cat-zvejybos-peiliai","10":"first","11":"instock","12":"shipping-taxable","13":"purchasable","14":"product-type-simple"},"yoast_head":"<!-- This site is optimized with the Yoast SEO plugin v27.3 - https:\/\/yoast.com\/product\/yoast-seo-wordpress\/ -->\n<title>Peilis SCANDINAVIAN - rankomis kaltas D2 plieno peilis - AAKnives<\/title>\n<meta name=\"description\" content=\"D2 plienas yra vienas geriausi\u0173 ir garsiausi\u0173 a\u0161men\u0173 plien\u0173 pasaulyje. Gerai \u017einomos JAV ir Japonijos \u012fmon\u0117s gamina peilius i\u0161 D2 plieno.\" \/>\n<meta name=\"robots\" content=\"index, follow, max-snippet:-1, max-image-preview:large, max-video-preview:-1\" \/>\n<link rel=\"canonical\" href=\"https:\/\/aaknives.eu\/lt\/product\/peilis-scandinavian-rankomis-kaltas-d2-plieno-peilis-4\/\" \/>\n<meta property=\"og:locale\" content=\"lt_LT\" \/>\n<meta property=\"og:type\" content=\"article\" \/>\n<meta property=\"og:title\" content=\"Peilis SCANDINAVIAN - rankomis kaltas D2 plieno peilis - AAKnives\" \/>\n<meta property=\"og:description\" content=\"D2 plienas yra vienas geriausi\u0173 ir garsiausi\u0173 a\u0161men\u0173 plien\u0173 pasaulyje. Gerai \u017einomos JAV ir Japonijos \u012fmon\u0117s gamina peilius i\u0161 D2 plieno.\" \/>\n<meta property=\"og:url\" content=\"https:\/\/aaknives.eu\/lt\/product\/peilis-scandinavian-rankomis-kaltas-d2-plieno-peilis-4\/\" \/>\n<meta property=\"og:site_name\" content=\"AAKnives\" \/>\n<meta property=\"article:publisher\" content=\"https:\/\/www.facebook.com\/aaknives.eu\/\" \/>\n<meta property=\"article:modified_time\" content=\"2025-07-02T18:48:11+00:00\" \/>\n<meta property=\"og:image\" content=\"https:\/\/aaknives.eu\/wp-content\/uploads\/2024\/10\/aaknives-hand-forged-damascus-steel-blade-knife-handmade-custom-made-knife-handcrafted-knives-autinetools-northmen-27.2.jpg\" \/>\n\t<meta property=\"og:image:width\" content=\"1020\" \/>\n\t<meta property=\"og:image:height\" content=\"880\" \/>\n\t<meta property=\"og:image:type\" content=\"image\/jpeg\" \/>\n<meta name=\"twitter:card\" content=\"summary_large_image\" \/>\n<meta name=\"twitter:label1\" content=\"Est. reading time\" \/>\n\t<meta name=\"twitter:data1\" content=\"1 minut\u0117\" \/>\n<script type=\"application\/ld+json\" class=\"yoast-schema-graph\">{\"@context\":\"https:\\\/\\\/schema.org\",\"@graph\":[{\"@type\":\"WebPage\",\"@id\":\"https:\\\/\\\/aaknives.eu\\\/lt\\\/product\\\/peilis-scandinavian-rankomis-kaltas-d2-plieno-peilis-4\\\/\",\"url\":\"https:\\\/\\\/aaknives.eu\\\/lt\\\/product\\\/peilis-scandinavian-rankomis-kaltas-d2-plieno-peilis-4\\\/\",\"name\":\"Peilis SCANDINAVIAN - rankomis kaltas D2 plieno peilis - AAKnives\",\"isPartOf\":{\"@id\":\"https:\\\/\\\/aaknives.eu\\\/lt\\\/#website\"},\"primaryImageOfPage\":{\"@id\":\"https:\\\/\\\/aaknives.eu\\\/lt\\\/product\\\/peilis-scandinavian-rankomis-kaltas-d2-plieno-peilis-4\\\/#primaryimage\"},\"image\":{\"@id\":\"https:\\\/\\\/aaknives.eu\\\/lt\\\/product\\\/peilis-scandinavian-rankomis-kaltas-d2-plieno-peilis-4\\\/#primaryimage\"},\"thumbnailUrl\":\"https:\\\/\\\/aaknives.eu\\\/wp-content\\\/uploads\\\/2024\\\/10\\\/aaknives-hand-forged-damascus-steel-blade-knife-handmade-custom-made-knife-handcrafted-knives-autinetools-northmen-27.2.jpg\",\"datePublished\":\"2024-10-29T01:54:57+00:00\",\"dateModified\":\"2025-07-02T18:48:11+00:00\",\"description\":\"D2 plienas yra vienas geriausi\u0173 ir garsiausi\u0173 a\u0161men\u0173 plien\u0173 pasaulyje. Gerai \u017einomos JAV ir Japonijos \u012fmon\u0117s gamina peilius i\u0161 D2 plieno.\",\"breadcrumb\":{\"@id\":\"https:\\\/\\\/aaknives.eu\\\/lt\\\/product\\\/peilis-scandinavian-rankomis-kaltas-d2-plieno-peilis-4\\\/#breadcrumb\"},\"inLanguage\":\"lt-LT\",\"potentialAction\":[{\"@type\":\"ReadAction\",\"target\":[\"https:\\\/\\\/aaknives.eu\\\/lt\\\/product\\\/peilis-scandinavian-rankomis-kaltas-d2-plieno-peilis-4\\\/\"]}]},{\"@type\":\"ImageObject\",\"inLanguage\":\"lt-LT\",\"@id\":\"https:\\\/\\\/aaknives.eu\\\/lt\\\/product\\\/peilis-scandinavian-rankomis-kaltas-d2-plieno-peilis-4\\\/#primaryimage\",\"url\":\"https:\\\/\\\/aaknives.eu\\\/wp-content\\\/uploads\\\/2024\\\/10\\\/aaknives-hand-forged-damascus-steel-blade-knife-handmade-custom-made-knife-handcrafted-knives-autinetools-northmen-27.2.jpg\",\"contentUrl\":\"https:\\\/\\\/aaknives.eu\\\/wp-content\\\/uploads\\\/2024\\\/10\\\/aaknives-hand-forged-damascus-steel-blade-knife-handmade-custom-made-knife-handcrafted-knives-autinetools-northmen-27.2.jpg\",\"width\":1020,\"height\":880},{\"@type\":\"BreadcrumbList\",\"@id\":\"https:\\\/\\\/aaknives.eu\\\/lt\\\/product\\\/peilis-scandinavian-rankomis-kaltas-d2-plieno-peilis-4\\\/#breadcrumb\",\"itemListElement\":[{\"@type\":\"ListItem\",\"position\":1,\"name\":\"Home\",\"item\":\"https:\\\/\\\/aaknives.eu\\\/lt\\\/\"},{\"@type\":\"ListItem\",\"position\":2,\"name\":\"Parduotuv\u0117\",\"item\":\"https:\\\/\\\/aaknives.eu\\\/parduotuve\\\/\"},{\"@type\":\"ListItem\",\"position\":3,\"name\":\"Private: Peilis SCANDINAVIAN &#8211; rankomis kaltas D2 plieno peilis\"}]},{\"@type\":\"WebSite\",\"@id\":\"https:\\\/\\\/aaknives.eu\\\/lt\\\/#website\",\"url\":\"https:\\\/\\\/aaknives.eu\\\/lt\\\/\",\"name\":\"AAKnives\",\"description\":\"Handmade knives\",\"publisher\":{\"@id\":\"https:\\\/\\\/aaknives.eu\\\/lt\\\/#organization\"},\"potentialAction\":[{\"@type\":\"SearchAction\",\"target\":{\"@type\":\"EntryPoint\",\"urlTemplate\":\"https:\\\/\\\/aaknives.eu\\\/lt\\\/?s={search_term_string}\"},\"query-input\":{\"@type\":\"PropertyValueSpecification\",\"valueRequired\":true,\"valueName\":\"search_term_string\"}}],\"inLanguage\":\"lt-LT\"},{\"@type\":\"Organization\",\"@id\":\"https:\\\/\\\/aaknives.eu\\\/lt\\\/#organization\",\"name\":\"AAKnives\",\"url\":\"https:\\\/\\\/aaknives.eu\\\/lt\\\/\",\"logo\":{\"@type\":\"ImageObject\",\"inLanguage\":\"lt-LT\",\"@id\":\"https:\\\/\\\/aaknives.eu\\\/lt\\\/#\\\/schema\\\/logo\\\/image\\\/\",\"url\":\"https:\\\/\\\/aaknives.eu\\\/wp-content\\\/uploads\\\/2021\\\/10\\\/AAknives_Logo_Green.png\",\"contentUrl\":\"https:\\\/\\\/aaknives.eu\\\/wp-content\\\/uploads\\\/2021\\\/10\\\/AAknives_Logo_Green.png\",\"width\":1768,\"height\":1768,\"caption\":\"AAKnives\"},\"image\":{\"@id\":\"https:\\\/\\\/aaknives.eu\\\/lt\\\/#\\\/schema\\\/logo\\\/image\\\/\"},\"sameAs\":[\"https:\\\/\\\/www.facebook.com\\\/aaknives.eu\\\/\",\"https:\\\/\\\/www.instagram.com\\\/aaknives\\\/\",\"https:\\\/\\\/www.pinterest.com\\\/aa_knives\\\/\",\"https:\\\/\\\/www.youtube.com\\\/channel\\\/UCHOQFjrOkgT6s4FIw9LDKyw\\\/featured\"]}]}<\/script>\n<!-- \/ Yoast SEO plugin. -->","yoast_head_json":{"title":"Peilis SCANDINAVIAN - rankomis kaltas D2 plieno peilis - AAKnives","description":"D2 plienas yra vienas geriausi\u0173 ir garsiausi\u0173 a\u0161men\u0173 plien\u0173 pasaulyje. Gerai \u017einomos JAV ir Japonijos \u012fmon\u0117s gamina peilius i\u0161 D2 plieno.","robots":{"index":"index","follow":"follow","max-snippet":"max-snippet:-1","max-image-preview":"max-image-preview:large","max-video-preview":"max-video-preview:-1"},"canonical":"https:\/\/aaknives.eu\/lt\/product\/peilis-scandinavian-rankomis-kaltas-d2-plieno-peilis-4\/","og_locale":"lt_LT","og_type":"article","og_title":"Peilis SCANDINAVIAN - rankomis kaltas D2 plieno peilis - AAKnives","og_description":"D2 plienas yra vienas geriausi\u0173 ir garsiausi\u0173 a\u0161men\u0173 plien\u0173 pasaulyje. Gerai \u017einomos JAV ir Japonijos \u012fmon\u0117s gamina peilius i\u0161 D2 plieno.","og_url":"https:\/\/aaknives.eu\/lt\/product\/peilis-scandinavian-rankomis-kaltas-d2-plieno-peilis-4\/","og_site_name":"AAKnives","article_publisher":"https:\/\/www.facebook.com\/aaknives.eu\/","article_modified_time":"2025-07-02T18:48:11+00:00","og_image":[{"width":1020,"height":880,"url":"https:\/\/aaknives.eu\/wp-content\/uploads\/2024\/10\/aaknives-hand-forged-damascus-steel-blade-knife-handmade-custom-made-knife-handcrafted-knives-autinetools-northmen-27.2.jpg","type":"image\/jpeg"}],"twitter_card":"summary_large_image","twitter_misc":{"Est. reading time":"1 minut\u0117"},"schema":{"@context":"https:\/\/schema.org","@graph":[{"@type":"WebPage","@id":"https:\/\/aaknives.eu\/lt\/product\/peilis-scandinavian-rankomis-kaltas-d2-plieno-peilis-4\/","url":"https:\/\/aaknives.eu\/lt\/product\/peilis-scandinavian-rankomis-kaltas-d2-plieno-peilis-4\/","name":"Peilis SCANDINAVIAN - rankomis kaltas D2 plieno peilis - AAKnives","isPartOf":{"@id":"https:\/\/aaknives.eu\/lt\/#website"},"primaryImageOfPage":{"@id":"https:\/\/aaknives.eu\/lt\/product\/peilis-scandinavian-rankomis-kaltas-d2-plieno-peilis-4\/#primaryimage"},"image":{"@id":"https:\/\/aaknives.eu\/lt\/product\/peilis-scandinavian-rankomis-kaltas-d2-plieno-peilis-4\/#primaryimage"},"thumbnailUrl":"https:\/\/aaknives.eu\/wp-content\/uploads\/2024\/10\/aaknives-hand-forged-damascus-steel-blade-knife-handmade-custom-made-knife-handcrafted-knives-autinetools-northmen-27.2.jpg","datePublished":"2024-10-29T01:54:57+00:00","dateModified":"2025-07-02T18:48:11+00:00","description":"D2 plienas yra vienas geriausi\u0173 ir garsiausi\u0173 a\u0161men\u0173 plien\u0173 pasaulyje. Gerai \u017einomos JAV ir Japonijos \u012fmon\u0117s gamina peilius i\u0161 D2 plieno.","breadcrumb":{"@id":"https:\/\/aaknives.eu\/lt\/product\/peilis-scandinavian-rankomis-kaltas-d2-plieno-peilis-4\/#breadcrumb"},"inLanguage":"lt-LT","potentialAction":[{"@type":"ReadAction","target":["https:\/\/aaknives.eu\/lt\/product\/peilis-scandinavian-rankomis-kaltas-d2-plieno-peilis-4\/"]}]},{"@type":"ImageObject","inLanguage":"lt-LT","@id":"https:\/\/aaknives.eu\/lt\/product\/peilis-scandinavian-rankomis-kaltas-d2-plieno-peilis-4\/#primaryimage","url":"https:\/\/aaknives.eu\/wp-content\/uploads\/2024\/10\/aaknives-hand-forged-damascus-steel-blade-knife-handmade-custom-made-knife-handcrafted-knives-autinetools-northmen-27.2.jpg","contentUrl":"https:\/\/aaknives.eu\/wp-content\/uploads\/2024\/10\/aaknives-hand-forged-damascus-steel-blade-knife-handmade-custom-made-knife-handcrafted-knives-autinetools-northmen-27.2.jpg","width":1020,"height":880},{"@type":"BreadcrumbList","@id":"https:\/\/aaknives.eu\/lt\/product\/peilis-scandinavian-rankomis-kaltas-d2-plieno-peilis-4\/#breadcrumb","itemListElement":[{"@type":"ListItem","position":1,"name":"Home","item":"https:\/\/aaknives.eu\/lt\/"},{"@type":"ListItem","position":2,"name":"Parduotuv\u0117","item":"https:\/\/aaknives.eu\/parduotuve\/"},{"@type":"ListItem","position":3,"name":"Private: Peilis SCANDINAVIAN &#8211; rankomis kaltas D2 plieno peilis"}]},{"@type":"WebSite","@id":"https:\/\/aaknives.eu\/lt\/#website","url":"https:\/\/aaknives.eu\/lt\/","name":"AAKnives","description":"Handmade knives","publisher":{"@id":"https:\/\/aaknives.eu\/lt\/#organization"},"potentialAction":[{"@type":"SearchAction","target":{"@type":"EntryPoint","urlTemplate":"https:\/\/aaknives.eu\/lt\/?s={search_term_string}"},"query-input":{"@type":"PropertyValueSpecification","valueRequired":true,"valueName":"search_term_string"}}],"inLanguage":"lt-LT"},{"@type":"Organization","@id":"https:\/\/aaknives.eu\/lt\/#organization","name":"AAKnives","url":"https:\/\/aaknives.eu\/lt\/","logo":{"@type":"ImageObject","inLanguage":"lt-LT","@id":"https:\/\/aaknives.eu\/lt\/#\/schema\/logo\/image\/","url":"https:\/\/aaknives.eu\/wp-content\/uploads\/2021\/10\/AAknives_Logo_Green.png","contentUrl":"https:\/\/aaknives.eu\/wp-content\/uploads\/2021\/10\/AAknives_Logo_Green.png","width":1768,"height":1768,"caption":"AAKnives"},"image":{"@id":"https:\/\/aaknives.eu\/lt\/#\/schema\/logo\/image\/"},"sameAs":["https:\/\/www.facebook.com\/aaknives.eu\/","https:\/\/www.instagram.com\/aaknives\/","https:\/\/www.pinterest.com\/aa_knives\/","https:\/\/www.youtube.com\/channel\/UCHOQFjrOkgT6s4FIw9LDKyw\/featured"]}]}},"_links":{"self":[{"href":"https:\/\/aaknives.eu\/lt\/wp-json\/wp\/v2\/product\/89911","targetHints":{"allow":["GET"]}}],"collection":[{"href":"https:\/\/aaknives.eu\/lt\/wp-json\/wp\/v2\/product"}],"about":[{"href":"https:\/\/aaknives.eu\/lt\/wp-json\/wp\/v2\/types\/product"}],"wp:featuredmedia":[{"embeddable":true,"href":"https:\/\/aaknives.eu\/lt\/wp-json\/wp\/v2\/media\/100140"}],"wp:attachment":[{"href":"https:\/\/aaknives.eu\/lt\/wp-json\/wp\/v2\/media?parent=89911"}],"wp:term":[{"taxonomy":"product_brand","embeddable":true,"href":"https:\/\/aaknives.eu\/lt\/wp-json\/wp\/v2\/product_brand?post=89911"},{"taxonomy":"product_cat","embeddable":true,"href":"https:\/\/aaknives.eu\/lt\/wp-json\/wp\/v2\/product_cat?post=89911"},{"taxonomy":"product_tag","embeddable":true,"href":"https:\/\/aaknives.eu\/lt\/wp-json\/wp\/v2\/product_tag?post=89911"}],"curies":[{"name":"wp","href":"https:\/\/api.w.org\/{rel}","templated":true}]}}