{"id":89918,"date":"2024-10-29T01:54:04","date_gmt":"2024-10-29T01:54:04","guid":{"rendered":"https:\/\/aaknives.eu\/?post_type=product&#038;p=89918"},"modified":"2024-10-29T02:59:12","modified_gmt":"2024-10-29T02:59:12","slug":"zhuk-galastuvo-laikiklis-kaltams-ir-obliavimo-staklems-galasti","status":"publish","type":"product","link":"https:\/\/aaknives.eu\/lt\/product\/zhuk-galastuvo-laikiklis-kaltams-ir-obliavimo-staklems-galasti\/","title":{"rendered":"ZHUK gal\u0105stuvo laikiklis kaltams ir obliavimo stakl\u0117ms gal\u0105sti"},"content":{"rendered":"<p>ZHUK gal\u0105stuvo laikiklis kaltams ir obliavimo stakl\u0117ms gal\u0105sti<\/p>\n<p>Skirtas universaliam kalt\u0173 ir peili\u0173 galandinimui, leid\u017eia palaikyti darbin\u0119 \u012franki\u0173 b\u016bkl\u0119 nenaudojant elektrini\u0173 prietais\u0173 namuose. Did\u017eiausias presuoto obliavimo peilio plotis yra 63 mm. Galandimo kampas svyruoja nuo 27 iki 32 laipsni\u0173. Priklausomai nuo galandinimo kampo, nuo to priklauso, kiek ilgai a\u0161menys i\u0161liks a\u0161tr\u016bs. Rekomenduojama gal\u0105sti peilius ir a\u0161menis ant 130 mm plo\u010dio \u012fd\u0117klo, skirto didesn\u0117ms nei 63 mm plo\u010dio elektrin\u0117ms obliavimo stakl\u0117ms.<\/p>\n<p>&nbsp;<\/p>\n<p>&nbsp;<\/p>\n<p>&nbsp;<\/p>\n","protected":false},"excerpt":{"rendered":"<p>ZHUK gal\u0105stuvo laikiklis kaltams ir obliavimo stakl\u0117ms gal\u0105sti Skirtas universaliam kalt\u0173 ir peili\u0173 galandinimui, leid\u017eia palaikyti darbin\u0119 \u012franki\u0173 b\u016bkl\u0119 nenaudojant elektrini\u0173 prietais\u0173 namuose. Did\u017eiausias presuoto obliavimo peilio plotis yra 63 mm. Galandimo kampas svyruoja nuo 27 iki 32 laipsni\u0173. Priklausomai nuo galandinimo kampo, nuo to priklauso, kiek ilgai a\u0161menys i\u0161liks a\u0161tr\u016bs. Rekomenduojama gal\u0105sti peilius ir a\u0161menis ant 130 mm plo\u010dio \u012fd\u0117klo, skirto didesn\u0117ms nei 63 mm plo\u010dio elektrin\u0117ms obliavimo stakl\u0117ms. &nbsp; &nbsp; &nbsp;<\/p>\n","protected":false},"featured_media":85086,"template":"","meta":{"_themeisle_gutenberg_block_has_review":false},"product_brand":[],"product_cat":[375],"product_tag":[],"class_list":{"0":"post-89918","1":"product","2":"type-product","3":"status-publish","4":"has-post-thumbnail","6":"product_cat-peiliu-galandinimas-peiliu-galastuvai","8":"first","9":"outofstock","10":"shipping-taxable","11":"purchasable","12":"product-type-simple"},"yoast_head":"<!-- This site is optimized with the Yoast SEO plugin v27.3 - https:\/\/yoast.com\/product\/yoast-seo-wordpress\/ -->\n<title>ZHUK gal\u0105stuvo laikiklis kaltams ir obliavimo stakl\u0117ms gal\u0105sti - AAKnives<\/title>\n<meta name=\"robots\" content=\"index, follow, max-snippet:-1, max-image-preview:large, max-video-preview:-1\" \/>\n<link rel=\"canonical\" href=\"https:\/\/aaknives.eu\/lt\/product\/zhuk-galastuvo-laikiklis-kaltams-ir-obliavimo-staklems-galasti\/\" \/>\n<meta property=\"og:locale\" content=\"lt_LT\" \/>\n<meta property=\"og:type\" content=\"article\" \/>\n<meta property=\"og:title\" content=\"ZHUK gal\u0105stuvo laikiklis kaltams ir obliavimo stakl\u0117ms gal\u0105sti - AAKnives\" \/>\n<meta property=\"og:description\" content=\"ZHUK gal\u0105stuvo laikiklis kaltams ir obliavimo stakl\u0117ms gal\u0105sti Skirtas universaliam kalt\u0173 ir peili\u0173 galandinimui, leid\u017eia palaikyti darbin\u0119 \u012franki\u0173 b\u016bkl\u0119 nenaudojant elektrini\u0173 prietais\u0173 namuose. Did\u017eiausias presuoto obliavimo peilio plotis yra 63 mm. Galandimo kampas svyruoja nuo 27 iki 32 laipsni\u0173. Priklausomai nuo galandinimo kampo, nuo to priklauso, kiek ilgai a\u0161menys i\u0161liks a\u0161tr\u016bs. Rekomenduojama gal\u0105sti peilius ir a\u0161menis ant 130 mm plo\u010dio \u012fd\u0117klo, skirto didesn\u0117ms nei 63 mm plo\u010dio elektrin\u0117ms obliavimo stakl\u0117ms. &nbsp; &nbsp; &nbsp;\" \/>\n<meta property=\"og:url\" content=\"https:\/\/aaknives.eu\/lt\/product\/zhuk-galastuvo-laikiklis-kaltams-ir-obliavimo-staklems-galasti\/\" \/>\n<meta property=\"og:site_name\" content=\"AAKnives\" \/>\n<meta property=\"article:publisher\" content=\"https:\/\/www.facebook.com\/aaknives.eu\/\" \/>\n<meta property=\"article:modified_time\" content=\"2024-10-29T02:59:12+00:00\" \/>\n<meta property=\"og:image\" content=\"https:\/\/aaknives.eu\/wp-content\/uploads\/2024\/10\/aaknives-aaknife-forged-damascus-steel-blade-hand-forged-elmax-knife-handmade-custom-made-knife-handcrafted-knives-16-1-3.jpg\" \/>\n\t<meta property=\"og:image:width\" content=\"600\" \/>\n\t<meta property=\"og:image:height\" content=\"600\" \/>\n\t<meta property=\"og:image:type\" content=\"image\/jpeg\" \/>\n<meta name=\"twitter:card\" content=\"summary_large_image\" \/>\n<script type=\"application\/ld+json\" class=\"yoast-schema-graph\">{\"@context\":\"https:\\\/\\\/schema.org\",\"@graph\":[{\"@type\":\"WebPage\",\"@id\":\"https:\\\/\\\/aaknives.eu\\\/lt\\\/product\\\/zhuk-galastuvo-laikiklis-kaltams-ir-obliavimo-staklems-galasti\\\/\",\"url\":\"https:\\\/\\\/aaknives.eu\\\/lt\\\/product\\\/zhuk-galastuvo-laikiklis-kaltams-ir-obliavimo-staklems-galasti\\\/\",\"name\":\"ZHUK gal\u0105stuvo laikiklis kaltams ir obliavimo stakl\u0117ms gal\u0105sti - AAKnives\",\"isPartOf\":{\"@id\":\"https:\\\/\\\/aaknives.eu\\\/lt\\\/#website\"},\"primaryImageOfPage\":{\"@id\":\"https:\\\/\\\/aaknives.eu\\\/lt\\\/product\\\/zhuk-galastuvo-laikiklis-kaltams-ir-obliavimo-staklems-galasti\\\/#primaryimage\"},\"image\":{\"@id\":\"https:\\\/\\\/aaknives.eu\\\/lt\\\/product\\\/zhuk-galastuvo-laikiklis-kaltams-ir-obliavimo-staklems-galasti\\\/#primaryimage\"},\"thumbnailUrl\":\"https:\\\/\\\/aaknives.eu\\\/wp-content\\\/uploads\\\/2024\\\/10\\\/aaknives-aaknife-forged-damascus-steel-blade-hand-forged-elmax-knife-handmade-custom-made-knife-handcrafted-knives-16-1-3.jpg\",\"datePublished\":\"2024-10-29T01:54:04+00:00\",\"dateModified\":\"2024-10-29T02:59:12+00:00\",\"breadcrumb\":{\"@id\":\"https:\\\/\\\/aaknives.eu\\\/lt\\\/product\\\/zhuk-galastuvo-laikiklis-kaltams-ir-obliavimo-staklems-galasti\\\/#breadcrumb\"},\"inLanguage\":\"lt-LT\",\"potentialAction\":[{\"@type\":\"ReadAction\",\"target\":[\"https:\\\/\\\/aaknives.eu\\\/lt\\\/product\\\/zhuk-galastuvo-laikiklis-kaltams-ir-obliavimo-staklems-galasti\\\/\"]}]},{\"@type\":\"ImageObject\",\"inLanguage\":\"lt-LT\",\"@id\":\"https:\\\/\\\/aaknives.eu\\\/lt\\\/product\\\/zhuk-galastuvo-laikiklis-kaltams-ir-obliavimo-staklems-galasti\\\/#primaryimage\",\"url\":\"https:\\\/\\\/aaknives.eu\\\/wp-content\\\/uploads\\\/2024\\\/10\\\/aaknives-aaknife-forged-damascus-steel-blade-hand-forged-elmax-knife-handmade-custom-made-knife-handcrafted-knives-16-1-3.jpg\",\"contentUrl\":\"https:\\\/\\\/aaknives.eu\\\/wp-content\\\/uploads\\\/2024\\\/10\\\/aaknives-aaknife-forged-damascus-steel-blade-hand-forged-elmax-knife-handmade-custom-made-knife-handcrafted-knives-16-1-3.jpg\",\"width\":600,\"height\":600},{\"@type\":\"BreadcrumbList\",\"@id\":\"https:\\\/\\\/aaknives.eu\\\/lt\\\/product\\\/zhuk-galastuvo-laikiklis-kaltams-ir-obliavimo-staklems-galasti\\\/#breadcrumb\",\"itemListElement\":[{\"@type\":\"ListItem\",\"position\":1,\"name\":\"Home\",\"item\":\"https:\\\/\\\/aaknives.eu\\\/lt\\\/\"},{\"@type\":\"ListItem\",\"position\":2,\"name\":\"Parduotuv\u0117\",\"item\":\"https:\\\/\\\/aaknives.eu\\\/parduotuve\\\/\"},{\"@type\":\"ListItem\",\"position\":3,\"name\":\"ZHUK gal\u0105stuvo laikiklis kaltams ir obliavimo stakl\u0117ms gal\u0105sti\"}]},{\"@type\":\"WebSite\",\"@id\":\"https:\\\/\\\/aaknives.eu\\\/lt\\\/#website\",\"url\":\"https:\\\/\\\/aaknives.eu\\\/lt\\\/\",\"name\":\"AAKnives\",\"description\":\"Handmade knives\",\"publisher\":{\"@id\":\"https:\\\/\\\/aaknives.eu\\\/lt\\\/#organization\"},\"potentialAction\":[{\"@type\":\"SearchAction\",\"target\":{\"@type\":\"EntryPoint\",\"urlTemplate\":\"https:\\\/\\\/aaknives.eu\\\/lt\\\/?s={search_term_string}\"},\"query-input\":{\"@type\":\"PropertyValueSpecification\",\"valueRequired\":true,\"valueName\":\"search_term_string\"}}],\"inLanguage\":\"lt-LT\"},{\"@type\":\"Organization\",\"@id\":\"https:\\\/\\\/aaknives.eu\\\/lt\\\/#organization\",\"name\":\"AAKnives\",\"url\":\"https:\\\/\\\/aaknives.eu\\\/lt\\\/\",\"logo\":{\"@type\":\"ImageObject\",\"inLanguage\":\"lt-LT\",\"@id\":\"https:\\\/\\\/aaknives.eu\\\/lt\\\/#\\\/schema\\\/logo\\\/image\\\/\",\"url\":\"https:\\\/\\\/aaknives.eu\\\/wp-content\\\/uploads\\\/2021\\\/10\\\/AAknives_Logo_Green.png\",\"contentUrl\":\"https:\\\/\\\/aaknives.eu\\\/wp-content\\\/uploads\\\/2021\\\/10\\\/AAknives_Logo_Green.png\",\"width\":1768,\"height\":1768,\"caption\":\"AAKnives\"},\"image\":{\"@id\":\"https:\\\/\\\/aaknives.eu\\\/lt\\\/#\\\/schema\\\/logo\\\/image\\\/\"},\"sameAs\":[\"https:\\\/\\\/www.facebook.com\\\/aaknives.eu\\\/\",\"https:\\\/\\\/www.instagram.com\\\/aaknives\\\/\",\"https:\\\/\\\/www.pinterest.com\\\/aa_knives\\\/\",\"https:\\\/\\\/www.youtube.com\\\/channel\\\/UCHOQFjrOkgT6s4FIw9LDKyw\\\/featured\"]}]}<\/script>\n<!-- \/ Yoast SEO plugin. -->","yoast_head_json":{"title":"ZHUK gal\u0105stuvo laikiklis kaltams ir obliavimo stakl\u0117ms gal\u0105sti - AAKnives","robots":{"index":"index","follow":"follow","max-snippet":"max-snippet:-1","max-image-preview":"max-image-preview:large","max-video-preview":"max-video-preview:-1"},"canonical":"https:\/\/aaknives.eu\/lt\/product\/zhuk-galastuvo-laikiklis-kaltams-ir-obliavimo-staklems-galasti\/","og_locale":"lt_LT","og_type":"article","og_title":"ZHUK gal\u0105stuvo laikiklis kaltams ir obliavimo stakl\u0117ms gal\u0105sti - AAKnives","og_description":"ZHUK gal\u0105stuvo laikiklis kaltams ir obliavimo stakl\u0117ms gal\u0105sti Skirtas universaliam kalt\u0173 ir peili\u0173 galandinimui, leid\u017eia palaikyti darbin\u0119 \u012franki\u0173 b\u016bkl\u0119 nenaudojant elektrini\u0173 prietais\u0173 namuose. Did\u017eiausias presuoto obliavimo peilio plotis yra 63 mm. Galandimo kampas svyruoja nuo 27 iki 32 laipsni\u0173. Priklausomai nuo galandinimo kampo, nuo to priklauso, kiek ilgai a\u0161menys i\u0161liks a\u0161tr\u016bs. Rekomenduojama gal\u0105sti peilius ir a\u0161menis ant 130 mm plo\u010dio \u012fd\u0117klo, skirto didesn\u0117ms nei 63 mm plo\u010dio elektrin\u0117ms obliavimo stakl\u0117ms. &nbsp; &nbsp; &nbsp;","og_url":"https:\/\/aaknives.eu\/lt\/product\/zhuk-galastuvo-laikiklis-kaltams-ir-obliavimo-staklems-galasti\/","og_site_name":"AAKnives","article_publisher":"https:\/\/www.facebook.com\/aaknives.eu\/","article_modified_time":"2024-10-29T02:59:12+00:00","og_image":[{"width":600,"height":600,"url":"https:\/\/aaknives.eu\/wp-content\/uploads\/2024\/10\/aaknives-aaknife-forged-damascus-steel-blade-hand-forged-elmax-knife-handmade-custom-made-knife-handcrafted-knives-16-1-3.jpg","type":"image\/jpeg"}],"twitter_card":"summary_large_image","schema":{"@context":"https:\/\/schema.org","@graph":[{"@type":"WebPage","@id":"https:\/\/aaknives.eu\/lt\/product\/zhuk-galastuvo-laikiklis-kaltams-ir-obliavimo-staklems-galasti\/","url":"https:\/\/aaknives.eu\/lt\/product\/zhuk-galastuvo-laikiklis-kaltams-ir-obliavimo-staklems-galasti\/","name":"ZHUK gal\u0105stuvo laikiklis kaltams ir obliavimo stakl\u0117ms gal\u0105sti - AAKnives","isPartOf":{"@id":"https:\/\/aaknives.eu\/lt\/#website"},"primaryImageOfPage":{"@id":"https:\/\/aaknives.eu\/lt\/product\/zhuk-galastuvo-laikiklis-kaltams-ir-obliavimo-staklems-galasti\/#primaryimage"},"image":{"@id":"https:\/\/aaknives.eu\/lt\/product\/zhuk-galastuvo-laikiklis-kaltams-ir-obliavimo-staklems-galasti\/#primaryimage"},"thumbnailUrl":"https:\/\/aaknives.eu\/wp-content\/uploads\/2024\/10\/aaknives-aaknife-forged-damascus-steel-blade-hand-forged-elmax-knife-handmade-custom-made-knife-handcrafted-knives-16-1-3.jpg","datePublished":"2024-10-29T01:54:04+00:00","dateModified":"2024-10-29T02:59:12+00:00","breadcrumb":{"@id":"https:\/\/aaknives.eu\/lt\/product\/zhuk-galastuvo-laikiklis-kaltams-ir-obliavimo-staklems-galasti\/#breadcrumb"},"inLanguage":"lt-LT","potentialAction":[{"@type":"ReadAction","target":["https:\/\/aaknives.eu\/lt\/product\/zhuk-galastuvo-laikiklis-kaltams-ir-obliavimo-staklems-galasti\/"]}]},{"@type":"ImageObject","inLanguage":"lt-LT","@id":"https:\/\/aaknives.eu\/lt\/product\/zhuk-galastuvo-laikiklis-kaltams-ir-obliavimo-staklems-galasti\/#primaryimage","url":"https:\/\/aaknives.eu\/wp-content\/uploads\/2024\/10\/aaknives-aaknife-forged-damascus-steel-blade-hand-forged-elmax-knife-handmade-custom-made-knife-handcrafted-knives-16-1-3.jpg","contentUrl":"https:\/\/aaknives.eu\/wp-content\/uploads\/2024\/10\/aaknives-aaknife-forged-damascus-steel-blade-hand-forged-elmax-knife-handmade-custom-made-knife-handcrafted-knives-16-1-3.jpg","width":600,"height":600},{"@type":"BreadcrumbList","@id":"https:\/\/aaknives.eu\/lt\/product\/zhuk-galastuvo-laikiklis-kaltams-ir-obliavimo-staklems-galasti\/#breadcrumb","itemListElement":[{"@type":"ListItem","position":1,"name":"Home","item":"https:\/\/aaknives.eu\/lt\/"},{"@type":"ListItem","position":2,"name":"Parduotuv\u0117","item":"https:\/\/aaknives.eu\/parduotuve\/"},{"@type":"ListItem","position":3,"name":"ZHUK gal\u0105stuvo laikiklis kaltams ir obliavimo stakl\u0117ms gal\u0105sti"}]},{"@type":"WebSite","@id":"https:\/\/aaknives.eu\/lt\/#website","url":"https:\/\/aaknives.eu\/lt\/","name":"AAKnives","description":"Handmade knives","publisher":{"@id":"https:\/\/aaknives.eu\/lt\/#organization"},"potentialAction":[{"@type":"SearchAction","target":{"@type":"EntryPoint","urlTemplate":"https:\/\/aaknives.eu\/lt\/?s={search_term_string}"},"query-input":{"@type":"PropertyValueSpecification","valueRequired":true,"valueName":"search_term_string"}}],"inLanguage":"lt-LT"},{"@type":"Organization","@id":"https:\/\/aaknives.eu\/lt\/#organization","name":"AAKnives","url":"https:\/\/aaknives.eu\/lt\/","logo":{"@type":"ImageObject","inLanguage":"lt-LT","@id":"https:\/\/aaknives.eu\/lt\/#\/schema\/logo\/image\/","url":"https:\/\/aaknives.eu\/wp-content\/uploads\/2021\/10\/AAknives_Logo_Green.png","contentUrl":"https:\/\/aaknives.eu\/wp-content\/uploads\/2021\/10\/AAknives_Logo_Green.png","width":1768,"height":1768,"caption":"AAKnives"},"image":{"@id":"https:\/\/aaknives.eu\/lt\/#\/schema\/logo\/image\/"},"sameAs":["https:\/\/www.facebook.com\/aaknives.eu\/","https:\/\/www.instagram.com\/aaknives\/","https:\/\/www.pinterest.com\/aa_knives\/","https:\/\/www.youtube.com\/channel\/UCHOQFjrOkgT6s4FIw9LDKyw\/featured"]}]}},"_links":{"self":[{"href":"https:\/\/aaknives.eu\/lt\/wp-json\/wp\/v2\/product\/89918","targetHints":{"allow":["GET"]}}],"collection":[{"href":"https:\/\/aaknives.eu\/lt\/wp-json\/wp\/v2\/product"}],"about":[{"href":"https:\/\/aaknives.eu\/lt\/wp-json\/wp\/v2\/types\/product"}],"wp:featuredmedia":[{"embeddable":true,"href":"https:\/\/aaknives.eu\/lt\/wp-json\/wp\/v2\/media\/85086"}],"wp:attachment":[{"href":"https:\/\/aaknives.eu\/lt\/wp-json\/wp\/v2\/media?parent=89918"}],"wp:term":[{"taxonomy":"product_brand","embeddable":true,"href":"https:\/\/aaknives.eu\/lt\/wp-json\/wp\/v2\/product_brand?post=89918"},{"taxonomy":"product_cat","embeddable":true,"href":"https:\/\/aaknives.eu\/lt\/wp-json\/wp\/v2\/product_cat?post=89918"},{"taxonomy":"product_tag","embeddable":true,"href":"https:\/\/aaknives.eu\/lt\/wp-json\/wp\/v2\/product_tag?post=89918"}],"curies":[{"name":"wp","href":"https:\/\/api.w.org\/{rel}","templated":true}]}}