{"id":89923,"date":"2024-10-29T01:53:10","date_gmt":"2024-10-29T01:53:10","guid":{"rendered":"https:\/\/aaknives.eu\/?post_type=product&#038;p=89923"},"modified":"2024-10-29T02:59:07","modified_gmt":"2024-10-29T02:59:07","slug":"kirvis-dovanu-dezute","status":"publish","type":"product","link":"https:\/\/aaknives.eu\/lt\/product\/kirvis-dovanu-dezute\/","title":{"rendered":"Kirvis &#8211; dovan\u0173 d\u0117\u017eut\u0117!"},"content":{"rendered":"<p>Kirvis \u2013 dovan\u0173 d\u0117\u017eut\u0117!<br \/>\nMed\u017eiaga: Deganti mediena<br \/>\nIlgis (mm): 570<br \/>\nPlotis (mm): 270<br \/>\nAuk\u0161tis (mm): 110<\/p>\n<p>Kirvis \u012f rinkin\u012f ne\u012ftrauktas!<\/p>\n<p>Peilis yra puiki ir i\u0161skirtin\u0117 dovana, nes jis yra nuolatinis ir lieka visam laikui. Naudotojas prisimins ir pagalvos apie jus kiekvien\u0105 kart\u0105, kai tik paims peil\u012f \u012f rankas!<\/p>\n<p>Tik atminkite \u2013 jei dovanojate peil\u012f, papra\u0161ykite mainais monetos, tai svarbu! Kad nesusipyktum\u0117te su \u017emogumi. Taip sako senas tik\u0117jimas!<\/p>\n","protected":false},"excerpt":{"rendered":"<p>Kirvis \u2013 dovan\u0173 d\u0117\u017eut\u0117! Med\u017eiaga: Deganti mediena Ilgis (mm): 570 Plotis (mm): 270 Auk\u0161tis (mm): 110 Kirvis \u012f rinkin\u012f ne\u012ftrauktas! Peilis yra puiki ir i\u0161skirtin\u0117 dovana, nes jis yra nuolatinis ir lieka visam laikui. Naudotojas prisimins ir pagalvos apie jus kiekvien\u0105 kart\u0105, kai tik paims peil\u012f \u012f rankas! Tik atminkite \u2013 jei dovanojate peil\u012f, papra\u0161ykite mainais monetos, tai svarbu! Kad nesusipyktum\u0117te su \u017emogumi. Taip sako senas tik\u0117jimas!<\/p>\n","protected":false},"featured_media":84776,"template":"","meta":{"_themeisle_gutenberg_block_has_review":false},"product_brand":[],"product_cat":[388,405,404],"product_tag":[],"class_list":{"0":"post-89923","1":"product","2":"type-product","3":"status-publish","4":"has-post-thumbnail","6":"product_cat-asys","7":"product_cat-dezutes","8":"product_cat-dovanu-korteles","10":"first","11":"outofstock","12":"shipping-taxable","13":"purchasable","14":"product-type-simple"},"yoast_head":"<!-- This site is optimized with the Yoast SEO plugin v27.5 - https:\/\/yoast.com\/product\/yoast-seo-wordpress\/ -->\n<title>Kirvis - dovan\u0173 d\u0117\u017eut\u0117! - AAKnives<\/title>\n<meta name=\"robots\" content=\"index, follow, max-snippet:-1, max-image-preview:large, max-video-preview:-1\" \/>\n<link rel=\"canonical\" href=\"https:\/\/aaknives.eu\/lt\/product\/kirvis-dovanu-dezute\/\" \/>\n<meta property=\"og:locale\" content=\"lt_LT\" \/>\n<meta property=\"og:type\" content=\"article\" \/>\n<meta property=\"og:title\" content=\"Kirvis - dovan\u0173 d\u0117\u017eut\u0117! - AAKnives\" \/>\n<meta property=\"og:description\" content=\"Kirvis \u2013 dovan\u0173 d\u0117\u017eut\u0117! Med\u017eiaga: Deganti mediena Ilgis (mm): 570 Plotis (mm): 270 Auk\u0161tis (mm): 110 Kirvis \u012f rinkin\u012f ne\u012ftrauktas! Peilis yra puiki ir i\u0161skirtin\u0117 dovana, nes jis yra nuolatinis ir lieka visam laikui. Naudotojas prisimins ir pagalvos apie jus kiekvien\u0105 kart\u0105, kai tik paims peil\u012f \u012f rankas! Tik atminkite \u2013 jei dovanojate peil\u012f, papra\u0161ykite mainais monetos, tai svarbu! Kad nesusipyktum\u0117te su \u017emogumi. Taip sako senas tik\u0117jimas!\" \/>\n<meta property=\"og:url\" content=\"https:\/\/aaknives.eu\/lt\/product\/kirvis-dovanu-dezute\/\" \/>\n<meta property=\"og:site_name\" content=\"AAKnives\" \/>\n<meta property=\"article:publisher\" content=\"https:\/\/www.facebook.com\/aaknives.eu\/\" \/>\n<meta property=\"article:modified_time\" content=\"2024-10-29T02:59:07+00:00\" \/>\n<meta property=\"og:image\" content=\"https:\/\/aaknives.eu\/wp-content\/uploads\/2024\/10\/aaknives-aaknife-forged-damascus-steel-blade-hand-forged-damascus-knife-handmade-custom-made-knife-handcrafted-knife-3-1-1-3.jpg\" \/>\n\t<meta property=\"og:image:width\" content=\"800\" \/>\n\t<meta property=\"og:image:height\" content=\"600\" \/>\n\t<meta property=\"og:image:type\" content=\"image\/jpeg\" \/>\n<meta name=\"twitter:card\" content=\"summary_large_image\" \/>\n<script type=\"application\/ld+json\" class=\"yoast-schema-graph\">{\"@context\":\"https:\\\/\\\/schema.org\",\"@graph\":[{\"@type\":\"WebPage\",\"@id\":\"https:\\\/\\\/aaknives.eu\\\/lt\\\/product\\\/kirvis-dovanu-dezute\\\/\",\"url\":\"https:\\\/\\\/aaknives.eu\\\/lt\\\/product\\\/kirvis-dovanu-dezute\\\/\",\"name\":\"Kirvis - dovan\u0173 d\u0117\u017eut\u0117! - AAKnives\",\"isPartOf\":{\"@id\":\"https:\\\/\\\/aaknives.eu\\\/lt\\\/#website\"},\"primaryImageOfPage\":{\"@id\":\"https:\\\/\\\/aaknives.eu\\\/lt\\\/product\\\/kirvis-dovanu-dezute\\\/#primaryimage\"},\"image\":{\"@id\":\"https:\\\/\\\/aaknives.eu\\\/lt\\\/product\\\/kirvis-dovanu-dezute\\\/#primaryimage\"},\"thumbnailUrl\":\"https:\\\/\\\/aaknives.eu\\\/wp-content\\\/uploads\\\/2024\\\/10\\\/aaknives-aaknife-forged-damascus-steel-blade-hand-forged-damascus-knife-handmade-custom-made-knife-handcrafted-knife-3-1-1-3.jpg\",\"datePublished\":\"2024-10-29T01:53:10+00:00\",\"dateModified\":\"2024-10-29T02:59:07+00:00\",\"breadcrumb\":{\"@id\":\"https:\\\/\\\/aaknives.eu\\\/lt\\\/product\\\/kirvis-dovanu-dezute\\\/#breadcrumb\"},\"inLanguage\":\"lt-LT\",\"potentialAction\":[{\"@type\":\"ReadAction\",\"target\":[\"https:\\\/\\\/aaknives.eu\\\/lt\\\/product\\\/kirvis-dovanu-dezute\\\/\"]}]},{\"@type\":\"ImageObject\",\"inLanguage\":\"lt-LT\",\"@id\":\"https:\\\/\\\/aaknives.eu\\\/lt\\\/product\\\/kirvis-dovanu-dezute\\\/#primaryimage\",\"url\":\"https:\\\/\\\/aaknives.eu\\\/wp-content\\\/uploads\\\/2024\\\/10\\\/aaknives-aaknife-forged-damascus-steel-blade-hand-forged-damascus-knife-handmade-custom-made-knife-handcrafted-knife-3-1-1-3.jpg\",\"contentUrl\":\"https:\\\/\\\/aaknives.eu\\\/wp-content\\\/uploads\\\/2024\\\/10\\\/aaknives-aaknife-forged-damascus-steel-blade-hand-forged-damascus-knife-handmade-custom-made-knife-handcrafted-knife-3-1-1-3.jpg\",\"width\":800,\"height\":600},{\"@type\":\"BreadcrumbList\",\"@id\":\"https:\\\/\\\/aaknives.eu\\\/lt\\\/product\\\/kirvis-dovanu-dezute\\\/#breadcrumb\",\"itemListElement\":[{\"@type\":\"ListItem\",\"position\":1,\"name\":\"Home\",\"item\":\"https:\\\/\\\/aaknives.eu\\\/lt\\\/\"},{\"@type\":\"ListItem\",\"position\":2,\"name\":\"Parduotuv\u0117\",\"item\":\"https:\\\/\\\/aaknives.eu\\\/parduotuve\\\/\"},{\"@type\":\"ListItem\",\"position\":3,\"name\":\"Kirvis &#8211; dovan\u0173 d\u0117\u017eut\u0117!\"}]},{\"@type\":\"WebSite\",\"@id\":\"https:\\\/\\\/aaknives.eu\\\/lt\\\/#website\",\"url\":\"https:\\\/\\\/aaknives.eu\\\/lt\\\/\",\"name\":\"AAKnives\",\"description\":\"Handmade knives\",\"publisher\":{\"@id\":\"https:\\\/\\\/aaknives.eu\\\/lt\\\/#organization\"},\"potentialAction\":[{\"@type\":\"SearchAction\",\"target\":{\"@type\":\"EntryPoint\",\"urlTemplate\":\"https:\\\/\\\/aaknives.eu\\\/lt\\\/?s={search_term_string}\"},\"query-input\":{\"@type\":\"PropertyValueSpecification\",\"valueRequired\":true,\"valueName\":\"search_term_string\"}}],\"inLanguage\":\"lt-LT\"},{\"@type\":\"Organization\",\"@id\":\"https:\\\/\\\/aaknives.eu\\\/lt\\\/#organization\",\"name\":\"AAKnives\",\"url\":\"https:\\\/\\\/aaknives.eu\\\/lt\\\/\",\"logo\":{\"@type\":\"ImageObject\",\"inLanguage\":\"lt-LT\",\"@id\":\"https:\\\/\\\/aaknives.eu\\\/lt\\\/#\\\/schema\\\/logo\\\/image\\\/\",\"url\":\"https:\\\/\\\/aaknives.eu\\\/wp-content\\\/uploads\\\/2021\\\/10\\\/AAknives_Logo_Green.png\",\"contentUrl\":\"https:\\\/\\\/aaknives.eu\\\/wp-content\\\/uploads\\\/2021\\\/10\\\/AAknives_Logo_Green.png\",\"width\":1768,\"height\":1768,\"caption\":\"AAKnives\"},\"image\":{\"@id\":\"https:\\\/\\\/aaknives.eu\\\/lt\\\/#\\\/schema\\\/logo\\\/image\\\/\"},\"sameAs\":[\"https:\\\/\\\/www.facebook.com\\\/aaknives.eu\\\/\",\"https:\\\/\\\/www.instagram.com\\\/aaknives\\\/\",\"https:\\\/\\\/www.pinterest.com\\\/aa_knives\\\/\",\"https:\\\/\\\/www.youtube.com\\\/channel\\\/UCHOQFjrOkgT6s4FIw9LDKyw\\\/featured\"]}]}<\/script>\n<!-- \/ Yoast SEO plugin. -->","yoast_head_json":{"title":"Kirvis - dovan\u0173 d\u0117\u017eut\u0117! - AAKnives","robots":{"index":"index","follow":"follow","max-snippet":"max-snippet:-1","max-image-preview":"max-image-preview:large","max-video-preview":"max-video-preview:-1"},"canonical":"https:\/\/aaknives.eu\/lt\/product\/kirvis-dovanu-dezute\/","og_locale":"lt_LT","og_type":"article","og_title":"Kirvis - dovan\u0173 d\u0117\u017eut\u0117! - AAKnives","og_description":"Kirvis \u2013 dovan\u0173 d\u0117\u017eut\u0117! Med\u017eiaga: Deganti mediena Ilgis (mm): 570 Plotis (mm): 270 Auk\u0161tis (mm): 110 Kirvis \u012f rinkin\u012f ne\u012ftrauktas! Peilis yra puiki ir i\u0161skirtin\u0117 dovana, nes jis yra nuolatinis ir lieka visam laikui. Naudotojas prisimins ir pagalvos apie jus kiekvien\u0105 kart\u0105, kai tik paims peil\u012f \u012f rankas! Tik atminkite \u2013 jei dovanojate peil\u012f, papra\u0161ykite mainais monetos, tai svarbu! Kad nesusipyktum\u0117te su \u017emogumi. Taip sako senas tik\u0117jimas!","og_url":"https:\/\/aaknives.eu\/lt\/product\/kirvis-dovanu-dezute\/","og_site_name":"AAKnives","article_publisher":"https:\/\/www.facebook.com\/aaknives.eu\/","article_modified_time":"2024-10-29T02:59:07+00:00","og_image":[{"width":800,"height":600,"url":"https:\/\/aaknives.eu\/wp-content\/uploads\/2024\/10\/aaknives-aaknife-forged-damascus-steel-blade-hand-forged-damascus-knife-handmade-custom-made-knife-handcrafted-knife-3-1-1-3.jpg","type":"image\/jpeg"}],"twitter_card":"summary_large_image","schema":{"@context":"https:\/\/schema.org","@graph":[{"@type":"WebPage","@id":"https:\/\/aaknives.eu\/lt\/product\/kirvis-dovanu-dezute\/","url":"https:\/\/aaknives.eu\/lt\/product\/kirvis-dovanu-dezute\/","name":"Kirvis - dovan\u0173 d\u0117\u017eut\u0117! - AAKnives","isPartOf":{"@id":"https:\/\/aaknives.eu\/lt\/#website"},"primaryImageOfPage":{"@id":"https:\/\/aaknives.eu\/lt\/product\/kirvis-dovanu-dezute\/#primaryimage"},"image":{"@id":"https:\/\/aaknives.eu\/lt\/product\/kirvis-dovanu-dezute\/#primaryimage"},"thumbnailUrl":"https:\/\/aaknives.eu\/wp-content\/uploads\/2024\/10\/aaknives-aaknife-forged-damascus-steel-blade-hand-forged-damascus-knife-handmade-custom-made-knife-handcrafted-knife-3-1-1-3.jpg","datePublished":"2024-10-29T01:53:10+00:00","dateModified":"2024-10-29T02:59:07+00:00","breadcrumb":{"@id":"https:\/\/aaknives.eu\/lt\/product\/kirvis-dovanu-dezute\/#breadcrumb"},"inLanguage":"lt-LT","potentialAction":[{"@type":"ReadAction","target":["https:\/\/aaknives.eu\/lt\/product\/kirvis-dovanu-dezute\/"]}]},{"@type":"ImageObject","inLanguage":"lt-LT","@id":"https:\/\/aaknives.eu\/lt\/product\/kirvis-dovanu-dezute\/#primaryimage","url":"https:\/\/aaknives.eu\/wp-content\/uploads\/2024\/10\/aaknives-aaknife-forged-damascus-steel-blade-hand-forged-damascus-knife-handmade-custom-made-knife-handcrafted-knife-3-1-1-3.jpg","contentUrl":"https:\/\/aaknives.eu\/wp-content\/uploads\/2024\/10\/aaknives-aaknife-forged-damascus-steel-blade-hand-forged-damascus-knife-handmade-custom-made-knife-handcrafted-knife-3-1-1-3.jpg","width":800,"height":600},{"@type":"BreadcrumbList","@id":"https:\/\/aaknives.eu\/lt\/product\/kirvis-dovanu-dezute\/#breadcrumb","itemListElement":[{"@type":"ListItem","position":1,"name":"Home","item":"https:\/\/aaknives.eu\/lt\/"},{"@type":"ListItem","position":2,"name":"Parduotuv\u0117","item":"https:\/\/aaknives.eu\/parduotuve\/"},{"@type":"ListItem","position":3,"name":"Kirvis &#8211; dovan\u0173 d\u0117\u017eut\u0117!"}]},{"@type":"WebSite","@id":"https:\/\/aaknives.eu\/lt\/#website","url":"https:\/\/aaknives.eu\/lt\/","name":"AAKnives","description":"Handmade knives","publisher":{"@id":"https:\/\/aaknives.eu\/lt\/#organization"},"potentialAction":[{"@type":"SearchAction","target":{"@type":"EntryPoint","urlTemplate":"https:\/\/aaknives.eu\/lt\/?s={search_term_string}"},"query-input":{"@type":"PropertyValueSpecification","valueRequired":true,"valueName":"search_term_string"}}],"inLanguage":"lt-LT"},{"@type":"Organization","@id":"https:\/\/aaknives.eu\/lt\/#organization","name":"AAKnives","url":"https:\/\/aaknives.eu\/lt\/","logo":{"@type":"ImageObject","inLanguage":"lt-LT","@id":"https:\/\/aaknives.eu\/lt\/#\/schema\/logo\/image\/","url":"https:\/\/aaknives.eu\/wp-content\/uploads\/2021\/10\/AAknives_Logo_Green.png","contentUrl":"https:\/\/aaknives.eu\/wp-content\/uploads\/2021\/10\/AAknives_Logo_Green.png","width":1768,"height":1768,"caption":"AAKnives"},"image":{"@id":"https:\/\/aaknives.eu\/lt\/#\/schema\/logo\/image\/"},"sameAs":["https:\/\/www.facebook.com\/aaknives.eu\/","https:\/\/www.instagram.com\/aaknives\/","https:\/\/www.pinterest.com\/aa_knives\/","https:\/\/www.youtube.com\/channel\/UCHOQFjrOkgT6s4FIw9LDKyw\/featured"]}]}},"_links":{"self":[{"href":"https:\/\/aaknives.eu\/lt\/wp-json\/wp\/v2\/product\/89923","targetHints":{"allow":["GET"]}}],"collection":[{"href":"https:\/\/aaknives.eu\/lt\/wp-json\/wp\/v2\/product"}],"about":[{"href":"https:\/\/aaknives.eu\/lt\/wp-json\/wp\/v2\/types\/product"}],"wp:featuredmedia":[{"embeddable":true,"href":"https:\/\/aaknives.eu\/lt\/wp-json\/wp\/v2\/media\/84776"}],"wp:attachment":[{"href":"https:\/\/aaknives.eu\/lt\/wp-json\/wp\/v2\/media?parent=89923"}],"wp:term":[{"taxonomy":"product_brand","embeddable":true,"href":"https:\/\/aaknives.eu\/lt\/wp-json\/wp\/v2\/product_brand?post=89923"},{"taxonomy":"product_cat","embeddable":true,"href":"https:\/\/aaknives.eu\/lt\/wp-json\/wp\/v2\/product_cat?post=89923"},{"taxonomy":"product_tag","embeddable":true,"href":"https:\/\/aaknives.eu\/lt\/wp-json\/wp\/v2\/product_tag?post=89923"}],"curies":[{"name":"wp","href":"https:\/\/api.w.org\/{rel}","templated":true}]}}