{"id":89943,"date":"2024-10-29T01:51:55","date_gmt":"2024-10-29T01:51:55","guid":{"rendered":"https:\/\/aaknives.eu\/?post_type=product&#038;p=89943"},"modified":"2025-05-18T12:24:40","modified_gmt":"2025-05-18T12:24:40","slug":"peilis-coyote-rankomis-kaltas-bulat-wootz-plieno-peilis","status":"publish","type":"product","link":"https:\/\/aaknives.eu\/lt\/product\/peilis-coyote-rankomis-kaltas-bulat-wootz-plieno-peilis\/","title":{"rendered":"Peilis Coyote &#8211; Rankomis kaltas Bulat &#8211; Wootz plieno peilis"},"content":{"rendered":"<p>Peilio specifikacijos: Coyote<br \/>\nPlienas: rankomis kaltas Bulat &#8211; Wootz plienas<br \/>\nKietumas: 61-63 HRC, i\u0161bandytas kietumas<br \/>\nGele\u017et\u0117s ilgis (mm): Galimyb\u0117 (mm): 120 \/ 4,72 colio<br \/>\nGele\u017et\u0117s storis (mm): (mm): 3 \/ 0,12 colio<br \/>\nA\u0161men\u0173 plotis (mm): Atsparumas (mm): 27 \/ 1,06 colio<br \/>\nRankena: stabilizuotas Karelijos ber\u017eas<br \/>\nBendras ilgis (mm): (mm): 245 \/ 9,64 colio<\/p>\n<p>Bulat &#8211; Wootz Steel<br \/>\nAnglies liejinys i\u0161 rankomis kalto plieno<br \/>\nsu specialia a\u0161men\u0173 strukt\u016bra, didelio kietumo, didesnio patvarumo ir elastingumo.<br \/>\nKiekviena Bulat plieno gele\u017et\u0117 turi savit\u0105 individual\u0173 ra\u0161t\u0105.<br \/>\n&#8220;AA knives&#8221; gamina peilius i\u0161 legiruoto tiglinio Bulat plieno, kurio pagrind\u0105 sudaro metalas H12MF ir ShH15.<\/p>\n<p>Bulat plieno peili\u0173 privalumai :<\/p>\n<p>Didelis kietumas<br \/>\nDidesnis patvarumas<br \/>\nElastingumas<br \/>\nIlgalaikis a\u0161trumas<br \/>\nGele\u017et\u0117s kietumas 62-64 HRC.<br \/>\nRank\u0173 darbo<\/p>\n","protected":false},"excerpt":{"rendered":"<p>Peilio specifikacijos: Coyote Plienas: rankomis kaltas Bulat &#8211; Wootz plienas Kietumas: 61-63 HRC, i\u0161bandytas kietumas Gele\u017et\u0117s ilgis (mm): Galimyb\u0117 (mm): 120 \/ 4,72 colio Gele\u017et\u0117s storis (mm): (mm): 3 \/ 0,12 colio A\u0161men\u0173 plotis (mm): Atsparumas (mm): 27 \/ 1,06 colio Rankena: stabilizuotas Karelijos ber\u017eas Bendras ilgis (mm): (mm): 245 \/ 9,64 colio Bulat &#8211; Wootz Steel Anglies liejinys i\u0161 rankomis kalto plieno su specialia a\u0161men\u0173 strukt\u016bra, didelio kietumo, didesnio patvarumo ir elastingumo. Kiekviena Bulat plieno gele\u017et\u0117 turi savit\u0105 individual\u0173 ra\u0161t\u0105. &#8220;AA knives&#8221; gamina peilius i\u0161 legiruoto tiglinio Bulat plieno, kurio pagrind\u0105 sudaro metalas H12MF ir ShH15. Bulat plieno peili\u0173&hellip;<\/p>\n","protected":false},"featured_media":107935,"template":"","meta":{"_themeisle_gutenberg_block_has_review":false},"product_brand":[],"product_cat":[380,381,386],"product_tag":[],"class_list":{"0":"post-89943","1":"product","2":"type-product","3":"status-publish","4":"has-post-thumbnail","6":"product_cat-premium-ir-isskirtiniai-peiliai","7":"product_cat-lauko-peiliai","8":"product_cat-medziokliniai-peiliai","10":"first","11":"instock","12":"shipping-taxable","13":"purchasable","14":"product-type-simple"},"yoast_head":"<!-- This site is optimized with the Yoast SEO plugin v27.5 - https:\/\/yoast.com\/product\/yoast-seo-wordpress\/ -->\n<title>Peilis Coyote - Rankomis kaltas Bulat - Wootz plieno peilis - AAKnives<\/title>\n<meta name=\"description\" content=\"Peilis Coyote - Rankomis kaltas Bulat - Wootz plieno peilis\" \/>\n<meta name=\"robots\" content=\"index, follow, max-snippet:-1, max-image-preview:large, max-video-preview:-1\" \/>\n<link rel=\"canonical\" href=\"https:\/\/aaknives.eu\/lt\/product\/peilis-coyote-rankomis-kaltas-bulat-wootz-plieno-peilis\/\" \/>\n<meta property=\"og:locale\" content=\"lt_LT\" \/>\n<meta property=\"og:type\" content=\"article\" \/>\n<meta property=\"og:title\" content=\"Peilis Coyote - Rankomis kaltas Bulat - Wootz plieno peilis - AAKnives\" \/>\n<meta property=\"og:description\" content=\"Peilis Coyote - Rankomis kaltas Bulat - Wootz plieno peilis\" \/>\n<meta property=\"og:url\" content=\"https:\/\/aaknives.eu\/lt\/product\/peilis-coyote-rankomis-kaltas-bulat-wootz-plieno-peilis\/\" \/>\n<meta property=\"og:site_name\" content=\"AAKnives\" \/>\n<meta property=\"article:publisher\" content=\"https:\/\/www.facebook.com\/aaknives.eu\/\" \/>\n<meta property=\"article:modified_time\" content=\"2025-05-18T12:24:40+00:00\" \/>\n<meta property=\"og:image\" content=\"https:\/\/aaknives.eu\/wp-content\/uploads\/2024\/10\/aaknives-hand-forged-dabascus-steel-blade-knife-handmade-custom-made-knife-handcrafted-knives-autinetools-northmen-11-2-28-1.jpg\" \/>\n\t<meta property=\"og:image:width\" content=\"1020\" \/>\n\t<meta property=\"og:image:height\" content=\"880\" \/>\n\t<meta property=\"og:image:type\" content=\"image\/jpeg\" \/>\n<meta name=\"twitter:card\" content=\"summary_large_image\" \/>\n<meta name=\"twitter:label1\" content=\"Est. reading time\" \/>\n\t<meta name=\"twitter:data1\" content=\"1 minut\u0117\" \/>\n<script type=\"application\/ld+json\" class=\"yoast-schema-graph\">{\"@context\":\"https:\\\/\\\/schema.org\",\"@graph\":[{\"@type\":\"WebPage\",\"@id\":\"https:\\\/\\\/aaknives.eu\\\/lt\\\/product\\\/peilis-coyote-rankomis-kaltas-bulat-wootz-plieno-peilis\\\/\",\"url\":\"https:\\\/\\\/aaknives.eu\\\/lt\\\/product\\\/peilis-coyote-rankomis-kaltas-bulat-wootz-plieno-peilis\\\/\",\"name\":\"Peilis Coyote - Rankomis kaltas Bulat - Wootz plieno peilis - AAKnives\",\"isPartOf\":{\"@id\":\"https:\\\/\\\/aaknives.eu\\\/lt\\\/#website\"},\"primaryImageOfPage\":{\"@id\":\"https:\\\/\\\/aaknives.eu\\\/lt\\\/product\\\/peilis-coyote-rankomis-kaltas-bulat-wootz-plieno-peilis\\\/#primaryimage\"},\"image\":{\"@id\":\"https:\\\/\\\/aaknives.eu\\\/lt\\\/product\\\/peilis-coyote-rankomis-kaltas-bulat-wootz-plieno-peilis\\\/#primaryimage\"},\"thumbnailUrl\":\"https:\\\/\\\/aaknives.eu\\\/wp-content\\\/uploads\\\/2024\\\/10\\\/aaknives-hand-forged-damascus-steel-blade-knife-handmade-custom-made-knife-handcrafted-knives-autinetools-northmen-1-60-1.jpg\",\"datePublished\":\"2024-10-29T01:51:55+00:00\",\"dateModified\":\"2025-05-18T12:24:40+00:00\",\"description\":\"Peilis Coyote - Rankomis kaltas Bulat - Wootz plieno peilis\",\"breadcrumb\":{\"@id\":\"https:\\\/\\\/aaknives.eu\\\/lt\\\/product\\\/peilis-coyote-rankomis-kaltas-bulat-wootz-plieno-peilis\\\/#breadcrumb\"},\"inLanguage\":\"lt-LT\",\"potentialAction\":[{\"@type\":\"ReadAction\",\"target\":[\"https:\\\/\\\/aaknives.eu\\\/lt\\\/product\\\/peilis-coyote-rankomis-kaltas-bulat-wootz-plieno-peilis\\\/\"]}]},{\"@type\":\"ImageObject\",\"inLanguage\":\"lt-LT\",\"@id\":\"https:\\\/\\\/aaknives.eu\\\/lt\\\/product\\\/peilis-coyote-rankomis-kaltas-bulat-wootz-plieno-peilis\\\/#primaryimage\",\"url\":\"https:\\\/\\\/aaknives.eu\\\/wp-content\\\/uploads\\\/2024\\\/10\\\/aaknives-hand-forged-damascus-steel-blade-knife-handmade-custom-made-knife-handcrafted-knives-autinetools-northmen-1-60-1.jpg\",\"contentUrl\":\"https:\\\/\\\/aaknives.eu\\\/wp-content\\\/uploads\\\/2024\\\/10\\\/aaknives-hand-forged-damascus-steel-blade-knife-handmade-custom-made-knife-handcrafted-knives-autinetools-northmen-1-60-1.jpg\",\"width\":1020,\"height\":880},{\"@type\":\"BreadcrumbList\",\"@id\":\"https:\\\/\\\/aaknives.eu\\\/lt\\\/product\\\/peilis-coyote-rankomis-kaltas-bulat-wootz-plieno-peilis\\\/#breadcrumb\",\"itemListElement\":[{\"@type\":\"ListItem\",\"position\":1,\"name\":\"Home\",\"item\":\"https:\\\/\\\/aaknives.eu\\\/lt\\\/\"},{\"@type\":\"ListItem\",\"position\":2,\"name\":\"Parduotuv\u0117\",\"item\":\"https:\\\/\\\/aaknives.eu\\\/parduotuve\\\/\"},{\"@type\":\"ListItem\",\"position\":3,\"name\":\"Peilis Coyote &#8211; Rankomis kaltas Bulat &#8211; Wootz plieno peilis\"}]},{\"@type\":\"WebSite\",\"@id\":\"https:\\\/\\\/aaknives.eu\\\/lt\\\/#website\",\"url\":\"https:\\\/\\\/aaknives.eu\\\/lt\\\/\",\"name\":\"AAKnives\",\"description\":\"Handmade knives\",\"publisher\":{\"@id\":\"https:\\\/\\\/aaknives.eu\\\/lt\\\/#organization\"},\"potentialAction\":[{\"@type\":\"SearchAction\",\"target\":{\"@type\":\"EntryPoint\",\"urlTemplate\":\"https:\\\/\\\/aaknives.eu\\\/lt\\\/?s={search_term_string}\"},\"query-input\":{\"@type\":\"PropertyValueSpecification\",\"valueRequired\":true,\"valueName\":\"search_term_string\"}}],\"inLanguage\":\"lt-LT\"},{\"@type\":\"Organization\",\"@id\":\"https:\\\/\\\/aaknives.eu\\\/lt\\\/#organization\",\"name\":\"AAKnives\",\"url\":\"https:\\\/\\\/aaknives.eu\\\/lt\\\/\",\"logo\":{\"@type\":\"ImageObject\",\"inLanguage\":\"lt-LT\",\"@id\":\"https:\\\/\\\/aaknives.eu\\\/lt\\\/#\\\/schema\\\/logo\\\/image\\\/\",\"url\":\"https:\\\/\\\/aaknives.eu\\\/wp-content\\\/uploads\\\/2021\\\/10\\\/AAknives_Logo_Green.png\",\"contentUrl\":\"https:\\\/\\\/aaknives.eu\\\/wp-content\\\/uploads\\\/2021\\\/10\\\/AAknives_Logo_Green.png\",\"width\":1768,\"height\":1768,\"caption\":\"AAKnives\"},\"image\":{\"@id\":\"https:\\\/\\\/aaknives.eu\\\/lt\\\/#\\\/schema\\\/logo\\\/image\\\/\"},\"sameAs\":[\"https:\\\/\\\/www.facebook.com\\\/aaknives.eu\\\/\",\"https:\\\/\\\/www.instagram.com\\\/aaknives\\\/\",\"https:\\\/\\\/www.pinterest.com\\\/aa_knives\\\/\",\"https:\\\/\\\/www.youtube.com\\\/channel\\\/UCHOQFjrOkgT6s4FIw9LDKyw\\\/featured\"]}]}<\/script>\n<!-- \/ Yoast SEO plugin. -->","yoast_head_json":{"title":"Peilis Coyote - Rankomis kaltas Bulat - Wootz plieno peilis - AAKnives","description":"Peilis Coyote - Rankomis kaltas Bulat - Wootz plieno peilis","robots":{"index":"index","follow":"follow","max-snippet":"max-snippet:-1","max-image-preview":"max-image-preview:large","max-video-preview":"max-video-preview:-1"},"canonical":"https:\/\/aaknives.eu\/lt\/product\/peilis-coyote-rankomis-kaltas-bulat-wootz-plieno-peilis\/","og_locale":"lt_LT","og_type":"article","og_title":"Peilis Coyote - Rankomis kaltas Bulat - Wootz plieno peilis - AAKnives","og_description":"Peilis Coyote - Rankomis kaltas Bulat - Wootz plieno peilis","og_url":"https:\/\/aaknives.eu\/lt\/product\/peilis-coyote-rankomis-kaltas-bulat-wootz-plieno-peilis\/","og_site_name":"AAKnives","article_publisher":"https:\/\/www.facebook.com\/aaknives.eu\/","article_modified_time":"2025-05-18T12:24:40+00:00","og_image":[{"width":1020,"height":880,"url":"https:\/\/aaknives.eu\/wp-content\/uploads\/2024\/10\/aaknives-hand-forged-dabascus-steel-blade-knife-handmade-custom-made-knife-handcrafted-knives-autinetools-northmen-11-2-28-1.jpg","type":"image\/jpeg"}],"twitter_card":"summary_large_image","twitter_misc":{"Est. reading time":"1 minut\u0117"},"schema":{"@context":"https:\/\/schema.org","@graph":[{"@type":"WebPage","@id":"https:\/\/aaknives.eu\/lt\/product\/peilis-coyote-rankomis-kaltas-bulat-wootz-plieno-peilis\/","url":"https:\/\/aaknives.eu\/lt\/product\/peilis-coyote-rankomis-kaltas-bulat-wootz-plieno-peilis\/","name":"Peilis Coyote - Rankomis kaltas Bulat - Wootz plieno peilis - AAKnives","isPartOf":{"@id":"https:\/\/aaknives.eu\/lt\/#website"},"primaryImageOfPage":{"@id":"https:\/\/aaknives.eu\/lt\/product\/peilis-coyote-rankomis-kaltas-bulat-wootz-plieno-peilis\/#primaryimage"},"image":{"@id":"https:\/\/aaknives.eu\/lt\/product\/peilis-coyote-rankomis-kaltas-bulat-wootz-plieno-peilis\/#primaryimage"},"thumbnailUrl":"https:\/\/aaknives.eu\/wp-content\/uploads\/2024\/10\/aaknives-hand-forged-damascus-steel-blade-knife-handmade-custom-made-knife-handcrafted-knives-autinetools-northmen-1-60-1.jpg","datePublished":"2024-10-29T01:51:55+00:00","dateModified":"2025-05-18T12:24:40+00:00","description":"Peilis Coyote - Rankomis kaltas Bulat - Wootz plieno peilis","breadcrumb":{"@id":"https:\/\/aaknives.eu\/lt\/product\/peilis-coyote-rankomis-kaltas-bulat-wootz-plieno-peilis\/#breadcrumb"},"inLanguage":"lt-LT","potentialAction":[{"@type":"ReadAction","target":["https:\/\/aaknives.eu\/lt\/product\/peilis-coyote-rankomis-kaltas-bulat-wootz-plieno-peilis\/"]}]},{"@type":"ImageObject","inLanguage":"lt-LT","@id":"https:\/\/aaknives.eu\/lt\/product\/peilis-coyote-rankomis-kaltas-bulat-wootz-plieno-peilis\/#primaryimage","url":"https:\/\/aaknives.eu\/wp-content\/uploads\/2024\/10\/aaknives-hand-forged-damascus-steel-blade-knife-handmade-custom-made-knife-handcrafted-knives-autinetools-northmen-1-60-1.jpg","contentUrl":"https:\/\/aaknives.eu\/wp-content\/uploads\/2024\/10\/aaknives-hand-forged-damascus-steel-blade-knife-handmade-custom-made-knife-handcrafted-knives-autinetools-northmen-1-60-1.jpg","width":1020,"height":880},{"@type":"BreadcrumbList","@id":"https:\/\/aaknives.eu\/lt\/product\/peilis-coyote-rankomis-kaltas-bulat-wootz-plieno-peilis\/#breadcrumb","itemListElement":[{"@type":"ListItem","position":1,"name":"Home","item":"https:\/\/aaknives.eu\/lt\/"},{"@type":"ListItem","position":2,"name":"Parduotuv\u0117","item":"https:\/\/aaknives.eu\/parduotuve\/"},{"@type":"ListItem","position":3,"name":"Peilis Coyote &#8211; Rankomis kaltas Bulat &#8211; Wootz plieno peilis"}]},{"@type":"WebSite","@id":"https:\/\/aaknives.eu\/lt\/#website","url":"https:\/\/aaknives.eu\/lt\/","name":"AAKnives","description":"Handmade knives","publisher":{"@id":"https:\/\/aaknives.eu\/lt\/#organization"},"potentialAction":[{"@type":"SearchAction","target":{"@type":"EntryPoint","urlTemplate":"https:\/\/aaknives.eu\/lt\/?s={search_term_string}"},"query-input":{"@type":"PropertyValueSpecification","valueRequired":true,"valueName":"search_term_string"}}],"inLanguage":"lt-LT"},{"@type":"Organization","@id":"https:\/\/aaknives.eu\/lt\/#organization","name":"AAKnives","url":"https:\/\/aaknives.eu\/lt\/","logo":{"@type":"ImageObject","inLanguage":"lt-LT","@id":"https:\/\/aaknives.eu\/lt\/#\/schema\/logo\/image\/","url":"https:\/\/aaknives.eu\/wp-content\/uploads\/2021\/10\/AAknives_Logo_Green.png","contentUrl":"https:\/\/aaknives.eu\/wp-content\/uploads\/2021\/10\/AAknives_Logo_Green.png","width":1768,"height":1768,"caption":"AAKnives"},"image":{"@id":"https:\/\/aaknives.eu\/lt\/#\/schema\/logo\/image\/"},"sameAs":["https:\/\/www.facebook.com\/aaknives.eu\/","https:\/\/www.instagram.com\/aaknives\/","https:\/\/www.pinterest.com\/aa_knives\/","https:\/\/www.youtube.com\/channel\/UCHOQFjrOkgT6s4FIw9LDKyw\/featured"]}]}},"_links":{"self":[{"href":"https:\/\/aaknives.eu\/lt\/wp-json\/wp\/v2\/product\/89943","targetHints":{"allow":["GET"]}}],"collection":[{"href":"https:\/\/aaknives.eu\/lt\/wp-json\/wp\/v2\/product"}],"about":[{"href":"https:\/\/aaknives.eu\/lt\/wp-json\/wp\/v2\/types\/product"}],"wp:featuredmedia":[{"embeddable":true,"href":"https:\/\/aaknives.eu\/lt\/wp-json\/wp\/v2\/media\/107935"}],"wp:attachment":[{"href":"https:\/\/aaknives.eu\/lt\/wp-json\/wp\/v2\/media?parent=89943"}],"wp:term":[{"taxonomy":"product_brand","embeddable":true,"href":"https:\/\/aaknives.eu\/lt\/wp-json\/wp\/v2\/product_brand?post=89943"},{"taxonomy":"product_cat","embeddable":true,"href":"https:\/\/aaknives.eu\/lt\/wp-json\/wp\/v2\/product_cat?post=89943"},{"taxonomy":"product_tag","embeddable":true,"href":"https:\/\/aaknives.eu\/lt\/wp-json\/wp\/v2\/product_tag?post=89943"}],"curies":[{"name":"wp","href":"https:\/\/api.w.org\/{rel}","templated":true}]}}