{"id":89944,"date":"2024-10-29T01:51:55","date_gmt":"2024-10-29T01:51:55","guid":{"rendered":"https:\/\/aaknives.eu\/?post_type=product&#038;p=89944"},"modified":"2025-02-25T13:35:40","modified_gmt":"2025-02-25T13:35:40","slug":"peilis-mini-yakut-ranku-darbo-peilis-kaltinis-bulat-wootz-plieno-peilis-skirtas-desinei-rankai","status":"publish","type":"product","link":"https:\/\/aaknives.eu\/lt\/product\/peilis-mini-yakut-ranku-darbo-peilis-kaltinis-bulat-wootz-plieno-peilis-skirtas-desinei-rankai\/","title":{"rendered":"Peilis &#8220;SKINNER&#8221; &#8211; rank\u0173 darbo peilis, kaltinis Bulat-Wootz plieno a\u0161men\u0173 peilis, skirtas de\u0161inei rankai"},"content":{"rendered":"<p>Peilio specifikacijos: SKINNER<br \/>\nPlienas: rankomis kaltas Bulat plienas<br \/>\nKietumas: 62 HRC<br \/>\nA\u0161men\u0173 ilgis (mm): 110 \/ 4,33 colio<br \/>\nA\u0161men\u0173 storis (mm): 3,5 \/ 0,13 colio<br \/>\nA\u0161men\u0173 plotis (mm): 35 \/ 1,37 colio<br \/>\nRankena: afrikieti\u0161ka venge mediena + ber\u017eo \u017eiev\u0117<br \/>\nVisas ilgis (mm): 235 \/ 9,25 colio<\/p>\n<p>Bulat \u2013 Wootz Steel<br \/>\nCast carbon hand forged steel<br \/>\nwith a special blade structure, high hardness, increased durability and elasticity.<br \/>\nEach blade of Bulat steel has a distinctive individual pattern.<br \/>\n\u2018\u2019AA knives\u2019\u2019 produces knives made of alloyed crucible Bulat steel based on metal H12MF and ShH15.<\/p>\n<p>&#8220;Bulat&#8221; plieno peili\u0173 privalumai:<\/p>\n<p>Didelis kietumas<br \/>\nPadid\u0117j\u0119s patvarumas<br \/>\nElastingumas<br \/>\nIlgai i\u0161liekantis ry\u0161kumas<br \/>\nA\u0161men\u0173 kietumas 62-64 HRC.<br \/>\nRank\u0173 darbo<\/p>\n","protected":false},"excerpt":{"rendered":"<p>Peilio specifikacijos: SKINNER Plienas: rankomis kaltas Bulat plienas Kietumas: 62 HRC A\u0161men\u0173 ilgis (mm): 110 \/ 4,33 colio A\u0161men\u0173 storis (mm): 3,5 \/ 0,13 colio A\u0161men\u0173 plotis (mm): 35 \/ 1,37 colio Rankena: afrikieti\u0161ka venge mediena + ber\u017eo \u017eiev\u0117 Visas ilgis (mm): 235 \/ 9,25 colio Bulat \u2013 Wootz Steel Cast carbon hand forged steel with a special blade structure, high hardness, increased durability and elasticity. Each blade of Bulat steel has a distinctive individual pattern. \u2018\u2019AA knives\u2019\u2019 produces knives made of alloyed crucible Bulat steel based on metal H12MF and ShH15. &#8220;Bulat&#8221; plieno peili\u0173 privalumai: Didelis kietumas Padid\u0117j\u0119s patvarumas&hellip;<\/p>\n","protected":false},"featured_media":96977,"template":"","meta":{"_themeisle_gutenberg_block_has_review":false},"product_brand":[],"product_cat":[381,386,385],"product_tag":[],"class_list":{"0":"post-89944","1":"product","2":"type-product","3":"status-publish","4":"has-post-thumbnail","6":"product_cat-lauko-peiliai","7":"product_cat-medziokliniai-peiliai","8":"product_cat-zvejybos-peiliai","10":"first","11":"instock","12":"shipping-taxable","13":"purchasable","14":"product-type-simple"},"yoast_head":"<!-- This site is optimized with the Yoast SEO plugin v27.3 - https:\/\/yoast.com\/product\/yoast-seo-wordpress\/ -->\n<title>Peilis &quot;SKINNER&quot; - rank\u0173 darbo peilis, kaltinis Bulat-Wootz plieno a\u0161men\u0173 peilis, skirtas de\u0161inei rankai - AAKnives<\/title>\n<meta name=\"description\" content=\"Peilis &quot;SKINNER&quot; - rank\u0173 darbo peilis, kaltinis Bulat-Wootz plieno a\u0161men\u0173 peilis, skirtas de\u0161inei rankai\" \/>\n<meta name=\"robots\" content=\"index, follow, max-snippet:-1, max-image-preview:large, max-video-preview:-1\" \/>\n<link rel=\"canonical\" href=\"https:\/\/aaknives.eu\/lt\/product\/peilis-mini-yakut-ranku-darbo-peilis-kaltinis-bulat-wootz-plieno-peilis-skirtas-desinei-rankai\/\" \/>\n<meta property=\"og:locale\" content=\"lt_LT\" \/>\n<meta property=\"og:type\" content=\"article\" \/>\n<meta property=\"og:title\" content=\"Peilis &quot;SKINNER&quot; - rank\u0173 darbo peilis, kaltinis Bulat-Wootz plieno a\u0161men\u0173 peilis, skirtas de\u0161inei rankai - AAKnives\" \/>\n<meta property=\"og:description\" content=\"Peilis &quot;SKINNER&quot; - rank\u0173 darbo peilis, kaltinis Bulat-Wootz plieno a\u0161men\u0173 peilis, skirtas de\u0161inei rankai\" \/>\n<meta property=\"og:url\" content=\"https:\/\/aaknives.eu\/lt\/product\/peilis-mini-yakut-ranku-darbo-peilis-kaltinis-bulat-wootz-plieno-peilis-skirtas-desinei-rankai\/\" \/>\n<meta property=\"og:site_name\" content=\"AAKnives\" \/>\n<meta property=\"article:publisher\" content=\"https:\/\/www.facebook.com\/aaknives.eu\/\" \/>\n<meta property=\"article:modified_time\" content=\"2025-02-25T13:35:40+00:00\" \/>\n<meta property=\"og:image\" content=\"https:\/\/aaknives.eu\/wp-content\/uploads\/2024\/10\/aaknives-hand-forged-damascus-steel-blade-knife-handmade-custom-made-knife-handcrafted-knives-autinetools-northmen-24.2.jpg\" \/>\n\t<meta property=\"og:image:width\" content=\"1020\" \/>\n\t<meta property=\"og:image:height\" content=\"880\" \/>\n\t<meta property=\"og:image:type\" content=\"image\/jpeg\" \/>\n<meta name=\"twitter:card\" content=\"summary_large_image\" \/>\n<meta name=\"twitter:label1\" content=\"Est. reading time\" \/>\n\t<meta name=\"twitter:data1\" content=\"1 minut\u0117\" \/>\n<script type=\"application\/ld+json\" class=\"yoast-schema-graph\">{\"@context\":\"https:\\\/\\\/schema.org\",\"@graph\":[{\"@type\":\"WebPage\",\"@id\":\"https:\\\/\\\/aaknives.eu\\\/lt\\\/product\\\/peilis-mini-yakut-ranku-darbo-peilis-kaltinis-bulat-wootz-plieno-peilis-skirtas-desinei-rankai\\\/\",\"url\":\"https:\\\/\\\/aaknives.eu\\\/lt\\\/product\\\/peilis-mini-yakut-ranku-darbo-peilis-kaltinis-bulat-wootz-plieno-peilis-skirtas-desinei-rankai\\\/\",\"name\":\"Peilis \\\"SKINNER\\\" - rank\u0173 darbo peilis, kaltinis Bulat-Wootz plieno a\u0161men\u0173 peilis, skirtas de\u0161inei rankai - AAKnives\",\"isPartOf\":{\"@id\":\"https:\\\/\\\/aaknives.eu\\\/lt\\\/#website\"},\"primaryImageOfPage\":{\"@id\":\"https:\\\/\\\/aaknives.eu\\\/lt\\\/product\\\/peilis-mini-yakut-ranku-darbo-peilis-kaltinis-bulat-wootz-plieno-peilis-skirtas-desinei-rankai\\\/#primaryimage\"},\"image\":{\"@id\":\"https:\\\/\\\/aaknives.eu\\\/lt\\\/product\\\/peilis-mini-yakut-ranku-darbo-peilis-kaltinis-bulat-wootz-plieno-peilis-skirtas-desinei-rankai\\\/#primaryimage\"},\"thumbnailUrl\":\"https:\\\/\\\/aaknives.eu\\\/wp-content\\\/uploads\\\/2024\\\/10\\\/aaknives-hand-forged-damascus-steel-blade-knife-handmade-custom-made-knife-handcrafted-knives-autinetools-northmen-24.2.jpg\",\"datePublished\":\"2024-10-29T01:51:55+00:00\",\"dateModified\":\"2025-02-25T13:35:40+00:00\",\"description\":\"Peilis \\\"SKINNER\\\" - rank\u0173 darbo peilis, kaltinis Bulat-Wootz plieno a\u0161men\u0173 peilis, skirtas de\u0161inei rankai\",\"breadcrumb\":{\"@id\":\"https:\\\/\\\/aaknives.eu\\\/lt\\\/product\\\/peilis-mini-yakut-ranku-darbo-peilis-kaltinis-bulat-wootz-plieno-peilis-skirtas-desinei-rankai\\\/#breadcrumb\"},\"inLanguage\":\"lt-LT\",\"potentialAction\":[{\"@type\":\"ReadAction\",\"target\":[\"https:\\\/\\\/aaknives.eu\\\/lt\\\/product\\\/peilis-mini-yakut-ranku-darbo-peilis-kaltinis-bulat-wootz-plieno-peilis-skirtas-desinei-rankai\\\/\"]}]},{\"@type\":\"ImageObject\",\"inLanguage\":\"lt-LT\",\"@id\":\"https:\\\/\\\/aaknives.eu\\\/lt\\\/product\\\/peilis-mini-yakut-ranku-darbo-peilis-kaltinis-bulat-wootz-plieno-peilis-skirtas-desinei-rankai\\\/#primaryimage\",\"url\":\"https:\\\/\\\/aaknives.eu\\\/wp-content\\\/uploads\\\/2024\\\/10\\\/aaknives-hand-forged-damascus-steel-blade-knife-handmade-custom-made-knife-handcrafted-knives-autinetools-northmen-24.2.jpg\",\"contentUrl\":\"https:\\\/\\\/aaknives.eu\\\/wp-content\\\/uploads\\\/2024\\\/10\\\/aaknives-hand-forged-damascus-steel-blade-knife-handmade-custom-made-knife-handcrafted-knives-autinetools-northmen-24.2.jpg\",\"width\":1020,\"height\":880},{\"@type\":\"BreadcrumbList\",\"@id\":\"https:\\\/\\\/aaknives.eu\\\/lt\\\/product\\\/peilis-mini-yakut-ranku-darbo-peilis-kaltinis-bulat-wootz-plieno-peilis-skirtas-desinei-rankai\\\/#breadcrumb\",\"itemListElement\":[{\"@type\":\"ListItem\",\"position\":1,\"name\":\"Home\",\"item\":\"https:\\\/\\\/aaknives.eu\\\/lt\\\/\"},{\"@type\":\"ListItem\",\"position\":2,\"name\":\"Parduotuv\u0117\",\"item\":\"https:\\\/\\\/aaknives.eu\\\/parduotuve\\\/\"},{\"@type\":\"ListItem\",\"position\":3,\"name\":\"Private: Peilis &#8220;SKINNER&#8221; &#8211; rank\u0173 darbo peilis, kaltinis Bulat-Wootz plieno a\u0161men\u0173 peilis, skirtas de\u0161inei rankai\"}]},{\"@type\":\"WebSite\",\"@id\":\"https:\\\/\\\/aaknives.eu\\\/lt\\\/#website\",\"url\":\"https:\\\/\\\/aaknives.eu\\\/lt\\\/\",\"name\":\"AAKnives\",\"description\":\"Handmade knives\",\"publisher\":{\"@id\":\"https:\\\/\\\/aaknives.eu\\\/lt\\\/#organization\"},\"potentialAction\":[{\"@type\":\"SearchAction\",\"target\":{\"@type\":\"EntryPoint\",\"urlTemplate\":\"https:\\\/\\\/aaknives.eu\\\/lt\\\/?s={search_term_string}\"},\"query-input\":{\"@type\":\"PropertyValueSpecification\",\"valueRequired\":true,\"valueName\":\"search_term_string\"}}],\"inLanguage\":\"lt-LT\"},{\"@type\":\"Organization\",\"@id\":\"https:\\\/\\\/aaknives.eu\\\/lt\\\/#organization\",\"name\":\"AAKnives\",\"url\":\"https:\\\/\\\/aaknives.eu\\\/lt\\\/\",\"logo\":{\"@type\":\"ImageObject\",\"inLanguage\":\"lt-LT\",\"@id\":\"https:\\\/\\\/aaknives.eu\\\/lt\\\/#\\\/schema\\\/logo\\\/image\\\/\",\"url\":\"https:\\\/\\\/aaknives.eu\\\/wp-content\\\/uploads\\\/2021\\\/10\\\/AAknives_Logo_Green.png\",\"contentUrl\":\"https:\\\/\\\/aaknives.eu\\\/wp-content\\\/uploads\\\/2021\\\/10\\\/AAknives_Logo_Green.png\",\"width\":1768,\"height\":1768,\"caption\":\"AAKnives\"},\"image\":{\"@id\":\"https:\\\/\\\/aaknives.eu\\\/lt\\\/#\\\/schema\\\/logo\\\/image\\\/\"},\"sameAs\":[\"https:\\\/\\\/www.facebook.com\\\/aaknives.eu\\\/\",\"https:\\\/\\\/www.instagram.com\\\/aaknives\\\/\",\"https:\\\/\\\/www.pinterest.com\\\/aa_knives\\\/\",\"https:\\\/\\\/www.youtube.com\\\/channel\\\/UCHOQFjrOkgT6s4FIw9LDKyw\\\/featured\"]}]}<\/script>\n<!-- \/ Yoast SEO plugin. -->","yoast_head_json":{"title":"Peilis \"SKINNER\" - rank\u0173 darbo peilis, kaltinis Bulat-Wootz plieno a\u0161men\u0173 peilis, skirtas de\u0161inei rankai - AAKnives","description":"Peilis \"SKINNER\" - rank\u0173 darbo peilis, kaltinis Bulat-Wootz plieno a\u0161men\u0173 peilis, skirtas de\u0161inei rankai","robots":{"index":"index","follow":"follow","max-snippet":"max-snippet:-1","max-image-preview":"max-image-preview:large","max-video-preview":"max-video-preview:-1"},"canonical":"https:\/\/aaknives.eu\/lt\/product\/peilis-mini-yakut-ranku-darbo-peilis-kaltinis-bulat-wootz-plieno-peilis-skirtas-desinei-rankai\/","og_locale":"lt_LT","og_type":"article","og_title":"Peilis \"SKINNER\" - rank\u0173 darbo peilis, kaltinis Bulat-Wootz plieno a\u0161men\u0173 peilis, skirtas de\u0161inei rankai - AAKnives","og_description":"Peilis \"SKINNER\" - rank\u0173 darbo peilis, kaltinis Bulat-Wootz plieno a\u0161men\u0173 peilis, skirtas de\u0161inei rankai","og_url":"https:\/\/aaknives.eu\/lt\/product\/peilis-mini-yakut-ranku-darbo-peilis-kaltinis-bulat-wootz-plieno-peilis-skirtas-desinei-rankai\/","og_site_name":"AAKnives","article_publisher":"https:\/\/www.facebook.com\/aaknives.eu\/","article_modified_time":"2025-02-25T13:35:40+00:00","og_image":[{"width":1020,"height":880,"url":"https:\/\/aaknives.eu\/wp-content\/uploads\/2024\/10\/aaknives-hand-forged-damascus-steel-blade-knife-handmade-custom-made-knife-handcrafted-knives-autinetools-northmen-24.2.jpg","type":"image\/jpeg"}],"twitter_card":"summary_large_image","twitter_misc":{"Est. reading time":"1 minut\u0117"},"schema":{"@context":"https:\/\/schema.org","@graph":[{"@type":"WebPage","@id":"https:\/\/aaknives.eu\/lt\/product\/peilis-mini-yakut-ranku-darbo-peilis-kaltinis-bulat-wootz-plieno-peilis-skirtas-desinei-rankai\/","url":"https:\/\/aaknives.eu\/lt\/product\/peilis-mini-yakut-ranku-darbo-peilis-kaltinis-bulat-wootz-plieno-peilis-skirtas-desinei-rankai\/","name":"Peilis \"SKINNER\" - rank\u0173 darbo peilis, kaltinis Bulat-Wootz plieno a\u0161men\u0173 peilis, skirtas de\u0161inei rankai - AAKnives","isPartOf":{"@id":"https:\/\/aaknives.eu\/lt\/#website"},"primaryImageOfPage":{"@id":"https:\/\/aaknives.eu\/lt\/product\/peilis-mini-yakut-ranku-darbo-peilis-kaltinis-bulat-wootz-plieno-peilis-skirtas-desinei-rankai\/#primaryimage"},"image":{"@id":"https:\/\/aaknives.eu\/lt\/product\/peilis-mini-yakut-ranku-darbo-peilis-kaltinis-bulat-wootz-plieno-peilis-skirtas-desinei-rankai\/#primaryimage"},"thumbnailUrl":"https:\/\/aaknives.eu\/wp-content\/uploads\/2024\/10\/aaknives-hand-forged-damascus-steel-blade-knife-handmade-custom-made-knife-handcrafted-knives-autinetools-northmen-24.2.jpg","datePublished":"2024-10-29T01:51:55+00:00","dateModified":"2025-02-25T13:35:40+00:00","description":"Peilis \"SKINNER\" - rank\u0173 darbo peilis, kaltinis Bulat-Wootz plieno a\u0161men\u0173 peilis, skirtas de\u0161inei rankai","breadcrumb":{"@id":"https:\/\/aaknives.eu\/lt\/product\/peilis-mini-yakut-ranku-darbo-peilis-kaltinis-bulat-wootz-plieno-peilis-skirtas-desinei-rankai\/#breadcrumb"},"inLanguage":"lt-LT","potentialAction":[{"@type":"ReadAction","target":["https:\/\/aaknives.eu\/lt\/product\/peilis-mini-yakut-ranku-darbo-peilis-kaltinis-bulat-wootz-plieno-peilis-skirtas-desinei-rankai\/"]}]},{"@type":"ImageObject","inLanguage":"lt-LT","@id":"https:\/\/aaknives.eu\/lt\/product\/peilis-mini-yakut-ranku-darbo-peilis-kaltinis-bulat-wootz-plieno-peilis-skirtas-desinei-rankai\/#primaryimage","url":"https:\/\/aaknives.eu\/wp-content\/uploads\/2024\/10\/aaknives-hand-forged-damascus-steel-blade-knife-handmade-custom-made-knife-handcrafted-knives-autinetools-northmen-24.2.jpg","contentUrl":"https:\/\/aaknives.eu\/wp-content\/uploads\/2024\/10\/aaknives-hand-forged-damascus-steel-blade-knife-handmade-custom-made-knife-handcrafted-knives-autinetools-northmen-24.2.jpg","width":1020,"height":880},{"@type":"BreadcrumbList","@id":"https:\/\/aaknives.eu\/lt\/product\/peilis-mini-yakut-ranku-darbo-peilis-kaltinis-bulat-wootz-plieno-peilis-skirtas-desinei-rankai\/#breadcrumb","itemListElement":[{"@type":"ListItem","position":1,"name":"Home","item":"https:\/\/aaknives.eu\/lt\/"},{"@type":"ListItem","position":2,"name":"Parduotuv\u0117","item":"https:\/\/aaknives.eu\/parduotuve\/"},{"@type":"ListItem","position":3,"name":"Private: Peilis &#8220;SKINNER&#8221; &#8211; rank\u0173 darbo peilis, kaltinis Bulat-Wootz plieno a\u0161men\u0173 peilis, skirtas de\u0161inei rankai"}]},{"@type":"WebSite","@id":"https:\/\/aaknives.eu\/lt\/#website","url":"https:\/\/aaknives.eu\/lt\/","name":"AAKnives","description":"Handmade knives","publisher":{"@id":"https:\/\/aaknives.eu\/lt\/#organization"},"potentialAction":[{"@type":"SearchAction","target":{"@type":"EntryPoint","urlTemplate":"https:\/\/aaknives.eu\/lt\/?s={search_term_string}"},"query-input":{"@type":"PropertyValueSpecification","valueRequired":true,"valueName":"search_term_string"}}],"inLanguage":"lt-LT"},{"@type":"Organization","@id":"https:\/\/aaknives.eu\/lt\/#organization","name":"AAKnives","url":"https:\/\/aaknives.eu\/lt\/","logo":{"@type":"ImageObject","inLanguage":"lt-LT","@id":"https:\/\/aaknives.eu\/lt\/#\/schema\/logo\/image\/","url":"https:\/\/aaknives.eu\/wp-content\/uploads\/2021\/10\/AAknives_Logo_Green.png","contentUrl":"https:\/\/aaknives.eu\/wp-content\/uploads\/2021\/10\/AAknives_Logo_Green.png","width":1768,"height":1768,"caption":"AAKnives"},"image":{"@id":"https:\/\/aaknives.eu\/lt\/#\/schema\/logo\/image\/"},"sameAs":["https:\/\/www.facebook.com\/aaknives.eu\/","https:\/\/www.instagram.com\/aaknives\/","https:\/\/www.pinterest.com\/aa_knives\/","https:\/\/www.youtube.com\/channel\/UCHOQFjrOkgT6s4FIw9LDKyw\/featured"]}]}},"_links":{"self":[{"href":"https:\/\/aaknives.eu\/lt\/wp-json\/wp\/v2\/product\/89944","targetHints":{"allow":["GET"]}}],"collection":[{"href":"https:\/\/aaknives.eu\/lt\/wp-json\/wp\/v2\/product"}],"about":[{"href":"https:\/\/aaknives.eu\/lt\/wp-json\/wp\/v2\/types\/product"}],"wp:featuredmedia":[{"embeddable":true,"href":"https:\/\/aaknives.eu\/lt\/wp-json\/wp\/v2\/media\/96977"}],"wp:attachment":[{"href":"https:\/\/aaknives.eu\/lt\/wp-json\/wp\/v2\/media?parent=89944"}],"wp:term":[{"taxonomy":"product_brand","embeddable":true,"href":"https:\/\/aaknives.eu\/lt\/wp-json\/wp\/v2\/product_brand?post=89944"},{"taxonomy":"product_cat","embeddable":true,"href":"https:\/\/aaknives.eu\/lt\/wp-json\/wp\/v2\/product_cat?post=89944"},{"taxonomy":"product_tag","embeddable":true,"href":"https:\/\/aaknives.eu\/lt\/wp-json\/wp\/v2\/product_tag?post=89944"}],"curies":[{"name":"wp","href":"https:\/\/api.w.org\/{rel}","templated":true}]}}