{"id":89948,"date":"2024-10-29T01:52:45","date_gmt":"2024-10-29T01:52:45","guid":{"rendered":"https:\/\/aaknives.eu\/?post_type=product&#038;p=89948"},"modified":"2026-01-05T18:49:59","modified_gmt":"2026-01-05T18:49:59","slug":"folding-knife-rankomis-kaltas-bulat-wootz-plienas","status":"publish","type":"product","link":"https:\/\/aaknives.eu\/lt\/product\/folding-knife-rankomis-kaltas-bulat-wootz-plienas\/","title":{"rendered":"Folding knife \u2013 rankomis kaltas Bulat \u2013 Wootz plienas"},"content":{"rendered":"<p>Plienas: kaltas Bulat \u2013 Wootz plienas<br \/>\nKietumas: 62-63 HRC<br \/>\nGele\u017et\u0117s ilgis (mm): 100 \/ 3,93 colio<br \/>\nGele\u017et\u0117s storis (mm): 2 \/ 0,07 colio<br \/>\nGele\u017et\u0117s plotis (mm): 24 \/ 0,94 colio<br \/>\nRankena: stabilizuota Karelijos ber\u017eo mediena<br \/>\nBendras ilgis (mm): 227 \/ 8,93 colio<br \/>\nPeilio tipas: med\u017eioklinis, lauko<br \/>\nPakuot\u0117: peilis, odin\u0117 mak\u0161tis<\/p>\n<p>Bulat \u2013 Wootz Steel<br \/>\nCast carbon hand forged steel<br \/>\nwith a special blade structure, high hardness, increased durability and elasticity.<br \/>\nEach blade of Bulat steel has a distinctive individual pattern.<br \/>\n\u2018\u2019AA knives\u2019\u2019 produces knives made of alloyed crucible Bulat steel based on metal H12MF and ShH15.<\/p>\n<p>Peili\u0173 i\u0161 &#8220;Bulat&#8221; plieno privalumai:<\/p>\n<p>Didelis kietumas<br \/>\nPadid\u0117j\u0119s patvarumas<br \/>\nElastingumas<br \/>\nIlgai i\u0161liekantis ry\u0161kumas<br \/>\nA\u0161men\u0173 kietumas 62-64 HRC.<br \/>\nRank\u0173 darbo<\/p>\n","protected":false},"excerpt":{"rendered":"<p>Plienas: kaltas Bulat \u2013 Wootz plienas Kietumas: 62-63 HRC Gele\u017et\u0117s ilgis (mm): 100 \/ 3,93 colio Gele\u017et\u0117s storis (mm): 2 \/ 0,07 colio Gele\u017et\u0117s plotis (mm): 24 \/ 0,94 colio Rankena: stabilizuota Karelijos ber\u017eo mediena Bendras ilgis (mm): 227 \/ 8,93 colio Peilio tipas: med\u017eioklinis, lauko Pakuot\u0117: peilis, odin\u0117 mak\u0161tis Bulat \u2013 Wootz Steel Cast carbon hand forged steel with a special blade structure, high hardness, increased durability and elasticity. Each blade of Bulat steel has a distinctive individual pattern. \u2018\u2019AA knives\u2019\u2019 produces knives made of alloyed crucible Bulat steel based on metal H12MF and ShH15. Peili\u0173 i\u0161 &#8220;Bulat&#8221; plieno&hellip;<\/p>\n","protected":false},"featured_media":101955,"template":"","meta":{"_themeisle_gutenberg_block_has_review":false},"product_brand":[],"product_cat":[394,381,386,385],"product_tag":[],"class_list":{"0":"post-89948","1":"product","2":"type-product","3":"status-publish","4":"has-post-thumbnail","6":"product_cat-kiseniniai-peiliai","7":"product_cat-lauko-peiliai","8":"product_cat-medziokliniai-peiliai","9":"product_cat-zvejybos-peiliai","11":"first","12":"instock","13":"shipping-taxable","14":"purchasable","15":"product-type-simple"},"yoast_head":"<!-- This site is optimized with the Yoast SEO plugin v27.3 - https:\/\/yoast.com\/product\/yoast-seo-wordpress\/ -->\n<title>Folding knife \u2013 rankomis kaltas Bulat \u2013 Wootz plienas - AAKnives<\/title>\n<meta name=\"description\" content=\"Ki\u0161eninis peilis \u2013 rankomis kaltas Bulat \u2013 Wootz plienas\" \/>\n<meta name=\"robots\" content=\"index, follow, max-snippet:-1, max-image-preview:large, max-video-preview:-1\" \/>\n<link rel=\"canonical\" href=\"https:\/\/aaknives.eu\/lt\/product\/folding-knife-rankomis-kaltas-bulat-wootz-plienas\/\" \/>\n<meta property=\"og:locale\" content=\"lt_LT\" \/>\n<meta property=\"og:type\" content=\"article\" \/>\n<meta property=\"og:title\" content=\"Folding knife \u2013 rankomis kaltas Bulat \u2013 Wootz plienas - AAKnives\" \/>\n<meta property=\"og:description\" content=\"Ki\u0161eninis peilis \u2013 rankomis kaltas Bulat \u2013 Wootz plienas\" \/>\n<meta property=\"og:url\" content=\"https:\/\/aaknives.eu\/lt\/product\/folding-knife-rankomis-kaltas-bulat-wootz-plienas\/\" \/>\n<meta property=\"og:site_name\" content=\"AAKnives\" \/>\n<meta property=\"article:publisher\" content=\"https:\/\/www.facebook.com\/aaknives.eu\/\" \/>\n<meta property=\"article:modified_time\" content=\"2026-01-05T18:49:59+00:00\" \/>\n<meta property=\"og:image\" content=\"https:\/\/aaknives.eu\/wp-content\/uploads\/2024\/10\/aaknives-hand-forged-damascus-steel-blade-knife-handmade-custom-made-knife-handcrafted-knives-autinetools-northmen-1-134.jpg\" \/>\n\t<meta property=\"og:image:width\" content=\"1020\" \/>\n\t<meta property=\"og:image:height\" content=\"880\" \/>\n\t<meta property=\"og:image:type\" content=\"image\/jpeg\" \/>\n<meta name=\"twitter:card\" content=\"summary_large_image\" \/>\n<meta name=\"twitter:label1\" content=\"Est. reading time\" \/>\n\t<meta name=\"twitter:data1\" content=\"1 minut\u0117\" \/>\n<script type=\"application\/ld+json\" class=\"yoast-schema-graph\">{\"@context\":\"https:\\\/\\\/schema.org\",\"@graph\":[{\"@type\":\"WebPage\",\"@id\":\"https:\\\/\\\/aaknives.eu\\\/lt\\\/product\\\/folding-knife-rankomis-kaltas-bulat-wootz-plienas\\\/\",\"url\":\"https:\\\/\\\/aaknives.eu\\\/lt\\\/product\\\/folding-knife-rankomis-kaltas-bulat-wootz-plienas\\\/\",\"name\":\"Folding knife \u2013 rankomis kaltas Bulat \u2013 Wootz plienas - AAKnives\",\"isPartOf\":{\"@id\":\"https:\\\/\\\/aaknives.eu\\\/lt\\\/#website\"},\"primaryImageOfPage\":{\"@id\":\"https:\\\/\\\/aaknives.eu\\\/lt\\\/product\\\/folding-knife-rankomis-kaltas-bulat-wootz-plienas\\\/#primaryimage\"},\"image\":{\"@id\":\"https:\\\/\\\/aaknives.eu\\\/lt\\\/product\\\/folding-knife-rankomis-kaltas-bulat-wootz-plienas\\\/#primaryimage\"},\"thumbnailUrl\":\"https:\\\/\\\/aaknives.eu\\\/wp-content\\\/uploads\\\/2024\\\/10\\\/aaknives-hand-forged-damascus-steel-blade-knife-handmade-custom-made-knife-handcrafted-knives-autinetools-northmen-1-134.jpg\",\"datePublished\":\"2024-10-29T01:52:45+00:00\",\"dateModified\":\"2026-01-05T18:49:59+00:00\",\"description\":\"Ki\u0161eninis peilis \u2013 rankomis kaltas Bulat \u2013 Wootz plienas\",\"breadcrumb\":{\"@id\":\"https:\\\/\\\/aaknives.eu\\\/lt\\\/product\\\/folding-knife-rankomis-kaltas-bulat-wootz-plienas\\\/#breadcrumb\"},\"inLanguage\":\"lt-LT\",\"potentialAction\":[{\"@type\":\"ReadAction\",\"target\":[\"https:\\\/\\\/aaknives.eu\\\/lt\\\/product\\\/folding-knife-rankomis-kaltas-bulat-wootz-plienas\\\/\"]}]},{\"@type\":\"ImageObject\",\"inLanguage\":\"lt-LT\",\"@id\":\"https:\\\/\\\/aaknives.eu\\\/lt\\\/product\\\/folding-knife-rankomis-kaltas-bulat-wootz-plienas\\\/#primaryimage\",\"url\":\"https:\\\/\\\/aaknives.eu\\\/wp-content\\\/uploads\\\/2024\\\/10\\\/aaknives-hand-forged-damascus-steel-blade-knife-handmade-custom-made-knife-handcrafted-knives-autinetools-northmen-1-134.jpg\",\"contentUrl\":\"https:\\\/\\\/aaknives.eu\\\/wp-content\\\/uploads\\\/2024\\\/10\\\/aaknives-hand-forged-damascus-steel-blade-knife-handmade-custom-made-knife-handcrafted-knives-autinetools-northmen-1-134.jpg\",\"width\":1020,\"height\":880},{\"@type\":\"BreadcrumbList\",\"@id\":\"https:\\\/\\\/aaknives.eu\\\/lt\\\/product\\\/folding-knife-rankomis-kaltas-bulat-wootz-plienas\\\/#breadcrumb\",\"itemListElement\":[{\"@type\":\"ListItem\",\"position\":1,\"name\":\"Home\",\"item\":\"https:\\\/\\\/aaknives.eu\\\/lt\\\/\"},{\"@type\":\"ListItem\",\"position\":2,\"name\":\"Parduotuv\u0117\",\"item\":\"https:\\\/\\\/aaknives.eu\\\/parduotuve\\\/\"},{\"@type\":\"ListItem\",\"position\":3,\"name\":\"Folding knife \u2013 rankomis kaltas Bulat \u2013 Wootz plienas\"}]},{\"@type\":\"WebSite\",\"@id\":\"https:\\\/\\\/aaknives.eu\\\/lt\\\/#website\",\"url\":\"https:\\\/\\\/aaknives.eu\\\/lt\\\/\",\"name\":\"AAKnives\",\"description\":\"Handmade knives\",\"publisher\":{\"@id\":\"https:\\\/\\\/aaknives.eu\\\/lt\\\/#organization\"},\"potentialAction\":[{\"@type\":\"SearchAction\",\"target\":{\"@type\":\"EntryPoint\",\"urlTemplate\":\"https:\\\/\\\/aaknives.eu\\\/lt\\\/?s={search_term_string}\"},\"query-input\":{\"@type\":\"PropertyValueSpecification\",\"valueRequired\":true,\"valueName\":\"search_term_string\"}}],\"inLanguage\":\"lt-LT\"},{\"@type\":\"Organization\",\"@id\":\"https:\\\/\\\/aaknives.eu\\\/lt\\\/#organization\",\"name\":\"AAKnives\",\"url\":\"https:\\\/\\\/aaknives.eu\\\/lt\\\/\",\"logo\":{\"@type\":\"ImageObject\",\"inLanguage\":\"lt-LT\",\"@id\":\"https:\\\/\\\/aaknives.eu\\\/lt\\\/#\\\/schema\\\/logo\\\/image\\\/\",\"url\":\"https:\\\/\\\/aaknives.eu\\\/wp-content\\\/uploads\\\/2021\\\/10\\\/AAknives_Logo_Green.png\",\"contentUrl\":\"https:\\\/\\\/aaknives.eu\\\/wp-content\\\/uploads\\\/2021\\\/10\\\/AAknives_Logo_Green.png\",\"width\":1768,\"height\":1768,\"caption\":\"AAKnives\"},\"image\":{\"@id\":\"https:\\\/\\\/aaknives.eu\\\/lt\\\/#\\\/schema\\\/logo\\\/image\\\/\"},\"sameAs\":[\"https:\\\/\\\/www.facebook.com\\\/aaknives.eu\\\/\",\"https:\\\/\\\/www.instagram.com\\\/aaknives\\\/\",\"https:\\\/\\\/www.pinterest.com\\\/aa_knives\\\/\",\"https:\\\/\\\/www.youtube.com\\\/channel\\\/UCHOQFjrOkgT6s4FIw9LDKyw\\\/featured\"]}]}<\/script>\n<!-- \/ Yoast SEO plugin. -->","yoast_head_json":{"title":"Folding knife \u2013 rankomis kaltas Bulat \u2013 Wootz plienas - AAKnives","description":"Ki\u0161eninis peilis \u2013 rankomis kaltas Bulat \u2013 Wootz plienas","robots":{"index":"index","follow":"follow","max-snippet":"max-snippet:-1","max-image-preview":"max-image-preview:large","max-video-preview":"max-video-preview:-1"},"canonical":"https:\/\/aaknives.eu\/lt\/product\/folding-knife-rankomis-kaltas-bulat-wootz-plienas\/","og_locale":"lt_LT","og_type":"article","og_title":"Folding knife \u2013 rankomis kaltas Bulat \u2013 Wootz plienas - AAKnives","og_description":"Ki\u0161eninis peilis \u2013 rankomis kaltas Bulat \u2013 Wootz plienas","og_url":"https:\/\/aaknives.eu\/lt\/product\/folding-knife-rankomis-kaltas-bulat-wootz-plienas\/","og_site_name":"AAKnives","article_publisher":"https:\/\/www.facebook.com\/aaknives.eu\/","article_modified_time":"2026-01-05T18:49:59+00:00","og_image":[{"width":1020,"height":880,"url":"https:\/\/aaknives.eu\/wp-content\/uploads\/2024\/10\/aaknives-hand-forged-damascus-steel-blade-knife-handmade-custom-made-knife-handcrafted-knives-autinetools-northmen-1-134.jpg","type":"image\/jpeg"}],"twitter_card":"summary_large_image","twitter_misc":{"Est. reading time":"1 minut\u0117"},"schema":{"@context":"https:\/\/schema.org","@graph":[{"@type":"WebPage","@id":"https:\/\/aaknives.eu\/lt\/product\/folding-knife-rankomis-kaltas-bulat-wootz-plienas\/","url":"https:\/\/aaknives.eu\/lt\/product\/folding-knife-rankomis-kaltas-bulat-wootz-plienas\/","name":"Folding knife \u2013 rankomis kaltas Bulat \u2013 Wootz plienas - AAKnives","isPartOf":{"@id":"https:\/\/aaknives.eu\/lt\/#website"},"primaryImageOfPage":{"@id":"https:\/\/aaknives.eu\/lt\/product\/folding-knife-rankomis-kaltas-bulat-wootz-plienas\/#primaryimage"},"image":{"@id":"https:\/\/aaknives.eu\/lt\/product\/folding-knife-rankomis-kaltas-bulat-wootz-plienas\/#primaryimage"},"thumbnailUrl":"https:\/\/aaknives.eu\/wp-content\/uploads\/2024\/10\/aaknives-hand-forged-damascus-steel-blade-knife-handmade-custom-made-knife-handcrafted-knives-autinetools-northmen-1-134.jpg","datePublished":"2024-10-29T01:52:45+00:00","dateModified":"2026-01-05T18:49:59+00:00","description":"Ki\u0161eninis peilis \u2013 rankomis kaltas Bulat \u2013 Wootz plienas","breadcrumb":{"@id":"https:\/\/aaknives.eu\/lt\/product\/folding-knife-rankomis-kaltas-bulat-wootz-plienas\/#breadcrumb"},"inLanguage":"lt-LT","potentialAction":[{"@type":"ReadAction","target":["https:\/\/aaknives.eu\/lt\/product\/folding-knife-rankomis-kaltas-bulat-wootz-plienas\/"]}]},{"@type":"ImageObject","inLanguage":"lt-LT","@id":"https:\/\/aaknives.eu\/lt\/product\/folding-knife-rankomis-kaltas-bulat-wootz-plienas\/#primaryimage","url":"https:\/\/aaknives.eu\/wp-content\/uploads\/2024\/10\/aaknives-hand-forged-damascus-steel-blade-knife-handmade-custom-made-knife-handcrafted-knives-autinetools-northmen-1-134.jpg","contentUrl":"https:\/\/aaknives.eu\/wp-content\/uploads\/2024\/10\/aaknives-hand-forged-damascus-steel-blade-knife-handmade-custom-made-knife-handcrafted-knives-autinetools-northmen-1-134.jpg","width":1020,"height":880},{"@type":"BreadcrumbList","@id":"https:\/\/aaknives.eu\/lt\/product\/folding-knife-rankomis-kaltas-bulat-wootz-plienas\/#breadcrumb","itemListElement":[{"@type":"ListItem","position":1,"name":"Home","item":"https:\/\/aaknives.eu\/lt\/"},{"@type":"ListItem","position":2,"name":"Parduotuv\u0117","item":"https:\/\/aaknives.eu\/parduotuve\/"},{"@type":"ListItem","position":3,"name":"Folding knife \u2013 rankomis kaltas Bulat \u2013 Wootz plienas"}]},{"@type":"WebSite","@id":"https:\/\/aaknives.eu\/lt\/#website","url":"https:\/\/aaknives.eu\/lt\/","name":"AAKnives","description":"Handmade knives","publisher":{"@id":"https:\/\/aaknives.eu\/lt\/#organization"},"potentialAction":[{"@type":"SearchAction","target":{"@type":"EntryPoint","urlTemplate":"https:\/\/aaknives.eu\/lt\/?s={search_term_string}"},"query-input":{"@type":"PropertyValueSpecification","valueRequired":true,"valueName":"search_term_string"}}],"inLanguage":"lt-LT"},{"@type":"Organization","@id":"https:\/\/aaknives.eu\/lt\/#organization","name":"AAKnives","url":"https:\/\/aaknives.eu\/lt\/","logo":{"@type":"ImageObject","inLanguage":"lt-LT","@id":"https:\/\/aaknives.eu\/lt\/#\/schema\/logo\/image\/","url":"https:\/\/aaknives.eu\/wp-content\/uploads\/2021\/10\/AAknives_Logo_Green.png","contentUrl":"https:\/\/aaknives.eu\/wp-content\/uploads\/2021\/10\/AAknives_Logo_Green.png","width":1768,"height":1768,"caption":"AAKnives"},"image":{"@id":"https:\/\/aaknives.eu\/lt\/#\/schema\/logo\/image\/"},"sameAs":["https:\/\/www.facebook.com\/aaknives.eu\/","https:\/\/www.instagram.com\/aaknives\/","https:\/\/www.pinterest.com\/aa_knives\/","https:\/\/www.youtube.com\/channel\/UCHOQFjrOkgT6s4FIw9LDKyw\/featured"]}]}},"_links":{"self":[{"href":"https:\/\/aaknives.eu\/lt\/wp-json\/wp\/v2\/product\/89948","targetHints":{"allow":["GET"]}}],"collection":[{"href":"https:\/\/aaknives.eu\/lt\/wp-json\/wp\/v2\/product"}],"about":[{"href":"https:\/\/aaknives.eu\/lt\/wp-json\/wp\/v2\/types\/product"}],"wp:featuredmedia":[{"embeddable":true,"href":"https:\/\/aaknives.eu\/lt\/wp-json\/wp\/v2\/media\/101955"}],"wp:attachment":[{"href":"https:\/\/aaknives.eu\/lt\/wp-json\/wp\/v2\/media?parent=89948"}],"wp:term":[{"taxonomy":"product_brand","embeddable":true,"href":"https:\/\/aaknives.eu\/lt\/wp-json\/wp\/v2\/product_brand?post=89948"},{"taxonomy":"product_cat","embeddable":true,"href":"https:\/\/aaknives.eu\/lt\/wp-json\/wp\/v2\/product_cat?post=89948"},{"taxonomy":"product_tag","embeddable":true,"href":"https:\/\/aaknives.eu\/lt\/wp-json\/wp\/v2\/product_tag?post=89948"}],"curies":[{"name":"wp","href":"https:\/\/api.w.org\/{rel}","templated":true}]}}