{"id":89949,"date":"2024-10-29T01:52:20","date_gmt":"2024-10-29T01:52:20","guid":{"rendered":"https:\/\/aaknives.eu\/?post_type=product&#038;p=89949"},"modified":"2026-04-28T16:26:13","modified_gmt":"2026-04-28T16:26:13","slug":"peilis-rambo-pagamintas-is-gero-kalto-nerudijancio-plieno","status":"publish","type":"product","link":"https:\/\/aaknives.eu\/lt\/product\/peilis-rambo-pagamintas-is-gero-kalto-nerudijancio-plieno\/","title":{"rendered":"Peilis \u201eRAMBO\u201c pagamintas i\u0161 gero kalto ner\u016bdijan\u010dio plieno"},"content":{"rendered":"<p>Peilio specifikacijos: \u201eRAMBO\u201c<br \/>\nPlienas: kaltas ner\u016bdijantis plienas \u201eSandvik 12C27\u201c<br \/>\nKietumas: 56\u201358 HRC.<br \/>\nGele\u017et\u0117s ilgis (mm): 257 \/ 10,11 colio<br \/>\nGele\u017et\u0117s storis (mm): 4 \/ 0,15 colio<br \/>\nGele\u017et\u0117s plotis (mm): 52 \/ 2,04 colio<br \/>\nRankena: afrikieti\u0161ka venge mediena<br \/>\nBendras ilgis (mm): 386 \/ 15,19 colio<br \/>\nPeilio tipas: med\u017eioklei, lauko<br \/>\nPakuot\u0117: peilis, odinis d\u0117klas<\/p>\n<p>12C27 plienas priklauso \u201eSandvik\u201c \u0161eimai. Tai \u017eemos klas\u0117s, auk\u0161tos chromo koncentracijos plienas, gerai m\u0117gstamas peili\u0173 pramon\u0117je, nes pasi\u017eymi i\u0161skirtiniu atsparumu dilimui, korozijai ir dideliu kietumu \u2013 pagrindin\u0117mis savyb\u0117mis, kurios sukuria ideal\u0173 peilio plien\u0105.<\/p>\n<p>Be to, 12C27 plienas gana greitai \u012fgauna a\u0161trum\u0105, kitaip nei kiti didelio chromo kiekio plienai, kuriuos d\u0117l tvirt\u0173 chromo karbid\u0173 gal\u0105sti reikia ilgai. \u201eSandvik\u201c 12C27 plienas da\u017eniausiai naudojamas med\u017eiokl\u0117s peili\u0173, ki\u0161enini\u0173 peili\u0173, \u017evejybos peili\u0173, turistini\u0173 peili\u0173, taktini\u0173 peili\u0173, pa\u010di\u016b\u017e\u0173 a\u0161men\u0173 ir ledo gr\u0105\u017et\u0173 gamyboje.<\/p>\n<p>D\u0117l didelio chromo kiekio 12C27 plienas yra atsparus korozijai ir r\u016bdijimui. Be to, kadangi jis pagamintas i\u0161 ner\u016bdijan\u010dio plieno, jis yra atsparus d\u0117m\u0117ms.<\/p>\n<p>Ta\u010diau negalima tik\u0117tis, kad \u0161is i\u0161 plieno pagamintas peilis kelias dienas i\u0161liks ner\u016bdijantis vandenyje. Jei norite, kad \u0161io plieno a\u0161menys tarnaut\u0173 de\u0161imtme\u010dius, turite juos i\u0161d\u017eiovinti ir sutepti alyva po kiekvieno naudojimo arba jei planuojate juos laikyti ilgesn\u012f laik\u0105.<\/p>\n","protected":false},"excerpt":{"rendered":"<p>Peilio specifikacijos: \u201eRAMBO\u201c Plienas: kaltas ner\u016bdijantis plienas \u201eSandvik 12C27\u201c Kietumas: 56\u201358 HRC. Gele\u017et\u0117s ilgis (mm): 257 \/ 10,11 colio Gele\u017et\u0117s storis (mm): 4 \/ 0,15 colio Gele\u017et\u0117s plotis (mm): 52 \/ 2,04 colio Rankena: afrikieti\u0161ka venge mediena Bendras ilgis (mm): 386 \/ 15,19 colio Peilio tipas: med\u017eioklei, lauko Pakuot\u0117: peilis, odinis d\u0117klas 12C27 plienas priklauso \u201eSandvik\u201c \u0161eimai. Tai \u017eemos klas\u0117s, auk\u0161tos chromo koncentracijos plienas, gerai m\u0117gstamas peili\u0173 pramon\u0117je, nes pasi\u017eymi i\u0161skirtiniu atsparumu dilimui, korozijai ir dideliu kietumu \u2013 pagrindin\u0117mis savyb\u0117mis, kurios sukuria ideal\u0173 peilio plien\u0105. Be to, 12C27 plienas gana greitai \u012fgauna a\u0161trum\u0105, kitaip nei kiti didelio chromo kiekio plienai,&hellip;<\/p>\n","protected":false},"featured_media":108846,"template":"","meta":{"_themeisle_gutenberg_block_has_review":false},"product_brand":[],"product_cat":[381,386],"product_tag":[],"class_list":{"0":"post-89949","1":"product","2":"type-product","3":"status-publish","4":"has-post-thumbnail","6":"product_cat-lauko-peiliai","7":"product_cat-medziokliniai-peiliai","9":"first","10":"instock","11":"shipping-taxable","12":"purchasable","13":"product-type-simple"},"yoast_head":"<!-- This site is optimized with the Yoast SEO plugin v27.5 - https:\/\/yoast.com\/product\/yoast-seo-wordpress\/ -->\n<title>Peilis \u201eRAMBO\u201c pagamintas i\u0161 gero kalto ner\u016bdijan\u010dio plieno - AAKnives<\/title>\n<meta name=\"description\" content=\"12C27 plienas priklauso \u201eSandvik\u201c \u0161eimai. Tai \u017eemos klas\u0117s didelio chromo kiekio plienas, kuris yra populiarus peili\u0173 pramon\u0117je, nes pasi\u017eymi i\u0161skirtiniu atsparumu dilimui.\" \/>\n<meta name=\"robots\" content=\"index, follow, max-snippet:-1, max-image-preview:large, max-video-preview:-1\" \/>\n<link rel=\"canonical\" href=\"https:\/\/aaknives.eu\/lt\/product\/peilis-rambo-pagamintas-is-gero-kalto-nerudijancio-plieno\/\" \/>\n<meta property=\"og:locale\" content=\"lt_LT\" \/>\n<meta property=\"og:type\" content=\"article\" \/>\n<meta property=\"og:title\" content=\"Peilis \u201eRAMBO\u201c pagamintas i\u0161 gero kalto ner\u016bdijan\u010dio plieno - AAKnives\" \/>\n<meta property=\"og:description\" content=\"12C27 plienas priklauso \u201eSandvik\u201c \u0161eimai. Tai \u017eemos klas\u0117s didelio chromo kiekio plienas, kuris yra populiarus peili\u0173 pramon\u0117je, nes pasi\u017eymi i\u0161skirtiniu atsparumu dilimui.\" \/>\n<meta property=\"og:url\" content=\"https:\/\/aaknives.eu\/lt\/product\/peilis-rambo-pagamintas-is-gero-kalto-nerudijancio-plieno\/\" \/>\n<meta property=\"og:site_name\" content=\"AAKnives\" \/>\n<meta property=\"article:publisher\" content=\"https:\/\/www.facebook.com\/aaknives.eu\/\" \/>\n<meta property=\"article:modified_time\" content=\"2026-04-28T16:26:13+00:00\" \/>\n<meta property=\"og:image\" content=\"https:\/\/aaknives.eu\/wp-content\/uploads\/2024\/10\/aaknives-hand-forged-damascus-steel-blade-knife-handmade-custom-made-knife-handcrafted-knives-autinetools-northmen-43-1.jpg\" \/>\n\t<meta property=\"og:image:width\" content=\"1020\" \/>\n\t<meta property=\"og:image:height\" content=\"880\" \/>\n\t<meta property=\"og:image:type\" content=\"image\/jpeg\" \/>\n<meta name=\"twitter:card\" content=\"summary_large_image\" \/>\n<meta name=\"twitter:label1\" content=\"Est. reading time\" \/>\n\t<meta name=\"twitter:data1\" content=\"1 minut\u0117\" \/>\n<script type=\"application\/ld+json\" class=\"yoast-schema-graph\">{\"@context\":\"https:\\\/\\\/schema.org\",\"@graph\":[{\"@type\":\"WebPage\",\"@id\":\"https:\\\/\\\/aaknives.eu\\\/lt\\\/product\\\/peilis-rambo-pagamintas-is-gero-kalto-nerudijancio-plieno\\\/\",\"url\":\"https:\\\/\\\/aaknives.eu\\\/lt\\\/product\\\/peilis-rambo-pagamintas-is-gero-kalto-nerudijancio-plieno\\\/\",\"name\":\"Peilis \u201eRAMBO\u201c pagamintas i\u0161 gero kalto ner\u016bdijan\u010dio plieno - AAKnives\",\"isPartOf\":{\"@id\":\"https:\\\/\\\/aaknives.eu\\\/lt\\\/#website\"},\"primaryImageOfPage\":{\"@id\":\"https:\\\/\\\/aaknives.eu\\\/lt\\\/product\\\/peilis-rambo-pagamintas-is-gero-kalto-nerudijancio-plieno\\\/#primaryimage\"},\"image\":{\"@id\":\"https:\\\/\\\/aaknives.eu\\\/lt\\\/product\\\/peilis-rambo-pagamintas-is-gero-kalto-nerudijancio-plieno\\\/#primaryimage\"},\"thumbnailUrl\":\"https:\\\/\\\/aaknives.eu\\\/wp-content\\\/uploads\\\/2024\\\/10\\\/aaknives-hand-forged-damascus-steel-blade-knife-handmade-custom-made-knife-handcrafted-knives-autinetools-northmen-43-1.jpg\",\"datePublished\":\"2024-10-29T01:52:20+00:00\",\"dateModified\":\"2026-04-28T16:26:13+00:00\",\"description\":\"12C27 plienas priklauso \u201eSandvik\u201c \u0161eimai. Tai \u017eemos klas\u0117s didelio chromo kiekio plienas, kuris yra populiarus peili\u0173 pramon\u0117je, nes pasi\u017eymi i\u0161skirtiniu atsparumu dilimui.\",\"breadcrumb\":{\"@id\":\"https:\\\/\\\/aaknives.eu\\\/lt\\\/product\\\/peilis-rambo-pagamintas-is-gero-kalto-nerudijancio-plieno\\\/#breadcrumb\"},\"inLanguage\":\"lt-LT\",\"potentialAction\":[{\"@type\":\"ReadAction\",\"target\":[\"https:\\\/\\\/aaknives.eu\\\/lt\\\/product\\\/peilis-rambo-pagamintas-is-gero-kalto-nerudijancio-plieno\\\/\"]}]},{\"@type\":\"ImageObject\",\"inLanguage\":\"lt-LT\",\"@id\":\"https:\\\/\\\/aaknives.eu\\\/lt\\\/product\\\/peilis-rambo-pagamintas-is-gero-kalto-nerudijancio-plieno\\\/#primaryimage\",\"url\":\"https:\\\/\\\/aaknives.eu\\\/wp-content\\\/uploads\\\/2024\\\/10\\\/aaknives-hand-forged-damascus-steel-blade-knife-handmade-custom-made-knife-handcrafted-knives-autinetools-northmen-43-1.jpg\",\"contentUrl\":\"https:\\\/\\\/aaknives.eu\\\/wp-content\\\/uploads\\\/2024\\\/10\\\/aaknives-hand-forged-damascus-steel-blade-knife-handmade-custom-made-knife-handcrafted-knives-autinetools-northmen-43-1.jpg\",\"width\":1020,\"height\":880},{\"@type\":\"BreadcrumbList\",\"@id\":\"https:\\\/\\\/aaknives.eu\\\/lt\\\/product\\\/peilis-rambo-pagamintas-is-gero-kalto-nerudijancio-plieno\\\/#breadcrumb\",\"itemListElement\":[{\"@type\":\"ListItem\",\"position\":1,\"name\":\"Home\",\"item\":\"https:\\\/\\\/aaknives.eu\\\/lt\\\/\"},{\"@type\":\"ListItem\",\"position\":2,\"name\":\"Parduotuv\u0117\",\"item\":\"https:\\\/\\\/aaknives.eu\\\/parduotuve\\\/\"},{\"@type\":\"ListItem\",\"position\":3,\"name\":\"Peilis \u201eRAMBO\u201c pagamintas i\u0161 gero kalto ner\u016bdijan\u010dio plieno\"}]},{\"@type\":\"WebSite\",\"@id\":\"https:\\\/\\\/aaknives.eu\\\/lt\\\/#website\",\"url\":\"https:\\\/\\\/aaknives.eu\\\/lt\\\/\",\"name\":\"AAKnives\",\"description\":\"Handmade knives\",\"publisher\":{\"@id\":\"https:\\\/\\\/aaknives.eu\\\/lt\\\/#organization\"},\"potentialAction\":[{\"@type\":\"SearchAction\",\"target\":{\"@type\":\"EntryPoint\",\"urlTemplate\":\"https:\\\/\\\/aaknives.eu\\\/lt\\\/?s={search_term_string}\"},\"query-input\":{\"@type\":\"PropertyValueSpecification\",\"valueRequired\":true,\"valueName\":\"search_term_string\"}}],\"inLanguage\":\"lt-LT\"},{\"@type\":\"Organization\",\"@id\":\"https:\\\/\\\/aaknives.eu\\\/lt\\\/#organization\",\"name\":\"AAKnives\",\"url\":\"https:\\\/\\\/aaknives.eu\\\/lt\\\/\",\"logo\":{\"@type\":\"ImageObject\",\"inLanguage\":\"lt-LT\",\"@id\":\"https:\\\/\\\/aaknives.eu\\\/lt\\\/#\\\/schema\\\/logo\\\/image\\\/\",\"url\":\"https:\\\/\\\/aaknives.eu\\\/wp-content\\\/uploads\\\/2021\\\/10\\\/AAknives_Logo_Green.png\",\"contentUrl\":\"https:\\\/\\\/aaknives.eu\\\/wp-content\\\/uploads\\\/2021\\\/10\\\/AAknives_Logo_Green.png\",\"width\":1768,\"height\":1768,\"caption\":\"AAKnives\"},\"image\":{\"@id\":\"https:\\\/\\\/aaknives.eu\\\/lt\\\/#\\\/schema\\\/logo\\\/image\\\/\"},\"sameAs\":[\"https:\\\/\\\/www.facebook.com\\\/aaknives.eu\\\/\",\"https:\\\/\\\/www.instagram.com\\\/aaknives\\\/\",\"https:\\\/\\\/www.pinterest.com\\\/aa_knives\\\/\",\"https:\\\/\\\/www.youtube.com\\\/channel\\\/UCHOQFjrOkgT6s4FIw9LDKyw\\\/featured\"]}]}<\/script>\n<!-- \/ Yoast SEO plugin. -->","yoast_head_json":{"title":"Peilis \u201eRAMBO\u201c pagamintas i\u0161 gero kalto ner\u016bdijan\u010dio plieno - AAKnives","description":"12C27 plienas priklauso \u201eSandvik\u201c \u0161eimai. Tai \u017eemos klas\u0117s didelio chromo kiekio plienas, kuris yra populiarus peili\u0173 pramon\u0117je, nes pasi\u017eymi i\u0161skirtiniu atsparumu dilimui.","robots":{"index":"index","follow":"follow","max-snippet":"max-snippet:-1","max-image-preview":"max-image-preview:large","max-video-preview":"max-video-preview:-1"},"canonical":"https:\/\/aaknives.eu\/lt\/product\/peilis-rambo-pagamintas-is-gero-kalto-nerudijancio-plieno\/","og_locale":"lt_LT","og_type":"article","og_title":"Peilis \u201eRAMBO\u201c pagamintas i\u0161 gero kalto ner\u016bdijan\u010dio plieno - AAKnives","og_description":"12C27 plienas priklauso \u201eSandvik\u201c \u0161eimai. Tai \u017eemos klas\u0117s didelio chromo kiekio plienas, kuris yra populiarus peili\u0173 pramon\u0117je, nes pasi\u017eymi i\u0161skirtiniu atsparumu dilimui.","og_url":"https:\/\/aaknives.eu\/lt\/product\/peilis-rambo-pagamintas-is-gero-kalto-nerudijancio-plieno\/","og_site_name":"AAKnives","article_publisher":"https:\/\/www.facebook.com\/aaknives.eu\/","article_modified_time":"2026-04-28T16:26:13+00:00","og_image":[{"width":1020,"height":880,"url":"https:\/\/aaknives.eu\/wp-content\/uploads\/2024\/10\/aaknives-hand-forged-damascus-steel-blade-knife-handmade-custom-made-knife-handcrafted-knives-autinetools-northmen-43-1.jpg","type":"image\/jpeg"}],"twitter_card":"summary_large_image","twitter_misc":{"Est. reading time":"1 minut\u0117"},"schema":{"@context":"https:\/\/schema.org","@graph":[{"@type":"WebPage","@id":"https:\/\/aaknives.eu\/lt\/product\/peilis-rambo-pagamintas-is-gero-kalto-nerudijancio-plieno\/","url":"https:\/\/aaknives.eu\/lt\/product\/peilis-rambo-pagamintas-is-gero-kalto-nerudijancio-plieno\/","name":"Peilis \u201eRAMBO\u201c pagamintas i\u0161 gero kalto ner\u016bdijan\u010dio plieno - AAKnives","isPartOf":{"@id":"https:\/\/aaknives.eu\/lt\/#website"},"primaryImageOfPage":{"@id":"https:\/\/aaknives.eu\/lt\/product\/peilis-rambo-pagamintas-is-gero-kalto-nerudijancio-plieno\/#primaryimage"},"image":{"@id":"https:\/\/aaknives.eu\/lt\/product\/peilis-rambo-pagamintas-is-gero-kalto-nerudijancio-plieno\/#primaryimage"},"thumbnailUrl":"https:\/\/aaknives.eu\/wp-content\/uploads\/2024\/10\/aaknives-hand-forged-damascus-steel-blade-knife-handmade-custom-made-knife-handcrafted-knives-autinetools-northmen-43-1.jpg","datePublished":"2024-10-29T01:52:20+00:00","dateModified":"2026-04-28T16:26:13+00:00","description":"12C27 plienas priklauso \u201eSandvik\u201c \u0161eimai. Tai \u017eemos klas\u0117s didelio chromo kiekio plienas, kuris yra populiarus peili\u0173 pramon\u0117je, nes pasi\u017eymi i\u0161skirtiniu atsparumu dilimui.","breadcrumb":{"@id":"https:\/\/aaknives.eu\/lt\/product\/peilis-rambo-pagamintas-is-gero-kalto-nerudijancio-plieno\/#breadcrumb"},"inLanguage":"lt-LT","potentialAction":[{"@type":"ReadAction","target":["https:\/\/aaknives.eu\/lt\/product\/peilis-rambo-pagamintas-is-gero-kalto-nerudijancio-plieno\/"]}]},{"@type":"ImageObject","inLanguage":"lt-LT","@id":"https:\/\/aaknives.eu\/lt\/product\/peilis-rambo-pagamintas-is-gero-kalto-nerudijancio-plieno\/#primaryimage","url":"https:\/\/aaknives.eu\/wp-content\/uploads\/2024\/10\/aaknives-hand-forged-damascus-steel-blade-knife-handmade-custom-made-knife-handcrafted-knives-autinetools-northmen-43-1.jpg","contentUrl":"https:\/\/aaknives.eu\/wp-content\/uploads\/2024\/10\/aaknives-hand-forged-damascus-steel-blade-knife-handmade-custom-made-knife-handcrafted-knives-autinetools-northmen-43-1.jpg","width":1020,"height":880},{"@type":"BreadcrumbList","@id":"https:\/\/aaknives.eu\/lt\/product\/peilis-rambo-pagamintas-is-gero-kalto-nerudijancio-plieno\/#breadcrumb","itemListElement":[{"@type":"ListItem","position":1,"name":"Home","item":"https:\/\/aaknives.eu\/lt\/"},{"@type":"ListItem","position":2,"name":"Parduotuv\u0117","item":"https:\/\/aaknives.eu\/parduotuve\/"},{"@type":"ListItem","position":3,"name":"Peilis \u201eRAMBO\u201c pagamintas i\u0161 gero kalto ner\u016bdijan\u010dio plieno"}]},{"@type":"WebSite","@id":"https:\/\/aaknives.eu\/lt\/#website","url":"https:\/\/aaknives.eu\/lt\/","name":"AAKnives","description":"Handmade knives","publisher":{"@id":"https:\/\/aaknives.eu\/lt\/#organization"},"potentialAction":[{"@type":"SearchAction","target":{"@type":"EntryPoint","urlTemplate":"https:\/\/aaknives.eu\/lt\/?s={search_term_string}"},"query-input":{"@type":"PropertyValueSpecification","valueRequired":true,"valueName":"search_term_string"}}],"inLanguage":"lt-LT"},{"@type":"Organization","@id":"https:\/\/aaknives.eu\/lt\/#organization","name":"AAKnives","url":"https:\/\/aaknives.eu\/lt\/","logo":{"@type":"ImageObject","inLanguage":"lt-LT","@id":"https:\/\/aaknives.eu\/lt\/#\/schema\/logo\/image\/","url":"https:\/\/aaknives.eu\/wp-content\/uploads\/2021\/10\/AAknives_Logo_Green.png","contentUrl":"https:\/\/aaknives.eu\/wp-content\/uploads\/2021\/10\/AAknives_Logo_Green.png","width":1768,"height":1768,"caption":"AAKnives"},"image":{"@id":"https:\/\/aaknives.eu\/lt\/#\/schema\/logo\/image\/"},"sameAs":["https:\/\/www.facebook.com\/aaknives.eu\/","https:\/\/www.instagram.com\/aaknives\/","https:\/\/www.pinterest.com\/aa_knives\/","https:\/\/www.youtube.com\/channel\/UCHOQFjrOkgT6s4FIw9LDKyw\/featured"]}]}},"_links":{"self":[{"href":"https:\/\/aaknives.eu\/lt\/wp-json\/wp\/v2\/product\/89949","targetHints":{"allow":["GET"]}}],"collection":[{"href":"https:\/\/aaknives.eu\/lt\/wp-json\/wp\/v2\/product"}],"about":[{"href":"https:\/\/aaknives.eu\/lt\/wp-json\/wp\/v2\/types\/product"}],"wp:featuredmedia":[{"embeddable":true,"href":"https:\/\/aaknives.eu\/lt\/wp-json\/wp\/v2\/media\/108846"}],"wp:attachment":[{"href":"https:\/\/aaknives.eu\/lt\/wp-json\/wp\/v2\/media?parent=89949"}],"wp:term":[{"taxonomy":"product_brand","embeddable":true,"href":"https:\/\/aaknives.eu\/lt\/wp-json\/wp\/v2\/product_brand?post=89949"},{"taxonomy":"product_cat","embeddable":true,"href":"https:\/\/aaknives.eu\/lt\/wp-json\/wp\/v2\/product_cat?post=89949"},{"taxonomy":"product_tag","embeddable":true,"href":"https:\/\/aaknives.eu\/lt\/wp-json\/wp\/v2\/product_tag?post=89949"}],"curies":[{"name":"wp","href":"https:\/\/api.w.org\/{rel}","templated":true}]}}