{"id":89960,"date":"2024-10-29T01:51:30","date_gmt":"2024-10-29T01:51:30","guid":{"rendered":"https:\/\/aaknives.eu\/?post_type=product&#038;p=89960"},"modified":"2025-11-22T11:32:19","modified_gmt":"2025-11-22T11:32:19","slug":"peilis-zeus-rankomis-kaltas-bulat-wootz-plieno-peilis","status":"publish","type":"product","link":"https:\/\/aaknives.eu\/lt\/product\/peilis-zeus-rankomis-kaltas-bulat-wootz-plieno-peilis\/","title":{"rendered":"Peilis &#8220;FINKA&#8221; &#8211; rankomis kaltas Bulat-Wootz plieno a\u0161menys"},"content":{"rendered":"<p>Peilio specifikacijos: FINKA<br \/>\nPlienas: rankomis kaltas Bulat &#8211; Wootz plienas<br \/>\nKietumas: 61-63 HRC, i\u0161bandytas pagal kietum\u0105<br \/>\nA\u0161men\u0173 ilgis (mm): 125 \/ 4,92 colio<br \/>\nA\u0161men\u0173 storis (mm): 2,5 \/ 0,09 colio<br \/>\nA\u0161men\u0173 plotis (mm): 22 \/ 0,86 colio<br \/>\nRankena: ber\u017eo \u017eiev\u0117<br \/>\nVisas ilgis (mm): 245 \/ 9,64 colio<\/p>\n<p>Bulat &#8211; Wootz plieno<br \/>\nLietas anglies rankomis kaltas plienas<br \/>\nsu specialia a\u0161men\u0173 strukt\u016bra, dideliu kietumu, padidintu patvarumu ir elastingumu.<br \/>\nKiekvienas Bulat plieno peiliukas turi savit\u0105 individual\u0173 ra\u0161t\u0105.<br \/>\n\u201eAA peiliai\u201c gamina peilius, pagamintus i\u0161 legiruoto tiglio Bulat plieno, kurio pagrind\u0105 sudaro metalai H12MF ir ShH15.<\/p>\n<p>Peili\u0173 i\u0161 &#8220;Bulat&#8221; plieno privalumai:<\/p>\n<p>Didelis kietumas<br \/>\nPadid\u0117j\u0119s patvarumas<br \/>\nElastingumas<br \/>\nIlgai i\u0161liekantis ry\u0161kumas<br \/>\nA\u0161men\u0173 kietumas 62-64 HRC.<br \/>\nRank\u0173 darbo<\/p>\n","protected":false},"excerpt":{"rendered":"<p>Peilio specifikacijos: FINKA Plienas: rankomis kaltas Bulat &#8211; Wootz plienas Kietumas: 61-63 HRC, i\u0161bandytas pagal kietum\u0105 A\u0161men\u0173 ilgis (mm): 125 \/ 4,92 colio A\u0161men\u0173 storis (mm): 2,5 \/ 0,09 colio A\u0161men\u0173 plotis (mm): 22 \/ 0,86 colio Rankena: ber\u017eo \u017eiev\u0117 Visas ilgis (mm): 245 \/ 9,64 colio Bulat &#8211; Wootz plieno Lietas anglies rankomis kaltas plienas su specialia a\u0161men\u0173 strukt\u016bra, dideliu kietumu, padidintu patvarumu ir elastingumu. Kiekvienas Bulat plieno peiliukas turi savit\u0105 individual\u0173 ra\u0161t\u0105. \u201eAA peiliai\u201c gamina peilius, pagamintus i\u0161 legiruoto tiglio Bulat plieno, kurio pagrind\u0105 sudaro metalai H12MF ir ShH15. Peili\u0173 i\u0161 &#8220;Bulat&#8221; plieno privalumai: Didelis kietumas Padid\u0117j\u0119s patvarumas&hellip;<\/p>\n","protected":false},"featured_media":95684,"template":"","meta":{"_themeisle_gutenberg_block_has_review":false},"product_brand":[],"product_cat":[381,386,385],"product_tag":[],"class_list":{"0":"post-89960","1":"product","2":"type-product","3":"status-publish","4":"has-post-thumbnail","6":"product_cat-lauko-peiliai","7":"product_cat-medziokliniai-peiliai","8":"product_cat-zvejybos-peiliai","10":"first","11":"outofstock","12":"shipping-taxable","13":"purchasable","14":"product-type-simple"},"yoast_head":"<!-- This site is optimized with the Yoast SEO plugin v27.5 - https:\/\/yoast.com\/product\/yoast-seo-wordpress\/ -->\n<title>Peilis &quot;FINKA&quot; - rankomis kaltas Bulat-Wootz plieno a\u0161menys - AAKnives<\/title>\n<meta name=\"description\" content=\"Peilis &quot;FINKA&quot; - rankomis kaltas Bulat-Wootz plieno a\u0161menys\" \/>\n<meta name=\"robots\" content=\"index, follow, max-snippet:-1, max-image-preview:large, max-video-preview:-1\" \/>\n<link rel=\"canonical\" href=\"https:\/\/aaknives.eu\/lt\/product\/peilis-zeus-rankomis-kaltas-bulat-wootz-plieno-peilis\/\" \/>\n<meta property=\"og:locale\" content=\"lt_LT\" \/>\n<meta property=\"og:type\" content=\"article\" \/>\n<meta property=\"og:title\" content=\"Peilis &quot;FINKA&quot; - rankomis kaltas Bulat-Wootz plieno a\u0161menys - AAKnives\" \/>\n<meta property=\"og:description\" content=\"Peilis &quot;FINKA&quot; - rankomis kaltas Bulat-Wootz plieno a\u0161menys\" \/>\n<meta property=\"og:url\" content=\"https:\/\/aaknives.eu\/lt\/product\/peilis-zeus-rankomis-kaltas-bulat-wootz-plieno-peilis\/\" \/>\n<meta property=\"og:site_name\" content=\"AAKnives\" \/>\n<meta property=\"article:publisher\" content=\"https:\/\/www.facebook.com\/aaknives.eu\/\" \/>\n<meta property=\"article:modified_time\" content=\"2025-11-22T11:32:19+00:00\" \/>\n<meta property=\"og:image\" content=\"https:\/\/aaknives.eu\/wp-content\/uploads\/2024\/10\/aaknives-hand-forged-dabascus-steel-blade-knife-handmade-custom-made-knife-handcrafted-knives-autinetools-northmen-13.2-3.jpg\" \/>\n\t<meta property=\"og:image:width\" content=\"1020\" \/>\n\t<meta property=\"og:image:height\" content=\"880\" \/>\n\t<meta property=\"og:image:type\" content=\"image\/jpeg\" \/>\n<meta name=\"twitter:card\" content=\"summary_large_image\" \/>\n<meta name=\"twitter:label1\" content=\"Est. reading time\" \/>\n\t<meta name=\"twitter:data1\" content=\"1 minut\u0117\" \/>\n<script type=\"application\/ld+json\" class=\"yoast-schema-graph\">{\"@context\":\"https:\\\/\\\/schema.org\",\"@graph\":[{\"@type\":\"WebPage\",\"@id\":\"https:\\\/\\\/aaknives.eu\\\/lt\\\/product\\\/peilis-zeus-rankomis-kaltas-bulat-wootz-plieno-peilis\\\/\",\"url\":\"https:\\\/\\\/aaknives.eu\\\/lt\\\/product\\\/peilis-zeus-rankomis-kaltas-bulat-wootz-plieno-peilis\\\/\",\"name\":\"Peilis \\\"FINKA\\\" - rankomis kaltas Bulat-Wootz plieno a\u0161menys - AAKnives\",\"isPartOf\":{\"@id\":\"https:\\\/\\\/aaknives.eu\\\/lt\\\/#website\"},\"primaryImageOfPage\":{\"@id\":\"https:\\\/\\\/aaknives.eu\\\/lt\\\/product\\\/peilis-zeus-rankomis-kaltas-bulat-wootz-plieno-peilis\\\/#primaryimage\"},\"image\":{\"@id\":\"https:\\\/\\\/aaknives.eu\\\/lt\\\/product\\\/peilis-zeus-rankomis-kaltas-bulat-wootz-plieno-peilis\\\/#primaryimage\"},\"thumbnailUrl\":\"https:\\\/\\\/aaknives.eu\\\/wp-content\\\/uploads\\\/2024\\\/10\\\/aaknives-hand-forged-dabascus-steel-blade-knife-handmade-custom-made-knife-handcrafted-knives-autinetools-northmen-13.2-3.jpg\",\"datePublished\":\"2024-10-29T01:51:30+00:00\",\"dateModified\":\"2025-11-22T11:32:19+00:00\",\"description\":\"Peilis \\\"FINKA\\\" - rankomis kaltas Bulat-Wootz plieno a\u0161menys\",\"breadcrumb\":{\"@id\":\"https:\\\/\\\/aaknives.eu\\\/lt\\\/product\\\/peilis-zeus-rankomis-kaltas-bulat-wootz-plieno-peilis\\\/#breadcrumb\"},\"inLanguage\":\"lt-LT\",\"potentialAction\":[{\"@type\":\"ReadAction\",\"target\":[\"https:\\\/\\\/aaknives.eu\\\/lt\\\/product\\\/peilis-zeus-rankomis-kaltas-bulat-wootz-plieno-peilis\\\/\"]}]},{\"@type\":\"ImageObject\",\"inLanguage\":\"lt-LT\",\"@id\":\"https:\\\/\\\/aaknives.eu\\\/lt\\\/product\\\/peilis-zeus-rankomis-kaltas-bulat-wootz-plieno-peilis\\\/#primaryimage\",\"url\":\"https:\\\/\\\/aaknives.eu\\\/wp-content\\\/uploads\\\/2024\\\/10\\\/aaknives-hand-forged-dabascus-steel-blade-knife-handmade-custom-made-knife-handcrafted-knives-autinetools-northmen-13.2-3.jpg\",\"contentUrl\":\"https:\\\/\\\/aaknives.eu\\\/wp-content\\\/uploads\\\/2024\\\/10\\\/aaknives-hand-forged-dabascus-steel-blade-knife-handmade-custom-made-knife-handcrafted-knives-autinetools-northmen-13.2-3.jpg\",\"width\":1020,\"height\":880},{\"@type\":\"BreadcrumbList\",\"@id\":\"https:\\\/\\\/aaknives.eu\\\/lt\\\/product\\\/peilis-zeus-rankomis-kaltas-bulat-wootz-plieno-peilis\\\/#breadcrumb\",\"itemListElement\":[{\"@type\":\"ListItem\",\"position\":1,\"name\":\"Home\",\"item\":\"https:\\\/\\\/aaknives.eu\\\/lt\\\/\"},{\"@type\":\"ListItem\",\"position\":2,\"name\":\"Parduotuv\u0117\",\"item\":\"https:\\\/\\\/aaknives.eu\\\/parduotuve\\\/\"},{\"@type\":\"ListItem\",\"position\":3,\"name\":\"Private: Peilis &#8220;FINKA&#8221; &#8211; rankomis kaltas Bulat-Wootz plieno a\u0161menys\"}]},{\"@type\":\"WebSite\",\"@id\":\"https:\\\/\\\/aaknives.eu\\\/lt\\\/#website\",\"url\":\"https:\\\/\\\/aaknives.eu\\\/lt\\\/\",\"name\":\"AAKnives\",\"description\":\"Handmade knives\",\"publisher\":{\"@id\":\"https:\\\/\\\/aaknives.eu\\\/lt\\\/#organization\"},\"potentialAction\":[{\"@type\":\"SearchAction\",\"target\":{\"@type\":\"EntryPoint\",\"urlTemplate\":\"https:\\\/\\\/aaknives.eu\\\/lt\\\/?s={search_term_string}\"},\"query-input\":{\"@type\":\"PropertyValueSpecification\",\"valueRequired\":true,\"valueName\":\"search_term_string\"}}],\"inLanguage\":\"lt-LT\"},{\"@type\":\"Organization\",\"@id\":\"https:\\\/\\\/aaknives.eu\\\/lt\\\/#organization\",\"name\":\"AAKnives\",\"url\":\"https:\\\/\\\/aaknives.eu\\\/lt\\\/\",\"logo\":{\"@type\":\"ImageObject\",\"inLanguage\":\"lt-LT\",\"@id\":\"https:\\\/\\\/aaknives.eu\\\/lt\\\/#\\\/schema\\\/logo\\\/image\\\/\",\"url\":\"https:\\\/\\\/aaknives.eu\\\/wp-content\\\/uploads\\\/2021\\\/10\\\/AAknives_Logo_Green.png\",\"contentUrl\":\"https:\\\/\\\/aaknives.eu\\\/wp-content\\\/uploads\\\/2021\\\/10\\\/AAknives_Logo_Green.png\",\"width\":1768,\"height\":1768,\"caption\":\"AAKnives\"},\"image\":{\"@id\":\"https:\\\/\\\/aaknives.eu\\\/lt\\\/#\\\/schema\\\/logo\\\/image\\\/\"},\"sameAs\":[\"https:\\\/\\\/www.facebook.com\\\/aaknives.eu\\\/\",\"https:\\\/\\\/www.instagram.com\\\/aaknives\\\/\",\"https:\\\/\\\/www.pinterest.com\\\/aa_knives\\\/\",\"https:\\\/\\\/www.youtube.com\\\/channel\\\/UCHOQFjrOkgT6s4FIw9LDKyw\\\/featured\"]}]}<\/script>\n<!-- \/ Yoast SEO plugin. -->","yoast_head_json":{"title":"Peilis \"FINKA\" - rankomis kaltas Bulat-Wootz plieno a\u0161menys - AAKnives","description":"Peilis \"FINKA\" - rankomis kaltas Bulat-Wootz plieno a\u0161menys","robots":{"index":"index","follow":"follow","max-snippet":"max-snippet:-1","max-image-preview":"max-image-preview:large","max-video-preview":"max-video-preview:-1"},"canonical":"https:\/\/aaknives.eu\/lt\/product\/peilis-zeus-rankomis-kaltas-bulat-wootz-plieno-peilis\/","og_locale":"lt_LT","og_type":"article","og_title":"Peilis \"FINKA\" - rankomis kaltas Bulat-Wootz plieno a\u0161menys - AAKnives","og_description":"Peilis \"FINKA\" - rankomis kaltas Bulat-Wootz plieno a\u0161menys","og_url":"https:\/\/aaknives.eu\/lt\/product\/peilis-zeus-rankomis-kaltas-bulat-wootz-plieno-peilis\/","og_site_name":"AAKnives","article_publisher":"https:\/\/www.facebook.com\/aaknives.eu\/","article_modified_time":"2025-11-22T11:32:19+00:00","og_image":[{"width":1020,"height":880,"url":"https:\/\/aaknives.eu\/wp-content\/uploads\/2024\/10\/aaknives-hand-forged-dabascus-steel-blade-knife-handmade-custom-made-knife-handcrafted-knives-autinetools-northmen-13.2-3.jpg","type":"image\/jpeg"}],"twitter_card":"summary_large_image","twitter_misc":{"Est. reading time":"1 minut\u0117"},"schema":{"@context":"https:\/\/schema.org","@graph":[{"@type":"WebPage","@id":"https:\/\/aaknives.eu\/lt\/product\/peilis-zeus-rankomis-kaltas-bulat-wootz-plieno-peilis\/","url":"https:\/\/aaknives.eu\/lt\/product\/peilis-zeus-rankomis-kaltas-bulat-wootz-plieno-peilis\/","name":"Peilis \"FINKA\" - rankomis kaltas Bulat-Wootz plieno a\u0161menys - AAKnives","isPartOf":{"@id":"https:\/\/aaknives.eu\/lt\/#website"},"primaryImageOfPage":{"@id":"https:\/\/aaknives.eu\/lt\/product\/peilis-zeus-rankomis-kaltas-bulat-wootz-plieno-peilis\/#primaryimage"},"image":{"@id":"https:\/\/aaknives.eu\/lt\/product\/peilis-zeus-rankomis-kaltas-bulat-wootz-plieno-peilis\/#primaryimage"},"thumbnailUrl":"https:\/\/aaknives.eu\/wp-content\/uploads\/2024\/10\/aaknives-hand-forged-dabascus-steel-blade-knife-handmade-custom-made-knife-handcrafted-knives-autinetools-northmen-13.2-3.jpg","datePublished":"2024-10-29T01:51:30+00:00","dateModified":"2025-11-22T11:32:19+00:00","description":"Peilis \"FINKA\" - rankomis kaltas Bulat-Wootz plieno a\u0161menys","breadcrumb":{"@id":"https:\/\/aaknives.eu\/lt\/product\/peilis-zeus-rankomis-kaltas-bulat-wootz-plieno-peilis\/#breadcrumb"},"inLanguage":"lt-LT","potentialAction":[{"@type":"ReadAction","target":["https:\/\/aaknives.eu\/lt\/product\/peilis-zeus-rankomis-kaltas-bulat-wootz-plieno-peilis\/"]}]},{"@type":"ImageObject","inLanguage":"lt-LT","@id":"https:\/\/aaknives.eu\/lt\/product\/peilis-zeus-rankomis-kaltas-bulat-wootz-plieno-peilis\/#primaryimage","url":"https:\/\/aaknives.eu\/wp-content\/uploads\/2024\/10\/aaknives-hand-forged-dabascus-steel-blade-knife-handmade-custom-made-knife-handcrafted-knives-autinetools-northmen-13.2-3.jpg","contentUrl":"https:\/\/aaknives.eu\/wp-content\/uploads\/2024\/10\/aaknives-hand-forged-dabascus-steel-blade-knife-handmade-custom-made-knife-handcrafted-knives-autinetools-northmen-13.2-3.jpg","width":1020,"height":880},{"@type":"BreadcrumbList","@id":"https:\/\/aaknives.eu\/lt\/product\/peilis-zeus-rankomis-kaltas-bulat-wootz-plieno-peilis\/#breadcrumb","itemListElement":[{"@type":"ListItem","position":1,"name":"Home","item":"https:\/\/aaknives.eu\/lt\/"},{"@type":"ListItem","position":2,"name":"Parduotuv\u0117","item":"https:\/\/aaknives.eu\/parduotuve\/"},{"@type":"ListItem","position":3,"name":"Private: Peilis &#8220;FINKA&#8221; &#8211; rankomis kaltas Bulat-Wootz plieno a\u0161menys"}]},{"@type":"WebSite","@id":"https:\/\/aaknives.eu\/lt\/#website","url":"https:\/\/aaknives.eu\/lt\/","name":"AAKnives","description":"Handmade knives","publisher":{"@id":"https:\/\/aaknives.eu\/lt\/#organization"},"potentialAction":[{"@type":"SearchAction","target":{"@type":"EntryPoint","urlTemplate":"https:\/\/aaknives.eu\/lt\/?s={search_term_string}"},"query-input":{"@type":"PropertyValueSpecification","valueRequired":true,"valueName":"search_term_string"}}],"inLanguage":"lt-LT"},{"@type":"Organization","@id":"https:\/\/aaknives.eu\/lt\/#organization","name":"AAKnives","url":"https:\/\/aaknives.eu\/lt\/","logo":{"@type":"ImageObject","inLanguage":"lt-LT","@id":"https:\/\/aaknives.eu\/lt\/#\/schema\/logo\/image\/","url":"https:\/\/aaknives.eu\/wp-content\/uploads\/2021\/10\/AAknives_Logo_Green.png","contentUrl":"https:\/\/aaknives.eu\/wp-content\/uploads\/2021\/10\/AAknives_Logo_Green.png","width":1768,"height":1768,"caption":"AAKnives"},"image":{"@id":"https:\/\/aaknives.eu\/lt\/#\/schema\/logo\/image\/"},"sameAs":["https:\/\/www.facebook.com\/aaknives.eu\/","https:\/\/www.instagram.com\/aaknives\/","https:\/\/www.pinterest.com\/aa_knives\/","https:\/\/www.youtube.com\/channel\/UCHOQFjrOkgT6s4FIw9LDKyw\/featured"]}]}},"_links":{"self":[{"href":"https:\/\/aaknives.eu\/lt\/wp-json\/wp\/v2\/product\/89960","targetHints":{"allow":["GET"]}}],"collection":[{"href":"https:\/\/aaknives.eu\/lt\/wp-json\/wp\/v2\/product"}],"about":[{"href":"https:\/\/aaknives.eu\/lt\/wp-json\/wp\/v2\/types\/product"}],"wp:featuredmedia":[{"embeddable":true,"href":"https:\/\/aaknives.eu\/lt\/wp-json\/wp\/v2\/media\/95684"}],"wp:attachment":[{"href":"https:\/\/aaknives.eu\/lt\/wp-json\/wp\/v2\/media?parent=89960"}],"wp:term":[{"taxonomy":"product_brand","embeddable":true,"href":"https:\/\/aaknives.eu\/lt\/wp-json\/wp\/v2\/product_brand?post=89960"},{"taxonomy":"product_cat","embeddable":true,"href":"https:\/\/aaknives.eu\/lt\/wp-json\/wp\/v2\/product_cat?post=89960"},{"taxonomy":"product_tag","embeddable":true,"href":"https:\/\/aaknives.eu\/lt\/wp-json\/wp\/v2\/product_tag?post=89960"}],"curies":[{"name":"wp","href":"https:\/\/api.w.org\/{rel}","templated":true}]}}