{"id":89982,"date":"2024-10-29T01:51:27","date_gmt":"2024-10-29T01:51:27","guid":{"rendered":"https:\/\/aaknives.eu\/?post_type=product&#038;p=89982"},"modified":"2024-10-29T02:58:29","modified_gmt":"2024-10-29T02:58:29","slug":"peilis-wild-boar-aukstos-kokybes-kaltinis-nerudijantis-plienas","status":"publish","type":"product","link":"https:\/\/aaknives.eu\/lt\/product\/peilis-wild-boar-aukstos-kokybes-kaltinis-nerudijantis-plienas\/","title":{"rendered":"Peilis &#8221;WILD BOAR&#8221; &#8211; auk\u0161tos kokyb\u0117s kaltinis ner\u016bdijantis plienas"},"content":{"rendered":"<table border=\"0\" width=\"496\" cellspacing=\"0\" cellpadding=\"0\">\n<tbody>\n<tr>\n<td class=\"product_properties_value\" align=\"left\" valign=\"middle\">Peilio specifikacijos: &#8221;WILD BOAR&#8221;<br \/>\nPlienas: kaltinis ner\u016bdijantis plienas 65H13<br \/>\nKietumas: 56-58 HRC<br \/>\nGele\u017et\u0117s ilgis (mm): 115<br \/>\nGele\u017et\u0117s storis (mm): 3<br \/>\nA\u0161men\u0173 plotis (mm): 33<br \/>\nRankena: \u0161ermuk\u0161nis, ber\u017eas<br \/>\nBendras ilgis (mm): 235<\/td>\n<\/tr>\n<\/tbody>\n<\/table>\n","protected":false},"excerpt":{"rendered":"<p>Peilio specifikacijos: &#8221;WILD BOAR&#8221; Plienas: kaltinis ner\u016bdijantis plienas 65H13 Kietumas: 56-58 HRC Gele\u017et\u0117s ilgis (mm): 115 Gele\u017et\u0117s storis (mm): 3 A\u0161men\u0173 plotis (mm): 33 Rankena: \u0161ermuk\u0161nis, ber\u017eas Bendras ilgis (mm): 235<\/p>\n","protected":false},"featured_media":83762,"template":"","meta":{"_themeisle_gutenberg_block_has_review":false},"product_brand":[],"product_cat":[381,386],"product_tag":[],"class_list":{"0":"post-89982","1":"product","2":"type-product","3":"status-publish","4":"has-post-thumbnail","6":"product_cat-lauko-peiliai","7":"product_cat-medziokliniai-peiliai","9":"first","10":"outofstock","11":"shipping-taxable","12":"purchasable","13":"product-type-simple"},"yoast_head":"<!-- This site is optimized with the Yoast SEO plugin v27.3 - https:\/\/yoast.com\/product\/yoast-seo-wordpress\/ -->\n<title>Peilis &#039;&#039;WILD BOAR&#039;&#039; - auk\u0161tos kokyb\u0117s kaltinis ner\u016bdijantis plienas - AAKnives<\/title>\n<meta name=\"robots\" content=\"index, follow, max-snippet:-1, max-image-preview:large, max-video-preview:-1\" \/>\n<link rel=\"canonical\" href=\"https:\/\/aaknives.eu\/lt\/product\/peilis-wild-boar-aukstos-kokybes-kaltinis-nerudijantis-plienas\/\" \/>\n<meta property=\"og:locale\" content=\"lt_LT\" \/>\n<meta property=\"og:type\" content=\"article\" \/>\n<meta property=\"og:title\" content=\"Peilis &#039;&#039;WILD BOAR&#039;&#039; - auk\u0161tos kokyb\u0117s kaltinis ner\u016bdijantis plienas - AAKnives\" \/>\n<meta property=\"og:description\" content=\"Peilio specifikacijos: &#8221;WILD BOAR&#8221; Plienas: kaltinis ner\u016bdijantis plienas 65H13 Kietumas: 56-58 HRC Gele\u017et\u0117s ilgis (mm): 115 Gele\u017et\u0117s storis (mm): 3 A\u0161men\u0173 plotis (mm): 33 Rankena: \u0161ermuk\u0161nis, ber\u017eas Bendras ilgis (mm): 235\" \/>\n<meta property=\"og:url\" content=\"https:\/\/aaknives.eu\/lt\/product\/peilis-wild-boar-aukstos-kokybes-kaltinis-nerudijantis-plienas\/\" \/>\n<meta property=\"og:site_name\" content=\"AAKnives\" \/>\n<meta property=\"article:publisher\" content=\"https:\/\/www.facebook.com\/aaknives.eu\/\" \/>\n<meta property=\"article:modified_time\" content=\"2024-10-29T02:58:29+00:00\" \/>\n<meta property=\"og:image\" content=\"https:\/\/aaknives.eu\/wp-content\/uploads\/2024\/10\/aaknives-aaknife-forged-damascus-steel-blade-hand-forged-damascus-knife-handmade-custom-made-knife-handcrafted-knives-1-7-1.jpg\" \/>\n\t<meta property=\"og:image:width\" content=\"800\" \/>\n\t<meta property=\"og:image:height\" content=\"600\" \/>\n\t<meta property=\"og:image:type\" content=\"image\/jpeg\" \/>\n<meta name=\"twitter:card\" content=\"summary_large_image\" \/>\n<script type=\"application\/ld+json\" class=\"yoast-schema-graph\">{\"@context\":\"https:\\\/\\\/schema.org\",\"@graph\":[{\"@type\":\"WebPage\",\"@id\":\"https:\\\/\\\/aaknives.eu\\\/lt\\\/product\\\/peilis-wild-boar-aukstos-kokybes-kaltinis-nerudijantis-plienas\\\/\",\"url\":\"https:\\\/\\\/aaknives.eu\\\/lt\\\/product\\\/peilis-wild-boar-aukstos-kokybes-kaltinis-nerudijantis-plienas\\\/\",\"name\":\"Peilis ''WILD BOAR'' - auk\u0161tos kokyb\u0117s kaltinis ner\u016bdijantis plienas - AAKnives\",\"isPartOf\":{\"@id\":\"https:\\\/\\\/aaknives.eu\\\/lt\\\/#website\"},\"primaryImageOfPage\":{\"@id\":\"https:\\\/\\\/aaknives.eu\\\/lt\\\/product\\\/peilis-wild-boar-aukstos-kokybes-kaltinis-nerudijantis-plienas\\\/#primaryimage\"},\"image\":{\"@id\":\"https:\\\/\\\/aaknives.eu\\\/lt\\\/product\\\/peilis-wild-boar-aukstos-kokybes-kaltinis-nerudijantis-plienas\\\/#primaryimage\"},\"thumbnailUrl\":\"https:\\\/\\\/aaknives.eu\\\/wp-content\\\/uploads\\\/2024\\\/10\\\/aaknives-aaknife-forged-damascus-steel-blade-hand-forged-damascus-knife-handmade-custom-made-knife-handcrafted-knives-1-7-1.jpg\",\"datePublished\":\"2024-10-29T01:51:27+00:00\",\"dateModified\":\"2024-10-29T02:58:29+00:00\",\"breadcrumb\":{\"@id\":\"https:\\\/\\\/aaknives.eu\\\/lt\\\/product\\\/peilis-wild-boar-aukstos-kokybes-kaltinis-nerudijantis-plienas\\\/#breadcrumb\"},\"inLanguage\":\"lt-LT\",\"potentialAction\":[{\"@type\":\"ReadAction\",\"target\":[\"https:\\\/\\\/aaknives.eu\\\/lt\\\/product\\\/peilis-wild-boar-aukstos-kokybes-kaltinis-nerudijantis-plienas\\\/\"]}]},{\"@type\":\"ImageObject\",\"inLanguage\":\"lt-LT\",\"@id\":\"https:\\\/\\\/aaknives.eu\\\/lt\\\/product\\\/peilis-wild-boar-aukstos-kokybes-kaltinis-nerudijantis-plienas\\\/#primaryimage\",\"url\":\"https:\\\/\\\/aaknives.eu\\\/wp-content\\\/uploads\\\/2024\\\/10\\\/aaknives-aaknife-forged-damascus-steel-blade-hand-forged-damascus-knife-handmade-custom-made-knife-handcrafted-knives-1-7-1.jpg\",\"contentUrl\":\"https:\\\/\\\/aaknives.eu\\\/wp-content\\\/uploads\\\/2024\\\/10\\\/aaknives-aaknife-forged-damascus-steel-blade-hand-forged-damascus-knife-handmade-custom-made-knife-handcrafted-knives-1-7-1.jpg\",\"width\":800,\"height\":600},{\"@type\":\"BreadcrumbList\",\"@id\":\"https:\\\/\\\/aaknives.eu\\\/lt\\\/product\\\/peilis-wild-boar-aukstos-kokybes-kaltinis-nerudijantis-plienas\\\/#breadcrumb\",\"itemListElement\":[{\"@type\":\"ListItem\",\"position\":1,\"name\":\"Home\",\"item\":\"https:\\\/\\\/aaknives.eu\\\/lt\\\/\"},{\"@type\":\"ListItem\",\"position\":2,\"name\":\"Parduotuv\u0117\",\"item\":\"https:\\\/\\\/aaknives.eu\\\/parduotuve\\\/\"},{\"@type\":\"ListItem\",\"position\":3,\"name\":\"Peilis &#8221;WILD BOAR&#8221; &#8211; auk\u0161tos kokyb\u0117s kaltinis ner\u016bdijantis plienas\"}]},{\"@type\":\"WebSite\",\"@id\":\"https:\\\/\\\/aaknives.eu\\\/lt\\\/#website\",\"url\":\"https:\\\/\\\/aaknives.eu\\\/lt\\\/\",\"name\":\"AAKnives\",\"description\":\"Handmade knives\",\"publisher\":{\"@id\":\"https:\\\/\\\/aaknives.eu\\\/lt\\\/#organization\"},\"potentialAction\":[{\"@type\":\"SearchAction\",\"target\":{\"@type\":\"EntryPoint\",\"urlTemplate\":\"https:\\\/\\\/aaknives.eu\\\/lt\\\/?s={search_term_string}\"},\"query-input\":{\"@type\":\"PropertyValueSpecification\",\"valueRequired\":true,\"valueName\":\"search_term_string\"}}],\"inLanguage\":\"lt-LT\"},{\"@type\":\"Organization\",\"@id\":\"https:\\\/\\\/aaknives.eu\\\/lt\\\/#organization\",\"name\":\"AAKnives\",\"url\":\"https:\\\/\\\/aaknives.eu\\\/lt\\\/\",\"logo\":{\"@type\":\"ImageObject\",\"inLanguage\":\"lt-LT\",\"@id\":\"https:\\\/\\\/aaknives.eu\\\/lt\\\/#\\\/schema\\\/logo\\\/image\\\/\",\"url\":\"https:\\\/\\\/aaknives.eu\\\/wp-content\\\/uploads\\\/2021\\\/10\\\/AAknives_Logo_Green.png\",\"contentUrl\":\"https:\\\/\\\/aaknives.eu\\\/wp-content\\\/uploads\\\/2021\\\/10\\\/AAknives_Logo_Green.png\",\"width\":1768,\"height\":1768,\"caption\":\"AAKnives\"},\"image\":{\"@id\":\"https:\\\/\\\/aaknives.eu\\\/lt\\\/#\\\/schema\\\/logo\\\/image\\\/\"},\"sameAs\":[\"https:\\\/\\\/www.facebook.com\\\/aaknives.eu\\\/\",\"https:\\\/\\\/www.instagram.com\\\/aaknives\\\/\",\"https:\\\/\\\/www.pinterest.com\\\/aa_knives\\\/\",\"https:\\\/\\\/www.youtube.com\\\/channel\\\/UCHOQFjrOkgT6s4FIw9LDKyw\\\/featured\"]}]}<\/script>\n<!-- \/ Yoast SEO plugin. -->","yoast_head_json":{"title":"Peilis ''WILD BOAR'' - auk\u0161tos kokyb\u0117s kaltinis ner\u016bdijantis plienas - AAKnives","robots":{"index":"index","follow":"follow","max-snippet":"max-snippet:-1","max-image-preview":"max-image-preview:large","max-video-preview":"max-video-preview:-1"},"canonical":"https:\/\/aaknives.eu\/lt\/product\/peilis-wild-boar-aukstos-kokybes-kaltinis-nerudijantis-plienas\/","og_locale":"lt_LT","og_type":"article","og_title":"Peilis ''WILD BOAR'' - auk\u0161tos kokyb\u0117s kaltinis ner\u016bdijantis plienas - AAKnives","og_description":"Peilio specifikacijos: &#8221;WILD BOAR&#8221; Plienas: kaltinis ner\u016bdijantis plienas 65H13 Kietumas: 56-58 HRC Gele\u017et\u0117s ilgis (mm): 115 Gele\u017et\u0117s storis (mm): 3 A\u0161men\u0173 plotis (mm): 33 Rankena: \u0161ermuk\u0161nis, ber\u017eas Bendras ilgis (mm): 235","og_url":"https:\/\/aaknives.eu\/lt\/product\/peilis-wild-boar-aukstos-kokybes-kaltinis-nerudijantis-plienas\/","og_site_name":"AAKnives","article_publisher":"https:\/\/www.facebook.com\/aaknives.eu\/","article_modified_time":"2024-10-29T02:58:29+00:00","og_image":[{"width":800,"height":600,"url":"https:\/\/aaknives.eu\/wp-content\/uploads\/2024\/10\/aaknives-aaknife-forged-damascus-steel-blade-hand-forged-damascus-knife-handmade-custom-made-knife-handcrafted-knives-1-7-1.jpg","type":"image\/jpeg"}],"twitter_card":"summary_large_image","schema":{"@context":"https:\/\/schema.org","@graph":[{"@type":"WebPage","@id":"https:\/\/aaknives.eu\/lt\/product\/peilis-wild-boar-aukstos-kokybes-kaltinis-nerudijantis-plienas\/","url":"https:\/\/aaknives.eu\/lt\/product\/peilis-wild-boar-aukstos-kokybes-kaltinis-nerudijantis-plienas\/","name":"Peilis ''WILD BOAR'' - auk\u0161tos kokyb\u0117s kaltinis ner\u016bdijantis plienas - AAKnives","isPartOf":{"@id":"https:\/\/aaknives.eu\/lt\/#website"},"primaryImageOfPage":{"@id":"https:\/\/aaknives.eu\/lt\/product\/peilis-wild-boar-aukstos-kokybes-kaltinis-nerudijantis-plienas\/#primaryimage"},"image":{"@id":"https:\/\/aaknives.eu\/lt\/product\/peilis-wild-boar-aukstos-kokybes-kaltinis-nerudijantis-plienas\/#primaryimage"},"thumbnailUrl":"https:\/\/aaknives.eu\/wp-content\/uploads\/2024\/10\/aaknives-aaknife-forged-damascus-steel-blade-hand-forged-damascus-knife-handmade-custom-made-knife-handcrafted-knives-1-7-1.jpg","datePublished":"2024-10-29T01:51:27+00:00","dateModified":"2024-10-29T02:58:29+00:00","breadcrumb":{"@id":"https:\/\/aaknives.eu\/lt\/product\/peilis-wild-boar-aukstos-kokybes-kaltinis-nerudijantis-plienas\/#breadcrumb"},"inLanguage":"lt-LT","potentialAction":[{"@type":"ReadAction","target":["https:\/\/aaknives.eu\/lt\/product\/peilis-wild-boar-aukstos-kokybes-kaltinis-nerudijantis-plienas\/"]}]},{"@type":"ImageObject","inLanguage":"lt-LT","@id":"https:\/\/aaknives.eu\/lt\/product\/peilis-wild-boar-aukstos-kokybes-kaltinis-nerudijantis-plienas\/#primaryimage","url":"https:\/\/aaknives.eu\/wp-content\/uploads\/2024\/10\/aaknives-aaknife-forged-damascus-steel-blade-hand-forged-damascus-knife-handmade-custom-made-knife-handcrafted-knives-1-7-1.jpg","contentUrl":"https:\/\/aaknives.eu\/wp-content\/uploads\/2024\/10\/aaknives-aaknife-forged-damascus-steel-blade-hand-forged-damascus-knife-handmade-custom-made-knife-handcrafted-knives-1-7-1.jpg","width":800,"height":600},{"@type":"BreadcrumbList","@id":"https:\/\/aaknives.eu\/lt\/product\/peilis-wild-boar-aukstos-kokybes-kaltinis-nerudijantis-plienas\/#breadcrumb","itemListElement":[{"@type":"ListItem","position":1,"name":"Home","item":"https:\/\/aaknives.eu\/lt\/"},{"@type":"ListItem","position":2,"name":"Parduotuv\u0117","item":"https:\/\/aaknives.eu\/parduotuve\/"},{"@type":"ListItem","position":3,"name":"Peilis &#8221;WILD BOAR&#8221; &#8211; auk\u0161tos kokyb\u0117s kaltinis ner\u016bdijantis plienas"}]},{"@type":"WebSite","@id":"https:\/\/aaknives.eu\/lt\/#website","url":"https:\/\/aaknives.eu\/lt\/","name":"AAKnives","description":"Handmade knives","publisher":{"@id":"https:\/\/aaknives.eu\/lt\/#organization"},"potentialAction":[{"@type":"SearchAction","target":{"@type":"EntryPoint","urlTemplate":"https:\/\/aaknives.eu\/lt\/?s={search_term_string}"},"query-input":{"@type":"PropertyValueSpecification","valueRequired":true,"valueName":"search_term_string"}}],"inLanguage":"lt-LT"},{"@type":"Organization","@id":"https:\/\/aaknives.eu\/lt\/#organization","name":"AAKnives","url":"https:\/\/aaknives.eu\/lt\/","logo":{"@type":"ImageObject","inLanguage":"lt-LT","@id":"https:\/\/aaknives.eu\/lt\/#\/schema\/logo\/image\/","url":"https:\/\/aaknives.eu\/wp-content\/uploads\/2021\/10\/AAknives_Logo_Green.png","contentUrl":"https:\/\/aaknives.eu\/wp-content\/uploads\/2021\/10\/AAknives_Logo_Green.png","width":1768,"height":1768,"caption":"AAKnives"},"image":{"@id":"https:\/\/aaknives.eu\/lt\/#\/schema\/logo\/image\/"},"sameAs":["https:\/\/www.facebook.com\/aaknives.eu\/","https:\/\/www.instagram.com\/aaknives\/","https:\/\/www.pinterest.com\/aa_knives\/","https:\/\/www.youtube.com\/channel\/UCHOQFjrOkgT6s4FIw9LDKyw\/featured"]}]}},"_links":{"self":[{"href":"https:\/\/aaknives.eu\/lt\/wp-json\/wp\/v2\/product\/89982","targetHints":{"allow":["GET"]}}],"collection":[{"href":"https:\/\/aaknives.eu\/lt\/wp-json\/wp\/v2\/product"}],"about":[{"href":"https:\/\/aaknives.eu\/lt\/wp-json\/wp\/v2\/types\/product"}],"wp:featuredmedia":[{"embeddable":true,"href":"https:\/\/aaknives.eu\/lt\/wp-json\/wp\/v2\/media\/83762"}],"wp:attachment":[{"href":"https:\/\/aaknives.eu\/lt\/wp-json\/wp\/v2\/media?parent=89982"}],"wp:term":[{"taxonomy":"product_brand","embeddable":true,"href":"https:\/\/aaknives.eu\/lt\/wp-json\/wp\/v2\/product_brand?post=89982"},{"taxonomy":"product_cat","embeddable":true,"href":"https:\/\/aaknives.eu\/lt\/wp-json\/wp\/v2\/product_cat?post=89982"},{"taxonomy":"product_tag","embeddable":true,"href":"https:\/\/aaknives.eu\/lt\/wp-json\/wp\/v2\/product_tag?post=89982"}],"curies":[{"name":"wp","href":"https:\/\/api.w.org\/{rel}","templated":true}]}}