{"id":90797,"date":"2024-10-30T17:28:57","date_gmt":"2024-10-30T17:28:57","guid":{"rendered":"https:\/\/aaknives.eu\/?post_type=product&#038;p=90797"},"modified":"2024-10-30T17:43:37","modified_gmt":"2024-10-30T17:43:37","slug":"peilis-scandinavian-pagamintas-is-kokybisko-kaltinio-nerudijancio-plieno-kopija-2","status":"publish","type":"product","link":"https:\/\/aaknives.eu\/lt\/product\/peilis-scandinavian-pagamintas-is-kokybisko-kaltinio-nerudijancio-plieno-kopija-2\/","title":{"rendered":"Peilis &#8221;SCANDINAVIAN&#8221; pagamintas i\u0161 kokybi\u0161ko kaltinio ner\u016bdijan\u010dio plieno"},"content":{"rendered":"<p>Peilio specifikacijos: &#8221;SCANDINAVIAN&#8221;<br \/>\nPlienas: kaltas ner\u016bdijantis plienas Sandvik 12C27<br \/>\nKietumas: 56-58 HRC<br \/>\nA\u0161men\u0173 ilgis (mm): 133 \/ 5,23 colio<br \/>\nA\u0161men\u0173 storis (mm): 4 \/ 0,15 colio<br \/>\nA\u0161men\u0173 plotis (mm): 28 \/ 1,10 colio<br \/>\nRankena: Afrikos venge mediena<br \/>\nVisas ilgis (mm): 256 \/ 10,07 colio<\/p>\n<p>65\u00d713 yra auk\u0161tos kokyb\u0117s ner\u016bdijan\u010diojo plieno lydinys. \u0160is plienas laikomas universaliu plienu, kuris naudojamas \u012fvairiems peiliams gaminti. \u0160io tipo plienas yra lengvesnis u\u017e kitus ir atsparus r\u016bdims, o tai labai svarbu peiliams, kurie naudojami \u012fvairiomis oro s\u0105lygomis. Da\u017eniausiai \u0161is plienas naudojamas ma\u017eesniems ir vidutinio dyd\u017eio peiliams. \u0160io tipo plieno peiliai labai gerai i\u0161laiko a\u0161men\u0173 a\u0161trum\u0105, yra lankst\u016bs ir atspar\u016bs nusid\u0117v\u0117jimui. Juos lengva gal\u0105sti ir nereikia ypatingos prie\u017ei\u016bros, kad jie ilgai tarnaut\u0173. 65\u00d713 plienas puikiai tinka med\u017eiokl\u0117s, \u017evejybos ir grybavimo peiliams.<\/p>\n","protected":false},"excerpt":{"rendered":"<p>Peilio specifikacijos: &#8221;SCANDINAVIAN&#8221; Plienas: kaltas ner\u016bdijantis plienas Sandvik 12C27 Kietumas: 56-58 HRC A\u0161men\u0173 ilgis (mm): 133 \/ 5,23 colio A\u0161men\u0173 storis (mm): 4 \/ 0,15 colio A\u0161men\u0173 plotis (mm): 28 \/ 1,10 colio Rankena: Afrikos venge mediena Visas ilgis (mm): 256 \/ 10,07 colio 65\u00d713 yra auk\u0161tos kokyb\u0117s ner\u016bdijan\u010diojo plieno lydinys. \u0160is plienas laikomas universaliu plienu, kuris naudojamas \u012fvairiems peiliams gaminti. \u0160io tipo plienas yra lengvesnis u\u017e kitus ir atsparus r\u016bdims, o tai labai svarbu peiliams, kurie naudojami \u012fvairiomis oro s\u0105lygomis. Da\u017eniausiai \u0161is plienas naudojamas ma\u017eesniems ir vidutinio dyd\u017eio peiliams. \u0160io tipo plieno peiliai labai gerai i\u0161laiko a\u0161men\u0173 a\u0161trum\u0105, yra&hellip;<\/p>\n","protected":false},"featured_media":90805,"template":"","meta":{"_themeisle_gutenberg_block_has_review":false},"product_brand":[],"product_cat":[381,386,385],"product_tag":[],"class_list":{"0":"post-90797","1":"product","2":"type-product","3":"status-publish","4":"has-post-thumbnail","6":"product_cat-lauko-peiliai","7":"product_cat-medziokliniai-peiliai","8":"product_cat-zvejybos-peiliai","10":"first","11":"instock","12":"shipping-taxable","13":"purchasable","14":"product-type-simple"},"yoast_head":"<!-- This site is optimized with the Yoast SEO plugin v27.3 - https:\/\/yoast.com\/product\/yoast-seo-wordpress\/ -->\n<title>Peilis &#039;&#039;SCANDINAVIAN&#039;&#039; pagamintas i\u0161 kokybi\u0161ko kaltinio ner\u016bdijan\u010dio plieno - AAKnives<\/title>\n<meta name=\"description\" content=\"Peilis &#039;&#039;SCANDINAVIAN&#039;&#039; pagamintas i\u0161 kokybi\u0161ko kaltinio ner\u016bdijan\u010dio plieno\" \/>\n<meta name=\"robots\" content=\"index, follow, max-snippet:-1, max-image-preview:large, max-video-preview:-1\" \/>\n<link rel=\"canonical\" href=\"https:\/\/aaknives.eu\/lt\/product\/peilis-scandinavian-pagamintas-is-kokybisko-kaltinio-nerudijancio-plieno-kopija-2\/\" \/>\n<meta property=\"og:locale\" content=\"lt_LT\" \/>\n<meta property=\"og:type\" content=\"article\" \/>\n<meta property=\"og:title\" content=\"Peilis &#039;&#039;SCANDINAVIAN&#039;&#039; pagamintas i\u0161 kokybi\u0161ko kaltinio ner\u016bdijan\u010dio plieno - AAKnives\" \/>\n<meta property=\"og:description\" content=\"Peilis &#039;&#039;SCANDINAVIAN&#039;&#039; pagamintas i\u0161 kokybi\u0161ko kaltinio ner\u016bdijan\u010dio plieno\" \/>\n<meta property=\"og:url\" content=\"https:\/\/aaknives.eu\/lt\/product\/peilis-scandinavian-pagamintas-is-kokybisko-kaltinio-nerudijancio-plieno-kopija-2\/\" \/>\n<meta property=\"og:site_name\" content=\"AAKnives\" \/>\n<meta property=\"article:publisher\" content=\"https:\/\/www.facebook.com\/aaknives.eu\/\" \/>\n<meta property=\"article:modified_time\" content=\"2024-10-30T17:43:37+00:00\" \/>\n<meta property=\"og:image\" content=\"https:\/\/aaknives.eu\/wp-content\/uploads\/2024\/10\/aaknives-hand-forged-dabascus-steel-blade-knife-handmade-custom-made-knife-handcrafted-knives-autinetools-northmen-16.2-4.jpg\" \/>\n\t<meta property=\"og:image:width\" content=\"1020\" \/>\n\t<meta property=\"og:image:height\" content=\"880\" \/>\n\t<meta property=\"og:image:type\" content=\"image\/jpeg\" \/>\n<meta name=\"twitter:card\" content=\"summary_large_image\" \/>\n<meta name=\"twitter:label1\" content=\"Est. reading time\" \/>\n\t<meta name=\"twitter:data1\" content=\"1 minut\u0117\" \/>\n<script type=\"application\/ld+json\" class=\"yoast-schema-graph\">{\"@context\":\"https:\\\/\\\/schema.org\",\"@graph\":[{\"@type\":\"WebPage\",\"@id\":\"https:\\\/\\\/aaknives.eu\\\/lt\\\/product\\\/peilis-scandinavian-pagamintas-is-kokybisko-kaltinio-nerudijancio-plieno-kopija-2\\\/\",\"url\":\"https:\\\/\\\/aaknives.eu\\\/lt\\\/product\\\/peilis-scandinavian-pagamintas-is-kokybisko-kaltinio-nerudijancio-plieno-kopija-2\\\/\",\"name\":\"Peilis ''SCANDINAVIAN'' pagamintas i\u0161 kokybi\u0161ko kaltinio ner\u016bdijan\u010dio plieno - AAKnives\",\"isPartOf\":{\"@id\":\"https:\\\/\\\/aaknives.eu\\\/lt\\\/#website\"},\"primaryImageOfPage\":{\"@id\":\"https:\\\/\\\/aaknives.eu\\\/lt\\\/product\\\/peilis-scandinavian-pagamintas-is-kokybisko-kaltinio-nerudijancio-plieno-kopija-2\\\/#primaryimage\"},\"image\":{\"@id\":\"https:\\\/\\\/aaknives.eu\\\/lt\\\/product\\\/peilis-scandinavian-pagamintas-is-kokybisko-kaltinio-nerudijancio-plieno-kopija-2\\\/#primaryimage\"},\"thumbnailUrl\":\"https:\\\/\\\/aaknives.eu\\\/wp-content\\\/uploads\\\/2024\\\/10\\\/aaknives-hand-forged-dabascus-steel-blade-knife-handmade-custom-made-knife-handcrafted-knives-autinetools-northmen-16.2-4.jpg\",\"datePublished\":\"2024-10-30T17:28:57+00:00\",\"dateModified\":\"2024-10-30T17:43:37+00:00\",\"description\":\"Peilis ''SCANDINAVIAN'' pagamintas i\u0161 kokybi\u0161ko kaltinio ner\u016bdijan\u010dio plieno\",\"breadcrumb\":{\"@id\":\"https:\\\/\\\/aaknives.eu\\\/lt\\\/product\\\/peilis-scandinavian-pagamintas-is-kokybisko-kaltinio-nerudijancio-plieno-kopija-2\\\/#breadcrumb\"},\"inLanguage\":\"lt-LT\",\"potentialAction\":[{\"@type\":\"ReadAction\",\"target\":[\"https:\\\/\\\/aaknives.eu\\\/lt\\\/product\\\/peilis-scandinavian-pagamintas-is-kokybisko-kaltinio-nerudijancio-plieno-kopija-2\\\/\"]}]},{\"@type\":\"ImageObject\",\"inLanguage\":\"lt-LT\",\"@id\":\"https:\\\/\\\/aaknives.eu\\\/lt\\\/product\\\/peilis-scandinavian-pagamintas-is-kokybisko-kaltinio-nerudijancio-plieno-kopija-2\\\/#primaryimage\",\"url\":\"https:\\\/\\\/aaknives.eu\\\/wp-content\\\/uploads\\\/2024\\\/10\\\/aaknives-hand-forged-dabascus-steel-blade-knife-handmade-custom-made-knife-handcrafted-knives-autinetools-northmen-16.2-4.jpg\",\"contentUrl\":\"https:\\\/\\\/aaknives.eu\\\/wp-content\\\/uploads\\\/2024\\\/10\\\/aaknives-hand-forged-dabascus-steel-blade-knife-handmade-custom-made-knife-handcrafted-knives-autinetools-northmen-16.2-4.jpg\",\"width\":1020,\"height\":880},{\"@type\":\"BreadcrumbList\",\"@id\":\"https:\\\/\\\/aaknives.eu\\\/lt\\\/product\\\/peilis-scandinavian-pagamintas-is-kokybisko-kaltinio-nerudijancio-plieno-kopija-2\\\/#breadcrumb\",\"itemListElement\":[{\"@type\":\"ListItem\",\"position\":1,\"name\":\"Home\",\"item\":\"https:\\\/\\\/aaknives.eu\\\/lt\\\/\"},{\"@type\":\"ListItem\",\"position\":2,\"name\":\"Parduotuv\u0117\",\"item\":\"https:\\\/\\\/aaknives.eu\\\/parduotuve\\\/\"},{\"@type\":\"ListItem\",\"position\":3,\"name\":\"Private: Peilis &#8221;SCANDINAVIAN&#8221; pagamintas i\u0161 kokybi\u0161ko kaltinio ner\u016bdijan\u010dio plieno\"}]},{\"@type\":\"WebSite\",\"@id\":\"https:\\\/\\\/aaknives.eu\\\/lt\\\/#website\",\"url\":\"https:\\\/\\\/aaknives.eu\\\/lt\\\/\",\"name\":\"AAKnives\",\"description\":\"Handmade knives\",\"publisher\":{\"@id\":\"https:\\\/\\\/aaknives.eu\\\/lt\\\/#organization\"},\"potentialAction\":[{\"@type\":\"SearchAction\",\"target\":{\"@type\":\"EntryPoint\",\"urlTemplate\":\"https:\\\/\\\/aaknives.eu\\\/lt\\\/?s={search_term_string}\"},\"query-input\":{\"@type\":\"PropertyValueSpecification\",\"valueRequired\":true,\"valueName\":\"search_term_string\"}}],\"inLanguage\":\"lt-LT\"},{\"@type\":\"Organization\",\"@id\":\"https:\\\/\\\/aaknives.eu\\\/lt\\\/#organization\",\"name\":\"AAKnives\",\"url\":\"https:\\\/\\\/aaknives.eu\\\/lt\\\/\",\"logo\":{\"@type\":\"ImageObject\",\"inLanguage\":\"lt-LT\",\"@id\":\"https:\\\/\\\/aaknives.eu\\\/lt\\\/#\\\/schema\\\/logo\\\/image\\\/\",\"url\":\"https:\\\/\\\/aaknives.eu\\\/wp-content\\\/uploads\\\/2021\\\/10\\\/AAknives_Logo_Green.png\",\"contentUrl\":\"https:\\\/\\\/aaknives.eu\\\/wp-content\\\/uploads\\\/2021\\\/10\\\/AAknives_Logo_Green.png\",\"width\":1768,\"height\":1768,\"caption\":\"AAKnives\"},\"image\":{\"@id\":\"https:\\\/\\\/aaknives.eu\\\/lt\\\/#\\\/schema\\\/logo\\\/image\\\/\"},\"sameAs\":[\"https:\\\/\\\/www.facebook.com\\\/aaknives.eu\\\/\",\"https:\\\/\\\/www.instagram.com\\\/aaknives\\\/\",\"https:\\\/\\\/www.pinterest.com\\\/aa_knives\\\/\",\"https:\\\/\\\/www.youtube.com\\\/channel\\\/UCHOQFjrOkgT6s4FIw9LDKyw\\\/featured\"]}]}<\/script>\n<!-- \/ Yoast SEO plugin. -->","yoast_head_json":{"title":"Peilis ''SCANDINAVIAN'' pagamintas i\u0161 kokybi\u0161ko kaltinio ner\u016bdijan\u010dio plieno - AAKnives","description":"Peilis ''SCANDINAVIAN'' pagamintas i\u0161 kokybi\u0161ko kaltinio ner\u016bdijan\u010dio plieno","robots":{"index":"index","follow":"follow","max-snippet":"max-snippet:-1","max-image-preview":"max-image-preview:large","max-video-preview":"max-video-preview:-1"},"canonical":"https:\/\/aaknives.eu\/lt\/product\/peilis-scandinavian-pagamintas-is-kokybisko-kaltinio-nerudijancio-plieno-kopija-2\/","og_locale":"lt_LT","og_type":"article","og_title":"Peilis ''SCANDINAVIAN'' pagamintas i\u0161 kokybi\u0161ko kaltinio ner\u016bdijan\u010dio plieno - AAKnives","og_description":"Peilis ''SCANDINAVIAN'' pagamintas i\u0161 kokybi\u0161ko kaltinio ner\u016bdijan\u010dio plieno","og_url":"https:\/\/aaknives.eu\/lt\/product\/peilis-scandinavian-pagamintas-is-kokybisko-kaltinio-nerudijancio-plieno-kopija-2\/","og_site_name":"AAKnives","article_publisher":"https:\/\/www.facebook.com\/aaknives.eu\/","article_modified_time":"2024-10-30T17:43:37+00:00","og_image":[{"width":1020,"height":880,"url":"https:\/\/aaknives.eu\/wp-content\/uploads\/2024\/10\/aaknives-hand-forged-dabascus-steel-blade-knife-handmade-custom-made-knife-handcrafted-knives-autinetools-northmen-16.2-4.jpg","type":"image\/jpeg"}],"twitter_card":"summary_large_image","twitter_misc":{"Est. reading time":"1 minut\u0117"},"schema":{"@context":"https:\/\/schema.org","@graph":[{"@type":"WebPage","@id":"https:\/\/aaknives.eu\/lt\/product\/peilis-scandinavian-pagamintas-is-kokybisko-kaltinio-nerudijancio-plieno-kopija-2\/","url":"https:\/\/aaknives.eu\/lt\/product\/peilis-scandinavian-pagamintas-is-kokybisko-kaltinio-nerudijancio-plieno-kopija-2\/","name":"Peilis ''SCANDINAVIAN'' pagamintas i\u0161 kokybi\u0161ko kaltinio ner\u016bdijan\u010dio plieno - AAKnives","isPartOf":{"@id":"https:\/\/aaknives.eu\/lt\/#website"},"primaryImageOfPage":{"@id":"https:\/\/aaknives.eu\/lt\/product\/peilis-scandinavian-pagamintas-is-kokybisko-kaltinio-nerudijancio-plieno-kopija-2\/#primaryimage"},"image":{"@id":"https:\/\/aaknives.eu\/lt\/product\/peilis-scandinavian-pagamintas-is-kokybisko-kaltinio-nerudijancio-plieno-kopija-2\/#primaryimage"},"thumbnailUrl":"https:\/\/aaknives.eu\/wp-content\/uploads\/2024\/10\/aaknives-hand-forged-dabascus-steel-blade-knife-handmade-custom-made-knife-handcrafted-knives-autinetools-northmen-16.2-4.jpg","datePublished":"2024-10-30T17:28:57+00:00","dateModified":"2024-10-30T17:43:37+00:00","description":"Peilis ''SCANDINAVIAN'' pagamintas i\u0161 kokybi\u0161ko kaltinio ner\u016bdijan\u010dio plieno","breadcrumb":{"@id":"https:\/\/aaknives.eu\/lt\/product\/peilis-scandinavian-pagamintas-is-kokybisko-kaltinio-nerudijancio-plieno-kopija-2\/#breadcrumb"},"inLanguage":"lt-LT","potentialAction":[{"@type":"ReadAction","target":["https:\/\/aaknives.eu\/lt\/product\/peilis-scandinavian-pagamintas-is-kokybisko-kaltinio-nerudijancio-plieno-kopija-2\/"]}]},{"@type":"ImageObject","inLanguage":"lt-LT","@id":"https:\/\/aaknives.eu\/lt\/product\/peilis-scandinavian-pagamintas-is-kokybisko-kaltinio-nerudijancio-plieno-kopija-2\/#primaryimage","url":"https:\/\/aaknives.eu\/wp-content\/uploads\/2024\/10\/aaknives-hand-forged-dabascus-steel-blade-knife-handmade-custom-made-knife-handcrafted-knives-autinetools-northmen-16.2-4.jpg","contentUrl":"https:\/\/aaknives.eu\/wp-content\/uploads\/2024\/10\/aaknives-hand-forged-dabascus-steel-blade-knife-handmade-custom-made-knife-handcrafted-knives-autinetools-northmen-16.2-4.jpg","width":1020,"height":880},{"@type":"BreadcrumbList","@id":"https:\/\/aaknives.eu\/lt\/product\/peilis-scandinavian-pagamintas-is-kokybisko-kaltinio-nerudijancio-plieno-kopija-2\/#breadcrumb","itemListElement":[{"@type":"ListItem","position":1,"name":"Home","item":"https:\/\/aaknives.eu\/lt\/"},{"@type":"ListItem","position":2,"name":"Parduotuv\u0117","item":"https:\/\/aaknives.eu\/parduotuve\/"},{"@type":"ListItem","position":3,"name":"Private: Peilis &#8221;SCANDINAVIAN&#8221; pagamintas i\u0161 kokybi\u0161ko kaltinio ner\u016bdijan\u010dio plieno"}]},{"@type":"WebSite","@id":"https:\/\/aaknives.eu\/lt\/#website","url":"https:\/\/aaknives.eu\/lt\/","name":"AAKnives","description":"Handmade knives","publisher":{"@id":"https:\/\/aaknives.eu\/lt\/#organization"},"potentialAction":[{"@type":"SearchAction","target":{"@type":"EntryPoint","urlTemplate":"https:\/\/aaknives.eu\/lt\/?s={search_term_string}"},"query-input":{"@type":"PropertyValueSpecification","valueRequired":true,"valueName":"search_term_string"}}],"inLanguage":"lt-LT"},{"@type":"Organization","@id":"https:\/\/aaknives.eu\/lt\/#organization","name":"AAKnives","url":"https:\/\/aaknives.eu\/lt\/","logo":{"@type":"ImageObject","inLanguage":"lt-LT","@id":"https:\/\/aaknives.eu\/lt\/#\/schema\/logo\/image\/","url":"https:\/\/aaknives.eu\/wp-content\/uploads\/2021\/10\/AAknives_Logo_Green.png","contentUrl":"https:\/\/aaknives.eu\/wp-content\/uploads\/2021\/10\/AAknives_Logo_Green.png","width":1768,"height":1768,"caption":"AAKnives"},"image":{"@id":"https:\/\/aaknives.eu\/lt\/#\/schema\/logo\/image\/"},"sameAs":["https:\/\/www.facebook.com\/aaknives.eu\/","https:\/\/www.instagram.com\/aaknives\/","https:\/\/www.pinterest.com\/aa_knives\/","https:\/\/www.youtube.com\/channel\/UCHOQFjrOkgT6s4FIw9LDKyw\/featured"]}]}},"_links":{"self":[{"href":"https:\/\/aaknives.eu\/lt\/wp-json\/wp\/v2\/product\/90797","targetHints":{"allow":["GET"]}}],"collection":[{"href":"https:\/\/aaknives.eu\/lt\/wp-json\/wp\/v2\/product"}],"about":[{"href":"https:\/\/aaknives.eu\/lt\/wp-json\/wp\/v2\/types\/product"}],"wp:featuredmedia":[{"embeddable":true,"href":"https:\/\/aaknives.eu\/lt\/wp-json\/wp\/v2\/media\/90805"}],"wp:attachment":[{"href":"https:\/\/aaknives.eu\/lt\/wp-json\/wp\/v2\/media?parent=90797"}],"wp:term":[{"taxonomy":"product_brand","embeddable":true,"href":"https:\/\/aaknives.eu\/lt\/wp-json\/wp\/v2\/product_brand?post=90797"},{"taxonomy":"product_cat","embeddable":true,"href":"https:\/\/aaknives.eu\/lt\/wp-json\/wp\/v2\/product_cat?post=90797"},{"taxonomy":"product_tag","embeddable":true,"href":"https:\/\/aaknives.eu\/lt\/wp-json\/wp\/v2\/product_tag?post=90797"}],"curies":[{"name":"wp","href":"https:\/\/api.w.org\/{rel}","templated":true}]}}