{"id":91460,"date":"2024-11-03T21:28:24","date_gmt":"2024-11-03T21:28:24","guid":{"rendered":"https:\/\/aaknives.eu\/?post_type=product&#038;p=91460"},"modified":"2026-02-10T18:32:24","modified_gmt":"2026-02-10T18:32:24","slug":"peilis-scandinavian-rankomis-kaltas-laminuotas-nerudijantis-damasko-plienas","status":"publish","type":"product","link":"https:\/\/aaknives.eu\/lt\/product\/peilis-scandinavian-rankomis-kaltas-laminuotas-nerudijantis-damasko-plienas\/","title":{"rendered":"Peilis &#8211; SCANDINAVIAN- rankomis kaltas laminuotas ner\u016bdijantis Damasko plienas"},"content":{"rendered":"<p>Peilio specifikacijos: SCANDINAVIAN<br \/>\nPlienas: rankomis kaltas laminuotas &#8211; ner\u016bdijantis Damasko plienas<br \/>\nKietumas: 60 HRC<br \/>\nGele\u017et\u0117s ilgis (mm): 134 \/ 5,62 colio<br \/>\nGele\u017et\u0117s storis (mm): 3 \/ 0,11 colio<br \/>\nGele\u017et\u0117s plotis (mm): 28 \/ 1,10 colio<br \/>\nRankena: stabilizuota Karelijos ber\u017eo<br \/>\nBendras ilgis (mm): 263 \/ 10,35 colio<\/p>\n<p>Damasko plienas yra pla\u010diai \u017einomas kaip vienas patvariausi\u0173 peili\u0173 plien\u0173, kur\u012f renkasi med\u017eiotojai, me\u0161keriotojai ir lauko entuziastai.<\/p>\n<p>AA Knives si\u016blomas Damasko plienas yra kaltas i\u0161 trij\u0173 skirting\u0173 plien\u0173, kad b\u016bt\u0173 sukurtas gerai \u017einomas ir unikalus ra\u0161tas, apjungiantis teigiamas trij\u0173 naudojam\u0173 plien\u0173 darbines savybes &#8211; patvarum\u0105, lankstum\u0105 ir ilgalaik\u012f a\u0161trum\u0105. Manoma, kad d\u0117l puiki\u0173 pjovimo savybi\u0173 \u0161is plienas da\u017enai pranoksta ner\u016bdijan\u010dio plieno gaminius, nes jo a\u0161menys suformuoja mikropj\u016bklo formos pavir\u0161i\u0173, b\u016bding\u0105 kelioms bendrai frezuotoms plieno med\u017eiagoms. Kadangi Damasko plienas yra vienas i\u0161 r\u016bdijan\u010di\u0173 plien\u0173, ypa\u010d svarbu nepamir\u0161ti, kad j\u012f reikia tinkamai pri\u017ei\u016br\u0117ti. Lygiai taip pat, kaip parsine\u0161tum\u0117te ginkl\u0105 namo i\u0161 lietingos dienos med\u017eiokl\u0117s, nepad\u0117tum\u0117te jo nevalyto ir neapdoroto, lygiai taip pat, kaip turite r\u016bpintis savo peiliu, kuris taip pat atlieka svarb\u0173 vaidmen\u012f med\u017eiokl\u0117s procese. Damasko plieno peil\u012f po naudojimo reikia kruop\u0161\u010diai nuvalyti, nuvalyti ne\u0161varumus ir nusausinti, kad laikymo metu b\u016bt\u0173 i\u0161vengta dr\u0117gm\u0117s, kuri laikui b\u0117gant gali sukelti r\u016bdijim\u0105, ir nepamir\u0161ti apie tepim\u0105. \u0160iuo tikslu nereikia pirkti profesionali\u0173 apsaugos priemoni\u0173, nes pravers bet koks virtuv\u0117je esantis aliejus, nes med\u017eiokl\u0117s peilis beveik visada lie\u010diasi su m\u0117sa ir kitais maisto produktais, tod\u0117l nerekomenduojama naudoti mechaninio aliejaus peiliui apsaugoti. Taip pat nereik\u0117t\u0173 pamir\u0161ti reguliaraus galandimo ir reguliavimo. Vis d\u0117lto, kiekvienas gali pamir\u0161ti k\u0105 tik naudot\u0105 peil\u012f automobilyje ar krep\u0161io dugne, ir jam ten pabuvus kur\u012f laik\u0105, ant gele\u017et\u0117s atsiranda tamsi\u0173 d\u0117mi\u0173 \u2013 pirm\u0173j\u0173 r\u016bd\u017ei\u0173 po\u017eymi\u0173. Ta\u010diau nesijaudinkite, jums nereikia atsisakyti m\u0117gstamo \u012frankio! Nor\u0117dami gauti geriausi\u0105 rezultat\u0105, tiesiog nueikite \u012f bet kuri\u0105 statybini\u0173 med\u017eiag\u0173 parduotuv\u0119, nusipirkite geriausio \u0161vitrinio popieriaus (P2000\u20132500) ir lengvai patrinkite gele\u017et\u0119, kad atsikratytum\u0117te r\u016bd\u017ei\u0173 d\u0117mi\u0173. Atminkite, kad peilis tarnaus ilgiau ir veiks geriau, jei kasdien rasite \u0161iek tiek laiko jam tinkamai pri\u017ei\u016br\u0117ti, ta\u010diau jei perkant peil\u012f prie\u017ei\u016bros aspektai vis dar neai\u0161k\u016bs, \u201eAA Knives\u201c maloniai patars, kaip tinkamai pri\u017ei\u016br\u0117ti savo peil\u012f.<\/p>\n","protected":false},"excerpt":{"rendered":"<p>Peilio specifikacijos: SCANDINAVIAN Plienas: rankomis kaltas laminuotas &#8211; ner\u016bdijantis Damasko plienas Kietumas: 60 HRC Gele\u017et\u0117s ilgis (mm): 134 \/ 5,62 colio Gele\u017et\u0117s storis (mm): 3 \/ 0,11 colio Gele\u017et\u0117s plotis (mm): 28 \/ 1,10 colio Rankena: stabilizuota Karelijos ber\u017eo Bendras ilgis (mm): 263 \/ 10,35 colio Damasko plienas yra pla\u010diai \u017einomas kaip vienas patvariausi\u0173 peili\u0173 plien\u0173, kur\u012f renkasi med\u017eiotojai, me\u0161keriotojai ir lauko entuziastai. AA Knives si\u016blomas Damasko plienas yra kaltas i\u0161 trij\u0173 skirting\u0173 plien\u0173, kad b\u016bt\u0173 sukurtas gerai \u017einomas ir unikalus ra\u0161tas, apjungiantis teigiamas trij\u0173 naudojam\u0173 plien\u0173 darbines savybes &#8211; patvarum\u0105, lankstum\u0105 ir ilgalaik\u012f a\u0161trum\u0105. Manoma, kad d\u0117l puiki\u0173 pjovimo&hellip;<\/p>\n","protected":false},"featured_media":107670,"template":"","meta":{"_themeisle_gutenberg_block_has_review":false},"product_brand":[],"product_cat":[380,381,386],"product_tag":[],"class_list":{"0":"post-91460","1":"product","2":"type-product","3":"status-publish","4":"has-post-thumbnail","6":"product_cat-premium-ir-isskirtiniai-peiliai","7":"product_cat-lauko-peiliai","8":"product_cat-medziokliniai-peiliai","10":"first","11":"instock","12":"shipping-taxable","13":"purchasable","14":"product-type-simple"},"yoast_head":"<!-- This site is optimized with the Yoast SEO plugin v27.5 - https:\/\/yoast.com\/product\/yoast-seo-wordpress\/ -->\n<title>Peilis - SCANDINAVIAN- rankomis kaltas laminuotas ner\u016bdijantis Damasko plienas - AAKnives<\/title>\n<meta name=\"description\" content=\"Damasko plienas yra pla\u010diai \u017einomas kaip vienas patvariausi\u0173 peili\u0173 plien\u0173, kur\u012f renkasi med\u017eiotojai, me\u0161keriotojai ir lauko entuziastai.\" \/>\n<meta name=\"robots\" content=\"index, follow, max-snippet:-1, max-image-preview:large, max-video-preview:-1\" \/>\n<link rel=\"canonical\" href=\"https:\/\/aaknives.eu\/lt\/product\/peilis-scandinavian-rankomis-kaltas-laminuotas-nerudijantis-damasko-plienas\/\" \/>\n<meta property=\"og:locale\" content=\"lt_LT\" \/>\n<meta property=\"og:type\" content=\"article\" \/>\n<meta property=\"og:title\" content=\"Peilis - SCANDINAVIAN- rankomis kaltas laminuotas ner\u016bdijantis Damasko plienas - AAKnives\" \/>\n<meta property=\"og:description\" content=\"Damasko plienas yra pla\u010diai \u017einomas kaip vienas patvariausi\u0173 peili\u0173 plien\u0173, kur\u012f renkasi med\u017eiotojai, me\u0161keriotojai ir lauko entuziastai.\" \/>\n<meta property=\"og:url\" content=\"https:\/\/aaknives.eu\/lt\/product\/peilis-scandinavian-rankomis-kaltas-laminuotas-nerudijantis-damasko-plienas\/\" \/>\n<meta property=\"og:site_name\" content=\"AAKnives\" \/>\n<meta property=\"article:publisher\" content=\"https:\/\/www.facebook.com\/aaknives.eu\/\" \/>\n<meta property=\"article:modified_time\" content=\"2026-02-10T18:32:24+00:00\" \/>\n<meta property=\"og:image\" content=\"https:\/\/aaknives.eu\/wp-content\/uploads\/2024\/11\/aaknives-hand-forged-damascus-steel-blade-knife-handmade-custom-made-knife-handcrafted-knives-autinetools-northmen-1-84.jpg\" \/>\n\t<meta property=\"og:image:width\" content=\"1020\" \/>\n\t<meta property=\"og:image:height\" content=\"880\" \/>\n\t<meta property=\"og:image:type\" content=\"image\/jpeg\" \/>\n<meta name=\"twitter:card\" content=\"summary_large_image\" \/>\n<meta name=\"twitter:label1\" content=\"Est. reading time\" \/>\n\t<meta name=\"twitter:data1\" content=\"2 minut\u0117s\" \/>\n<script type=\"application\/ld+json\" class=\"yoast-schema-graph\">{\"@context\":\"https:\\\/\\\/schema.org\",\"@graph\":[{\"@type\":\"WebPage\",\"@id\":\"https:\\\/\\\/aaknives.eu\\\/lt\\\/product\\\/peilis-scandinavian-rankomis-kaltas-laminuotas-nerudijantis-damasko-plienas\\\/\",\"url\":\"https:\\\/\\\/aaknives.eu\\\/lt\\\/product\\\/peilis-scandinavian-rankomis-kaltas-laminuotas-nerudijantis-damasko-plienas\\\/\",\"name\":\"Peilis - SCANDINAVIAN- rankomis kaltas laminuotas ner\u016bdijantis Damasko plienas - AAKnives\",\"isPartOf\":{\"@id\":\"https:\\\/\\\/aaknives.eu\\\/lt\\\/#website\"},\"primaryImageOfPage\":{\"@id\":\"https:\\\/\\\/aaknives.eu\\\/lt\\\/product\\\/peilis-scandinavian-rankomis-kaltas-laminuotas-nerudijantis-damasko-plienas\\\/#primaryimage\"},\"image\":{\"@id\":\"https:\\\/\\\/aaknives.eu\\\/lt\\\/product\\\/peilis-scandinavian-rankomis-kaltas-laminuotas-nerudijantis-damasko-plienas\\\/#primaryimage\"},\"thumbnailUrl\":\"https:\\\/\\\/aaknives.eu\\\/wp-content\\\/uploads\\\/2024\\\/11\\\/aaknives-hand-forged-damascus-steel-blade-knife-handmade-custom-made-knife-handcrafted-knives-autinetools-northmen-1-84.jpg\",\"datePublished\":\"2024-11-03T21:28:24+00:00\",\"dateModified\":\"2026-02-10T18:32:24+00:00\",\"description\":\"Damasko plienas yra pla\u010diai \u017einomas kaip vienas patvariausi\u0173 peili\u0173 plien\u0173, kur\u012f renkasi med\u017eiotojai, me\u0161keriotojai ir lauko entuziastai.\",\"breadcrumb\":{\"@id\":\"https:\\\/\\\/aaknives.eu\\\/lt\\\/product\\\/peilis-scandinavian-rankomis-kaltas-laminuotas-nerudijantis-damasko-plienas\\\/#breadcrumb\"},\"inLanguage\":\"lt-LT\",\"potentialAction\":[{\"@type\":\"ReadAction\",\"target\":[\"https:\\\/\\\/aaknives.eu\\\/lt\\\/product\\\/peilis-scandinavian-rankomis-kaltas-laminuotas-nerudijantis-damasko-plienas\\\/\"]}]},{\"@type\":\"ImageObject\",\"inLanguage\":\"lt-LT\",\"@id\":\"https:\\\/\\\/aaknives.eu\\\/lt\\\/product\\\/peilis-scandinavian-rankomis-kaltas-laminuotas-nerudijantis-damasko-plienas\\\/#primaryimage\",\"url\":\"https:\\\/\\\/aaknives.eu\\\/wp-content\\\/uploads\\\/2024\\\/11\\\/aaknives-hand-forged-damascus-steel-blade-knife-handmade-custom-made-knife-handcrafted-knives-autinetools-northmen-1-84.jpg\",\"contentUrl\":\"https:\\\/\\\/aaknives.eu\\\/wp-content\\\/uploads\\\/2024\\\/11\\\/aaknives-hand-forged-damascus-steel-blade-knife-handmade-custom-made-knife-handcrafted-knives-autinetools-northmen-1-84.jpg\",\"width\":1020,\"height\":880},{\"@type\":\"BreadcrumbList\",\"@id\":\"https:\\\/\\\/aaknives.eu\\\/lt\\\/product\\\/peilis-scandinavian-rankomis-kaltas-laminuotas-nerudijantis-damasko-plienas\\\/#breadcrumb\",\"itemListElement\":[{\"@type\":\"ListItem\",\"position\":1,\"name\":\"Home\",\"item\":\"https:\\\/\\\/aaknives.eu\\\/lt\\\/\"},{\"@type\":\"ListItem\",\"position\":2,\"name\":\"Parduotuv\u0117\",\"item\":\"https:\\\/\\\/aaknives.eu\\\/parduotuve\\\/\"},{\"@type\":\"ListItem\",\"position\":3,\"name\":\"Peilis &#8211; SCANDINAVIAN- rankomis kaltas laminuotas ner\u016bdijantis Damasko plienas\"}]},{\"@type\":\"WebSite\",\"@id\":\"https:\\\/\\\/aaknives.eu\\\/lt\\\/#website\",\"url\":\"https:\\\/\\\/aaknives.eu\\\/lt\\\/\",\"name\":\"AAKnives\",\"description\":\"Handmade knives\",\"publisher\":{\"@id\":\"https:\\\/\\\/aaknives.eu\\\/lt\\\/#organization\"},\"potentialAction\":[{\"@type\":\"SearchAction\",\"target\":{\"@type\":\"EntryPoint\",\"urlTemplate\":\"https:\\\/\\\/aaknives.eu\\\/lt\\\/?s={search_term_string}\"},\"query-input\":{\"@type\":\"PropertyValueSpecification\",\"valueRequired\":true,\"valueName\":\"search_term_string\"}}],\"inLanguage\":\"lt-LT\"},{\"@type\":\"Organization\",\"@id\":\"https:\\\/\\\/aaknives.eu\\\/lt\\\/#organization\",\"name\":\"AAKnives\",\"url\":\"https:\\\/\\\/aaknives.eu\\\/lt\\\/\",\"logo\":{\"@type\":\"ImageObject\",\"inLanguage\":\"lt-LT\",\"@id\":\"https:\\\/\\\/aaknives.eu\\\/lt\\\/#\\\/schema\\\/logo\\\/image\\\/\",\"url\":\"https:\\\/\\\/aaknives.eu\\\/wp-content\\\/uploads\\\/2021\\\/10\\\/AAknives_Logo_Green.png\",\"contentUrl\":\"https:\\\/\\\/aaknives.eu\\\/wp-content\\\/uploads\\\/2021\\\/10\\\/AAknives_Logo_Green.png\",\"width\":1768,\"height\":1768,\"caption\":\"AAKnives\"},\"image\":{\"@id\":\"https:\\\/\\\/aaknives.eu\\\/lt\\\/#\\\/schema\\\/logo\\\/image\\\/\"},\"sameAs\":[\"https:\\\/\\\/www.facebook.com\\\/aaknives.eu\\\/\",\"https:\\\/\\\/www.instagram.com\\\/aaknives\\\/\",\"https:\\\/\\\/www.pinterest.com\\\/aa_knives\\\/\",\"https:\\\/\\\/www.youtube.com\\\/channel\\\/UCHOQFjrOkgT6s4FIw9LDKyw\\\/featured\"]}]}<\/script>\n<!-- \/ Yoast SEO plugin. -->","yoast_head_json":{"title":"Peilis - SCANDINAVIAN- rankomis kaltas laminuotas ner\u016bdijantis Damasko plienas - AAKnives","description":"Damasko plienas yra pla\u010diai \u017einomas kaip vienas patvariausi\u0173 peili\u0173 plien\u0173, kur\u012f renkasi med\u017eiotojai, me\u0161keriotojai ir lauko entuziastai.","robots":{"index":"index","follow":"follow","max-snippet":"max-snippet:-1","max-image-preview":"max-image-preview:large","max-video-preview":"max-video-preview:-1"},"canonical":"https:\/\/aaknives.eu\/lt\/product\/peilis-scandinavian-rankomis-kaltas-laminuotas-nerudijantis-damasko-plienas\/","og_locale":"lt_LT","og_type":"article","og_title":"Peilis - SCANDINAVIAN- rankomis kaltas laminuotas ner\u016bdijantis Damasko plienas - AAKnives","og_description":"Damasko plienas yra pla\u010diai \u017einomas kaip vienas patvariausi\u0173 peili\u0173 plien\u0173, kur\u012f renkasi med\u017eiotojai, me\u0161keriotojai ir lauko entuziastai.","og_url":"https:\/\/aaknives.eu\/lt\/product\/peilis-scandinavian-rankomis-kaltas-laminuotas-nerudijantis-damasko-plienas\/","og_site_name":"AAKnives","article_publisher":"https:\/\/www.facebook.com\/aaknives.eu\/","article_modified_time":"2026-02-10T18:32:24+00:00","og_image":[{"width":1020,"height":880,"url":"https:\/\/aaknives.eu\/wp-content\/uploads\/2024\/11\/aaknives-hand-forged-damascus-steel-blade-knife-handmade-custom-made-knife-handcrafted-knives-autinetools-northmen-1-84.jpg","type":"image\/jpeg"}],"twitter_card":"summary_large_image","twitter_misc":{"Est. reading time":"2 minut\u0117s"},"schema":{"@context":"https:\/\/schema.org","@graph":[{"@type":"WebPage","@id":"https:\/\/aaknives.eu\/lt\/product\/peilis-scandinavian-rankomis-kaltas-laminuotas-nerudijantis-damasko-plienas\/","url":"https:\/\/aaknives.eu\/lt\/product\/peilis-scandinavian-rankomis-kaltas-laminuotas-nerudijantis-damasko-plienas\/","name":"Peilis - SCANDINAVIAN- rankomis kaltas laminuotas ner\u016bdijantis Damasko plienas - AAKnives","isPartOf":{"@id":"https:\/\/aaknives.eu\/lt\/#website"},"primaryImageOfPage":{"@id":"https:\/\/aaknives.eu\/lt\/product\/peilis-scandinavian-rankomis-kaltas-laminuotas-nerudijantis-damasko-plienas\/#primaryimage"},"image":{"@id":"https:\/\/aaknives.eu\/lt\/product\/peilis-scandinavian-rankomis-kaltas-laminuotas-nerudijantis-damasko-plienas\/#primaryimage"},"thumbnailUrl":"https:\/\/aaknives.eu\/wp-content\/uploads\/2024\/11\/aaknives-hand-forged-damascus-steel-blade-knife-handmade-custom-made-knife-handcrafted-knives-autinetools-northmen-1-84.jpg","datePublished":"2024-11-03T21:28:24+00:00","dateModified":"2026-02-10T18:32:24+00:00","description":"Damasko plienas yra pla\u010diai \u017einomas kaip vienas patvariausi\u0173 peili\u0173 plien\u0173, kur\u012f renkasi med\u017eiotojai, me\u0161keriotojai ir lauko entuziastai.","breadcrumb":{"@id":"https:\/\/aaknives.eu\/lt\/product\/peilis-scandinavian-rankomis-kaltas-laminuotas-nerudijantis-damasko-plienas\/#breadcrumb"},"inLanguage":"lt-LT","potentialAction":[{"@type":"ReadAction","target":["https:\/\/aaknives.eu\/lt\/product\/peilis-scandinavian-rankomis-kaltas-laminuotas-nerudijantis-damasko-plienas\/"]}]},{"@type":"ImageObject","inLanguage":"lt-LT","@id":"https:\/\/aaknives.eu\/lt\/product\/peilis-scandinavian-rankomis-kaltas-laminuotas-nerudijantis-damasko-plienas\/#primaryimage","url":"https:\/\/aaknives.eu\/wp-content\/uploads\/2024\/11\/aaknives-hand-forged-damascus-steel-blade-knife-handmade-custom-made-knife-handcrafted-knives-autinetools-northmen-1-84.jpg","contentUrl":"https:\/\/aaknives.eu\/wp-content\/uploads\/2024\/11\/aaknives-hand-forged-damascus-steel-blade-knife-handmade-custom-made-knife-handcrafted-knives-autinetools-northmen-1-84.jpg","width":1020,"height":880},{"@type":"BreadcrumbList","@id":"https:\/\/aaknives.eu\/lt\/product\/peilis-scandinavian-rankomis-kaltas-laminuotas-nerudijantis-damasko-plienas\/#breadcrumb","itemListElement":[{"@type":"ListItem","position":1,"name":"Home","item":"https:\/\/aaknives.eu\/lt\/"},{"@type":"ListItem","position":2,"name":"Parduotuv\u0117","item":"https:\/\/aaknives.eu\/parduotuve\/"},{"@type":"ListItem","position":3,"name":"Peilis &#8211; SCANDINAVIAN- rankomis kaltas laminuotas ner\u016bdijantis Damasko plienas"}]},{"@type":"WebSite","@id":"https:\/\/aaknives.eu\/lt\/#website","url":"https:\/\/aaknives.eu\/lt\/","name":"AAKnives","description":"Handmade knives","publisher":{"@id":"https:\/\/aaknives.eu\/lt\/#organization"},"potentialAction":[{"@type":"SearchAction","target":{"@type":"EntryPoint","urlTemplate":"https:\/\/aaknives.eu\/lt\/?s={search_term_string}"},"query-input":{"@type":"PropertyValueSpecification","valueRequired":true,"valueName":"search_term_string"}}],"inLanguage":"lt-LT"},{"@type":"Organization","@id":"https:\/\/aaknives.eu\/lt\/#organization","name":"AAKnives","url":"https:\/\/aaknives.eu\/lt\/","logo":{"@type":"ImageObject","inLanguage":"lt-LT","@id":"https:\/\/aaknives.eu\/lt\/#\/schema\/logo\/image\/","url":"https:\/\/aaknives.eu\/wp-content\/uploads\/2021\/10\/AAknives_Logo_Green.png","contentUrl":"https:\/\/aaknives.eu\/wp-content\/uploads\/2021\/10\/AAknives_Logo_Green.png","width":1768,"height":1768,"caption":"AAKnives"},"image":{"@id":"https:\/\/aaknives.eu\/lt\/#\/schema\/logo\/image\/"},"sameAs":["https:\/\/www.facebook.com\/aaknives.eu\/","https:\/\/www.instagram.com\/aaknives\/","https:\/\/www.pinterest.com\/aa_knives\/","https:\/\/www.youtube.com\/channel\/UCHOQFjrOkgT6s4FIw9LDKyw\/featured"]}]}},"_links":{"self":[{"href":"https:\/\/aaknives.eu\/lt\/wp-json\/wp\/v2\/product\/91460","targetHints":{"allow":["GET"]}}],"collection":[{"href":"https:\/\/aaknives.eu\/lt\/wp-json\/wp\/v2\/product"}],"about":[{"href":"https:\/\/aaknives.eu\/lt\/wp-json\/wp\/v2\/types\/product"}],"wp:featuredmedia":[{"embeddable":true,"href":"https:\/\/aaknives.eu\/lt\/wp-json\/wp\/v2\/media\/107670"}],"wp:attachment":[{"href":"https:\/\/aaknives.eu\/lt\/wp-json\/wp\/v2\/media?parent=91460"}],"wp:term":[{"taxonomy":"product_brand","embeddable":true,"href":"https:\/\/aaknives.eu\/lt\/wp-json\/wp\/v2\/product_brand?post=91460"},{"taxonomy":"product_cat","embeddable":true,"href":"https:\/\/aaknives.eu\/lt\/wp-json\/wp\/v2\/product_cat?post=91460"},{"taxonomy":"product_tag","embeddable":true,"href":"https:\/\/aaknives.eu\/lt\/wp-json\/wp\/v2\/product_tag?post=91460"}],"curies":[{"name":"wp","href":"https:\/\/api.w.org\/{rel}","templated":true}]}}