{"id":91796,"date":"2024-11-04T18:00:43","date_gmt":"2024-11-04T18:00:43","guid":{"rendered":"https:\/\/aaknives.eu\/?post_type=product&#038;p=91796"},"modified":"2025-01-30T12:21:14","modified_gmt":"2025-01-30T12:21:14","slug":"asmenys-coyote-plieninis-bohler-m390-microclean","status":"publish","type":"product","link":"https:\/\/aaknives.eu\/lt\/product\/asmenys-coyote-plieninis-bohler-m390-microclean\/","title":{"rendered":"A\u0161menys &#8221;COYOTE&#8221;, plieninis B\u00d6HLER &#8220;M390&#8221; MicroClean"},"content":{"rendered":"<p>A\u0161men\u0173 specifikacijos: &#8221;COYOTE&#8221;<br \/>\nPlienas: Plienas B\u00d6HLER&#8221; M390&#8243; MicroClean<br \/>\nKietumas: 62-63 HRC<br \/>\nA\u0161men\u0173 ilgis (mm): 120 \/ 4,72 colio<br \/>\nA\u0161men\u0173 storis (mm): 3 \/ 0,11 colio<br \/>\nA\u0161men\u0173 plotis (mm): 25 \/ 0,98 Inc<br \/>\nVisas ilgis (mm): 193 \/ 7,59 colio<br \/>\nPeilio tipas: med\u017eioklinis, lauko<\/p>\n<p>B\u00f6hler M390 \u0161iuo metu yra viena populiariausi\u0173 plieno r\u016b\u0161i\u0173. Jis giriamas u\u017e puik\u0173 ry\u0161kumo i\u0161laikym\u0105<\/p>\n<p>Kod\u0117l B\u00f6hler M390 toks populiarus \u2013 ry\u0161kumo i\u0161laikymas. M390 yra toks atsparus dilimui, kad taip pat tinkamai i\u0161laiko kra\u0161to form\u0105. I\u0161 M390 plieno pagamintas peilis labai ilgai i\u0161laikys savo a\u0161trum\u0105. Tai rei\u0161kia, kad jums nereik\u0117s taip da\u017enai gal\u0105sti peilio. Puiku ne tik tod\u0117l, kad peilio galandimas u\u017etrunka, bet ir tod\u0117l, kad tai rei\u0161kia, kad j\u016bs\u0173 peilis tarnaus ilgiau.<\/p>\n<p>Be ry\u0161kumo i\u0161laikymo, M390 turi kelet\u0105 kit\u0173 puiki\u0173 savybi\u0173. Jis gali b\u016bti sukietintas iki gana didelio kietumo, greitai nesulau\u017eant. Ta\u010diau tai nerei\u0161kia, kad M390 yra labai tvirtas. Tai rei\u0161kia, kad M390, palyginti su kit\u0173 r\u016b\u0161i\u0173 plienu, gali b\u016bti \u0161iek tiek plonesnis pagal\u0105sti.<\/p>\n<p>M390 taip pat yra palyginti ner\u016bdijantis. D\u0117l didelio chromo r\u016bd\u017ei\u0173 kiekio nebus joki\u0173 \u0161ans\u0173. Ypa\u010d lyginant su kit\u0173 kiet\u0173 plieno r\u016b\u0161imis, kurios yra \u017einomos d\u0117l savo a\u0161trumo i\u0161laikymo, bet vis tiek gali b\u016bti paveiktos r\u016bd\u017ei\u0173.<\/p>\n","protected":false},"excerpt":{"rendered":"<p>A\u0161men\u0173 specifikacijos: &#8221;COYOTE&#8221; Plienas: Plienas B\u00d6HLER&#8221; M390&#8243; MicroClean Kietumas: 62-63 HRC A\u0161men\u0173 ilgis (mm): 120 \/ 4,72 colio A\u0161men\u0173 storis (mm): 3 \/ 0,11 colio A\u0161men\u0173 plotis (mm): 25 \/ 0,98 Inc Visas ilgis (mm): 193 \/ 7,59 colio Peilio tipas: med\u017eioklinis, lauko B\u00f6hler M390 \u0161iuo metu yra viena populiariausi\u0173 plieno r\u016b\u0161i\u0173. Jis giriamas u\u017e puik\u0173 ry\u0161kumo i\u0161laikym\u0105 Kod\u0117l B\u00f6hler M390 toks populiarus \u2013 ry\u0161kumo i\u0161laikymas. M390 yra toks atsparus dilimui, kad taip pat tinkamai i\u0161laiko kra\u0161to form\u0105. I\u0161 M390 plieno pagamintas peilis labai ilgai i\u0161laikys savo a\u0161trum\u0105. Tai rei\u0161kia, kad jums nereik\u0117s taip da\u017enai gal\u0105sti peilio. Puiku ne tik&hellip;<\/p>\n","protected":false},"featured_media":91804,"template":"","meta":{"_themeisle_gutenberg_block_has_review":false},"product_brand":[],"product_cat":[374],"product_tag":[],"class_list":{"0":"post-91796","1":"product","2":"type-product","3":"status-publish","4":"has-post-thumbnail","6":"product_cat-geleztes","8":"first","9":"instock","10":"shipping-taxable","11":"purchasable","12":"product-type-simple"},"yoast_head":"<!-- This site is optimized with the Yoast SEO plugin v27.3 - https:\/\/yoast.com\/product\/yoast-seo-wordpress\/ -->\n<title>A\u0161menys &#039;&#039;COYOTE&quot;, plieninis B\u00d6HLER &quot;M390&quot; MicroClean - AAKnives<\/title>\n<meta name=\"description\" content=\"A\u0161menys &#039;&#039;COYOTE&quot;, plieninis B\u00d6HLER &quot;M390&quot; MicroClean\" \/>\n<meta name=\"robots\" content=\"index, follow, max-snippet:-1, max-image-preview:large, max-video-preview:-1\" \/>\n<link rel=\"canonical\" href=\"https:\/\/aaknives.eu\/lt\/product\/asmenys-coyote-plieninis-bohler-m390-microclean\/\" \/>\n<meta property=\"og:locale\" content=\"lt_LT\" \/>\n<meta property=\"og:type\" content=\"article\" \/>\n<meta property=\"og:title\" content=\"A\u0161menys &#039;&#039;COYOTE&quot;, plieninis B\u00d6HLER &quot;M390&quot; MicroClean - AAKnives\" \/>\n<meta property=\"og:description\" content=\"A\u0161menys &#039;&#039;COYOTE&quot;, plieninis B\u00d6HLER &quot;M390&quot; MicroClean\" \/>\n<meta property=\"og:url\" content=\"https:\/\/aaknives.eu\/lt\/product\/asmenys-coyote-plieninis-bohler-m390-microclean\/\" \/>\n<meta property=\"og:site_name\" content=\"AAKnives\" \/>\n<meta property=\"article:publisher\" content=\"https:\/\/www.facebook.com\/aaknives.eu\/\" \/>\n<meta property=\"article:modified_time\" content=\"2025-01-30T12:21:14+00:00\" \/>\n<meta property=\"og:image\" content=\"https:\/\/aaknives.eu\/wp-content\/uploads\/2024\/11\/aaknives-hand-forged-dabascus-steel-blade-knife-handmade-custom-made-knife-handcrafted-knives-autinetools-northmen-34-1.jpg\" \/>\n\t<meta property=\"og:image:width\" content=\"1020\" \/>\n\t<meta property=\"og:image:height\" content=\"880\" \/>\n\t<meta property=\"og:image:type\" content=\"image\/jpeg\" \/>\n<meta name=\"twitter:card\" content=\"summary_large_image\" \/>\n<meta name=\"twitter:label1\" content=\"Est. reading time\" \/>\n\t<meta name=\"twitter:data1\" content=\"1 minut\u0117\" \/>\n<script type=\"application\/ld+json\" class=\"yoast-schema-graph\">{\"@context\":\"https:\\\/\\\/schema.org\",\"@graph\":[{\"@type\":\"WebPage\",\"@id\":\"https:\\\/\\\/aaknives.eu\\\/lt\\\/product\\\/asmenys-coyote-plieninis-bohler-m390-microclean\\\/\",\"url\":\"https:\\\/\\\/aaknives.eu\\\/lt\\\/product\\\/asmenys-coyote-plieninis-bohler-m390-microclean\\\/\",\"name\":\"A\u0161menys ''COYOTE\\\", plieninis B\u00d6HLER \\\"M390\\\" MicroClean - AAKnives\",\"isPartOf\":{\"@id\":\"https:\\\/\\\/aaknives.eu\\\/lt\\\/#website\"},\"primaryImageOfPage\":{\"@id\":\"https:\\\/\\\/aaknives.eu\\\/lt\\\/product\\\/asmenys-coyote-plieninis-bohler-m390-microclean\\\/#primaryimage\"},\"image\":{\"@id\":\"https:\\\/\\\/aaknives.eu\\\/lt\\\/product\\\/asmenys-coyote-plieninis-bohler-m390-microclean\\\/#primaryimage\"},\"thumbnailUrl\":\"https:\\\/\\\/aaknives.eu\\\/wp-content\\\/uploads\\\/2024\\\/11\\\/aaknives-hand-forged-dabascus-steel-blade-knife-handmade-custom-made-knife-handcrafted-knives-autinetools-northmen-34-1.jpg\",\"datePublished\":\"2024-11-04T18:00:43+00:00\",\"dateModified\":\"2025-01-30T12:21:14+00:00\",\"description\":\"A\u0161menys ''COYOTE\\\", plieninis B\u00d6HLER \\\"M390\\\" MicroClean\",\"breadcrumb\":{\"@id\":\"https:\\\/\\\/aaknives.eu\\\/lt\\\/product\\\/asmenys-coyote-plieninis-bohler-m390-microclean\\\/#breadcrumb\"},\"inLanguage\":\"lt-LT\",\"potentialAction\":[{\"@type\":\"ReadAction\",\"target\":[\"https:\\\/\\\/aaknives.eu\\\/lt\\\/product\\\/asmenys-coyote-plieninis-bohler-m390-microclean\\\/\"]}]},{\"@type\":\"ImageObject\",\"inLanguage\":\"lt-LT\",\"@id\":\"https:\\\/\\\/aaknives.eu\\\/lt\\\/product\\\/asmenys-coyote-plieninis-bohler-m390-microclean\\\/#primaryimage\",\"url\":\"https:\\\/\\\/aaknives.eu\\\/wp-content\\\/uploads\\\/2024\\\/11\\\/aaknives-hand-forged-dabascus-steel-blade-knife-handmade-custom-made-knife-handcrafted-knives-autinetools-northmen-34-1.jpg\",\"contentUrl\":\"https:\\\/\\\/aaknives.eu\\\/wp-content\\\/uploads\\\/2024\\\/11\\\/aaknives-hand-forged-dabascus-steel-blade-knife-handmade-custom-made-knife-handcrafted-knives-autinetools-northmen-34-1.jpg\",\"width\":1020,\"height\":880},{\"@type\":\"BreadcrumbList\",\"@id\":\"https:\\\/\\\/aaknives.eu\\\/lt\\\/product\\\/asmenys-coyote-plieninis-bohler-m390-microclean\\\/#breadcrumb\",\"itemListElement\":[{\"@type\":\"ListItem\",\"position\":1,\"name\":\"Home\",\"item\":\"https:\\\/\\\/aaknives.eu\\\/lt\\\/\"},{\"@type\":\"ListItem\",\"position\":2,\"name\":\"Parduotuv\u0117\",\"item\":\"https:\\\/\\\/aaknives.eu\\\/parduotuve\\\/\"},{\"@type\":\"ListItem\",\"position\":3,\"name\":\"A\u0161menys &#8221;COYOTE&#8221;, plieninis B\u00d6HLER &#8220;M390&#8221; MicroClean\"}]},{\"@type\":\"WebSite\",\"@id\":\"https:\\\/\\\/aaknives.eu\\\/lt\\\/#website\",\"url\":\"https:\\\/\\\/aaknives.eu\\\/lt\\\/\",\"name\":\"AAKnives\",\"description\":\"Handmade knives\",\"publisher\":{\"@id\":\"https:\\\/\\\/aaknives.eu\\\/lt\\\/#organization\"},\"potentialAction\":[{\"@type\":\"SearchAction\",\"target\":{\"@type\":\"EntryPoint\",\"urlTemplate\":\"https:\\\/\\\/aaknives.eu\\\/lt\\\/?s={search_term_string}\"},\"query-input\":{\"@type\":\"PropertyValueSpecification\",\"valueRequired\":true,\"valueName\":\"search_term_string\"}}],\"inLanguage\":\"lt-LT\"},{\"@type\":\"Organization\",\"@id\":\"https:\\\/\\\/aaknives.eu\\\/lt\\\/#organization\",\"name\":\"AAKnives\",\"url\":\"https:\\\/\\\/aaknives.eu\\\/lt\\\/\",\"logo\":{\"@type\":\"ImageObject\",\"inLanguage\":\"lt-LT\",\"@id\":\"https:\\\/\\\/aaknives.eu\\\/lt\\\/#\\\/schema\\\/logo\\\/image\\\/\",\"url\":\"https:\\\/\\\/aaknives.eu\\\/wp-content\\\/uploads\\\/2021\\\/10\\\/AAknives_Logo_Green.png\",\"contentUrl\":\"https:\\\/\\\/aaknives.eu\\\/wp-content\\\/uploads\\\/2021\\\/10\\\/AAknives_Logo_Green.png\",\"width\":1768,\"height\":1768,\"caption\":\"AAKnives\"},\"image\":{\"@id\":\"https:\\\/\\\/aaknives.eu\\\/lt\\\/#\\\/schema\\\/logo\\\/image\\\/\"},\"sameAs\":[\"https:\\\/\\\/www.facebook.com\\\/aaknives.eu\\\/\",\"https:\\\/\\\/www.instagram.com\\\/aaknives\\\/\",\"https:\\\/\\\/www.pinterest.com\\\/aa_knives\\\/\",\"https:\\\/\\\/www.youtube.com\\\/channel\\\/UCHOQFjrOkgT6s4FIw9LDKyw\\\/featured\"]}]}<\/script>\n<!-- \/ Yoast SEO plugin. -->","yoast_head_json":{"title":"A\u0161menys ''COYOTE\", plieninis B\u00d6HLER \"M390\" MicroClean - AAKnives","description":"A\u0161menys ''COYOTE\", plieninis B\u00d6HLER \"M390\" MicroClean","robots":{"index":"index","follow":"follow","max-snippet":"max-snippet:-1","max-image-preview":"max-image-preview:large","max-video-preview":"max-video-preview:-1"},"canonical":"https:\/\/aaknives.eu\/lt\/product\/asmenys-coyote-plieninis-bohler-m390-microclean\/","og_locale":"lt_LT","og_type":"article","og_title":"A\u0161menys ''COYOTE\", plieninis B\u00d6HLER \"M390\" MicroClean - AAKnives","og_description":"A\u0161menys ''COYOTE\", plieninis B\u00d6HLER \"M390\" MicroClean","og_url":"https:\/\/aaknives.eu\/lt\/product\/asmenys-coyote-plieninis-bohler-m390-microclean\/","og_site_name":"AAKnives","article_publisher":"https:\/\/www.facebook.com\/aaknives.eu\/","article_modified_time":"2025-01-30T12:21:14+00:00","og_image":[{"width":1020,"height":880,"url":"https:\/\/aaknives.eu\/wp-content\/uploads\/2024\/11\/aaknives-hand-forged-dabascus-steel-blade-knife-handmade-custom-made-knife-handcrafted-knives-autinetools-northmen-34-1.jpg","type":"image\/jpeg"}],"twitter_card":"summary_large_image","twitter_misc":{"Est. reading time":"1 minut\u0117"},"schema":{"@context":"https:\/\/schema.org","@graph":[{"@type":"WebPage","@id":"https:\/\/aaknives.eu\/lt\/product\/asmenys-coyote-plieninis-bohler-m390-microclean\/","url":"https:\/\/aaknives.eu\/lt\/product\/asmenys-coyote-plieninis-bohler-m390-microclean\/","name":"A\u0161menys ''COYOTE\", plieninis B\u00d6HLER \"M390\" MicroClean - AAKnives","isPartOf":{"@id":"https:\/\/aaknives.eu\/lt\/#website"},"primaryImageOfPage":{"@id":"https:\/\/aaknives.eu\/lt\/product\/asmenys-coyote-plieninis-bohler-m390-microclean\/#primaryimage"},"image":{"@id":"https:\/\/aaknives.eu\/lt\/product\/asmenys-coyote-plieninis-bohler-m390-microclean\/#primaryimage"},"thumbnailUrl":"https:\/\/aaknives.eu\/wp-content\/uploads\/2024\/11\/aaknives-hand-forged-dabascus-steel-blade-knife-handmade-custom-made-knife-handcrafted-knives-autinetools-northmen-34-1.jpg","datePublished":"2024-11-04T18:00:43+00:00","dateModified":"2025-01-30T12:21:14+00:00","description":"A\u0161menys ''COYOTE\", plieninis B\u00d6HLER \"M390\" MicroClean","breadcrumb":{"@id":"https:\/\/aaknives.eu\/lt\/product\/asmenys-coyote-plieninis-bohler-m390-microclean\/#breadcrumb"},"inLanguage":"lt-LT","potentialAction":[{"@type":"ReadAction","target":["https:\/\/aaknives.eu\/lt\/product\/asmenys-coyote-plieninis-bohler-m390-microclean\/"]}]},{"@type":"ImageObject","inLanguage":"lt-LT","@id":"https:\/\/aaknives.eu\/lt\/product\/asmenys-coyote-plieninis-bohler-m390-microclean\/#primaryimage","url":"https:\/\/aaknives.eu\/wp-content\/uploads\/2024\/11\/aaknives-hand-forged-dabascus-steel-blade-knife-handmade-custom-made-knife-handcrafted-knives-autinetools-northmen-34-1.jpg","contentUrl":"https:\/\/aaknives.eu\/wp-content\/uploads\/2024\/11\/aaknives-hand-forged-dabascus-steel-blade-knife-handmade-custom-made-knife-handcrafted-knives-autinetools-northmen-34-1.jpg","width":1020,"height":880},{"@type":"BreadcrumbList","@id":"https:\/\/aaknives.eu\/lt\/product\/asmenys-coyote-plieninis-bohler-m390-microclean\/#breadcrumb","itemListElement":[{"@type":"ListItem","position":1,"name":"Home","item":"https:\/\/aaknives.eu\/lt\/"},{"@type":"ListItem","position":2,"name":"Parduotuv\u0117","item":"https:\/\/aaknives.eu\/parduotuve\/"},{"@type":"ListItem","position":3,"name":"A\u0161menys &#8221;COYOTE&#8221;, plieninis B\u00d6HLER &#8220;M390&#8221; MicroClean"}]},{"@type":"WebSite","@id":"https:\/\/aaknives.eu\/lt\/#website","url":"https:\/\/aaknives.eu\/lt\/","name":"AAKnives","description":"Handmade knives","publisher":{"@id":"https:\/\/aaknives.eu\/lt\/#organization"},"potentialAction":[{"@type":"SearchAction","target":{"@type":"EntryPoint","urlTemplate":"https:\/\/aaknives.eu\/lt\/?s={search_term_string}"},"query-input":{"@type":"PropertyValueSpecification","valueRequired":true,"valueName":"search_term_string"}}],"inLanguage":"lt-LT"},{"@type":"Organization","@id":"https:\/\/aaknives.eu\/lt\/#organization","name":"AAKnives","url":"https:\/\/aaknives.eu\/lt\/","logo":{"@type":"ImageObject","inLanguage":"lt-LT","@id":"https:\/\/aaknives.eu\/lt\/#\/schema\/logo\/image\/","url":"https:\/\/aaknives.eu\/wp-content\/uploads\/2021\/10\/AAknives_Logo_Green.png","contentUrl":"https:\/\/aaknives.eu\/wp-content\/uploads\/2021\/10\/AAknives_Logo_Green.png","width":1768,"height":1768,"caption":"AAKnives"},"image":{"@id":"https:\/\/aaknives.eu\/lt\/#\/schema\/logo\/image\/"},"sameAs":["https:\/\/www.facebook.com\/aaknives.eu\/","https:\/\/www.instagram.com\/aaknives\/","https:\/\/www.pinterest.com\/aa_knives\/","https:\/\/www.youtube.com\/channel\/UCHOQFjrOkgT6s4FIw9LDKyw\/featured"]}]}},"_links":{"self":[{"href":"https:\/\/aaknives.eu\/lt\/wp-json\/wp\/v2\/product\/91796","targetHints":{"allow":["GET"]}}],"collection":[{"href":"https:\/\/aaknives.eu\/lt\/wp-json\/wp\/v2\/product"}],"about":[{"href":"https:\/\/aaknives.eu\/lt\/wp-json\/wp\/v2\/types\/product"}],"wp:featuredmedia":[{"embeddable":true,"href":"https:\/\/aaknives.eu\/lt\/wp-json\/wp\/v2\/media\/91804"}],"wp:attachment":[{"href":"https:\/\/aaknives.eu\/lt\/wp-json\/wp\/v2\/media?parent=91796"}],"wp:term":[{"taxonomy":"product_brand","embeddable":true,"href":"https:\/\/aaknives.eu\/lt\/wp-json\/wp\/v2\/product_brand?post=91796"},{"taxonomy":"product_cat","embeddable":true,"href":"https:\/\/aaknives.eu\/lt\/wp-json\/wp\/v2\/product_cat?post=91796"},{"taxonomy":"product_tag","embeddable":true,"href":"https:\/\/aaknives.eu\/lt\/wp-json\/wp\/v2\/product_tag?post=91796"}],"curies":[{"name":"wp","href":"https:\/\/api.w.org\/{rel}","templated":true}]}}