{"id":91866,"date":"2024-11-04T18:42:11","date_gmt":"2024-11-04T18:42:11","guid":{"rendered":"https:\/\/aaknives.eu\/?post_type=product&#038;p=91866"},"modified":"2025-01-29T10:20:09","modified_gmt":"2025-01-29T10:20:09","slug":"gelezte-scandinavian-plienas-bohler-m390-microclean","status":"publish","type":"product","link":"https:\/\/aaknives.eu\/lt\/product\/gelezte-scandinavian-plienas-bohler-m390-microclean\/","title":{"rendered":"Gele\u017et\u0117 &#8220;SCANDINAVIAN&#8221;, plienas B\u00d6HLER&#8221; M390&#8243; MicroClean"},"content":{"rendered":"<p>Gele\u017et\u0117s specifikacijos: SCANDINAVIAN&#8221;<br \/>\nPlienas: M390&#8243; MicroClean<br \/>\nKietumas: 62-63 HRC<br \/>\nGele\u017et\u0117s ilgis (mm):<br \/>\nGele\u017et\u0117s storis (mm): 137 \/ 5,39 col: Gele\u017et\u0117s plotis (mm): 3 \/ 0,11 colio<br \/>\nGele\u017et\u0117s plotis (mm): 3 \/ 0,11 colio:<br \/>\nBendras ilgis (mm): 33 \/ 1,29 col:<br \/>\nPeilio tipas: med\u017eioklinis, lauko peilis<\/p>\n<p>B\u00f6hler M390 \u0161iuo metu yra viena populiariausi\u0173 plieno r\u016b\u0161i\u0173. Jis giriamas u\u017e puik\u0173 a\u0161trumo i\u0161laikym\u0105<\/p>\n<p>Kod\u0117l &#8220;B\u00f6hler M390&#8221; toks populiarus &#8211; a\u0161trumo i\u0161laikymas. M390 yra toks atsparus nusid\u0117v\u0117jimui, kad tinkamai i\u0161laiko kra\u0161to form\u0105. Tod\u0117l i\u0161 M390 plieno pagamintas peilis labai ilgai i\u0161laikys a\u0161trum\u0105. Tai rei\u0161kia, kad jums nereik\u0117s taip da\u017enai gal\u0105sti peilio. Tai puiku ne tik tod\u0117l, kad peilio galandimas u\u017eima daug laiko, bet ir tod\u0117l, kad peilis ilgiau tarnaus.<\/p>\n<p>Be a\u0161trumo i\u0161laikymo, M390 pasi\u017eymi dar keliomis geromis savyb\u0117mis. J\u012f galima u\u017egr\u016bdinti iki gana didelio kietumo, ta\u010diau jis greitai nesul\u016b\u017eta. Ta\u010diau tai nerei\u0161kia, kad M390 yra labai kietas. Tai rei\u0161kia, kad M390, palyginti su kit\u0173 r\u016b\u0161i\u0173 plienu, galima gal\u0105sti \u0161iek tiek ploniau.<\/p>\n<p>M390 taip pat yra palyginti ner\u016bdijantis. D\u0117l didelio chromo kiekio r\u016bdys netur\u0117s joki\u0173 \u0161ans\u0173. Ypa\u010d lyginant su kit\u0173 kiet\u0173 r\u016b\u0161i\u0173 plienu, kuris pasi\u017eymi a\u0161trumo i\u0161laikymu, ta\u010diau vis tiek gali b\u016bti paveiktas r\u016bd\u017ei\u0173.<\/p>\n","protected":false},"excerpt":{"rendered":"<p>Gele\u017et\u0117s specifikacijos: SCANDINAVIAN&#8221; Plienas: M390&#8243; MicroClean Kietumas: 62-63 HRC Gele\u017et\u0117s ilgis (mm): Gele\u017et\u0117s storis (mm): 137 \/ 5,39 col: Gele\u017et\u0117s plotis (mm): 3 \/ 0,11 colio Gele\u017et\u0117s plotis (mm): 3 \/ 0,11 colio: Bendras ilgis (mm): 33 \/ 1,29 col: Peilio tipas: med\u017eioklinis, lauko peilis B\u00f6hler M390 \u0161iuo metu yra viena populiariausi\u0173 plieno r\u016b\u0161i\u0173. Jis giriamas u\u017e puik\u0173 a\u0161trumo i\u0161laikym\u0105 Kod\u0117l &#8220;B\u00f6hler M390&#8221; toks populiarus &#8211; a\u0161trumo i\u0161laikymas. M390 yra toks atsparus nusid\u0117v\u0117jimui, kad tinkamai i\u0161laiko kra\u0161to form\u0105. Tod\u0117l i\u0161 M390 plieno pagamintas peilis labai ilgai i\u0161laikys a\u0161trum\u0105. Tai rei\u0161kia, kad jums nereik\u0117s taip da\u017enai gal\u0105sti peilio. Tai puiku ne&hellip;<\/p>\n","protected":false},"featured_media":91874,"template":"","meta":{"_themeisle_gutenberg_block_has_review":false},"product_brand":[],"product_cat":[374],"product_tag":[],"class_list":{"0":"post-91866","1":"product","2":"type-product","3":"status-publish","4":"has-post-thumbnail","6":"product_cat-geleztes","8":"first","9":"instock","10":"shipping-taxable","11":"purchasable","12":"product-type-simple"},"yoast_head":"<!-- This site is optimized with the Yoast SEO plugin v27.3 - https:\/\/yoast.com\/product\/yoast-seo-wordpress\/ -->\n<title>Gele\u017et\u0117 &quot;SCANDINAVIAN&quot;, plienas B\u00d6HLER&quot; M390&quot; MicroClean - AAKnives<\/title>\n<meta name=\"description\" content=\"Gele\u017et\u0117&#039;&#039;SCANDINAVIAN&quot;, plienas B\u00d6HLER&quot; M390&quot; MicroClean\" \/>\n<meta name=\"robots\" content=\"index, follow, max-snippet:-1, max-image-preview:large, max-video-preview:-1\" \/>\n<link rel=\"canonical\" href=\"https:\/\/aaknives.eu\/lt\/product\/gelezte-scandinavian-plienas-bohler-m390-microclean\/\" \/>\n<meta property=\"og:locale\" content=\"lt_LT\" \/>\n<meta property=\"og:type\" content=\"article\" \/>\n<meta property=\"og:title\" content=\"Gele\u017et\u0117 &quot;SCANDINAVIAN&quot;, plienas B\u00d6HLER&quot; M390&quot; MicroClean - AAKnives\" \/>\n<meta property=\"og:description\" content=\"Gele\u017et\u0117&#039;&#039;SCANDINAVIAN&quot;, plienas B\u00d6HLER&quot; M390&quot; MicroClean\" \/>\n<meta property=\"og:url\" content=\"https:\/\/aaknives.eu\/lt\/product\/gelezte-scandinavian-plienas-bohler-m390-microclean\/\" \/>\n<meta property=\"og:site_name\" content=\"AAKnives\" \/>\n<meta property=\"article:publisher\" content=\"https:\/\/www.facebook.com\/aaknives.eu\/\" \/>\n<meta property=\"article:modified_time\" content=\"2025-01-29T10:20:09+00:00\" \/>\n<meta property=\"og:image\" content=\"https:\/\/aaknives.eu\/wp-content\/uploads\/2024\/11\/aaknives-hand-forged-dabascus-steel-blade-knife-handmade-custom-made-knife-handcrafted-knives-autinetools-northmen-31.1.jpg\" \/>\n\t<meta property=\"og:image:width\" content=\"1020\" \/>\n\t<meta property=\"og:image:height\" content=\"880\" \/>\n\t<meta property=\"og:image:type\" content=\"image\/jpeg\" \/>\n<meta name=\"twitter:card\" content=\"summary_large_image\" \/>\n<meta name=\"twitter:label1\" content=\"Est. reading time\" \/>\n\t<meta name=\"twitter:data1\" content=\"1 minut\u0117\" \/>\n<script type=\"application\/ld+json\" class=\"yoast-schema-graph\">{\"@context\":\"https:\\\/\\\/schema.org\",\"@graph\":[{\"@type\":\"WebPage\",\"@id\":\"https:\\\/\\\/aaknives.eu\\\/lt\\\/product\\\/gelezte-scandinavian-plienas-bohler-m390-microclean\\\/\",\"url\":\"https:\\\/\\\/aaknives.eu\\\/lt\\\/product\\\/gelezte-scandinavian-plienas-bohler-m390-microclean\\\/\",\"name\":\"Gele\u017et\u0117 \\\"SCANDINAVIAN\\\", plienas B\u00d6HLER\\\" M390\\\" MicroClean - AAKnives\",\"isPartOf\":{\"@id\":\"https:\\\/\\\/aaknives.eu\\\/lt\\\/#website\"},\"primaryImageOfPage\":{\"@id\":\"https:\\\/\\\/aaknives.eu\\\/lt\\\/product\\\/gelezte-scandinavian-plienas-bohler-m390-microclean\\\/#primaryimage\"},\"image\":{\"@id\":\"https:\\\/\\\/aaknives.eu\\\/lt\\\/product\\\/gelezte-scandinavian-plienas-bohler-m390-microclean\\\/#primaryimage\"},\"thumbnailUrl\":\"https:\\\/\\\/aaknives.eu\\\/wp-content\\\/uploads\\\/2024\\\/11\\\/aaknives-hand-forged-dabascus-steel-blade-knife-handmade-custom-made-knife-handcrafted-knives-autinetools-northmen-31.1.jpg\",\"datePublished\":\"2024-11-04T18:42:11+00:00\",\"dateModified\":\"2025-01-29T10:20:09+00:00\",\"description\":\"Gele\u017et\u0117''SCANDINAVIAN\\\", plienas B\u00d6HLER\\\" M390\\\" MicroClean\",\"breadcrumb\":{\"@id\":\"https:\\\/\\\/aaknives.eu\\\/lt\\\/product\\\/gelezte-scandinavian-plienas-bohler-m390-microclean\\\/#breadcrumb\"},\"inLanguage\":\"lt-LT\",\"potentialAction\":[{\"@type\":\"ReadAction\",\"target\":[\"https:\\\/\\\/aaknives.eu\\\/lt\\\/product\\\/gelezte-scandinavian-plienas-bohler-m390-microclean\\\/\"]}]},{\"@type\":\"ImageObject\",\"inLanguage\":\"lt-LT\",\"@id\":\"https:\\\/\\\/aaknives.eu\\\/lt\\\/product\\\/gelezte-scandinavian-plienas-bohler-m390-microclean\\\/#primaryimage\",\"url\":\"https:\\\/\\\/aaknives.eu\\\/wp-content\\\/uploads\\\/2024\\\/11\\\/aaknives-hand-forged-dabascus-steel-blade-knife-handmade-custom-made-knife-handcrafted-knives-autinetools-northmen-31.1.jpg\",\"contentUrl\":\"https:\\\/\\\/aaknives.eu\\\/wp-content\\\/uploads\\\/2024\\\/11\\\/aaknives-hand-forged-dabascus-steel-blade-knife-handmade-custom-made-knife-handcrafted-knives-autinetools-northmen-31.1.jpg\",\"width\":1020,\"height\":880},{\"@type\":\"BreadcrumbList\",\"@id\":\"https:\\\/\\\/aaknives.eu\\\/lt\\\/product\\\/gelezte-scandinavian-plienas-bohler-m390-microclean\\\/#breadcrumb\",\"itemListElement\":[{\"@type\":\"ListItem\",\"position\":1,\"name\":\"Home\",\"item\":\"https:\\\/\\\/aaknives.eu\\\/lt\\\/\"},{\"@type\":\"ListItem\",\"position\":2,\"name\":\"Parduotuv\u0117\",\"item\":\"https:\\\/\\\/aaknives.eu\\\/parduotuve\\\/\"},{\"@type\":\"ListItem\",\"position\":3,\"name\":\"Gele\u017et\u0117 &#8220;SCANDINAVIAN&#8221;, plienas B\u00d6HLER&#8221; M390&#8243; MicroClean\"}]},{\"@type\":\"WebSite\",\"@id\":\"https:\\\/\\\/aaknives.eu\\\/lt\\\/#website\",\"url\":\"https:\\\/\\\/aaknives.eu\\\/lt\\\/\",\"name\":\"AAKnives\",\"description\":\"Handmade knives\",\"publisher\":{\"@id\":\"https:\\\/\\\/aaknives.eu\\\/lt\\\/#organization\"},\"potentialAction\":[{\"@type\":\"SearchAction\",\"target\":{\"@type\":\"EntryPoint\",\"urlTemplate\":\"https:\\\/\\\/aaknives.eu\\\/lt\\\/?s={search_term_string}\"},\"query-input\":{\"@type\":\"PropertyValueSpecification\",\"valueRequired\":true,\"valueName\":\"search_term_string\"}}],\"inLanguage\":\"lt-LT\"},{\"@type\":\"Organization\",\"@id\":\"https:\\\/\\\/aaknives.eu\\\/lt\\\/#organization\",\"name\":\"AAKnives\",\"url\":\"https:\\\/\\\/aaknives.eu\\\/lt\\\/\",\"logo\":{\"@type\":\"ImageObject\",\"inLanguage\":\"lt-LT\",\"@id\":\"https:\\\/\\\/aaknives.eu\\\/lt\\\/#\\\/schema\\\/logo\\\/image\\\/\",\"url\":\"https:\\\/\\\/aaknives.eu\\\/wp-content\\\/uploads\\\/2021\\\/10\\\/AAknives_Logo_Green.png\",\"contentUrl\":\"https:\\\/\\\/aaknives.eu\\\/wp-content\\\/uploads\\\/2021\\\/10\\\/AAknives_Logo_Green.png\",\"width\":1768,\"height\":1768,\"caption\":\"AAKnives\"},\"image\":{\"@id\":\"https:\\\/\\\/aaknives.eu\\\/lt\\\/#\\\/schema\\\/logo\\\/image\\\/\"},\"sameAs\":[\"https:\\\/\\\/www.facebook.com\\\/aaknives.eu\\\/\",\"https:\\\/\\\/www.instagram.com\\\/aaknives\\\/\",\"https:\\\/\\\/www.pinterest.com\\\/aa_knives\\\/\",\"https:\\\/\\\/www.youtube.com\\\/channel\\\/UCHOQFjrOkgT6s4FIw9LDKyw\\\/featured\"]}]}<\/script>\n<!-- \/ Yoast SEO plugin. -->","yoast_head_json":{"title":"Gele\u017et\u0117 \"SCANDINAVIAN\", plienas B\u00d6HLER\" M390\" MicroClean - AAKnives","description":"Gele\u017et\u0117''SCANDINAVIAN\", plienas B\u00d6HLER\" M390\" MicroClean","robots":{"index":"index","follow":"follow","max-snippet":"max-snippet:-1","max-image-preview":"max-image-preview:large","max-video-preview":"max-video-preview:-1"},"canonical":"https:\/\/aaknives.eu\/lt\/product\/gelezte-scandinavian-plienas-bohler-m390-microclean\/","og_locale":"lt_LT","og_type":"article","og_title":"Gele\u017et\u0117 \"SCANDINAVIAN\", plienas B\u00d6HLER\" M390\" MicroClean - AAKnives","og_description":"Gele\u017et\u0117''SCANDINAVIAN\", plienas B\u00d6HLER\" M390\" MicroClean","og_url":"https:\/\/aaknives.eu\/lt\/product\/gelezte-scandinavian-plienas-bohler-m390-microclean\/","og_site_name":"AAKnives","article_publisher":"https:\/\/www.facebook.com\/aaknives.eu\/","article_modified_time":"2025-01-29T10:20:09+00:00","og_image":[{"width":1020,"height":880,"url":"https:\/\/aaknives.eu\/wp-content\/uploads\/2024\/11\/aaknives-hand-forged-dabascus-steel-blade-knife-handmade-custom-made-knife-handcrafted-knives-autinetools-northmen-31.1.jpg","type":"image\/jpeg"}],"twitter_card":"summary_large_image","twitter_misc":{"Est. reading time":"1 minut\u0117"},"schema":{"@context":"https:\/\/schema.org","@graph":[{"@type":"WebPage","@id":"https:\/\/aaknives.eu\/lt\/product\/gelezte-scandinavian-plienas-bohler-m390-microclean\/","url":"https:\/\/aaknives.eu\/lt\/product\/gelezte-scandinavian-plienas-bohler-m390-microclean\/","name":"Gele\u017et\u0117 \"SCANDINAVIAN\", plienas B\u00d6HLER\" M390\" MicroClean - AAKnives","isPartOf":{"@id":"https:\/\/aaknives.eu\/lt\/#website"},"primaryImageOfPage":{"@id":"https:\/\/aaknives.eu\/lt\/product\/gelezte-scandinavian-plienas-bohler-m390-microclean\/#primaryimage"},"image":{"@id":"https:\/\/aaknives.eu\/lt\/product\/gelezte-scandinavian-plienas-bohler-m390-microclean\/#primaryimage"},"thumbnailUrl":"https:\/\/aaknives.eu\/wp-content\/uploads\/2024\/11\/aaknives-hand-forged-dabascus-steel-blade-knife-handmade-custom-made-knife-handcrafted-knives-autinetools-northmen-31.1.jpg","datePublished":"2024-11-04T18:42:11+00:00","dateModified":"2025-01-29T10:20:09+00:00","description":"Gele\u017et\u0117''SCANDINAVIAN\", plienas B\u00d6HLER\" M390\" MicroClean","breadcrumb":{"@id":"https:\/\/aaknives.eu\/lt\/product\/gelezte-scandinavian-plienas-bohler-m390-microclean\/#breadcrumb"},"inLanguage":"lt-LT","potentialAction":[{"@type":"ReadAction","target":["https:\/\/aaknives.eu\/lt\/product\/gelezte-scandinavian-plienas-bohler-m390-microclean\/"]}]},{"@type":"ImageObject","inLanguage":"lt-LT","@id":"https:\/\/aaknives.eu\/lt\/product\/gelezte-scandinavian-plienas-bohler-m390-microclean\/#primaryimage","url":"https:\/\/aaknives.eu\/wp-content\/uploads\/2024\/11\/aaknives-hand-forged-dabascus-steel-blade-knife-handmade-custom-made-knife-handcrafted-knives-autinetools-northmen-31.1.jpg","contentUrl":"https:\/\/aaknives.eu\/wp-content\/uploads\/2024\/11\/aaknives-hand-forged-dabascus-steel-blade-knife-handmade-custom-made-knife-handcrafted-knives-autinetools-northmen-31.1.jpg","width":1020,"height":880},{"@type":"BreadcrumbList","@id":"https:\/\/aaknives.eu\/lt\/product\/gelezte-scandinavian-plienas-bohler-m390-microclean\/#breadcrumb","itemListElement":[{"@type":"ListItem","position":1,"name":"Home","item":"https:\/\/aaknives.eu\/lt\/"},{"@type":"ListItem","position":2,"name":"Parduotuv\u0117","item":"https:\/\/aaknives.eu\/parduotuve\/"},{"@type":"ListItem","position":3,"name":"Gele\u017et\u0117 &#8220;SCANDINAVIAN&#8221;, plienas B\u00d6HLER&#8221; M390&#8243; MicroClean"}]},{"@type":"WebSite","@id":"https:\/\/aaknives.eu\/lt\/#website","url":"https:\/\/aaknives.eu\/lt\/","name":"AAKnives","description":"Handmade knives","publisher":{"@id":"https:\/\/aaknives.eu\/lt\/#organization"},"potentialAction":[{"@type":"SearchAction","target":{"@type":"EntryPoint","urlTemplate":"https:\/\/aaknives.eu\/lt\/?s={search_term_string}"},"query-input":{"@type":"PropertyValueSpecification","valueRequired":true,"valueName":"search_term_string"}}],"inLanguage":"lt-LT"},{"@type":"Organization","@id":"https:\/\/aaknives.eu\/lt\/#organization","name":"AAKnives","url":"https:\/\/aaknives.eu\/lt\/","logo":{"@type":"ImageObject","inLanguage":"lt-LT","@id":"https:\/\/aaknives.eu\/lt\/#\/schema\/logo\/image\/","url":"https:\/\/aaknives.eu\/wp-content\/uploads\/2021\/10\/AAknives_Logo_Green.png","contentUrl":"https:\/\/aaknives.eu\/wp-content\/uploads\/2021\/10\/AAknives_Logo_Green.png","width":1768,"height":1768,"caption":"AAKnives"},"image":{"@id":"https:\/\/aaknives.eu\/lt\/#\/schema\/logo\/image\/"},"sameAs":["https:\/\/www.facebook.com\/aaknives.eu\/","https:\/\/www.instagram.com\/aaknives\/","https:\/\/www.pinterest.com\/aa_knives\/","https:\/\/www.youtube.com\/channel\/UCHOQFjrOkgT6s4FIw9LDKyw\/featured"]}]}},"_links":{"self":[{"href":"https:\/\/aaknives.eu\/lt\/wp-json\/wp\/v2\/product\/91866","targetHints":{"allow":["GET"]}}],"collection":[{"href":"https:\/\/aaknives.eu\/lt\/wp-json\/wp\/v2\/product"}],"about":[{"href":"https:\/\/aaknives.eu\/lt\/wp-json\/wp\/v2\/types\/product"}],"wp:featuredmedia":[{"embeddable":true,"href":"https:\/\/aaknives.eu\/lt\/wp-json\/wp\/v2\/media\/91874"}],"wp:attachment":[{"href":"https:\/\/aaknives.eu\/lt\/wp-json\/wp\/v2\/media?parent=91866"}],"wp:term":[{"taxonomy":"product_brand","embeddable":true,"href":"https:\/\/aaknives.eu\/lt\/wp-json\/wp\/v2\/product_brand?post=91866"},{"taxonomy":"product_cat","embeddable":true,"href":"https:\/\/aaknives.eu\/lt\/wp-json\/wp\/v2\/product_cat?post=91866"},{"taxonomy":"product_tag","embeddable":true,"href":"https:\/\/aaknives.eu\/lt\/wp-json\/wp\/v2\/product_tag?post=91866"}],"curies":[{"name":"wp","href":"https:\/\/api.w.org\/{rel}","templated":true}]}}