{"id":93223,"date":"2024-12-05T16:23:36","date_gmt":"2024-12-05T16:23:36","guid":{"rendered":"https:\/\/aaknives.eu\/?post_type=product&#038;p=93223"},"modified":"2026-03-02T19:25:32","modified_gmt":"2026-03-02T19:25:32","slug":"peilis-wild-boar-plienas-elmax-superclean-stabilizuota-karelisko-berzo-rankena-3","status":"publish","type":"product","link":"https:\/\/aaknives.eu\/lt\/product\/peilis-wild-boar-plienas-elmax-superclean-stabilizuota-karelisko-berzo-rankena-3\/","title":{"rendered":"Peilis &#8221;WILD BOAR&#8221; (plienas &#8221;Elmax&#8221; SuperClean), stabilizuota kareli\u0161ko ber\u017eo rankena"},"content":{"rendered":"<p>Peilio specifikacijos: &#8221;WILD BOAR&#8221;<br \/>\nPlienas: \u0160vedi\u0161kas plienas Uddeholm &#8221;Elmax&#8221; SuperClean<br \/>\nKietumas: 60 HRC<br \/>\nGele\u017et\u0117s ilgis (mm): Skai\u010dius (mm): 113 \/ 4,44 colio<br \/>\nGele\u017et\u0117s storis (mm): (mm): 3 \/0,12 colio<br \/>\nA\u0161men\u0173 plotis (mm): 34 \/1,33 colio<br \/>\nRankena: stabilizuotas karel\u0173 ber\u017eas<br \/>\nBendras ilgis (mm): Vidutinis ilgis (mm): 240 \/9,44 coli\u0173<br \/>\nPeili\u0173 tipas: med\u017eiokliniai, lauko peiliai<br \/>\nPakuot\u0117: peilis, odinis d\u0117klas<\/p>\n<p>&nbsp;<\/p>\n<p>&#8220;Elmax&#8221; yra vienas i\u0161 labiausiai paplitusi\u0173 plieno milteli\u0173. Tod\u0117l, norint suprasti, kokius stebuklus sugeba daryti peilis i\u0161 &#8220;milteli\u0173&#8221;, reik\u0117s i\u0161tirti &#8220;Elmax&#8221; plieno savybes. Pagrindinis veiksnys, turintis \u012ftakos bet kokio plieno savyb\u0117ms, o tai rei\u0161kia ir i\u0161 jo pagaminto peilio ligat\u016br\u0105. B\u016btent \u0161ie cheminiai elementai plieno sud\u0117tyje suteikia \u0161ias savybes, atsparum\u0105 korozijai, klampum\u0105 sm\u016bgiams, atsparum\u0105 sukimo momentui ir pan. &#8220;Elmax&#8221; pasi\u017eymi tokia sud\u0117timi: Tai leid\u017eia plien\u0105 priskirti augalin\u0117s anglies klasei ir suteikia jam didesn\u012f kietum\u0105 bei i\u0161tverm\u0119. 18 % chromo, kuris suteikia i\u0161skirtin\u012f atsparum\u0105 korozijai ir padidina plieno patvarum\u0105 bei sm\u016bgi\u0173 klampum\u0105 ir lankstum\u0105. 3 % vanad\u017eio, kuris sustiprina plieno strukt\u016br\u0105, daro j\u0105 tvirtesn\u0119 ir suteikia tvirtumo bei i\u0161tverm\u0117s. 1 % molibdeno, kuris nedaug prisideda prie atsparumo korozijai, taip pat prie i\u0161tverm\u0117s savybi\u0173, \u012fskaitant lankstum\u0105. 0,3 % mangano, kuris taip pat teigiamai veikia plieno stiprum\u0105, jo dilim\u0105 ir kietum\u0105, nesuma\u017eindamas plasti\u0161kumo. &#8220;Elmax&#8221; peiliai nesiekia korozijos. \u0160io plieno a\u0161menys labai atspar\u016bs \u0161onin\u0117ms apkrovoms ir lenkimams. Miltelinio plieno vidin\u0117 strukt\u016bra yra beveik tobula. Visi\u0161kas kenksming\u0173 priemai\u0161\u0173 i\u0161valymas. Stulbinantis a\u0161trumas i\u0161tverm\u0117 ir santykinis lengvumas, kai naudojami tinkami uolien\u0173 akmenys. Plienas yra gerai nu\u0161lifuotas ir net nupoliruotas be pie\u0161imo. Galima pasiekti absoliu\u010diai veidrodin\u012f pavir\u0161i\u0173. Tod\u0117l galima daryti i\u0161vad\u0105, kad &#8220;Elmax&#8221; plienas gali b\u016bti laikomas vienu geriausi\u0173 peili\u0173 plien\u0173 \u0161iandien. Jei seniai planavote i\u0161 \u0161ios med\u017eiagos pasigaminti peil\u012f, pats metas tai padaryti. Jis tarnaus jums ilgai ir teisingai.<\/p>\n","protected":false},"excerpt":{"rendered":"<p>&#8220;Elmax&#8221; yra vienas i\u0161 labiausiai paplitusi\u0173 plieno milteli\u0173. &#8220;Elmax&#8221; peiliai nesiekia korozijos. \u0160io plieno a\u0161menys labai atspar\u016bs \u0161onin\u0117ms apkrovoms ir lenkimams. Stulbinantis a\u0161trumas i\u0161tverm\u0117 ir santykinis lengvumas, kai naudojami tinkami uolien\u0173 akmenys. Plienas yra gerai nu\u0161lifuotas ir net nupoliruotas be pie\u0161imo.<\/p>\n","protected":false},"featured_media":108288,"template":"","meta":{"_themeisle_gutenberg_block_has_review":false},"product_brand":[],"product_cat":[381,386],"product_tag":[],"class_list":{"0":"post-93223","1":"product","2":"type-product","3":"status-publish","4":"has-post-thumbnail","6":"product_cat-lauko-peiliai","7":"product_cat-medziokliniai-peiliai","9":"first","10":"instock","11":"shipping-taxable","12":"purchasable","13":"product-type-simple"},"yoast_head":"<!-- This site is optimized with the Yoast SEO plugin v27.3 - https:\/\/yoast.com\/product\/yoast-seo-wordpress\/ -->\n<title>Peilis &#039;&#039;WILD BOAR&#039;&#039; (plienas &#039;&#039;Elmax&#039;&#039; SuperClean), stabilizuota kareli\u0161ko ber\u017eo rankena - AAKnives<\/title>\n<meta name=\"description\" content=\"\u0160vedi\u0161kas plienas Uddeholm &#039;&#039;Elmax&#039;&#039; SuperClean, apdorotas sm\u0117lio srove. &quot;Elmax&quot; peiliai nesiekia korozijos. Atsparus \u0161onin\u0117ms apkrovoms ir lenkimams\" \/>\n<meta name=\"robots\" content=\"index, follow, max-snippet:-1, max-image-preview:large, max-video-preview:-1\" \/>\n<link rel=\"canonical\" href=\"https:\/\/aaknives.eu\/lt\/product\/peilis-wild-boar-plienas-elmax-superclean-stabilizuota-karelisko-berzo-rankena-3\/\" \/>\n<meta property=\"og:locale\" content=\"lt_LT\" \/>\n<meta property=\"og:type\" content=\"article\" \/>\n<meta property=\"og:title\" content=\"Peilis &#039;&#039;WILD BOAR&#039;&#039; (plienas &#039;&#039;Elmax&#039;&#039; SuperClean), stabilizuota kareli\u0161ko ber\u017eo rankena - AAKnives\" \/>\n<meta property=\"og:description\" content=\"\u0160vedi\u0161kas plienas Uddeholm &#039;&#039;Elmax&#039;&#039; SuperClean, apdorotas sm\u0117lio srove. &quot;Elmax&quot; peiliai nesiekia korozijos. Atsparus \u0161onin\u0117ms apkrovoms ir lenkimams\" \/>\n<meta property=\"og:url\" content=\"https:\/\/aaknives.eu\/lt\/product\/peilis-wild-boar-plienas-elmax-superclean-stabilizuota-karelisko-berzo-rankena-3\/\" \/>\n<meta property=\"og:site_name\" content=\"AAKnives\" \/>\n<meta property=\"article:publisher\" content=\"https:\/\/www.facebook.com\/aaknives.eu\/\" \/>\n<meta property=\"article:modified_time\" content=\"2026-03-02T19:25:32+00:00\" \/>\n<meta property=\"og:image\" content=\"https:\/\/aaknives.eu\/wp-content\/uploads\/2024\/12\/aaknives-hand-forged-damascus-steel-blade-knife-handmade-custom-made-knife-handcrafted-knives-autinetools-northmen-39.jpg\" \/>\n\t<meta property=\"og:image:width\" content=\"1020\" \/>\n\t<meta property=\"og:image:height\" content=\"880\" \/>\n\t<meta property=\"og:image:type\" content=\"image\/jpeg\" \/>\n<meta name=\"twitter:card\" content=\"summary_large_image\" \/>\n<meta name=\"twitter:label1\" content=\"Est. reading time\" \/>\n\t<meta name=\"twitter:data1\" content=\"2 minut\u0117s\" \/>\n<script type=\"application\/ld+json\" class=\"yoast-schema-graph\">{\"@context\":\"https:\\\/\\\/schema.org\",\"@graph\":[{\"@type\":\"WebPage\",\"@id\":\"https:\\\/\\\/aaknives.eu\\\/lt\\\/product\\\/peilis-wild-boar-plienas-elmax-superclean-stabilizuota-karelisko-berzo-rankena-3\\\/\",\"url\":\"https:\\\/\\\/aaknives.eu\\\/lt\\\/product\\\/peilis-wild-boar-plienas-elmax-superclean-stabilizuota-karelisko-berzo-rankena-3\\\/\",\"name\":\"Peilis ''WILD BOAR'' (plienas ''Elmax'' SuperClean), stabilizuota kareli\u0161ko ber\u017eo rankena - AAKnives\",\"isPartOf\":{\"@id\":\"https:\\\/\\\/aaknives.eu\\\/lt\\\/#website\"},\"primaryImageOfPage\":{\"@id\":\"https:\\\/\\\/aaknives.eu\\\/lt\\\/product\\\/peilis-wild-boar-plienas-elmax-superclean-stabilizuota-karelisko-berzo-rankena-3\\\/#primaryimage\"},\"image\":{\"@id\":\"https:\\\/\\\/aaknives.eu\\\/lt\\\/product\\\/peilis-wild-boar-plienas-elmax-superclean-stabilizuota-karelisko-berzo-rankena-3\\\/#primaryimage\"},\"thumbnailUrl\":\"https:\\\/\\\/aaknives.eu\\\/wp-content\\\/uploads\\\/2024\\\/12\\\/aaknives-hand-forged-damascus-steel-blade-knife-handmade-custom-made-knife-handcrafted-knives-autinetools-northmen-39.jpg\",\"datePublished\":\"2024-12-05T16:23:36+00:00\",\"dateModified\":\"2026-03-02T19:25:32+00:00\",\"description\":\"\u0160vedi\u0161kas plienas Uddeholm ''Elmax'' SuperClean, apdorotas sm\u0117lio srove. \\\"Elmax\\\" peiliai nesiekia korozijos. Atsparus \u0161onin\u0117ms apkrovoms ir lenkimams\",\"breadcrumb\":{\"@id\":\"https:\\\/\\\/aaknives.eu\\\/lt\\\/product\\\/peilis-wild-boar-plienas-elmax-superclean-stabilizuota-karelisko-berzo-rankena-3\\\/#breadcrumb\"},\"inLanguage\":\"lt-LT\",\"potentialAction\":[{\"@type\":\"ReadAction\",\"target\":[\"https:\\\/\\\/aaknives.eu\\\/lt\\\/product\\\/peilis-wild-boar-plienas-elmax-superclean-stabilizuota-karelisko-berzo-rankena-3\\\/\"]}]},{\"@type\":\"ImageObject\",\"inLanguage\":\"lt-LT\",\"@id\":\"https:\\\/\\\/aaknives.eu\\\/lt\\\/product\\\/peilis-wild-boar-plienas-elmax-superclean-stabilizuota-karelisko-berzo-rankena-3\\\/#primaryimage\",\"url\":\"https:\\\/\\\/aaknives.eu\\\/wp-content\\\/uploads\\\/2024\\\/12\\\/aaknives-hand-forged-damascus-steel-blade-knife-handmade-custom-made-knife-handcrafted-knives-autinetools-northmen-39.jpg\",\"contentUrl\":\"https:\\\/\\\/aaknives.eu\\\/wp-content\\\/uploads\\\/2024\\\/12\\\/aaknives-hand-forged-damascus-steel-blade-knife-handmade-custom-made-knife-handcrafted-knives-autinetools-northmen-39.jpg\",\"width\":1020,\"height\":880},{\"@type\":\"BreadcrumbList\",\"@id\":\"https:\\\/\\\/aaknives.eu\\\/lt\\\/product\\\/peilis-wild-boar-plienas-elmax-superclean-stabilizuota-karelisko-berzo-rankena-3\\\/#breadcrumb\",\"itemListElement\":[{\"@type\":\"ListItem\",\"position\":1,\"name\":\"Home\",\"item\":\"https:\\\/\\\/aaknives.eu\\\/lt\\\/\"},{\"@type\":\"ListItem\",\"position\":2,\"name\":\"Parduotuv\u0117\",\"item\":\"https:\\\/\\\/aaknives.eu\\\/parduotuve\\\/\"},{\"@type\":\"ListItem\",\"position\":3,\"name\":\"Peilis &#8221;WILD BOAR&#8221; (plienas &#8221;Elmax&#8221; SuperClean), stabilizuota kareli\u0161ko ber\u017eo rankena\"}]},{\"@type\":\"WebSite\",\"@id\":\"https:\\\/\\\/aaknives.eu\\\/lt\\\/#website\",\"url\":\"https:\\\/\\\/aaknives.eu\\\/lt\\\/\",\"name\":\"AAKnives\",\"description\":\"Handmade knives\",\"publisher\":{\"@id\":\"https:\\\/\\\/aaknives.eu\\\/lt\\\/#organization\"},\"potentialAction\":[{\"@type\":\"SearchAction\",\"target\":{\"@type\":\"EntryPoint\",\"urlTemplate\":\"https:\\\/\\\/aaknives.eu\\\/lt\\\/?s={search_term_string}\"},\"query-input\":{\"@type\":\"PropertyValueSpecification\",\"valueRequired\":true,\"valueName\":\"search_term_string\"}}],\"inLanguage\":\"lt-LT\"},{\"@type\":\"Organization\",\"@id\":\"https:\\\/\\\/aaknives.eu\\\/lt\\\/#organization\",\"name\":\"AAKnives\",\"url\":\"https:\\\/\\\/aaknives.eu\\\/lt\\\/\",\"logo\":{\"@type\":\"ImageObject\",\"inLanguage\":\"lt-LT\",\"@id\":\"https:\\\/\\\/aaknives.eu\\\/lt\\\/#\\\/schema\\\/logo\\\/image\\\/\",\"url\":\"https:\\\/\\\/aaknives.eu\\\/wp-content\\\/uploads\\\/2021\\\/10\\\/AAknives_Logo_Green.png\",\"contentUrl\":\"https:\\\/\\\/aaknives.eu\\\/wp-content\\\/uploads\\\/2021\\\/10\\\/AAknives_Logo_Green.png\",\"width\":1768,\"height\":1768,\"caption\":\"AAKnives\"},\"image\":{\"@id\":\"https:\\\/\\\/aaknives.eu\\\/lt\\\/#\\\/schema\\\/logo\\\/image\\\/\"},\"sameAs\":[\"https:\\\/\\\/www.facebook.com\\\/aaknives.eu\\\/\",\"https:\\\/\\\/www.instagram.com\\\/aaknives\\\/\",\"https:\\\/\\\/www.pinterest.com\\\/aa_knives\\\/\",\"https:\\\/\\\/www.youtube.com\\\/channel\\\/UCHOQFjrOkgT6s4FIw9LDKyw\\\/featured\"]}]}<\/script>\n<!-- \/ Yoast SEO plugin. -->","yoast_head_json":{"title":"Peilis ''WILD BOAR'' (plienas ''Elmax'' SuperClean), stabilizuota kareli\u0161ko ber\u017eo rankena - AAKnives","description":"\u0160vedi\u0161kas plienas Uddeholm ''Elmax'' SuperClean, apdorotas sm\u0117lio srove. \"Elmax\" peiliai nesiekia korozijos. Atsparus \u0161onin\u0117ms apkrovoms ir lenkimams","robots":{"index":"index","follow":"follow","max-snippet":"max-snippet:-1","max-image-preview":"max-image-preview:large","max-video-preview":"max-video-preview:-1"},"canonical":"https:\/\/aaknives.eu\/lt\/product\/peilis-wild-boar-plienas-elmax-superclean-stabilizuota-karelisko-berzo-rankena-3\/","og_locale":"lt_LT","og_type":"article","og_title":"Peilis ''WILD BOAR'' (plienas ''Elmax'' SuperClean), stabilizuota kareli\u0161ko ber\u017eo rankena - AAKnives","og_description":"\u0160vedi\u0161kas plienas Uddeholm ''Elmax'' SuperClean, apdorotas sm\u0117lio srove. \"Elmax\" peiliai nesiekia korozijos. Atsparus \u0161onin\u0117ms apkrovoms ir lenkimams","og_url":"https:\/\/aaknives.eu\/lt\/product\/peilis-wild-boar-plienas-elmax-superclean-stabilizuota-karelisko-berzo-rankena-3\/","og_site_name":"AAKnives","article_publisher":"https:\/\/www.facebook.com\/aaknives.eu\/","article_modified_time":"2026-03-02T19:25:32+00:00","og_image":[{"width":1020,"height":880,"url":"https:\/\/aaknives.eu\/wp-content\/uploads\/2024\/12\/aaknives-hand-forged-damascus-steel-blade-knife-handmade-custom-made-knife-handcrafted-knives-autinetools-northmen-39.jpg","type":"image\/jpeg"}],"twitter_card":"summary_large_image","twitter_misc":{"Est. reading time":"2 minut\u0117s"},"schema":{"@context":"https:\/\/schema.org","@graph":[{"@type":"WebPage","@id":"https:\/\/aaknives.eu\/lt\/product\/peilis-wild-boar-plienas-elmax-superclean-stabilizuota-karelisko-berzo-rankena-3\/","url":"https:\/\/aaknives.eu\/lt\/product\/peilis-wild-boar-plienas-elmax-superclean-stabilizuota-karelisko-berzo-rankena-3\/","name":"Peilis ''WILD BOAR'' (plienas ''Elmax'' SuperClean), stabilizuota kareli\u0161ko ber\u017eo rankena - AAKnives","isPartOf":{"@id":"https:\/\/aaknives.eu\/lt\/#website"},"primaryImageOfPage":{"@id":"https:\/\/aaknives.eu\/lt\/product\/peilis-wild-boar-plienas-elmax-superclean-stabilizuota-karelisko-berzo-rankena-3\/#primaryimage"},"image":{"@id":"https:\/\/aaknives.eu\/lt\/product\/peilis-wild-boar-plienas-elmax-superclean-stabilizuota-karelisko-berzo-rankena-3\/#primaryimage"},"thumbnailUrl":"https:\/\/aaknives.eu\/wp-content\/uploads\/2024\/12\/aaknives-hand-forged-damascus-steel-blade-knife-handmade-custom-made-knife-handcrafted-knives-autinetools-northmen-39.jpg","datePublished":"2024-12-05T16:23:36+00:00","dateModified":"2026-03-02T19:25:32+00:00","description":"\u0160vedi\u0161kas plienas Uddeholm ''Elmax'' SuperClean, apdorotas sm\u0117lio srove. \"Elmax\" peiliai nesiekia korozijos. Atsparus \u0161onin\u0117ms apkrovoms ir lenkimams","breadcrumb":{"@id":"https:\/\/aaknives.eu\/lt\/product\/peilis-wild-boar-plienas-elmax-superclean-stabilizuota-karelisko-berzo-rankena-3\/#breadcrumb"},"inLanguage":"lt-LT","potentialAction":[{"@type":"ReadAction","target":["https:\/\/aaknives.eu\/lt\/product\/peilis-wild-boar-plienas-elmax-superclean-stabilizuota-karelisko-berzo-rankena-3\/"]}]},{"@type":"ImageObject","inLanguage":"lt-LT","@id":"https:\/\/aaknives.eu\/lt\/product\/peilis-wild-boar-plienas-elmax-superclean-stabilizuota-karelisko-berzo-rankena-3\/#primaryimage","url":"https:\/\/aaknives.eu\/wp-content\/uploads\/2024\/12\/aaknives-hand-forged-damascus-steel-blade-knife-handmade-custom-made-knife-handcrafted-knives-autinetools-northmen-39.jpg","contentUrl":"https:\/\/aaknives.eu\/wp-content\/uploads\/2024\/12\/aaknives-hand-forged-damascus-steel-blade-knife-handmade-custom-made-knife-handcrafted-knives-autinetools-northmen-39.jpg","width":1020,"height":880},{"@type":"BreadcrumbList","@id":"https:\/\/aaknives.eu\/lt\/product\/peilis-wild-boar-plienas-elmax-superclean-stabilizuota-karelisko-berzo-rankena-3\/#breadcrumb","itemListElement":[{"@type":"ListItem","position":1,"name":"Home","item":"https:\/\/aaknives.eu\/lt\/"},{"@type":"ListItem","position":2,"name":"Parduotuv\u0117","item":"https:\/\/aaknives.eu\/parduotuve\/"},{"@type":"ListItem","position":3,"name":"Peilis &#8221;WILD BOAR&#8221; (plienas &#8221;Elmax&#8221; SuperClean), stabilizuota kareli\u0161ko ber\u017eo rankena"}]},{"@type":"WebSite","@id":"https:\/\/aaknives.eu\/lt\/#website","url":"https:\/\/aaknives.eu\/lt\/","name":"AAKnives","description":"Handmade knives","publisher":{"@id":"https:\/\/aaknives.eu\/lt\/#organization"},"potentialAction":[{"@type":"SearchAction","target":{"@type":"EntryPoint","urlTemplate":"https:\/\/aaknives.eu\/lt\/?s={search_term_string}"},"query-input":{"@type":"PropertyValueSpecification","valueRequired":true,"valueName":"search_term_string"}}],"inLanguage":"lt-LT"},{"@type":"Organization","@id":"https:\/\/aaknives.eu\/lt\/#organization","name":"AAKnives","url":"https:\/\/aaknives.eu\/lt\/","logo":{"@type":"ImageObject","inLanguage":"lt-LT","@id":"https:\/\/aaknives.eu\/lt\/#\/schema\/logo\/image\/","url":"https:\/\/aaknives.eu\/wp-content\/uploads\/2021\/10\/AAknives_Logo_Green.png","contentUrl":"https:\/\/aaknives.eu\/wp-content\/uploads\/2021\/10\/AAknives_Logo_Green.png","width":1768,"height":1768,"caption":"AAKnives"},"image":{"@id":"https:\/\/aaknives.eu\/lt\/#\/schema\/logo\/image\/"},"sameAs":["https:\/\/www.facebook.com\/aaknives.eu\/","https:\/\/www.instagram.com\/aaknives\/","https:\/\/www.pinterest.com\/aa_knives\/","https:\/\/www.youtube.com\/channel\/UCHOQFjrOkgT6s4FIw9LDKyw\/featured"]}]}},"_links":{"self":[{"href":"https:\/\/aaknives.eu\/lt\/wp-json\/wp\/v2\/product\/93223","targetHints":{"allow":["GET"]}}],"collection":[{"href":"https:\/\/aaknives.eu\/lt\/wp-json\/wp\/v2\/product"}],"about":[{"href":"https:\/\/aaknives.eu\/lt\/wp-json\/wp\/v2\/types\/product"}],"wp:featuredmedia":[{"embeddable":true,"href":"https:\/\/aaknives.eu\/lt\/wp-json\/wp\/v2\/media\/108288"}],"wp:attachment":[{"href":"https:\/\/aaknives.eu\/lt\/wp-json\/wp\/v2\/media?parent=93223"}],"wp:term":[{"taxonomy":"product_brand","embeddable":true,"href":"https:\/\/aaknives.eu\/lt\/wp-json\/wp\/v2\/product_brand?post=93223"},{"taxonomy":"product_cat","embeddable":true,"href":"https:\/\/aaknives.eu\/lt\/wp-json\/wp\/v2\/product_cat?post=93223"},{"taxonomy":"product_tag","embeddable":true,"href":"https:\/\/aaknives.eu\/lt\/wp-json\/wp\/v2\/product_tag?post=93223"}],"curies":[{"name":"wp","href":"https:\/\/api.w.org\/{rel}","templated":true}]}}