{"id":93886,"date":"2025-01-06T16:40:55","date_gmt":"2025-01-06T16:40:55","guid":{"rendered":"https:\/\/aaknives.eu\/?post_type=product&#038;p=93886"},"modified":"2025-06-30T17:45:42","modified_gmt":"2025-06-30T17:45:42","slug":"peilis-poseidon-mini-rankomis-kaltas-damasko-plieno-asmenu-peilis","status":"publish","type":"product","link":"https:\/\/aaknives.eu\/lt\/product\/peilis-poseidon-mini-rankomis-kaltas-damasko-plieno-asmenu-peilis\/","title":{"rendered":"Peilis &#8221;POSEIDON MINI&#8221; &#8211; rankomis kaltas Damasko plieno a\u0161men\u0173 peilis"},"content":{"rendered":"<p>Peilio specifikacijos: &#8221;POSEIDON MINI&#8221;<br \/>\nPlienas: rankomis kaltas Damasko plieno a\u0161men\u0173 med\u017eioklinis peilis, (HVG, U10, ShH15), 800 sluoksni\u0173<br \/>\nKietumas: 60-62 HRC<br \/>\nA\u0161men\u0173 ilgis (mm): 110 \/ 4,33 colio<br \/>\nA\u0161men\u0173 storis (mm): 3 \/ 0,11 colio<br \/>\nA\u0161men\u0173 plotis (mm): 32 \/ 1,25 colio<br \/>\nRankena: stabilizuotas karelinis ber\u017eas<br \/>\nVisas ilgis (mm): 240 \/ 9,44 colio<\/p>\n<p>Stiprus med\u017eioklinis peilis, kuris bus naudingas tiek m\u0117sai i\u0161 anksto apdoroti, tiek v\u0117liau pjaustyti. Jo gele\u017et\u0117 rankomis nukalta i\u0161 damasko plieno, tod\u0117l yra labai kieta, ta\u010diau elastinga ir patvari.<br \/>\n\u0160ios unikalios med\u017eiagos savyb\u0117s i\u0161gaunamos formuojant mink\u0161to ir kieto metalo lydin\u012f, tod\u0117l gaunamas geriausias med\u017eioklinis peilis su gerai \u017einomu Damasko plieno pie\u0161iniu, kuris d\u0117l mikropj\u016bklo a\u0161men\u0173 ilgai tarnaus ir gal\u0117s ilgai i\u0161laikyti a\u0161trum\u0105 be galandimo.<br \/>\nD\u0117l pastebimo a\u0161men\u0173 i\u0161sipl\u0117timo \u0161is peilis puikiai tinka odai nuimti, ta\u010diau lengvai valdomas peilio galas ir susiaurinta gele\u017et\u0117 neleis su\u017ealoti vidaus organ\u0173 v\u0117dinant ar be reikalo \u012fpjauti v\u0117liau apdorojant m\u0117s\u0105.<br \/>\nKita vertus, m\u016bs\u0173 rankini\u0173 peili\u0173 rankenai naudojama mediena, kuri, kitaip nei sintetin\u0117s med\u017eiagos, yra daug malonesn\u0117 ir patogesn\u0117 rankoje.<br \/>\nMed\u017eiotojo saugumui tarp rankenos ir gele\u017et\u0117s yra kam\u0161tis, kuris apsaugo nuo atsitiktinio pir\u0161t\u0173 su\u017ealojimo valant ir tvarkant \u017ev\u0117rien\u0105, net jei rankos slid\u017eios.<br \/>\nDamasko plieno med\u017eioklini\u0173 peili\u0173 rinkinyje taip pat yra patvarus tamsios odos d\u0117klas su tvirtu kniediniu u\u017esegimu, kuris apsaugos peil\u012f nuo blog\u0173 oro s\u0105lyg\u0173 ir neleis jo nety\u010dia pamesti. Rankin\u0117je yra dvi pakabos, kurias galima pritvirtinti prie dir\u017eo, kad bet kada b\u016bt\u0173 lengva prieiti. Vienas i\u0161 j\u0173 yra klasikinis fiksuotas, o kitas &#8211; laisva kabykla, kuri leid\u017eia peiliui laisvai ir tuo pa\u010diu metu kab\u0117ti aplink dir\u017e\u0105, leid\u017eia jud\u0117ti ir i\u0161vengiama nepatogum\u0173 s\u0117dint ar va\u017eiuojant nuo stiebo ant stiebo automobiliu kur fiksuota. apkabinimas nepatogiai spaus koj\u0105 ar juosmen\u012f.<br \/>\n\u0160is eleganti\u0161kas rankomis kaltas peilis tarnaus ilgai ir d\u0117l savo i\u0161skirtini\u0173 savybi\u0173 bus i\u0161tikimas ir geriausias med\u017eiokl\u0117s peilis. Jis yra lengvas, patogiai telpa delne ir u\u017etikrina greit\u0105, saug\u0173, veiksming\u0105 ir kokybi\u0161k\u0105 proces\u0105.<\/p>\n<p>Rankomis kaltas damasko plienas, sukurtas i\u0161 skirtingo kietumo ir klampumo plien\u0173, kurie tam tikra tvarka sudedami \u012f plok\u0161tel\u0119. Toliau plok\u0161tel\u0117 pakartotinai perkalama, kurios d\u0117ka susidaro sluoksniai ir unikalus ra\u0161tas.<br \/>\nSunkus technologinis procesas atliekamas rankiniu b\u016bdu. Tokiu b\u016bdu gautas plienas pasi\u017eymi padidintu stiprumu, dideliu kietumu, puikiomis pjovimo savyb\u0117mis ir gro\u017eiu.<br \/>\nDamasko plienas daugiau nei 700-1000 sluoksni\u0173.<br \/>\nDamasko plieno pakuot\u0117 ShH15 + HVG + U10A, \u0161ilumin\u0117 i\u0161rai\u0161ka 860 \u00b0 C <\/p>\n<p>Damasko plieno peili\u0173 prana\u0161umai:<br \/>\nPadid\u0117jusi j\u0117ga<br \/>\nDidelis kietumas<br \/>\nPuikios pjovimo savyb\u0117s<br \/>\nGra\u017eus dizainas<br \/>\nIlgai i\u0161liekantis ry\u0161kumas<\/p>\n<p>A\u0161men\u0173 kietumas 60-62 HRC.<br \/>\nRank\u0173 darbo<\/p>\n","protected":false},"excerpt":{"rendered":"<p>Peilio specifikacijos: &#8221;POSEIDON MINI&#8221; Plienas: rankomis kaltas Damasko plieno a\u0161men\u0173 med\u017eioklinis peilis, (HVG, U10, ShH15), 800 sluoksni\u0173 Kietumas: 60-62 HRC A\u0161men\u0173 ilgis (mm): 110 \/ 4,33 colio A\u0161men\u0173 storis (mm): 3 \/ 0,11 colio A\u0161men\u0173 plotis (mm): 32 \/ 1,25 colio Rankena: stabilizuotas karelinis ber\u017eas Visas ilgis (mm): 240 \/ 9,44 colio Stiprus med\u017eioklinis peilis, kuris bus naudingas tiek m\u0117sai i\u0161 anksto apdoroti, tiek v\u0117liau pjaustyti. Jo gele\u017et\u0117 rankomis nukalta i\u0161 damasko plieno, tod\u0117l yra labai kieta, ta\u010diau elastinga ir patvari. \u0160ios unikalios med\u017eiagos savyb\u0117s i\u0161gaunamos formuojant mink\u0161to ir kieto metalo lydin\u012f, tod\u0117l gaunamas geriausias med\u017eioklinis peilis su gerai \u017einomu&hellip;<\/p>\n","protected":false},"featured_media":99536,"template":"","meta":{"_themeisle_gutenberg_block_has_review":false},"product_brand":[],"product_cat":[381,386,385],"product_tag":[],"class_list":{"0":"post-93886","1":"product","2":"type-product","3":"status-publish","4":"has-post-thumbnail","6":"product_cat-lauko-peiliai","7":"product_cat-medziokliniai-peiliai","8":"product_cat-zvejybos-peiliai","10":"first","11":"outofstock","12":"shipping-taxable","13":"purchasable","14":"product-type-simple"},"yoast_head":"<!-- This site is optimized with the Yoast SEO plugin v27.3 - https:\/\/yoast.com\/product\/yoast-seo-wordpress\/ -->\n<title>Peilis &#039;&#039;POSEIDON MINI&#039;&#039; - rankomis kaltas Damasko plieno a\u0161men\u0173 peilis - AAKnives<\/title>\n<meta name=\"description\" content=\"Damasko peilis, turistinis peilis ir stovyklavimo peilis. aaknives med\u017eioklinis peilis, rank\u0173 darbo peiliai, rank\u0173 darbo kaltiniai peiliai, kaltiniai peiliai, kaltiniai peiliai Latvijoje\" \/>\n<meta name=\"robots\" content=\"index, follow, max-snippet:-1, max-image-preview:large, max-video-preview:-1\" \/>\n<link rel=\"canonical\" href=\"https:\/\/aaknives.eu\/lt\/product\/peilis-poseidon-mini-rankomis-kaltas-damasko-plieno-asmenu-peilis\/\" \/>\n<meta property=\"og:locale\" content=\"lt_LT\" \/>\n<meta property=\"og:type\" content=\"article\" \/>\n<meta property=\"og:title\" content=\"Peilis &#039;&#039;POSEIDON MINI&#039;&#039; - rankomis kaltas Damasko plieno a\u0161men\u0173 peilis - AAKnives\" \/>\n<meta property=\"og:description\" content=\"Damasko peilis, turistinis peilis ir stovyklavimo peilis. aaknives med\u017eioklinis peilis, rank\u0173 darbo peiliai, rank\u0173 darbo kaltiniai peiliai, kaltiniai peiliai, kaltiniai peiliai Latvijoje\" \/>\n<meta property=\"og:url\" content=\"https:\/\/aaknives.eu\/lt\/product\/peilis-poseidon-mini-rankomis-kaltas-damasko-plieno-asmenu-peilis\/\" \/>\n<meta property=\"og:site_name\" content=\"AAKnives\" \/>\n<meta property=\"article:publisher\" content=\"https:\/\/www.facebook.com\/aaknives.eu\/\" \/>\n<meta property=\"article:modified_time\" content=\"2025-06-30T17:45:42+00:00\" \/>\n<meta property=\"og:image\" content=\"https:\/\/aaknives.eu\/wp-content\/uploads\/2025\/01\/aaknives-hand-forged-damascus-steel-blade-knife-handmade-custom-made-knife-handcrafted-knives-autinetools-northmen-17.2.jpg\" \/>\n\t<meta property=\"og:image:width\" content=\"1020\" \/>\n\t<meta property=\"og:image:height\" content=\"880\" \/>\n\t<meta property=\"og:image:type\" content=\"image\/jpeg\" \/>\n<meta name=\"twitter:card\" content=\"summary_large_image\" \/>\n<meta name=\"twitter:label1\" content=\"Est. reading time\" \/>\n\t<meta name=\"twitter:data1\" content=\"2 minut\u0117s\" \/>\n<script type=\"application\/ld+json\" class=\"yoast-schema-graph\">{\"@context\":\"https:\\\/\\\/schema.org\",\"@graph\":[{\"@type\":\"WebPage\",\"@id\":\"https:\\\/\\\/aaknives.eu\\\/lt\\\/product\\\/peilis-poseidon-mini-rankomis-kaltas-damasko-plieno-asmenu-peilis\\\/\",\"url\":\"https:\\\/\\\/aaknives.eu\\\/lt\\\/product\\\/peilis-poseidon-mini-rankomis-kaltas-damasko-plieno-asmenu-peilis\\\/\",\"name\":\"Peilis ''POSEIDON MINI'' - rankomis kaltas Damasko plieno a\u0161men\u0173 peilis - AAKnives\",\"isPartOf\":{\"@id\":\"https:\\\/\\\/aaknives.eu\\\/lt\\\/#website\"},\"primaryImageOfPage\":{\"@id\":\"https:\\\/\\\/aaknives.eu\\\/lt\\\/product\\\/peilis-poseidon-mini-rankomis-kaltas-damasko-plieno-asmenu-peilis\\\/#primaryimage\"},\"image\":{\"@id\":\"https:\\\/\\\/aaknives.eu\\\/lt\\\/product\\\/peilis-poseidon-mini-rankomis-kaltas-damasko-plieno-asmenu-peilis\\\/#primaryimage\"},\"thumbnailUrl\":\"https:\\\/\\\/aaknives.eu\\\/wp-content\\\/uploads\\\/2025\\\/01\\\/aaknives-hand-forged-damascus-steel-blade-knife-handmade-custom-made-knife-handcrafted-knives-autinetools-northmen-17.2.jpg\",\"datePublished\":\"2025-01-06T16:40:55+00:00\",\"dateModified\":\"2025-06-30T17:45:42+00:00\",\"description\":\"Damasko peilis, turistinis peilis ir stovyklavimo peilis. aaknives med\u017eioklinis peilis, rank\u0173 darbo peiliai, rank\u0173 darbo kaltiniai peiliai, kaltiniai peiliai, kaltiniai peiliai Latvijoje\",\"breadcrumb\":{\"@id\":\"https:\\\/\\\/aaknives.eu\\\/lt\\\/product\\\/peilis-poseidon-mini-rankomis-kaltas-damasko-plieno-asmenu-peilis\\\/#breadcrumb\"},\"inLanguage\":\"lt-LT\",\"potentialAction\":[{\"@type\":\"ReadAction\",\"target\":[\"https:\\\/\\\/aaknives.eu\\\/lt\\\/product\\\/peilis-poseidon-mini-rankomis-kaltas-damasko-plieno-asmenu-peilis\\\/\"]}]},{\"@type\":\"ImageObject\",\"inLanguage\":\"lt-LT\",\"@id\":\"https:\\\/\\\/aaknives.eu\\\/lt\\\/product\\\/peilis-poseidon-mini-rankomis-kaltas-damasko-plieno-asmenu-peilis\\\/#primaryimage\",\"url\":\"https:\\\/\\\/aaknives.eu\\\/wp-content\\\/uploads\\\/2025\\\/01\\\/aaknives-hand-forged-damascus-steel-blade-knife-handmade-custom-made-knife-handcrafted-knives-autinetools-northmen-17.2.jpg\",\"contentUrl\":\"https:\\\/\\\/aaknives.eu\\\/wp-content\\\/uploads\\\/2025\\\/01\\\/aaknives-hand-forged-damascus-steel-blade-knife-handmade-custom-made-knife-handcrafted-knives-autinetools-northmen-17.2.jpg\",\"width\":1020,\"height\":880},{\"@type\":\"BreadcrumbList\",\"@id\":\"https:\\\/\\\/aaknives.eu\\\/lt\\\/product\\\/peilis-poseidon-mini-rankomis-kaltas-damasko-plieno-asmenu-peilis\\\/#breadcrumb\",\"itemListElement\":[{\"@type\":\"ListItem\",\"position\":1,\"name\":\"Home\",\"item\":\"https:\\\/\\\/aaknives.eu\\\/lt\\\/\"},{\"@type\":\"ListItem\",\"position\":2,\"name\":\"Parduotuv\u0117\",\"item\":\"https:\\\/\\\/aaknives.eu\\\/parduotuve\\\/\"},{\"@type\":\"ListItem\",\"position\":3,\"name\":\"Private: Peilis &#8221;POSEIDON MINI&#8221; &#8211; rankomis kaltas Damasko plieno a\u0161men\u0173 peilis\"}]},{\"@type\":\"WebSite\",\"@id\":\"https:\\\/\\\/aaknives.eu\\\/lt\\\/#website\",\"url\":\"https:\\\/\\\/aaknives.eu\\\/lt\\\/\",\"name\":\"AAKnives\",\"description\":\"Handmade knives\",\"publisher\":{\"@id\":\"https:\\\/\\\/aaknives.eu\\\/lt\\\/#organization\"},\"potentialAction\":[{\"@type\":\"SearchAction\",\"target\":{\"@type\":\"EntryPoint\",\"urlTemplate\":\"https:\\\/\\\/aaknives.eu\\\/lt\\\/?s={search_term_string}\"},\"query-input\":{\"@type\":\"PropertyValueSpecification\",\"valueRequired\":true,\"valueName\":\"search_term_string\"}}],\"inLanguage\":\"lt-LT\"},{\"@type\":\"Organization\",\"@id\":\"https:\\\/\\\/aaknives.eu\\\/lt\\\/#organization\",\"name\":\"AAKnives\",\"url\":\"https:\\\/\\\/aaknives.eu\\\/lt\\\/\",\"logo\":{\"@type\":\"ImageObject\",\"inLanguage\":\"lt-LT\",\"@id\":\"https:\\\/\\\/aaknives.eu\\\/lt\\\/#\\\/schema\\\/logo\\\/image\\\/\",\"url\":\"https:\\\/\\\/aaknives.eu\\\/wp-content\\\/uploads\\\/2021\\\/10\\\/AAknives_Logo_Green.png\",\"contentUrl\":\"https:\\\/\\\/aaknives.eu\\\/wp-content\\\/uploads\\\/2021\\\/10\\\/AAknives_Logo_Green.png\",\"width\":1768,\"height\":1768,\"caption\":\"AAKnives\"},\"image\":{\"@id\":\"https:\\\/\\\/aaknives.eu\\\/lt\\\/#\\\/schema\\\/logo\\\/image\\\/\"},\"sameAs\":[\"https:\\\/\\\/www.facebook.com\\\/aaknives.eu\\\/\",\"https:\\\/\\\/www.instagram.com\\\/aaknives\\\/\",\"https:\\\/\\\/www.pinterest.com\\\/aa_knives\\\/\",\"https:\\\/\\\/www.youtube.com\\\/channel\\\/UCHOQFjrOkgT6s4FIw9LDKyw\\\/featured\"]}]}<\/script>\n<!-- \/ Yoast SEO plugin. -->","yoast_head_json":{"title":"Peilis ''POSEIDON MINI'' - rankomis kaltas Damasko plieno a\u0161men\u0173 peilis - AAKnives","description":"Damasko peilis, turistinis peilis ir stovyklavimo peilis. aaknives med\u017eioklinis peilis, rank\u0173 darbo peiliai, rank\u0173 darbo kaltiniai peiliai, kaltiniai peiliai, kaltiniai peiliai Latvijoje","robots":{"index":"index","follow":"follow","max-snippet":"max-snippet:-1","max-image-preview":"max-image-preview:large","max-video-preview":"max-video-preview:-1"},"canonical":"https:\/\/aaknives.eu\/lt\/product\/peilis-poseidon-mini-rankomis-kaltas-damasko-plieno-asmenu-peilis\/","og_locale":"lt_LT","og_type":"article","og_title":"Peilis ''POSEIDON MINI'' - rankomis kaltas Damasko plieno a\u0161men\u0173 peilis - AAKnives","og_description":"Damasko peilis, turistinis peilis ir stovyklavimo peilis. aaknives med\u017eioklinis peilis, rank\u0173 darbo peiliai, rank\u0173 darbo kaltiniai peiliai, kaltiniai peiliai, kaltiniai peiliai Latvijoje","og_url":"https:\/\/aaknives.eu\/lt\/product\/peilis-poseidon-mini-rankomis-kaltas-damasko-plieno-asmenu-peilis\/","og_site_name":"AAKnives","article_publisher":"https:\/\/www.facebook.com\/aaknives.eu\/","article_modified_time":"2025-06-30T17:45:42+00:00","og_image":[{"width":1020,"height":880,"url":"https:\/\/aaknives.eu\/wp-content\/uploads\/2025\/01\/aaknives-hand-forged-damascus-steel-blade-knife-handmade-custom-made-knife-handcrafted-knives-autinetools-northmen-17.2.jpg","type":"image\/jpeg"}],"twitter_card":"summary_large_image","twitter_misc":{"Est. reading time":"2 minut\u0117s"},"schema":{"@context":"https:\/\/schema.org","@graph":[{"@type":"WebPage","@id":"https:\/\/aaknives.eu\/lt\/product\/peilis-poseidon-mini-rankomis-kaltas-damasko-plieno-asmenu-peilis\/","url":"https:\/\/aaknives.eu\/lt\/product\/peilis-poseidon-mini-rankomis-kaltas-damasko-plieno-asmenu-peilis\/","name":"Peilis ''POSEIDON MINI'' - rankomis kaltas Damasko plieno a\u0161men\u0173 peilis - AAKnives","isPartOf":{"@id":"https:\/\/aaknives.eu\/lt\/#website"},"primaryImageOfPage":{"@id":"https:\/\/aaknives.eu\/lt\/product\/peilis-poseidon-mini-rankomis-kaltas-damasko-plieno-asmenu-peilis\/#primaryimage"},"image":{"@id":"https:\/\/aaknives.eu\/lt\/product\/peilis-poseidon-mini-rankomis-kaltas-damasko-plieno-asmenu-peilis\/#primaryimage"},"thumbnailUrl":"https:\/\/aaknives.eu\/wp-content\/uploads\/2025\/01\/aaknives-hand-forged-damascus-steel-blade-knife-handmade-custom-made-knife-handcrafted-knives-autinetools-northmen-17.2.jpg","datePublished":"2025-01-06T16:40:55+00:00","dateModified":"2025-06-30T17:45:42+00:00","description":"Damasko peilis, turistinis peilis ir stovyklavimo peilis. aaknives med\u017eioklinis peilis, rank\u0173 darbo peiliai, rank\u0173 darbo kaltiniai peiliai, kaltiniai peiliai, kaltiniai peiliai Latvijoje","breadcrumb":{"@id":"https:\/\/aaknives.eu\/lt\/product\/peilis-poseidon-mini-rankomis-kaltas-damasko-plieno-asmenu-peilis\/#breadcrumb"},"inLanguage":"lt-LT","potentialAction":[{"@type":"ReadAction","target":["https:\/\/aaknives.eu\/lt\/product\/peilis-poseidon-mini-rankomis-kaltas-damasko-plieno-asmenu-peilis\/"]}]},{"@type":"ImageObject","inLanguage":"lt-LT","@id":"https:\/\/aaknives.eu\/lt\/product\/peilis-poseidon-mini-rankomis-kaltas-damasko-plieno-asmenu-peilis\/#primaryimage","url":"https:\/\/aaknives.eu\/wp-content\/uploads\/2025\/01\/aaknives-hand-forged-damascus-steel-blade-knife-handmade-custom-made-knife-handcrafted-knives-autinetools-northmen-17.2.jpg","contentUrl":"https:\/\/aaknives.eu\/wp-content\/uploads\/2025\/01\/aaknives-hand-forged-damascus-steel-blade-knife-handmade-custom-made-knife-handcrafted-knives-autinetools-northmen-17.2.jpg","width":1020,"height":880},{"@type":"BreadcrumbList","@id":"https:\/\/aaknives.eu\/lt\/product\/peilis-poseidon-mini-rankomis-kaltas-damasko-plieno-asmenu-peilis\/#breadcrumb","itemListElement":[{"@type":"ListItem","position":1,"name":"Home","item":"https:\/\/aaknives.eu\/lt\/"},{"@type":"ListItem","position":2,"name":"Parduotuv\u0117","item":"https:\/\/aaknives.eu\/parduotuve\/"},{"@type":"ListItem","position":3,"name":"Private: Peilis &#8221;POSEIDON MINI&#8221; &#8211; rankomis kaltas Damasko plieno a\u0161men\u0173 peilis"}]},{"@type":"WebSite","@id":"https:\/\/aaknives.eu\/lt\/#website","url":"https:\/\/aaknives.eu\/lt\/","name":"AAKnives","description":"Handmade knives","publisher":{"@id":"https:\/\/aaknives.eu\/lt\/#organization"},"potentialAction":[{"@type":"SearchAction","target":{"@type":"EntryPoint","urlTemplate":"https:\/\/aaknives.eu\/lt\/?s={search_term_string}"},"query-input":{"@type":"PropertyValueSpecification","valueRequired":true,"valueName":"search_term_string"}}],"inLanguage":"lt-LT"},{"@type":"Organization","@id":"https:\/\/aaknives.eu\/lt\/#organization","name":"AAKnives","url":"https:\/\/aaknives.eu\/lt\/","logo":{"@type":"ImageObject","inLanguage":"lt-LT","@id":"https:\/\/aaknives.eu\/lt\/#\/schema\/logo\/image\/","url":"https:\/\/aaknives.eu\/wp-content\/uploads\/2021\/10\/AAknives_Logo_Green.png","contentUrl":"https:\/\/aaknives.eu\/wp-content\/uploads\/2021\/10\/AAknives_Logo_Green.png","width":1768,"height":1768,"caption":"AAKnives"},"image":{"@id":"https:\/\/aaknives.eu\/lt\/#\/schema\/logo\/image\/"},"sameAs":["https:\/\/www.facebook.com\/aaknives.eu\/","https:\/\/www.instagram.com\/aaknives\/","https:\/\/www.pinterest.com\/aa_knives\/","https:\/\/www.youtube.com\/channel\/UCHOQFjrOkgT6s4FIw9LDKyw\/featured"]}]}},"_links":{"self":[{"href":"https:\/\/aaknives.eu\/lt\/wp-json\/wp\/v2\/product\/93886","targetHints":{"allow":["GET"]}}],"collection":[{"href":"https:\/\/aaknives.eu\/lt\/wp-json\/wp\/v2\/product"}],"about":[{"href":"https:\/\/aaknives.eu\/lt\/wp-json\/wp\/v2\/types\/product"}],"wp:featuredmedia":[{"embeddable":true,"href":"https:\/\/aaknives.eu\/lt\/wp-json\/wp\/v2\/media\/99536"}],"wp:attachment":[{"href":"https:\/\/aaknives.eu\/lt\/wp-json\/wp\/v2\/media?parent=93886"}],"wp:term":[{"taxonomy":"product_brand","embeddable":true,"href":"https:\/\/aaknives.eu\/lt\/wp-json\/wp\/v2\/product_brand?post=93886"},{"taxonomy":"product_cat","embeddable":true,"href":"https:\/\/aaknives.eu\/lt\/wp-json\/wp\/v2\/product_cat?post=93886"},{"taxonomy":"product_tag","embeddable":true,"href":"https:\/\/aaknives.eu\/lt\/wp-json\/wp\/v2\/product_tag?post=93886"}],"curies":[{"name":"wp","href":"https:\/\/api.w.org\/{rel}","templated":true}]}}