{"id":97829,"date":"2025-02-26T11:11:31","date_gmt":"2025-02-26T11:11:31","guid":{"rendered":"https:\/\/aaknives.eu\/?post_type=product&#038;p=97829"},"modified":"2025-02-27T12:36:13","modified_gmt":"2025-02-27T12:36:13","slug":"7-5-3000-grit-kdtu-hibridiniai-cbn-deimantiniai-galandimo-akmenys","status":"publish","type":"product","link":"https:\/\/aaknives.eu\/lt\/product\/7-5-3000-grit-kdtu-hibridiniai-cbn-deimantiniai-galandimo-akmenys\/","title":{"rendered":"7\/5 3000 Grit KDTU hibridiniai CBN deimantiniai galandimo akmenys"},"content":{"rendered":"<p>Universal\u016bs akmenys, skirti apdirbti kiet\u0105 ir mink\u0161t\u0105 plien\u0105. Gali b\u016bti naudojamas tiek sausas, tiek su aliejumi, siekiant pagerinti apdail\u0105, ypa\u010d paskutiniuose etapuose.<\/p>\n<p>Specifikacijos:<br \/>\n7\/5 3000 Grit<br \/>\nDydis: 6&#215;1&#8243;150x25x1 mm<br \/>\nRuo\u0161inys: aliuminis, 160x25x4 mm<br \/>\nRy\u0161ys: hibridinis (metalinis-organinis)<br \/>\nAbrazyvas: CBN (kubinis boro nitridas)<br \/>\nGamintojas: KDTU (pagaminta Ukrainoje)<br \/>\nPrivalumai:<\/p>\n<p>Didelis na\u0161umas ir apdorojimo efektyvumas.<br \/>\nI\u0161valykite apdirbam\u0105j\u012f pavir\u0161i\u0173 net grubl\u0117tumo stadijose.<br \/>\nLengvas valymas aliejumi arba dr\u0117gnomis servet\u0117l\u0117mis.<br \/>\nDidelis atsparumas dilimui<br \/>\nTinka apdirbti kiet\u0105j\u012f ir miltelin\u012f plien\u0105, kurio kietumas didesnis nei 67 HRC.<br \/>\nLengvas plakimas ir agresyvumo atk\u016brimas.<\/p>\n","protected":false},"excerpt":{"rendered":"<p>Universal\u016bs akmenys, skirti apdirbti kiet\u0105 ir mink\u0161t\u0105 plien\u0105. Gali b\u016bti naudojamas tiek sausas, tiek su aliejumi, siekiant pagerinti apdail\u0105, ypa\u010d paskutiniuose etapuose. Specifikacijos: 7\/5 3000 Grit Dydis: 6&#215;1&#8243;150x25x1 mm Ruo\u0161inys: aliuminis, 160x25x4 mm Ry\u0161ys: hibridinis (metalinis-organinis) Abrazyvas: CBN (kubinis boro nitridas) Gamintojas: KDTU (pagaminta Ukrainoje) Privalumai: Didelis na\u0161umas ir apdorojimo efektyvumas. I\u0161valykite apdirbam\u0105j\u012f pavir\u0161i\u0173 net grubl\u0117tumo stadijose. Lengvas valymas aliejumi arba dr\u0117gnomis servet\u0117l\u0117mis. Didelis atsparumas dilimui Tinka apdirbti kiet\u0105j\u012f ir miltelin\u012f plien\u0105, kurio kietumas didesnis nei 67 HRC. Lengvas plakimas ir agresyvumo atk\u016brimas.<\/p>\n","protected":false},"featured_media":97795,"template":"","meta":{"_themeisle_gutenberg_block_has_review":false},"product_brand":[],"product_cat":[375],"product_tag":[],"class_list":{"0":"post-97829","1":"product","2":"type-product","3":"status-publish","4":"has-post-thumbnail","6":"product_cat-peiliu-galandinimas-peiliu-galastuvai","8":"first","9":"instock","10":"shipping-taxable","11":"purchasable","12":"product-type-simple"},"yoast_head":"<!-- This site is optimized with the Yoast SEO plugin v27.3 - https:\/\/yoast.com\/product\/yoast-seo-wordpress\/ -->\n<title>7\/5 3000 Grit KDTU hibridiniai CBN deimantiniai galandimo akmenys - AAKnives<\/title>\n<meta name=\"description\" content=\"Universal\u016bs akmenys, skirti apdirbti kiet\u0105 ir mink\u0161t\u0105 plien\u0105. Gali b\u016bti naudojamas tiek sausas, tiek su aliejumi, siekiant pagerinti apdail\u0105, ypa\u010d paskutiniuose etapuose.\" \/>\n<meta name=\"robots\" content=\"index, follow, max-snippet:-1, max-image-preview:large, max-video-preview:-1\" \/>\n<link rel=\"canonical\" href=\"https:\/\/aaknives.eu\/lt\/product\/7-5-3000-grit-kdtu-hibridiniai-cbn-deimantiniai-galandimo-akmenys\/\" \/>\n<meta property=\"og:locale\" content=\"lt_LT\" \/>\n<meta property=\"og:type\" content=\"article\" \/>\n<meta property=\"og:title\" content=\"7\/5 3000 Grit KDTU hibridiniai CBN deimantiniai galandimo akmenys - AAKnives\" \/>\n<meta property=\"og:description\" content=\"Universal\u016bs akmenys, skirti apdirbti kiet\u0105 ir mink\u0161t\u0105 plien\u0105. Gali b\u016bti naudojamas tiek sausas, tiek su aliejumi, siekiant pagerinti apdail\u0105, ypa\u010d paskutiniuose etapuose.\" \/>\n<meta property=\"og:url\" content=\"https:\/\/aaknives.eu\/lt\/product\/7-5-3000-grit-kdtu-hibridiniai-cbn-deimantiniai-galandimo-akmenys\/\" \/>\n<meta property=\"og:site_name\" content=\"AAKnives\" \/>\n<meta property=\"article:publisher\" content=\"https:\/\/www.facebook.com\/aaknives.eu\/\" \/>\n<meta property=\"article:modified_time\" content=\"2025-02-27T12:36:13+00:00\" \/>\n<meta property=\"og:image\" content=\"https:\/\/aaknives.eu\/wp-content\/uploads\/2025\/02\/aaknives-hand-forged-damascus-steel-blade-knife-handmade-custom-made-knife-handcrafted-knives-autinetools-northmen-1.1.jpeg\" \/>\n\t<meta property=\"og:image:width\" content=\"960\" \/>\n\t<meta property=\"og:image:height\" content=\"1280\" \/>\n\t<meta property=\"og:image:type\" content=\"image\/jpeg\" \/>\n<meta name=\"twitter:card\" content=\"summary_large_image\" \/>\n<script type=\"application\/ld+json\" class=\"yoast-schema-graph\">{\"@context\":\"https:\\\/\\\/schema.org\",\"@graph\":[{\"@type\":\"WebPage\",\"@id\":\"https:\\\/\\\/aaknives.eu\\\/lt\\\/product\\\/7-5-3000-grit-kdtu-hibridiniai-cbn-deimantiniai-galandimo-akmenys\\\/\",\"url\":\"https:\\\/\\\/aaknives.eu\\\/lt\\\/product\\\/7-5-3000-grit-kdtu-hibridiniai-cbn-deimantiniai-galandimo-akmenys\\\/\",\"name\":\"7\\\/5 3000 Grit KDTU hibridiniai CBN deimantiniai galandimo akmenys - AAKnives\",\"isPartOf\":{\"@id\":\"https:\\\/\\\/aaknives.eu\\\/lt\\\/#website\"},\"primaryImageOfPage\":{\"@id\":\"https:\\\/\\\/aaknives.eu\\\/lt\\\/product\\\/7-5-3000-grit-kdtu-hibridiniai-cbn-deimantiniai-galandimo-akmenys\\\/#primaryimage\"},\"image\":{\"@id\":\"https:\\\/\\\/aaknives.eu\\\/lt\\\/product\\\/7-5-3000-grit-kdtu-hibridiniai-cbn-deimantiniai-galandimo-akmenys\\\/#primaryimage\"},\"thumbnailUrl\":\"https:\\\/\\\/aaknives.eu\\\/wp-content\\\/uploads\\\/2025\\\/02\\\/aaknives-hand-forged-damascus-steel-blade-knife-handmade-custom-made-knife-handcrafted-knives-autinetools-northmen-1.1.jpeg\",\"datePublished\":\"2025-02-26T11:11:31+00:00\",\"dateModified\":\"2025-02-27T12:36:13+00:00\",\"description\":\"Universal\u016bs akmenys, skirti apdirbti kiet\u0105 ir mink\u0161t\u0105 plien\u0105. Gali b\u016bti naudojamas tiek sausas, tiek su aliejumi, siekiant pagerinti apdail\u0105, ypa\u010d paskutiniuose etapuose.\",\"breadcrumb\":{\"@id\":\"https:\\\/\\\/aaknives.eu\\\/lt\\\/product\\\/7-5-3000-grit-kdtu-hibridiniai-cbn-deimantiniai-galandimo-akmenys\\\/#breadcrumb\"},\"inLanguage\":\"lt-LT\",\"potentialAction\":[{\"@type\":\"ReadAction\",\"target\":[\"https:\\\/\\\/aaknives.eu\\\/lt\\\/product\\\/7-5-3000-grit-kdtu-hibridiniai-cbn-deimantiniai-galandimo-akmenys\\\/\"]}]},{\"@type\":\"ImageObject\",\"inLanguage\":\"lt-LT\",\"@id\":\"https:\\\/\\\/aaknives.eu\\\/lt\\\/product\\\/7-5-3000-grit-kdtu-hibridiniai-cbn-deimantiniai-galandimo-akmenys\\\/#primaryimage\",\"url\":\"https:\\\/\\\/aaknives.eu\\\/wp-content\\\/uploads\\\/2025\\\/02\\\/aaknives-hand-forged-damascus-steel-blade-knife-handmade-custom-made-knife-handcrafted-knives-autinetools-northmen-1.1.jpeg\",\"contentUrl\":\"https:\\\/\\\/aaknives.eu\\\/wp-content\\\/uploads\\\/2025\\\/02\\\/aaknives-hand-forged-damascus-steel-blade-knife-handmade-custom-made-knife-handcrafted-knives-autinetools-northmen-1.1.jpeg\",\"width\":960,\"height\":1280},{\"@type\":\"BreadcrumbList\",\"@id\":\"https:\\\/\\\/aaknives.eu\\\/lt\\\/product\\\/7-5-3000-grit-kdtu-hibridiniai-cbn-deimantiniai-galandimo-akmenys\\\/#breadcrumb\",\"itemListElement\":[{\"@type\":\"ListItem\",\"position\":1,\"name\":\"Home\",\"item\":\"https:\\\/\\\/aaknives.eu\\\/lt\\\/\"},{\"@type\":\"ListItem\",\"position\":2,\"name\":\"Parduotuv\u0117\",\"item\":\"https:\\\/\\\/aaknives.eu\\\/parduotuve\\\/\"},{\"@type\":\"ListItem\",\"position\":3,\"name\":\"7\\\/5 3000 Grit KDTU hibridiniai CBN deimantiniai galandimo akmenys\"}]},{\"@type\":\"WebSite\",\"@id\":\"https:\\\/\\\/aaknives.eu\\\/lt\\\/#website\",\"url\":\"https:\\\/\\\/aaknives.eu\\\/lt\\\/\",\"name\":\"AAKnives\",\"description\":\"Handmade knives\",\"publisher\":{\"@id\":\"https:\\\/\\\/aaknives.eu\\\/lt\\\/#organization\"},\"potentialAction\":[{\"@type\":\"SearchAction\",\"target\":{\"@type\":\"EntryPoint\",\"urlTemplate\":\"https:\\\/\\\/aaknives.eu\\\/lt\\\/?s={search_term_string}\"},\"query-input\":{\"@type\":\"PropertyValueSpecification\",\"valueRequired\":true,\"valueName\":\"search_term_string\"}}],\"inLanguage\":\"lt-LT\"},{\"@type\":\"Organization\",\"@id\":\"https:\\\/\\\/aaknives.eu\\\/lt\\\/#organization\",\"name\":\"AAKnives\",\"url\":\"https:\\\/\\\/aaknives.eu\\\/lt\\\/\",\"logo\":{\"@type\":\"ImageObject\",\"inLanguage\":\"lt-LT\",\"@id\":\"https:\\\/\\\/aaknives.eu\\\/lt\\\/#\\\/schema\\\/logo\\\/image\\\/\",\"url\":\"https:\\\/\\\/aaknives.eu\\\/wp-content\\\/uploads\\\/2021\\\/10\\\/AAknives_Logo_Green.png\",\"contentUrl\":\"https:\\\/\\\/aaknives.eu\\\/wp-content\\\/uploads\\\/2021\\\/10\\\/AAknives_Logo_Green.png\",\"width\":1768,\"height\":1768,\"caption\":\"AAKnives\"},\"image\":{\"@id\":\"https:\\\/\\\/aaknives.eu\\\/lt\\\/#\\\/schema\\\/logo\\\/image\\\/\"},\"sameAs\":[\"https:\\\/\\\/www.facebook.com\\\/aaknives.eu\\\/\",\"https:\\\/\\\/www.instagram.com\\\/aaknives\\\/\",\"https:\\\/\\\/www.pinterest.com\\\/aa_knives\\\/\",\"https:\\\/\\\/www.youtube.com\\\/channel\\\/UCHOQFjrOkgT6s4FIw9LDKyw\\\/featured\"]}]}<\/script>\n<!-- \/ Yoast SEO plugin. -->","yoast_head_json":{"title":"7\/5 3000 Grit KDTU hibridiniai CBN deimantiniai galandimo akmenys - AAKnives","description":"Universal\u016bs akmenys, skirti apdirbti kiet\u0105 ir mink\u0161t\u0105 plien\u0105. Gali b\u016bti naudojamas tiek sausas, tiek su aliejumi, siekiant pagerinti apdail\u0105, ypa\u010d paskutiniuose etapuose.","robots":{"index":"index","follow":"follow","max-snippet":"max-snippet:-1","max-image-preview":"max-image-preview:large","max-video-preview":"max-video-preview:-1"},"canonical":"https:\/\/aaknives.eu\/lt\/product\/7-5-3000-grit-kdtu-hibridiniai-cbn-deimantiniai-galandimo-akmenys\/","og_locale":"lt_LT","og_type":"article","og_title":"7\/5 3000 Grit KDTU hibridiniai CBN deimantiniai galandimo akmenys - AAKnives","og_description":"Universal\u016bs akmenys, skirti apdirbti kiet\u0105 ir mink\u0161t\u0105 plien\u0105. Gali b\u016bti naudojamas tiek sausas, tiek su aliejumi, siekiant pagerinti apdail\u0105, ypa\u010d paskutiniuose etapuose.","og_url":"https:\/\/aaknives.eu\/lt\/product\/7-5-3000-grit-kdtu-hibridiniai-cbn-deimantiniai-galandimo-akmenys\/","og_site_name":"AAKnives","article_publisher":"https:\/\/www.facebook.com\/aaknives.eu\/","article_modified_time":"2025-02-27T12:36:13+00:00","og_image":[{"width":960,"height":1280,"url":"https:\/\/aaknives.eu\/wp-content\/uploads\/2025\/02\/aaknives-hand-forged-damascus-steel-blade-knife-handmade-custom-made-knife-handcrafted-knives-autinetools-northmen-1.1.jpeg","type":"image\/jpeg"}],"twitter_card":"summary_large_image","schema":{"@context":"https:\/\/schema.org","@graph":[{"@type":"WebPage","@id":"https:\/\/aaknives.eu\/lt\/product\/7-5-3000-grit-kdtu-hibridiniai-cbn-deimantiniai-galandimo-akmenys\/","url":"https:\/\/aaknives.eu\/lt\/product\/7-5-3000-grit-kdtu-hibridiniai-cbn-deimantiniai-galandimo-akmenys\/","name":"7\/5 3000 Grit KDTU hibridiniai CBN deimantiniai galandimo akmenys - AAKnives","isPartOf":{"@id":"https:\/\/aaknives.eu\/lt\/#website"},"primaryImageOfPage":{"@id":"https:\/\/aaknives.eu\/lt\/product\/7-5-3000-grit-kdtu-hibridiniai-cbn-deimantiniai-galandimo-akmenys\/#primaryimage"},"image":{"@id":"https:\/\/aaknives.eu\/lt\/product\/7-5-3000-grit-kdtu-hibridiniai-cbn-deimantiniai-galandimo-akmenys\/#primaryimage"},"thumbnailUrl":"https:\/\/aaknives.eu\/wp-content\/uploads\/2025\/02\/aaknives-hand-forged-damascus-steel-blade-knife-handmade-custom-made-knife-handcrafted-knives-autinetools-northmen-1.1.jpeg","datePublished":"2025-02-26T11:11:31+00:00","dateModified":"2025-02-27T12:36:13+00:00","description":"Universal\u016bs akmenys, skirti apdirbti kiet\u0105 ir mink\u0161t\u0105 plien\u0105. Gali b\u016bti naudojamas tiek sausas, tiek su aliejumi, siekiant pagerinti apdail\u0105, ypa\u010d paskutiniuose etapuose.","breadcrumb":{"@id":"https:\/\/aaknives.eu\/lt\/product\/7-5-3000-grit-kdtu-hibridiniai-cbn-deimantiniai-galandimo-akmenys\/#breadcrumb"},"inLanguage":"lt-LT","potentialAction":[{"@type":"ReadAction","target":["https:\/\/aaknives.eu\/lt\/product\/7-5-3000-grit-kdtu-hibridiniai-cbn-deimantiniai-galandimo-akmenys\/"]}]},{"@type":"ImageObject","inLanguage":"lt-LT","@id":"https:\/\/aaknives.eu\/lt\/product\/7-5-3000-grit-kdtu-hibridiniai-cbn-deimantiniai-galandimo-akmenys\/#primaryimage","url":"https:\/\/aaknives.eu\/wp-content\/uploads\/2025\/02\/aaknives-hand-forged-damascus-steel-blade-knife-handmade-custom-made-knife-handcrafted-knives-autinetools-northmen-1.1.jpeg","contentUrl":"https:\/\/aaknives.eu\/wp-content\/uploads\/2025\/02\/aaknives-hand-forged-damascus-steel-blade-knife-handmade-custom-made-knife-handcrafted-knives-autinetools-northmen-1.1.jpeg","width":960,"height":1280},{"@type":"BreadcrumbList","@id":"https:\/\/aaknives.eu\/lt\/product\/7-5-3000-grit-kdtu-hibridiniai-cbn-deimantiniai-galandimo-akmenys\/#breadcrumb","itemListElement":[{"@type":"ListItem","position":1,"name":"Home","item":"https:\/\/aaknives.eu\/lt\/"},{"@type":"ListItem","position":2,"name":"Parduotuv\u0117","item":"https:\/\/aaknives.eu\/parduotuve\/"},{"@type":"ListItem","position":3,"name":"7\/5 3000 Grit KDTU hibridiniai CBN deimantiniai galandimo akmenys"}]},{"@type":"WebSite","@id":"https:\/\/aaknives.eu\/lt\/#website","url":"https:\/\/aaknives.eu\/lt\/","name":"AAKnives","description":"Handmade knives","publisher":{"@id":"https:\/\/aaknives.eu\/lt\/#organization"},"potentialAction":[{"@type":"SearchAction","target":{"@type":"EntryPoint","urlTemplate":"https:\/\/aaknives.eu\/lt\/?s={search_term_string}"},"query-input":{"@type":"PropertyValueSpecification","valueRequired":true,"valueName":"search_term_string"}}],"inLanguage":"lt-LT"},{"@type":"Organization","@id":"https:\/\/aaknives.eu\/lt\/#organization","name":"AAKnives","url":"https:\/\/aaknives.eu\/lt\/","logo":{"@type":"ImageObject","inLanguage":"lt-LT","@id":"https:\/\/aaknives.eu\/lt\/#\/schema\/logo\/image\/","url":"https:\/\/aaknives.eu\/wp-content\/uploads\/2021\/10\/AAknives_Logo_Green.png","contentUrl":"https:\/\/aaknives.eu\/wp-content\/uploads\/2021\/10\/AAknives_Logo_Green.png","width":1768,"height":1768,"caption":"AAKnives"},"image":{"@id":"https:\/\/aaknives.eu\/lt\/#\/schema\/logo\/image\/"},"sameAs":["https:\/\/www.facebook.com\/aaknives.eu\/","https:\/\/www.instagram.com\/aaknives\/","https:\/\/www.pinterest.com\/aa_knives\/","https:\/\/www.youtube.com\/channel\/UCHOQFjrOkgT6s4FIw9LDKyw\/featured"]}]}},"_links":{"self":[{"href":"https:\/\/aaknives.eu\/lt\/wp-json\/wp\/v2\/product\/97829","targetHints":{"allow":["GET"]}}],"collection":[{"href":"https:\/\/aaknives.eu\/lt\/wp-json\/wp\/v2\/product"}],"about":[{"href":"https:\/\/aaknives.eu\/lt\/wp-json\/wp\/v2\/types\/product"}],"wp:featuredmedia":[{"embeddable":true,"href":"https:\/\/aaknives.eu\/lt\/wp-json\/wp\/v2\/media\/97795"}],"wp:attachment":[{"href":"https:\/\/aaknives.eu\/lt\/wp-json\/wp\/v2\/media?parent=97829"}],"wp:term":[{"taxonomy":"product_brand","embeddable":true,"href":"https:\/\/aaknives.eu\/lt\/wp-json\/wp\/v2\/product_brand?post=97829"},{"taxonomy":"product_cat","embeddable":true,"href":"https:\/\/aaknives.eu\/lt\/wp-json\/wp\/v2\/product_cat?post=97829"},{"taxonomy":"product_tag","embeddable":true,"href":"https:\/\/aaknives.eu\/lt\/wp-json\/wp\/v2\/product_tag?post=97829"}],"curies":[{"name":"wp","href":"https:\/\/api.w.org\/{rel}","templated":true}]}}