{"id":56605,"date":"2023-09-12T21:02:18","date_gmt":"2023-09-12T21:02:18","guid":{"rendered":"https:\/\/aaknives.eu\/blogg\/"},"modified":"2025-01-21T22:27:24","modified_gmt":"2025-01-21T22:27:24","slug":"blogg","status":"publish","type":"page","link":"https:\/\/aaknives.eu\/sv\/blogg\/","title":{"rendered":"Blogg"},"content":{"rendered":"\t\t<div data-elementor-type=\"wp-page\" data-elementor-id=\"56605\" class=\"elementor elementor-56605 elementor-37979\" data-elementor-post-type=\"page\">\n\t\t\t\t\t\t<section class=\"elementor-section elementor-top-section elementor-element elementor-element-e390344 elementor-section-boxed elementor-section-height-default elementor-section-height-default\" data-id=\"e390344\" data-element_type=\"section\" data-e-type=\"section\" id=\"blog-grid\">\n\t\t\t\t\t\t<div class=\"elementor-container elementor-column-gap-default\">\n\t\t\t\t\t<div class=\"elementor-column elementor-col-100 elementor-top-column elementor-element elementor-element-7e33544\" data-id=\"7e33544\" data-element_type=\"column\" data-e-type=\"column\">\n\t\t\t<div class=\"elementor-widget-wrap\">\n\t\t\t\t\t\t\t<\/div>\n\t\t<\/div>\n\t\t\t\t\t<\/div>\n\t\t<\/section>\n\t\t\t\t<section class=\"elementor-section elementor-top-section elementor-element elementor-element-cb372d2 elementor-section-boxed elementor-section-height-default elementor-section-height-default\" data-id=\"cb372d2\" data-element_type=\"section\" data-e-type=\"section\">\n\t\t\t\t\t\t<div class=\"elementor-container elementor-column-gap-default\">\n\t\t\t\t\t<div class=\"elementor-column elementor-col-100 elementor-top-column elementor-element elementor-element-043806a\" data-id=\"043806a\" data-element_type=\"column\" data-e-type=\"column\">\n\t\t\t<div class=\"elementor-widget-wrap elementor-element-populated\">\n\t\t\t\t\t\t<div class=\"elementor-element elementor-element-5769faf elementor-widget elementor-widget-konte-posts-grid\" data-id=\"5769faf\" data-element_type=\"widget\" data-e-type=\"widget\" data-widget_type=\"konte-posts-grid.default\">\n\t\t\t\t<div class=\"elementor-widget-container\">\n\t\t\t\t\t<div class=\"konte-post-grid post-grid clearfix columns-2 columns-gap-40  konte-post-grid--elementor\"><div class=\"post-56659 post type-post status-publish format-standard has-post-thumbnail hentry category-okategoriserad\">\n\t\t\t\t\t<a href=\"https:\/\/aaknives.eu\/sv\/bohler-uddeholm-n695-stal\/\" class=\"post-thumbnail\"><img fetchpriority=\"high\" decoding=\"async\" width=\"450\" height=\"300\" src=\"https:\/\/aaknives.eu\/wp-content\/uploads\/2023\/08\/aaknives-hand-forged-dabascus-steel-blade-knife-handmade-custom-made-knife-handcrafted-knives-autinetools-northmen-7-1-450x300.jpg\" class=\"attachment-konte-post-thumbnail-shortcode size-konte-post-thumbnail-shortcode wp-post-image\" alt=\"\" srcset=\"https:\/\/aaknives.eu\/wp-content\/uploads\/2023\/08\/aaknives-hand-forged-dabascus-steel-blade-knife-handmade-custom-made-knife-handcrafted-knives-autinetools-northmen-7-1-450x300.jpg 450w, https:\/\/aaknives.eu\/wp-content\/uploads\/2023\/08\/aaknives-hand-forged-dabascus-steel-blade-knife-handmade-custom-made-knife-handcrafted-knives-autinetools-northmen-7-1-100x68.jpg 100w\" sizes=\"(max-width: 450px) 100vw, 450px\" \/><\/a>\n\t\t\t\t\t<div class=\"konte-post-grid__summary\">\n\t\t\t\t\t\t<h5 class=\"post-title\"><a href=\"https:\/\/aaknives.eu\/sv\/bohler-uddeholm-n695-stal\/\" rel=\"bookmark\">Bohler Uddeholm N695 st\u00e5l<\/a><\/h5>\n\t\t\t\t\t\t<div class=\"post-summary\">Bohler Uddeholm N695 st\u00e5l \u00e4r ett rostbest\u00e4ndigt och slitstarkt material som tillverkas av den v\u00e4lrenommerade st\u00e5ltillverkaren Bohler Uddeholm. Det k\u00e4nnetecknas av sin f\u00f6rm\u00e5ga att bibeh\u00e5lla bladets egg och t\u00e5la tung anv\u00e4ndning. V\u00e5ra knivblad, tillverkade av Bohler Uddeholm N695-st\u00e5l, erbjuder oklanderlig sk\u00e4rprecision och l\u00e5ng livsl\u00e4ngd, vilket g\u00f6r dem idealiska f\u00f6r k\u00f6ket, utomhusaktiviteter eller vardags\u00e4ventyr. Vi l\u00e4gger s\u00e4rskild vikt vid detaljer och kvalitet och anv\u00e4nder Bohler Uddeholm N695-st\u00e5l f\u00f6r att skapa en kniv som inte bara sticker ut genom sitt utseende, utan som ocks\u00e5 klarar de tuffaste uppgifterna. Prova v\u00e5r knivkollektion i Bohler Uddeholm N695-st\u00e5l och l\u00e4r k\u00e4nna de unika egenskaperna hos&hellip;<\/div>\n\t\t\t\t\t\t<a class=\"button alt\" href=\"https:\/\/aaknives.eu\/sv\/bohler-uddeholm-n695-stal\/\">J\u00e4tkake lugemist<\/a>\n\t\t\t\t\t<\/div>\n\t\t\t\t<\/div><div class=\"post-56662 post type-post status-publish format-gallery has-post-thumbnail hentry category-okategoriserad post_format-post-format-gallery\">\n\t\t\t\t\t<a href=\"https:\/\/aaknives.eu\/sv\/kniv-den-perfekta-presenten\/\" class=\"post-thumbnail\"><img decoding=\"async\" width=\"450\" height=\"300\" src=\"https:\/\/aaknives.eu\/wp-content\/uploads\/2023\/08\/aaknives-hand-forged-dabascus-steel-blade-knife-handmade-custom-made-knife-handcrafted-knives-autinetools-northmen-2-3-450x300.jpg\" class=\"attachment-konte-post-thumbnail-shortcode size-konte-post-thumbnail-shortcode wp-post-image\" alt=\"\" srcset=\"https:\/\/aaknives.eu\/wp-content\/uploads\/2023\/08\/aaknives-hand-forged-dabascus-steel-blade-knife-handmade-custom-made-knife-handcrafted-knives-autinetools-northmen-2-3-450x300.jpg 450w, https:\/\/aaknives.eu\/wp-content\/uploads\/2023\/08\/aaknives-hand-forged-dabascus-steel-blade-knife-handmade-custom-made-knife-handcrafted-knives-autinetools-northmen-2-3-100x68.jpg 100w\" sizes=\"(max-width: 450px) 100vw, 450px\" \/><\/a>\n\t\t\t\t\t<div class=\"konte-post-grid__summary\">\n\t\t\t\t\t\t<h5 class=\"post-title\"><a href=\"https:\/\/aaknives.eu\/sv\/kniv-den-perfekta-presenten\/\" rel=\"bookmark\">Kniv &#8211; den perfekta presenten<\/a><\/h5>\n\t\t\t\t\t\t<div class=\"post-summary\">En kniv &#8211; en fantastisk och exklusiv present f\u00f6r alla tillf\u00e4llen. V\u00e5ra handsmidda knivar \u00e4r unika och omsorgsfullt tillverkade av h\u00f6gkvalitativt rostfritt st\u00e5l eller Damaskusst\u00e5l. Varje kniv kan anpassas med en personlig gravyr av din valfria logotyp, initialer, namn och andra symboler. Innan du ger en kniv, be mottagaren om ett litet mynt i geng\u00e4ld &#8211; detta \u00e4r tron p\u00e5 att inte falla f\u00f6r knivar. Varje kniv levereras med en elegant l\u00e4derpl\u00e5nbok, som ocks\u00e5 kan graveras f\u00f6r att ge \u00e4nnu mer mening. G\u00e5van kommer att f\u00f6rpackas i en vacker presentf\u00f6rpackning f\u00f6r att \u00f6verraska dina n\u00e4ra och k\u00e4ra p\u00e5 ett kreativt&hellip;<\/div>\n\t\t\t\t\t\t<a class=\"button alt\" href=\"https:\/\/aaknives.eu\/sv\/kniv-den-perfekta-presenten\/\">J\u00e4tkake lugemist<\/a>\n\t\t\t\t\t<\/div>\n\t\t\t\t<\/div><div class=\"post-56681 post type-post status-publish format-standard has-post-thumbnail hentry category-okategoriserad\">\n\t\t\t\t\t<a href=\"https:\/\/aaknives.eu\/sv\/fallbara-knivar\/\" class=\"post-thumbnail\"><img decoding=\"async\" width=\"450\" height=\"300\" src=\"https:\/\/aaknives.eu\/wp-content\/uploads\/2023\/08\/image-450x300.jpg\" class=\"attachment-konte-post-thumbnail-shortcode size-konte-post-thumbnail-shortcode wp-post-image\" alt=\"image\" srcset=\"https:\/\/aaknives.eu\/wp-content\/uploads\/2023\/08\/image-450x300.jpg 450w, https:\/\/aaknives.eu\/wp-content\/uploads\/2023\/08\/image-100x68.jpg 100w\" sizes=\"(max-width: 450px) 100vw, 450px\" \/><\/a>\n\t\t\t\t\t<div class=\"konte-post-grid__summary\">\n\t\t\t\t\t\t<h5 class=\"post-title\"><a href=\"https:\/\/aaknives.eu\/sv\/fallbara-knivar\/\" rel=\"bookmark\">F\u00e4llbara knivar<\/a><\/h5>\n\t\t\t\t\t\t<div class=\"post-summary\">F\u00e4llknivar har l\u00e4nge varit popul\u00e4ra eftersom de \u00e4r praktiska och l\u00e4tta att flytta och anv\u00e4nda i olika situationer. F\u00e4llknivar finns i m\u00e5nga olika utf\u00f6randen, t.ex. f\u00f6r jakt och fiske. F\u00e4llknivar skiljer sig inte bara i sin funktionalitet, utan ocks\u00e5 i antalet blad. De kan vara enkelbladiga eller flerbladiga. Enkelbladiga f\u00e4llknivar finns i m\u00e5nga olika former och storlekar och \u00e4r i allm\u00e4nhet enkla. Dessa knivar fokuserar p\u00e5 bladet och \u00e4r i allm\u00e4nhet starkare \u00e4n knivar med flera blad, s\u00e5 de \u00e4r perfekta f\u00f6r jobb som kr\u00e4ver ett styvare blad. Sist men inte minst har dessa knivar vanligtvis en snabb \u00f6ppningsmekanism som&hellip;<\/div>\n\t\t\t\t\t\t<a class=\"button alt\" href=\"https:\/\/aaknives.eu\/sv\/fallbara-knivar\/\">J\u00e4tkake lugemist<\/a>\n\t\t\t\t\t<\/div>\n\t\t\t\t<\/div><\/div>\t\t\t\t<\/div>\n\t\t\t\t<\/div>\n\t\t\t\t\t<\/div>\n\t\t<\/div>\n\t\t\t\t\t<\/div>\n\t\t<\/section>\n\t\t\t\t<\/div>\n\t\t","protected":false},"excerpt":{"rendered":"<p>T\u0113rauds Bohler Uddeholm N695 Bohler Uddeholm N695 t\u0113rauds ir ner\u016bs\u0113jo\u0161s un iztur\u012bgs materi\u0101ls, ko ra\u017eo cien\u012bjama t\u0113rauda ra\u017eot\u0101js Bohler Uddeholm. Tas izce\u013cas ar savu sp\u0113ju saglab\u0101t asme\u0146a \u0161\u0137autni un iztur\u0113t intens\u012bvu lieto\u0161anu. M\u016bsu na\u017eu asme\u0146i, izgatavoti no Bohler Uddeholm N695 t\u0113rauda, sniedz nevainojamu grie\u0161anas precizit\u0101ti un ilgsto\u0161u kalpo\u0161anas laiku, kas padara tos par ide\u0101liem pal\u012bgiem virtuv\u0113, br\u012bv\u0101 dab\u0101 vai ikdienas piedz\u012bvojumos. M\u0113s piev\u0113r\u0161am \u012bpa\u0161u uzman\u012bbu deta\u013c\u0101m un kvalit\u0101tei, izmantojot Bohler Uddeholm N695 t\u0113raudu, lai rad\u012btu nazi, kas ne tikai izce\u013cas ar savu izskatu, bet ar\u012b sp\u0113j pild\u012bt vissare\u017e\u0123\u012bt\u0101kos uzdevumus. Izm\u0113\u0123iniet m\u016bsu Bohler Uddeholm N695 t\u0113rauda na\u017eu kolekciju un iepaz\u012bstieties ar&hellip;<\/p>\n","protected":false},"author":1,"featured_media":0,"parent":0,"menu_order":0,"comment_status":"closed","ping_status":"closed","template":"","meta":{"_themeisle_gutenberg_block_has_review":false,"footnotes":""},"class_list":["post-56605","page","type-page","status-publish","hentry"],"yoast_head":"<!-- This site is optimized with the Yoast SEO plugin v27.5 - https:\/\/yoast.com\/product\/yoast-seo-wordpress\/ -->\n<title>Blogg - AAKnives<\/title>\n<meta name=\"robots\" content=\"index, follow, max-snippet:-1, max-image-preview:large, max-video-preview:-1\" \/>\n<link rel=\"canonical\" href=\"https:\/\/aaknives.eu\/sv\/blogg\/\" \/>\n<meta property=\"og:locale\" content=\"sv_SE\" \/>\n<meta property=\"og:type\" content=\"article\" \/>\n<meta property=\"og:title\" content=\"Blogg - AAKnives\" \/>\n<meta property=\"og:description\" content=\"T\u0113rauds Bohler Uddeholm N695 Bohler Uddeholm N695 t\u0113rauds ir ner\u016bs\u0113jo\u0161s un iztur\u012bgs materi\u0101ls, ko ra\u017eo cien\u012bjama t\u0113rauda ra\u017eot\u0101js Bohler Uddeholm. Tas izce\u013cas ar savu sp\u0113ju saglab\u0101t asme\u0146a \u0161\u0137autni un iztur\u0113t intens\u012bvu lieto\u0161anu. M\u016bsu na\u017eu asme\u0146i, izgatavoti no Bohler Uddeholm N695 t\u0113rauda, sniedz nevainojamu grie\u0161anas precizit\u0101ti un ilgsto\u0161u kalpo\u0161anas laiku, kas padara tos par ide\u0101liem pal\u012bgiem virtuv\u0113, br\u012bv\u0101 dab\u0101 vai ikdienas piedz\u012bvojumos. M\u0113s piev\u0113r\u0161am \u012bpa\u0161u uzman\u012bbu deta\u013c\u0101m un kvalit\u0101tei, izmantojot Bohler Uddeholm N695 t\u0113raudu, lai rad\u012btu nazi, kas ne tikai izce\u013cas ar savu izskatu, bet ar\u012b sp\u0113j pild\u012bt vissare\u017e\u0123\u012bt\u0101kos uzdevumus. Izm\u0113\u0123iniet m\u016bsu Bohler Uddeholm N695 t\u0113rauda na\u017eu kolekciju un iepaz\u012bstieties ar&hellip;\" \/>\n<meta property=\"og:url\" content=\"https:\/\/aaknives.eu\/sv\/blogg\/\" \/>\n<meta property=\"og:site_name\" content=\"AAKnives\" \/>\n<meta property=\"article:publisher\" content=\"https:\/\/www.facebook.com\/aaknives.eu\/\" \/>\n<meta property=\"article:modified_time\" content=\"2025-01-21T22:27:24+00:00\" \/>\n<meta property=\"og:image\" content=\"https:\/\/aaknives.eu\/wp-content\/uploads\/2023\/08\/aaknives-hand-forged-dabascus-steel-blade-knife-handmade-custom-made-knife-handcrafted-knives-autinetools-northmen-7-1-450x300.jpg\" \/>\n<meta name=\"twitter:card\" content=\"summary_large_image\" \/>\n<meta name=\"twitter:label1\" content=\"Ber\u00e4knad l\u00e4stid\" \/>\n\t<meta name=\"twitter:data1\" content=\"6 minuter\" \/>\n<script type=\"application\/ld+json\" class=\"yoast-schema-graph\">{\"@context\":\"https:\\\/\\\/schema.org\",\"@graph\":[{\"@type\":\"WebPage\",\"@id\":\"https:\\\/\\\/aaknives.eu\\\/sv\\\/blogg\\\/\",\"url\":\"https:\\\/\\\/aaknives.eu\\\/sv\\\/blogg\\\/\",\"name\":\"Blogg - AAKnives\",\"isPartOf\":{\"@id\":\"https:\\\/\\\/aaknives.eu\\\/sv\\\/#website\"},\"primaryImageOfPage\":{\"@id\":\"https:\\\/\\\/aaknives.eu\\\/sv\\\/blogg\\\/#primaryimage\"},\"image\":{\"@id\":\"https:\\\/\\\/aaknives.eu\\\/sv\\\/blogg\\\/#primaryimage\"},\"thumbnailUrl\":\"https:\\\/\\\/aaknives.eu\\\/wp-content\\\/uploads\\\/2023\\\/08\\\/aaknives-hand-forged-dabascus-steel-blade-knife-handmade-custom-made-knife-handcrafted-knives-autinetools-northmen-7-1-450x300.jpg\",\"datePublished\":\"2023-09-12T21:02:18+00:00\",\"dateModified\":\"2025-01-21T22:27:24+00:00\",\"breadcrumb\":{\"@id\":\"https:\\\/\\\/aaknives.eu\\\/sv\\\/blogg\\\/#breadcrumb\"},\"inLanguage\":\"sv-SE\",\"potentialAction\":[{\"@type\":\"ReadAction\",\"target\":[\"https:\\\/\\\/aaknives.eu\\\/sv\\\/blogg\\\/\"]}]},{\"@type\":\"ImageObject\",\"inLanguage\":\"sv-SE\",\"@id\":\"https:\\\/\\\/aaknives.eu\\\/sv\\\/blogg\\\/#primaryimage\",\"url\":\"https:\\\/\\\/aaknives.eu\\\/wp-content\\\/uploads\\\/2023\\\/08\\\/aaknives-hand-forged-dabascus-steel-blade-knife-handmade-custom-made-knife-handcrafted-knives-autinetools-northmen-7-1-450x300.jpg\",\"contentUrl\":\"https:\\\/\\\/aaknives.eu\\\/wp-content\\\/uploads\\\/2023\\\/08\\\/aaknives-hand-forged-dabascus-steel-blade-knife-handmade-custom-made-knife-handcrafted-knives-autinetools-northmen-7-1-450x300.jpg\"},{\"@type\":\"BreadcrumbList\",\"@id\":\"https:\\\/\\\/aaknives.eu\\\/sv\\\/blogg\\\/#breadcrumb\",\"itemListElement\":[{\"@type\":\"ListItem\",\"position\":1,\"name\":\"Home\",\"item\":\"https:\\\/\\\/aaknives.eu\\\/sv\\\/\"},{\"@type\":\"ListItem\",\"position\":2,\"name\":\"Blogg\"}]},{\"@type\":\"WebSite\",\"@id\":\"https:\\\/\\\/aaknives.eu\\\/sv\\\/#website\",\"url\":\"https:\\\/\\\/aaknives.eu\\\/sv\\\/\",\"name\":\"AAKnives\",\"description\":\"Handmade knives\",\"publisher\":{\"@id\":\"https:\\\/\\\/aaknives.eu\\\/sv\\\/#organization\"},\"potentialAction\":[{\"@type\":\"SearchAction\",\"target\":{\"@type\":\"EntryPoint\",\"urlTemplate\":\"https:\\\/\\\/aaknives.eu\\\/sv\\\/?s={search_term_string}\"},\"query-input\":{\"@type\":\"PropertyValueSpecification\",\"valueRequired\":true,\"valueName\":\"search_term_string\"}}],\"inLanguage\":\"sv-SE\"},{\"@type\":\"Organization\",\"@id\":\"https:\\\/\\\/aaknives.eu\\\/sv\\\/#organization\",\"name\":\"AAKnives\",\"url\":\"https:\\\/\\\/aaknives.eu\\\/sv\\\/\",\"logo\":{\"@type\":\"ImageObject\",\"inLanguage\":\"sv-SE\",\"@id\":\"https:\\\/\\\/aaknives.eu\\\/sv\\\/#\\\/schema\\\/logo\\\/image\\\/\",\"url\":\"https:\\\/\\\/aaknives.eu\\\/wp-content\\\/uploads\\\/2021\\\/10\\\/AAknives_Logo_Green.png\",\"contentUrl\":\"https:\\\/\\\/aaknives.eu\\\/wp-content\\\/uploads\\\/2021\\\/10\\\/AAknives_Logo_Green.png\",\"width\":1768,\"height\":1768,\"caption\":\"AAKnives\"},\"image\":{\"@id\":\"https:\\\/\\\/aaknives.eu\\\/sv\\\/#\\\/schema\\\/logo\\\/image\\\/\"},\"sameAs\":[\"https:\\\/\\\/www.facebook.com\\\/aaknives.eu\\\/\",\"https:\\\/\\\/www.instagram.com\\\/aaknives\\\/\",\"https:\\\/\\\/www.pinterest.com\\\/aa_knives\\\/\",\"https:\\\/\\\/www.youtube.com\\\/channel\\\/UCHOQFjrOkgT6s4FIw9LDKyw\\\/featured\"]}]}<\/script>\n<!-- \/ Yoast SEO plugin. -->","yoast_head_json":{"title":"Blogg - AAKnives","robots":{"index":"index","follow":"follow","max-snippet":"max-snippet:-1","max-image-preview":"max-image-preview:large","max-video-preview":"max-video-preview:-1"},"canonical":"https:\/\/aaknives.eu\/sv\/blogg\/","og_locale":"sv_SE","og_type":"article","og_title":"Blogg - AAKnives","og_description":"T\u0113rauds Bohler Uddeholm N695 Bohler Uddeholm N695 t\u0113rauds ir ner\u016bs\u0113jo\u0161s un iztur\u012bgs materi\u0101ls, ko ra\u017eo cien\u012bjama t\u0113rauda ra\u017eot\u0101js Bohler Uddeholm. Tas izce\u013cas ar savu sp\u0113ju saglab\u0101t asme\u0146a \u0161\u0137autni un iztur\u0113t intens\u012bvu lieto\u0161anu. M\u016bsu na\u017eu asme\u0146i, izgatavoti no Bohler Uddeholm N695 t\u0113rauda, sniedz nevainojamu grie\u0161anas precizit\u0101ti un ilgsto\u0161u kalpo\u0161anas laiku, kas padara tos par ide\u0101liem pal\u012bgiem virtuv\u0113, br\u012bv\u0101 dab\u0101 vai ikdienas piedz\u012bvojumos. M\u0113s piev\u0113r\u0161am \u012bpa\u0161u uzman\u012bbu deta\u013c\u0101m un kvalit\u0101tei, izmantojot Bohler Uddeholm N695 t\u0113raudu, lai rad\u012btu nazi, kas ne tikai izce\u013cas ar savu izskatu, bet ar\u012b sp\u0113j pild\u012bt vissare\u017e\u0123\u012bt\u0101kos uzdevumus. Izm\u0113\u0123iniet m\u016bsu Bohler Uddeholm N695 t\u0113rauda na\u017eu kolekciju un iepaz\u012bstieties ar&hellip;","og_url":"https:\/\/aaknives.eu\/sv\/blogg\/","og_site_name":"AAKnives","article_publisher":"https:\/\/www.facebook.com\/aaknives.eu\/","article_modified_time":"2025-01-21T22:27:24+00:00","og_image":[{"url":"https:\/\/aaknives.eu\/wp-content\/uploads\/2023\/08\/aaknives-hand-forged-dabascus-steel-blade-knife-handmade-custom-made-knife-handcrafted-knives-autinetools-northmen-7-1-450x300.jpg","type":"","width":"","height":""}],"twitter_card":"summary_large_image","twitter_misc":{"Ber\u00e4knad l\u00e4stid":"6 minuter"},"schema":{"@context":"https:\/\/schema.org","@graph":[{"@type":"WebPage","@id":"https:\/\/aaknives.eu\/sv\/blogg\/","url":"https:\/\/aaknives.eu\/sv\/blogg\/","name":"Blogg - AAKnives","isPartOf":{"@id":"https:\/\/aaknives.eu\/sv\/#website"},"primaryImageOfPage":{"@id":"https:\/\/aaknives.eu\/sv\/blogg\/#primaryimage"},"image":{"@id":"https:\/\/aaknives.eu\/sv\/blogg\/#primaryimage"},"thumbnailUrl":"https:\/\/aaknives.eu\/wp-content\/uploads\/2023\/08\/aaknives-hand-forged-dabascus-steel-blade-knife-handmade-custom-made-knife-handcrafted-knives-autinetools-northmen-7-1-450x300.jpg","datePublished":"2023-09-12T21:02:18+00:00","dateModified":"2025-01-21T22:27:24+00:00","breadcrumb":{"@id":"https:\/\/aaknives.eu\/sv\/blogg\/#breadcrumb"},"inLanguage":"sv-SE","potentialAction":[{"@type":"ReadAction","target":["https:\/\/aaknives.eu\/sv\/blogg\/"]}]},{"@type":"ImageObject","inLanguage":"sv-SE","@id":"https:\/\/aaknives.eu\/sv\/blogg\/#primaryimage","url":"https:\/\/aaknives.eu\/wp-content\/uploads\/2023\/08\/aaknives-hand-forged-dabascus-steel-blade-knife-handmade-custom-made-knife-handcrafted-knives-autinetools-northmen-7-1-450x300.jpg","contentUrl":"https:\/\/aaknives.eu\/wp-content\/uploads\/2023\/08\/aaknives-hand-forged-dabascus-steel-blade-knife-handmade-custom-made-knife-handcrafted-knives-autinetools-northmen-7-1-450x300.jpg"},{"@type":"BreadcrumbList","@id":"https:\/\/aaknives.eu\/sv\/blogg\/#breadcrumb","itemListElement":[{"@type":"ListItem","position":1,"name":"Home","item":"https:\/\/aaknives.eu\/sv\/"},{"@type":"ListItem","position":2,"name":"Blogg"}]},{"@type":"WebSite","@id":"https:\/\/aaknives.eu\/sv\/#website","url":"https:\/\/aaknives.eu\/sv\/","name":"AAKnives","description":"Handmade knives","publisher":{"@id":"https:\/\/aaknives.eu\/sv\/#organization"},"potentialAction":[{"@type":"SearchAction","target":{"@type":"EntryPoint","urlTemplate":"https:\/\/aaknives.eu\/sv\/?s={search_term_string}"},"query-input":{"@type":"PropertyValueSpecification","valueRequired":true,"valueName":"search_term_string"}}],"inLanguage":"sv-SE"},{"@type":"Organization","@id":"https:\/\/aaknives.eu\/sv\/#organization","name":"AAKnives","url":"https:\/\/aaknives.eu\/sv\/","logo":{"@type":"ImageObject","inLanguage":"sv-SE","@id":"https:\/\/aaknives.eu\/sv\/#\/schema\/logo\/image\/","url":"https:\/\/aaknives.eu\/wp-content\/uploads\/2021\/10\/AAknives_Logo_Green.png","contentUrl":"https:\/\/aaknives.eu\/wp-content\/uploads\/2021\/10\/AAknives_Logo_Green.png","width":1768,"height":1768,"caption":"AAKnives"},"image":{"@id":"https:\/\/aaknives.eu\/sv\/#\/schema\/logo\/image\/"},"sameAs":["https:\/\/www.facebook.com\/aaknives.eu\/","https:\/\/www.instagram.com\/aaknives\/","https:\/\/www.pinterest.com\/aa_knives\/","https:\/\/www.youtube.com\/channel\/UCHOQFjrOkgT6s4FIw9LDKyw\/featured"]}]}},"_links":{"self":[{"href":"https:\/\/aaknives.eu\/sv\/wp-json\/wp\/v2\/pages\/56605","targetHints":{"allow":["GET"]}}],"collection":[{"href":"https:\/\/aaknives.eu\/sv\/wp-json\/wp\/v2\/pages"}],"about":[{"href":"https:\/\/aaknives.eu\/sv\/wp-json\/wp\/v2\/types\/page"}],"author":[{"embeddable":true,"href":"https:\/\/aaknives.eu\/sv\/wp-json\/wp\/v2\/users\/1"}],"replies":[{"embeddable":true,"href":"https:\/\/aaknives.eu\/sv\/wp-json\/wp\/v2\/comments?post=56605"}],"version-history":[{"count":2,"href":"https:\/\/aaknives.eu\/sv\/wp-json\/wp\/v2\/pages\/56605\/revisions"}],"predecessor-version":[{"id":95057,"href":"https:\/\/aaknives.eu\/sv\/wp-json\/wp\/v2\/pages\/56605\/revisions\/95057"}],"wp:attachment":[{"href":"https:\/\/aaknives.eu\/sv\/wp-json\/wp\/v2\/media?parent=56605"}],"curies":[{"name":"wp","href":"https:\/\/api.w.org\/{rel}","templated":true}]}}