{"id":56640,"date":"2018-08-22T08:50:17","date_gmt":"2018-08-22T08:50:17","guid":{"rendered":"https:\/\/aaknives.eu\/integritetspolicy\/"},"modified":"2024-03-28T15:11:07","modified_gmt":"2024-03-28T15:11:07","slug":"integritetspolicy","status":"publish","type":"page","link":"https:\/\/aaknives.eu\/sv\/integritetspolicy\/","title":{"rendered":"Integritetspolicy"},"content":{"rendered":"\t\t<div data-elementor-type=\"wp-page\" data-elementor-id=\"56640\" class=\"elementor elementor-56640 elementor-3392\" data-elementor-post-type=\"page\">\n\t\t\t\t\t\t<section class=\"elementor-section elementor-top-section elementor-element elementor-element-a773519 elementor-section-boxed elementor-section-height-default elementor-section-height-default\" data-id=\"a773519\" data-element_type=\"section\" data-e-type=\"section\">\n\t\t\t\t\t\t<div class=\"elementor-container elementor-column-gap-default\">\n\t\t\t\t\t<div class=\"elementor-column elementor-col-100 elementor-top-column elementor-element elementor-element-b720120\" data-id=\"b720120\" data-element_type=\"column\" data-e-type=\"column\">\n\t\t\t<div class=\"elementor-widget-wrap elementor-element-populated\">\n\t\t\t\t\t\t<div class=\"elementor-element elementor-element-1b07d01 elementor-widget elementor-widget-text-editor\" data-id=\"1b07d01\" data-element_type=\"widget\" data-e-type=\"widget\" data-widget_type=\"text-editor.default\">\n\t\t\t\t<div class=\"elementor-widget-container\">\n\t\t\t\t\t\t\t\t\t<p><strong>Omfattning av databehandling<\/strong><\/p>\n<p>Sia Gone Fishing \u00e5tar sig att endast samla in och lagra de personuppgifter som \u00e4r n\u00f6dv\u00e4ndiga f\u00f6r att bedriva Sia Gone Fishings verksamhet. Sia Gone Fishing \u00e5tar sig ocks\u00e5 att g\u00f6ra alla rimliga anstr\u00e4ngningar f\u00f6r att s\u00e4kerst\u00e4lla att de personuppgifter som behandlas \u00e4r korrekta och fullst\u00e4ndiga genom att s\u00e5 noggrant som m\u00f6jligt instruera kunderna om hur de ska ange sina uppgifter korrekt och fullst\u00e4ndigt.<\/p>\n<p>Sia Gone Fishing kommer att behandla personuppgifter f\u00f6r att s\u00e4kerst\u00e4lla dess konfidentialitet och kommer att anv\u00e4nda alla l\u00e4mpliga medel och verktyg f\u00f6r att f\u00f6rhindra obeh\u00f6rig \u00e5tkomst. Sia &#8220;Gone Fishing&#8221; samlar in och behandlar Personuppgifter enbart i syfte att utf\u00f6ra Sia &#8220;Gone Fishing&#8221;:s uppgifter i enlighet med kraven i lagar och f\u00f6rordningar.<\/p>\n<p>Personuppgifter kommer inte att \u00f6verf\u00f6ras till n\u00e5gon tredje part, f\u00f6rutom med den registrerades samtycke, om det \u00e4r n\u00f6dv\u00e4ndigt f\u00f6r att fullg\u00f6ra avtalsf\u00f6rpliktelserna mellan Sia &#8220;Gone Fishing&#8221; och den registrerade, eller om det annars \u00e4r till\u00e5tet eller kr\u00e4vs enligt till\u00e4mpliga lagar och f\u00f6rordningar.<\/p>\n<p><strong>Datas\u00e4kerhet och dataanv\u00e4ndning<\/strong><\/p>\n<p>Om Kunden har valt att registrera sig p\u00e5 Webbplatsen kommer Kunden att bli ombedd att l\u00e4mna information om sitt namn, adress, e-postadress och andra uppgifter. Sia &#8220;Gone Fishing&#8221; har r\u00e4tt att anv\u00e4nda den information som l\u00e4mnas f\u00f6r att anpassa och f\u00f6rb\u00e4ttra Webbplatsen. Detta kan ske i form av, till exempel men inte begr\u00e4nsat till, kampanjerbjudanden som \u00e4r anpassade till kundens tidigare k\u00f6p och som tillhandah\u00e5lls kunden online eller via e-post med kundens samtycke eller i enlighet med lagstadgade krav.<\/p>\n<p>Sia Gone Fishing kommer att behandla personuppgifter f\u00f6r att s\u00e4kerst\u00e4lla deras konfidentialitet och kommer att till\u00e4mpa interna f\u00f6rfaranden och kontroller f\u00f6r att f\u00f6rhindra obeh\u00f6rig anv\u00e4ndning, \u00e5tkomst, utl\u00e4mnande, kopiering, \u00e4ndring eller korruption av personuppgifter och kommer att anv\u00e4nda alla rimliga medel f\u00f6r att s\u00e4kerst\u00e4lla personuppgifternas s\u00e4kerhet, integritet och sekretess.<\/p>\n<p>Sia Gone Fishing kommer endast att behandla personuppgifter i god tro och i enlighet med lagen och kommer inte att anv\u00e4nda personuppgifter f\u00f6r \u00e4ndam\u00e5l som \u00e4r of\u00f6renliga med de \u00e4ndam\u00e5l f\u00f6r vilka Sia Gone Fishing mottog personuppgifterna.<\/p>\n<p>De insamlade kundpersonuppgifterna kommer att behandlas av Sia Gone Fishing f\u00f6r att: uppfylla best\u00e4llningar; hj\u00e4lpa Sia Gone Fishing att f\u00f6rb\u00e4ttra webbplatsen och tillg\u00e4ngligheten av information till kunden online; f\u00f6rse kunden med information om Sia Gone Fishings produkter och tj\u00e4nster; f\u00f6r best\u00e4llning, kundsupport, betalning och tj\u00e4nsteleverans; och i \u00f6vrigt i enlighet med till\u00e4mpliga lagar och f\u00f6rordningar.<\/p>\n<p><strong>Best\u00e4llning av varor och tj\u00e4nster online<\/strong><\/p>\n<p>Om en kund vill g\u00f6ra en best\u00e4llning online beh\u00f6ver Sia Gone Fishing veta kundens namn, e-postadress, telefonnummer, postadress och betalningsuppgifter (t.ex. kreditkortsnummer och utg\u00e5ngsdatum). Detta g\u00f6r det m\u00f6jligt f\u00f6r Sia Gone Fishing att s\u00e4kerst\u00e4lla ett fullst\u00e4ndigt genomf\u00f6rande av kundens best\u00e4llning och att h\u00e5lla dig informerad om best\u00e4llningens status.<\/p>\n<p><strong>Kakor<\/strong><\/p>\n<p>Sia &#8220;Gone Fishing&#8221; har r\u00e4tt att samla in uppgifter om anv\u00e4ndaren av webbplatsen genom att anv\u00e4nda cookies i syfte att f\u00f6rb\u00e4ttra de tj\u00e4nster som \u00e4r tillg\u00e4ngliga f\u00f6r anv\u00e4ndarna. Cookies \u00e4r filer som webbplatser placerar p\u00e5 anv\u00e4ndarnas datorer f\u00f6r att k\u00e4nna igen anv\u00e4ndaren och g\u00f6ra det l\u00e4ttare f\u00f6r dem att anv\u00e4nda webbplatsen. Webbl\u00e4sare kan konfigureras f\u00f6r att varna kunden om anv\u00e4ndningen av cookies och l\u00e5ta kunden v\u00e4lja om han eller hon vill acceptera dem. Att inte acceptera cookies hindrar inte Kunden fr\u00e5n att anv\u00e4nda Webbplatsen, men kan begr\u00e4nsa Kundens anv\u00e4ndning av Webbplatsen.<\/p>\n<p><strong>Tredje part<\/strong><\/p>\n<p>Sia Gone Fishing kommer inte att \u00f6verf\u00f6ra Personuppgifter till tredje part f\u00f6rutom vad som \u00e4r n\u00f6dv\u00e4ndigt f\u00f6r att p\u00e5 ett rimligt s\u00e4tt bedriva sin verksamhet, f\u00f6rutsatt att s\u00e5dana tredje parter h\u00e5ller Personuppgifterna konfidentiella och tillhandah\u00e5ller adekvat skydd. Sia Gone Fishing kommer att \u00f6verf\u00f6ra Personuppgifter till Sia Gone Fishings leverant\u00f6rer, underleverant\u00f6rer, strategiska partners och andra som hj\u00e4lper Sia Gone Fishing och dess kunder att bedriva sin verksamhet f\u00f6r \u00e4ndam\u00e5len med det relevanta samarbetet. I s\u00e5dana fall kommer Sia Gone Fishing dock att kr\u00e4va att mottagarna \u00e5tar sig att anv\u00e4nda den mottagna informationen endast f\u00f6r de \u00e4ndam\u00e5l f\u00f6r vilka uppgifterna l\u00e4mnades och i enlighet med kraven i till\u00e4mpliga lagar och f\u00f6rordningar.<\/p>\n<p>Sia Gone Fishing \u00e5tar sig att inte \u00f6verf\u00f6ra Personuppgifter till en organisation eller n\u00e5gon annan person som \u00e4r bel\u00e4gen i ett land som inte s\u00e4kerst\u00e4ller en adekvat skyddsniv\u00e5 f\u00f6r Personuppgifter, f\u00f6rutom i f\u00f6ljande fall:<\/p>\n<p>Kunden har gett sitt samtycke;<\/p>\n<ul>\n<li>\u00d6verf\u00f6ringen \u00e4r n\u00f6dv\u00e4ndig f\u00f6r att ing\u00e5 eller fullg\u00f6ra ett avtal med en kund;<\/li>\n<li>En \u00f6verf\u00f6ring \u00e4r n\u00f6dv\u00e4ndig f\u00f6r att ing\u00e5 eller fullg\u00f6ra ett avtal som ing\u00e5tts i kundens intresse;<\/li>\n<li>\u00d6verf\u00f6ringen \u00e4r till\u00e5ten i enlighet med kraven i till\u00e4mpliga lagar och f\u00f6rordningar.<\/li>\n<\/ul>\n<p><strong>  Tillg\u00e5ng till personuppgifter<\/strong><\/p>\n<p>P\u00e5 grundval av en motiverad skriftlig beg\u00e4ran kommer Sia Gone Fishing att informera den registrerade om:<\/p>\n<ul>\n<li>De personuppgifter som Sia Gone Fishing behandlar om dig; k\u00e4llan till uppgifterna (om utl\u00e4mnande \u00e4r till\u00e5tet enligt lag eller f\u00f6rordning);<\/li>\n<li>Datum f\u00f6r den senaste \u00e4ndringen av personuppgifterna;<\/li>\n<li>de \u00e4ndam\u00e5l f\u00f6r vilka personuppgifterna behandlas; mottagarna eller kategorierna av mottagare av uppgifterna;<\/li>\n<li>och om informationen behandlas med automatiserade medel.<\/li>\n<\/ul>\n<p>Sia Gone Fishing kommer att vidta n\u00f6dv\u00e4ndiga \u00e5tg\u00e4rder f\u00f6r att korrigera eller radera eventuella felaktigheter i Personuppgifter som har kommit till dess k\u00e4nnedom direkt eller genom de tj\u00e4nster som finns tillg\u00e4ngliga. Sia Gone Fishing kommer, i den utstr\u00e4ckning det rimligen \u00e4r m\u00f6jligt, att informera mottagarna av Kundens Personuppgifter om s\u00e5dana f\u00f6r\u00e4ndringar. Sia &#8220;Gone Fishing&#8221; har dock r\u00e4tt att begr\u00e4nsa tillg\u00e5ngen till, korrigera eller radera uppgifter i enlighet med kraven i till\u00e4mpliga lagar och f\u00f6rordningar.<\/p>\n<p><strong>Redigering eller radering av personuppgifter<\/strong><\/p>\n<p>Vid behov ska den registrerade ha r\u00e4tt att n\u00e4r som helst \u00e4ndra, komplettera eller radera de personuppgifter som lagrats om honom eller henne i hans eller hennes anv\u00e4ndarkonto.<\/p>\n<p>Om anv\u00e4ndaren vill: v\u00e4lja bort att ta emot ytterligare meddelanden, helt radera sina personuppgifter fr\u00e5n tj\u00e4nsten, har n\u00e5gra fr\u00e5gor ang\u00e5ende anv\u00e4ndningen av dina personuppgifter, v\u00e4nligen kontakta Sia &#8220;Gone Fishing&#8221; via e-post: info@aaknives.eu eller via telefon +371 24406160<\/p>\n<p><strong>Justeringar och \u00e4ndringar av integritetspolicyn<\/strong><\/p>\n<p>Sia Gone Fishing kan \u00e4ndra denna integritetspolicy fr\u00e5n tid till annan efter eget gottfinnande.<\/p>\n\t\t\t\t\t\t\t\t<\/div>\n\t\t\t\t<\/div>\n\t\t\t\t\t<\/div>\n\t\t<\/div>\n\t\t\t\t\t<\/div>\n\t\t<\/section>\n\t\t\t\t<\/div>\n\t\t","protected":false},"excerpt":{"rendered":"<p>Omfattning av databehandling Sia Gone Fishing \u00e5tar sig att endast samla in och lagra de personuppgifter som \u00e4r n\u00f6dv\u00e4ndiga f\u00f6r att bedriva Sia Gone Fishings verksamhet. Sia Gone Fishing \u00e5tar sig ocks\u00e5 att g\u00f6ra alla rimliga anstr\u00e4ngningar f\u00f6r att s\u00e4kerst\u00e4lla att de personuppgifter som behandlas \u00e4r korrekta och fullst\u00e4ndiga genom att s\u00e5 noggrant som m\u00f6jligt instruera kunderna om hur de ska ange sina uppgifter korrekt och fullst\u00e4ndigt. Sia Gone Fishing kommer att behandla personuppgifter f\u00f6r att s\u00e4kerst\u00e4lla dess konfidentialitet och kommer att anv\u00e4nda alla l\u00e4mpliga medel och verktyg f\u00f6r att f\u00f6rhindra obeh\u00f6rig \u00e5tkomst. Sia &#8220;Gone Fishing&#8221; samlar in och behandlar&hellip;<\/p>\n","protected":false},"author":1,"featured_media":0,"parent":0,"menu_order":0,"comment_status":"closed","ping_status":"closed","template":"","meta":{"_themeisle_gutenberg_block_has_review":false,"footnotes":""},"class_list":["post-56640","page","type-page","status-publish","hentry"],"yoast_head":"<!-- This site is optimized with the Yoast SEO plugin v27.3 - https:\/\/yoast.com\/product\/yoast-seo-wordpress\/ -->\n<title>Integritetspolicy - AAKnives<\/title>\n<meta name=\"description\" content=\"Omfattning av databehandling Sia Gone Fishing \u00e5tar sig att samla in och lagra endast de personuppgifter som \u00e4r n\u00f6dv\u00e4ndiga f\u00f6r utf\u00f6randet av Sia Gone Fishings aff\u00e4rsverksamhet. Sia Gone Fishing \u00e5tar sig ocks\u00e5 att g\u00f6ra alla rimliga anstr\u00e4ngningar f\u00f6r att s\u00e4kerst\u00e4lla att de personuppgifter som behandlas \u00e4r korrekta och fullst\u00e4ndiga genom att s\u00e5 noggrant som m\u00f6jligt instruera kunderna om hur de ska ange sina uppgifter korrekt och fullst\u00e4ndigt.\" \/>\n<meta name=\"robots\" content=\"index, follow, max-snippet:-1, max-image-preview:large, max-video-preview:-1\" \/>\n<link rel=\"canonical\" href=\"https:\/\/aaknives.eu\/sv\/integritetspolicy\/\" \/>\n<meta property=\"og:locale\" content=\"sv_SE\" \/>\n<meta property=\"og:type\" content=\"article\" \/>\n<meta property=\"og:title\" content=\"Integritetspolicy - AAKnives\" \/>\n<meta property=\"og:description\" content=\"Omfattning av databehandling Sia Gone Fishing \u00e5tar sig att samla in och lagra endast de personuppgifter som \u00e4r n\u00f6dv\u00e4ndiga f\u00f6r utf\u00f6randet av Sia Gone Fishings aff\u00e4rsverksamhet. Sia Gone Fishing \u00e5tar sig ocks\u00e5 att g\u00f6ra alla rimliga anstr\u00e4ngningar f\u00f6r att s\u00e4kerst\u00e4lla att de personuppgifter som behandlas \u00e4r korrekta och fullst\u00e4ndiga genom att s\u00e5 noggrant som m\u00f6jligt instruera kunderna om hur de ska ange sina uppgifter korrekt och fullst\u00e4ndigt.\" \/>\n<meta property=\"og:url\" content=\"https:\/\/aaknives.eu\/sv\/integritetspolicy\/\" \/>\n<meta property=\"og:site_name\" content=\"AAKnives\" \/>\n<meta property=\"article:publisher\" content=\"https:\/\/www.facebook.com\/aaknives.eu\/\" \/>\n<meta property=\"article:modified_time\" content=\"2024-03-28T15:11:07+00:00\" \/>\n<meta name=\"twitter:card\" content=\"summary_large_image\" \/>\n<meta name=\"twitter:label1\" content=\"Ber\u00e4knad l\u00e4stid\" \/>\n\t<meta name=\"twitter:data1\" content=\"6 minuter\" \/>\n<script type=\"application\/ld+json\" class=\"yoast-schema-graph\">{\"@context\":\"https:\\\/\\\/schema.org\",\"@graph\":[{\"@type\":\"WebPage\",\"@id\":\"https:\\\/\\\/aaknives.eu\\\/sv\\\/integritetspolicy\\\/\",\"url\":\"https:\\\/\\\/aaknives.eu\\\/sv\\\/integritetspolicy\\\/\",\"name\":\"Integritetspolicy - AAKnives\",\"isPartOf\":{\"@id\":\"https:\\\/\\\/aaknives.eu\\\/sv\\\/#website\"},\"datePublished\":\"2018-08-22T08:50:17+00:00\",\"dateModified\":\"2024-03-28T15:11:07+00:00\",\"description\":\"Omfattning av databehandling Sia Gone Fishing \u00e5tar sig att samla in och lagra endast de personuppgifter som \u00e4r n\u00f6dv\u00e4ndiga f\u00f6r utf\u00f6randet av Sia Gone Fishings aff\u00e4rsverksamhet. Sia Gone Fishing \u00e5tar sig ocks\u00e5 att g\u00f6ra alla rimliga anstr\u00e4ngningar f\u00f6r att s\u00e4kerst\u00e4lla att de personuppgifter som behandlas \u00e4r korrekta och fullst\u00e4ndiga genom att s\u00e5 noggrant som m\u00f6jligt instruera kunderna om hur de ska ange sina uppgifter korrekt och fullst\u00e4ndigt.\",\"breadcrumb\":{\"@id\":\"https:\\\/\\\/aaknives.eu\\\/sv\\\/integritetspolicy\\\/#breadcrumb\"},\"inLanguage\":\"sv-SE\",\"potentialAction\":[{\"@type\":\"ReadAction\",\"target\":[\"https:\\\/\\\/aaknives.eu\\\/sv\\\/integritetspolicy\\\/\"]}]},{\"@type\":\"BreadcrumbList\",\"@id\":\"https:\\\/\\\/aaknives.eu\\\/sv\\\/integritetspolicy\\\/#breadcrumb\",\"itemListElement\":[{\"@type\":\"ListItem\",\"position\":1,\"name\":\"Home\",\"item\":\"https:\\\/\\\/aaknives.eu\\\/sv\\\/\"},{\"@type\":\"ListItem\",\"position\":2,\"name\":\"Integritetspolicy\"}]},{\"@type\":\"WebSite\",\"@id\":\"https:\\\/\\\/aaknives.eu\\\/sv\\\/#website\",\"url\":\"https:\\\/\\\/aaknives.eu\\\/sv\\\/\",\"name\":\"AAKnives\",\"description\":\"Handmade knives\",\"publisher\":{\"@id\":\"https:\\\/\\\/aaknives.eu\\\/sv\\\/#organization\"},\"potentialAction\":[{\"@type\":\"SearchAction\",\"target\":{\"@type\":\"EntryPoint\",\"urlTemplate\":\"https:\\\/\\\/aaknives.eu\\\/sv\\\/?s={search_term_string}\"},\"query-input\":{\"@type\":\"PropertyValueSpecification\",\"valueRequired\":true,\"valueName\":\"search_term_string\"}}],\"inLanguage\":\"sv-SE\"},{\"@type\":\"Organization\",\"@id\":\"https:\\\/\\\/aaknives.eu\\\/sv\\\/#organization\",\"name\":\"AAKnives\",\"url\":\"https:\\\/\\\/aaknives.eu\\\/sv\\\/\",\"logo\":{\"@type\":\"ImageObject\",\"inLanguage\":\"sv-SE\",\"@id\":\"https:\\\/\\\/aaknives.eu\\\/sv\\\/#\\\/schema\\\/logo\\\/image\\\/\",\"url\":\"https:\\\/\\\/aaknives.eu\\\/wp-content\\\/uploads\\\/2021\\\/10\\\/AAknives_Logo_Green.png\",\"contentUrl\":\"https:\\\/\\\/aaknives.eu\\\/wp-content\\\/uploads\\\/2021\\\/10\\\/AAknives_Logo_Green.png\",\"width\":1768,\"height\":1768,\"caption\":\"AAKnives\"},\"image\":{\"@id\":\"https:\\\/\\\/aaknives.eu\\\/sv\\\/#\\\/schema\\\/logo\\\/image\\\/\"},\"sameAs\":[\"https:\\\/\\\/www.facebook.com\\\/aaknives.eu\\\/\",\"https:\\\/\\\/www.instagram.com\\\/aaknives\\\/\",\"https:\\\/\\\/www.pinterest.com\\\/aa_knives\\\/\",\"https:\\\/\\\/www.youtube.com\\\/channel\\\/UCHOQFjrOkgT6s4FIw9LDKyw\\\/featured\"]}]}<\/script>\n<!-- \/ Yoast SEO plugin. -->","yoast_head_json":{"title":"Integritetspolicy - AAKnives","description":"Omfattning av databehandling Sia Gone Fishing \u00e5tar sig att samla in och lagra endast de personuppgifter som \u00e4r n\u00f6dv\u00e4ndiga f\u00f6r utf\u00f6randet av Sia Gone Fishings aff\u00e4rsverksamhet. Sia Gone Fishing \u00e5tar sig ocks\u00e5 att g\u00f6ra alla rimliga anstr\u00e4ngningar f\u00f6r att s\u00e4kerst\u00e4lla att de personuppgifter som behandlas \u00e4r korrekta och fullst\u00e4ndiga genom att s\u00e5 noggrant som m\u00f6jligt instruera kunderna om hur de ska ange sina uppgifter korrekt och fullst\u00e4ndigt.","robots":{"index":"index","follow":"follow","max-snippet":"max-snippet:-1","max-image-preview":"max-image-preview:large","max-video-preview":"max-video-preview:-1"},"canonical":"https:\/\/aaknives.eu\/sv\/integritetspolicy\/","og_locale":"sv_SE","og_type":"article","og_title":"Integritetspolicy - AAKnives","og_description":"Omfattning av databehandling Sia Gone Fishing \u00e5tar sig att samla in och lagra endast de personuppgifter som \u00e4r n\u00f6dv\u00e4ndiga f\u00f6r utf\u00f6randet av Sia Gone Fishings aff\u00e4rsverksamhet. Sia Gone Fishing \u00e5tar sig ocks\u00e5 att g\u00f6ra alla rimliga anstr\u00e4ngningar f\u00f6r att s\u00e4kerst\u00e4lla att de personuppgifter som behandlas \u00e4r korrekta och fullst\u00e4ndiga genom att s\u00e5 noggrant som m\u00f6jligt instruera kunderna om hur de ska ange sina uppgifter korrekt och fullst\u00e4ndigt.","og_url":"https:\/\/aaknives.eu\/sv\/integritetspolicy\/","og_site_name":"AAKnives","article_publisher":"https:\/\/www.facebook.com\/aaknives.eu\/","article_modified_time":"2024-03-28T15:11:07+00:00","twitter_card":"summary_large_image","twitter_misc":{"Ber\u00e4knad l\u00e4stid":"6 minuter"},"schema":{"@context":"https:\/\/schema.org","@graph":[{"@type":"WebPage","@id":"https:\/\/aaknives.eu\/sv\/integritetspolicy\/","url":"https:\/\/aaknives.eu\/sv\/integritetspolicy\/","name":"Integritetspolicy - AAKnives","isPartOf":{"@id":"https:\/\/aaknives.eu\/sv\/#website"},"datePublished":"2018-08-22T08:50:17+00:00","dateModified":"2024-03-28T15:11:07+00:00","description":"Omfattning av databehandling Sia Gone Fishing \u00e5tar sig att samla in och lagra endast de personuppgifter som \u00e4r n\u00f6dv\u00e4ndiga f\u00f6r utf\u00f6randet av Sia Gone Fishings aff\u00e4rsverksamhet. Sia Gone Fishing \u00e5tar sig ocks\u00e5 att g\u00f6ra alla rimliga anstr\u00e4ngningar f\u00f6r att s\u00e4kerst\u00e4lla att de personuppgifter som behandlas \u00e4r korrekta och fullst\u00e4ndiga genom att s\u00e5 noggrant som m\u00f6jligt instruera kunderna om hur de ska ange sina uppgifter korrekt och fullst\u00e4ndigt.","breadcrumb":{"@id":"https:\/\/aaknives.eu\/sv\/integritetspolicy\/#breadcrumb"},"inLanguage":"sv-SE","potentialAction":[{"@type":"ReadAction","target":["https:\/\/aaknives.eu\/sv\/integritetspolicy\/"]}]},{"@type":"BreadcrumbList","@id":"https:\/\/aaknives.eu\/sv\/integritetspolicy\/#breadcrumb","itemListElement":[{"@type":"ListItem","position":1,"name":"Home","item":"https:\/\/aaknives.eu\/sv\/"},{"@type":"ListItem","position":2,"name":"Integritetspolicy"}]},{"@type":"WebSite","@id":"https:\/\/aaknives.eu\/sv\/#website","url":"https:\/\/aaknives.eu\/sv\/","name":"AAKnives","description":"Handmade knives","publisher":{"@id":"https:\/\/aaknives.eu\/sv\/#organization"},"potentialAction":[{"@type":"SearchAction","target":{"@type":"EntryPoint","urlTemplate":"https:\/\/aaknives.eu\/sv\/?s={search_term_string}"},"query-input":{"@type":"PropertyValueSpecification","valueRequired":true,"valueName":"search_term_string"}}],"inLanguage":"sv-SE"},{"@type":"Organization","@id":"https:\/\/aaknives.eu\/sv\/#organization","name":"AAKnives","url":"https:\/\/aaknives.eu\/sv\/","logo":{"@type":"ImageObject","inLanguage":"sv-SE","@id":"https:\/\/aaknives.eu\/sv\/#\/schema\/logo\/image\/","url":"https:\/\/aaknives.eu\/wp-content\/uploads\/2021\/10\/AAknives_Logo_Green.png","contentUrl":"https:\/\/aaknives.eu\/wp-content\/uploads\/2021\/10\/AAknives_Logo_Green.png","width":1768,"height":1768,"caption":"AAKnives"},"image":{"@id":"https:\/\/aaknives.eu\/sv\/#\/schema\/logo\/image\/"},"sameAs":["https:\/\/www.facebook.com\/aaknives.eu\/","https:\/\/www.instagram.com\/aaknives\/","https:\/\/www.pinterest.com\/aa_knives\/","https:\/\/www.youtube.com\/channel\/UCHOQFjrOkgT6s4FIw9LDKyw\/featured"]}]}},"_links":{"self":[{"href":"https:\/\/aaknives.eu\/sv\/wp-json\/wp\/v2\/pages\/56640","targetHints":{"allow":["GET"]}}],"collection":[{"href":"https:\/\/aaknives.eu\/sv\/wp-json\/wp\/v2\/pages"}],"about":[{"href":"https:\/\/aaknives.eu\/sv\/wp-json\/wp\/v2\/types\/page"}],"author":[{"embeddable":true,"href":"https:\/\/aaknives.eu\/sv\/wp-json\/wp\/v2\/users\/1"}],"replies":[{"embeddable":true,"href":"https:\/\/aaknives.eu\/sv\/wp-json\/wp\/v2\/comments?post=56640"}],"version-history":[{"count":1,"href":"https:\/\/aaknives.eu\/sv\/wp-json\/wp\/v2\/pages\/56640\/revisions"}],"predecessor-version":[{"id":56641,"href":"https:\/\/aaknives.eu\/sv\/wp-json\/wp\/v2\/pages\/56640\/revisions\/56641"}],"wp:attachment":[{"href":"https:\/\/aaknives.eu\/sv\/wp-json\/wp\/v2\/media?parent=56640"}],"curies":[{"name":"wp","href":"https:\/\/api.w.org\/{rel}","templated":true}]}}