{"id":56645,"date":"2021-10-04T21:05:37","date_gmt":"2021-10-04T21:05:37","guid":{"rendered":"https:\/\/aaknives.eu\/villkor-och-bestammelser\/"},"modified":"2024-03-28T15:11:39","modified_gmt":"2024-03-28T15:11:39","slug":"villkor-och-bestammelser","status":"publish","type":"page","link":"https:\/\/aaknives.eu\/sv\/villkor-och-bestammelser\/","title":{"rendered":"Villkor och best\u00e4mmelser"},"content":{"rendered":"\t\t<div data-elementor-type=\"wp-page\" data-elementor-id=\"56645\" class=\"elementor elementor-56645 elementor-14\" data-elementor-post-type=\"page\">\n\t\t\t\t\t\t<section class=\"elementor-section elementor-top-section elementor-element elementor-element-10861ee elementor-section-boxed elementor-section-height-default elementor-section-height-default\" data-id=\"10861ee\" data-element_type=\"section\" data-e-type=\"section\">\n\t\t\t\t\t\t<div class=\"elementor-container elementor-column-gap-default\">\n\t\t\t\t\t<div class=\"elementor-column elementor-col-100 elementor-top-column elementor-element elementor-element-e920c78\" data-id=\"e920c78\" data-element_type=\"column\" data-e-type=\"column\">\n\t\t\t<div class=\"elementor-widget-wrap elementor-element-populated\">\n\t\t\t\t\t\t<div class=\"elementor-element elementor-element-39d0a98 elementor-widget elementor-widget-text-editor\" data-id=\"39d0a98\" data-element_type=\"widget\" data-e-type=\"widget\" data-widget_type=\"text-editor.default\">\n\t\t\t\t<div class=\"elementor-widget-container\">\n\t\t\t\t\t\t\t\t\t<p><strong>Allm\u00e4nna regler<\/strong><br \/>Dessa villkor \u00e4r bindande f\u00f6r b\u00e5da parter och reglerar r\u00e4ttigheter, skyldigheter, k\u00f6p- och betalningsvillkor, leverans och retur av varor, parternas ansvar och andra villkor som r\u00f6r k\u00f6p, tillhandah\u00e5llande av tj\u00e4nster och f\u00f6rs\u00e4ljning av varor fr\u00e5n Gone Fishing Ltd (&#8220;S\u00e4ljaren&#8221;).<\/p>\n<p>K\u00f6paren godk\u00e4nner dessa villkor genom att bekr\u00e4fta detta i samband med att best\u00e4llningen g\u00f6rs i onlinebutiken eller genom att ringa bokningsinformationen.<br \/>S\u00e4ljaren har r\u00e4tt att \u00e4ndra villkoren mot bakgrund av r\u00e4ttsliga krav. K\u00f6paren informeras om detta via onlinebutiken eller via e-post.<\/p>\n<ol>\n<li><strong>K\u00f6pa\/S\u00e4lja<\/strong>\n<ul>\n<li>K\u00f6p-\/s\u00e4ljavtalet ing\u00e5s vid den tidpunkt d\u00e5 kunden:<\/li>\n<li>Bekr\u00e4fta k\u00f6pet i onlinebutiken eller genom att beg\u00e4ra tj\u00e4nsten via infotelefonen (kunden informeras via e-post);<\/li>\n<li>Bekr\u00e4fta din best\u00e4llning per telefon, ange din leveransadress, namn och efternamn och underteckna buddokumentet (f\u00f6ljesedel, elektroniskt undertecknad vid terminalen eller p\u00e5 annat s\u00e4tt, beroende p\u00e5 budets krav) vid mottagandet;<\/li>\n<li>Skickar alla n\u00f6dv\u00e4ndiga dokument f\u00f6r att fylla i leasingformul\u00e4ret som tillhandah\u00e5lls av s\u00e4ljaren.<\/li>\n<\/ul>\n<\/li>\n<li><strong>K\u00f6parens r\u00e4ttigheter och skyldigheter:<\/strong>\n<ul>\n<li>K\u00f6paren m\u00e5ste betala f\u00f6r varorna enligt betalningsvillkoren.<\/li>\n<li>K\u00f6paren f\u00f6rbinder sig att f\u00f6lja dessa villkor, som beskrivs i Onlinebutiken och i Europeiska unionens lagstiftning.<\/li>\n<li>Om K\u00f6paren inte fullg\u00f6r sina skyldigheter har S\u00e4ljaren r\u00e4tt att omedelbart och utan f\u00f6reg\u00e5ende meddelande begr\u00e4nsa eller avsluta sitt samarbete med K\u00f6paren.<\/li>\n<\/ul>\n<\/li>\n<li><strong>S\u00e4ljarens r\u00e4ttigheter och skyldigheter:<\/strong>\n<ul>\n<li>S\u00e4ljaren har r\u00e4tt att annullera K\u00f6parens order om S\u00e4ljaren inte kan kontakta K\u00f6paren inom 3 (tre) arbetsdagar, efter de kontakter som K\u00f6paren angett.<\/li>\n<li>S\u00e4ljaren \u00e5tar sig att respektera K\u00f6parens r\u00e4tt till dataskydd inom ramen f\u00f6r Europeiska unionens lagstiftning och villkoren i Gone Fishing Ltd:s &#8220;Sekretesspolicy&#8221;.<\/li>\n<\/ul>\n<\/li>\n<li><strong>Om S\u00e4ljaren inte kan uppfylla K\u00f6parens best\u00e4llning<\/strong> (leverera varorna inom den angivna tiden och\/eller leverera exakt de varor som K\u00f6paren best\u00e4llt), har K\u00f6paren r\u00e4tt att returnera\/avvisa best\u00e4llningen och S\u00e4ljaren m\u00e5ste \u00e5terbetala K\u00f6paren inom 3 (tre) arbetsdagar om K\u00f6paren redan har reglerat best\u00e4llningen med S\u00e4ljaren. Ett undantag \u00e4r om K\u00f6paren och S\u00e4ljaren \u00f6msesidigt har kommit \u00f6verens om en annan leveranstid eller ett byte av varan mot en annan.<\/li>\n<li><strong>Retur av varor:<\/strong>\n<ul>\n<li>Kunden har r\u00e4tt att returnera produkten inom 14 (fjorton) dagar, med f\u00f6rbeh\u00e5ll f\u00f6r f\u00f6ljande villkor:<\/li>\n<li>informera S\u00e4ljaren om detta beslut genom att l\u00e4mna in en skriftlig ans\u00f6kan till S\u00e4ljaren;<\/li>\n<li>Vid leverans av varorna till kontoret f\u00f6r SIA &#8220;Gone Fishing&#8221;, Biks\u0113res iela 2, 19.kab., Riga;<\/li>\n<li>N\u00e4r produkten returneras i sin originalf\u00f6rpackning och i samma skick som n\u00e4r den k\u00f6ptes.<\/li>\n<\/ul>\n<\/li>\n<li><strong>S\u00e4ljarens skyldigheter inkluderar<\/strong> att returnera 100% av varorna till k\u00f6paren inom 30 (trettio) dagar till det bankkonto som anges av k\u00f6paren (i ans\u00f6kan om retur av varorna), minus eventuella leveranskostnader. S\u00e4ljaren har r\u00e4tt att neka retur av varor om varorna \u00e4r skadade och\/eller har anv\u00e4nts felaktigt.<\/li>\n<\/ol>\n\t\t\t\t\t\t\t\t<\/div>\n\t\t\t\t<\/div>\n\t\t\t\t\t<\/div>\n\t\t<\/div>\n\t\t\t\t\t<\/div>\n\t\t<\/section>\n\t\t\t\t<\/div>\n\t\t","protected":false},"excerpt":{"rendered":"<p>Allm\u00e4nna reglerDessa villkor \u00e4r bindande f\u00f6r b\u00e5da parter och reglerar r\u00e4ttigheter, skyldigheter, k\u00f6p- och betalningsvillkor, leverans och retur av varor, parternas ansvar och andra villkor som r\u00f6r k\u00f6p, tillhandah\u00e5llande av tj\u00e4nster och f\u00f6rs\u00e4ljning av varor fr\u00e5n Gone Fishing Ltd (&#8220;S\u00e4ljaren&#8221;). K\u00f6paren godk\u00e4nner dessa villkor genom att bekr\u00e4fta detta i samband med att best\u00e4llningen g\u00f6rs i onlinebutiken eller genom att ringa bokningsinformationen.S\u00e4ljaren har r\u00e4tt att \u00e4ndra villkoren mot bakgrund av r\u00e4ttsliga krav. K\u00f6paren informeras om detta via onlinebutiken eller via e-post. K\u00f6pa\/S\u00e4lja K\u00f6p-\/s\u00e4ljavtalet ing\u00e5s vid den tidpunkt d\u00e5 kunden: Bekr\u00e4fta k\u00f6pet i onlinebutiken eller genom att beg\u00e4ra tj\u00e4nsten via infotelefonen (kunden&hellip;<\/p>\n","protected":false},"author":1,"featured_media":0,"parent":0,"menu_order":0,"comment_status":"closed","ping_status":"closed","template":"","meta":{"_themeisle_gutenberg_block_has_review":false,"footnotes":""},"class_list":["post-56645","page","type-page","status-publish","hentry"],"yoast_head":"<!-- This site is optimized with the Yoast SEO plugin v27.3 - https:\/\/yoast.com\/product\/yoast-seo-wordpress\/ -->\n<title>Villkor och best\u00e4mmelser - AAKnives<\/title>\n<meta name=\"robots\" content=\"index, follow, max-snippet:-1, max-image-preview:large, max-video-preview:-1\" \/>\n<link rel=\"canonical\" href=\"https:\/\/aaknives.eu\/sv\/villkor-och-bestammelser\/\" \/>\n<meta property=\"og:locale\" content=\"sv_SE\" \/>\n<meta property=\"og:type\" content=\"article\" \/>\n<meta property=\"og:title\" content=\"Villkor och best\u00e4mmelser - AAKnives\" \/>\n<meta property=\"og:description\" content=\"Allm\u00e4nna reglerDessa villkor \u00e4r bindande f\u00f6r b\u00e5da parter och reglerar r\u00e4ttigheter, skyldigheter, k\u00f6p- och betalningsvillkor, leverans och retur av varor, parternas ansvar och andra villkor som r\u00f6r k\u00f6p, tillhandah\u00e5llande av tj\u00e4nster och f\u00f6rs\u00e4ljning av varor fr\u00e5n Gone Fishing Ltd (&#8220;S\u00e4ljaren&#8221;). K\u00f6paren godk\u00e4nner dessa villkor genom att bekr\u00e4fta detta i samband med att best\u00e4llningen g\u00f6rs i onlinebutiken eller genom att ringa bokningsinformationen.S\u00e4ljaren har r\u00e4tt att \u00e4ndra villkoren mot bakgrund av r\u00e4ttsliga krav. K\u00f6paren informeras om detta via onlinebutiken eller via e-post. K\u00f6pa\/S\u00e4lja K\u00f6p-\/s\u00e4ljavtalet ing\u00e5s vid den tidpunkt d\u00e5 kunden: Bekr\u00e4fta k\u00f6pet i onlinebutiken eller genom att beg\u00e4ra tj\u00e4nsten via infotelefonen (kunden&hellip;\" \/>\n<meta property=\"og:url\" content=\"https:\/\/aaknives.eu\/sv\/villkor-och-bestammelser\/\" \/>\n<meta property=\"og:site_name\" content=\"AAKnives\" \/>\n<meta property=\"article:publisher\" content=\"https:\/\/www.facebook.com\/aaknives.eu\/\" \/>\n<meta property=\"article:modified_time\" content=\"2024-03-28T15:11:39+00:00\" \/>\n<meta name=\"twitter:card\" content=\"summary_large_image\" \/>\n<meta name=\"twitter:label1\" content=\"Ber\u00e4knad l\u00e4stid\" \/>\n\t<meta name=\"twitter:data1\" content=\"3 minuter\" \/>\n<script type=\"application\/ld+json\" class=\"yoast-schema-graph\">{\"@context\":\"https:\\\/\\\/schema.org\",\"@graph\":[{\"@type\":\"WebPage\",\"@id\":\"https:\\\/\\\/aaknives.eu\\\/sv\\\/villkor-och-bestammelser\\\/\",\"url\":\"https:\\\/\\\/aaknives.eu\\\/sv\\\/villkor-och-bestammelser\\\/\",\"name\":\"Villkor och best\u00e4mmelser - AAKnives\",\"isPartOf\":{\"@id\":\"https:\\\/\\\/aaknives.eu\\\/sv\\\/#website\"},\"datePublished\":\"2021-10-04T21:05:37+00:00\",\"dateModified\":\"2024-03-28T15:11:39+00:00\",\"breadcrumb\":{\"@id\":\"https:\\\/\\\/aaknives.eu\\\/sv\\\/villkor-och-bestammelser\\\/#breadcrumb\"},\"inLanguage\":\"sv-SE\",\"potentialAction\":[{\"@type\":\"ReadAction\",\"target\":[\"https:\\\/\\\/aaknives.eu\\\/sv\\\/villkor-och-bestammelser\\\/\"]}]},{\"@type\":\"BreadcrumbList\",\"@id\":\"https:\\\/\\\/aaknives.eu\\\/sv\\\/villkor-och-bestammelser\\\/#breadcrumb\",\"itemListElement\":[{\"@type\":\"ListItem\",\"position\":1,\"name\":\"Home\",\"item\":\"https:\\\/\\\/aaknives.eu\\\/sv\\\/\"},{\"@type\":\"ListItem\",\"position\":2,\"name\":\"Villkor och best\u00e4mmelser\"}]},{\"@type\":\"WebSite\",\"@id\":\"https:\\\/\\\/aaknives.eu\\\/sv\\\/#website\",\"url\":\"https:\\\/\\\/aaknives.eu\\\/sv\\\/\",\"name\":\"AAKnives\",\"description\":\"Handmade knives\",\"publisher\":{\"@id\":\"https:\\\/\\\/aaknives.eu\\\/sv\\\/#organization\"},\"potentialAction\":[{\"@type\":\"SearchAction\",\"target\":{\"@type\":\"EntryPoint\",\"urlTemplate\":\"https:\\\/\\\/aaknives.eu\\\/sv\\\/?s={search_term_string}\"},\"query-input\":{\"@type\":\"PropertyValueSpecification\",\"valueRequired\":true,\"valueName\":\"search_term_string\"}}],\"inLanguage\":\"sv-SE\"},{\"@type\":\"Organization\",\"@id\":\"https:\\\/\\\/aaknives.eu\\\/sv\\\/#organization\",\"name\":\"AAKnives\",\"url\":\"https:\\\/\\\/aaknives.eu\\\/sv\\\/\",\"logo\":{\"@type\":\"ImageObject\",\"inLanguage\":\"sv-SE\",\"@id\":\"https:\\\/\\\/aaknives.eu\\\/sv\\\/#\\\/schema\\\/logo\\\/image\\\/\",\"url\":\"https:\\\/\\\/aaknives.eu\\\/wp-content\\\/uploads\\\/2021\\\/10\\\/AAknives_Logo_Green.png\",\"contentUrl\":\"https:\\\/\\\/aaknives.eu\\\/wp-content\\\/uploads\\\/2021\\\/10\\\/AAknives_Logo_Green.png\",\"width\":1768,\"height\":1768,\"caption\":\"AAKnives\"},\"image\":{\"@id\":\"https:\\\/\\\/aaknives.eu\\\/sv\\\/#\\\/schema\\\/logo\\\/image\\\/\"},\"sameAs\":[\"https:\\\/\\\/www.facebook.com\\\/aaknives.eu\\\/\",\"https:\\\/\\\/www.instagram.com\\\/aaknives\\\/\",\"https:\\\/\\\/www.pinterest.com\\\/aa_knives\\\/\",\"https:\\\/\\\/www.youtube.com\\\/channel\\\/UCHOQFjrOkgT6s4FIw9LDKyw\\\/featured\"]}]}<\/script>\n<!-- \/ Yoast SEO plugin. -->","yoast_head_json":{"title":"Villkor och best\u00e4mmelser - AAKnives","robots":{"index":"index","follow":"follow","max-snippet":"max-snippet:-1","max-image-preview":"max-image-preview:large","max-video-preview":"max-video-preview:-1"},"canonical":"https:\/\/aaknives.eu\/sv\/villkor-och-bestammelser\/","og_locale":"sv_SE","og_type":"article","og_title":"Villkor och best\u00e4mmelser - AAKnives","og_description":"Allm\u00e4nna reglerDessa villkor \u00e4r bindande f\u00f6r b\u00e5da parter och reglerar r\u00e4ttigheter, skyldigheter, k\u00f6p- och betalningsvillkor, leverans och retur av varor, parternas ansvar och andra villkor som r\u00f6r k\u00f6p, tillhandah\u00e5llande av tj\u00e4nster och f\u00f6rs\u00e4ljning av varor fr\u00e5n Gone Fishing Ltd (&#8220;S\u00e4ljaren&#8221;). K\u00f6paren godk\u00e4nner dessa villkor genom att bekr\u00e4fta detta i samband med att best\u00e4llningen g\u00f6rs i onlinebutiken eller genom att ringa bokningsinformationen.S\u00e4ljaren har r\u00e4tt att \u00e4ndra villkoren mot bakgrund av r\u00e4ttsliga krav. K\u00f6paren informeras om detta via onlinebutiken eller via e-post. K\u00f6pa\/S\u00e4lja K\u00f6p-\/s\u00e4ljavtalet ing\u00e5s vid den tidpunkt d\u00e5 kunden: Bekr\u00e4fta k\u00f6pet i onlinebutiken eller genom att beg\u00e4ra tj\u00e4nsten via infotelefonen (kunden&hellip;","og_url":"https:\/\/aaknives.eu\/sv\/villkor-och-bestammelser\/","og_site_name":"AAKnives","article_publisher":"https:\/\/www.facebook.com\/aaknives.eu\/","article_modified_time":"2024-03-28T15:11:39+00:00","twitter_card":"summary_large_image","twitter_misc":{"Ber\u00e4knad l\u00e4stid":"3 minuter"},"schema":{"@context":"https:\/\/schema.org","@graph":[{"@type":"WebPage","@id":"https:\/\/aaknives.eu\/sv\/villkor-och-bestammelser\/","url":"https:\/\/aaknives.eu\/sv\/villkor-och-bestammelser\/","name":"Villkor och best\u00e4mmelser - AAKnives","isPartOf":{"@id":"https:\/\/aaknives.eu\/sv\/#website"},"datePublished":"2021-10-04T21:05:37+00:00","dateModified":"2024-03-28T15:11:39+00:00","breadcrumb":{"@id":"https:\/\/aaknives.eu\/sv\/villkor-och-bestammelser\/#breadcrumb"},"inLanguage":"sv-SE","potentialAction":[{"@type":"ReadAction","target":["https:\/\/aaknives.eu\/sv\/villkor-och-bestammelser\/"]}]},{"@type":"BreadcrumbList","@id":"https:\/\/aaknives.eu\/sv\/villkor-och-bestammelser\/#breadcrumb","itemListElement":[{"@type":"ListItem","position":1,"name":"Home","item":"https:\/\/aaknives.eu\/sv\/"},{"@type":"ListItem","position":2,"name":"Villkor och best\u00e4mmelser"}]},{"@type":"WebSite","@id":"https:\/\/aaknives.eu\/sv\/#website","url":"https:\/\/aaknives.eu\/sv\/","name":"AAKnives","description":"Handmade knives","publisher":{"@id":"https:\/\/aaknives.eu\/sv\/#organization"},"potentialAction":[{"@type":"SearchAction","target":{"@type":"EntryPoint","urlTemplate":"https:\/\/aaknives.eu\/sv\/?s={search_term_string}"},"query-input":{"@type":"PropertyValueSpecification","valueRequired":true,"valueName":"search_term_string"}}],"inLanguage":"sv-SE"},{"@type":"Organization","@id":"https:\/\/aaknives.eu\/sv\/#organization","name":"AAKnives","url":"https:\/\/aaknives.eu\/sv\/","logo":{"@type":"ImageObject","inLanguage":"sv-SE","@id":"https:\/\/aaknives.eu\/sv\/#\/schema\/logo\/image\/","url":"https:\/\/aaknives.eu\/wp-content\/uploads\/2021\/10\/AAknives_Logo_Green.png","contentUrl":"https:\/\/aaknives.eu\/wp-content\/uploads\/2021\/10\/AAknives_Logo_Green.png","width":1768,"height":1768,"caption":"AAKnives"},"image":{"@id":"https:\/\/aaknives.eu\/sv\/#\/schema\/logo\/image\/"},"sameAs":["https:\/\/www.facebook.com\/aaknives.eu\/","https:\/\/www.instagram.com\/aaknives\/","https:\/\/www.pinterest.com\/aa_knives\/","https:\/\/www.youtube.com\/channel\/UCHOQFjrOkgT6s4FIw9LDKyw\/featured"]}]}},"_links":{"self":[{"href":"https:\/\/aaknives.eu\/sv\/wp-json\/wp\/v2\/pages\/56645","targetHints":{"allow":["GET"]}}],"collection":[{"href":"https:\/\/aaknives.eu\/sv\/wp-json\/wp\/v2\/pages"}],"about":[{"href":"https:\/\/aaknives.eu\/sv\/wp-json\/wp\/v2\/types\/page"}],"author":[{"embeddable":true,"href":"https:\/\/aaknives.eu\/sv\/wp-json\/wp\/v2\/users\/1"}],"replies":[{"embeddable":true,"href":"https:\/\/aaknives.eu\/sv\/wp-json\/wp\/v2\/comments?post=56645"}],"version-history":[{"count":1,"href":"https:\/\/aaknives.eu\/sv\/wp-json\/wp\/v2\/pages\/56645\/revisions"}],"predecessor-version":[{"id":56646,"href":"https:\/\/aaknives.eu\/sv\/wp-json\/wp\/v2\/pages\/56645\/revisions\/56646"}],"wp:attachment":[{"href":"https:\/\/aaknives.eu\/sv\/wp-json\/wp\/v2\/media?parent=56645"}],"curies":[{"name":"wp","href":"https:\/\/api.w.org\/{rel}","templated":true}]}}