{"id":101088,"date":"2025-08-21T16:55:25","date_gmt":"2025-08-21T16:55:25","guid":{"rendered":"https:\/\/aaknives.eu\/?post_type=product&#038;p=101088"},"modified":"2025-08-21T17:03:20","modified_gmt":"2025-08-21T17:03:20","slug":"liten-filettkniv-hogkvalitativt-smidd-rostfritt-stal-2","status":"publish","type":"product","link":"https:\/\/aaknives.eu\/sv\/product\/liten-filettkniv-hogkvalitativt-smidd-rostfritt-stal-2\/","title":{"rendered":"Liten FILETT kniv &#8211; h\u00f6gkvalitativt smidd rostfritt st\u00e5l"},"content":{"rendered":"<p>Knivspecifikationer: Liten FILETT kniv<br \/>\nSt\u00e5l: Svenskt Bohler-Uddeholm N695 rostfritt knivst\u00e5l, mycket h\u00e5rt, inte spr\u00f6tt och mycket vasst<br \/>\nH\u00e5rdhet: 59 HRC<br \/>\nBladl\u00e4ngd (mm): 136 \/ 5,35 tum<br \/>\nBladtjocklek (mm): 1 \/ 0,03 tum<br \/>\nHandtag: Bj\u00f6rktr\u00e4 och afrikanskt wengetr\u00e4<br \/>\nTotal l\u00e4ngd (mm): 265 \/ 10,43 tum<br \/>\nF\u00f6rpackning: kniv, l\u00e4derslida<\/p>\n<p>Bohler-Uddeholm N695 knivst\u00e5l<\/p>\n<p>Bohler N695 \u00e4r en kromad rostfritt st\u00e5l i Bohler Uddeholm-gruppen. Den har h\u00f6g h\u00e5rdhet, god n\u00f6tningsbest\u00e4ndighet och god korrosionsbest\u00e4ndighet. Kniven i N695-st\u00e5l \u00e4r icke-korrosiv, vass under l\u00e5ng tid och kr\u00e4ver inget s\u00e4rskilt underh\u00e5ll.<\/p>\n<p>Valsning med tv\u00e4rg\u00e5ende teknik f\u00f6r att s\u00e4kerst\u00e4lla maximal stabilitet och enhetlighet hos pl\u00e5t- och skivmaterial.<\/p>\n<p>Andra anv\u00e4ndningsomr\u00e5den f\u00f6r BOHLER N695:<\/p>\n<p>Rullningslager, ventils\u00e4ten, knivblad av h\u00f6g kvalitet, kirurgiska instrument och tr\u00e4sniderier.<\/p>\n<p>BOHLER N695 Sammans\u00e4ttning: C &#8211; 1.030 \/ MN &#8211; 0.44 \/ SI &#8211; 0.48 \/ P &#8211; 0.018 \/ S &#8211; 0.0010 \/ CR &#8211; 16.46 \/ MO &#8211; 0.43<\/p>\n<p>Handgjord<\/p>\n","protected":false},"excerpt":{"rendered":"<p>Kniven i N695-st\u00e5l \u00e4r icke-korrosiv, vass under l\u00e5ng tid och kr\u00e4ver inget s\u00e4rskilt underh\u00e5ll.<\/p>\n","protected":false},"featured_media":101095,"template":"","meta":{"_themeisle_gutenberg_block_has_review":false},"product_brand":[],"product_cat":[422,414,423],"product_tag":[],"class_list":{"0":"post-101088","1":"product","2":"type-product","3":"status-publish","4":"has-post-thumbnail","6":"product_cat-fiskeknivar","7":"product_cat-jaktknivar","8":"product_cat-koksknivar","10":"first","11":"instock","12":"shipping-taxable","13":"purchasable","14":"product-type-simple"},"yoast_head":"<!-- This site is optimized with the Yoast SEO plugin v27.3 - https:\/\/yoast.com\/product\/yoast-seo-wordpress\/ -->\n<title>Liten FILETT kniv - h\u00f6gkvalitativt smidd rostfritt st\u00e5l - AAKnives<\/title>\n<meta name=\"description\" content=\"Fil\u00e9 -6 - h\u00f6gkvalitativt smidd rostfritt st\u00e5l, svenskt Bohler-Uddeholm N695 rostfritt knivst\u00e5l, mycket h\u00e5rt\" \/>\n<meta name=\"robots\" content=\"index, follow, max-snippet:-1, max-image-preview:large, max-video-preview:-1\" \/>\n<link rel=\"canonical\" href=\"https:\/\/aaknives.eu\/sv\/product\/liten-filettkniv-hogkvalitativt-smidd-rostfritt-stal-2\/\" \/>\n<meta property=\"og:locale\" content=\"sv_SE\" \/>\n<meta property=\"og:type\" content=\"article\" \/>\n<meta property=\"og:title\" content=\"Liten FILETT kniv - h\u00f6gkvalitativt smidd rostfritt st\u00e5l - AAKnives\" \/>\n<meta property=\"og:description\" content=\"Fil\u00e9 -6 - h\u00f6gkvalitativt smidd rostfritt st\u00e5l, svenskt Bohler-Uddeholm N695 rostfritt knivst\u00e5l, mycket h\u00e5rt\" \/>\n<meta property=\"og:url\" content=\"https:\/\/aaknives.eu\/sv\/product\/liten-filettkniv-hogkvalitativt-smidd-rostfritt-stal-2\/\" \/>\n<meta property=\"og:site_name\" content=\"AAKnives\" \/>\n<meta property=\"article:publisher\" content=\"https:\/\/www.facebook.com\/aaknives.eu\/\" \/>\n<meta property=\"article:modified_time\" content=\"2025-08-21T17:03:20+00:00\" \/>\n<meta property=\"og:image\" content=\"https:\/\/aaknives.eu\/wp-content\/uploads\/2025\/08\/aaknives-hand-forged-damascus-steel-blade-knife-handmade-custom-made-knife-handcrafted-knives-autinetools-northmen-1-19.jpg\" \/>\n\t<meta property=\"og:image:width\" content=\"1020\" \/>\n\t<meta property=\"og:image:height\" content=\"880\" \/>\n\t<meta property=\"og:image:type\" content=\"image\/jpeg\" \/>\n<meta name=\"twitter:card\" content=\"summary_large_image\" \/>\n<meta name=\"twitter:label1\" content=\"Ber\u00e4knad l\u00e4stid\" \/>\n\t<meta name=\"twitter:data1\" content=\"1 minut\" \/>\n<script type=\"application\/ld+json\" class=\"yoast-schema-graph\">{\"@context\":\"https:\\\/\\\/schema.org\",\"@graph\":[{\"@type\":\"WebPage\",\"@id\":\"https:\\\/\\\/aaknives.eu\\\/sv\\\/product\\\/liten-filettkniv-hogkvalitativt-smidd-rostfritt-stal-2\\\/\",\"url\":\"https:\\\/\\\/aaknives.eu\\\/sv\\\/product\\\/liten-filettkniv-hogkvalitativt-smidd-rostfritt-stal-2\\\/\",\"name\":\"Liten FILETT kniv - h\u00f6gkvalitativt smidd rostfritt st\u00e5l - AAKnives\",\"isPartOf\":{\"@id\":\"https:\\\/\\\/aaknives.eu\\\/sv\\\/#website\"},\"primaryImageOfPage\":{\"@id\":\"https:\\\/\\\/aaknives.eu\\\/sv\\\/product\\\/liten-filettkniv-hogkvalitativt-smidd-rostfritt-stal-2\\\/#primaryimage\"},\"image\":{\"@id\":\"https:\\\/\\\/aaknives.eu\\\/sv\\\/product\\\/liten-filettkniv-hogkvalitativt-smidd-rostfritt-stal-2\\\/#primaryimage\"},\"thumbnailUrl\":\"https:\\\/\\\/aaknives.eu\\\/wp-content\\\/uploads\\\/2025\\\/08\\\/aaknives-hand-forged-damascus-steel-blade-knife-handmade-custom-made-knife-handcrafted-knives-autinetools-northmen-1-19.jpg\",\"datePublished\":\"2025-08-21T16:55:25+00:00\",\"dateModified\":\"2025-08-21T17:03:20+00:00\",\"description\":\"Fil\u00e9 -6 - h\u00f6gkvalitativt smidd rostfritt st\u00e5l, svenskt Bohler-Uddeholm N695 rostfritt knivst\u00e5l, mycket h\u00e5rt\",\"breadcrumb\":{\"@id\":\"https:\\\/\\\/aaknives.eu\\\/sv\\\/product\\\/liten-filettkniv-hogkvalitativt-smidd-rostfritt-stal-2\\\/#breadcrumb\"},\"inLanguage\":\"sv-SE\",\"potentialAction\":[{\"@type\":\"ReadAction\",\"target\":[\"https:\\\/\\\/aaknives.eu\\\/sv\\\/product\\\/liten-filettkniv-hogkvalitativt-smidd-rostfritt-stal-2\\\/\"]}]},{\"@type\":\"ImageObject\",\"inLanguage\":\"sv-SE\",\"@id\":\"https:\\\/\\\/aaknives.eu\\\/sv\\\/product\\\/liten-filettkniv-hogkvalitativt-smidd-rostfritt-stal-2\\\/#primaryimage\",\"url\":\"https:\\\/\\\/aaknives.eu\\\/wp-content\\\/uploads\\\/2025\\\/08\\\/aaknives-hand-forged-damascus-steel-blade-knife-handmade-custom-made-knife-handcrafted-knives-autinetools-northmen-1-19.jpg\",\"contentUrl\":\"https:\\\/\\\/aaknives.eu\\\/wp-content\\\/uploads\\\/2025\\\/08\\\/aaknives-hand-forged-damascus-steel-blade-knife-handmade-custom-made-knife-handcrafted-knives-autinetools-northmen-1-19.jpg\",\"width\":1020,\"height\":880},{\"@type\":\"BreadcrumbList\",\"@id\":\"https:\\\/\\\/aaknives.eu\\\/sv\\\/product\\\/liten-filettkniv-hogkvalitativt-smidd-rostfritt-stal-2\\\/#breadcrumb\",\"itemListElement\":[{\"@type\":\"ListItem\",\"position\":1,\"name\":\"Home\",\"item\":\"https:\\\/\\\/aaknives.eu\\\/sv\\\/\"},{\"@type\":\"ListItem\",\"position\":2,\"name\":\"Butik\",\"item\":\"https:\\\/\\\/aaknives.eu\\\/butik\\\/\"},{\"@type\":\"ListItem\",\"position\":3,\"name\":\"Liten FILETT kniv &#8211; h\u00f6gkvalitativt smidd rostfritt st\u00e5l\"}]},{\"@type\":\"WebSite\",\"@id\":\"https:\\\/\\\/aaknives.eu\\\/sv\\\/#website\",\"url\":\"https:\\\/\\\/aaknives.eu\\\/sv\\\/\",\"name\":\"AAKnives\",\"description\":\"Handmade knives\",\"publisher\":{\"@id\":\"https:\\\/\\\/aaknives.eu\\\/sv\\\/#organization\"},\"potentialAction\":[{\"@type\":\"SearchAction\",\"target\":{\"@type\":\"EntryPoint\",\"urlTemplate\":\"https:\\\/\\\/aaknives.eu\\\/sv\\\/?s={search_term_string}\"},\"query-input\":{\"@type\":\"PropertyValueSpecification\",\"valueRequired\":true,\"valueName\":\"search_term_string\"}}],\"inLanguage\":\"sv-SE\"},{\"@type\":\"Organization\",\"@id\":\"https:\\\/\\\/aaknives.eu\\\/sv\\\/#organization\",\"name\":\"AAKnives\",\"url\":\"https:\\\/\\\/aaknives.eu\\\/sv\\\/\",\"logo\":{\"@type\":\"ImageObject\",\"inLanguage\":\"sv-SE\",\"@id\":\"https:\\\/\\\/aaknives.eu\\\/sv\\\/#\\\/schema\\\/logo\\\/image\\\/\",\"url\":\"https:\\\/\\\/aaknives.eu\\\/wp-content\\\/uploads\\\/2021\\\/10\\\/AAknives_Logo_Green.png\",\"contentUrl\":\"https:\\\/\\\/aaknives.eu\\\/wp-content\\\/uploads\\\/2021\\\/10\\\/AAknives_Logo_Green.png\",\"width\":1768,\"height\":1768,\"caption\":\"AAKnives\"},\"image\":{\"@id\":\"https:\\\/\\\/aaknives.eu\\\/sv\\\/#\\\/schema\\\/logo\\\/image\\\/\"},\"sameAs\":[\"https:\\\/\\\/www.facebook.com\\\/aaknives.eu\\\/\",\"https:\\\/\\\/www.instagram.com\\\/aaknives\\\/\",\"https:\\\/\\\/www.pinterest.com\\\/aa_knives\\\/\",\"https:\\\/\\\/www.youtube.com\\\/channel\\\/UCHOQFjrOkgT6s4FIw9LDKyw\\\/featured\"]}]}<\/script>\n<!-- \/ Yoast SEO plugin. -->","yoast_head_json":{"title":"Liten FILETT kniv - h\u00f6gkvalitativt smidd rostfritt st\u00e5l - AAKnives","description":"Fil\u00e9 -6 - h\u00f6gkvalitativt smidd rostfritt st\u00e5l, svenskt Bohler-Uddeholm N695 rostfritt knivst\u00e5l, mycket h\u00e5rt","robots":{"index":"index","follow":"follow","max-snippet":"max-snippet:-1","max-image-preview":"max-image-preview:large","max-video-preview":"max-video-preview:-1"},"canonical":"https:\/\/aaknives.eu\/sv\/product\/liten-filettkniv-hogkvalitativt-smidd-rostfritt-stal-2\/","og_locale":"sv_SE","og_type":"article","og_title":"Liten FILETT kniv - h\u00f6gkvalitativt smidd rostfritt st\u00e5l - AAKnives","og_description":"Fil\u00e9 -6 - h\u00f6gkvalitativt smidd rostfritt st\u00e5l, svenskt Bohler-Uddeholm N695 rostfritt knivst\u00e5l, mycket h\u00e5rt","og_url":"https:\/\/aaknives.eu\/sv\/product\/liten-filettkniv-hogkvalitativt-smidd-rostfritt-stal-2\/","og_site_name":"AAKnives","article_publisher":"https:\/\/www.facebook.com\/aaknives.eu\/","article_modified_time":"2025-08-21T17:03:20+00:00","og_image":[{"width":1020,"height":880,"url":"https:\/\/aaknives.eu\/wp-content\/uploads\/2025\/08\/aaknives-hand-forged-damascus-steel-blade-knife-handmade-custom-made-knife-handcrafted-knives-autinetools-northmen-1-19.jpg","type":"image\/jpeg"}],"twitter_card":"summary_large_image","twitter_misc":{"Ber\u00e4knad l\u00e4stid":"1 minut"},"schema":{"@context":"https:\/\/schema.org","@graph":[{"@type":"WebPage","@id":"https:\/\/aaknives.eu\/sv\/product\/liten-filettkniv-hogkvalitativt-smidd-rostfritt-stal-2\/","url":"https:\/\/aaknives.eu\/sv\/product\/liten-filettkniv-hogkvalitativt-smidd-rostfritt-stal-2\/","name":"Liten FILETT kniv - h\u00f6gkvalitativt smidd rostfritt st\u00e5l - AAKnives","isPartOf":{"@id":"https:\/\/aaknives.eu\/sv\/#website"},"primaryImageOfPage":{"@id":"https:\/\/aaknives.eu\/sv\/product\/liten-filettkniv-hogkvalitativt-smidd-rostfritt-stal-2\/#primaryimage"},"image":{"@id":"https:\/\/aaknives.eu\/sv\/product\/liten-filettkniv-hogkvalitativt-smidd-rostfritt-stal-2\/#primaryimage"},"thumbnailUrl":"https:\/\/aaknives.eu\/wp-content\/uploads\/2025\/08\/aaknives-hand-forged-damascus-steel-blade-knife-handmade-custom-made-knife-handcrafted-knives-autinetools-northmen-1-19.jpg","datePublished":"2025-08-21T16:55:25+00:00","dateModified":"2025-08-21T17:03:20+00:00","description":"Fil\u00e9 -6 - h\u00f6gkvalitativt smidd rostfritt st\u00e5l, svenskt Bohler-Uddeholm N695 rostfritt knivst\u00e5l, mycket h\u00e5rt","breadcrumb":{"@id":"https:\/\/aaknives.eu\/sv\/product\/liten-filettkniv-hogkvalitativt-smidd-rostfritt-stal-2\/#breadcrumb"},"inLanguage":"sv-SE","potentialAction":[{"@type":"ReadAction","target":["https:\/\/aaknives.eu\/sv\/product\/liten-filettkniv-hogkvalitativt-smidd-rostfritt-stal-2\/"]}]},{"@type":"ImageObject","inLanguage":"sv-SE","@id":"https:\/\/aaknives.eu\/sv\/product\/liten-filettkniv-hogkvalitativt-smidd-rostfritt-stal-2\/#primaryimage","url":"https:\/\/aaknives.eu\/wp-content\/uploads\/2025\/08\/aaknives-hand-forged-damascus-steel-blade-knife-handmade-custom-made-knife-handcrafted-knives-autinetools-northmen-1-19.jpg","contentUrl":"https:\/\/aaknives.eu\/wp-content\/uploads\/2025\/08\/aaknives-hand-forged-damascus-steel-blade-knife-handmade-custom-made-knife-handcrafted-knives-autinetools-northmen-1-19.jpg","width":1020,"height":880},{"@type":"BreadcrumbList","@id":"https:\/\/aaknives.eu\/sv\/product\/liten-filettkniv-hogkvalitativt-smidd-rostfritt-stal-2\/#breadcrumb","itemListElement":[{"@type":"ListItem","position":1,"name":"Home","item":"https:\/\/aaknives.eu\/sv\/"},{"@type":"ListItem","position":2,"name":"Butik","item":"https:\/\/aaknives.eu\/butik\/"},{"@type":"ListItem","position":3,"name":"Liten FILETT kniv &#8211; h\u00f6gkvalitativt smidd rostfritt st\u00e5l"}]},{"@type":"WebSite","@id":"https:\/\/aaknives.eu\/sv\/#website","url":"https:\/\/aaknives.eu\/sv\/","name":"AAKnives","description":"Handmade knives","publisher":{"@id":"https:\/\/aaknives.eu\/sv\/#organization"},"potentialAction":[{"@type":"SearchAction","target":{"@type":"EntryPoint","urlTemplate":"https:\/\/aaknives.eu\/sv\/?s={search_term_string}"},"query-input":{"@type":"PropertyValueSpecification","valueRequired":true,"valueName":"search_term_string"}}],"inLanguage":"sv-SE"},{"@type":"Organization","@id":"https:\/\/aaknives.eu\/sv\/#organization","name":"AAKnives","url":"https:\/\/aaknives.eu\/sv\/","logo":{"@type":"ImageObject","inLanguage":"sv-SE","@id":"https:\/\/aaknives.eu\/sv\/#\/schema\/logo\/image\/","url":"https:\/\/aaknives.eu\/wp-content\/uploads\/2021\/10\/AAknives_Logo_Green.png","contentUrl":"https:\/\/aaknives.eu\/wp-content\/uploads\/2021\/10\/AAknives_Logo_Green.png","width":1768,"height":1768,"caption":"AAKnives"},"image":{"@id":"https:\/\/aaknives.eu\/sv\/#\/schema\/logo\/image\/"},"sameAs":["https:\/\/www.facebook.com\/aaknives.eu\/","https:\/\/www.instagram.com\/aaknives\/","https:\/\/www.pinterest.com\/aa_knives\/","https:\/\/www.youtube.com\/channel\/UCHOQFjrOkgT6s4FIw9LDKyw\/featured"]}]}},"_links":{"self":[{"href":"https:\/\/aaknives.eu\/sv\/wp-json\/wp\/v2\/product\/101088","targetHints":{"allow":["GET"]}}],"collection":[{"href":"https:\/\/aaknives.eu\/sv\/wp-json\/wp\/v2\/product"}],"about":[{"href":"https:\/\/aaknives.eu\/sv\/wp-json\/wp\/v2\/types\/product"}],"wp:featuredmedia":[{"embeddable":true,"href":"https:\/\/aaknives.eu\/sv\/wp-json\/wp\/v2\/media\/101095"}],"wp:attachment":[{"href":"https:\/\/aaknives.eu\/sv\/wp-json\/wp\/v2\/media?parent=101088"}],"wp:term":[{"taxonomy":"product_brand","embeddable":true,"href":"https:\/\/aaknives.eu\/sv\/wp-json\/wp\/v2\/product_brand?post=101088"},{"taxonomy":"product_cat","embeddable":true,"href":"https:\/\/aaknives.eu\/sv\/wp-json\/wp\/v2\/product_cat?post=101088"},{"taxonomy":"product_tag","embeddable":true,"href":"https:\/\/aaknives.eu\/sv\/wp-json\/wp\/v2\/product_tag?post=101088"}],"curies":[{"name":"wp","href":"https:\/\/api.w.org\/{rel}","templated":true}]}}