{"id":108048,"date":"2026-03-02T18:12:15","date_gmt":"2026-03-02T18:12:15","guid":{"rendered":"https:\/\/aaknives.eu\/?post_type=product&#038;p=108048"},"modified":"2026-03-02T18:21:51","modified_gmt":"2026-03-02T18:21:51","slug":"ken-onion-edition-knife-tool-sharpener-mk-2","status":"publish","type":"product","link":"https:\/\/aaknives.eu\/sv\/product\/ken-onion-edition-knife-tool-sharpener-mk-2\/","title":{"rendered":"Ken Onion Edition Knife &#038; Tool Sharpener Mk.2"},"content":{"rendered":"<p>Upplev precision och hastighet med Ken Onion Edition Knife &#038; Tool Sharpener Mk.2\u2122, designad f\u00f6r b\u00e5de eggentusiaster och knivsamlare. Specialdesignade flexibla slipband och elektronisk hastighetskontroll ger professionella slipresultat snabbt och konsekvent. Denna slipmaskin garanterar precision, otroligt skarpa eggar och snabba resultat med sitt premiumutbud av slipband och l\u00e4derfodrade slipguider. Slipa fickknivar, friluftsknivar, k\u00f6ksknivar, saxar och ett brett utbud av gr\u00e4s- och tr\u00e4dg\u00e5rdsredskap som yxor, gr\u00e4sklipparblad och sekat\u00f6rer. Utvecklad i samarbete med knivmakarlegenden Ken Onion, tar denna slipmaskin den bepr\u00f6vade tekniken som anv\u00e4nds av proffs direkt till ditt hem eller din butik.<\/p>\n","protected":false},"excerpt":{"rendered":"<p>Upplev precision och hastighet med Ken Onion Edition Knife &#038; Tool Sharpener Mk.2\u2122, designad f\u00f6r b\u00e5de eggentusiaster och knivsamlare. Specialdesignade flexibla slipband och elektronisk hastighetskontroll ger professionella slipresultat snabbt och konsekvent. Denna slipmaskin garanterar precision, otroligt skarpa eggar och snabba resultat med sitt premiumutbud av slipband och l\u00e4derfodrade slipguider. Slipa fickknivar, friluftsknivar, k\u00f6ksknivar, saxar och ett brett utbud av gr\u00e4s- och tr\u00e4dg\u00e5rdsredskap som yxor, gr\u00e4sklipparblad och sekat\u00f6rer. Utvecklad i samarbete med knivmakarlegenden Ken Onion, tar denna slipmaskin den bepr\u00f6vade tekniken som anv\u00e4nds av proffs direkt till ditt hem eller din butik.<\/p>\n","protected":false},"featured_media":108055,"template":"","meta":{"_themeisle_gutenberg_block_has_review":false},"product_brand":[],"product_cat":[415],"product_tag":[],"class_list":{"0":"post-108048","1":"product","2":"type-product","3":"status-publish","4":"has-post-thumbnail","6":"product_cat-knivslipning-knivslipmaskiner","8":"first","9":"instock","10":"shipping-taxable","11":"purchasable","12":"product-type-simple"},"yoast_head":"<!-- This site is optimized with the Yoast SEO plugin v27.3 - https:\/\/yoast.com\/product\/yoast-seo-wordpress\/ -->\n<title>Ken Onion Edition Knife &amp; Tool Sharpener Mk.2 - AAKnives<\/title>\n<meta name=\"description\" content=\"Upplev precision och hastighet med Ken Onion Edition Knife &amp; Tool Sharpener Mk.2\u2122, designad f\u00f6r b\u00e5de eggentusiaster och knivsamlare.\" \/>\n<meta name=\"robots\" content=\"index, follow, max-snippet:-1, max-image-preview:large, max-video-preview:-1\" \/>\n<link rel=\"canonical\" href=\"https:\/\/aaknives.eu\/sv\/product\/ken-onion-edition-knife-tool-sharpener-mk-2\/\" \/>\n<meta property=\"og:locale\" content=\"sv_SE\" \/>\n<meta property=\"og:type\" content=\"article\" \/>\n<meta property=\"og:title\" content=\"Ken Onion Edition Knife &amp; Tool Sharpener Mk.2 - AAKnives\" \/>\n<meta property=\"og:description\" content=\"Upplev precision och hastighet med Ken Onion Edition Knife &amp; Tool Sharpener Mk.2\u2122, designad f\u00f6r b\u00e5de eggentusiaster och knivsamlare.\" \/>\n<meta property=\"og:url\" content=\"https:\/\/aaknives.eu\/sv\/product\/ken-onion-edition-knife-tool-sharpener-mk-2\/\" \/>\n<meta property=\"og:site_name\" content=\"AAKnives\" \/>\n<meta property=\"article:publisher\" content=\"https:\/\/www.facebook.com\/aaknives.eu\/\" \/>\n<meta property=\"article:modified_time\" content=\"2026-03-02T18:21:51+00:00\" \/>\n<meta property=\"og:image\" content=\"https:\/\/aaknives.eu\/wp-content\/uploads\/2026\/03\/aaknives-hand-forged-damascus-steel-blade-knife-handmade-custom-made-knife-handcrafted-knives-autinetools-northmen-1.jpg\" \/>\n\t<meta property=\"og:image:width\" content=\"600\" \/>\n\t<meta property=\"og:image:height\" content=\"599\" \/>\n\t<meta property=\"og:image:type\" content=\"image\/jpeg\" \/>\n<meta name=\"twitter:card\" content=\"summary_large_image\" \/>\n<meta name=\"twitter:label1\" content=\"Ber\u00e4knad l\u00e4stid\" \/>\n\t<meta name=\"twitter:data1\" content=\"1 minut\" \/>\n<script type=\"application\/ld+json\" class=\"yoast-schema-graph\">{\"@context\":\"https:\\\/\\\/schema.org\",\"@graph\":[{\"@type\":\"WebPage\",\"@id\":\"https:\\\/\\\/aaknives.eu\\\/sv\\\/product\\\/ken-onion-edition-knife-tool-sharpener-mk-2\\\/\",\"url\":\"https:\\\/\\\/aaknives.eu\\\/sv\\\/product\\\/ken-onion-edition-knife-tool-sharpener-mk-2\\\/\",\"name\":\"Ken Onion Edition Knife & Tool Sharpener Mk.2 - AAKnives\",\"isPartOf\":{\"@id\":\"https:\\\/\\\/aaknives.eu\\\/sv\\\/#website\"},\"primaryImageOfPage\":{\"@id\":\"https:\\\/\\\/aaknives.eu\\\/sv\\\/product\\\/ken-onion-edition-knife-tool-sharpener-mk-2\\\/#primaryimage\"},\"image\":{\"@id\":\"https:\\\/\\\/aaknives.eu\\\/sv\\\/product\\\/ken-onion-edition-knife-tool-sharpener-mk-2\\\/#primaryimage\"},\"thumbnailUrl\":\"https:\\\/\\\/aaknives.eu\\\/wp-content\\\/uploads\\\/2026\\\/03\\\/aaknives-hand-forged-damascus-steel-blade-knife-handmade-custom-made-knife-handcrafted-knives-autinetools-northmen-1.jpg\",\"datePublished\":\"2026-03-02T18:12:15+00:00\",\"dateModified\":\"2026-03-02T18:21:51+00:00\",\"description\":\"Upplev precision och hastighet med Ken Onion Edition Knife & Tool Sharpener Mk.2\u2122, designad f\u00f6r b\u00e5de eggentusiaster och knivsamlare.\",\"breadcrumb\":{\"@id\":\"https:\\\/\\\/aaknives.eu\\\/sv\\\/product\\\/ken-onion-edition-knife-tool-sharpener-mk-2\\\/#breadcrumb\"},\"inLanguage\":\"sv-SE\",\"potentialAction\":[{\"@type\":\"ReadAction\",\"target\":[\"https:\\\/\\\/aaknives.eu\\\/sv\\\/product\\\/ken-onion-edition-knife-tool-sharpener-mk-2\\\/\"]}]},{\"@type\":\"ImageObject\",\"inLanguage\":\"sv-SE\",\"@id\":\"https:\\\/\\\/aaknives.eu\\\/sv\\\/product\\\/ken-onion-edition-knife-tool-sharpener-mk-2\\\/#primaryimage\",\"url\":\"https:\\\/\\\/aaknives.eu\\\/wp-content\\\/uploads\\\/2026\\\/03\\\/aaknives-hand-forged-damascus-steel-blade-knife-handmade-custom-made-knife-handcrafted-knives-autinetools-northmen-1.jpg\",\"contentUrl\":\"https:\\\/\\\/aaknives.eu\\\/wp-content\\\/uploads\\\/2026\\\/03\\\/aaknives-hand-forged-damascus-steel-blade-knife-handmade-custom-made-knife-handcrafted-knives-autinetools-northmen-1.jpg\",\"width\":600,\"height\":599},{\"@type\":\"BreadcrumbList\",\"@id\":\"https:\\\/\\\/aaknives.eu\\\/sv\\\/product\\\/ken-onion-edition-knife-tool-sharpener-mk-2\\\/#breadcrumb\",\"itemListElement\":[{\"@type\":\"ListItem\",\"position\":1,\"name\":\"Home\",\"item\":\"https:\\\/\\\/aaknives.eu\\\/sv\\\/\"},{\"@type\":\"ListItem\",\"position\":2,\"name\":\"Butik\",\"item\":\"https:\\\/\\\/aaknives.eu\\\/butik\\\/\"},{\"@type\":\"ListItem\",\"position\":3,\"name\":\"Ken Onion Edition Knife &#038; Tool Sharpener Mk.2\"}]},{\"@type\":\"WebSite\",\"@id\":\"https:\\\/\\\/aaknives.eu\\\/sv\\\/#website\",\"url\":\"https:\\\/\\\/aaknives.eu\\\/sv\\\/\",\"name\":\"AAKnives\",\"description\":\"Handmade knives\",\"publisher\":{\"@id\":\"https:\\\/\\\/aaknives.eu\\\/sv\\\/#organization\"},\"potentialAction\":[{\"@type\":\"SearchAction\",\"target\":{\"@type\":\"EntryPoint\",\"urlTemplate\":\"https:\\\/\\\/aaknives.eu\\\/sv\\\/?s={search_term_string}\"},\"query-input\":{\"@type\":\"PropertyValueSpecification\",\"valueRequired\":true,\"valueName\":\"search_term_string\"}}],\"inLanguage\":\"sv-SE\"},{\"@type\":\"Organization\",\"@id\":\"https:\\\/\\\/aaknives.eu\\\/sv\\\/#organization\",\"name\":\"AAKnives\",\"url\":\"https:\\\/\\\/aaknives.eu\\\/sv\\\/\",\"logo\":{\"@type\":\"ImageObject\",\"inLanguage\":\"sv-SE\",\"@id\":\"https:\\\/\\\/aaknives.eu\\\/sv\\\/#\\\/schema\\\/logo\\\/image\\\/\",\"url\":\"https:\\\/\\\/aaknives.eu\\\/wp-content\\\/uploads\\\/2021\\\/10\\\/AAknives_Logo_Green.png\",\"contentUrl\":\"https:\\\/\\\/aaknives.eu\\\/wp-content\\\/uploads\\\/2021\\\/10\\\/AAknives_Logo_Green.png\",\"width\":1768,\"height\":1768,\"caption\":\"AAKnives\"},\"image\":{\"@id\":\"https:\\\/\\\/aaknives.eu\\\/sv\\\/#\\\/schema\\\/logo\\\/image\\\/\"},\"sameAs\":[\"https:\\\/\\\/www.facebook.com\\\/aaknives.eu\\\/\",\"https:\\\/\\\/www.instagram.com\\\/aaknives\\\/\",\"https:\\\/\\\/www.pinterest.com\\\/aa_knives\\\/\",\"https:\\\/\\\/www.youtube.com\\\/channel\\\/UCHOQFjrOkgT6s4FIw9LDKyw\\\/featured\"]}]}<\/script>\n<!-- \/ Yoast SEO plugin. -->","yoast_head_json":{"title":"Ken Onion Edition Knife & Tool Sharpener Mk.2 - AAKnives","description":"Upplev precision och hastighet med Ken Onion Edition Knife & Tool Sharpener Mk.2\u2122, designad f\u00f6r b\u00e5de eggentusiaster och knivsamlare.","robots":{"index":"index","follow":"follow","max-snippet":"max-snippet:-1","max-image-preview":"max-image-preview:large","max-video-preview":"max-video-preview:-1"},"canonical":"https:\/\/aaknives.eu\/sv\/product\/ken-onion-edition-knife-tool-sharpener-mk-2\/","og_locale":"sv_SE","og_type":"article","og_title":"Ken Onion Edition Knife & Tool Sharpener Mk.2 - AAKnives","og_description":"Upplev precision och hastighet med Ken Onion Edition Knife & Tool Sharpener Mk.2\u2122, designad f\u00f6r b\u00e5de eggentusiaster och knivsamlare.","og_url":"https:\/\/aaknives.eu\/sv\/product\/ken-onion-edition-knife-tool-sharpener-mk-2\/","og_site_name":"AAKnives","article_publisher":"https:\/\/www.facebook.com\/aaknives.eu\/","article_modified_time":"2026-03-02T18:21:51+00:00","og_image":[{"width":600,"height":599,"url":"https:\/\/aaknives.eu\/wp-content\/uploads\/2026\/03\/aaknives-hand-forged-damascus-steel-blade-knife-handmade-custom-made-knife-handcrafted-knives-autinetools-northmen-1.jpg","type":"image\/jpeg"}],"twitter_card":"summary_large_image","twitter_misc":{"Ber\u00e4knad l\u00e4stid":"1 minut"},"schema":{"@context":"https:\/\/schema.org","@graph":[{"@type":"WebPage","@id":"https:\/\/aaknives.eu\/sv\/product\/ken-onion-edition-knife-tool-sharpener-mk-2\/","url":"https:\/\/aaknives.eu\/sv\/product\/ken-onion-edition-knife-tool-sharpener-mk-2\/","name":"Ken Onion Edition Knife & Tool Sharpener Mk.2 - AAKnives","isPartOf":{"@id":"https:\/\/aaknives.eu\/sv\/#website"},"primaryImageOfPage":{"@id":"https:\/\/aaknives.eu\/sv\/product\/ken-onion-edition-knife-tool-sharpener-mk-2\/#primaryimage"},"image":{"@id":"https:\/\/aaknives.eu\/sv\/product\/ken-onion-edition-knife-tool-sharpener-mk-2\/#primaryimage"},"thumbnailUrl":"https:\/\/aaknives.eu\/wp-content\/uploads\/2026\/03\/aaknives-hand-forged-damascus-steel-blade-knife-handmade-custom-made-knife-handcrafted-knives-autinetools-northmen-1.jpg","datePublished":"2026-03-02T18:12:15+00:00","dateModified":"2026-03-02T18:21:51+00:00","description":"Upplev precision och hastighet med Ken Onion Edition Knife & Tool Sharpener Mk.2\u2122, designad f\u00f6r b\u00e5de eggentusiaster och knivsamlare.","breadcrumb":{"@id":"https:\/\/aaknives.eu\/sv\/product\/ken-onion-edition-knife-tool-sharpener-mk-2\/#breadcrumb"},"inLanguage":"sv-SE","potentialAction":[{"@type":"ReadAction","target":["https:\/\/aaknives.eu\/sv\/product\/ken-onion-edition-knife-tool-sharpener-mk-2\/"]}]},{"@type":"ImageObject","inLanguage":"sv-SE","@id":"https:\/\/aaknives.eu\/sv\/product\/ken-onion-edition-knife-tool-sharpener-mk-2\/#primaryimage","url":"https:\/\/aaknives.eu\/wp-content\/uploads\/2026\/03\/aaknives-hand-forged-damascus-steel-blade-knife-handmade-custom-made-knife-handcrafted-knives-autinetools-northmen-1.jpg","contentUrl":"https:\/\/aaknives.eu\/wp-content\/uploads\/2026\/03\/aaknives-hand-forged-damascus-steel-blade-knife-handmade-custom-made-knife-handcrafted-knives-autinetools-northmen-1.jpg","width":600,"height":599},{"@type":"BreadcrumbList","@id":"https:\/\/aaknives.eu\/sv\/product\/ken-onion-edition-knife-tool-sharpener-mk-2\/#breadcrumb","itemListElement":[{"@type":"ListItem","position":1,"name":"Home","item":"https:\/\/aaknives.eu\/sv\/"},{"@type":"ListItem","position":2,"name":"Butik","item":"https:\/\/aaknives.eu\/butik\/"},{"@type":"ListItem","position":3,"name":"Ken Onion Edition Knife &#038; Tool Sharpener Mk.2"}]},{"@type":"WebSite","@id":"https:\/\/aaknives.eu\/sv\/#website","url":"https:\/\/aaknives.eu\/sv\/","name":"AAKnives","description":"Handmade knives","publisher":{"@id":"https:\/\/aaknives.eu\/sv\/#organization"},"potentialAction":[{"@type":"SearchAction","target":{"@type":"EntryPoint","urlTemplate":"https:\/\/aaknives.eu\/sv\/?s={search_term_string}"},"query-input":{"@type":"PropertyValueSpecification","valueRequired":true,"valueName":"search_term_string"}}],"inLanguage":"sv-SE"},{"@type":"Organization","@id":"https:\/\/aaknives.eu\/sv\/#organization","name":"AAKnives","url":"https:\/\/aaknives.eu\/sv\/","logo":{"@type":"ImageObject","inLanguage":"sv-SE","@id":"https:\/\/aaknives.eu\/sv\/#\/schema\/logo\/image\/","url":"https:\/\/aaknives.eu\/wp-content\/uploads\/2021\/10\/AAknives_Logo_Green.png","contentUrl":"https:\/\/aaknives.eu\/wp-content\/uploads\/2021\/10\/AAknives_Logo_Green.png","width":1768,"height":1768,"caption":"AAKnives"},"image":{"@id":"https:\/\/aaknives.eu\/sv\/#\/schema\/logo\/image\/"},"sameAs":["https:\/\/www.facebook.com\/aaknives.eu\/","https:\/\/www.instagram.com\/aaknives\/","https:\/\/www.pinterest.com\/aa_knives\/","https:\/\/www.youtube.com\/channel\/UCHOQFjrOkgT6s4FIw9LDKyw\/featured"]}]}},"_links":{"self":[{"href":"https:\/\/aaknives.eu\/sv\/wp-json\/wp\/v2\/product\/108048","targetHints":{"allow":["GET"]}}],"collection":[{"href":"https:\/\/aaknives.eu\/sv\/wp-json\/wp\/v2\/product"}],"about":[{"href":"https:\/\/aaknives.eu\/sv\/wp-json\/wp\/v2\/types\/product"}],"wp:featuredmedia":[{"embeddable":true,"href":"https:\/\/aaknives.eu\/sv\/wp-json\/wp\/v2\/media\/108055"}],"wp:attachment":[{"href":"https:\/\/aaknives.eu\/sv\/wp-json\/wp\/v2\/media?parent=108048"}],"wp:term":[{"taxonomy":"product_brand","embeddable":true,"href":"https:\/\/aaknives.eu\/sv\/wp-json\/wp\/v2\/product_brand?post=108048"},{"taxonomy":"product_cat","embeddable":true,"href":"https:\/\/aaknives.eu\/sv\/wp-json\/wp\/v2\/product_cat?post=108048"},{"taxonomy":"product_tag","embeddable":true,"href":"https:\/\/aaknives.eu\/sv\/wp-json\/wp\/v2\/product_tag?post=108048"}],"curies":[{"name":"wp","href":"https:\/\/api.w.org\/{rel}","templated":true}]}}