{"id":108126,"date":"2026-03-02T18:31:49","date_gmt":"2026-03-02T18:31:49","guid":{"rendered":"https:\/\/aaknives.eu\/?post_type=product&#038;p=108126"},"modified":"2026-03-02T18:40:04","modified_gmt":"2026-03-02T18:40:04","slug":"knivslipare-for-kokskanter","status":"publish","type":"product","link":"https:\/\/aaknives.eu\/sv\/product\/knivslipare-for-kokskanter\/","title":{"rendered":"Knivslipare f\u00f6r k\u00f6kskanter"},"content":{"rendered":"<p>Din k\u00f6ksknivskompis f\u00f6r bekv\u00e4m och s\u00e4ker slipning. Med sin kompakta storlek \u00e4r den enkel att stuva undan eller packa, vilket s\u00e4kerst\u00e4ller att den alltid finns inom r\u00e4ckh\u00e5ll. N\u00f6j dig inte med sl\u00f6a knivblad n\u00e4r du lagar mat. Detta praktiska och l\u00e4ttanv\u00e4nda underh\u00e5llsverktyg garanterar sk\u00e4rpa oavsett budget och slipar enkelt k\u00f6ksknivar med bara tv\u00e5 enkla steg. Slipar alla typer av k\u00f6ksknivar, inklusive kockknivar, skivknivar, skalknivar och \u00e4ven tandade br\u00f6dknivar. Oavsett om den finns i din k\u00f6ksl\u00e5da, campingutrustning eller grillutrustning \u00e4r den redo n\u00e4r du beh\u00f6ver den, vilket s\u00e4kerst\u00e4ller att dina kulinariska skapelser gl\u00e4nser.<\/p>\n","protected":false},"excerpt":{"rendered":"<p>Din k\u00f6ksknivskompis f\u00f6r bekv\u00e4m och s\u00e4ker slipning. Med sin kompakta storlek \u00e4r den enkel att stuva undan eller packa, vilket s\u00e4kerst\u00e4ller att den alltid finns inom r\u00e4ckh\u00e5ll. N\u00f6j dig inte med sl\u00f6a knivblad n\u00e4r du lagar mat. Detta praktiska och l\u00e4ttanv\u00e4nda underh\u00e5llsverktyg garanterar sk\u00e4rpa oavsett budget och slipar enkelt k\u00f6ksknivar med bara tv\u00e5 enkla steg. Slipar alla typer av k\u00f6ksknivar, inklusive kockknivar, skivknivar, skalknivar och \u00e4ven tandade br\u00f6dknivar. Oavsett om den finns i din k\u00f6ksl\u00e5da, campingutrustning eller grillutrustning \u00e4r den redo n\u00e4r du beh\u00f6ver den, vilket s\u00e4kerst\u00e4ller att dina kulinariska skapelser gl\u00e4nser.<\/p>\n","protected":false},"featured_media":108133,"template":"","meta":{"_themeisle_gutenberg_block_has_review":false},"product_brand":[],"product_cat":[415],"product_tag":[],"class_list":{"0":"post-108126","1":"product","2":"type-product","3":"status-publish","4":"has-post-thumbnail","6":"product_cat-knivslipning-knivslipmaskiner","8":"first","9":"instock","10":"shipping-taxable","11":"purchasable","12":"product-type-simple"},"yoast_head":"<!-- This site is optimized with the Yoast SEO plugin v27.3 - https:\/\/yoast.com\/product\/yoast-seo-wordpress\/ -->\n<title>Knivslipare f\u00f6r k\u00f6kskanter - AAKnives<\/title>\n<meta name=\"description\" content=\"Din k\u00f6ksknivskompis f\u00f6r bekv\u00e4m och s\u00e4ker slipning. Med sin kompakta storlek \u00e4r den enkel att stuva undan eller packa, vilket s\u00e4kerst\u00e4ller att den alltid finns inom r\u00e4ckh\u00e5ll.\" \/>\n<meta name=\"robots\" content=\"index, follow, max-snippet:-1, max-image-preview:large, max-video-preview:-1\" \/>\n<link rel=\"canonical\" href=\"https:\/\/aaknives.eu\/sv\/product\/knivslipare-for-kokskanter\/\" \/>\n<meta property=\"og:locale\" content=\"sv_SE\" \/>\n<meta property=\"og:type\" content=\"article\" \/>\n<meta property=\"og:title\" content=\"Knivslipare f\u00f6r k\u00f6kskanter - AAKnives\" \/>\n<meta property=\"og:description\" content=\"Din k\u00f6ksknivskompis f\u00f6r bekv\u00e4m och s\u00e4ker slipning. Med sin kompakta storlek \u00e4r den enkel att stuva undan eller packa, vilket s\u00e4kerst\u00e4ller att den alltid finns inom r\u00e4ckh\u00e5ll.\" \/>\n<meta property=\"og:url\" content=\"https:\/\/aaknives.eu\/sv\/product\/knivslipare-for-kokskanter\/\" \/>\n<meta property=\"og:site_name\" content=\"AAKnives\" \/>\n<meta property=\"article:publisher\" content=\"https:\/\/www.facebook.com\/aaknives.eu\/\" \/>\n<meta property=\"article:modified_time\" content=\"2026-03-02T18:40:04+00:00\" \/>\n<meta property=\"og:image\" content=\"https:\/\/aaknives.eu\/wp-content\/uploads\/2026\/03\/aaknives-hand-forged-damascus-steel-blade-knife-handmade-custom-made-knife-handcrafted-knives-autinetools-northmen-10.jpg\" \/>\n\t<meta property=\"og:image:width\" content=\"600\" \/>\n\t<meta property=\"og:image:height\" content=\"599\" \/>\n\t<meta property=\"og:image:type\" content=\"image\/jpeg\" \/>\n<meta name=\"twitter:card\" content=\"summary_large_image\" \/>\n<meta name=\"twitter:label1\" content=\"Ber\u00e4knad l\u00e4stid\" \/>\n\t<meta name=\"twitter:data1\" content=\"1 minut\" \/>\n<script type=\"application\/ld+json\" class=\"yoast-schema-graph\">{\"@context\":\"https:\\\/\\\/schema.org\",\"@graph\":[{\"@type\":\"WebPage\",\"@id\":\"https:\\\/\\\/aaknives.eu\\\/sv\\\/product\\\/knivslipare-for-kokskanter\\\/\",\"url\":\"https:\\\/\\\/aaknives.eu\\\/sv\\\/product\\\/knivslipare-for-kokskanter\\\/\",\"name\":\"Knivslipare f\u00f6r k\u00f6kskanter - AAKnives\",\"isPartOf\":{\"@id\":\"https:\\\/\\\/aaknives.eu\\\/sv\\\/#website\"},\"primaryImageOfPage\":{\"@id\":\"https:\\\/\\\/aaknives.eu\\\/sv\\\/product\\\/knivslipare-for-kokskanter\\\/#primaryimage\"},\"image\":{\"@id\":\"https:\\\/\\\/aaknives.eu\\\/sv\\\/product\\\/knivslipare-for-kokskanter\\\/#primaryimage\"},\"thumbnailUrl\":\"https:\\\/\\\/aaknives.eu\\\/wp-content\\\/uploads\\\/2026\\\/03\\\/aaknives-hand-forged-damascus-steel-blade-knife-handmade-custom-made-knife-handcrafted-knives-autinetools-northmen-10.jpg\",\"datePublished\":\"2026-03-02T18:31:49+00:00\",\"dateModified\":\"2026-03-02T18:40:04+00:00\",\"description\":\"Din k\u00f6ksknivskompis f\u00f6r bekv\u00e4m och s\u00e4ker slipning. Med sin kompakta storlek \u00e4r den enkel att stuva undan eller packa, vilket s\u00e4kerst\u00e4ller att den alltid finns inom r\u00e4ckh\u00e5ll.\",\"breadcrumb\":{\"@id\":\"https:\\\/\\\/aaknives.eu\\\/sv\\\/product\\\/knivslipare-for-kokskanter\\\/#breadcrumb\"},\"inLanguage\":\"sv-SE\",\"potentialAction\":[{\"@type\":\"ReadAction\",\"target\":[\"https:\\\/\\\/aaknives.eu\\\/sv\\\/product\\\/knivslipare-for-kokskanter\\\/\"]}]},{\"@type\":\"ImageObject\",\"inLanguage\":\"sv-SE\",\"@id\":\"https:\\\/\\\/aaknives.eu\\\/sv\\\/product\\\/knivslipare-for-kokskanter\\\/#primaryimage\",\"url\":\"https:\\\/\\\/aaknives.eu\\\/wp-content\\\/uploads\\\/2026\\\/03\\\/aaknives-hand-forged-damascus-steel-blade-knife-handmade-custom-made-knife-handcrafted-knives-autinetools-northmen-10.jpg\",\"contentUrl\":\"https:\\\/\\\/aaknives.eu\\\/wp-content\\\/uploads\\\/2026\\\/03\\\/aaknives-hand-forged-damascus-steel-blade-knife-handmade-custom-made-knife-handcrafted-knives-autinetools-northmen-10.jpg\",\"width\":600,\"height\":599},{\"@type\":\"BreadcrumbList\",\"@id\":\"https:\\\/\\\/aaknives.eu\\\/sv\\\/product\\\/knivslipare-for-kokskanter\\\/#breadcrumb\",\"itemListElement\":[{\"@type\":\"ListItem\",\"position\":1,\"name\":\"Home\",\"item\":\"https:\\\/\\\/aaknives.eu\\\/sv\\\/\"},{\"@type\":\"ListItem\",\"position\":2,\"name\":\"Butik\",\"item\":\"https:\\\/\\\/aaknives.eu\\\/butik\\\/\"},{\"@type\":\"ListItem\",\"position\":3,\"name\":\"Knivslipare f\u00f6r k\u00f6kskanter\"}]},{\"@type\":\"WebSite\",\"@id\":\"https:\\\/\\\/aaknives.eu\\\/sv\\\/#website\",\"url\":\"https:\\\/\\\/aaknives.eu\\\/sv\\\/\",\"name\":\"AAKnives\",\"description\":\"Handmade knives\",\"publisher\":{\"@id\":\"https:\\\/\\\/aaknives.eu\\\/sv\\\/#organization\"},\"potentialAction\":[{\"@type\":\"SearchAction\",\"target\":{\"@type\":\"EntryPoint\",\"urlTemplate\":\"https:\\\/\\\/aaknives.eu\\\/sv\\\/?s={search_term_string}\"},\"query-input\":{\"@type\":\"PropertyValueSpecification\",\"valueRequired\":true,\"valueName\":\"search_term_string\"}}],\"inLanguage\":\"sv-SE\"},{\"@type\":\"Organization\",\"@id\":\"https:\\\/\\\/aaknives.eu\\\/sv\\\/#organization\",\"name\":\"AAKnives\",\"url\":\"https:\\\/\\\/aaknives.eu\\\/sv\\\/\",\"logo\":{\"@type\":\"ImageObject\",\"inLanguage\":\"sv-SE\",\"@id\":\"https:\\\/\\\/aaknives.eu\\\/sv\\\/#\\\/schema\\\/logo\\\/image\\\/\",\"url\":\"https:\\\/\\\/aaknives.eu\\\/wp-content\\\/uploads\\\/2021\\\/10\\\/AAknives_Logo_Green.png\",\"contentUrl\":\"https:\\\/\\\/aaknives.eu\\\/wp-content\\\/uploads\\\/2021\\\/10\\\/AAknives_Logo_Green.png\",\"width\":1768,\"height\":1768,\"caption\":\"AAKnives\"},\"image\":{\"@id\":\"https:\\\/\\\/aaknives.eu\\\/sv\\\/#\\\/schema\\\/logo\\\/image\\\/\"},\"sameAs\":[\"https:\\\/\\\/www.facebook.com\\\/aaknives.eu\\\/\",\"https:\\\/\\\/www.instagram.com\\\/aaknives\\\/\",\"https:\\\/\\\/www.pinterest.com\\\/aa_knives\\\/\",\"https:\\\/\\\/www.youtube.com\\\/channel\\\/UCHOQFjrOkgT6s4FIw9LDKyw\\\/featured\"]}]}<\/script>\n<!-- \/ Yoast SEO plugin. -->","yoast_head_json":{"title":"Knivslipare f\u00f6r k\u00f6kskanter - AAKnives","description":"Din k\u00f6ksknivskompis f\u00f6r bekv\u00e4m och s\u00e4ker slipning. Med sin kompakta storlek \u00e4r den enkel att stuva undan eller packa, vilket s\u00e4kerst\u00e4ller att den alltid finns inom r\u00e4ckh\u00e5ll.","robots":{"index":"index","follow":"follow","max-snippet":"max-snippet:-1","max-image-preview":"max-image-preview:large","max-video-preview":"max-video-preview:-1"},"canonical":"https:\/\/aaknives.eu\/sv\/product\/knivslipare-for-kokskanter\/","og_locale":"sv_SE","og_type":"article","og_title":"Knivslipare f\u00f6r k\u00f6kskanter - AAKnives","og_description":"Din k\u00f6ksknivskompis f\u00f6r bekv\u00e4m och s\u00e4ker slipning. Med sin kompakta storlek \u00e4r den enkel att stuva undan eller packa, vilket s\u00e4kerst\u00e4ller att den alltid finns inom r\u00e4ckh\u00e5ll.","og_url":"https:\/\/aaknives.eu\/sv\/product\/knivslipare-for-kokskanter\/","og_site_name":"AAKnives","article_publisher":"https:\/\/www.facebook.com\/aaknives.eu\/","article_modified_time":"2026-03-02T18:40:04+00:00","og_image":[{"width":600,"height":599,"url":"https:\/\/aaknives.eu\/wp-content\/uploads\/2026\/03\/aaknives-hand-forged-damascus-steel-blade-knife-handmade-custom-made-knife-handcrafted-knives-autinetools-northmen-10.jpg","type":"image\/jpeg"}],"twitter_card":"summary_large_image","twitter_misc":{"Ber\u00e4knad l\u00e4stid":"1 minut"},"schema":{"@context":"https:\/\/schema.org","@graph":[{"@type":"WebPage","@id":"https:\/\/aaknives.eu\/sv\/product\/knivslipare-for-kokskanter\/","url":"https:\/\/aaknives.eu\/sv\/product\/knivslipare-for-kokskanter\/","name":"Knivslipare f\u00f6r k\u00f6kskanter - AAKnives","isPartOf":{"@id":"https:\/\/aaknives.eu\/sv\/#website"},"primaryImageOfPage":{"@id":"https:\/\/aaknives.eu\/sv\/product\/knivslipare-for-kokskanter\/#primaryimage"},"image":{"@id":"https:\/\/aaknives.eu\/sv\/product\/knivslipare-for-kokskanter\/#primaryimage"},"thumbnailUrl":"https:\/\/aaknives.eu\/wp-content\/uploads\/2026\/03\/aaknives-hand-forged-damascus-steel-blade-knife-handmade-custom-made-knife-handcrafted-knives-autinetools-northmen-10.jpg","datePublished":"2026-03-02T18:31:49+00:00","dateModified":"2026-03-02T18:40:04+00:00","description":"Din k\u00f6ksknivskompis f\u00f6r bekv\u00e4m och s\u00e4ker slipning. Med sin kompakta storlek \u00e4r den enkel att stuva undan eller packa, vilket s\u00e4kerst\u00e4ller att den alltid finns inom r\u00e4ckh\u00e5ll.","breadcrumb":{"@id":"https:\/\/aaknives.eu\/sv\/product\/knivslipare-for-kokskanter\/#breadcrumb"},"inLanguage":"sv-SE","potentialAction":[{"@type":"ReadAction","target":["https:\/\/aaknives.eu\/sv\/product\/knivslipare-for-kokskanter\/"]}]},{"@type":"ImageObject","inLanguage":"sv-SE","@id":"https:\/\/aaknives.eu\/sv\/product\/knivslipare-for-kokskanter\/#primaryimage","url":"https:\/\/aaknives.eu\/wp-content\/uploads\/2026\/03\/aaknives-hand-forged-damascus-steel-blade-knife-handmade-custom-made-knife-handcrafted-knives-autinetools-northmen-10.jpg","contentUrl":"https:\/\/aaknives.eu\/wp-content\/uploads\/2026\/03\/aaknives-hand-forged-damascus-steel-blade-knife-handmade-custom-made-knife-handcrafted-knives-autinetools-northmen-10.jpg","width":600,"height":599},{"@type":"BreadcrumbList","@id":"https:\/\/aaknives.eu\/sv\/product\/knivslipare-for-kokskanter\/#breadcrumb","itemListElement":[{"@type":"ListItem","position":1,"name":"Home","item":"https:\/\/aaknives.eu\/sv\/"},{"@type":"ListItem","position":2,"name":"Butik","item":"https:\/\/aaknives.eu\/butik\/"},{"@type":"ListItem","position":3,"name":"Knivslipare f\u00f6r k\u00f6kskanter"}]},{"@type":"WebSite","@id":"https:\/\/aaknives.eu\/sv\/#website","url":"https:\/\/aaknives.eu\/sv\/","name":"AAKnives","description":"Handmade knives","publisher":{"@id":"https:\/\/aaknives.eu\/sv\/#organization"},"potentialAction":[{"@type":"SearchAction","target":{"@type":"EntryPoint","urlTemplate":"https:\/\/aaknives.eu\/sv\/?s={search_term_string}"},"query-input":{"@type":"PropertyValueSpecification","valueRequired":true,"valueName":"search_term_string"}}],"inLanguage":"sv-SE"},{"@type":"Organization","@id":"https:\/\/aaknives.eu\/sv\/#organization","name":"AAKnives","url":"https:\/\/aaknives.eu\/sv\/","logo":{"@type":"ImageObject","inLanguage":"sv-SE","@id":"https:\/\/aaknives.eu\/sv\/#\/schema\/logo\/image\/","url":"https:\/\/aaknives.eu\/wp-content\/uploads\/2021\/10\/AAknives_Logo_Green.png","contentUrl":"https:\/\/aaknives.eu\/wp-content\/uploads\/2021\/10\/AAknives_Logo_Green.png","width":1768,"height":1768,"caption":"AAKnives"},"image":{"@id":"https:\/\/aaknives.eu\/sv\/#\/schema\/logo\/image\/"},"sameAs":["https:\/\/www.facebook.com\/aaknives.eu\/","https:\/\/www.instagram.com\/aaknives\/","https:\/\/www.pinterest.com\/aa_knives\/","https:\/\/www.youtube.com\/channel\/UCHOQFjrOkgT6s4FIw9LDKyw\/featured"]}]}},"_links":{"self":[{"href":"https:\/\/aaknives.eu\/sv\/wp-json\/wp\/v2\/product\/108126","targetHints":{"allow":["GET"]}}],"collection":[{"href":"https:\/\/aaknives.eu\/sv\/wp-json\/wp\/v2\/product"}],"about":[{"href":"https:\/\/aaknives.eu\/sv\/wp-json\/wp\/v2\/types\/product"}],"wp:featuredmedia":[{"embeddable":true,"href":"https:\/\/aaknives.eu\/sv\/wp-json\/wp\/v2\/media\/108133"}],"wp:attachment":[{"href":"https:\/\/aaknives.eu\/sv\/wp-json\/wp\/v2\/media?parent=108126"}],"wp:term":[{"taxonomy":"product_brand","embeddable":true,"href":"https:\/\/aaknives.eu\/sv\/wp-json\/wp\/v2\/product_brand?post=108126"},{"taxonomy":"product_cat","embeddable":true,"href":"https:\/\/aaknives.eu\/sv\/wp-json\/wp\/v2\/product_cat?post=108126"},{"taxonomy":"product_tag","embeddable":true,"href":"https:\/\/aaknives.eu\/sv\/wp-json\/wp\/v2\/product_tag?post=108126"}],"curies":[{"name":"wp","href":"https:\/\/api.w.org\/{rel}","templated":true}]}}