{"id":52283,"date":"2023-12-13T14:14:51","date_gmt":"2023-12-13T14:14:51","guid":{"rendered":"https:\/\/aaknives.eu\/product\/podium-kazak-s-utformat-for-kazakiska-vassningsanordningar\/"},"modified":"2023-12-13T14:14:51","modified_gmt":"2023-12-13T14:14:51","slug":"podium-kazak-s-utformat-for-kazakiska-vassningsanordningar","status":"publish","type":"product","link":"https:\/\/aaknives.eu\/sv\/product\/podium-kazak-s-utformat-for-kazakiska-vassningsanordningar\/","title":{"rendered":"Podium &#8220;Kazak &#8211; S&#8221;, utformat f\u00f6r kazakiska v\u00e4ssningsanordningar"},"content":{"rendered":"<p>Utformad f\u00f6r Kazak-slipverktyg.<br \/>\nPodium &#8220;KAZAK&#8221; \u00e4r konstruerat f\u00f6r att fungera med v\u00e4ssarsystemen : Kazak, Kazak UBR, Kazak PRO.<\/p>\n<p>Stativet har 4 halkfria gummif\u00f6tter. Den har tv\u00e5 m\u00e4ssingsbultar f\u00f6r fasts\u00e4ttning av enheten.<\/p>\n<p>Tillverkad av st\u00e5l. \u0421\u00f6verdragna med pulverf\u00e4rg av svart f\u00e4rg.<\/p>\n<p>Tack vare sin vikt \u00e4r den mycket stabil n\u00e4r den arbetar tillsammans med enheten.<\/p>\n<p>Bredd 160 mm<\/p>\n<p>L\u00e4ngd 196 mm<\/p>\n<p>Vikt 2500 gram<\/p>\n","protected":false},"excerpt":{"rendered":"<p>Podium &#8220;Kazak &#8211; M&#8221;<\/p>\n","protected":false},"featured_media":52284,"template":"","meta":{"_themeisle_gutenberg_block_has_review":false},"product_brand":[],"product_cat":[415],"product_tag":[],"class_list":{"0":"post-52283","1":"product","2":"type-product","3":"status-publish","4":"has-post-thumbnail","6":"product_cat-knivslipning-knivslipmaskiner","8":"first","9":"instock","10":"shipping-taxable","11":"purchasable","12":"product-type-simple"},"yoast_head":"<!-- This site is optimized with the Yoast SEO plugin v27.3 - https:\/\/yoast.com\/product\/yoast-seo-wordpress\/ -->\n<title>Podium &quot;Kazak - S&quot;, utformat f\u00f6r kazakiska v\u00e4ssningsanordningar - AAKnives<\/title>\n<meta name=\"description\" content=\"Podium &quot;Kazak - S&quot;, utformat f\u00f6r kazakiska v\u00e4ssningsanordningar\" \/>\n<meta name=\"robots\" content=\"index, follow, max-snippet:-1, max-image-preview:large, max-video-preview:-1\" \/>\n<link rel=\"canonical\" href=\"https:\/\/aaknives.eu\/sv\/product\/podium-kazak-s-utformat-for-kazakiska-vassningsanordningar\/\" \/>\n<meta property=\"og:locale\" content=\"sv_SE\" \/>\n<meta property=\"og:type\" content=\"article\" \/>\n<meta property=\"og:title\" content=\"Podium &quot;Kazak - S&quot;, utformat f\u00f6r kazakiska v\u00e4ssningsanordningar - AAKnives\" \/>\n<meta property=\"og:description\" content=\"Podium &quot;Kazak - S&quot;, utformat f\u00f6r kazakiska v\u00e4ssningsanordningar\" \/>\n<meta property=\"og:url\" content=\"https:\/\/aaknives.eu\/sv\/product\/podium-kazak-s-utformat-for-kazakiska-vassningsanordningar\/\" \/>\n<meta property=\"og:site_name\" content=\"AAKnives\" \/>\n<meta property=\"article:publisher\" content=\"https:\/\/www.facebook.com\/aaknives.eu\/\" \/>\n<meta property=\"og:image\" content=\"https:\/\/aaknives.eu\/wp-content\/uploads\/2023\/12\/aaknives-hand-forged-dabascus-steel-blade-knife-handmade-custom-made-knife-handcrafted-knives-autinetools-northmen-1-1-3.jpg\" \/>\n\t<meta property=\"og:image:width\" content=\"1020\" \/>\n\t<meta property=\"og:image:height\" content=\"880\" \/>\n\t<meta property=\"og:image:type\" content=\"image\/jpeg\" \/>\n<meta name=\"twitter:card\" content=\"summary_large_image\" \/>\n<script type=\"application\/ld+json\" class=\"yoast-schema-graph\">{\"@context\":\"https:\\\/\\\/schema.org\",\"@graph\":[{\"@type\":\"WebPage\",\"@id\":\"https:\\\/\\\/aaknives.eu\\\/sv\\\/product\\\/podium-kazak-s-utformat-for-kazakiska-vassningsanordningar\\\/\",\"url\":\"https:\\\/\\\/aaknives.eu\\\/sv\\\/product\\\/podium-kazak-s-utformat-for-kazakiska-vassningsanordningar\\\/\",\"name\":\"Podium \\\"Kazak - S\\\", utformat f\u00f6r kazakiska v\u00e4ssningsanordningar - AAKnives\",\"isPartOf\":{\"@id\":\"https:\\\/\\\/aaknives.eu\\\/sv\\\/#website\"},\"primaryImageOfPage\":{\"@id\":\"https:\\\/\\\/aaknives.eu\\\/sv\\\/product\\\/podium-kazak-s-utformat-for-kazakiska-vassningsanordningar\\\/#primaryimage\"},\"image\":{\"@id\":\"https:\\\/\\\/aaknives.eu\\\/sv\\\/product\\\/podium-kazak-s-utformat-for-kazakiska-vassningsanordningar\\\/#primaryimage\"},\"thumbnailUrl\":\"https:\\\/\\\/aaknives.eu\\\/wp-content\\\/uploads\\\/2023\\\/12\\\/aaknives-hand-forged-dabascus-steel-blade-knife-handmade-custom-made-knife-handcrafted-knives-autinetools-northmen-1-1-3.jpg\",\"datePublished\":\"2023-12-13T14:14:51+00:00\",\"description\":\"Podium \\\"Kazak - S\\\", utformat f\u00f6r kazakiska v\u00e4ssningsanordningar\",\"breadcrumb\":{\"@id\":\"https:\\\/\\\/aaknives.eu\\\/sv\\\/product\\\/podium-kazak-s-utformat-for-kazakiska-vassningsanordningar\\\/#breadcrumb\"},\"inLanguage\":\"sv-SE\",\"potentialAction\":[{\"@type\":\"ReadAction\",\"target\":[\"https:\\\/\\\/aaknives.eu\\\/sv\\\/product\\\/podium-kazak-s-utformat-for-kazakiska-vassningsanordningar\\\/\"]}]},{\"@type\":\"ImageObject\",\"inLanguage\":\"sv-SE\",\"@id\":\"https:\\\/\\\/aaknives.eu\\\/sv\\\/product\\\/podium-kazak-s-utformat-for-kazakiska-vassningsanordningar\\\/#primaryimage\",\"url\":\"https:\\\/\\\/aaknives.eu\\\/wp-content\\\/uploads\\\/2023\\\/12\\\/aaknives-hand-forged-dabascus-steel-blade-knife-handmade-custom-made-knife-handcrafted-knives-autinetools-northmen-1-1-3.jpg\",\"contentUrl\":\"https:\\\/\\\/aaknives.eu\\\/wp-content\\\/uploads\\\/2023\\\/12\\\/aaknives-hand-forged-dabascus-steel-blade-knife-handmade-custom-made-knife-handcrafted-knives-autinetools-northmen-1-1-3.jpg\",\"width\":1020,\"height\":880,\"caption\":\"aaknives hand forged dabascus steel blade knife handmade custom made knife handcrafted knives autinetools northmen 1 1 3\"},{\"@type\":\"BreadcrumbList\",\"@id\":\"https:\\\/\\\/aaknives.eu\\\/sv\\\/product\\\/podium-kazak-s-utformat-for-kazakiska-vassningsanordningar\\\/#breadcrumb\",\"itemListElement\":[{\"@type\":\"ListItem\",\"position\":1,\"name\":\"Home\",\"item\":\"https:\\\/\\\/aaknives.eu\\\/sv\\\/\"},{\"@type\":\"ListItem\",\"position\":2,\"name\":\"Butik\",\"item\":\"https:\\\/\\\/aaknives.eu\\\/butik\\\/\"},{\"@type\":\"ListItem\",\"position\":3,\"name\":\"Podium &#8220;Kazak &#8211; S&#8221;, utformat f\u00f6r kazakiska v\u00e4ssningsanordningar\"}]},{\"@type\":\"WebSite\",\"@id\":\"https:\\\/\\\/aaknives.eu\\\/sv\\\/#website\",\"url\":\"https:\\\/\\\/aaknives.eu\\\/sv\\\/\",\"name\":\"AAKnives\",\"description\":\"Handmade knives\",\"publisher\":{\"@id\":\"https:\\\/\\\/aaknives.eu\\\/sv\\\/#organization\"},\"potentialAction\":[{\"@type\":\"SearchAction\",\"target\":{\"@type\":\"EntryPoint\",\"urlTemplate\":\"https:\\\/\\\/aaknives.eu\\\/sv\\\/?s={search_term_string}\"},\"query-input\":{\"@type\":\"PropertyValueSpecification\",\"valueRequired\":true,\"valueName\":\"search_term_string\"}}],\"inLanguage\":\"sv-SE\"},{\"@type\":\"Organization\",\"@id\":\"https:\\\/\\\/aaknives.eu\\\/sv\\\/#organization\",\"name\":\"AAKnives\",\"url\":\"https:\\\/\\\/aaknives.eu\\\/sv\\\/\",\"logo\":{\"@type\":\"ImageObject\",\"inLanguage\":\"sv-SE\",\"@id\":\"https:\\\/\\\/aaknives.eu\\\/sv\\\/#\\\/schema\\\/logo\\\/image\\\/\",\"url\":\"https:\\\/\\\/aaknives.eu\\\/wp-content\\\/uploads\\\/2021\\\/10\\\/AAknives_Logo_Green.png\",\"contentUrl\":\"https:\\\/\\\/aaknives.eu\\\/wp-content\\\/uploads\\\/2021\\\/10\\\/AAknives_Logo_Green.png\",\"width\":1768,\"height\":1768,\"caption\":\"AAKnives\"},\"image\":{\"@id\":\"https:\\\/\\\/aaknives.eu\\\/sv\\\/#\\\/schema\\\/logo\\\/image\\\/\"},\"sameAs\":[\"https:\\\/\\\/www.facebook.com\\\/aaknives.eu\\\/\",\"https:\\\/\\\/www.instagram.com\\\/aaknives\\\/\",\"https:\\\/\\\/www.pinterest.com\\\/aa_knives\\\/\",\"https:\\\/\\\/www.youtube.com\\\/channel\\\/UCHOQFjrOkgT6s4FIw9LDKyw\\\/featured\"]}]}<\/script>\n<!-- \/ Yoast SEO plugin. -->","yoast_head_json":{"title":"Podium \"Kazak - S\", utformat f\u00f6r kazakiska v\u00e4ssningsanordningar - AAKnives","description":"Podium \"Kazak - S\", utformat f\u00f6r kazakiska v\u00e4ssningsanordningar","robots":{"index":"index","follow":"follow","max-snippet":"max-snippet:-1","max-image-preview":"max-image-preview:large","max-video-preview":"max-video-preview:-1"},"canonical":"https:\/\/aaknives.eu\/sv\/product\/podium-kazak-s-utformat-for-kazakiska-vassningsanordningar\/","og_locale":"sv_SE","og_type":"article","og_title":"Podium \"Kazak - S\", utformat f\u00f6r kazakiska v\u00e4ssningsanordningar - AAKnives","og_description":"Podium \"Kazak - S\", utformat f\u00f6r kazakiska v\u00e4ssningsanordningar","og_url":"https:\/\/aaknives.eu\/sv\/product\/podium-kazak-s-utformat-for-kazakiska-vassningsanordningar\/","og_site_name":"AAKnives","article_publisher":"https:\/\/www.facebook.com\/aaknives.eu\/","og_image":[{"width":1020,"height":880,"url":"https:\/\/aaknives.eu\/wp-content\/uploads\/2023\/12\/aaknives-hand-forged-dabascus-steel-blade-knife-handmade-custom-made-knife-handcrafted-knives-autinetools-northmen-1-1-3.jpg","type":"image\/jpeg"}],"twitter_card":"summary_large_image","schema":{"@context":"https:\/\/schema.org","@graph":[{"@type":"WebPage","@id":"https:\/\/aaknives.eu\/sv\/product\/podium-kazak-s-utformat-for-kazakiska-vassningsanordningar\/","url":"https:\/\/aaknives.eu\/sv\/product\/podium-kazak-s-utformat-for-kazakiska-vassningsanordningar\/","name":"Podium \"Kazak - S\", utformat f\u00f6r kazakiska v\u00e4ssningsanordningar - AAKnives","isPartOf":{"@id":"https:\/\/aaknives.eu\/sv\/#website"},"primaryImageOfPage":{"@id":"https:\/\/aaknives.eu\/sv\/product\/podium-kazak-s-utformat-for-kazakiska-vassningsanordningar\/#primaryimage"},"image":{"@id":"https:\/\/aaknives.eu\/sv\/product\/podium-kazak-s-utformat-for-kazakiska-vassningsanordningar\/#primaryimage"},"thumbnailUrl":"https:\/\/aaknives.eu\/wp-content\/uploads\/2023\/12\/aaknives-hand-forged-dabascus-steel-blade-knife-handmade-custom-made-knife-handcrafted-knives-autinetools-northmen-1-1-3.jpg","datePublished":"2023-12-13T14:14:51+00:00","description":"Podium \"Kazak - S\", utformat f\u00f6r kazakiska v\u00e4ssningsanordningar","breadcrumb":{"@id":"https:\/\/aaknives.eu\/sv\/product\/podium-kazak-s-utformat-for-kazakiska-vassningsanordningar\/#breadcrumb"},"inLanguage":"sv-SE","potentialAction":[{"@type":"ReadAction","target":["https:\/\/aaknives.eu\/sv\/product\/podium-kazak-s-utformat-for-kazakiska-vassningsanordningar\/"]}]},{"@type":"ImageObject","inLanguage":"sv-SE","@id":"https:\/\/aaknives.eu\/sv\/product\/podium-kazak-s-utformat-for-kazakiska-vassningsanordningar\/#primaryimage","url":"https:\/\/aaknives.eu\/wp-content\/uploads\/2023\/12\/aaknives-hand-forged-dabascus-steel-blade-knife-handmade-custom-made-knife-handcrafted-knives-autinetools-northmen-1-1-3.jpg","contentUrl":"https:\/\/aaknives.eu\/wp-content\/uploads\/2023\/12\/aaknives-hand-forged-dabascus-steel-blade-knife-handmade-custom-made-knife-handcrafted-knives-autinetools-northmen-1-1-3.jpg","width":1020,"height":880,"caption":"aaknives hand forged dabascus steel blade knife handmade custom made knife handcrafted knives autinetools northmen 1 1 3"},{"@type":"BreadcrumbList","@id":"https:\/\/aaknives.eu\/sv\/product\/podium-kazak-s-utformat-for-kazakiska-vassningsanordningar\/#breadcrumb","itemListElement":[{"@type":"ListItem","position":1,"name":"Home","item":"https:\/\/aaknives.eu\/sv\/"},{"@type":"ListItem","position":2,"name":"Butik","item":"https:\/\/aaknives.eu\/butik\/"},{"@type":"ListItem","position":3,"name":"Podium &#8220;Kazak &#8211; S&#8221;, utformat f\u00f6r kazakiska v\u00e4ssningsanordningar"}]},{"@type":"WebSite","@id":"https:\/\/aaknives.eu\/sv\/#website","url":"https:\/\/aaknives.eu\/sv\/","name":"AAKnives","description":"Handmade knives","publisher":{"@id":"https:\/\/aaknives.eu\/sv\/#organization"},"potentialAction":[{"@type":"SearchAction","target":{"@type":"EntryPoint","urlTemplate":"https:\/\/aaknives.eu\/sv\/?s={search_term_string}"},"query-input":{"@type":"PropertyValueSpecification","valueRequired":true,"valueName":"search_term_string"}}],"inLanguage":"sv-SE"},{"@type":"Organization","@id":"https:\/\/aaknives.eu\/sv\/#organization","name":"AAKnives","url":"https:\/\/aaknives.eu\/sv\/","logo":{"@type":"ImageObject","inLanguage":"sv-SE","@id":"https:\/\/aaknives.eu\/sv\/#\/schema\/logo\/image\/","url":"https:\/\/aaknives.eu\/wp-content\/uploads\/2021\/10\/AAknives_Logo_Green.png","contentUrl":"https:\/\/aaknives.eu\/wp-content\/uploads\/2021\/10\/AAknives_Logo_Green.png","width":1768,"height":1768,"caption":"AAKnives"},"image":{"@id":"https:\/\/aaknives.eu\/sv\/#\/schema\/logo\/image\/"},"sameAs":["https:\/\/www.facebook.com\/aaknives.eu\/","https:\/\/www.instagram.com\/aaknives\/","https:\/\/www.pinterest.com\/aa_knives\/","https:\/\/www.youtube.com\/channel\/UCHOQFjrOkgT6s4FIw9LDKyw\/featured"]}]}},"_links":{"self":[{"href":"https:\/\/aaknives.eu\/sv\/wp-json\/wp\/v2\/product\/52283","targetHints":{"allow":["GET"]}}],"collection":[{"href":"https:\/\/aaknives.eu\/sv\/wp-json\/wp\/v2\/product"}],"about":[{"href":"https:\/\/aaknives.eu\/sv\/wp-json\/wp\/v2\/types\/product"}],"wp:featuredmedia":[{"embeddable":true,"href":"https:\/\/aaknives.eu\/sv\/wp-json\/wp\/v2\/media\/52284"}],"wp:attachment":[{"href":"https:\/\/aaknives.eu\/sv\/wp-json\/wp\/v2\/media?parent=52283"}],"wp:term":[{"taxonomy":"product_brand","embeddable":true,"href":"https:\/\/aaknives.eu\/sv\/wp-json\/wp\/v2\/product_brand?post=52283"},{"taxonomy":"product_cat","embeddable":true,"href":"https:\/\/aaknives.eu\/sv\/wp-json\/wp\/v2\/product_cat?post=52283"},{"taxonomy":"product_tag","embeddable":true,"href":"https:\/\/aaknives.eu\/sv\/wp-json\/wp\/v2\/product_tag?post=52283"}],"curies":[{"name":"wp","href":"https:\/\/api.w.org\/{rel}","templated":true}]}}