{"id":52288,"date":"2023-12-19T17:41:06","date_gmt":"2023-12-19T17:41:06","guid":{"rendered":"https:\/\/aaknives.eu\/product\/e2-elektrisk-knivslip-for-kok\/"},"modified":"2023-12-19T17:41:06","modified_gmt":"2023-12-19T17:41:06","slug":"e2-elektrisk-knivslip-for-kok","status":"publish","type":"product","link":"https:\/\/aaknives.eu\/sv\/product\/e2-elektrisk-knivslip-for-kok\/","title":{"rendered":"E2 ELEKTRISK KNIVSLIP F\u00d6R K\u00d6K"},"content":{"rendered":"<p>Work Sharp elektrisk knivslip f\u00f6r k\u00f6k \u00e4r en kompakt knivslip f\u00f6r k\u00f6k som kommer att slipa alla k\u00f6ksknivar du \u00e4ger. Vinkelstyrningarna ger en konsekvent och repeterbar kantvinkel medan de flexibla slipskivorna slipar sk\u00e4rpan f\u00f6rsiktigt. De keramiska hjulen slipar tillbaka eggen till en fabriksm\u00e4ssig sk\u00e4rpa och kan anv\u00e4ndas dagligen f\u00f6r att h\u00e5lla dina knivar vassa och redo att anv\u00e4ndas. Den kompakta designen kan enkelt f\u00f6rvaras i en k\u00f6ksl\u00e5da f\u00f6r att frig\u00f6ra v\u00e4rdefullt b\u00e4nkutrymme.<\/p>\n<p>Kitchen Electric Knife Sharpener \u00e4r v\u00e5r mest prisv\u00e4rda och effektiva elektriska knivslip f\u00f6r dig som vill ha ett snabbt, enkelt och s\u00e4kert s\u00e4tt att slipa alla k\u00f6ksknivar. Den \u00e4r skonsam mot knivar och sk\u00e4rper p\u00e5 mindre \u00e4n en minut. Kitchen Electric knivslipare anv\u00e4nder flexibla slipskivor f\u00f6r en skonsammare slipning och en vassare egg. Inbyggda 20\u00b0 vinkelguider s\u00e4kerst\u00e4ller en perfekt, enhetlig kant f\u00f6r en felfri slice fr\u00e5n spets till h\u00e4l.<\/p>\n<p>Det integrerade honingssp\u00e5ret anv\u00e4nder keramiska hjul f\u00f6r att slipa eggen tillbaka till en fabriksniv\u00e5 av sk\u00e4rpa och g\u00f6r omsk\u00e4rpning \u00e4nnu enklare, anv\u00e4nd bara den keramiska honen och \u00e5terg\u00e5 till sk\u00e4rbr\u00e4dan.<\/p>\n<p>Den kompakta designen g\u00f6r att n\u00e4tsladden f\u00f6rvaras i basen och tar upp lite plats p\u00e5 b\u00e4nken eller f\u00e5r enkelt plats i knivl\u00e5dan. Den v\u00e4ssar \u00e4ven dina saxar s\u00e5 den \u00e4r den perfekta l\u00f6sningen f\u00f6r alla hush\u00e5ll som lagar mat.<\/p>\n","protected":false},"excerpt":{"rendered":"<p>Work Sharp elektrisk knivslip f\u00f6r k\u00f6k \u00e4r en kompakt knivslip f\u00f6r k\u00f6k som kommer att slipa alla k\u00f6ksknivar du \u00e4ger. Vinkelstyrningarna ger en konsekvent och repeterbar kantvinkel medan de flexibla slipskivorna slipar sk\u00e4rpan f\u00f6rsiktigt. De keramiska hjulen slipar tillbaka eggen till en fabriksm\u00e4ssig sk\u00e4rpa och kan anv\u00e4ndas dagligen f\u00f6r att h\u00e5lla dina knivar vassa och redo att anv\u00e4ndas. Den kompakta designen kan enkelt f\u00f6rvaras i en k\u00f6ksl\u00e5da f\u00f6r att frig\u00f6ra v\u00e4rdefullt b\u00e4nkutrymme. Kitchen Electric Knife Sharpener \u00e4r v\u00e5r mest prisv\u00e4rda och effektiva elektriska knivslip f\u00f6r dig som vill ha ett snabbt, enkelt och s\u00e4kert s\u00e4tt att slipa alla k\u00f6ksknivar. Den&hellip;<\/p>\n","protected":false},"featured_media":52289,"template":"","meta":{"_themeisle_gutenberg_block_has_review":false},"product_brand":[],"product_cat":[415],"product_tag":[],"class_list":{"0":"post-52288","1":"product","2":"type-product","3":"status-publish","4":"has-post-thumbnail","6":"product_cat-knivslipning-knivslipmaskiner","8":"first","9":"outofstock","10":"shipping-taxable","11":"purchasable","12":"product-type-simple"},"yoast_head":"<!-- This site is optimized with the Yoast SEO plugin v27.3 - https:\/\/yoast.com\/product\/yoast-seo-wordpress\/ -->\n<title>E2 ELEKTRISK KNIVSLIP F\u00d6R K\u00d6K - AAKnives<\/title>\n<meta name=\"description\" content=\"E2 ELEKTRISK KNIVSLIP F\u00d6R K\u00d6K\" \/>\n<meta name=\"robots\" content=\"index, follow, max-snippet:-1, max-image-preview:large, max-video-preview:-1\" \/>\n<link rel=\"canonical\" href=\"https:\/\/aaknives.eu\/sv\/product\/e2-elektrisk-knivslip-for-kok\/\" \/>\n<meta property=\"og:locale\" content=\"sv_SE\" \/>\n<meta property=\"og:type\" content=\"article\" \/>\n<meta property=\"og:title\" content=\"E2 ELEKTRISK KNIVSLIP F\u00d6R K\u00d6K - AAKnives\" \/>\n<meta property=\"og:description\" content=\"E2 ELEKTRISK KNIVSLIP F\u00d6R K\u00d6K\" \/>\n<meta property=\"og:url\" content=\"https:\/\/aaknives.eu\/sv\/product\/e2-elektrisk-knivslip-for-kok\/\" \/>\n<meta property=\"og:site_name\" content=\"AAKnives\" \/>\n<meta property=\"article:publisher\" content=\"https:\/\/www.facebook.com\/aaknives.eu\/\" \/>\n<meta property=\"og:image\" content=\"https:\/\/aaknives.eu\/wp-content\/uploads\/2023\/12\/e2-1.jpg\" \/>\n\t<meta property=\"og:image:width\" content=\"965\" \/>\n\t<meta property=\"og:image:height\" content=\"967\" \/>\n\t<meta property=\"og:image:type\" content=\"image\/jpeg\" \/>\n<meta name=\"twitter:card\" content=\"summary_large_image\" \/>\n<meta name=\"twitter:label1\" content=\"Ber\u00e4knad l\u00e4stid\" \/>\n\t<meta name=\"twitter:data1\" content=\"1 minut\" \/>\n<script type=\"application\/ld+json\" class=\"yoast-schema-graph\">{\"@context\":\"https:\\\/\\\/schema.org\",\"@graph\":[{\"@type\":\"WebPage\",\"@id\":\"https:\\\/\\\/aaknives.eu\\\/sv\\\/product\\\/e2-elektrisk-knivslip-for-kok\\\/\",\"url\":\"https:\\\/\\\/aaknives.eu\\\/sv\\\/product\\\/e2-elektrisk-knivslip-for-kok\\\/\",\"name\":\"E2 ELEKTRISK KNIVSLIP F\u00d6R K\u00d6K - AAKnives\",\"isPartOf\":{\"@id\":\"https:\\\/\\\/aaknives.eu\\\/sv\\\/#website\"},\"primaryImageOfPage\":{\"@id\":\"https:\\\/\\\/aaknives.eu\\\/sv\\\/product\\\/e2-elektrisk-knivslip-for-kok\\\/#primaryimage\"},\"image\":{\"@id\":\"https:\\\/\\\/aaknives.eu\\\/sv\\\/product\\\/e2-elektrisk-knivslip-for-kok\\\/#primaryimage\"},\"thumbnailUrl\":\"https:\\\/\\\/aaknives.eu\\\/wp-content\\\/uploads\\\/2023\\\/12\\\/e2-1.jpg\",\"datePublished\":\"2023-12-19T17:41:06+00:00\",\"description\":\"E2 ELEKTRISK KNIVSLIP F\u00d6R K\u00d6K\",\"breadcrumb\":{\"@id\":\"https:\\\/\\\/aaknives.eu\\\/sv\\\/product\\\/e2-elektrisk-knivslip-for-kok\\\/#breadcrumb\"},\"inLanguage\":\"sv-SE\",\"potentialAction\":[{\"@type\":\"ReadAction\",\"target\":[\"https:\\\/\\\/aaknives.eu\\\/sv\\\/product\\\/e2-elektrisk-knivslip-for-kok\\\/\"]}]},{\"@type\":\"ImageObject\",\"inLanguage\":\"sv-SE\",\"@id\":\"https:\\\/\\\/aaknives.eu\\\/sv\\\/product\\\/e2-elektrisk-knivslip-for-kok\\\/#primaryimage\",\"url\":\"https:\\\/\\\/aaknives.eu\\\/wp-content\\\/uploads\\\/2023\\\/12\\\/e2-1.jpg\",\"contentUrl\":\"https:\\\/\\\/aaknives.eu\\\/wp-content\\\/uploads\\\/2023\\\/12\\\/e2-1.jpg\",\"width\":965,\"height\":967,\"caption\":\"e2 1\"},{\"@type\":\"BreadcrumbList\",\"@id\":\"https:\\\/\\\/aaknives.eu\\\/sv\\\/product\\\/e2-elektrisk-knivslip-for-kok\\\/#breadcrumb\",\"itemListElement\":[{\"@type\":\"ListItem\",\"position\":1,\"name\":\"Home\",\"item\":\"https:\\\/\\\/aaknives.eu\\\/sv\\\/\"},{\"@type\":\"ListItem\",\"position\":2,\"name\":\"Butik\",\"item\":\"https:\\\/\\\/aaknives.eu\\\/butik\\\/\"},{\"@type\":\"ListItem\",\"position\":3,\"name\":\"E2 ELEKTRISK KNIVSLIP F\u00d6R K\u00d6K\"}]},{\"@type\":\"WebSite\",\"@id\":\"https:\\\/\\\/aaknives.eu\\\/sv\\\/#website\",\"url\":\"https:\\\/\\\/aaknives.eu\\\/sv\\\/\",\"name\":\"AAKnives\",\"description\":\"Handmade knives\",\"publisher\":{\"@id\":\"https:\\\/\\\/aaknives.eu\\\/sv\\\/#organization\"},\"potentialAction\":[{\"@type\":\"SearchAction\",\"target\":{\"@type\":\"EntryPoint\",\"urlTemplate\":\"https:\\\/\\\/aaknives.eu\\\/sv\\\/?s={search_term_string}\"},\"query-input\":{\"@type\":\"PropertyValueSpecification\",\"valueRequired\":true,\"valueName\":\"search_term_string\"}}],\"inLanguage\":\"sv-SE\"},{\"@type\":\"Organization\",\"@id\":\"https:\\\/\\\/aaknives.eu\\\/sv\\\/#organization\",\"name\":\"AAKnives\",\"url\":\"https:\\\/\\\/aaknives.eu\\\/sv\\\/\",\"logo\":{\"@type\":\"ImageObject\",\"inLanguage\":\"sv-SE\",\"@id\":\"https:\\\/\\\/aaknives.eu\\\/sv\\\/#\\\/schema\\\/logo\\\/image\\\/\",\"url\":\"https:\\\/\\\/aaknives.eu\\\/wp-content\\\/uploads\\\/2021\\\/10\\\/AAknives_Logo_Green.png\",\"contentUrl\":\"https:\\\/\\\/aaknives.eu\\\/wp-content\\\/uploads\\\/2021\\\/10\\\/AAknives_Logo_Green.png\",\"width\":1768,\"height\":1768,\"caption\":\"AAKnives\"},\"image\":{\"@id\":\"https:\\\/\\\/aaknives.eu\\\/sv\\\/#\\\/schema\\\/logo\\\/image\\\/\"},\"sameAs\":[\"https:\\\/\\\/www.facebook.com\\\/aaknives.eu\\\/\",\"https:\\\/\\\/www.instagram.com\\\/aaknives\\\/\",\"https:\\\/\\\/www.pinterest.com\\\/aa_knives\\\/\",\"https:\\\/\\\/www.youtube.com\\\/channel\\\/UCHOQFjrOkgT6s4FIw9LDKyw\\\/featured\"]}]}<\/script>\n<!-- \/ Yoast SEO plugin. -->","yoast_head_json":{"title":"E2 ELEKTRISK KNIVSLIP F\u00d6R K\u00d6K - AAKnives","description":"E2 ELEKTRISK KNIVSLIP F\u00d6R K\u00d6K","robots":{"index":"index","follow":"follow","max-snippet":"max-snippet:-1","max-image-preview":"max-image-preview:large","max-video-preview":"max-video-preview:-1"},"canonical":"https:\/\/aaknives.eu\/sv\/product\/e2-elektrisk-knivslip-for-kok\/","og_locale":"sv_SE","og_type":"article","og_title":"E2 ELEKTRISK KNIVSLIP F\u00d6R K\u00d6K - AAKnives","og_description":"E2 ELEKTRISK KNIVSLIP F\u00d6R K\u00d6K","og_url":"https:\/\/aaknives.eu\/sv\/product\/e2-elektrisk-knivslip-for-kok\/","og_site_name":"AAKnives","article_publisher":"https:\/\/www.facebook.com\/aaknives.eu\/","og_image":[{"width":965,"height":967,"url":"https:\/\/aaknives.eu\/wp-content\/uploads\/2023\/12\/e2-1.jpg","type":"image\/jpeg"}],"twitter_card":"summary_large_image","twitter_misc":{"Ber\u00e4knad l\u00e4stid":"1 minut"},"schema":{"@context":"https:\/\/schema.org","@graph":[{"@type":"WebPage","@id":"https:\/\/aaknives.eu\/sv\/product\/e2-elektrisk-knivslip-for-kok\/","url":"https:\/\/aaknives.eu\/sv\/product\/e2-elektrisk-knivslip-for-kok\/","name":"E2 ELEKTRISK KNIVSLIP F\u00d6R K\u00d6K - AAKnives","isPartOf":{"@id":"https:\/\/aaknives.eu\/sv\/#website"},"primaryImageOfPage":{"@id":"https:\/\/aaknives.eu\/sv\/product\/e2-elektrisk-knivslip-for-kok\/#primaryimage"},"image":{"@id":"https:\/\/aaknives.eu\/sv\/product\/e2-elektrisk-knivslip-for-kok\/#primaryimage"},"thumbnailUrl":"https:\/\/aaknives.eu\/wp-content\/uploads\/2023\/12\/e2-1.jpg","datePublished":"2023-12-19T17:41:06+00:00","description":"E2 ELEKTRISK KNIVSLIP F\u00d6R K\u00d6K","breadcrumb":{"@id":"https:\/\/aaknives.eu\/sv\/product\/e2-elektrisk-knivslip-for-kok\/#breadcrumb"},"inLanguage":"sv-SE","potentialAction":[{"@type":"ReadAction","target":["https:\/\/aaknives.eu\/sv\/product\/e2-elektrisk-knivslip-for-kok\/"]}]},{"@type":"ImageObject","inLanguage":"sv-SE","@id":"https:\/\/aaknives.eu\/sv\/product\/e2-elektrisk-knivslip-for-kok\/#primaryimage","url":"https:\/\/aaknives.eu\/wp-content\/uploads\/2023\/12\/e2-1.jpg","contentUrl":"https:\/\/aaknives.eu\/wp-content\/uploads\/2023\/12\/e2-1.jpg","width":965,"height":967,"caption":"e2 1"},{"@type":"BreadcrumbList","@id":"https:\/\/aaknives.eu\/sv\/product\/e2-elektrisk-knivslip-for-kok\/#breadcrumb","itemListElement":[{"@type":"ListItem","position":1,"name":"Home","item":"https:\/\/aaknives.eu\/sv\/"},{"@type":"ListItem","position":2,"name":"Butik","item":"https:\/\/aaknives.eu\/butik\/"},{"@type":"ListItem","position":3,"name":"E2 ELEKTRISK KNIVSLIP F\u00d6R K\u00d6K"}]},{"@type":"WebSite","@id":"https:\/\/aaknives.eu\/sv\/#website","url":"https:\/\/aaknives.eu\/sv\/","name":"AAKnives","description":"Handmade knives","publisher":{"@id":"https:\/\/aaknives.eu\/sv\/#organization"},"potentialAction":[{"@type":"SearchAction","target":{"@type":"EntryPoint","urlTemplate":"https:\/\/aaknives.eu\/sv\/?s={search_term_string}"},"query-input":{"@type":"PropertyValueSpecification","valueRequired":true,"valueName":"search_term_string"}}],"inLanguage":"sv-SE"},{"@type":"Organization","@id":"https:\/\/aaknives.eu\/sv\/#organization","name":"AAKnives","url":"https:\/\/aaknives.eu\/sv\/","logo":{"@type":"ImageObject","inLanguage":"sv-SE","@id":"https:\/\/aaknives.eu\/sv\/#\/schema\/logo\/image\/","url":"https:\/\/aaknives.eu\/wp-content\/uploads\/2021\/10\/AAknives_Logo_Green.png","contentUrl":"https:\/\/aaknives.eu\/wp-content\/uploads\/2021\/10\/AAknives_Logo_Green.png","width":1768,"height":1768,"caption":"AAKnives"},"image":{"@id":"https:\/\/aaknives.eu\/sv\/#\/schema\/logo\/image\/"},"sameAs":["https:\/\/www.facebook.com\/aaknives.eu\/","https:\/\/www.instagram.com\/aaknives\/","https:\/\/www.pinterest.com\/aa_knives\/","https:\/\/www.youtube.com\/channel\/UCHOQFjrOkgT6s4FIw9LDKyw\/featured"]}]}},"_links":{"self":[{"href":"https:\/\/aaknives.eu\/sv\/wp-json\/wp\/v2\/product\/52288","targetHints":{"allow":["GET"]}}],"collection":[{"href":"https:\/\/aaknives.eu\/sv\/wp-json\/wp\/v2\/product"}],"about":[{"href":"https:\/\/aaknives.eu\/sv\/wp-json\/wp\/v2\/types\/product"}],"wp:featuredmedia":[{"embeddable":true,"href":"https:\/\/aaknives.eu\/sv\/wp-json\/wp\/v2\/media\/52289"}],"wp:attachment":[{"href":"https:\/\/aaknives.eu\/sv\/wp-json\/wp\/v2\/media?parent=52288"}],"wp:term":[{"taxonomy":"product_brand","embeddable":true,"href":"https:\/\/aaknives.eu\/sv\/wp-json\/wp\/v2\/product_brand?post=52288"},{"taxonomy":"product_cat","embeddable":true,"href":"https:\/\/aaknives.eu\/sv\/wp-json\/wp\/v2\/product_cat?post=52288"},{"taxonomy":"product_tag","embeddable":true,"href":"https:\/\/aaknives.eu\/sv\/wp-json\/wp\/v2\/product_tag?post=52288"}],"curies":[{"name":"wp","href":"https:\/\/api.w.org\/{rel}","templated":true}]}}