{"id":52306,"date":"2024-01-04T14:30:00","date_gmt":"2024-01-04T14:30:00","guid":{"rendered":"https:\/\/aaknives.eu\/product\/kit-anordning-for-slipning-av-knivar-modell-10digital-lutningsmatareset-med-stenar-lux-dia\/"},"modified":"2024-01-04T14:30:00","modified_gmt":"2024-01-04T14:30:00","slug":"kit-anordning-for-slipning-av-knivar-modell-10digital-lutningsmatareset-med-stenar-lux-dia","status":"publish","type":"product","link":"https:\/\/aaknives.eu\/sv\/product\/kit-anordning-for-slipning-av-knivar-modell-10digital-lutningsmatareset-med-stenar-lux-dia\/","title":{"rendered":"KIT-Anordning f\u00f6r slipning av knivar &#8220;Modell 10&#8243;+Digital lutningsm\u00e4tare+Set med stenar &#8220;lux&#8221; dia"},"content":{"rendered":"<p>Denna enhet tog h\u00e4nsyn till \u00f6nskem\u00e5len fr\u00e5n hemanv\u00e4ndare och yrkesverksamma inom slipningsenheter. F\u00f6r det f\u00f6rsta dess storlek. Det h\u00e4r \u00e4r en kompakt enhet med en vikt p\u00e5 3 230 gram. Det vill s\u00e4ga, den \u00e4r stabil. Basen \u00e4r tillverkad av st\u00e5l och har gummif\u00f6tter. Enheten \u00e4r lackerad med h\u00f6gkvalitativ pulverf\u00e4rg. Detta \u00e4r v\u00e4rldens f\u00f6rsta enhet med magnetiskt nodl\u00e5s.<br \/>\nRotationsmekanismen \u00e4r byggd p\u00e5 ett dubbelradigt kullager. Den har en integrerad axel. Lagret kr\u00e4ver inget underh\u00e5ll.<br \/>\nDet \u00e4r sv\u00e5rt att beskriva nodens funktion med enkla ord.<br \/>\nVi lyckades ocks\u00e5 implementera en 10-delad knivram i denna enhet. Genom att skruva loss de tv\u00e5 skruvarna p\u00e5 ramen kan operat\u00f6ren inspektera kniven och dess eggskick och samtidigt slipa kniven utan att ta bort den fr\u00e5n kl\u00e4mmorna.<\/p>\n<p>En elektronisk goniometer ing\u00e5r i leveransen.<\/p>\n<p>V\u00e5ra enheter har implementerat den f\u00f6rsta parkeringskroken inbyggd i v\u00e4ssaren. Den f\u00f6rsta massproduktionen av helt fr\u00e4sta knivclips.<\/p>\n<p>Bladkl\u00e4mmorna i originalutf\u00f6randet \u00e4r tillverkade av legering 7075, v\u00e4rmebehandlade.<br \/>\nDen horisontella styrst\u00e5ngen med en diameter p\u00e5 8 mm \u00e4r tillverkad av legerat rostfritt st\u00e5l, har en h\u00e5rdhet p\u00e5 58-60 HRC och en ytj\u00e4mnhet p\u00e5 0,4 Ra.<\/p>\n<p>Enheten \u00e4r avsedd f\u00f6r slipning av k\u00f6ks-, jakt- och f\u00e4llknivar i olika former och storlekar. Tack vare den exakta och stabila fixeringen av kniven i enhetens kl\u00e4mmor, samt m\u00f6jligheten att v\u00e4nda kniven utan att ta bort den fr\u00e5n kl\u00e4mmorna, \u00e4r slipningen snabb, enkel och kr\u00e4ver inga speciella operat\u00f6rskunskaper. Slipvinkeln \u00e4ndras genom att lyfta eller s\u00e4nka g\u00e5ngj\u00e4rnsenheten l\u00e4ngs den vertikala hyllan.<\/p>\n<p>Inkl\u00e4dd Sats med 5 diamantstenar kornstorlek &#8220;lux&#8221; :<\/p>\n<p>240, 600, 1200, 2000, 3000.<\/p>\n<p>M\u00e5tt: 16 x 2 x 0,8 cm<\/p>\n<p>Slipstenar \u00e4r standard, fungerar med slipningssystem som t.ex: Kazak, Ganzo, Riuxin, Sy-tools, Hapstone, Apex, TSPROF.<\/p>\n<p>Korntyp: syntetisk diamant.<\/p>\n<p>Paket: galvanisk.<\/p>\n<p>Underlaget \u00e4r st\u00e5l, karossen \u00e4r av plast.<\/p>\n<p>Kazak-slipningssystem som du kan k\u00f6pa p\u00e5 v\u00e5r webbplats.<\/p>\n<p>Stenarna fungerar med olja, vatten eller utan kylv\u00e4tska<\/p>\n","protected":false},"excerpt":{"rendered":"<p>Knivslipningsanordning &#8221; Kazak PRO&#8221;<\/p>\n","protected":false},"featured_media":52307,"template":"","meta":{"_themeisle_gutenberg_block_has_review":false},"product_brand":[],"product_cat":[415],"product_tag":[],"class_list":{"0":"post-52306","1":"product","2":"type-product","3":"status-publish","4":"has-post-thumbnail","6":"product_cat-knivslipning-knivslipmaskiner","8":"first","9":"instock","10":"shipping-taxable","11":"purchasable","12":"product-type-simple"},"yoast_head":"<!-- This site is optimized with the Yoast SEO plugin v27.3 - https:\/\/yoast.com\/product\/yoast-seo-wordpress\/ -->\n<title>KIT-Anordning f\u00f6r slipning av knivar &quot;Modell 10&quot;+Digital lutningsm\u00e4tare+Set med stenar &quot;lux&quot; dia - AAKnives<\/title>\n<meta name=\"description\" content=\"Enhet f\u00f6r slipning av knivar &quot;Model 10&quot;+Digital lutningsm\u00e4tare+Set med stenar &quot;lux&quot; dia\" \/>\n<meta name=\"robots\" content=\"index, follow, max-snippet:-1, max-image-preview:large, max-video-preview:-1\" \/>\n<link rel=\"canonical\" href=\"https:\/\/aaknives.eu\/sv\/product\/kit-anordning-for-slipning-av-knivar-modell-10digital-lutningsmatareset-med-stenar-lux-dia\/\" \/>\n<meta property=\"og:locale\" content=\"sv_SE\" \/>\n<meta property=\"og:type\" content=\"article\" \/>\n<meta property=\"og:title\" content=\"KIT-Anordning f\u00f6r slipning av knivar &quot;Modell 10&quot;+Digital lutningsm\u00e4tare+Set med stenar &quot;lux&quot; dia - AAKnives\" \/>\n<meta property=\"og:description\" content=\"Enhet f\u00f6r slipning av knivar &quot;Model 10&quot;+Digital lutningsm\u00e4tare+Set med stenar &quot;lux&quot; dia\" \/>\n<meta property=\"og:url\" content=\"https:\/\/aaknives.eu\/sv\/product\/kit-anordning-for-slipning-av-knivar-modell-10digital-lutningsmatareset-med-stenar-lux-dia\/\" \/>\n<meta property=\"og:site_name\" content=\"AAKnives\" \/>\n<meta property=\"article:publisher\" content=\"https:\/\/www.facebook.com\/aaknives.eu\/\" \/>\n<meta property=\"og:image\" content=\"https:\/\/aaknives.eu\/wp-content\/uploads\/2024\/01\/aaknives-hand-forged-dabascus-steel-blade-knife-handmade-custom-made-knife-handcrafted-knives-autinetools-northmen-1-10.jpg\" \/>\n\t<meta property=\"og:image:width\" content=\"1280\" \/>\n\t<meta property=\"og:image:height\" content=\"1280\" \/>\n\t<meta property=\"og:image:type\" content=\"image\/jpeg\" \/>\n<meta name=\"twitter:card\" content=\"summary_large_image\" \/>\n<meta name=\"twitter:label1\" content=\"Ber\u00e4knad l\u00e4stid\" \/>\n\t<meta name=\"twitter:data1\" content=\"2 minuter\" \/>\n<script type=\"application\/ld+json\" class=\"yoast-schema-graph\">{\"@context\":\"https:\\\/\\\/schema.org\",\"@graph\":[{\"@type\":\"WebPage\",\"@id\":\"https:\\\/\\\/aaknives.eu\\\/sv\\\/product\\\/kit-anordning-for-slipning-av-knivar-modell-10digital-lutningsmatareset-med-stenar-lux-dia\\\/\",\"url\":\"https:\\\/\\\/aaknives.eu\\\/sv\\\/product\\\/kit-anordning-for-slipning-av-knivar-modell-10digital-lutningsmatareset-med-stenar-lux-dia\\\/\",\"name\":\"KIT-Anordning f\u00f6r slipning av knivar \\\"Modell 10\\\"+Digital lutningsm\u00e4tare+Set med stenar \\\"lux\\\" dia - AAKnives\",\"isPartOf\":{\"@id\":\"https:\\\/\\\/aaknives.eu\\\/sv\\\/#website\"},\"primaryImageOfPage\":{\"@id\":\"https:\\\/\\\/aaknives.eu\\\/sv\\\/product\\\/kit-anordning-for-slipning-av-knivar-modell-10digital-lutningsmatareset-med-stenar-lux-dia\\\/#primaryimage\"},\"image\":{\"@id\":\"https:\\\/\\\/aaknives.eu\\\/sv\\\/product\\\/kit-anordning-for-slipning-av-knivar-modell-10digital-lutningsmatareset-med-stenar-lux-dia\\\/#primaryimage\"},\"thumbnailUrl\":\"https:\\\/\\\/aaknives.eu\\\/wp-content\\\/uploads\\\/2024\\\/01\\\/aaknives-hand-forged-dabascus-steel-blade-knife-handmade-custom-made-knife-handcrafted-knives-autinetools-northmen-1-10.jpg\",\"datePublished\":\"2024-01-04T14:30:00+00:00\",\"description\":\"Enhet f\u00f6r slipning av knivar \\\"Model 10\\\"+Digital lutningsm\u00e4tare+Set med stenar \\\"lux\\\" dia\",\"breadcrumb\":{\"@id\":\"https:\\\/\\\/aaknives.eu\\\/sv\\\/product\\\/kit-anordning-for-slipning-av-knivar-modell-10digital-lutningsmatareset-med-stenar-lux-dia\\\/#breadcrumb\"},\"inLanguage\":\"sv-SE\",\"potentialAction\":[{\"@type\":\"ReadAction\",\"target\":[\"https:\\\/\\\/aaknives.eu\\\/sv\\\/product\\\/kit-anordning-for-slipning-av-knivar-modell-10digital-lutningsmatareset-med-stenar-lux-dia\\\/\"]}]},{\"@type\":\"ImageObject\",\"inLanguage\":\"sv-SE\",\"@id\":\"https:\\\/\\\/aaknives.eu\\\/sv\\\/product\\\/kit-anordning-for-slipning-av-knivar-modell-10digital-lutningsmatareset-med-stenar-lux-dia\\\/#primaryimage\",\"url\":\"https:\\\/\\\/aaknives.eu\\\/wp-content\\\/uploads\\\/2024\\\/01\\\/aaknives-hand-forged-dabascus-steel-blade-knife-handmade-custom-made-knife-handcrafted-knives-autinetools-northmen-1-10.jpg\",\"contentUrl\":\"https:\\\/\\\/aaknives.eu\\\/wp-content\\\/uploads\\\/2024\\\/01\\\/aaknives-hand-forged-dabascus-steel-blade-knife-handmade-custom-made-knife-handcrafted-knives-autinetools-northmen-1-10.jpg\",\"width\":1280,\"height\":1280,\"caption\":\"aaknives hand forged dabascus steel blade knife handmade custom made knife handcrafted knives autinetools northmen 1 10\"},{\"@type\":\"BreadcrumbList\",\"@id\":\"https:\\\/\\\/aaknives.eu\\\/sv\\\/product\\\/kit-anordning-for-slipning-av-knivar-modell-10digital-lutningsmatareset-med-stenar-lux-dia\\\/#breadcrumb\",\"itemListElement\":[{\"@type\":\"ListItem\",\"position\":1,\"name\":\"Home\",\"item\":\"https:\\\/\\\/aaknives.eu\\\/sv\\\/\"},{\"@type\":\"ListItem\",\"position\":2,\"name\":\"Butik\",\"item\":\"https:\\\/\\\/aaknives.eu\\\/butik\\\/\"},{\"@type\":\"ListItem\",\"position\":3,\"name\":\"KIT-Anordning f\u00f6r slipning av knivar &#8220;Modell 10&#8243;+Digital lutningsm\u00e4tare+Set med stenar &#8220;lux&#8221; dia\"}]},{\"@type\":\"WebSite\",\"@id\":\"https:\\\/\\\/aaknives.eu\\\/sv\\\/#website\",\"url\":\"https:\\\/\\\/aaknives.eu\\\/sv\\\/\",\"name\":\"AAKnives\",\"description\":\"Handmade knives\",\"publisher\":{\"@id\":\"https:\\\/\\\/aaknives.eu\\\/sv\\\/#organization\"},\"potentialAction\":[{\"@type\":\"SearchAction\",\"target\":{\"@type\":\"EntryPoint\",\"urlTemplate\":\"https:\\\/\\\/aaknives.eu\\\/sv\\\/?s={search_term_string}\"},\"query-input\":{\"@type\":\"PropertyValueSpecification\",\"valueRequired\":true,\"valueName\":\"search_term_string\"}}],\"inLanguage\":\"sv-SE\"},{\"@type\":\"Organization\",\"@id\":\"https:\\\/\\\/aaknives.eu\\\/sv\\\/#organization\",\"name\":\"AAKnives\",\"url\":\"https:\\\/\\\/aaknives.eu\\\/sv\\\/\",\"logo\":{\"@type\":\"ImageObject\",\"inLanguage\":\"sv-SE\",\"@id\":\"https:\\\/\\\/aaknives.eu\\\/sv\\\/#\\\/schema\\\/logo\\\/image\\\/\",\"url\":\"https:\\\/\\\/aaknives.eu\\\/wp-content\\\/uploads\\\/2021\\\/10\\\/AAknives_Logo_Green.png\",\"contentUrl\":\"https:\\\/\\\/aaknives.eu\\\/wp-content\\\/uploads\\\/2021\\\/10\\\/AAknives_Logo_Green.png\",\"width\":1768,\"height\":1768,\"caption\":\"AAKnives\"},\"image\":{\"@id\":\"https:\\\/\\\/aaknives.eu\\\/sv\\\/#\\\/schema\\\/logo\\\/image\\\/\"},\"sameAs\":[\"https:\\\/\\\/www.facebook.com\\\/aaknives.eu\\\/\",\"https:\\\/\\\/www.instagram.com\\\/aaknives\\\/\",\"https:\\\/\\\/www.pinterest.com\\\/aa_knives\\\/\",\"https:\\\/\\\/www.youtube.com\\\/channel\\\/UCHOQFjrOkgT6s4FIw9LDKyw\\\/featured\"]}]}<\/script>\n<!-- \/ Yoast SEO plugin. -->","yoast_head_json":{"title":"KIT-Anordning f\u00f6r slipning av knivar \"Modell 10\"+Digital lutningsm\u00e4tare+Set med stenar \"lux\" dia - AAKnives","description":"Enhet f\u00f6r slipning av knivar \"Model 10\"+Digital lutningsm\u00e4tare+Set med stenar \"lux\" dia","robots":{"index":"index","follow":"follow","max-snippet":"max-snippet:-1","max-image-preview":"max-image-preview:large","max-video-preview":"max-video-preview:-1"},"canonical":"https:\/\/aaknives.eu\/sv\/product\/kit-anordning-for-slipning-av-knivar-modell-10digital-lutningsmatareset-med-stenar-lux-dia\/","og_locale":"sv_SE","og_type":"article","og_title":"KIT-Anordning f\u00f6r slipning av knivar \"Modell 10\"+Digital lutningsm\u00e4tare+Set med stenar \"lux\" dia - AAKnives","og_description":"Enhet f\u00f6r slipning av knivar \"Model 10\"+Digital lutningsm\u00e4tare+Set med stenar \"lux\" dia","og_url":"https:\/\/aaknives.eu\/sv\/product\/kit-anordning-for-slipning-av-knivar-modell-10digital-lutningsmatareset-med-stenar-lux-dia\/","og_site_name":"AAKnives","article_publisher":"https:\/\/www.facebook.com\/aaknives.eu\/","og_image":[{"width":1280,"height":1280,"url":"https:\/\/aaknives.eu\/wp-content\/uploads\/2024\/01\/aaknives-hand-forged-dabascus-steel-blade-knife-handmade-custom-made-knife-handcrafted-knives-autinetools-northmen-1-10.jpg","type":"image\/jpeg"}],"twitter_card":"summary_large_image","twitter_misc":{"Ber\u00e4knad l\u00e4stid":"2 minuter"},"schema":{"@context":"https:\/\/schema.org","@graph":[{"@type":"WebPage","@id":"https:\/\/aaknives.eu\/sv\/product\/kit-anordning-for-slipning-av-knivar-modell-10digital-lutningsmatareset-med-stenar-lux-dia\/","url":"https:\/\/aaknives.eu\/sv\/product\/kit-anordning-for-slipning-av-knivar-modell-10digital-lutningsmatareset-med-stenar-lux-dia\/","name":"KIT-Anordning f\u00f6r slipning av knivar \"Modell 10\"+Digital lutningsm\u00e4tare+Set med stenar \"lux\" dia - AAKnives","isPartOf":{"@id":"https:\/\/aaknives.eu\/sv\/#website"},"primaryImageOfPage":{"@id":"https:\/\/aaknives.eu\/sv\/product\/kit-anordning-for-slipning-av-knivar-modell-10digital-lutningsmatareset-med-stenar-lux-dia\/#primaryimage"},"image":{"@id":"https:\/\/aaknives.eu\/sv\/product\/kit-anordning-for-slipning-av-knivar-modell-10digital-lutningsmatareset-med-stenar-lux-dia\/#primaryimage"},"thumbnailUrl":"https:\/\/aaknives.eu\/wp-content\/uploads\/2024\/01\/aaknives-hand-forged-dabascus-steel-blade-knife-handmade-custom-made-knife-handcrafted-knives-autinetools-northmen-1-10.jpg","datePublished":"2024-01-04T14:30:00+00:00","description":"Enhet f\u00f6r slipning av knivar \"Model 10\"+Digital lutningsm\u00e4tare+Set med stenar \"lux\" dia","breadcrumb":{"@id":"https:\/\/aaknives.eu\/sv\/product\/kit-anordning-for-slipning-av-knivar-modell-10digital-lutningsmatareset-med-stenar-lux-dia\/#breadcrumb"},"inLanguage":"sv-SE","potentialAction":[{"@type":"ReadAction","target":["https:\/\/aaknives.eu\/sv\/product\/kit-anordning-for-slipning-av-knivar-modell-10digital-lutningsmatareset-med-stenar-lux-dia\/"]}]},{"@type":"ImageObject","inLanguage":"sv-SE","@id":"https:\/\/aaknives.eu\/sv\/product\/kit-anordning-for-slipning-av-knivar-modell-10digital-lutningsmatareset-med-stenar-lux-dia\/#primaryimage","url":"https:\/\/aaknives.eu\/wp-content\/uploads\/2024\/01\/aaknives-hand-forged-dabascus-steel-blade-knife-handmade-custom-made-knife-handcrafted-knives-autinetools-northmen-1-10.jpg","contentUrl":"https:\/\/aaknives.eu\/wp-content\/uploads\/2024\/01\/aaknives-hand-forged-dabascus-steel-blade-knife-handmade-custom-made-knife-handcrafted-knives-autinetools-northmen-1-10.jpg","width":1280,"height":1280,"caption":"aaknives hand forged dabascus steel blade knife handmade custom made knife handcrafted knives autinetools northmen 1 10"},{"@type":"BreadcrumbList","@id":"https:\/\/aaknives.eu\/sv\/product\/kit-anordning-for-slipning-av-knivar-modell-10digital-lutningsmatareset-med-stenar-lux-dia\/#breadcrumb","itemListElement":[{"@type":"ListItem","position":1,"name":"Home","item":"https:\/\/aaknives.eu\/sv\/"},{"@type":"ListItem","position":2,"name":"Butik","item":"https:\/\/aaknives.eu\/butik\/"},{"@type":"ListItem","position":3,"name":"KIT-Anordning f\u00f6r slipning av knivar &#8220;Modell 10&#8243;+Digital lutningsm\u00e4tare+Set med stenar &#8220;lux&#8221; dia"}]},{"@type":"WebSite","@id":"https:\/\/aaknives.eu\/sv\/#website","url":"https:\/\/aaknives.eu\/sv\/","name":"AAKnives","description":"Handmade knives","publisher":{"@id":"https:\/\/aaknives.eu\/sv\/#organization"},"potentialAction":[{"@type":"SearchAction","target":{"@type":"EntryPoint","urlTemplate":"https:\/\/aaknives.eu\/sv\/?s={search_term_string}"},"query-input":{"@type":"PropertyValueSpecification","valueRequired":true,"valueName":"search_term_string"}}],"inLanguage":"sv-SE"},{"@type":"Organization","@id":"https:\/\/aaknives.eu\/sv\/#organization","name":"AAKnives","url":"https:\/\/aaknives.eu\/sv\/","logo":{"@type":"ImageObject","inLanguage":"sv-SE","@id":"https:\/\/aaknives.eu\/sv\/#\/schema\/logo\/image\/","url":"https:\/\/aaknives.eu\/wp-content\/uploads\/2021\/10\/AAknives_Logo_Green.png","contentUrl":"https:\/\/aaknives.eu\/wp-content\/uploads\/2021\/10\/AAknives_Logo_Green.png","width":1768,"height":1768,"caption":"AAKnives"},"image":{"@id":"https:\/\/aaknives.eu\/sv\/#\/schema\/logo\/image\/"},"sameAs":["https:\/\/www.facebook.com\/aaknives.eu\/","https:\/\/www.instagram.com\/aaknives\/","https:\/\/www.pinterest.com\/aa_knives\/","https:\/\/www.youtube.com\/channel\/UCHOQFjrOkgT6s4FIw9LDKyw\/featured"]}]}},"_links":{"self":[{"href":"https:\/\/aaknives.eu\/sv\/wp-json\/wp\/v2\/product\/52306","targetHints":{"allow":["GET"]}}],"collection":[{"href":"https:\/\/aaknives.eu\/sv\/wp-json\/wp\/v2\/product"}],"about":[{"href":"https:\/\/aaknives.eu\/sv\/wp-json\/wp\/v2\/types\/product"}],"wp:featuredmedia":[{"embeddable":true,"href":"https:\/\/aaknives.eu\/sv\/wp-json\/wp\/v2\/media\/52307"}],"wp:attachment":[{"href":"https:\/\/aaknives.eu\/sv\/wp-json\/wp\/v2\/media?parent=52306"}],"wp:term":[{"taxonomy":"product_brand","embeddable":true,"href":"https:\/\/aaknives.eu\/sv\/wp-json\/wp\/v2\/product_brand?post=52306"},{"taxonomy":"product_cat","embeddable":true,"href":"https:\/\/aaknives.eu\/sv\/wp-json\/wp\/v2\/product_cat?post=52306"},{"taxonomy":"product_tag","embeddable":true,"href":"https:\/\/aaknives.eu\/sv\/wp-json\/wp\/v2\/product_tag?post=52306"}],"curies":[{"name":"wp","href":"https:\/\/api.w.org\/{rel}","templated":true}]}}