{"id":52393,"date":"2023-11-01T17:20:24","date_gmt":"2023-11-01T17:20:24","guid":{"rendered":"https:\/\/aaknives.eu\/product\/mini-kukri-smidd-av-hogkvalitativt-kolstal\/"},"modified":"2025-05-12T19:33:45","modified_gmt":"2025-05-12T19:33:45","slug":"small-kukri-smidd-av-hogkvalitativt-kolstal","status":"publish","type":"product","link":"https:\/\/aaknives.eu\/sv\/product\/small-kukri-smidd-av-hogkvalitativt-kolstal\/","title":{"rendered":"SMALL KUKRI &#8211; smidd av h\u00f6gkvalitativt kolst\u00e5l"},"content":{"rendered":"<p>Specifikationer f\u00f6r yxa: &#8221;SMALL KUKRI&#8221;<br \/>\nSt\u00e5l: smidd kolst\u00e5l U10<br \/>\nH\u00e5rdhet: 58-59 HRC<br \/>\nBladets l\u00e4ngd (mm): 160 \/ 6,29 tum<br \/>\nBladets tjocklek (mm): 4 \/ 1,15 tum<br \/>\nBladbredd (mm): 45 \/ 1,77 tum<br \/>\nHandtag: Afrikansk Bubinga-tr\u00e4<br \/>\nTotal l\u00e4ngd (mm): 275 \/ 10,82 tum<br \/>\nKnivtyp: jakt, utomhusbruk<br \/>\nF\u00f6rpackning: kniv, l\u00e4derh\u00f6lje<\/p>\n","protected":false},"excerpt":{"rendered":"<p>Specifikationer f\u00f6r yxa: &#8221;SMALL KUKRI&#8221; St\u00e5l: smidd kolst\u00e5l U10 H\u00e5rdhet: 58-59 HRC Bladets l\u00e4ngd (mm): 160 \/ 6,29 tum Bladets tjocklek (mm): 4 \/ 1,15 tum Bladbredd (mm): 45 \/ 1,77 tum Handtag: Afrikansk Bubinga-tr\u00e4 Total l\u00e4ngd (mm): 275 \/ 10,82 tum Knivtyp: jakt, utomhusbruk F\u00f6rpackning: kniv, l\u00e4derh\u00f6lje<\/p>\n","protected":false},"featured_media":52394,"template":"","meta":{"_themeisle_gutenberg_block_has_review":false},"product_brand":[],"product_cat":[421,420,413],"product_tag":[],"class_list":{"0":"post-52393","1":"product","2":"type-product","3":"status-publish","4":"has-post-thumbnail","6":"product_cat-axlar","7":"product_cat-full-tang-knivar","8":"product_cat-knivar-for-utomhusbruk","10":"first","11":"instock","12":"shipping-taxable","13":"purchasable","14":"product-type-simple"},"yoast_head":"<!-- This site is optimized with the Yoast SEO plugin v27.3 - https:\/\/yoast.com\/product\/yoast-seo-wordpress\/ -->\n<title>SMALL KUKRI - smidd av h\u00f6gkvalitativt kolst\u00e5l - AAKnives<\/title>\n<meta name=\"description\" content=\"CLEAVER - smidd av h\u00f6gkvalitativt kolst\u00e5l, aaknives kniv handgjord yxa specialtillverkad yxa jaktyxa handgjord yxa aaknives yxa cleaver kniv\" \/>\n<meta name=\"robots\" content=\"index, follow, max-snippet:-1, max-image-preview:large, max-video-preview:-1\" \/>\n<link rel=\"canonical\" href=\"https:\/\/aaknives.eu\/sv\/product\/small-kukri-smidd-av-hogkvalitativt-kolstal\/\" \/>\n<meta property=\"og:locale\" content=\"sv_SE\" \/>\n<meta property=\"og:type\" content=\"article\" \/>\n<meta property=\"og:title\" content=\"SMALL KUKRI - smidd av h\u00f6gkvalitativt kolst\u00e5l - AAKnives\" \/>\n<meta property=\"og:description\" content=\"CLEAVER - smidd av h\u00f6gkvalitativt kolst\u00e5l, aaknives kniv handgjord yxa specialtillverkad yxa jaktyxa handgjord yxa aaknives yxa cleaver kniv\" \/>\n<meta property=\"og:url\" content=\"https:\/\/aaknives.eu\/sv\/product\/small-kukri-smidd-av-hogkvalitativt-kolstal\/\" \/>\n<meta property=\"og:site_name\" content=\"AAKnives\" \/>\n<meta property=\"article:publisher\" content=\"https:\/\/www.facebook.com\/aaknives.eu\/\" \/>\n<meta property=\"article:modified_time\" content=\"2025-05-12T19:33:45+00:00\" \/>\n<meta property=\"og:image\" content=\"https:\/\/aaknives.eu\/wp-content\/uploads\/2023\/11\/aaknives-hand-forged-dabascus-steel-blade-knife-handmade-custom-made-knife-handcrafted-knives-autinetools-northmen-4-2.jpg\" \/>\n\t<meta property=\"og:image:width\" content=\"1020\" \/>\n\t<meta property=\"og:image:height\" content=\"880\" \/>\n\t<meta property=\"og:image:type\" content=\"image\/jpeg\" \/>\n<meta name=\"twitter:card\" content=\"summary_large_image\" \/>\n<script type=\"application\/ld+json\" class=\"yoast-schema-graph\">{\"@context\":\"https:\\\/\\\/schema.org\",\"@graph\":[{\"@type\":\"WebPage\",\"@id\":\"https:\\\/\\\/aaknives.eu\\\/sv\\\/product\\\/small-kukri-smidd-av-hogkvalitativt-kolstal\\\/\",\"url\":\"https:\\\/\\\/aaknives.eu\\\/sv\\\/product\\\/small-kukri-smidd-av-hogkvalitativt-kolstal\\\/\",\"name\":\"SMALL KUKRI - smidd av h\u00f6gkvalitativt kolst\u00e5l - AAKnives\",\"isPartOf\":{\"@id\":\"https:\\\/\\\/aaknives.eu\\\/sv\\\/#website\"},\"primaryImageOfPage\":{\"@id\":\"https:\\\/\\\/aaknives.eu\\\/sv\\\/product\\\/small-kukri-smidd-av-hogkvalitativt-kolstal\\\/#primaryimage\"},\"image\":{\"@id\":\"https:\\\/\\\/aaknives.eu\\\/sv\\\/product\\\/small-kukri-smidd-av-hogkvalitativt-kolstal\\\/#primaryimage\"},\"thumbnailUrl\":\"https:\\\/\\\/aaknives.eu\\\/wp-content\\\/uploads\\\/2023\\\/11\\\/aaknives-hand-forged-dabascus-steel-blade-knife-handmade-custom-made-knife-handcrafted-knives-autinetools-northmen-4-2.jpg\",\"datePublished\":\"2023-11-01T17:20:24+00:00\",\"dateModified\":\"2025-05-12T19:33:45+00:00\",\"description\":\"CLEAVER - smidd av h\u00f6gkvalitativt kolst\u00e5l, aaknives kniv handgjord yxa specialtillverkad yxa jaktyxa handgjord yxa aaknives yxa cleaver kniv\",\"breadcrumb\":{\"@id\":\"https:\\\/\\\/aaknives.eu\\\/sv\\\/product\\\/small-kukri-smidd-av-hogkvalitativt-kolstal\\\/#breadcrumb\"},\"inLanguage\":\"sv-SE\",\"potentialAction\":[{\"@type\":\"ReadAction\",\"target\":[\"https:\\\/\\\/aaknives.eu\\\/sv\\\/product\\\/small-kukri-smidd-av-hogkvalitativt-kolstal\\\/\"]}]},{\"@type\":\"ImageObject\",\"inLanguage\":\"sv-SE\",\"@id\":\"https:\\\/\\\/aaknives.eu\\\/sv\\\/product\\\/small-kukri-smidd-av-hogkvalitativt-kolstal\\\/#primaryimage\",\"url\":\"https:\\\/\\\/aaknives.eu\\\/wp-content\\\/uploads\\\/2023\\\/11\\\/aaknives-hand-forged-dabascus-steel-blade-knife-handmade-custom-made-knife-handcrafted-knives-autinetools-northmen-4-2.jpg\",\"contentUrl\":\"https:\\\/\\\/aaknives.eu\\\/wp-content\\\/uploads\\\/2023\\\/11\\\/aaknives-hand-forged-dabascus-steel-blade-knife-handmade-custom-made-knife-handcrafted-knives-autinetools-northmen-4-2.jpg\",\"width\":1020,\"height\":880,\"caption\":\"aaknives hand forged dabascus steel blade knife handmade custom made knife handcrafted knives autinetools northmen 4 2\"},{\"@type\":\"BreadcrumbList\",\"@id\":\"https:\\\/\\\/aaknives.eu\\\/sv\\\/product\\\/small-kukri-smidd-av-hogkvalitativt-kolstal\\\/#breadcrumb\",\"itemListElement\":[{\"@type\":\"ListItem\",\"position\":1,\"name\":\"Home\",\"item\":\"https:\\\/\\\/aaknives.eu\\\/sv\\\/\"},{\"@type\":\"ListItem\",\"position\":2,\"name\":\"Butik\",\"item\":\"https:\\\/\\\/aaknives.eu\\\/butik\\\/\"},{\"@type\":\"ListItem\",\"position\":3,\"name\":\"SMALL KUKRI &#8211; smidd av h\u00f6gkvalitativt kolst\u00e5l\"}]},{\"@type\":\"WebSite\",\"@id\":\"https:\\\/\\\/aaknives.eu\\\/sv\\\/#website\",\"url\":\"https:\\\/\\\/aaknives.eu\\\/sv\\\/\",\"name\":\"AAKnives\",\"description\":\"Handmade knives\",\"publisher\":{\"@id\":\"https:\\\/\\\/aaknives.eu\\\/sv\\\/#organization\"},\"potentialAction\":[{\"@type\":\"SearchAction\",\"target\":{\"@type\":\"EntryPoint\",\"urlTemplate\":\"https:\\\/\\\/aaknives.eu\\\/sv\\\/?s={search_term_string}\"},\"query-input\":{\"@type\":\"PropertyValueSpecification\",\"valueRequired\":true,\"valueName\":\"search_term_string\"}}],\"inLanguage\":\"sv-SE\"},{\"@type\":\"Organization\",\"@id\":\"https:\\\/\\\/aaknives.eu\\\/sv\\\/#organization\",\"name\":\"AAKnives\",\"url\":\"https:\\\/\\\/aaknives.eu\\\/sv\\\/\",\"logo\":{\"@type\":\"ImageObject\",\"inLanguage\":\"sv-SE\",\"@id\":\"https:\\\/\\\/aaknives.eu\\\/sv\\\/#\\\/schema\\\/logo\\\/image\\\/\",\"url\":\"https:\\\/\\\/aaknives.eu\\\/wp-content\\\/uploads\\\/2021\\\/10\\\/AAknives_Logo_Green.png\",\"contentUrl\":\"https:\\\/\\\/aaknives.eu\\\/wp-content\\\/uploads\\\/2021\\\/10\\\/AAknives_Logo_Green.png\",\"width\":1768,\"height\":1768,\"caption\":\"AAKnives\"},\"image\":{\"@id\":\"https:\\\/\\\/aaknives.eu\\\/sv\\\/#\\\/schema\\\/logo\\\/image\\\/\"},\"sameAs\":[\"https:\\\/\\\/www.facebook.com\\\/aaknives.eu\\\/\",\"https:\\\/\\\/www.instagram.com\\\/aaknives\\\/\",\"https:\\\/\\\/www.pinterest.com\\\/aa_knives\\\/\",\"https:\\\/\\\/www.youtube.com\\\/channel\\\/UCHOQFjrOkgT6s4FIw9LDKyw\\\/featured\"]}]}<\/script>\n<!-- \/ Yoast SEO plugin. -->","yoast_head_json":{"title":"SMALL KUKRI - smidd av h\u00f6gkvalitativt kolst\u00e5l - AAKnives","description":"CLEAVER - smidd av h\u00f6gkvalitativt kolst\u00e5l, aaknives kniv handgjord yxa specialtillverkad yxa jaktyxa handgjord yxa aaknives yxa cleaver kniv","robots":{"index":"index","follow":"follow","max-snippet":"max-snippet:-1","max-image-preview":"max-image-preview:large","max-video-preview":"max-video-preview:-1"},"canonical":"https:\/\/aaknives.eu\/sv\/product\/small-kukri-smidd-av-hogkvalitativt-kolstal\/","og_locale":"sv_SE","og_type":"article","og_title":"SMALL KUKRI - smidd av h\u00f6gkvalitativt kolst\u00e5l - AAKnives","og_description":"CLEAVER - smidd av h\u00f6gkvalitativt kolst\u00e5l, aaknives kniv handgjord yxa specialtillverkad yxa jaktyxa handgjord yxa aaknives yxa cleaver kniv","og_url":"https:\/\/aaknives.eu\/sv\/product\/small-kukri-smidd-av-hogkvalitativt-kolstal\/","og_site_name":"AAKnives","article_publisher":"https:\/\/www.facebook.com\/aaknives.eu\/","article_modified_time":"2025-05-12T19:33:45+00:00","og_image":[{"width":1020,"height":880,"url":"https:\/\/aaknives.eu\/wp-content\/uploads\/2023\/11\/aaknives-hand-forged-dabascus-steel-blade-knife-handmade-custom-made-knife-handcrafted-knives-autinetools-northmen-4-2.jpg","type":"image\/jpeg"}],"twitter_card":"summary_large_image","schema":{"@context":"https:\/\/schema.org","@graph":[{"@type":"WebPage","@id":"https:\/\/aaknives.eu\/sv\/product\/small-kukri-smidd-av-hogkvalitativt-kolstal\/","url":"https:\/\/aaknives.eu\/sv\/product\/small-kukri-smidd-av-hogkvalitativt-kolstal\/","name":"SMALL KUKRI - smidd av h\u00f6gkvalitativt kolst\u00e5l - AAKnives","isPartOf":{"@id":"https:\/\/aaknives.eu\/sv\/#website"},"primaryImageOfPage":{"@id":"https:\/\/aaknives.eu\/sv\/product\/small-kukri-smidd-av-hogkvalitativt-kolstal\/#primaryimage"},"image":{"@id":"https:\/\/aaknives.eu\/sv\/product\/small-kukri-smidd-av-hogkvalitativt-kolstal\/#primaryimage"},"thumbnailUrl":"https:\/\/aaknives.eu\/wp-content\/uploads\/2023\/11\/aaknives-hand-forged-dabascus-steel-blade-knife-handmade-custom-made-knife-handcrafted-knives-autinetools-northmen-4-2.jpg","datePublished":"2023-11-01T17:20:24+00:00","dateModified":"2025-05-12T19:33:45+00:00","description":"CLEAVER - smidd av h\u00f6gkvalitativt kolst\u00e5l, aaknives kniv handgjord yxa specialtillverkad yxa jaktyxa handgjord yxa aaknives yxa cleaver kniv","breadcrumb":{"@id":"https:\/\/aaknives.eu\/sv\/product\/small-kukri-smidd-av-hogkvalitativt-kolstal\/#breadcrumb"},"inLanguage":"sv-SE","potentialAction":[{"@type":"ReadAction","target":["https:\/\/aaknives.eu\/sv\/product\/small-kukri-smidd-av-hogkvalitativt-kolstal\/"]}]},{"@type":"ImageObject","inLanguage":"sv-SE","@id":"https:\/\/aaknives.eu\/sv\/product\/small-kukri-smidd-av-hogkvalitativt-kolstal\/#primaryimage","url":"https:\/\/aaknives.eu\/wp-content\/uploads\/2023\/11\/aaknives-hand-forged-dabascus-steel-blade-knife-handmade-custom-made-knife-handcrafted-knives-autinetools-northmen-4-2.jpg","contentUrl":"https:\/\/aaknives.eu\/wp-content\/uploads\/2023\/11\/aaknives-hand-forged-dabascus-steel-blade-knife-handmade-custom-made-knife-handcrafted-knives-autinetools-northmen-4-2.jpg","width":1020,"height":880,"caption":"aaknives hand forged dabascus steel blade knife handmade custom made knife handcrafted knives autinetools northmen 4 2"},{"@type":"BreadcrumbList","@id":"https:\/\/aaknives.eu\/sv\/product\/small-kukri-smidd-av-hogkvalitativt-kolstal\/#breadcrumb","itemListElement":[{"@type":"ListItem","position":1,"name":"Home","item":"https:\/\/aaknives.eu\/sv\/"},{"@type":"ListItem","position":2,"name":"Butik","item":"https:\/\/aaknives.eu\/butik\/"},{"@type":"ListItem","position":3,"name":"SMALL KUKRI &#8211; smidd av h\u00f6gkvalitativt kolst\u00e5l"}]},{"@type":"WebSite","@id":"https:\/\/aaknives.eu\/sv\/#website","url":"https:\/\/aaknives.eu\/sv\/","name":"AAKnives","description":"Handmade knives","publisher":{"@id":"https:\/\/aaknives.eu\/sv\/#organization"},"potentialAction":[{"@type":"SearchAction","target":{"@type":"EntryPoint","urlTemplate":"https:\/\/aaknives.eu\/sv\/?s={search_term_string}"},"query-input":{"@type":"PropertyValueSpecification","valueRequired":true,"valueName":"search_term_string"}}],"inLanguage":"sv-SE"},{"@type":"Organization","@id":"https:\/\/aaknives.eu\/sv\/#organization","name":"AAKnives","url":"https:\/\/aaknives.eu\/sv\/","logo":{"@type":"ImageObject","inLanguage":"sv-SE","@id":"https:\/\/aaknives.eu\/sv\/#\/schema\/logo\/image\/","url":"https:\/\/aaknives.eu\/wp-content\/uploads\/2021\/10\/AAknives_Logo_Green.png","contentUrl":"https:\/\/aaknives.eu\/wp-content\/uploads\/2021\/10\/AAknives_Logo_Green.png","width":1768,"height":1768,"caption":"AAKnives"},"image":{"@id":"https:\/\/aaknives.eu\/sv\/#\/schema\/logo\/image\/"},"sameAs":["https:\/\/www.facebook.com\/aaknives.eu\/","https:\/\/www.instagram.com\/aaknives\/","https:\/\/www.pinterest.com\/aa_knives\/","https:\/\/www.youtube.com\/channel\/UCHOQFjrOkgT6s4FIw9LDKyw\/featured"]}]}},"_links":{"self":[{"href":"https:\/\/aaknives.eu\/sv\/wp-json\/wp\/v2\/product\/52393","targetHints":{"allow":["GET"]}}],"collection":[{"href":"https:\/\/aaknives.eu\/sv\/wp-json\/wp\/v2\/product"}],"about":[{"href":"https:\/\/aaknives.eu\/sv\/wp-json\/wp\/v2\/types\/product"}],"wp:featuredmedia":[{"embeddable":true,"href":"https:\/\/aaknives.eu\/sv\/wp-json\/wp\/v2\/media\/52394"}],"wp:attachment":[{"href":"https:\/\/aaknives.eu\/sv\/wp-json\/wp\/v2\/media?parent=52393"}],"wp:term":[{"taxonomy":"product_brand","embeddable":true,"href":"https:\/\/aaknives.eu\/sv\/wp-json\/wp\/v2\/product_brand?post=52393"},{"taxonomy":"product_cat","embeddable":true,"href":"https:\/\/aaknives.eu\/sv\/wp-json\/wp\/v2\/product_cat?post=52393"},{"taxonomy":"product_tag","embeddable":true,"href":"https:\/\/aaknives.eu\/sv\/wp-json\/wp\/v2\/product_tag?post=52393"}],"curies":[{"name":"wp","href":"https:\/\/api.w.org\/{rel}","templated":true}]}}