{"id":52601,"date":"2023-08-10T07:53:04","date_gmt":"2023-08-10T07:53:04","guid":{"rendered":"https:\/\/aaknives.eu\/product\/grov-diamantplatta-vassare-for-styrt-falt-221-220\/"},"modified":"2023-08-10T07:53:04","modified_gmt":"2023-08-10T07:53:04","slug":"grov-diamantplatta-vassare-for-styrt-falt-221-220","status":"publish","type":"product","link":"https:\/\/aaknives.eu\/sv\/product\/grov-diamantplatta-vassare-for-styrt-falt-221-220\/","title":{"rendered":"GROV DIAMANTPLATTA &#8211; V\u00c4SSARE F\u00d6R STYRT F\u00c4LT 221\/220"},"content":{"rendered":"<p>Detta \u00e4r en direkt ers\u00e4ttning f\u00f6r den grova diamantplattan som medf\u00f6ljer Guided Field Sharpener.<\/p>\n<p>Individuell 220 kornstorlek<\/p>\n<p>Diamantplatta, 1&#8243; x 4&#8243;.<\/p>\n<p>Denna diamantplatta passar endast till Guided Field Sharpener. (WSGFS221)<\/p>\n<p>Avsedd f\u00f6r sk\u00e4rpning av WSGFS<\/p>\n","protected":false},"excerpt":{"rendered":"<p>7\/5 (kornstorlek 2500) RESINBONDED CBN STONE, <a href=\"https:\/\/hapstone.pro\/index.php?route=product\/manufacturer\/info&amp;manufacturer_id=19\">Poltava Diamond Tools (tillverkad i Ukraina<\/a>)<\/p>\n","protected":false},"featured_media":52600,"template":"","meta":{"_themeisle_gutenberg_block_has_review":false},"product_brand":[],"product_cat":[415],"product_tag":[],"class_list":{"0":"post-52601","1":"product","2":"type-product","3":"status-publish","4":"has-post-thumbnail","6":"product_cat-knivslipning-knivslipmaskiner","8":"first","9":"outofstock","10":"shipping-taxable","11":"purchasable","12":"product-type-simple"},"yoast_head":"<!-- This site is optimized with the Yoast SEO plugin v27.3 - https:\/\/yoast.com\/product\/yoast-seo-wordpress\/ -->\n<title>GROV DIAMANTPLATTA - V\u00c4SSARE F\u00d6R STYRT F\u00c4LT 221\/220 - AAKnives<\/title>\n<meta name=\"description\" content=\"GROV DIAMANTPLATTA - V\u00c4SSARE F\u00d6R STYRT F\u00c4LT 221\/220\" \/>\n<meta name=\"robots\" content=\"index, follow, max-snippet:-1, max-image-preview:large, max-video-preview:-1\" \/>\n<link rel=\"canonical\" href=\"https:\/\/aaknives.eu\/sv\/product\/grov-diamantplatta-vassare-for-styrt-falt-221-220\/\" \/>\n<meta property=\"og:locale\" content=\"sv_SE\" \/>\n<meta property=\"og:type\" content=\"article\" \/>\n<meta property=\"og:title\" content=\"GROV DIAMANTPLATTA - V\u00c4SSARE F\u00d6R STYRT F\u00c4LT 221\/220 - AAKnives\" \/>\n<meta property=\"og:description\" content=\"GROV DIAMANTPLATTA - V\u00c4SSARE F\u00d6R STYRT F\u00c4LT 221\/220\" \/>\n<meta property=\"og:url\" content=\"https:\/\/aaknives.eu\/sv\/product\/grov-diamantplatta-vassare-for-styrt-falt-221-220\/\" \/>\n<meta property=\"og:site_name\" content=\"AAKnives\" \/>\n<meta property=\"article:publisher\" content=\"https:\/\/www.facebook.com\/aaknives.eu\/\" \/>\n<meta property=\"og:image\" content=\"https:\/\/aaknives.eu\/wp-content\/uploads\/2023\/08\/1-2.jpg\" \/>\n\t<meta property=\"og:image:width\" content=\"1020\" \/>\n\t<meta property=\"og:image:height\" content=\"880\" \/>\n\t<meta property=\"og:image:type\" content=\"image\/jpeg\" \/>\n<meta name=\"twitter:card\" content=\"summary_large_image\" \/>\n<script type=\"application\/ld+json\" class=\"yoast-schema-graph\">{\"@context\":\"https:\\\/\\\/schema.org\",\"@graph\":[{\"@type\":\"WebPage\",\"@id\":\"https:\\\/\\\/aaknives.eu\\\/sv\\\/product\\\/grov-diamantplatta-vassare-for-styrt-falt-221-220\\\/\",\"url\":\"https:\\\/\\\/aaknives.eu\\\/sv\\\/product\\\/grov-diamantplatta-vassare-for-styrt-falt-221-220\\\/\",\"name\":\"GROV DIAMANTPLATTA - V\u00c4SSARE F\u00d6R STYRT F\u00c4LT 221\\\/220 - AAKnives\",\"isPartOf\":{\"@id\":\"https:\\\/\\\/aaknives.eu\\\/sv\\\/#website\"},\"primaryImageOfPage\":{\"@id\":\"https:\\\/\\\/aaknives.eu\\\/sv\\\/product\\\/grov-diamantplatta-vassare-for-styrt-falt-221-220\\\/#primaryimage\"},\"image\":{\"@id\":\"https:\\\/\\\/aaknives.eu\\\/sv\\\/product\\\/grov-diamantplatta-vassare-for-styrt-falt-221-220\\\/#primaryimage\"},\"thumbnailUrl\":\"https:\\\/\\\/aaknives.eu\\\/wp-content\\\/uploads\\\/2023\\\/08\\\/1-2.jpg\",\"datePublished\":\"2023-08-10T07:53:04+00:00\",\"description\":\"GROV DIAMANTPLATTA - V\u00c4SSARE F\u00d6R STYRT F\u00c4LT 221\\\/220\",\"breadcrumb\":{\"@id\":\"https:\\\/\\\/aaknives.eu\\\/sv\\\/product\\\/grov-diamantplatta-vassare-for-styrt-falt-221-220\\\/#breadcrumb\"},\"inLanguage\":\"sv-SE\",\"potentialAction\":[{\"@type\":\"ReadAction\",\"target\":[\"https:\\\/\\\/aaknives.eu\\\/sv\\\/product\\\/grov-diamantplatta-vassare-for-styrt-falt-221-220\\\/\"]}]},{\"@type\":\"ImageObject\",\"inLanguage\":\"sv-SE\",\"@id\":\"https:\\\/\\\/aaknives.eu\\\/sv\\\/product\\\/grov-diamantplatta-vassare-for-styrt-falt-221-220\\\/#primaryimage\",\"url\":\"https:\\\/\\\/aaknives.eu\\\/wp-content\\\/uploads\\\/2023\\\/08\\\/1-2.jpg\",\"contentUrl\":\"https:\\\/\\\/aaknives.eu\\\/wp-content\\\/uploads\\\/2023\\\/08\\\/1-2.jpg\",\"width\":1020,\"height\":880,\"caption\":\"1 2\"},{\"@type\":\"BreadcrumbList\",\"@id\":\"https:\\\/\\\/aaknives.eu\\\/sv\\\/product\\\/grov-diamantplatta-vassare-for-styrt-falt-221-220\\\/#breadcrumb\",\"itemListElement\":[{\"@type\":\"ListItem\",\"position\":1,\"name\":\"Home\",\"item\":\"https:\\\/\\\/aaknives.eu\\\/sv\\\/\"},{\"@type\":\"ListItem\",\"position\":2,\"name\":\"Butik\",\"item\":\"https:\\\/\\\/aaknives.eu\\\/butik\\\/\"},{\"@type\":\"ListItem\",\"position\":3,\"name\":\"GROV DIAMANTPLATTA &#8211; V\u00c4SSARE F\u00d6R STYRT F\u00c4LT 221\\\/220\"}]},{\"@type\":\"WebSite\",\"@id\":\"https:\\\/\\\/aaknives.eu\\\/sv\\\/#website\",\"url\":\"https:\\\/\\\/aaknives.eu\\\/sv\\\/\",\"name\":\"AAKnives\",\"description\":\"Handmade knives\",\"publisher\":{\"@id\":\"https:\\\/\\\/aaknives.eu\\\/sv\\\/#organization\"},\"potentialAction\":[{\"@type\":\"SearchAction\",\"target\":{\"@type\":\"EntryPoint\",\"urlTemplate\":\"https:\\\/\\\/aaknives.eu\\\/sv\\\/?s={search_term_string}\"},\"query-input\":{\"@type\":\"PropertyValueSpecification\",\"valueRequired\":true,\"valueName\":\"search_term_string\"}}],\"inLanguage\":\"sv-SE\"},{\"@type\":\"Organization\",\"@id\":\"https:\\\/\\\/aaknives.eu\\\/sv\\\/#organization\",\"name\":\"AAKnives\",\"url\":\"https:\\\/\\\/aaknives.eu\\\/sv\\\/\",\"logo\":{\"@type\":\"ImageObject\",\"inLanguage\":\"sv-SE\",\"@id\":\"https:\\\/\\\/aaknives.eu\\\/sv\\\/#\\\/schema\\\/logo\\\/image\\\/\",\"url\":\"https:\\\/\\\/aaknives.eu\\\/wp-content\\\/uploads\\\/2021\\\/10\\\/AAknives_Logo_Green.png\",\"contentUrl\":\"https:\\\/\\\/aaknives.eu\\\/wp-content\\\/uploads\\\/2021\\\/10\\\/AAknives_Logo_Green.png\",\"width\":1768,\"height\":1768,\"caption\":\"AAKnives\"},\"image\":{\"@id\":\"https:\\\/\\\/aaknives.eu\\\/sv\\\/#\\\/schema\\\/logo\\\/image\\\/\"},\"sameAs\":[\"https:\\\/\\\/www.facebook.com\\\/aaknives.eu\\\/\",\"https:\\\/\\\/www.instagram.com\\\/aaknives\\\/\",\"https:\\\/\\\/www.pinterest.com\\\/aa_knives\\\/\",\"https:\\\/\\\/www.youtube.com\\\/channel\\\/UCHOQFjrOkgT6s4FIw9LDKyw\\\/featured\"]}]}<\/script>\n<!-- \/ Yoast SEO plugin. -->","yoast_head_json":{"title":"GROV DIAMANTPLATTA - V\u00c4SSARE F\u00d6R STYRT F\u00c4LT 221\/220 - AAKnives","description":"GROV DIAMANTPLATTA - V\u00c4SSARE F\u00d6R STYRT F\u00c4LT 221\/220","robots":{"index":"index","follow":"follow","max-snippet":"max-snippet:-1","max-image-preview":"max-image-preview:large","max-video-preview":"max-video-preview:-1"},"canonical":"https:\/\/aaknives.eu\/sv\/product\/grov-diamantplatta-vassare-for-styrt-falt-221-220\/","og_locale":"sv_SE","og_type":"article","og_title":"GROV DIAMANTPLATTA - V\u00c4SSARE F\u00d6R STYRT F\u00c4LT 221\/220 - AAKnives","og_description":"GROV DIAMANTPLATTA - V\u00c4SSARE F\u00d6R STYRT F\u00c4LT 221\/220","og_url":"https:\/\/aaknives.eu\/sv\/product\/grov-diamantplatta-vassare-for-styrt-falt-221-220\/","og_site_name":"AAKnives","article_publisher":"https:\/\/www.facebook.com\/aaknives.eu\/","og_image":[{"width":1020,"height":880,"url":"https:\/\/aaknives.eu\/wp-content\/uploads\/2023\/08\/1-2.jpg","type":"image\/jpeg"}],"twitter_card":"summary_large_image","schema":{"@context":"https:\/\/schema.org","@graph":[{"@type":"WebPage","@id":"https:\/\/aaknives.eu\/sv\/product\/grov-diamantplatta-vassare-for-styrt-falt-221-220\/","url":"https:\/\/aaknives.eu\/sv\/product\/grov-diamantplatta-vassare-for-styrt-falt-221-220\/","name":"GROV DIAMANTPLATTA - V\u00c4SSARE F\u00d6R STYRT F\u00c4LT 221\/220 - AAKnives","isPartOf":{"@id":"https:\/\/aaknives.eu\/sv\/#website"},"primaryImageOfPage":{"@id":"https:\/\/aaknives.eu\/sv\/product\/grov-diamantplatta-vassare-for-styrt-falt-221-220\/#primaryimage"},"image":{"@id":"https:\/\/aaknives.eu\/sv\/product\/grov-diamantplatta-vassare-for-styrt-falt-221-220\/#primaryimage"},"thumbnailUrl":"https:\/\/aaknives.eu\/wp-content\/uploads\/2023\/08\/1-2.jpg","datePublished":"2023-08-10T07:53:04+00:00","description":"GROV DIAMANTPLATTA - V\u00c4SSARE F\u00d6R STYRT F\u00c4LT 221\/220","breadcrumb":{"@id":"https:\/\/aaknives.eu\/sv\/product\/grov-diamantplatta-vassare-for-styrt-falt-221-220\/#breadcrumb"},"inLanguage":"sv-SE","potentialAction":[{"@type":"ReadAction","target":["https:\/\/aaknives.eu\/sv\/product\/grov-diamantplatta-vassare-for-styrt-falt-221-220\/"]}]},{"@type":"ImageObject","inLanguage":"sv-SE","@id":"https:\/\/aaknives.eu\/sv\/product\/grov-diamantplatta-vassare-for-styrt-falt-221-220\/#primaryimage","url":"https:\/\/aaknives.eu\/wp-content\/uploads\/2023\/08\/1-2.jpg","contentUrl":"https:\/\/aaknives.eu\/wp-content\/uploads\/2023\/08\/1-2.jpg","width":1020,"height":880,"caption":"1 2"},{"@type":"BreadcrumbList","@id":"https:\/\/aaknives.eu\/sv\/product\/grov-diamantplatta-vassare-for-styrt-falt-221-220\/#breadcrumb","itemListElement":[{"@type":"ListItem","position":1,"name":"Home","item":"https:\/\/aaknives.eu\/sv\/"},{"@type":"ListItem","position":2,"name":"Butik","item":"https:\/\/aaknives.eu\/butik\/"},{"@type":"ListItem","position":3,"name":"GROV DIAMANTPLATTA &#8211; V\u00c4SSARE F\u00d6R STYRT F\u00c4LT 221\/220"}]},{"@type":"WebSite","@id":"https:\/\/aaknives.eu\/sv\/#website","url":"https:\/\/aaknives.eu\/sv\/","name":"AAKnives","description":"Handmade knives","publisher":{"@id":"https:\/\/aaknives.eu\/sv\/#organization"},"potentialAction":[{"@type":"SearchAction","target":{"@type":"EntryPoint","urlTemplate":"https:\/\/aaknives.eu\/sv\/?s={search_term_string}"},"query-input":{"@type":"PropertyValueSpecification","valueRequired":true,"valueName":"search_term_string"}}],"inLanguage":"sv-SE"},{"@type":"Organization","@id":"https:\/\/aaknives.eu\/sv\/#organization","name":"AAKnives","url":"https:\/\/aaknives.eu\/sv\/","logo":{"@type":"ImageObject","inLanguage":"sv-SE","@id":"https:\/\/aaknives.eu\/sv\/#\/schema\/logo\/image\/","url":"https:\/\/aaknives.eu\/wp-content\/uploads\/2021\/10\/AAknives_Logo_Green.png","contentUrl":"https:\/\/aaknives.eu\/wp-content\/uploads\/2021\/10\/AAknives_Logo_Green.png","width":1768,"height":1768,"caption":"AAKnives"},"image":{"@id":"https:\/\/aaknives.eu\/sv\/#\/schema\/logo\/image\/"},"sameAs":["https:\/\/www.facebook.com\/aaknives.eu\/","https:\/\/www.instagram.com\/aaknives\/","https:\/\/www.pinterest.com\/aa_knives\/","https:\/\/www.youtube.com\/channel\/UCHOQFjrOkgT6s4FIw9LDKyw\/featured"]}]}},"_links":{"self":[{"href":"https:\/\/aaknives.eu\/sv\/wp-json\/wp\/v2\/product\/52601","targetHints":{"allow":["GET"]}}],"collection":[{"href":"https:\/\/aaknives.eu\/sv\/wp-json\/wp\/v2\/product"}],"about":[{"href":"https:\/\/aaknives.eu\/sv\/wp-json\/wp\/v2\/types\/product"}],"wp:featuredmedia":[{"embeddable":true,"href":"https:\/\/aaknives.eu\/sv\/wp-json\/wp\/v2\/media\/52600"}],"wp:attachment":[{"href":"https:\/\/aaknives.eu\/sv\/wp-json\/wp\/v2\/media?parent=52601"}],"wp:term":[{"taxonomy":"product_brand","embeddable":true,"href":"https:\/\/aaknives.eu\/sv\/wp-json\/wp\/v2\/product_brand?post=52601"},{"taxonomy":"product_cat","embeddable":true,"href":"https:\/\/aaknives.eu\/sv\/wp-json\/wp\/v2\/product_cat?post=52601"},{"taxonomy":"product_tag","embeddable":true,"href":"https:\/\/aaknives.eu\/sv\/wp-json\/wp\/v2\/product_tag?post=52601"}],"curies":[{"name":"wp","href":"https:\/\/api.w.org\/{rel}","templated":true}]}}