{"id":52650,"date":"2023-07-26T16:05:31","date_gmt":"2023-07-26T16:05:31","guid":{"rendered":"https:\/\/aaknives.eu\/product\/kniv-uzbek-pchak-uzbekisk-nationalkniv-handsmidd-damaskus-stal\/"},"modified":"2023-07-26T16:05:31","modified_gmt":"2023-07-26T16:05:31","slug":"kniv-uzbek-pchak-uzbekisk-nationalkniv-handsmidd-damaskus-stal","status":"publish","type":"product","link":"https:\/\/aaknives.eu\/sv\/product\/kniv-uzbek-pchak-uzbekisk-nationalkniv-handsmidd-damaskus-stal\/","title":{"rendered":"Kniv &#8221;UZBEK-PCHAK&#8221; &#8211; uzbekisk nationalkniv, handsmidd Damaskus-st\u00e5l"},"content":{"rendered":"<p>Knivens specifikationer: &#8221;UZBEK-PCHAK&#8221;<br \/>\nSt\u00e5l: Jaktklinga i damaskusst\u00e5l, (HVG, U10, ShH15), 800 lager<br \/>\nH\u00e5rdhet: 60-61 HRC<br \/>\nBladets l\u00e4ngd (mm): 160<br \/>\nBladets tjocklek (mm): 3<br \/>\nBladbredd (mm): 35<br \/>\nHandtag: a a stabiliserad karelsk bj\u00f6rk<br \/>\nTotal l\u00e4ngd (mm): 290<\/p>\n<p>&nbsp;<\/p>\n<p>Handsmidd klinga i Damaskusst\u00e5l som skapats av ett paket st\u00e5l med olika h\u00e5rdhet och viskositet, som i en specifik ordning viks ihop till en platta. D\u00e4refter smids plattan om upprepade g\u00e5nger, tack vare vilka lager och ett unikt m\u00f6nster bildas.<br \/>\nEn sv\u00e5r teknisk process g\u00f6rs manuellt. St\u00e5l som erh\u00e5lls p\u00e5 detta s\u00e4tt k\u00e4nnetecknas av \u00f6kad h\u00e5llfasthet, h\u00f6g h\u00e5rdhet, utm\u00e4rkta sk\u00e4regenskaper och sk\u00f6nhet.<br \/>\nDamaskusblad med mer \u00e4n 450 lager.<br \/>\nPaket Damaskusst\u00e5l blad ShH15 + HVG + U10 A, termiskt uttryck 860 \u00b0 C<\/p>\n<p>F\u00f6rdelarna med knivar med Damaskusblad:<br \/>\n\u00d6kad styrka<br \/>\nH\u00f6g h\u00e5rdhet<br \/>\nUtm\u00e4rkta sk\u00e4regenskaper<br \/>\nVacker design<br \/>\nL\u00e5ngvarig sk\u00e4rpa<\/p>\n<p>Bladets h\u00e5rdhet 60-62 HRC.<br \/>\nSpecialkniv, handgjord kniv, handsmidd kniv, handsmidd blad<\/p>\n","protected":false},"excerpt":{"rendered":"<p>Knivens specifikationer: &#8221;UZBEK-PCHAK&#8221; St\u00e5l: Jaktklinga i damaskusst\u00e5l, (HVG, U10, ShH15), 800 lager H\u00e5rdhet: 60-61 HRC Bladets l\u00e4ngd (mm): 160 Bladets tjocklek (mm): 3 Bladbredd (mm): 35 Handtag: a a stabiliserad karelsk bj\u00f6rk Total l\u00e4ngd (mm): 290 &nbsp; Handsmidd klinga i Damaskusst\u00e5l som skapats av ett paket st\u00e5l med olika h\u00e5rdhet och viskositet, som i en specifik ordning viks ihop till en platta. D\u00e4refter smids plattan om upprepade g\u00e5nger, tack vare vilka lager och ett unikt m\u00f6nster bildas. En sv\u00e5r teknisk process g\u00f6rs manuellt. St\u00e5l som erh\u00e5lls p\u00e5 detta s\u00e4tt k\u00e4nnetecknas av \u00f6kad h\u00e5llfasthet, h\u00f6g h\u00e5rdhet, utm\u00e4rkta sk\u00e4regenskaper och sk\u00f6nhet. Damaskusblad&hellip;<\/p>\n","protected":false},"featured_media":52651,"template":"","meta":{"_themeisle_gutenberg_block_has_review":false},"product_brand":[],"product_cat":[423,418],"product_tag":[],"class_list":{"0":"post-52650","1":"product","2":"type-product","3":"status-publish","4":"has-post-thumbnail","6":"product_cat-koksknivar","7":"product_cat-premium-och-exklusiva-knivar","9":"first","10":"outofstock","11":"shipping-taxable","12":"purchasable","13":"product-type-simple"},"yoast_head":"<!-- This site is optimized with the Yoast SEO plugin v27.3 - https:\/\/yoast.com\/product\/yoast-seo-wordpress\/ -->\n<title>Kniv &#039;&#039;UZBEK-PCHAK&#039;&#039; - uzbekisk nationalkniv, handsmidd Damaskus-st\u00e5l - AAKnives<\/title>\n<meta name=\"description\" content=\"Kniv &#039;&#039;UZBEK-PCHAK&#039;&#039; - uzbekisk nationalkniv, handsmidd Damaskus-st\u00e5l\" \/>\n<meta name=\"robots\" content=\"index, follow, max-snippet:-1, max-image-preview:large, max-video-preview:-1\" \/>\n<link rel=\"canonical\" href=\"https:\/\/aaknives.eu\/sv\/product\/kniv-uzbek-pchak-uzbekisk-nationalkniv-handsmidd-damaskus-stal\/\" \/>\n<meta property=\"og:locale\" content=\"sv_SE\" \/>\n<meta property=\"og:type\" content=\"article\" \/>\n<meta property=\"og:title\" content=\"Kniv &#039;&#039;UZBEK-PCHAK&#039;&#039; - uzbekisk nationalkniv, handsmidd Damaskus-st\u00e5l - AAKnives\" \/>\n<meta property=\"og:description\" content=\"Kniv &#039;&#039;UZBEK-PCHAK&#039;&#039; - uzbekisk nationalkniv, handsmidd Damaskus-st\u00e5l\" \/>\n<meta property=\"og:url\" content=\"https:\/\/aaknives.eu\/sv\/product\/kniv-uzbek-pchak-uzbekisk-nationalkniv-handsmidd-damaskus-stal\/\" \/>\n<meta property=\"og:site_name\" content=\"AAKnives\" \/>\n<meta property=\"article:publisher\" content=\"https:\/\/www.facebook.com\/aaknives.eu\/\" \/>\n<meta property=\"og:image\" content=\"https:\/\/aaknives.eu\/wp-content\/uploads\/2023\/07\/aaknives-hand-forged-dabascus-steel-blade-knife-handmade-custom-made-knife-handcrafted-knives-autinetools-northmen-10-1.jpg\" \/>\n\t<meta property=\"og:image:width\" content=\"1020\" \/>\n\t<meta property=\"og:image:height\" content=\"880\" \/>\n\t<meta property=\"og:image:type\" content=\"image\/jpeg\" \/>\n<meta name=\"twitter:card\" content=\"summary_large_image\" \/>\n<meta name=\"twitter:label1\" content=\"Ber\u00e4knad l\u00e4stid\" \/>\n\t<meta name=\"twitter:data1\" content=\"1 minut\" \/>\n<script type=\"application\/ld+json\" class=\"yoast-schema-graph\">{\"@context\":\"https:\\\/\\\/schema.org\",\"@graph\":[{\"@type\":\"WebPage\",\"@id\":\"https:\\\/\\\/aaknives.eu\\\/sv\\\/product\\\/kniv-uzbek-pchak-uzbekisk-nationalkniv-handsmidd-damaskus-stal\\\/\",\"url\":\"https:\\\/\\\/aaknives.eu\\\/sv\\\/product\\\/kniv-uzbek-pchak-uzbekisk-nationalkniv-handsmidd-damaskus-stal\\\/\",\"name\":\"Kniv ''UZBEK-PCHAK'' - uzbekisk nationalkniv, handsmidd Damaskus-st\u00e5l - AAKnives\",\"isPartOf\":{\"@id\":\"https:\\\/\\\/aaknives.eu\\\/sv\\\/#website\"},\"primaryImageOfPage\":{\"@id\":\"https:\\\/\\\/aaknives.eu\\\/sv\\\/product\\\/kniv-uzbek-pchak-uzbekisk-nationalkniv-handsmidd-damaskus-stal\\\/#primaryimage\"},\"image\":{\"@id\":\"https:\\\/\\\/aaknives.eu\\\/sv\\\/product\\\/kniv-uzbek-pchak-uzbekisk-nationalkniv-handsmidd-damaskus-stal\\\/#primaryimage\"},\"thumbnailUrl\":\"https:\\\/\\\/aaknives.eu\\\/wp-content\\\/uploads\\\/2023\\\/07\\\/aaknives-hand-forged-dabascus-steel-blade-knife-handmade-custom-made-knife-handcrafted-knives-autinetools-northmen-10-1.jpg\",\"datePublished\":\"2023-07-26T16:05:31+00:00\",\"description\":\"Kniv ''UZBEK-PCHAK'' - uzbekisk nationalkniv, handsmidd Damaskus-st\u00e5l\",\"breadcrumb\":{\"@id\":\"https:\\\/\\\/aaknives.eu\\\/sv\\\/product\\\/kniv-uzbek-pchak-uzbekisk-nationalkniv-handsmidd-damaskus-stal\\\/#breadcrumb\"},\"inLanguage\":\"sv-SE\",\"potentialAction\":[{\"@type\":\"ReadAction\",\"target\":[\"https:\\\/\\\/aaknives.eu\\\/sv\\\/product\\\/kniv-uzbek-pchak-uzbekisk-nationalkniv-handsmidd-damaskus-stal\\\/\"]}]},{\"@type\":\"ImageObject\",\"inLanguage\":\"sv-SE\",\"@id\":\"https:\\\/\\\/aaknives.eu\\\/sv\\\/product\\\/kniv-uzbek-pchak-uzbekisk-nationalkniv-handsmidd-damaskus-stal\\\/#primaryimage\",\"url\":\"https:\\\/\\\/aaknives.eu\\\/wp-content\\\/uploads\\\/2023\\\/07\\\/aaknives-hand-forged-dabascus-steel-blade-knife-handmade-custom-made-knife-handcrafted-knives-autinetools-northmen-10-1.jpg\",\"contentUrl\":\"https:\\\/\\\/aaknives.eu\\\/wp-content\\\/uploads\\\/2023\\\/07\\\/aaknives-hand-forged-dabascus-steel-blade-knife-handmade-custom-made-knife-handcrafted-knives-autinetools-northmen-10-1.jpg\",\"width\":1020,\"height\":880,\"caption\":\"aaknives hand forged dabascus steel blade knife handmade custom made knife handcrafted knives autinetools northmen 10 1\"},{\"@type\":\"BreadcrumbList\",\"@id\":\"https:\\\/\\\/aaknives.eu\\\/sv\\\/product\\\/kniv-uzbek-pchak-uzbekisk-nationalkniv-handsmidd-damaskus-stal\\\/#breadcrumb\",\"itemListElement\":[{\"@type\":\"ListItem\",\"position\":1,\"name\":\"Home\",\"item\":\"https:\\\/\\\/aaknives.eu\\\/sv\\\/\"},{\"@type\":\"ListItem\",\"position\":2,\"name\":\"Butik\",\"item\":\"https:\\\/\\\/aaknives.eu\\\/butik\\\/\"},{\"@type\":\"ListItem\",\"position\":3,\"name\":\"Kniv &#8221;UZBEK-PCHAK&#8221; &#8211; uzbekisk nationalkniv, handsmidd Damaskus-st\u00e5l\"}]},{\"@type\":\"WebSite\",\"@id\":\"https:\\\/\\\/aaknives.eu\\\/sv\\\/#website\",\"url\":\"https:\\\/\\\/aaknives.eu\\\/sv\\\/\",\"name\":\"AAKnives\",\"description\":\"Handmade knives\",\"publisher\":{\"@id\":\"https:\\\/\\\/aaknives.eu\\\/sv\\\/#organization\"},\"potentialAction\":[{\"@type\":\"SearchAction\",\"target\":{\"@type\":\"EntryPoint\",\"urlTemplate\":\"https:\\\/\\\/aaknives.eu\\\/sv\\\/?s={search_term_string}\"},\"query-input\":{\"@type\":\"PropertyValueSpecification\",\"valueRequired\":true,\"valueName\":\"search_term_string\"}}],\"inLanguage\":\"sv-SE\"},{\"@type\":\"Organization\",\"@id\":\"https:\\\/\\\/aaknives.eu\\\/sv\\\/#organization\",\"name\":\"AAKnives\",\"url\":\"https:\\\/\\\/aaknives.eu\\\/sv\\\/\",\"logo\":{\"@type\":\"ImageObject\",\"inLanguage\":\"sv-SE\",\"@id\":\"https:\\\/\\\/aaknives.eu\\\/sv\\\/#\\\/schema\\\/logo\\\/image\\\/\",\"url\":\"https:\\\/\\\/aaknives.eu\\\/wp-content\\\/uploads\\\/2021\\\/10\\\/AAknives_Logo_Green.png\",\"contentUrl\":\"https:\\\/\\\/aaknives.eu\\\/wp-content\\\/uploads\\\/2021\\\/10\\\/AAknives_Logo_Green.png\",\"width\":1768,\"height\":1768,\"caption\":\"AAKnives\"},\"image\":{\"@id\":\"https:\\\/\\\/aaknives.eu\\\/sv\\\/#\\\/schema\\\/logo\\\/image\\\/\"},\"sameAs\":[\"https:\\\/\\\/www.facebook.com\\\/aaknives.eu\\\/\",\"https:\\\/\\\/www.instagram.com\\\/aaknives\\\/\",\"https:\\\/\\\/www.pinterest.com\\\/aa_knives\\\/\",\"https:\\\/\\\/www.youtube.com\\\/channel\\\/UCHOQFjrOkgT6s4FIw9LDKyw\\\/featured\"]}]}<\/script>\n<!-- \/ Yoast SEO plugin. -->","yoast_head_json":{"title":"Kniv ''UZBEK-PCHAK'' - uzbekisk nationalkniv, handsmidd Damaskus-st\u00e5l - AAKnives","description":"Kniv ''UZBEK-PCHAK'' - uzbekisk nationalkniv, handsmidd Damaskus-st\u00e5l","robots":{"index":"index","follow":"follow","max-snippet":"max-snippet:-1","max-image-preview":"max-image-preview:large","max-video-preview":"max-video-preview:-1"},"canonical":"https:\/\/aaknives.eu\/sv\/product\/kniv-uzbek-pchak-uzbekisk-nationalkniv-handsmidd-damaskus-stal\/","og_locale":"sv_SE","og_type":"article","og_title":"Kniv ''UZBEK-PCHAK'' - uzbekisk nationalkniv, handsmidd Damaskus-st\u00e5l - AAKnives","og_description":"Kniv ''UZBEK-PCHAK'' - uzbekisk nationalkniv, handsmidd Damaskus-st\u00e5l","og_url":"https:\/\/aaknives.eu\/sv\/product\/kniv-uzbek-pchak-uzbekisk-nationalkniv-handsmidd-damaskus-stal\/","og_site_name":"AAKnives","article_publisher":"https:\/\/www.facebook.com\/aaknives.eu\/","og_image":[{"width":1020,"height":880,"url":"https:\/\/aaknives.eu\/wp-content\/uploads\/2023\/07\/aaknives-hand-forged-dabascus-steel-blade-knife-handmade-custom-made-knife-handcrafted-knives-autinetools-northmen-10-1.jpg","type":"image\/jpeg"}],"twitter_card":"summary_large_image","twitter_misc":{"Ber\u00e4knad l\u00e4stid":"1 minut"},"schema":{"@context":"https:\/\/schema.org","@graph":[{"@type":"WebPage","@id":"https:\/\/aaknives.eu\/sv\/product\/kniv-uzbek-pchak-uzbekisk-nationalkniv-handsmidd-damaskus-stal\/","url":"https:\/\/aaknives.eu\/sv\/product\/kniv-uzbek-pchak-uzbekisk-nationalkniv-handsmidd-damaskus-stal\/","name":"Kniv ''UZBEK-PCHAK'' - uzbekisk nationalkniv, handsmidd Damaskus-st\u00e5l - AAKnives","isPartOf":{"@id":"https:\/\/aaknives.eu\/sv\/#website"},"primaryImageOfPage":{"@id":"https:\/\/aaknives.eu\/sv\/product\/kniv-uzbek-pchak-uzbekisk-nationalkniv-handsmidd-damaskus-stal\/#primaryimage"},"image":{"@id":"https:\/\/aaknives.eu\/sv\/product\/kniv-uzbek-pchak-uzbekisk-nationalkniv-handsmidd-damaskus-stal\/#primaryimage"},"thumbnailUrl":"https:\/\/aaknives.eu\/wp-content\/uploads\/2023\/07\/aaknives-hand-forged-dabascus-steel-blade-knife-handmade-custom-made-knife-handcrafted-knives-autinetools-northmen-10-1.jpg","datePublished":"2023-07-26T16:05:31+00:00","description":"Kniv ''UZBEK-PCHAK'' - uzbekisk nationalkniv, handsmidd Damaskus-st\u00e5l","breadcrumb":{"@id":"https:\/\/aaknives.eu\/sv\/product\/kniv-uzbek-pchak-uzbekisk-nationalkniv-handsmidd-damaskus-stal\/#breadcrumb"},"inLanguage":"sv-SE","potentialAction":[{"@type":"ReadAction","target":["https:\/\/aaknives.eu\/sv\/product\/kniv-uzbek-pchak-uzbekisk-nationalkniv-handsmidd-damaskus-stal\/"]}]},{"@type":"ImageObject","inLanguage":"sv-SE","@id":"https:\/\/aaknives.eu\/sv\/product\/kniv-uzbek-pchak-uzbekisk-nationalkniv-handsmidd-damaskus-stal\/#primaryimage","url":"https:\/\/aaknives.eu\/wp-content\/uploads\/2023\/07\/aaknives-hand-forged-dabascus-steel-blade-knife-handmade-custom-made-knife-handcrafted-knives-autinetools-northmen-10-1.jpg","contentUrl":"https:\/\/aaknives.eu\/wp-content\/uploads\/2023\/07\/aaknives-hand-forged-dabascus-steel-blade-knife-handmade-custom-made-knife-handcrafted-knives-autinetools-northmen-10-1.jpg","width":1020,"height":880,"caption":"aaknives hand forged dabascus steel blade knife handmade custom made knife handcrafted knives autinetools northmen 10 1"},{"@type":"BreadcrumbList","@id":"https:\/\/aaknives.eu\/sv\/product\/kniv-uzbek-pchak-uzbekisk-nationalkniv-handsmidd-damaskus-stal\/#breadcrumb","itemListElement":[{"@type":"ListItem","position":1,"name":"Home","item":"https:\/\/aaknives.eu\/sv\/"},{"@type":"ListItem","position":2,"name":"Butik","item":"https:\/\/aaknives.eu\/butik\/"},{"@type":"ListItem","position":3,"name":"Kniv &#8221;UZBEK-PCHAK&#8221; &#8211; uzbekisk nationalkniv, handsmidd Damaskus-st\u00e5l"}]},{"@type":"WebSite","@id":"https:\/\/aaknives.eu\/sv\/#website","url":"https:\/\/aaknives.eu\/sv\/","name":"AAKnives","description":"Handmade knives","publisher":{"@id":"https:\/\/aaknives.eu\/sv\/#organization"},"potentialAction":[{"@type":"SearchAction","target":{"@type":"EntryPoint","urlTemplate":"https:\/\/aaknives.eu\/sv\/?s={search_term_string}"},"query-input":{"@type":"PropertyValueSpecification","valueRequired":true,"valueName":"search_term_string"}}],"inLanguage":"sv-SE"},{"@type":"Organization","@id":"https:\/\/aaknives.eu\/sv\/#organization","name":"AAKnives","url":"https:\/\/aaknives.eu\/sv\/","logo":{"@type":"ImageObject","inLanguage":"sv-SE","@id":"https:\/\/aaknives.eu\/sv\/#\/schema\/logo\/image\/","url":"https:\/\/aaknives.eu\/wp-content\/uploads\/2021\/10\/AAknives_Logo_Green.png","contentUrl":"https:\/\/aaknives.eu\/wp-content\/uploads\/2021\/10\/AAknives_Logo_Green.png","width":1768,"height":1768,"caption":"AAKnives"},"image":{"@id":"https:\/\/aaknives.eu\/sv\/#\/schema\/logo\/image\/"},"sameAs":["https:\/\/www.facebook.com\/aaknives.eu\/","https:\/\/www.instagram.com\/aaknives\/","https:\/\/www.pinterest.com\/aa_knives\/","https:\/\/www.youtube.com\/channel\/UCHOQFjrOkgT6s4FIw9LDKyw\/featured"]}]}},"_links":{"self":[{"href":"https:\/\/aaknives.eu\/sv\/wp-json\/wp\/v2\/product\/52650","targetHints":{"allow":["GET"]}}],"collection":[{"href":"https:\/\/aaknives.eu\/sv\/wp-json\/wp\/v2\/product"}],"about":[{"href":"https:\/\/aaknives.eu\/sv\/wp-json\/wp\/v2\/types\/product"}],"wp:featuredmedia":[{"embeddable":true,"href":"https:\/\/aaknives.eu\/sv\/wp-json\/wp\/v2\/media\/52651"}],"wp:attachment":[{"href":"https:\/\/aaknives.eu\/sv\/wp-json\/wp\/v2\/media?parent=52650"}],"wp:term":[{"taxonomy":"product_brand","embeddable":true,"href":"https:\/\/aaknives.eu\/sv\/wp-json\/wp\/v2\/product_brand?post=52650"},{"taxonomy":"product_cat","embeddable":true,"href":"https:\/\/aaknives.eu\/sv\/wp-json\/wp\/v2\/product_cat?post=52650"},{"taxonomy":"product_tag","embeddable":true,"href":"https:\/\/aaknives.eu\/sv\/wp-json\/wp\/v2\/product_tag?post=52650"}],"curies":[{"name":"wp","href":"https:\/\/api.w.org\/{rel}","templated":true}]}}