{"id":52748,"date":"2023-02-08T20:02:45","date_gmt":"2023-02-08T20:02:45","guid":{"rendered":"https:\/\/aaknives.eu\/product\/tanto-bamboo-kniv-i-damaskusstal\/"},"modified":"2023-02-08T20:02:45","modified_gmt":"2023-02-08T20:02:45","slug":"tanto-bamboo-kniv-i-damaskusstal","status":"publish","type":"product","link":"https:\/\/aaknives.eu\/sv\/product\/tanto-bamboo-kniv-i-damaskusstal\/","title":{"rendered":"&#8220;TANTO-BAMBOO&#8221;, kniv i Damaskusst\u00e5l"},"content":{"rendered":"<p>Specifikationer f\u00f6r knivar: &#8220;Tanto-Bambu&#8221;<br \/>\nSt\u00e5l: Kniv i Damaskusst\u00e5l (HVG, U10, ShH15 ) 800 lager<br \/>\nH\u00e5rdhet: 61 HRC<br \/>\nBladets l\u00e4ngd (mm): 170<br \/>\nBladets tjocklek (mm): 3<br \/>\nBladets bredd (mm): 27<br \/>\nHandtag: Stabiliserad kalerisk bj\u00f6rk<br \/>\nTotal l\u00e4ngd (mm): 320<br \/>\nKnivtyp: jakt, utomhusbruk<br \/>\nF\u00f6rpackning: kniv, slida av tr\u00e4<\/p>\n<p>&nbsp;<\/p>\n<p>Handsmidd Damaskusst\u00e5l som skapas av ett paket st\u00e5l med olika h\u00e5rdhet och viskositet, som viks till en platta i en specifik ordning. D\u00e4refter smids plattan om upprepade g\u00e5nger, tack vare vilka lager och ett unikt m\u00f6nster bildas.<br \/>\nEn sv\u00e5r teknisk process g\u00f6rs manuellt. St\u00e5l som erh\u00e5lls p\u00e5 detta s\u00e4tt k\u00e4nnetecknas av \u00f6kad h\u00e5llfasthet, h\u00f6g h\u00e5rdhet, utm\u00e4rkta sk\u00e4regenskaper och sk\u00f6nhet.<br \/>\nDamaskusst\u00e5l med mer \u00e4n 700-1000 lager.<br \/>\nPaket damask st\u00e5l ShH15 + HVG + U10A, termiskt uttryck 860 \u00b0 C<\/p>\n<p>F\u00f6rdelarna med knivar av Damaskusst\u00e5l:<br \/>\n\u00d6kad styrka<br \/>\nH\u00f6g h\u00e5rdhet<br \/>\nUtm\u00e4rkta sk\u00e4regenskaper<br \/>\nVacker design<br \/>\nL\u00e5ngvarig sk\u00e4rpa<\/p>\n<p>Bladets h\u00e5rdhet 60-62 HRC.<br \/>\nHandgjord<\/p>\n<p>Anv\u00e4ndning och sk\u00f6tsel av Damaskusst\u00e5l<\/p>\n<p>&nbsp;<\/p>\n<p>Damaskusst\u00e5l \u00e4r allm\u00e4nt k\u00e4nt som en av de mest h\u00e5llbara knivar som j\u00e4gare, sportfiskare och friluftsentusiaster v\u00e4ljer f\u00f6r sina behov.<\/p>\n<p>Damaskusst\u00e5len som AA Knives erbjuder \u00e4r smidda av tre olika st\u00e5l, vilket ger ett material med ett v\u00e4lk\u00e4nt och unikt m\u00f6nster som kombinerar de tre positiva egenskaperna hos de st\u00e5l som anv\u00e4nds &#8211; styrka, flexibilitet och f\u00f6rm\u00e5ga att beh\u00e5lla sk\u00e4rpan under l\u00e5ng tid. P\u00e5 grund av sin \u00f6verl\u00e4gsna sk\u00e4rf\u00f6rm\u00e5ga anses detta st\u00e5l ofta \u00f6vertr\u00e4ffa produkter av rostfritt st\u00e5l, eftersom bladet skapar en mikros\u00e5gliknande yta som \u00e4r unik f\u00f6r material av flera st\u00e5l som smitts samman. Eftersom Damaskus-st\u00e5l \u00e4r ett av de mest rostbest\u00e4ndiga st\u00e5len \u00e4r det s\u00e4rskilt viktigt att komma ih\u00e5g att ta hand om det p\u00e5 r\u00e4tt s\u00e4tt.<\/p>\n<p>Precis som ett vapen som tas hem fr\u00e5n en regnig jakt &#8211; inte torkat och inte rengjort &#8211; ingen omedelbart l\u00e4gger det i kassask\u00e5pet, p\u00e5 samma s\u00e4tt m\u00e5ste du ta hand om din kniv, som uppfyller en mycket viktigare uppgift \u00e4n ett vapen under jaktprocessen. Efter anv\u00e4ndning ska Damaskusst\u00e5lkniven torkas noggrant, reng\u00f6ras fr\u00e5n smuts och torkas, s\u00e5 att den inte f\u00e5r fukt under f\u00f6rvaringen, vilket kan orsaka rost med tiden, och du f\u00e5r inte gl\u00f6mma att olja in den. Det \u00e4r inte n\u00f6dv\u00e4ndigt att k\u00f6pa professionella skyddsmaterial f\u00f6r detta \u00e4ndam\u00e5l, vilken matolja som helst som finns i k\u00f6ket kommer ocks\u00e5 att vara anv\u00e4ndbar h\u00e4r, eftersom jaktkniven n\u00e4stan alltid kommer i kontakt med k\u00f6tt och andra livsmedelsprodukter, s\u00e5 anv\u00e4ndningen av mekanisk olja f\u00f6r att skydda kniven rekommenderas inte. Gl\u00f6m inte heller regelbunden sk\u00e4rpning och korrigering.<\/p>\n<p>Men det h\u00e4nder alla att de gl\u00f6mmer en nyanv\u00e4nd kniv i bilen eller l\u00e4ngst ner i v\u00e4skan, och n\u00e4r den har legat d\u00e4r ett tag har det dykt upp m\u00f6rka fl\u00e4ckar p\u00e5 bladet &#8211; de f\u00f6rsta tecknen p\u00e5 rost. Men ska man ge upp sitt favoritverktyg f\u00f6r det? Inte alls! F\u00f6r att g\u00f6ra det \u00e4nnu b\u00e4ttre kan du k\u00f6pa det finaste sandpapperet (P2 000 &#8211; 2 500) i en j\u00e4rnaff\u00e4r och gnugga bladet l\u00e4tt f\u00f6r att f\u00e5 bort rostfl\u00e4ckarna.<\/p>\n<p>Man b\u00f6r komma ih\u00e5g att kniven h\u00e5ller l\u00e4ngre och utf\u00f6r sin uppgift b\u00e4ttre i arbetsprocessen om du kan hitta en kort stund varje dag f\u00f6r korrekt sk\u00f6tsel, men om sk\u00f6tselaspekterna fortfarande verkar oklara efter att du har k\u00f6pt en kniv, kommer AA Knives inte att neka r\u00e5d f\u00f6r att g\u00f6ra arbetet med en kniv bekv\u00e4mt och trevligt.<\/p>\n<p>&nbsp;<\/p>\n","protected":false},"excerpt":{"rendered":"<p>Specifikationer f\u00f6r knivar: &#8220;Tanto-Bambu&#8221; St\u00e5l: Kniv i Damaskusst\u00e5l (HVG, U10, ShH15 ) 800 lager H\u00e5rdhet: 61 HRC Bladets l\u00e4ngd (mm): 170 Bladets tjocklek (mm): 3 Bladets bredd (mm): 27 Handtag: Stabiliserad kalerisk bj\u00f6rk Total l\u00e4ngd (mm): 320 Knivtyp: jakt, utomhusbruk F\u00f6rpackning: kniv, slida av tr\u00e4 &nbsp; Handsmidd Damaskusst\u00e5l som skapas av ett paket st\u00e5l med olika h\u00e5rdhet och viskositet, som viks till en platta i en specifik ordning. D\u00e4refter smids plattan om upprepade g\u00e5nger, tack vare vilka lager och ett unikt m\u00f6nster bildas. En sv\u00e5r teknisk process g\u00f6rs manuellt. St\u00e5l som erh\u00e5lls p\u00e5 detta s\u00e4tt k\u00e4nnetecknas av \u00f6kad h\u00e5llfasthet, h\u00f6g&hellip;<\/p>\n","protected":false},"featured_media":68562,"template":"","meta":{"_themeisle_gutenberg_block_has_review":false},"product_brand":[],"product_cat":[413,418],"product_tag":[],"class_list":{"0":"post-52748","1":"product","2":"type-product","3":"status-publish","4":"has-post-thumbnail","6":"product_cat-knivar-for-utomhusbruk","7":"product_cat-premium-och-exklusiva-knivar","9":"first","10":"instock","11":"featured","12":"shipping-taxable","13":"purchasable","14":"product-type-simple"},"yoast_head":"<!-- This site is optimized with the Yoast SEO plugin v27.3 - https:\/\/yoast.com\/product\/yoast-seo-wordpress\/ -->\n<title>&quot;TANTO-BAMBOO&quot;, kniv i Damaskusst\u00e5l - AAKnives<\/title>\n<meta name=\"description\" content=\"&quot;TANTO-BAMBOO&quot;, kniv i damaskusst\u00e5l, exklusiv kniv, presentkniv, damaskuskniv, tantokniv, damaskusst\u00e5l, aaknives kniv, handgjord kniv\" \/>\n<meta name=\"robots\" content=\"index, follow, max-snippet:-1, max-image-preview:large, max-video-preview:-1\" \/>\n<link rel=\"canonical\" href=\"https:\/\/aaknives.eu\/sv\/product\/tanto-bamboo-kniv-i-damaskusstal\/\" \/>\n<meta property=\"og:locale\" content=\"sv_SE\" \/>\n<meta property=\"og:type\" content=\"article\" \/>\n<meta property=\"og:title\" content=\"&quot;TANTO-BAMBOO&quot;, kniv i Damaskusst\u00e5l - AAKnives\" \/>\n<meta property=\"og:description\" content=\"&quot;TANTO-BAMBOO&quot;, kniv i damaskusst\u00e5l, exklusiv kniv, presentkniv, damaskuskniv, tantokniv, damaskusst\u00e5l, aaknives kniv, handgjord kniv\" \/>\n<meta property=\"og:url\" content=\"https:\/\/aaknives.eu\/sv\/product\/tanto-bamboo-kniv-i-damaskusstal\/\" \/>\n<meta property=\"og:site_name\" content=\"AAKnives\" \/>\n<meta property=\"article:publisher\" content=\"https:\/\/www.facebook.com\/aaknives.eu\/\" \/>\n<meta property=\"og:image\" content=\"https:\/\/aaknives.eu\/wp-content\/uploads\/2023\/02\/aaknives-hand-forged-dabascus-steel-blade-knife-handmade-custom-made-knife-handcrafted-knives-autinetools-northmen-5-2.jpg\" \/>\n\t<meta property=\"og:image:width\" content=\"1020\" \/>\n\t<meta property=\"og:image:height\" content=\"880\" \/>\n\t<meta property=\"og:image:type\" content=\"image\/jpeg\" \/>\n<meta name=\"twitter:card\" content=\"summary_large_image\" \/>\n<meta name=\"twitter:label1\" content=\"Ber\u00e4knad l\u00e4stid\" \/>\n\t<meta name=\"twitter:data1\" content=\"3 minuter\" \/>\n<script type=\"application\/ld+json\" class=\"yoast-schema-graph\">{\"@context\":\"https:\\\/\\\/schema.org\",\"@graph\":[{\"@type\":\"WebPage\",\"@id\":\"https:\\\/\\\/aaknives.eu\\\/sv\\\/product\\\/tanto-bamboo-kniv-i-damaskusstal\\\/\",\"url\":\"https:\\\/\\\/aaknives.eu\\\/sv\\\/product\\\/tanto-bamboo-kniv-i-damaskusstal\\\/\",\"name\":\"\\\"TANTO-BAMBOO\\\", kniv i Damaskusst\u00e5l - AAKnives\",\"isPartOf\":{\"@id\":\"https:\\\/\\\/aaknives.eu\\\/sv\\\/#website\"},\"primaryImageOfPage\":{\"@id\":\"https:\\\/\\\/aaknives.eu\\\/sv\\\/product\\\/tanto-bamboo-kniv-i-damaskusstal\\\/#primaryimage\"},\"image\":{\"@id\":\"https:\\\/\\\/aaknives.eu\\\/sv\\\/product\\\/tanto-bamboo-kniv-i-damaskusstal\\\/#primaryimage\"},\"thumbnailUrl\":\"https:\\\/\\\/aaknives.eu\\\/wp-content\\\/uploads\\\/2023\\\/02\\\/aaknives-hand-forged-dabascus-steel-blade-knife-handmade-custom-made-knife-handcrafted-knives-autinetools-northmen-11.2.jpg\",\"datePublished\":\"2023-02-08T20:02:45+00:00\",\"description\":\"\\\"TANTO-BAMBOO\\\", kniv i damaskusst\u00e5l, exklusiv kniv, presentkniv, damaskuskniv, tantokniv, damaskusst\u00e5l, aaknives kniv, handgjord kniv\",\"breadcrumb\":{\"@id\":\"https:\\\/\\\/aaknives.eu\\\/sv\\\/product\\\/tanto-bamboo-kniv-i-damaskusstal\\\/#breadcrumb\"},\"inLanguage\":\"sv-SE\",\"potentialAction\":[{\"@type\":\"ReadAction\",\"target\":[\"https:\\\/\\\/aaknives.eu\\\/sv\\\/product\\\/tanto-bamboo-kniv-i-damaskusstal\\\/\"]}]},{\"@type\":\"ImageObject\",\"inLanguage\":\"sv-SE\",\"@id\":\"https:\\\/\\\/aaknives.eu\\\/sv\\\/product\\\/tanto-bamboo-kniv-i-damaskusstal\\\/#primaryimage\",\"url\":\"https:\\\/\\\/aaknives.eu\\\/wp-content\\\/uploads\\\/2023\\\/02\\\/aaknives-hand-forged-dabascus-steel-blade-knife-handmade-custom-made-knife-handcrafted-knives-autinetools-northmen-11.2.jpg\",\"contentUrl\":\"https:\\\/\\\/aaknives.eu\\\/wp-content\\\/uploads\\\/2023\\\/02\\\/aaknives-hand-forged-dabascus-steel-blade-knife-handmade-custom-made-knife-handcrafted-knives-autinetools-northmen-11.2.jpg\",\"width\":1020,\"height\":880},{\"@type\":\"BreadcrumbList\",\"@id\":\"https:\\\/\\\/aaknives.eu\\\/sv\\\/product\\\/tanto-bamboo-kniv-i-damaskusstal\\\/#breadcrumb\",\"itemListElement\":[{\"@type\":\"ListItem\",\"position\":1,\"name\":\"Home\",\"item\":\"https:\\\/\\\/aaknives.eu\\\/sv\\\/\"},{\"@type\":\"ListItem\",\"position\":2,\"name\":\"Butik\",\"item\":\"https:\\\/\\\/aaknives.eu\\\/butik\\\/\"},{\"@type\":\"ListItem\",\"position\":3,\"name\":\"&#8220;TANTO-BAMBOO&#8221;, kniv i Damaskusst\u00e5l\"}]},{\"@type\":\"WebSite\",\"@id\":\"https:\\\/\\\/aaknives.eu\\\/sv\\\/#website\",\"url\":\"https:\\\/\\\/aaknives.eu\\\/sv\\\/\",\"name\":\"AAKnives\",\"description\":\"Handmade knives\",\"publisher\":{\"@id\":\"https:\\\/\\\/aaknives.eu\\\/sv\\\/#organization\"},\"potentialAction\":[{\"@type\":\"SearchAction\",\"target\":{\"@type\":\"EntryPoint\",\"urlTemplate\":\"https:\\\/\\\/aaknives.eu\\\/sv\\\/?s={search_term_string}\"},\"query-input\":{\"@type\":\"PropertyValueSpecification\",\"valueRequired\":true,\"valueName\":\"search_term_string\"}}],\"inLanguage\":\"sv-SE\"},{\"@type\":\"Organization\",\"@id\":\"https:\\\/\\\/aaknives.eu\\\/sv\\\/#organization\",\"name\":\"AAKnives\",\"url\":\"https:\\\/\\\/aaknives.eu\\\/sv\\\/\",\"logo\":{\"@type\":\"ImageObject\",\"inLanguage\":\"sv-SE\",\"@id\":\"https:\\\/\\\/aaknives.eu\\\/sv\\\/#\\\/schema\\\/logo\\\/image\\\/\",\"url\":\"https:\\\/\\\/aaknives.eu\\\/wp-content\\\/uploads\\\/2021\\\/10\\\/AAknives_Logo_Green.png\",\"contentUrl\":\"https:\\\/\\\/aaknives.eu\\\/wp-content\\\/uploads\\\/2021\\\/10\\\/AAknives_Logo_Green.png\",\"width\":1768,\"height\":1768,\"caption\":\"AAKnives\"},\"image\":{\"@id\":\"https:\\\/\\\/aaknives.eu\\\/sv\\\/#\\\/schema\\\/logo\\\/image\\\/\"},\"sameAs\":[\"https:\\\/\\\/www.facebook.com\\\/aaknives.eu\\\/\",\"https:\\\/\\\/www.instagram.com\\\/aaknives\\\/\",\"https:\\\/\\\/www.pinterest.com\\\/aa_knives\\\/\",\"https:\\\/\\\/www.youtube.com\\\/channel\\\/UCHOQFjrOkgT6s4FIw9LDKyw\\\/featured\"]}]}<\/script>\n<!-- \/ Yoast SEO plugin. -->","yoast_head_json":{"title":"\"TANTO-BAMBOO\", kniv i Damaskusst\u00e5l - AAKnives","description":"\"TANTO-BAMBOO\", kniv i damaskusst\u00e5l, exklusiv kniv, presentkniv, damaskuskniv, tantokniv, damaskusst\u00e5l, aaknives kniv, handgjord kniv","robots":{"index":"index","follow":"follow","max-snippet":"max-snippet:-1","max-image-preview":"max-image-preview:large","max-video-preview":"max-video-preview:-1"},"canonical":"https:\/\/aaknives.eu\/sv\/product\/tanto-bamboo-kniv-i-damaskusstal\/","og_locale":"sv_SE","og_type":"article","og_title":"\"TANTO-BAMBOO\", kniv i Damaskusst\u00e5l - AAKnives","og_description":"\"TANTO-BAMBOO\", kniv i damaskusst\u00e5l, exklusiv kniv, presentkniv, damaskuskniv, tantokniv, damaskusst\u00e5l, aaknives kniv, handgjord kniv","og_url":"https:\/\/aaknives.eu\/sv\/product\/tanto-bamboo-kniv-i-damaskusstal\/","og_site_name":"AAKnives","article_publisher":"https:\/\/www.facebook.com\/aaknives.eu\/","og_image":[{"width":1020,"height":880,"url":"https:\/\/aaknives.eu\/wp-content\/uploads\/2023\/02\/aaknives-hand-forged-dabascus-steel-blade-knife-handmade-custom-made-knife-handcrafted-knives-autinetools-northmen-5-2.jpg","type":"image\/jpeg"}],"twitter_card":"summary_large_image","twitter_misc":{"Ber\u00e4knad l\u00e4stid":"3 minuter"},"schema":{"@context":"https:\/\/schema.org","@graph":[{"@type":"WebPage","@id":"https:\/\/aaknives.eu\/sv\/product\/tanto-bamboo-kniv-i-damaskusstal\/","url":"https:\/\/aaknives.eu\/sv\/product\/tanto-bamboo-kniv-i-damaskusstal\/","name":"\"TANTO-BAMBOO\", kniv i Damaskusst\u00e5l - AAKnives","isPartOf":{"@id":"https:\/\/aaknives.eu\/sv\/#website"},"primaryImageOfPage":{"@id":"https:\/\/aaknives.eu\/sv\/product\/tanto-bamboo-kniv-i-damaskusstal\/#primaryimage"},"image":{"@id":"https:\/\/aaknives.eu\/sv\/product\/tanto-bamboo-kniv-i-damaskusstal\/#primaryimage"},"thumbnailUrl":"https:\/\/aaknives.eu\/wp-content\/uploads\/2023\/02\/aaknives-hand-forged-dabascus-steel-blade-knife-handmade-custom-made-knife-handcrafted-knives-autinetools-northmen-11.2.jpg","datePublished":"2023-02-08T20:02:45+00:00","description":"\"TANTO-BAMBOO\", kniv i damaskusst\u00e5l, exklusiv kniv, presentkniv, damaskuskniv, tantokniv, damaskusst\u00e5l, aaknives kniv, handgjord kniv","breadcrumb":{"@id":"https:\/\/aaknives.eu\/sv\/product\/tanto-bamboo-kniv-i-damaskusstal\/#breadcrumb"},"inLanguage":"sv-SE","potentialAction":[{"@type":"ReadAction","target":["https:\/\/aaknives.eu\/sv\/product\/tanto-bamboo-kniv-i-damaskusstal\/"]}]},{"@type":"ImageObject","inLanguage":"sv-SE","@id":"https:\/\/aaknives.eu\/sv\/product\/tanto-bamboo-kniv-i-damaskusstal\/#primaryimage","url":"https:\/\/aaknives.eu\/wp-content\/uploads\/2023\/02\/aaknives-hand-forged-dabascus-steel-blade-knife-handmade-custom-made-knife-handcrafted-knives-autinetools-northmen-11.2.jpg","contentUrl":"https:\/\/aaknives.eu\/wp-content\/uploads\/2023\/02\/aaknives-hand-forged-dabascus-steel-blade-knife-handmade-custom-made-knife-handcrafted-knives-autinetools-northmen-11.2.jpg","width":1020,"height":880},{"@type":"BreadcrumbList","@id":"https:\/\/aaknives.eu\/sv\/product\/tanto-bamboo-kniv-i-damaskusstal\/#breadcrumb","itemListElement":[{"@type":"ListItem","position":1,"name":"Home","item":"https:\/\/aaknives.eu\/sv\/"},{"@type":"ListItem","position":2,"name":"Butik","item":"https:\/\/aaknives.eu\/butik\/"},{"@type":"ListItem","position":3,"name":"&#8220;TANTO-BAMBOO&#8221;, kniv i Damaskusst\u00e5l"}]},{"@type":"WebSite","@id":"https:\/\/aaknives.eu\/sv\/#website","url":"https:\/\/aaknives.eu\/sv\/","name":"AAKnives","description":"Handmade knives","publisher":{"@id":"https:\/\/aaknives.eu\/sv\/#organization"},"potentialAction":[{"@type":"SearchAction","target":{"@type":"EntryPoint","urlTemplate":"https:\/\/aaknives.eu\/sv\/?s={search_term_string}"},"query-input":{"@type":"PropertyValueSpecification","valueRequired":true,"valueName":"search_term_string"}}],"inLanguage":"sv-SE"},{"@type":"Organization","@id":"https:\/\/aaknives.eu\/sv\/#organization","name":"AAKnives","url":"https:\/\/aaknives.eu\/sv\/","logo":{"@type":"ImageObject","inLanguage":"sv-SE","@id":"https:\/\/aaknives.eu\/sv\/#\/schema\/logo\/image\/","url":"https:\/\/aaknives.eu\/wp-content\/uploads\/2021\/10\/AAknives_Logo_Green.png","contentUrl":"https:\/\/aaknives.eu\/wp-content\/uploads\/2021\/10\/AAknives_Logo_Green.png","width":1768,"height":1768,"caption":"AAKnives"},"image":{"@id":"https:\/\/aaknives.eu\/sv\/#\/schema\/logo\/image\/"},"sameAs":["https:\/\/www.facebook.com\/aaknives.eu\/","https:\/\/www.instagram.com\/aaknives\/","https:\/\/www.pinterest.com\/aa_knives\/","https:\/\/www.youtube.com\/channel\/UCHOQFjrOkgT6s4FIw9LDKyw\/featured"]}]}},"_links":{"self":[{"href":"https:\/\/aaknives.eu\/sv\/wp-json\/wp\/v2\/product\/52748","targetHints":{"allow":["GET"]}}],"collection":[{"href":"https:\/\/aaknives.eu\/sv\/wp-json\/wp\/v2\/product"}],"about":[{"href":"https:\/\/aaknives.eu\/sv\/wp-json\/wp\/v2\/types\/product"}],"wp:featuredmedia":[{"embeddable":true,"href":"https:\/\/aaknives.eu\/sv\/wp-json\/wp\/v2\/media\/68562"}],"wp:attachment":[{"href":"https:\/\/aaknives.eu\/sv\/wp-json\/wp\/v2\/media?parent=52748"}],"wp:term":[{"taxonomy":"product_brand","embeddable":true,"href":"https:\/\/aaknives.eu\/sv\/wp-json\/wp\/v2\/product_brand?post=52748"},{"taxonomy":"product_cat","embeddable":true,"href":"https:\/\/aaknives.eu\/sv\/wp-json\/wp\/v2\/product_cat?post=52748"},{"taxonomy":"product_tag","embeddable":true,"href":"https:\/\/aaknives.eu\/sv\/wp-json\/wp\/v2\/product_tag?post=52748"}],"curies":[{"name":"wp","href":"https:\/\/api.w.org\/{rel}","templated":true}]}}