{"id":52837,"date":"2023-03-07T17:43:25","date_gmt":"2023-03-07T17:43:25","guid":{"rendered":"https:\/\/aaknives.eu\/product\/big-chef-knife-smidd-i-damaskusstal\/"},"modified":"2023-03-07T17:43:25","modified_gmt":"2023-03-07T17:43:25","slug":"big-chef-knife-smidd-i-damaskusstal","status":"publish","type":"product","link":"https:\/\/aaknives.eu\/sv\/product\/big-chef-knife-smidd-i-damaskusstal\/","title":{"rendered":"BIG CHEF KNIFE &#8211; smidd i Damaskusst\u00e5l"},"content":{"rendered":"<p>Specifikationer f\u00f6r kniv: BIG CHEF KNIFE<br \/>\nSt\u00e5l: Blad av damaskusst\u00e5l, (HVG, U10, ShH15), 800 lager<br \/>\nH\u00e5rdhet: 60 HRC<br \/>\nBladets l\u00e4ngd (mm): 200 \/ 7,87 tum<br \/>\nBladets tjocklek (mm): 2 \/ 0,078 tum<br \/>\nHandtag: Stabiliserad kalerisk bj\u00f6rk<br \/>\nTotal l\u00e4ngd (mm): 345 \/ 13,58 tum<br \/>\nF\u00f6rpackning: kniv, l\u00e4derh\u00f6lje<\/p>\n<p>Anv\u00e4ndning och sk\u00f6tsel av Damaskusst\u00e5l<\/p>\n<p>&nbsp;<\/p>\n<p>Damaskusst\u00e5l \u00e4r allm\u00e4nt k\u00e4nt som ett av de mest h\u00e5llbara knivst\u00e5l som v\u00e4ljs av j\u00e4gare, sportfiskare och friluftsentusiaster.<\/p>\n<p>Damaskusst\u00e5l som erbjuds av AA Knives smids av tre olika st\u00e5l f\u00f6r att skapa ett v\u00e4lk\u00e4nt och unikt m\u00f6nster som kombinerar de positiva egenskaperna hos de tre st\u00e5len &#8211; h\u00e5llbarhet, flexibilitet och l\u00e5ngvarig sk\u00e4rpa. Man tror att detta st\u00e5l p\u00e5 grund av sin utm\u00e4rkta sk\u00e4rf\u00f6rm\u00e5ga ofta tenderar att \u00f6vertr\u00e4ffa rostfria st\u00e5lprodukter, eftersom dess blad bildar en mikros\u00e5gliknande yta som \u00e4r karakteristisk f\u00f6r flera sambearbetade st\u00e5lmaterial. Eftersom Damaskus-st\u00e5l \u00e4r ett av de st\u00e5l som rostar \u00e4r det s\u00e4rskilt viktigt att komma ih\u00e5g att det m\u00e5ste underh\u00e5llas ordentligt.<\/p>\n<p>Precis som om du skulle ta hem ett vapen fr\u00e5n en regnig dag p\u00e5 jakt skulle du inte l\u00e4gga undan det orent och obehandlat, precis som du m\u00e5ste ta hand om din kniv, som ocks\u00e5 spelar en viktig roll i jaktprocessen. Damaskusst\u00e5lkniven ska torkas av ordentligt efter anv\u00e4ndning, vara fri fr\u00e5n smuts och dr\u00e4neras f\u00f6r att undvika fukt under lagring, vilket kan orsaka rost \u00f6ver tid, och gl\u00f6m inte sm\u00f6rjning. Du beh\u00f6ver inte k\u00f6pa professionell skyddsutrustning f\u00f6r detta \u00e4ndam\u00e5l, eftersom all matolja i k\u00f6ket kommer till nytta eftersom jaktkniven n\u00e4stan alltid \u00e4r i kontakt med k\u00f6tt och andra livsmedel, s\u00e5 det rekommenderas inte att anv\u00e4nda mekanisk olja f\u00f6r att skydda kniven. Vi f\u00e5r inte heller gl\u00f6mma bort regelbunden sk\u00e4rpning och justering.<\/p>\n<p>Men alla kan gl\u00f6mma en nyanv\u00e4nd kniv i bilen eller l\u00e4ngst ner i en v\u00e4ska, och n\u00e4r den har legat d\u00e4r ett tag f\u00e5r bladet m\u00f6rka fl\u00e4ckar &#8211; de f\u00f6rsta tecknen p\u00e5 rost. Men oroa dig inte, du beh\u00f6ver inte ge upp ditt favoritverktyg! Det b\u00e4sta resultatet f\u00e5r du genom att k\u00f6pa det finaste sandpappret (P2000 &#8211; 2500) i en bygghandel och sedan gnugga bort rostfl\u00e4ckarna med ett l\u00e4tt blad.<\/p>\n<p>Kom ih\u00e5g att kniven kommer att h\u00e5lla l\u00e4ngre och fungera b\u00e4ttre om du kan hitta ett kort \u00f6gonblick f\u00f6r att ta hand om den ordentligt varje dag, men om v\u00e5rdaspekterna fortfarande verkar oklara n\u00e4r du k\u00f6per en kniv, kommer AA Knives v\u00e4nligen att ge dig r\u00e5d om hur du tar v\u00e4l hand om din kniv .<\/p>\n<p>&nbsp;<\/p>\n","protected":false},"excerpt":{"rendered":"<p>Specifikationer f\u00f6r kniv: BIG CHEF KNIFE St\u00e5l: Blad av damaskusst\u00e5l, (HVG, U10, ShH15), 800 lager H\u00e5rdhet: 60 HRC Bladets l\u00e4ngd (mm): 200 \/ 7,87 tum Bladets tjocklek (mm): 2 \/ 0,078 tum Handtag: Stabiliserad kalerisk bj\u00f6rk Total l\u00e4ngd (mm): 345 \/ 13,58 tum F\u00f6rpackning: kniv, l\u00e4derh\u00f6lje Anv\u00e4ndning och sk\u00f6tsel av Damaskusst\u00e5l &nbsp; Damaskusst\u00e5l \u00e4r allm\u00e4nt k\u00e4nt som ett av de mest h\u00e5llbara knivst\u00e5l som v\u00e4ljs av j\u00e4gare, sportfiskare och friluftsentusiaster. Damaskusst\u00e5l som erbjuds av AA Knives smids av tre olika st\u00e5l f\u00f6r att skapa ett v\u00e4lk\u00e4nt och unikt m\u00f6nster som kombinerar de positiva egenskaperna hos de tre st\u00e5len &#8211; h\u00e5llbarhet,&hellip;<\/p>\n","protected":false},"featured_media":52838,"template":"","meta":{"_themeisle_gutenberg_block_has_review":false},"product_brand":[],"product_cat":[423],"product_tag":[],"class_list":{"0":"post-52837","1":"product","2":"type-product","3":"status-publish","4":"has-post-thumbnail","6":"product_cat-koksknivar","8":"first","9":"outofstock","10":"shipping-taxable","11":"purchasable","12":"product-type-simple"},"yoast_head":"<!-- This site is optimized with the Yoast SEO plugin v27.3 - https:\/\/yoast.com\/product\/yoast-seo-wordpress\/ -->\n<title>BIG CHEF KNIFE - smidd i Damaskusst\u00e5l - AAKnives<\/title>\n<meta name=\"description\" content=\"BIG CHEF KNIFE - smidd i Damaskusst\u00e5l\" \/>\n<meta name=\"robots\" content=\"index, follow, max-snippet:-1, max-image-preview:large, max-video-preview:-1\" \/>\n<link rel=\"canonical\" href=\"https:\/\/aaknives.eu\/sv\/product\/big-chef-knife-smidd-i-damaskusstal\/\" \/>\n<meta property=\"og:locale\" content=\"sv_SE\" \/>\n<meta property=\"og:type\" content=\"article\" \/>\n<meta property=\"og:title\" content=\"BIG CHEF KNIFE - smidd i Damaskusst\u00e5l - AAKnives\" \/>\n<meta property=\"og:description\" content=\"BIG CHEF KNIFE - smidd i Damaskusst\u00e5l\" \/>\n<meta property=\"og:url\" content=\"https:\/\/aaknives.eu\/sv\/product\/big-chef-knife-smidd-i-damaskusstal\/\" \/>\n<meta property=\"og:site_name\" content=\"AAKnives\" \/>\n<meta property=\"article:publisher\" content=\"https:\/\/www.facebook.com\/aaknives.eu\/\" \/>\n<meta property=\"og:image\" content=\"https:\/\/aaknives.eu\/wp-content\/uploads\/2023\/03\/aaknives-hand-forged-dabascus-steel-blade-knife-handmade-custom-made-knife-handcrafted-knives-autinetools-northmen-5-1.jpg\" \/>\n\t<meta property=\"og:image:width\" content=\"1020\" \/>\n\t<meta property=\"og:image:height\" content=\"880\" \/>\n\t<meta property=\"og:image:type\" content=\"image\/jpeg\" \/>\n<meta name=\"twitter:card\" content=\"summary_large_image\" \/>\n<meta name=\"twitter:label1\" content=\"Ber\u00e4knad l\u00e4stid\" \/>\n\t<meta name=\"twitter:data1\" content=\"2 minuter\" \/>\n<script type=\"application\/ld+json\" class=\"yoast-schema-graph\">{\"@context\":\"https:\\\/\\\/schema.org\",\"@graph\":[{\"@type\":\"WebPage\",\"@id\":\"https:\\\/\\\/aaknives.eu\\\/sv\\\/product\\\/big-chef-knife-smidd-i-damaskusstal\\\/\",\"url\":\"https:\\\/\\\/aaknives.eu\\\/sv\\\/product\\\/big-chef-knife-smidd-i-damaskusstal\\\/\",\"name\":\"BIG CHEF KNIFE - smidd i Damaskusst\u00e5l - AAKnives\",\"isPartOf\":{\"@id\":\"https:\\\/\\\/aaknives.eu\\\/sv\\\/#website\"},\"primaryImageOfPage\":{\"@id\":\"https:\\\/\\\/aaknives.eu\\\/sv\\\/product\\\/big-chef-knife-smidd-i-damaskusstal\\\/#primaryimage\"},\"image\":{\"@id\":\"https:\\\/\\\/aaknives.eu\\\/sv\\\/product\\\/big-chef-knife-smidd-i-damaskusstal\\\/#primaryimage\"},\"thumbnailUrl\":\"https:\\\/\\\/aaknives.eu\\\/wp-content\\\/uploads\\\/2023\\\/03\\\/aaknives-hand-forged-dabascus-steel-blade-knife-handmade-custom-made-knife-handcrafted-knives-autinetools-northmen-5-1.jpg\",\"datePublished\":\"2023-03-07T17:43:25+00:00\",\"description\":\"BIG CHEF KNIFE - smidd i Damaskusst\u00e5l\",\"breadcrumb\":{\"@id\":\"https:\\\/\\\/aaknives.eu\\\/sv\\\/product\\\/big-chef-knife-smidd-i-damaskusstal\\\/#breadcrumb\"},\"inLanguage\":\"sv-SE\",\"potentialAction\":[{\"@type\":\"ReadAction\",\"target\":[\"https:\\\/\\\/aaknives.eu\\\/sv\\\/product\\\/big-chef-knife-smidd-i-damaskusstal\\\/\"]}]},{\"@type\":\"ImageObject\",\"inLanguage\":\"sv-SE\",\"@id\":\"https:\\\/\\\/aaknives.eu\\\/sv\\\/product\\\/big-chef-knife-smidd-i-damaskusstal\\\/#primaryimage\",\"url\":\"https:\\\/\\\/aaknives.eu\\\/wp-content\\\/uploads\\\/2023\\\/03\\\/aaknives-hand-forged-dabascus-steel-blade-knife-handmade-custom-made-knife-handcrafted-knives-autinetools-northmen-5-1.jpg\",\"contentUrl\":\"https:\\\/\\\/aaknives.eu\\\/wp-content\\\/uploads\\\/2023\\\/03\\\/aaknives-hand-forged-dabascus-steel-blade-knife-handmade-custom-made-knife-handcrafted-knives-autinetools-northmen-5-1.jpg\",\"width\":1020,\"height\":880,\"caption\":\"aaknives hand forged dabascus steel blade knife handmade custom made knife handcrafted knives autinetools northmen 5 1\"},{\"@type\":\"BreadcrumbList\",\"@id\":\"https:\\\/\\\/aaknives.eu\\\/sv\\\/product\\\/big-chef-knife-smidd-i-damaskusstal\\\/#breadcrumb\",\"itemListElement\":[{\"@type\":\"ListItem\",\"position\":1,\"name\":\"Home\",\"item\":\"https:\\\/\\\/aaknives.eu\\\/sv\\\/\"},{\"@type\":\"ListItem\",\"position\":2,\"name\":\"Butik\",\"item\":\"https:\\\/\\\/aaknives.eu\\\/butik\\\/\"},{\"@type\":\"ListItem\",\"position\":3,\"name\":\"BIG CHEF KNIFE &#8211; smidd i Damaskusst\u00e5l\"}]},{\"@type\":\"WebSite\",\"@id\":\"https:\\\/\\\/aaknives.eu\\\/sv\\\/#website\",\"url\":\"https:\\\/\\\/aaknives.eu\\\/sv\\\/\",\"name\":\"AAKnives\",\"description\":\"Handmade knives\",\"publisher\":{\"@id\":\"https:\\\/\\\/aaknives.eu\\\/sv\\\/#organization\"},\"potentialAction\":[{\"@type\":\"SearchAction\",\"target\":{\"@type\":\"EntryPoint\",\"urlTemplate\":\"https:\\\/\\\/aaknives.eu\\\/sv\\\/?s={search_term_string}\"},\"query-input\":{\"@type\":\"PropertyValueSpecification\",\"valueRequired\":true,\"valueName\":\"search_term_string\"}}],\"inLanguage\":\"sv-SE\"},{\"@type\":\"Organization\",\"@id\":\"https:\\\/\\\/aaknives.eu\\\/sv\\\/#organization\",\"name\":\"AAKnives\",\"url\":\"https:\\\/\\\/aaknives.eu\\\/sv\\\/\",\"logo\":{\"@type\":\"ImageObject\",\"inLanguage\":\"sv-SE\",\"@id\":\"https:\\\/\\\/aaknives.eu\\\/sv\\\/#\\\/schema\\\/logo\\\/image\\\/\",\"url\":\"https:\\\/\\\/aaknives.eu\\\/wp-content\\\/uploads\\\/2021\\\/10\\\/AAknives_Logo_Green.png\",\"contentUrl\":\"https:\\\/\\\/aaknives.eu\\\/wp-content\\\/uploads\\\/2021\\\/10\\\/AAknives_Logo_Green.png\",\"width\":1768,\"height\":1768,\"caption\":\"AAKnives\"},\"image\":{\"@id\":\"https:\\\/\\\/aaknives.eu\\\/sv\\\/#\\\/schema\\\/logo\\\/image\\\/\"},\"sameAs\":[\"https:\\\/\\\/www.facebook.com\\\/aaknives.eu\\\/\",\"https:\\\/\\\/www.instagram.com\\\/aaknives\\\/\",\"https:\\\/\\\/www.pinterest.com\\\/aa_knives\\\/\",\"https:\\\/\\\/www.youtube.com\\\/channel\\\/UCHOQFjrOkgT6s4FIw9LDKyw\\\/featured\"]}]}<\/script>\n<!-- \/ Yoast SEO plugin. -->","yoast_head_json":{"title":"BIG CHEF KNIFE - smidd i Damaskusst\u00e5l - AAKnives","description":"BIG CHEF KNIFE - smidd i Damaskusst\u00e5l","robots":{"index":"index","follow":"follow","max-snippet":"max-snippet:-1","max-image-preview":"max-image-preview:large","max-video-preview":"max-video-preview:-1"},"canonical":"https:\/\/aaknives.eu\/sv\/product\/big-chef-knife-smidd-i-damaskusstal\/","og_locale":"sv_SE","og_type":"article","og_title":"BIG CHEF KNIFE - smidd i Damaskusst\u00e5l - AAKnives","og_description":"BIG CHEF KNIFE - smidd i Damaskusst\u00e5l","og_url":"https:\/\/aaknives.eu\/sv\/product\/big-chef-knife-smidd-i-damaskusstal\/","og_site_name":"AAKnives","article_publisher":"https:\/\/www.facebook.com\/aaknives.eu\/","og_image":[{"width":1020,"height":880,"url":"https:\/\/aaknives.eu\/wp-content\/uploads\/2023\/03\/aaknives-hand-forged-dabascus-steel-blade-knife-handmade-custom-made-knife-handcrafted-knives-autinetools-northmen-5-1.jpg","type":"image\/jpeg"}],"twitter_card":"summary_large_image","twitter_misc":{"Ber\u00e4knad l\u00e4stid":"2 minuter"},"schema":{"@context":"https:\/\/schema.org","@graph":[{"@type":"WebPage","@id":"https:\/\/aaknives.eu\/sv\/product\/big-chef-knife-smidd-i-damaskusstal\/","url":"https:\/\/aaknives.eu\/sv\/product\/big-chef-knife-smidd-i-damaskusstal\/","name":"BIG CHEF KNIFE - smidd i Damaskusst\u00e5l - AAKnives","isPartOf":{"@id":"https:\/\/aaknives.eu\/sv\/#website"},"primaryImageOfPage":{"@id":"https:\/\/aaknives.eu\/sv\/product\/big-chef-knife-smidd-i-damaskusstal\/#primaryimage"},"image":{"@id":"https:\/\/aaknives.eu\/sv\/product\/big-chef-knife-smidd-i-damaskusstal\/#primaryimage"},"thumbnailUrl":"https:\/\/aaknives.eu\/wp-content\/uploads\/2023\/03\/aaknives-hand-forged-dabascus-steel-blade-knife-handmade-custom-made-knife-handcrafted-knives-autinetools-northmen-5-1.jpg","datePublished":"2023-03-07T17:43:25+00:00","description":"BIG CHEF KNIFE - smidd i Damaskusst\u00e5l","breadcrumb":{"@id":"https:\/\/aaknives.eu\/sv\/product\/big-chef-knife-smidd-i-damaskusstal\/#breadcrumb"},"inLanguage":"sv-SE","potentialAction":[{"@type":"ReadAction","target":["https:\/\/aaknives.eu\/sv\/product\/big-chef-knife-smidd-i-damaskusstal\/"]}]},{"@type":"ImageObject","inLanguage":"sv-SE","@id":"https:\/\/aaknives.eu\/sv\/product\/big-chef-knife-smidd-i-damaskusstal\/#primaryimage","url":"https:\/\/aaknives.eu\/wp-content\/uploads\/2023\/03\/aaknives-hand-forged-dabascus-steel-blade-knife-handmade-custom-made-knife-handcrafted-knives-autinetools-northmen-5-1.jpg","contentUrl":"https:\/\/aaknives.eu\/wp-content\/uploads\/2023\/03\/aaknives-hand-forged-dabascus-steel-blade-knife-handmade-custom-made-knife-handcrafted-knives-autinetools-northmen-5-1.jpg","width":1020,"height":880,"caption":"aaknives hand forged dabascus steel blade knife handmade custom made knife handcrafted knives autinetools northmen 5 1"},{"@type":"BreadcrumbList","@id":"https:\/\/aaknives.eu\/sv\/product\/big-chef-knife-smidd-i-damaskusstal\/#breadcrumb","itemListElement":[{"@type":"ListItem","position":1,"name":"Home","item":"https:\/\/aaknives.eu\/sv\/"},{"@type":"ListItem","position":2,"name":"Butik","item":"https:\/\/aaknives.eu\/butik\/"},{"@type":"ListItem","position":3,"name":"BIG CHEF KNIFE &#8211; smidd i Damaskusst\u00e5l"}]},{"@type":"WebSite","@id":"https:\/\/aaknives.eu\/sv\/#website","url":"https:\/\/aaknives.eu\/sv\/","name":"AAKnives","description":"Handmade knives","publisher":{"@id":"https:\/\/aaknives.eu\/sv\/#organization"},"potentialAction":[{"@type":"SearchAction","target":{"@type":"EntryPoint","urlTemplate":"https:\/\/aaknives.eu\/sv\/?s={search_term_string}"},"query-input":{"@type":"PropertyValueSpecification","valueRequired":true,"valueName":"search_term_string"}}],"inLanguage":"sv-SE"},{"@type":"Organization","@id":"https:\/\/aaknives.eu\/sv\/#organization","name":"AAKnives","url":"https:\/\/aaknives.eu\/sv\/","logo":{"@type":"ImageObject","inLanguage":"sv-SE","@id":"https:\/\/aaknives.eu\/sv\/#\/schema\/logo\/image\/","url":"https:\/\/aaknives.eu\/wp-content\/uploads\/2021\/10\/AAknives_Logo_Green.png","contentUrl":"https:\/\/aaknives.eu\/wp-content\/uploads\/2021\/10\/AAknives_Logo_Green.png","width":1768,"height":1768,"caption":"AAKnives"},"image":{"@id":"https:\/\/aaknives.eu\/sv\/#\/schema\/logo\/image\/"},"sameAs":["https:\/\/www.facebook.com\/aaknives.eu\/","https:\/\/www.instagram.com\/aaknives\/","https:\/\/www.pinterest.com\/aa_knives\/","https:\/\/www.youtube.com\/channel\/UCHOQFjrOkgT6s4FIw9LDKyw\/featured"]}]}},"_links":{"self":[{"href":"https:\/\/aaknives.eu\/sv\/wp-json\/wp\/v2\/product\/52837","targetHints":{"allow":["GET"]}}],"collection":[{"href":"https:\/\/aaknives.eu\/sv\/wp-json\/wp\/v2\/product"}],"about":[{"href":"https:\/\/aaknives.eu\/sv\/wp-json\/wp\/v2\/types\/product"}],"wp:featuredmedia":[{"embeddable":true,"href":"https:\/\/aaknives.eu\/sv\/wp-json\/wp\/v2\/media\/52838"}],"wp:attachment":[{"href":"https:\/\/aaknives.eu\/sv\/wp-json\/wp\/v2\/media?parent=52837"}],"wp:term":[{"taxonomy":"product_brand","embeddable":true,"href":"https:\/\/aaknives.eu\/sv\/wp-json\/wp\/v2\/product_brand?post=52837"},{"taxonomy":"product_cat","embeddable":true,"href":"https:\/\/aaknives.eu\/sv\/wp-json\/wp\/v2\/product_cat?post=52837"},{"taxonomy":"product_tag","embeddable":true,"href":"https:\/\/aaknives.eu\/sv\/wp-json\/wp\/v2\/product_tag?post=52837"}],"curies":[{"name":"wp","href":"https:\/\/api.w.org\/{rel}","templated":true}]}}