{"id":52851,"date":"2023-03-09T17:19:15","date_gmt":"2023-03-09T17:19:15","guid":{"rendered":"https:\/\/aaknives.eu\/product\/boride-pc-rekommenderade-stenar-set\/"},"modified":"2023-03-09T17:19:15","modified_gmt":"2023-03-09T17:19:15","slug":"boride-pc-rekommenderade-stenar-set","status":"publish","type":"product","link":"https:\/\/aaknives.eu\/sv\/product\/boride-pc-rekommenderade-stenar-set\/","title":{"rendered":"BORIDE PC REKOMMENDERADE STENAR SET"},"content":{"rendered":"<p>Boridslipstenar anv\u00e4nds f\u00f6r slipning av knivar p\u00e5 Hapstone-slipmaskiner. Boride erbjuder ett brett sortiment av stenar med olika prestanda och olika f\u00f6rslitningshastigheter<br \/>\n. Boridstenar \u00e4r tillverkade av aluminiumoxid, med undantag f\u00f6r stenar i CS-HD-serien, som \u00e4r tillverkade av kiselkarbid. Alla Boride-stenar \u00e4r 6 mm tjocka och monterade p\u00e5 h\u00f6gkvalitativa aluminium\u00e4mnen. Stenar som \u00e4r 6 mm tjocka har en l\u00e4ngre livscykel \u00e4n Edge Pro-stenar som \u00e4r 3 mm tjocka och h\u00e5ller p\u00e5 att bli en standard i samh\u00e4llet.<\/p>\n<p>Om du inte \u00e4r s\u00e4ker p\u00e5 vad du ska k\u00f6pa till dina knivslipare, k\u00f6p Recommended Boride set med 5 stenar<br \/>\nPC-seriens (Polisher&#8217;s Choice) stenar \u00e4r tillverkade av aluminiumoxid med korn som \u00e4r strikt kontrollerade och en speciell bindning. Som du kanske har gissat fr\u00e5n namnet p\u00e5 serien \u00e4r dessa stenar utformade f\u00f6r efterbearbetning med snabb avverkning. PC 1200 \u00e4r mycket popul\u00e4r som ytbehandlingssten och ing\u00e5r i Borides stenpaket.<\/p>\n<p>Den rekommenderade Boride PC-satsen inneh\u00e5ller dessa kornstorlekar :<\/p>\n<p>  150<br \/>\n  220<br \/>\n  400<br \/>\n  600<br \/>\n  1200<\/p>\n","protected":false},"excerpt":{"rendered":"<p>Boridslipstenar anv\u00e4nds f\u00f6r slipning av knivar p\u00e5 Hapstone-slipmaskiner. Boride erbjuder ett brett sortiment av stenar med olika prestanda och olika f\u00f6rslitningshastigheter . Boridstenar \u00e4r tillverkade av aluminiumoxid, med undantag f\u00f6r stenar i CS-HD-serien, som \u00e4r tillverkade av kiselkarbid. Alla Boride-stenar \u00e4r 6 mm tjocka och monterade p\u00e5 h\u00f6gkvalitativa aluminium\u00e4mnen. Stenar som \u00e4r 6 mm tjocka har en l\u00e4ngre livscykel \u00e4n Edge Pro-stenar som \u00e4r 3 mm tjocka och h\u00e5ller p\u00e5 att bli en standard i samh\u00e4llet. Om du inte \u00e4r s\u00e4ker p\u00e5 vad du ska k\u00f6pa till dina knivslipare, k\u00f6p Recommended Boride set med 5 stenar PC-seriens (Polisher&#8217;s Choice) stenar&hellip;<\/p>\n","protected":false},"featured_media":52852,"template":"","meta":{"_themeisle_gutenberg_block_has_review":false},"product_brand":[],"product_cat":[415],"product_tag":[],"class_list":{"0":"post-52851","1":"product","2":"type-product","3":"status-publish","4":"has-post-thumbnail","6":"product_cat-knivslipning-knivslipmaskiner","8":"first","9":"instock","10":"shipping-taxable","11":"purchasable","12":"product-type-simple"},"yoast_head":"<!-- This site is optimized with the Yoast SEO plugin v27.3 - https:\/\/yoast.com\/product\/yoast-seo-wordpress\/ -->\n<title>BORIDE PC REKOMMENDERADE STENAR SET - AAKnives<\/title>\n<meta name=\"description\" content=\"Boride CS-HD serie slipstenar set 5 st\" \/>\n<meta name=\"robots\" content=\"index, follow, max-snippet:-1, max-image-preview:large, max-video-preview:-1\" \/>\n<link rel=\"canonical\" href=\"https:\/\/aaknives.eu\/sv\/product\/boride-pc-rekommenderade-stenar-set\/\" \/>\n<meta property=\"og:locale\" content=\"sv_SE\" \/>\n<meta property=\"og:type\" content=\"article\" \/>\n<meta property=\"og:title\" content=\"BORIDE PC REKOMMENDERADE STENAR SET - AAKnives\" \/>\n<meta property=\"og:description\" content=\"Boride CS-HD serie slipstenar set 5 st\" \/>\n<meta property=\"og:url\" content=\"https:\/\/aaknives.eu\/sv\/product\/boride-pc-rekommenderade-stenar-set\/\" \/>\n<meta property=\"og:site_name\" content=\"AAKnives\" \/>\n<meta property=\"article:publisher\" content=\"https:\/\/www.facebook.com\/aaknives.eu\/\" \/>\n<meta property=\"og:image\" content=\"https:\/\/aaknives.eu\/wp-content\/uploads\/2023\/03\/1.jpg\" \/>\n\t<meta property=\"og:image:width\" content=\"1020\" \/>\n\t<meta property=\"og:image:height\" content=\"880\" \/>\n\t<meta property=\"og:image:type\" content=\"image\/jpeg\" \/>\n<meta name=\"twitter:card\" content=\"summary_large_image\" \/>\n<meta name=\"twitter:label1\" content=\"Ber\u00e4knad l\u00e4stid\" \/>\n\t<meta name=\"twitter:data1\" content=\"1 minut\" \/>\n<script type=\"application\/ld+json\" class=\"yoast-schema-graph\">{\"@context\":\"https:\\\/\\\/schema.org\",\"@graph\":[{\"@type\":\"WebPage\",\"@id\":\"https:\\\/\\\/aaknives.eu\\\/sv\\\/product\\\/boride-pc-rekommenderade-stenar-set\\\/\",\"url\":\"https:\\\/\\\/aaknives.eu\\\/sv\\\/product\\\/boride-pc-rekommenderade-stenar-set\\\/\",\"name\":\"BORIDE PC REKOMMENDERADE STENAR SET - AAKnives\",\"isPartOf\":{\"@id\":\"https:\\\/\\\/aaknives.eu\\\/sv\\\/#website\"},\"primaryImageOfPage\":{\"@id\":\"https:\\\/\\\/aaknives.eu\\\/sv\\\/product\\\/boride-pc-rekommenderade-stenar-set\\\/#primaryimage\"},\"image\":{\"@id\":\"https:\\\/\\\/aaknives.eu\\\/sv\\\/product\\\/boride-pc-rekommenderade-stenar-set\\\/#primaryimage\"},\"thumbnailUrl\":\"https:\\\/\\\/aaknives.eu\\\/wp-content\\\/uploads\\\/2023\\\/03\\\/1.jpg\",\"datePublished\":\"2023-03-09T17:19:15+00:00\",\"description\":\"Boride CS-HD serie slipstenar set 5 st\",\"breadcrumb\":{\"@id\":\"https:\\\/\\\/aaknives.eu\\\/sv\\\/product\\\/boride-pc-rekommenderade-stenar-set\\\/#breadcrumb\"},\"inLanguage\":\"sv-SE\",\"potentialAction\":[{\"@type\":\"ReadAction\",\"target\":[\"https:\\\/\\\/aaknives.eu\\\/sv\\\/product\\\/boride-pc-rekommenderade-stenar-set\\\/\"]}]},{\"@type\":\"ImageObject\",\"inLanguage\":\"sv-SE\",\"@id\":\"https:\\\/\\\/aaknives.eu\\\/sv\\\/product\\\/boride-pc-rekommenderade-stenar-set\\\/#primaryimage\",\"url\":\"https:\\\/\\\/aaknives.eu\\\/wp-content\\\/uploads\\\/2023\\\/03\\\/1.jpg\",\"contentUrl\":\"https:\\\/\\\/aaknives.eu\\\/wp-content\\\/uploads\\\/2023\\\/03\\\/1.jpg\",\"width\":1020,\"height\":880},{\"@type\":\"BreadcrumbList\",\"@id\":\"https:\\\/\\\/aaknives.eu\\\/sv\\\/product\\\/boride-pc-rekommenderade-stenar-set\\\/#breadcrumb\",\"itemListElement\":[{\"@type\":\"ListItem\",\"position\":1,\"name\":\"Home\",\"item\":\"https:\\\/\\\/aaknives.eu\\\/sv\\\/\"},{\"@type\":\"ListItem\",\"position\":2,\"name\":\"Butik\",\"item\":\"https:\\\/\\\/aaknives.eu\\\/butik\\\/\"},{\"@type\":\"ListItem\",\"position\":3,\"name\":\"BORIDE PC REKOMMENDERADE STENAR SET\"}]},{\"@type\":\"WebSite\",\"@id\":\"https:\\\/\\\/aaknives.eu\\\/sv\\\/#website\",\"url\":\"https:\\\/\\\/aaknives.eu\\\/sv\\\/\",\"name\":\"AAKnives\",\"description\":\"Handmade knives\",\"publisher\":{\"@id\":\"https:\\\/\\\/aaknives.eu\\\/sv\\\/#organization\"},\"potentialAction\":[{\"@type\":\"SearchAction\",\"target\":{\"@type\":\"EntryPoint\",\"urlTemplate\":\"https:\\\/\\\/aaknives.eu\\\/sv\\\/?s={search_term_string}\"},\"query-input\":{\"@type\":\"PropertyValueSpecification\",\"valueRequired\":true,\"valueName\":\"search_term_string\"}}],\"inLanguage\":\"sv-SE\"},{\"@type\":\"Organization\",\"@id\":\"https:\\\/\\\/aaknives.eu\\\/sv\\\/#organization\",\"name\":\"AAKnives\",\"url\":\"https:\\\/\\\/aaknives.eu\\\/sv\\\/\",\"logo\":{\"@type\":\"ImageObject\",\"inLanguage\":\"sv-SE\",\"@id\":\"https:\\\/\\\/aaknives.eu\\\/sv\\\/#\\\/schema\\\/logo\\\/image\\\/\",\"url\":\"https:\\\/\\\/aaknives.eu\\\/wp-content\\\/uploads\\\/2021\\\/10\\\/AAknives_Logo_Green.png\",\"contentUrl\":\"https:\\\/\\\/aaknives.eu\\\/wp-content\\\/uploads\\\/2021\\\/10\\\/AAknives_Logo_Green.png\",\"width\":1768,\"height\":1768,\"caption\":\"AAKnives\"},\"image\":{\"@id\":\"https:\\\/\\\/aaknives.eu\\\/sv\\\/#\\\/schema\\\/logo\\\/image\\\/\"},\"sameAs\":[\"https:\\\/\\\/www.facebook.com\\\/aaknives.eu\\\/\",\"https:\\\/\\\/www.instagram.com\\\/aaknives\\\/\",\"https:\\\/\\\/www.pinterest.com\\\/aa_knives\\\/\",\"https:\\\/\\\/www.youtube.com\\\/channel\\\/UCHOQFjrOkgT6s4FIw9LDKyw\\\/featured\"]}]}<\/script>\n<!-- \/ Yoast SEO plugin. -->","yoast_head_json":{"title":"BORIDE PC REKOMMENDERADE STENAR SET - AAKnives","description":"Boride CS-HD serie slipstenar set 5 st","robots":{"index":"index","follow":"follow","max-snippet":"max-snippet:-1","max-image-preview":"max-image-preview:large","max-video-preview":"max-video-preview:-1"},"canonical":"https:\/\/aaknives.eu\/sv\/product\/boride-pc-rekommenderade-stenar-set\/","og_locale":"sv_SE","og_type":"article","og_title":"BORIDE PC REKOMMENDERADE STENAR SET - AAKnives","og_description":"Boride CS-HD serie slipstenar set 5 st","og_url":"https:\/\/aaknives.eu\/sv\/product\/boride-pc-rekommenderade-stenar-set\/","og_site_name":"AAKnives","article_publisher":"https:\/\/www.facebook.com\/aaknives.eu\/","og_image":[{"width":1020,"height":880,"url":"https:\/\/aaknives.eu\/wp-content\/uploads\/2023\/03\/1.jpg","type":"image\/jpeg"}],"twitter_card":"summary_large_image","twitter_misc":{"Ber\u00e4knad l\u00e4stid":"1 minut"},"schema":{"@context":"https:\/\/schema.org","@graph":[{"@type":"WebPage","@id":"https:\/\/aaknives.eu\/sv\/product\/boride-pc-rekommenderade-stenar-set\/","url":"https:\/\/aaknives.eu\/sv\/product\/boride-pc-rekommenderade-stenar-set\/","name":"BORIDE PC REKOMMENDERADE STENAR SET - AAKnives","isPartOf":{"@id":"https:\/\/aaknives.eu\/sv\/#website"},"primaryImageOfPage":{"@id":"https:\/\/aaknives.eu\/sv\/product\/boride-pc-rekommenderade-stenar-set\/#primaryimage"},"image":{"@id":"https:\/\/aaknives.eu\/sv\/product\/boride-pc-rekommenderade-stenar-set\/#primaryimage"},"thumbnailUrl":"https:\/\/aaknives.eu\/wp-content\/uploads\/2023\/03\/1.jpg","datePublished":"2023-03-09T17:19:15+00:00","description":"Boride CS-HD serie slipstenar set 5 st","breadcrumb":{"@id":"https:\/\/aaknives.eu\/sv\/product\/boride-pc-rekommenderade-stenar-set\/#breadcrumb"},"inLanguage":"sv-SE","potentialAction":[{"@type":"ReadAction","target":["https:\/\/aaknives.eu\/sv\/product\/boride-pc-rekommenderade-stenar-set\/"]}]},{"@type":"ImageObject","inLanguage":"sv-SE","@id":"https:\/\/aaknives.eu\/sv\/product\/boride-pc-rekommenderade-stenar-set\/#primaryimage","url":"https:\/\/aaknives.eu\/wp-content\/uploads\/2023\/03\/1.jpg","contentUrl":"https:\/\/aaknives.eu\/wp-content\/uploads\/2023\/03\/1.jpg","width":1020,"height":880},{"@type":"BreadcrumbList","@id":"https:\/\/aaknives.eu\/sv\/product\/boride-pc-rekommenderade-stenar-set\/#breadcrumb","itemListElement":[{"@type":"ListItem","position":1,"name":"Home","item":"https:\/\/aaknives.eu\/sv\/"},{"@type":"ListItem","position":2,"name":"Butik","item":"https:\/\/aaknives.eu\/butik\/"},{"@type":"ListItem","position":3,"name":"BORIDE PC REKOMMENDERADE STENAR SET"}]},{"@type":"WebSite","@id":"https:\/\/aaknives.eu\/sv\/#website","url":"https:\/\/aaknives.eu\/sv\/","name":"AAKnives","description":"Handmade knives","publisher":{"@id":"https:\/\/aaknives.eu\/sv\/#organization"},"potentialAction":[{"@type":"SearchAction","target":{"@type":"EntryPoint","urlTemplate":"https:\/\/aaknives.eu\/sv\/?s={search_term_string}"},"query-input":{"@type":"PropertyValueSpecification","valueRequired":true,"valueName":"search_term_string"}}],"inLanguage":"sv-SE"},{"@type":"Organization","@id":"https:\/\/aaknives.eu\/sv\/#organization","name":"AAKnives","url":"https:\/\/aaknives.eu\/sv\/","logo":{"@type":"ImageObject","inLanguage":"sv-SE","@id":"https:\/\/aaknives.eu\/sv\/#\/schema\/logo\/image\/","url":"https:\/\/aaknives.eu\/wp-content\/uploads\/2021\/10\/AAknives_Logo_Green.png","contentUrl":"https:\/\/aaknives.eu\/wp-content\/uploads\/2021\/10\/AAknives_Logo_Green.png","width":1768,"height":1768,"caption":"AAKnives"},"image":{"@id":"https:\/\/aaknives.eu\/sv\/#\/schema\/logo\/image\/"},"sameAs":["https:\/\/www.facebook.com\/aaknives.eu\/","https:\/\/www.instagram.com\/aaknives\/","https:\/\/www.pinterest.com\/aa_knives\/","https:\/\/www.youtube.com\/channel\/UCHOQFjrOkgT6s4FIw9LDKyw\/featured"]}]}},"_links":{"self":[{"href":"https:\/\/aaknives.eu\/sv\/wp-json\/wp\/v2\/product\/52851","targetHints":{"allow":["GET"]}}],"collection":[{"href":"https:\/\/aaknives.eu\/sv\/wp-json\/wp\/v2\/product"}],"about":[{"href":"https:\/\/aaknives.eu\/sv\/wp-json\/wp\/v2\/types\/product"}],"wp:featuredmedia":[{"embeddable":true,"href":"https:\/\/aaknives.eu\/sv\/wp-json\/wp\/v2\/media\/52852"}],"wp:attachment":[{"href":"https:\/\/aaknives.eu\/sv\/wp-json\/wp\/v2\/media?parent=52851"}],"wp:term":[{"taxonomy":"product_brand","embeddable":true,"href":"https:\/\/aaknives.eu\/sv\/wp-json\/wp\/v2\/product_brand?post=52851"},{"taxonomy":"product_cat","embeddable":true,"href":"https:\/\/aaknives.eu\/sv\/wp-json\/wp\/v2\/product_cat?post=52851"},{"taxonomy":"product_tag","embeddable":true,"href":"https:\/\/aaknives.eu\/sv\/wp-json\/wp\/v2\/product_tag?post=52851"}],"curies":[{"name":"wp","href":"https:\/\/api.w.org\/{rel}","templated":true}]}}