{"id":52868,"date":"2023-03-09T17:58:29","date_gmt":"2023-03-09T17:58:29","guid":{"rendered":"https:\/\/aaknives.eu\/product\/125-100-100-kornstorlek-resinbonded-cbn-stone\/"},"modified":"2025-01-15T13:54:18","modified_gmt":"2025-01-15T13:54:18","slug":"125-100-100-kornstorlek-resinbonded-cbn-stone","status":"publish","type":"product","link":"https:\/\/aaknives.eu\/sv\/product\/125-100-100-kornstorlek-resinbonded-cbn-stone\/","title":{"rendered":"125\/100 (100 kornstorlek) RESINBONDED CBN STONE"},"content":{"rendered":"<p>125\/100 (100 kornstorlek) RESINBONDED CBN STONE<\/p>\n<p>Diamantsten ABX 160 5 2 25 CBN 7\/5 100% M2-01<\/p>\n<p><a href=\"https:\/\/hapstone.pro\/index.php?route=product\/manufacturer\/info&amp;manufacturer_id=19\">Poltava Diamond Tools (tillverkade i Ukraina)<\/a><\/p>\n<p>CBN (kubisk bornitrid) \u00e4r det n\u00e4st h\u00e5rdaste materialet efter diamant.<br \/>\nCBN:s egenskaper inkluderar h\u00f6ga niv\u00e5er av h\u00e5rdhet, styrka, n\u00f6tningsbest\u00e4ndighet samt termisk och kemisk best\u00e4ndighet. Dessa egenskaper \u00f6vertr\u00e4ffar v\u00e4rdena hos syntetiska diamanter och konventionella slipmedel som kiselkarbid och aluminiumoxid. I synnerhet CBN:s h\u00f6ga termiska stabilitet och kemiska best\u00e4ndighet g\u00f6r den l\u00e4mplig f\u00f6r slipning under f\u00f6rh\u00e5llanden d\u00e4r syntetiska diamanter normalt inte anv\u00e4nds.<\/p>\n<p>CBN ger utm\u00e4rkt prestanda vid slipning av knivar av alla st\u00e5l. Tack vare sina h\u00f6ga resistensegenskaper kan CBN anv\u00e4ndas torrt utan sm\u00f6rjmedel. Detta g\u00f6r CBN till den renaste av de tillg\u00e4ngliga slipstenarna.<\/p>\n<p>CBN-slipstenar best\u00e5r av en 2 mm tjock CBN-b\u00e4rande platta monterad p\u00e5 ett h\u00f6gkvalitativt aluminium\u00e4mne. Den CBN-b\u00e4rande plattan inneh\u00e5ller j\u00e4mnt f\u00f6rdelade CBN-korn med hartsbindning.<\/p>\n<p>&nbsp;<\/p>\n<p>&nbsp;<\/p>\n","protected":false},"excerpt":{"rendered":"<p>Poltava Diamond Tools (tillverkad i Ukraina)<\/p>\n","protected":false},"featured_media":92494,"template":"","meta":{"_themeisle_gutenberg_block_has_review":false},"product_brand":[],"product_cat":[415],"product_tag":[],"class_list":{"0":"post-52868","1":"product","2":"type-product","3":"status-publish","4":"has-post-thumbnail","6":"product_cat-knivslipning-knivslipmaskiner","8":"first","9":"instock","10":"shipping-taxable","11":"purchasable","12":"product-type-simple"},"yoast_head":"<!-- This site is optimized with the Yoast SEO plugin v27.3 - https:\/\/yoast.com\/product\/yoast-seo-wordpress\/ -->\n<title>125\/100 (100 kornstorlek) RESINBONDED CBN STONE - AAKnives<\/title>\n<meta name=\"description\" content=\"125\/100 (100 kornstorlek) RESINBONDED CBN STONE\" \/>\n<meta name=\"robots\" content=\"index, follow, max-snippet:-1, max-image-preview:large, max-video-preview:-1\" \/>\n<link rel=\"canonical\" href=\"https:\/\/aaknives.eu\/sv\/product\/125-100-100-kornstorlek-resinbonded-cbn-stone\/\" \/>\n<meta property=\"og:locale\" content=\"sv_SE\" \/>\n<meta property=\"og:type\" content=\"article\" \/>\n<meta property=\"og:title\" content=\"125\/100 (100 kornstorlek) RESINBONDED CBN STONE - AAKnives\" \/>\n<meta property=\"og:description\" content=\"125\/100 (100 kornstorlek) RESINBONDED CBN STONE\" \/>\n<meta property=\"og:url\" content=\"https:\/\/aaknives.eu\/sv\/product\/125-100-100-kornstorlek-resinbonded-cbn-stone\/\" \/>\n<meta property=\"og:site_name\" content=\"AAKnives\" \/>\n<meta property=\"article:publisher\" content=\"https:\/\/www.facebook.com\/aaknives.eu\/\" \/>\n<meta property=\"article:modified_time\" content=\"2025-01-15T13:54:18+00:00\" \/>\n<meta property=\"og:image\" content=\"https:\/\/aaknives.eu\/wp-content\/uploads\/2023\/09\/aaknives-hand-forged-damascus-steel-blade-knife-handmade-custom-made-knife-handcrafted-knives-autinetools-northmen-kazak-15.webp\" \/>\n\t<meta property=\"og:image:width\" content=\"1020\" \/>\n\t<meta property=\"og:image:height\" content=\"680\" \/>\n\t<meta property=\"og:image:type\" content=\"image\/webp\" \/>\n<meta name=\"twitter:card\" content=\"summary_large_image\" \/>\n<meta name=\"twitter:label1\" content=\"Ber\u00e4knad l\u00e4stid\" \/>\n\t<meta name=\"twitter:data1\" content=\"1 minut\" \/>\n<script type=\"application\/ld+json\" class=\"yoast-schema-graph\">{\"@context\":\"https:\\\/\\\/schema.org\",\"@graph\":[{\"@type\":\"WebPage\",\"@id\":\"https:\\\/\\\/aaknives.eu\\\/sv\\\/product\\\/125-100-100-kornstorlek-resinbonded-cbn-stone\\\/\",\"url\":\"https:\\\/\\\/aaknives.eu\\\/sv\\\/product\\\/125-100-100-kornstorlek-resinbonded-cbn-stone\\\/\",\"name\":\"125\\\/100 (100 kornstorlek) RESINBONDED CBN STONE - AAKnives\",\"isPartOf\":{\"@id\":\"https:\\\/\\\/aaknives.eu\\\/sv\\\/#website\"},\"primaryImageOfPage\":{\"@id\":\"https:\\\/\\\/aaknives.eu\\\/sv\\\/product\\\/125-100-100-kornstorlek-resinbonded-cbn-stone\\\/#primaryimage\"},\"image\":{\"@id\":\"https:\\\/\\\/aaknives.eu\\\/sv\\\/product\\\/125-100-100-kornstorlek-resinbonded-cbn-stone\\\/#primaryimage\"},\"thumbnailUrl\":\"https:\\\/\\\/aaknives.eu\\\/wp-content\\\/uploads\\\/2023\\\/09\\\/aaknives-hand-forged-damascus-steel-blade-knife-handmade-custom-made-knife-handcrafted-knives-autinetools-northmen-kazak-15.webp\",\"datePublished\":\"2023-03-09T17:58:29+00:00\",\"dateModified\":\"2025-01-15T13:54:18+00:00\",\"description\":\"125\\\/100 (100 kornstorlek) RESINBONDED CBN STONE\",\"breadcrumb\":{\"@id\":\"https:\\\/\\\/aaknives.eu\\\/sv\\\/product\\\/125-100-100-kornstorlek-resinbonded-cbn-stone\\\/#breadcrumb\"},\"inLanguage\":\"sv-SE\",\"potentialAction\":[{\"@type\":\"ReadAction\",\"target\":[\"https:\\\/\\\/aaknives.eu\\\/sv\\\/product\\\/125-100-100-kornstorlek-resinbonded-cbn-stone\\\/\"]}]},{\"@type\":\"ImageObject\",\"inLanguage\":\"sv-SE\",\"@id\":\"https:\\\/\\\/aaknives.eu\\\/sv\\\/product\\\/125-100-100-kornstorlek-resinbonded-cbn-stone\\\/#primaryimage\",\"url\":\"https:\\\/\\\/aaknives.eu\\\/wp-content\\\/uploads\\\/2023\\\/09\\\/aaknives-hand-forged-damascus-steel-blade-knife-handmade-custom-made-knife-handcrafted-knives-autinetools-northmen-kazak-15.webp\",\"contentUrl\":\"https:\\\/\\\/aaknives.eu\\\/wp-content\\\/uploads\\\/2023\\\/09\\\/aaknives-hand-forged-damascus-steel-blade-knife-handmade-custom-made-knife-handcrafted-knives-autinetools-northmen-kazak-15.webp\",\"width\":1020,\"height\":680},{\"@type\":\"BreadcrumbList\",\"@id\":\"https:\\\/\\\/aaknives.eu\\\/sv\\\/product\\\/125-100-100-kornstorlek-resinbonded-cbn-stone\\\/#breadcrumb\",\"itemListElement\":[{\"@type\":\"ListItem\",\"position\":1,\"name\":\"Home\",\"item\":\"https:\\\/\\\/aaknives.eu\\\/sv\\\/\"},{\"@type\":\"ListItem\",\"position\":2,\"name\":\"Butik\",\"item\":\"https:\\\/\\\/aaknives.eu\\\/butik\\\/\"},{\"@type\":\"ListItem\",\"position\":3,\"name\":\"125\\\/100 (100 kornstorlek) RESINBONDED CBN STONE\"}]},{\"@type\":\"WebSite\",\"@id\":\"https:\\\/\\\/aaknives.eu\\\/sv\\\/#website\",\"url\":\"https:\\\/\\\/aaknives.eu\\\/sv\\\/\",\"name\":\"AAKnives\",\"description\":\"Handmade knives\",\"publisher\":{\"@id\":\"https:\\\/\\\/aaknives.eu\\\/sv\\\/#organization\"},\"potentialAction\":[{\"@type\":\"SearchAction\",\"target\":{\"@type\":\"EntryPoint\",\"urlTemplate\":\"https:\\\/\\\/aaknives.eu\\\/sv\\\/?s={search_term_string}\"},\"query-input\":{\"@type\":\"PropertyValueSpecification\",\"valueRequired\":true,\"valueName\":\"search_term_string\"}}],\"inLanguage\":\"sv-SE\"},{\"@type\":\"Organization\",\"@id\":\"https:\\\/\\\/aaknives.eu\\\/sv\\\/#organization\",\"name\":\"AAKnives\",\"url\":\"https:\\\/\\\/aaknives.eu\\\/sv\\\/\",\"logo\":{\"@type\":\"ImageObject\",\"inLanguage\":\"sv-SE\",\"@id\":\"https:\\\/\\\/aaknives.eu\\\/sv\\\/#\\\/schema\\\/logo\\\/image\\\/\",\"url\":\"https:\\\/\\\/aaknives.eu\\\/wp-content\\\/uploads\\\/2021\\\/10\\\/AAknives_Logo_Green.png\",\"contentUrl\":\"https:\\\/\\\/aaknives.eu\\\/wp-content\\\/uploads\\\/2021\\\/10\\\/AAknives_Logo_Green.png\",\"width\":1768,\"height\":1768,\"caption\":\"AAKnives\"},\"image\":{\"@id\":\"https:\\\/\\\/aaknives.eu\\\/sv\\\/#\\\/schema\\\/logo\\\/image\\\/\"},\"sameAs\":[\"https:\\\/\\\/www.facebook.com\\\/aaknives.eu\\\/\",\"https:\\\/\\\/www.instagram.com\\\/aaknives\\\/\",\"https:\\\/\\\/www.pinterest.com\\\/aa_knives\\\/\",\"https:\\\/\\\/www.youtube.com\\\/channel\\\/UCHOQFjrOkgT6s4FIw9LDKyw\\\/featured\"]}]}<\/script>\n<!-- \/ Yoast SEO plugin. -->","yoast_head_json":{"title":"125\/100 (100 kornstorlek) RESINBONDED CBN STONE - AAKnives","description":"125\/100 (100 kornstorlek) RESINBONDED CBN STONE","robots":{"index":"index","follow":"follow","max-snippet":"max-snippet:-1","max-image-preview":"max-image-preview:large","max-video-preview":"max-video-preview:-1"},"canonical":"https:\/\/aaknives.eu\/sv\/product\/125-100-100-kornstorlek-resinbonded-cbn-stone\/","og_locale":"sv_SE","og_type":"article","og_title":"125\/100 (100 kornstorlek) RESINBONDED CBN STONE - AAKnives","og_description":"125\/100 (100 kornstorlek) RESINBONDED CBN STONE","og_url":"https:\/\/aaknives.eu\/sv\/product\/125-100-100-kornstorlek-resinbonded-cbn-stone\/","og_site_name":"AAKnives","article_publisher":"https:\/\/www.facebook.com\/aaknives.eu\/","article_modified_time":"2025-01-15T13:54:18+00:00","og_image":[{"width":1020,"height":680,"url":"https:\/\/aaknives.eu\/wp-content\/uploads\/2023\/09\/aaknives-hand-forged-damascus-steel-blade-knife-handmade-custom-made-knife-handcrafted-knives-autinetools-northmen-kazak-15.webp","type":"image\/webp"}],"twitter_card":"summary_large_image","twitter_misc":{"Ber\u00e4knad l\u00e4stid":"1 minut"},"schema":{"@context":"https:\/\/schema.org","@graph":[{"@type":"WebPage","@id":"https:\/\/aaknives.eu\/sv\/product\/125-100-100-kornstorlek-resinbonded-cbn-stone\/","url":"https:\/\/aaknives.eu\/sv\/product\/125-100-100-kornstorlek-resinbonded-cbn-stone\/","name":"125\/100 (100 kornstorlek) RESINBONDED CBN STONE - AAKnives","isPartOf":{"@id":"https:\/\/aaknives.eu\/sv\/#website"},"primaryImageOfPage":{"@id":"https:\/\/aaknives.eu\/sv\/product\/125-100-100-kornstorlek-resinbonded-cbn-stone\/#primaryimage"},"image":{"@id":"https:\/\/aaknives.eu\/sv\/product\/125-100-100-kornstorlek-resinbonded-cbn-stone\/#primaryimage"},"thumbnailUrl":"https:\/\/aaknives.eu\/wp-content\/uploads\/2023\/09\/aaknives-hand-forged-damascus-steel-blade-knife-handmade-custom-made-knife-handcrafted-knives-autinetools-northmen-kazak-15.webp","datePublished":"2023-03-09T17:58:29+00:00","dateModified":"2025-01-15T13:54:18+00:00","description":"125\/100 (100 kornstorlek) RESINBONDED CBN STONE","breadcrumb":{"@id":"https:\/\/aaknives.eu\/sv\/product\/125-100-100-kornstorlek-resinbonded-cbn-stone\/#breadcrumb"},"inLanguage":"sv-SE","potentialAction":[{"@type":"ReadAction","target":["https:\/\/aaknives.eu\/sv\/product\/125-100-100-kornstorlek-resinbonded-cbn-stone\/"]}]},{"@type":"ImageObject","inLanguage":"sv-SE","@id":"https:\/\/aaknives.eu\/sv\/product\/125-100-100-kornstorlek-resinbonded-cbn-stone\/#primaryimage","url":"https:\/\/aaknives.eu\/wp-content\/uploads\/2023\/09\/aaknives-hand-forged-damascus-steel-blade-knife-handmade-custom-made-knife-handcrafted-knives-autinetools-northmen-kazak-15.webp","contentUrl":"https:\/\/aaknives.eu\/wp-content\/uploads\/2023\/09\/aaknives-hand-forged-damascus-steel-blade-knife-handmade-custom-made-knife-handcrafted-knives-autinetools-northmen-kazak-15.webp","width":1020,"height":680},{"@type":"BreadcrumbList","@id":"https:\/\/aaknives.eu\/sv\/product\/125-100-100-kornstorlek-resinbonded-cbn-stone\/#breadcrumb","itemListElement":[{"@type":"ListItem","position":1,"name":"Home","item":"https:\/\/aaknives.eu\/sv\/"},{"@type":"ListItem","position":2,"name":"Butik","item":"https:\/\/aaknives.eu\/butik\/"},{"@type":"ListItem","position":3,"name":"125\/100 (100 kornstorlek) RESINBONDED CBN STONE"}]},{"@type":"WebSite","@id":"https:\/\/aaknives.eu\/sv\/#website","url":"https:\/\/aaknives.eu\/sv\/","name":"AAKnives","description":"Handmade knives","publisher":{"@id":"https:\/\/aaknives.eu\/sv\/#organization"},"potentialAction":[{"@type":"SearchAction","target":{"@type":"EntryPoint","urlTemplate":"https:\/\/aaknives.eu\/sv\/?s={search_term_string}"},"query-input":{"@type":"PropertyValueSpecification","valueRequired":true,"valueName":"search_term_string"}}],"inLanguage":"sv-SE"},{"@type":"Organization","@id":"https:\/\/aaknives.eu\/sv\/#organization","name":"AAKnives","url":"https:\/\/aaknives.eu\/sv\/","logo":{"@type":"ImageObject","inLanguage":"sv-SE","@id":"https:\/\/aaknives.eu\/sv\/#\/schema\/logo\/image\/","url":"https:\/\/aaknives.eu\/wp-content\/uploads\/2021\/10\/AAknives_Logo_Green.png","contentUrl":"https:\/\/aaknives.eu\/wp-content\/uploads\/2021\/10\/AAknives_Logo_Green.png","width":1768,"height":1768,"caption":"AAKnives"},"image":{"@id":"https:\/\/aaknives.eu\/sv\/#\/schema\/logo\/image\/"},"sameAs":["https:\/\/www.facebook.com\/aaknives.eu\/","https:\/\/www.instagram.com\/aaknives\/","https:\/\/www.pinterest.com\/aa_knives\/","https:\/\/www.youtube.com\/channel\/UCHOQFjrOkgT6s4FIw9LDKyw\/featured"]}]}},"_links":{"self":[{"href":"https:\/\/aaknives.eu\/sv\/wp-json\/wp\/v2\/product\/52868","targetHints":{"allow":["GET"]}}],"collection":[{"href":"https:\/\/aaknives.eu\/sv\/wp-json\/wp\/v2\/product"}],"about":[{"href":"https:\/\/aaknives.eu\/sv\/wp-json\/wp\/v2\/types\/product"}],"wp:featuredmedia":[{"embeddable":true,"href":"https:\/\/aaknives.eu\/sv\/wp-json\/wp\/v2\/media\/92494"}],"wp:attachment":[{"href":"https:\/\/aaknives.eu\/sv\/wp-json\/wp\/v2\/media?parent=52868"}],"wp:term":[{"taxonomy":"product_brand","embeddable":true,"href":"https:\/\/aaknives.eu\/sv\/wp-json\/wp\/v2\/product_brand?post=52868"},{"taxonomy":"product_cat","embeddable":true,"href":"https:\/\/aaknives.eu\/sv\/wp-json\/wp\/v2\/product_cat?post=52868"},{"taxonomy":"product_tag","embeddable":true,"href":"https:\/\/aaknives.eu\/sv\/wp-json\/wp\/v2\/product_tag?post=52868"}],"curies":[{"name":"wp","href":"https:\/\/api.w.org\/{rel}","templated":true}]}}