{"id":52886,"date":"2023-01-16T19:36:44","date_gmt":"2023-01-16T19:36:44","guid":{"rendered":"https:\/\/aaknives.eu\/product\/boride-cs-hd-serie-slipstenar-set-5-st\/"},"modified":"2023-01-16T19:36:44","modified_gmt":"2023-01-16T19:36:44","slug":"boride-cs-hd-serie-slipstenar-set-5-st","status":"publish","type":"product","link":"https:\/\/aaknives.eu\/sv\/product\/boride-cs-hd-serie-slipstenar-set-5-st\/","title":{"rendered":"Boride CS-HD serie slipstenar set 5 st"},"content":{"rendered":"<p>Boride-seriens slipstenar \u00e4r utm\u00e4rkta kiselkarbidstenar avsedda f\u00f6r slipning av knivar av h\u00e5rt st\u00e5l (fr\u00e5n 47 till 63 HRc).<\/p>\n<p>Satsen inneh\u00e5ller 5 stenar, kornstorlek 150; 220; 400; 600; 1200, som r\u00e4cker f\u00f6r alla stadier av slipning, fr\u00e5n grovbearbetning till slutlig slipning. Och den j\u00e4mna minskningen av korn, fr\u00e5n sten till sten, garanterar effektiv slipning med ett minimum av tid.<\/p>\n<p>&nbsp;<\/p>\n<p>Stenarna i CS-HD-serien \u00e4r speciellt framtagna f\u00f6r slipning av knivar tillverkade av massivt rostfritt st\u00e5l eller kolst\u00e5l. Slipning med slipmedel i denna serie knivar av mjukt st\u00e5l hotar med en \u00f6kad slitagehastighet och \u00f6verdriven &#8220;salthalt&#8221; hos slipmedlet.<\/p>\n<p>&nbsp;<\/p>\n<p>Du kan arbeta b\u00e5de &#8220;torrt&#8221; och med vanligt vatten (eller lite tv\u00e5l). Det \u00e4r inte rekommenderat att anv\u00e4nda v\u00e5ld och tryck vid slipning!<\/p>\n<p>&nbsp;<\/p>\n<p>Kr\u00e4ver ingen s\u00e4rskild sk\u00f6tsel. Den reng\u00f6rs under rinnande vatten och tv\u00e5l med en styv borste (du kan anv\u00e4nda en tandborste). Justerad efter formning p\u00e5 kiselkarbid.<\/p>\n","protected":false},"excerpt":{"rendered":"<p>Boride-seriens slipstenar \u00e4r utm\u00e4rkta kiselkarbidstenar avsedda f\u00f6r slipning av knivar av h\u00e5rt st\u00e5l (fr\u00e5n 47 till 63 HRc). Satsen inneh\u00e5ller 5 stenar, kornstorlek 150; 220; 400; 600; 1200, som r\u00e4cker f\u00f6r alla stadier av slipning, fr\u00e5n grovbearbetning till slutlig slipning. Och den j\u00e4mna minskningen av korn, fr\u00e5n sten till sten, garanterar effektiv slipning med ett minimum av tid. &nbsp; Stenarna i CS-HD-serien \u00e4r speciellt framtagna f\u00f6r slipning av knivar tillverkade av massivt rostfritt st\u00e5l eller kolst\u00e5l. Slipning med slipmedel i denna serie knivar av mjukt st\u00e5l hotar med en \u00f6kad slitagehastighet och \u00f6verdriven &#8220;salthalt&#8221; hos slipmedlet. &nbsp; Du kan arbeta&hellip;<\/p>\n","protected":false},"featured_media":52887,"template":"","meta":{"_themeisle_gutenberg_block_has_review":false},"product_brand":[],"product_cat":[415],"product_tag":[],"class_list":{"0":"post-52886","1":"product","2":"type-product","3":"status-publish","4":"has-post-thumbnail","6":"product_cat-knivslipning-knivslipmaskiner","8":"first","9":"instock","10":"shipping-taxable","11":"purchasable","12":"product-type-simple"},"yoast_head":"<!-- This site is optimized with the Yoast SEO plugin v27.3 - https:\/\/yoast.com\/product\/yoast-seo-wordpress\/ -->\n<title>Boride CS-HD serie slipstenar set 5 st - AAKnives<\/title>\n<meta name=\"description\" content=\"Boride CS-HD serie slipstenar set 5 st\" \/>\n<meta name=\"robots\" content=\"index, follow, max-snippet:-1, max-image-preview:large, max-video-preview:-1\" \/>\n<link rel=\"canonical\" href=\"https:\/\/aaknives.eu\/sv\/product\/boride-cs-hd-serie-slipstenar-set-5-st\/\" \/>\n<meta property=\"og:locale\" content=\"sv_SE\" \/>\n<meta property=\"og:type\" content=\"article\" \/>\n<meta property=\"og:title\" content=\"Boride CS-HD serie slipstenar set 5 st - AAKnives\" \/>\n<meta property=\"og:description\" content=\"Boride CS-HD serie slipstenar set 5 st\" \/>\n<meta property=\"og:url\" content=\"https:\/\/aaknives.eu\/sv\/product\/boride-cs-hd-serie-slipstenar-set-5-st\/\" \/>\n<meta property=\"og:site_name\" content=\"AAKnives\" \/>\n<meta property=\"article:publisher\" content=\"https:\/\/www.facebook.com\/aaknives.eu\/\" \/>\n<meta property=\"og:image\" content=\"https:\/\/aaknives.eu\/wp-content\/uploads\/2023\/01\/aaknives-hand-forged-dabascus-steel-blade-knife-handmade-custom-made-knife-handcrafted-knives-autinetools-northmen-3-1.jpg\" \/>\n\t<meta property=\"og:image:width\" content=\"1020\" \/>\n\t<meta property=\"og:image:height\" content=\"880\" \/>\n\t<meta property=\"og:image:type\" content=\"image\/jpeg\" \/>\n<meta name=\"twitter:card\" content=\"summary_large_image\" \/>\n<meta name=\"twitter:label1\" content=\"Ber\u00e4knad l\u00e4stid\" \/>\n\t<meta name=\"twitter:data1\" content=\"1 minut\" \/>\n<script type=\"application\/ld+json\" class=\"yoast-schema-graph\">{\"@context\":\"https:\\\/\\\/schema.org\",\"@graph\":[{\"@type\":\"WebPage\",\"@id\":\"https:\\\/\\\/aaknives.eu\\\/sv\\\/product\\\/boride-cs-hd-serie-slipstenar-set-5-st\\\/\",\"url\":\"https:\\\/\\\/aaknives.eu\\\/sv\\\/product\\\/boride-cs-hd-serie-slipstenar-set-5-st\\\/\",\"name\":\"Boride CS-HD serie slipstenar set 5 st - AAKnives\",\"isPartOf\":{\"@id\":\"https:\\\/\\\/aaknives.eu\\\/sv\\\/#website\"},\"primaryImageOfPage\":{\"@id\":\"https:\\\/\\\/aaknives.eu\\\/sv\\\/product\\\/boride-cs-hd-serie-slipstenar-set-5-st\\\/#primaryimage\"},\"image\":{\"@id\":\"https:\\\/\\\/aaknives.eu\\\/sv\\\/product\\\/boride-cs-hd-serie-slipstenar-set-5-st\\\/#primaryimage\"},\"thumbnailUrl\":\"https:\\\/\\\/aaknives.eu\\\/wp-content\\\/uploads\\\/2023\\\/01\\\/aaknives-hand-forged-dabascus-steel-blade-knife-handmade-custom-made-knife-handcrafted-knives-autinetools-northmen-3-1.jpg\",\"datePublished\":\"2023-01-16T19:36:44+00:00\",\"description\":\"Boride CS-HD serie slipstenar set 5 st\",\"breadcrumb\":{\"@id\":\"https:\\\/\\\/aaknives.eu\\\/sv\\\/product\\\/boride-cs-hd-serie-slipstenar-set-5-st\\\/#breadcrumb\"},\"inLanguage\":\"sv-SE\",\"potentialAction\":[{\"@type\":\"ReadAction\",\"target\":[\"https:\\\/\\\/aaknives.eu\\\/sv\\\/product\\\/boride-cs-hd-serie-slipstenar-set-5-st\\\/\"]}]},{\"@type\":\"ImageObject\",\"inLanguage\":\"sv-SE\",\"@id\":\"https:\\\/\\\/aaknives.eu\\\/sv\\\/product\\\/boride-cs-hd-serie-slipstenar-set-5-st\\\/#primaryimage\",\"url\":\"https:\\\/\\\/aaknives.eu\\\/wp-content\\\/uploads\\\/2023\\\/01\\\/aaknives-hand-forged-dabascus-steel-blade-knife-handmade-custom-made-knife-handcrafted-knives-autinetools-northmen-3-1.jpg\",\"contentUrl\":\"https:\\\/\\\/aaknives.eu\\\/wp-content\\\/uploads\\\/2023\\\/01\\\/aaknives-hand-forged-dabascus-steel-blade-knife-handmade-custom-made-knife-handcrafted-knives-autinetools-northmen-3-1.jpg\",\"width\":1020,\"height\":880,\"caption\":\"aaknives hand forged dabascus steel blade knife handmade custom made knife handcrafted knives autinetools northmen 3 1\"},{\"@type\":\"BreadcrumbList\",\"@id\":\"https:\\\/\\\/aaknives.eu\\\/sv\\\/product\\\/boride-cs-hd-serie-slipstenar-set-5-st\\\/#breadcrumb\",\"itemListElement\":[{\"@type\":\"ListItem\",\"position\":1,\"name\":\"Home\",\"item\":\"https:\\\/\\\/aaknives.eu\\\/sv\\\/\"},{\"@type\":\"ListItem\",\"position\":2,\"name\":\"Butik\",\"item\":\"https:\\\/\\\/aaknives.eu\\\/butik\\\/\"},{\"@type\":\"ListItem\",\"position\":3,\"name\":\"Boride CS-HD serie slipstenar set 5 st\"}]},{\"@type\":\"WebSite\",\"@id\":\"https:\\\/\\\/aaknives.eu\\\/sv\\\/#website\",\"url\":\"https:\\\/\\\/aaknives.eu\\\/sv\\\/\",\"name\":\"AAKnives\",\"description\":\"Handmade knives\",\"publisher\":{\"@id\":\"https:\\\/\\\/aaknives.eu\\\/sv\\\/#organization\"},\"potentialAction\":[{\"@type\":\"SearchAction\",\"target\":{\"@type\":\"EntryPoint\",\"urlTemplate\":\"https:\\\/\\\/aaknives.eu\\\/sv\\\/?s={search_term_string}\"},\"query-input\":{\"@type\":\"PropertyValueSpecification\",\"valueRequired\":true,\"valueName\":\"search_term_string\"}}],\"inLanguage\":\"sv-SE\"},{\"@type\":\"Organization\",\"@id\":\"https:\\\/\\\/aaknives.eu\\\/sv\\\/#organization\",\"name\":\"AAKnives\",\"url\":\"https:\\\/\\\/aaknives.eu\\\/sv\\\/\",\"logo\":{\"@type\":\"ImageObject\",\"inLanguage\":\"sv-SE\",\"@id\":\"https:\\\/\\\/aaknives.eu\\\/sv\\\/#\\\/schema\\\/logo\\\/image\\\/\",\"url\":\"https:\\\/\\\/aaknives.eu\\\/wp-content\\\/uploads\\\/2021\\\/10\\\/AAknives_Logo_Green.png\",\"contentUrl\":\"https:\\\/\\\/aaknives.eu\\\/wp-content\\\/uploads\\\/2021\\\/10\\\/AAknives_Logo_Green.png\",\"width\":1768,\"height\":1768,\"caption\":\"AAKnives\"},\"image\":{\"@id\":\"https:\\\/\\\/aaknives.eu\\\/sv\\\/#\\\/schema\\\/logo\\\/image\\\/\"},\"sameAs\":[\"https:\\\/\\\/www.facebook.com\\\/aaknives.eu\\\/\",\"https:\\\/\\\/www.instagram.com\\\/aaknives\\\/\",\"https:\\\/\\\/www.pinterest.com\\\/aa_knives\\\/\",\"https:\\\/\\\/www.youtube.com\\\/channel\\\/UCHOQFjrOkgT6s4FIw9LDKyw\\\/featured\"]}]}<\/script>\n<!-- \/ Yoast SEO plugin. -->","yoast_head_json":{"title":"Boride CS-HD serie slipstenar set 5 st - AAKnives","description":"Boride CS-HD serie slipstenar set 5 st","robots":{"index":"index","follow":"follow","max-snippet":"max-snippet:-1","max-image-preview":"max-image-preview:large","max-video-preview":"max-video-preview:-1"},"canonical":"https:\/\/aaknives.eu\/sv\/product\/boride-cs-hd-serie-slipstenar-set-5-st\/","og_locale":"sv_SE","og_type":"article","og_title":"Boride CS-HD serie slipstenar set 5 st - AAKnives","og_description":"Boride CS-HD serie slipstenar set 5 st","og_url":"https:\/\/aaknives.eu\/sv\/product\/boride-cs-hd-serie-slipstenar-set-5-st\/","og_site_name":"AAKnives","article_publisher":"https:\/\/www.facebook.com\/aaknives.eu\/","og_image":[{"width":1020,"height":880,"url":"https:\/\/aaknives.eu\/wp-content\/uploads\/2023\/01\/aaknives-hand-forged-dabascus-steel-blade-knife-handmade-custom-made-knife-handcrafted-knives-autinetools-northmen-3-1.jpg","type":"image\/jpeg"}],"twitter_card":"summary_large_image","twitter_misc":{"Ber\u00e4knad l\u00e4stid":"1 minut"},"schema":{"@context":"https:\/\/schema.org","@graph":[{"@type":"WebPage","@id":"https:\/\/aaknives.eu\/sv\/product\/boride-cs-hd-serie-slipstenar-set-5-st\/","url":"https:\/\/aaknives.eu\/sv\/product\/boride-cs-hd-serie-slipstenar-set-5-st\/","name":"Boride CS-HD serie slipstenar set 5 st - AAKnives","isPartOf":{"@id":"https:\/\/aaknives.eu\/sv\/#website"},"primaryImageOfPage":{"@id":"https:\/\/aaknives.eu\/sv\/product\/boride-cs-hd-serie-slipstenar-set-5-st\/#primaryimage"},"image":{"@id":"https:\/\/aaknives.eu\/sv\/product\/boride-cs-hd-serie-slipstenar-set-5-st\/#primaryimage"},"thumbnailUrl":"https:\/\/aaknives.eu\/wp-content\/uploads\/2023\/01\/aaknives-hand-forged-dabascus-steel-blade-knife-handmade-custom-made-knife-handcrafted-knives-autinetools-northmen-3-1.jpg","datePublished":"2023-01-16T19:36:44+00:00","description":"Boride CS-HD serie slipstenar set 5 st","breadcrumb":{"@id":"https:\/\/aaknives.eu\/sv\/product\/boride-cs-hd-serie-slipstenar-set-5-st\/#breadcrumb"},"inLanguage":"sv-SE","potentialAction":[{"@type":"ReadAction","target":["https:\/\/aaknives.eu\/sv\/product\/boride-cs-hd-serie-slipstenar-set-5-st\/"]}]},{"@type":"ImageObject","inLanguage":"sv-SE","@id":"https:\/\/aaknives.eu\/sv\/product\/boride-cs-hd-serie-slipstenar-set-5-st\/#primaryimage","url":"https:\/\/aaknives.eu\/wp-content\/uploads\/2023\/01\/aaknives-hand-forged-dabascus-steel-blade-knife-handmade-custom-made-knife-handcrafted-knives-autinetools-northmen-3-1.jpg","contentUrl":"https:\/\/aaknives.eu\/wp-content\/uploads\/2023\/01\/aaknives-hand-forged-dabascus-steel-blade-knife-handmade-custom-made-knife-handcrafted-knives-autinetools-northmen-3-1.jpg","width":1020,"height":880,"caption":"aaknives hand forged dabascus steel blade knife handmade custom made knife handcrafted knives autinetools northmen 3 1"},{"@type":"BreadcrumbList","@id":"https:\/\/aaknives.eu\/sv\/product\/boride-cs-hd-serie-slipstenar-set-5-st\/#breadcrumb","itemListElement":[{"@type":"ListItem","position":1,"name":"Home","item":"https:\/\/aaknives.eu\/sv\/"},{"@type":"ListItem","position":2,"name":"Butik","item":"https:\/\/aaknives.eu\/butik\/"},{"@type":"ListItem","position":3,"name":"Boride CS-HD serie slipstenar set 5 st"}]},{"@type":"WebSite","@id":"https:\/\/aaknives.eu\/sv\/#website","url":"https:\/\/aaknives.eu\/sv\/","name":"AAKnives","description":"Handmade knives","publisher":{"@id":"https:\/\/aaknives.eu\/sv\/#organization"},"potentialAction":[{"@type":"SearchAction","target":{"@type":"EntryPoint","urlTemplate":"https:\/\/aaknives.eu\/sv\/?s={search_term_string}"},"query-input":{"@type":"PropertyValueSpecification","valueRequired":true,"valueName":"search_term_string"}}],"inLanguage":"sv-SE"},{"@type":"Organization","@id":"https:\/\/aaknives.eu\/sv\/#organization","name":"AAKnives","url":"https:\/\/aaknives.eu\/sv\/","logo":{"@type":"ImageObject","inLanguage":"sv-SE","@id":"https:\/\/aaknives.eu\/sv\/#\/schema\/logo\/image\/","url":"https:\/\/aaknives.eu\/wp-content\/uploads\/2021\/10\/AAknives_Logo_Green.png","contentUrl":"https:\/\/aaknives.eu\/wp-content\/uploads\/2021\/10\/AAknives_Logo_Green.png","width":1768,"height":1768,"caption":"AAKnives"},"image":{"@id":"https:\/\/aaknives.eu\/sv\/#\/schema\/logo\/image\/"},"sameAs":["https:\/\/www.facebook.com\/aaknives.eu\/","https:\/\/www.instagram.com\/aaknives\/","https:\/\/www.pinterest.com\/aa_knives\/","https:\/\/www.youtube.com\/channel\/UCHOQFjrOkgT6s4FIw9LDKyw\/featured"]}]}},"_links":{"self":[{"href":"https:\/\/aaknives.eu\/sv\/wp-json\/wp\/v2\/product\/52886","targetHints":{"allow":["GET"]}}],"collection":[{"href":"https:\/\/aaknives.eu\/sv\/wp-json\/wp\/v2\/product"}],"about":[{"href":"https:\/\/aaknives.eu\/sv\/wp-json\/wp\/v2\/types\/product"}],"wp:featuredmedia":[{"embeddable":true,"href":"https:\/\/aaknives.eu\/sv\/wp-json\/wp\/v2\/media\/52887"}],"wp:attachment":[{"href":"https:\/\/aaknives.eu\/sv\/wp-json\/wp\/v2\/media?parent=52886"}],"wp:term":[{"taxonomy":"product_brand","embeddable":true,"href":"https:\/\/aaknives.eu\/sv\/wp-json\/wp\/v2\/product_brand?post=52886"},{"taxonomy":"product_cat","embeddable":true,"href":"https:\/\/aaknives.eu\/sv\/wp-json\/wp\/v2\/product_cat?post=52886"},{"taxonomy":"product_tag","embeddable":true,"href":"https:\/\/aaknives.eu\/sv\/wp-json\/wp\/v2\/product_tag?post=52886"}],"curies":[{"name":"wp","href":"https:\/\/api.w.org\/{rel}","templated":true}]}}