{"id":53535,"date":"2022-05-02T12:06:09","date_gmt":"2022-05-02T12:06:09","guid":{"rendered":"https:\/\/aaknives.eu\/product\/sexdelat-set-med-grillspett-och-laderplanbok-5\/"},"modified":"2022-05-02T12:06:09","modified_gmt":"2022-05-02T12:06:09","slug":"sexdelat-set-med-grillspett-och-laderplanbok-5","status":"publish","type":"product","link":"https:\/\/aaknives.eu\/sv\/product\/sexdelat-set-med-grillspett-och-laderplanbok-5\/","title":{"rendered":"Sexdelat set med grillspett och l\u00e4derpl\u00e5nbok"},"content":{"rendered":"<p>Specifikationer: &#8221;Grillspett&#8221;<br \/>\nSt\u00e5l: handsmidd rostfritt st\u00e5l av h\u00f6g kvalitet<br \/>\nBladets l\u00e4ngd (mm): 415 \/ 16,33 tum<br \/>\nBladets tjocklek (mm): 5 \/ 0,19 tum<br \/>\nBladets bredd (mm): 12 \/ 0,47 tum<br \/>\nHandtag: Afrikanskt Wenge-tr\u00e4 med stora detaljer i m\u00e4ssing<br \/>\nTotal l\u00e4ngd (mm): 640 \/ 25,19 tum<br \/>\nTyp: k\u00f6k<br \/>\nF\u00f6rpackning: spett, l\u00e4derpl\u00e5nbok<\/p>\n","protected":false},"excerpt":{"rendered":"<p>Specifikationer: &#8221;Grillspett&#8221; St\u00e5l: handsmidd rostfritt st\u00e5l av h\u00f6g kvalitet Bladets l\u00e4ngd (mm): 415 \/ 16,33 tum Bladets tjocklek (mm): 5 \/ 0,19 tum Bladets bredd (mm): 12 \/ 0,47 tum Handtag: Afrikanskt Wenge-tr\u00e4 med stora detaljer i m\u00e4ssing Total l\u00e4ngd (mm): 640 \/ 25,19 tum Typ: k\u00f6k F\u00f6rpackning: spett, l\u00e4derpl\u00e5nbok<\/p>\n","protected":false},"featured_media":53536,"template":"","meta":{"_themeisle_gutenberg_block_has_review":false},"product_brand":[],"product_cat":[432,423],"product_tag":[],"class_list":{"0":"post-53535","1":"product","2":"type-product","3":"status-publish","4":"has-post-thumbnail","6":"product_cat-grillspett","7":"product_cat-koksknivar","9":"first","10":"instock","11":"shipping-taxable","12":"purchasable","13":"product-type-simple"},"yoast_head":"<!-- This site is optimized with the Yoast SEO plugin v27.3 - https:\/\/yoast.com\/product\/yoast-seo-wordpress\/ -->\n<title>Sexdelat set med grillspett och l\u00e4derpl\u00e5nbok - AAKnives<\/title>\n<meta name=\"description\" content=\"Sexdelat set med grillspett och l\u00e4derpl\u00e5nbok\" \/>\n<meta name=\"robots\" content=\"index, follow, max-snippet:-1, max-image-preview:large, max-video-preview:-1\" \/>\n<link rel=\"canonical\" href=\"https:\/\/aaknives.eu\/sv\/product\/sexdelat-set-med-grillspett-och-laderplanbok-5\/\" \/>\n<meta property=\"og:locale\" content=\"sv_SE\" \/>\n<meta property=\"og:type\" content=\"article\" \/>\n<meta property=\"og:title\" content=\"Sexdelat set med grillspett och l\u00e4derpl\u00e5nbok - AAKnives\" \/>\n<meta property=\"og:description\" content=\"Sexdelat set med grillspett och l\u00e4derpl\u00e5nbok\" \/>\n<meta property=\"og:url\" content=\"https:\/\/aaknives.eu\/sv\/product\/sexdelat-set-med-grillspett-och-laderplanbok-5\/\" \/>\n<meta property=\"og:site_name\" content=\"AAKnives\" \/>\n<meta property=\"article:publisher\" content=\"https:\/\/www.facebook.com\/aaknives.eu\/\" \/>\n<meta property=\"og:image\" content=\"https:\/\/aaknives.eu\/wp-content\/uploads\/2022\/05\/img-6997.jpg\" \/>\n\t<meta property=\"og:image:width\" content=\"1020\" \/>\n\t<meta property=\"og:image:height\" content=\"880\" \/>\n\t<meta property=\"og:image:type\" content=\"image\/jpeg\" \/>\n<meta name=\"twitter:card\" content=\"summary_large_image\" \/>\n<script type=\"application\/ld+json\" class=\"yoast-schema-graph\">{\"@context\":\"https:\\\/\\\/schema.org\",\"@graph\":[{\"@type\":\"WebPage\",\"@id\":\"https:\\\/\\\/aaknives.eu\\\/sv\\\/product\\\/sexdelat-set-med-grillspett-och-laderplanbok-5\\\/\",\"url\":\"https:\\\/\\\/aaknives.eu\\\/sv\\\/product\\\/sexdelat-set-med-grillspett-och-laderplanbok-5\\\/\",\"name\":\"Sexdelat set med grillspett och l\u00e4derpl\u00e5nbok - AAKnives\",\"isPartOf\":{\"@id\":\"https:\\\/\\\/aaknives.eu\\\/sv\\\/#website\"},\"primaryImageOfPage\":{\"@id\":\"https:\\\/\\\/aaknives.eu\\\/sv\\\/product\\\/sexdelat-set-med-grillspett-och-laderplanbok-5\\\/#primaryimage\"},\"image\":{\"@id\":\"https:\\\/\\\/aaknives.eu\\\/sv\\\/product\\\/sexdelat-set-med-grillspett-och-laderplanbok-5\\\/#primaryimage\"},\"thumbnailUrl\":\"https:\\\/\\\/aaknives.eu\\\/wp-content\\\/uploads\\\/2022\\\/05\\\/img-6997.jpg\",\"datePublished\":\"2022-05-02T12:06:09+00:00\",\"description\":\"Sexdelat set med grillspett och l\u00e4derpl\u00e5nbok\",\"breadcrumb\":{\"@id\":\"https:\\\/\\\/aaknives.eu\\\/sv\\\/product\\\/sexdelat-set-med-grillspett-och-laderplanbok-5\\\/#breadcrumb\"},\"inLanguage\":\"sv-SE\",\"potentialAction\":[{\"@type\":\"ReadAction\",\"target\":[\"https:\\\/\\\/aaknives.eu\\\/sv\\\/product\\\/sexdelat-set-med-grillspett-och-laderplanbok-5\\\/\"]}]},{\"@type\":\"ImageObject\",\"inLanguage\":\"sv-SE\",\"@id\":\"https:\\\/\\\/aaknives.eu\\\/sv\\\/product\\\/sexdelat-set-med-grillspett-och-laderplanbok-5\\\/#primaryimage\",\"url\":\"https:\\\/\\\/aaknives.eu\\\/wp-content\\\/uploads\\\/2022\\\/05\\\/img-6997.jpg\",\"contentUrl\":\"https:\\\/\\\/aaknives.eu\\\/wp-content\\\/uploads\\\/2022\\\/05\\\/img-6997.jpg\",\"width\":1020,\"height\":880,\"caption\":\"img 6997\"},{\"@type\":\"BreadcrumbList\",\"@id\":\"https:\\\/\\\/aaknives.eu\\\/sv\\\/product\\\/sexdelat-set-med-grillspett-och-laderplanbok-5\\\/#breadcrumb\",\"itemListElement\":[{\"@type\":\"ListItem\",\"position\":1,\"name\":\"Home\",\"item\":\"https:\\\/\\\/aaknives.eu\\\/sv\\\/\"},{\"@type\":\"ListItem\",\"position\":2,\"name\":\"Butik\",\"item\":\"https:\\\/\\\/aaknives.eu\\\/butik\\\/\"},{\"@type\":\"ListItem\",\"position\":3,\"name\":\"Sexdelat set med grillspett och l\u00e4derpl\u00e5nbok\"}]},{\"@type\":\"WebSite\",\"@id\":\"https:\\\/\\\/aaknives.eu\\\/sv\\\/#website\",\"url\":\"https:\\\/\\\/aaknives.eu\\\/sv\\\/\",\"name\":\"AAKnives\",\"description\":\"Handmade knives\",\"publisher\":{\"@id\":\"https:\\\/\\\/aaknives.eu\\\/sv\\\/#organization\"},\"potentialAction\":[{\"@type\":\"SearchAction\",\"target\":{\"@type\":\"EntryPoint\",\"urlTemplate\":\"https:\\\/\\\/aaknives.eu\\\/sv\\\/?s={search_term_string}\"},\"query-input\":{\"@type\":\"PropertyValueSpecification\",\"valueRequired\":true,\"valueName\":\"search_term_string\"}}],\"inLanguage\":\"sv-SE\"},{\"@type\":\"Organization\",\"@id\":\"https:\\\/\\\/aaknives.eu\\\/sv\\\/#organization\",\"name\":\"AAKnives\",\"url\":\"https:\\\/\\\/aaknives.eu\\\/sv\\\/\",\"logo\":{\"@type\":\"ImageObject\",\"inLanguage\":\"sv-SE\",\"@id\":\"https:\\\/\\\/aaknives.eu\\\/sv\\\/#\\\/schema\\\/logo\\\/image\\\/\",\"url\":\"https:\\\/\\\/aaknives.eu\\\/wp-content\\\/uploads\\\/2021\\\/10\\\/AAknives_Logo_Green.png\",\"contentUrl\":\"https:\\\/\\\/aaknives.eu\\\/wp-content\\\/uploads\\\/2021\\\/10\\\/AAknives_Logo_Green.png\",\"width\":1768,\"height\":1768,\"caption\":\"AAKnives\"},\"image\":{\"@id\":\"https:\\\/\\\/aaknives.eu\\\/sv\\\/#\\\/schema\\\/logo\\\/image\\\/\"},\"sameAs\":[\"https:\\\/\\\/www.facebook.com\\\/aaknives.eu\\\/\",\"https:\\\/\\\/www.instagram.com\\\/aaknives\\\/\",\"https:\\\/\\\/www.pinterest.com\\\/aa_knives\\\/\",\"https:\\\/\\\/www.youtube.com\\\/channel\\\/UCHOQFjrOkgT6s4FIw9LDKyw\\\/featured\"]}]}<\/script>\n<!-- \/ Yoast SEO plugin. -->","yoast_head_json":{"title":"Sexdelat set med grillspett och l\u00e4derpl\u00e5nbok - AAKnives","description":"Sexdelat set med grillspett och l\u00e4derpl\u00e5nbok","robots":{"index":"index","follow":"follow","max-snippet":"max-snippet:-1","max-image-preview":"max-image-preview:large","max-video-preview":"max-video-preview:-1"},"canonical":"https:\/\/aaknives.eu\/sv\/product\/sexdelat-set-med-grillspett-och-laderplanbok-5\/","og_locale":"sv_SE","og_type":"article","og_title":"Sexdelat set med grillspett och l\u00e4derpl\u00e5nbok - AAKnives","og_description":"Sexdelat set med grillspett och l\u00e4derpl\u00e5nbok","og_url":"https:\/\/aaknives.eu\/sv\/product\/sexdelat-set-med-grillspett-och-laderplanbok-5\/","og_site_name":"AAKnives","article_publisher":"https:\/\/www.facebook.com\/aaknives.eu\/","og_image":[{"width":1020,"height":880,"url":"https:\/\/aaknives.eu\/wp-content\/uploads\/2022\/05\/img-6997.jpg","type":"image\/jpeg"}],"twitter_card":"summary_large_image","schema":{"@context":"https:\/\/schema.org","@graph":[{"@type":"WebPage","@id":"https:\/\/aaknives.eu\/sv\/product\/sexdelat-set-med-grillspett-och-laderplanbok-5\/","url":"https:\/\/aaknives.eu\/sv\/product\/sexdelat-set-med-grillspett-och-laderplanbok-5\/","name":"Sexdelat set med grillspett och l\u00e4derpl\u00e5nbok - AAKnives","isPartOf":{"@id":"https:\/\/aaknives.eu\/sv\/#website"},"primaryImageOfPage":{"@id":"https:\/\/aaknives.eu\/sv\/product\/sexdelat-set-med-grillspett-och-laderplanbok-5\/#primaryimage"},"image":{"@id":"https:\/\/aaknives.eu\/sv\/product\/sexdelat-set-med-grillspett-och-laderplanbok-5\/#primaryimage"},"thumbnailUrl":"https:\/\/aaknives.eu\/wp-content\/uploads\/2022\/05\/img-6997.jpg","datePublished":"2022-05-02T12:06:09+00:00","description":"Sexdelat set med grillspett och l\u00e4derpl\u00e5nbok","breadcrumb":{"@id":"https:\/\/aaknives.eu\/sv\/product\/sexdelat-set-med-grillspett-och-laderplanbok-5\/#breadcrumb"},"inLanguage":"sv-SE","potentialAction":[{"@type":"ReadAction","target":["https:\/\/aaknives.eu\/sv\/product\/sexdelat-set-med-grillspett-och-laderplanbok-5\/"]}]},{"@type":"ImageObject","inLanguage":"sv-SE","@id":"https:\/\/aaknives.eu\/sv\/product\/sexdelat-set-med-grillspett-och-laderplanbok-5\/#primaryimage","url":"https:\/\/aaknives.eu\/wp-content\/uploads\/2022\/05\/img-6997.jpg","contentUrl":"https:\/\/aaknives.eu\/wp-content\/uploads\/2022\/05\/img-6997.jpg","width":1020,"height":880,"caption":"img 6997"},{"@type":"BreadcrumbList","@id":"https:\/\/aaknives.eu\/sv\/product\/sexdelat-set-med-grillspett-och-laderplanbok-5\/#breadcrumb","itemListElement":[{"@type":"ListItem","position":1,"name":"Home","item":"https:\/\/aaknives.eu\/sv\/"},{"@type":"ListItem","position":2,"name":"Butik","item":"https:\/\/aaknives.eu\/butik\/"},{"@type":"ListItem","position":3,"name":"Sexdelat set med grillspett och l\u00e4derpl\u00e5nbok"}]},{"@type":"WebSite","@id":"https:\/\/aaknives.eu\/sv\/#website","url":"https:\/\/aaknives.eu\/sv\/","name":"AAKnives","description":"Handmade knives","publisher":{"@id":"https:\/\/aaknives.eu\/sv\/#organization"},"potentialAction":[{"@type":"SearchAction","target":{"@type":"EntryPoint","urlTemplate":"https:\/\/aaknives.eu\/sv\/?s={search_term_string}"},"query-input":{"@type":"PropertyValueSpecification","valueRequired":true,"valueName":"search_term_string"}}],"inLanguage":"sv-SE"},{"@type":"Organization","@id":"https:\/\/aaknives.eu\/sv\/#organization","name":"AAKnives","url":"https:\/\/aaknives.eu\/sv\/","logo":{"@type":"ImageObject","inLanguage":"sv-SE","@id":"https:\/\/aaknives.eu\/sv\/#\/schema\/logo\/image\/","url":"https:\/\/aaknives.eu\/wp-content\/uploads\/2021\/10\/AAknives_Logo_Green.png","contentUrl":"https:\/\/aaknives.eu\/wp-content\/uploads\/2021\/10\/AAknives_Logo_Green.png","width":1768,"height":1768,"caption":"AAKnives"},"image":{"@id":"https:\/\/aaknives.eu\/sv\/#\/schema\/logo\/image\/"},"sameAs":["https:\/\/www.facebook.com\/aaknives.eu\/","https:\/\/www.instagram.com\/aaknives\/","https:\/\/www.pinterest.com\/aa_knives\/","https:\/\/www.youtube.com\/channel\/UCHOQFjrOkgT6s4FIw9LDKyw\/featured"]}]}},"_links":{"self":[{"href":"https:\/\/aaknives.eu\/sv\/wp-json\/wp\/v2\/product\/53535","targetHints":{"allow":["GET"]}}],"collection":[{"href":"https:\/\/aaknives.eu\/sv\/wp-json\/wp\/v2\/product"}],"about":[{"href":"https:\/\/aaknives.eu\/sv\/wp-json\/wp\/v2\/types\/product"}],"wp:featuredmedia":[{"embeddable":true,"href":"https:\/\/aaknives.eu\/sv\/wp-json\/wp\/v2\/media\/53536"}],"wp:attachment":[{"href":"https:\/\/aaknives.eu\/sv\/wp-json\/wp\/v2\/media?parent=53535"}],"wp:term":[{"taxonomy":"product_brand","embeddable":true,"href":"https:\/\/aaknives.eu\/sv\/wp-json\/wp\/v2\/product_brand?post=53535"},{"taxonomy":"product_cat","embeddable":true,"href":"https:\/\/aaknives.eu\/sv\/wp-json\/wp\/v2\/product_cat?post=53535"},{"taxonomy":"product_tag","embeddable":true,"href":"https:\/\/aaknives.eu\/sv\/wp-json\/wp\/v2\/product_tag?post=53535"}],"curies":[{"name":"wp","href":"https:\/\/api.w.org\/{rel}","templated":true}]}}