{"id":53854,"date":"2022-02-08T11:08:02","date_gmt":"2022-02-08T11:08:02","guid":{"rendered":"https:\/\/aaknives.eu\/product\/kniv-gator-bohler-uddeholm-s390-knivstal\/"},"modified":"2025-09-29T18:46:54","modified_gmt":"2025-09-29T18:46:54","slug":"kniv-gator-bohler-uddeholm-s390-knivstal","status":"publish","type":"product","link":"https:\/\/aaknives.eu\/sv\/product\/kniv-gator-bohler-uddeholm-s390-knivstal\/","title":{"rendered":"Knife &#8221;GATOR&#8221;, Bohler-Uddeholm S390 Knife Steel, Stabilized Karelian Birch + Stabilized Mammoth tusk"},"content":{"rendered":"<p>Specifikationer f\u00f6r kniven: &#8221;GATOR&#8221;<br \/>\nSt\u00e5l: Bohler-Uddeholm S390 knivst\u00e5l<br \/>\nH\u00e5rdhet: 65-68 HRC<br \/>\nBladets l\u00e4ngd (mm): 147 \/ 5,78 tum<br \/>\nBladets tjocklek (mm): 2 \/ 0,07 tum<br \/>\nBladbredd (mm): 36 \/ 1,41 tum<br \/>\nHandle: Stabilized Karelian Birch + Stabilized Mammoth tusk<br \/>\nTotal l\u00e4ngd (mm): 276 \/ 10,86 tum<br \/>\nKnivtyp: jakt, utomhusbruk<br \/>\nF\u00f6rpackning: kniv, l\u00e4derh\u00f6lje<\/p>\n<p>S390(Bohler-Uddeholm) &#8211; Bohler-Uddeholm PM st\u00e5l. Verktygsst\u00e5l med h\u00f6g seghet och r\u00f6dgl\u00f6dgad h\u00e5rdhet. God seghet och slitstyrka. Motsvarar ungef\u00e4r AISI T15 h\u00f6ghastighetsverktygsst\u00e5l. Jag kommer snart att flytta denna legering till en egen grupp, eftersom S390 Microclean inte ligger s\u00e5 n\u00e4ra vare sig AISI T15-st\u00e5l eller AISI M3:1Co att det \u00e4r motiverat att ha den i samma grupp.<\/p>\n<p>Samtidigt har Schweiz precis publicerat en video (09\/23\/19) med testresultat fr\u00e5n S390 Microclean, d\u00e4r den tunnbladiga kniven, med 0,02&#8243; bakom eggen, lyckades sk\u00e4ra igenom st\u00e5lspiken och m\u00e4ssingsr\u00f6ret utan att eggen skadades. Testkniven hade en mycket imponerande 68 HRC. Sammantaget, fr\u00e5n vad vi kan se baserat p\u00e5 publicerade data och tester, kan S390 Microclean-st\u00e5l vara extremt h\u00f6gpresterande, och jag antar att baserat p\u00e5 det v\u00e4rmebehandlingsprotokoll som anv\u00e4nds kan det fungera mycket bra med b\u00e5de h\u00f6gpresterande knivar och de st\u00f6rre, mer tunganv\u00e4nda knivarna. V\u00e4rt att notera \u00e4r ocks\u00e5 att karbidstorleken ligger i intervallet 3\u00b5m-5\u00b5m, vilket \u00e4r ganska fint j\u00e4mf\u00f6rt med m\u00e5nga andra h\u00f6glegerade st\u00e5l.<\/p>\n","protected":false},"excerpt":{"rendered":"<p>Specifikationer f\u00f6r kniven: &#8221;GATOR&#8221; St\u00e5l: Bohler-Uddeholm S390 knivst\u00e5l H\u00e5rdhet: 65-68 HRC Bladets l\u00e4ngd (mm): 147 \/ 5,78 tum Bladets tjocklek (mm): 2 \/ 0,07 tum Bladbredd (mm): 36 \/ 1,41 tum Handle: Stabilized Karelian Birch + Stabilized Mammoth tusk Total l\u00e4ngd (mm): 276 \/ 10,86 tum Knivtyp: jakt, utomhusbruk F\u00f6rpackning: kniv, l\u00e4derh\u00f6lje S390(Bohler-Uddeholm) &#8211; Bohler-Uddeholm PM st\u00e5l. Verktygsst\u00e5l med h\u00f6g seghet och r\u00f6dgl\u00f6dgad h\u00e5rdhet. God seghet och slitstyrka. Motsvarar ungef\u00e4r AISI T15 h\u00f6ghastighetsverktygsst\u00e5l. Jag kommer snart att flytta denna legering till en egen grupp, eftersom S390 Microclean inte ligger s\u00e5 n\u00e4ra vare sig AISI T15-st\u00e5l eller AISI M3:1Co att det&hellip;<\/p>\n","protected":false},"featured_media":102121,"template":"","meta":{"_themeisle_gutenberg_block_has_review":false},"product_brand":[],"product_cat":[422,414,413,418],"product_tag":[],"class_list":{"0":"post-53854","1":"product","2":"type-product","3":"status-publish","4":"has-post-thumbnail","6":"product_cat-fiskeknivar","7":"product_cat-jaktknivar","8":"product_cat-knivar-for-utomhusbruk","9":"product_cat-premium-och-exklusiva-knivar","11":"first","12":"instock","13":"shipping-taxable","14":"purchasable","15":"product-type-simple"},"yoast_head":"<!-- This site is optimized with the Yoast SEO plugin v27.3 - https:\/\/yoast.com\/product\/yoast-seo-wordpress\/ -->\n<title>Knife &#039;&#039;GATOR&#039;&#039;, Bohler-Uddeholm S390 Knife Steel, Stabilized Karelian Birch + Stabilized Mammoth tusk - AAKnives<\/title>\n<meta name=\"description\" content=\"Knife &#039;&#039;GATOR&#039;&#039;, Bohler-Uddeholm S390 Knife Steel, Stabilized Karelian Birch + Stabilized Mammoth tusk\" \/>\n<meta name=\"robots\" content=\"index, follow, max-snippet:-1, max-image-preview:large, max-video-preview:-1\" \/>\n<link rel=\"canonical\" href=\"https:\/\/aaknives.eu\/sv\/product\/kniv-gator-bohler-uddeholm-s390-knivstal\/\" \/>\n<meta property=\"og:locale\" content=\"sv_SE\" \/>\n<meta property=\"og:type\" content=\"article\" \/>\n<meta property=\"og:title\" content=\"Knife &#039;&#039;GATOR&#039;&#039;, Bohler-Uddeholm S390 Knife Steel, Stabilized Karelian Birch + Stabilized Mammoth tusk - AAKnives\" \/>\n<meta property=\"og:description\" content=\"Knife &#039;&#039;GATOR&#039;&#039;, Bohler-Uddeholm S390 Knife Steel, Stabilized Karelian Birch + Stabilized Mammoth tusk\" \/>\n<meta property=\"og:url\" content=\"https:\/\/aaknives.eu\/sv\/product\/kniv-gator-bohler-uddeholm-s390-knivstal\/\" \/>\n<meta property=\"og:site_name\" content=\"AAKnives\" \/>\n<meta property=\"article:publisher\" content=\"https:\/\/www.facebook.com\/aaknives.eu\/\" \/>\n<meta property=\"article:modified_time\" content=\"2025-09-29T18:46:54+00:00\" \/>\n<meta property=\"og:image\" content=\"https:\/\/aaknives.eu\/wp-content\/uploads\/2022\/02\/aaknives-hand-forged-damascus-steel-blade-knife-handmade-custom-made-knife-handcrafted-knives-autinetools-northmen-1-72.jpg\" \/>\n\t<meta property=\"og:image:width\" content=\"1020\" \/>\n\t<meta property=\"og:image:height\" content=\"880\" \/>\n\t<meta property=\"og:image:type\" content=\"image\/jpeg\" \/>\n<meta name=\"twitter:card\" content=\"summary_large_image\" \/>\n<meta name=\"twitter:label1\" content=\"Ber\u00e4knad l\u00e4stid\" \/>\n\t<meta name=\"twitter:data1\" content=\"1 minut\" \/>\n<script type=\"application\/ld+json\" class=\"yoast-schema-graph\">{\"@context\":\"https:\\\/\\\/schema.org\",\"@graph\":[{\"@type\":\"WebPage\",\"@id\":\"https:\\\/\\\/aaknives.eu\\\/sv\\\/product\\\/kniv-gator-bohler-uddeholm-s390-knivstal\\\/\",\"url\":\"https:\\\/\\\/aaknives.eu\\\/sv\\\/product\\\/kniv-gator-bohler-uddeholm-s390-knivstal\\\/\",\"name\":\"Knife ''GATOR'', Bohler-Uddeholm S390 Knife Steel, Stabilized Karelian Birch + Stabilized Mammoth tusk - AAKnives\",\"isPartOf\":{\"@id\":\"https:\\\/\\\/aaknives.eu\\\/sv\\\/#website\"},\"primaryImageOfPage\":{\"@id\":\"https:\\\/\\\/aaknives.eu\\\/sv\\\/product\\\/kniv-gator-bohler-uddeholm-s390-knivstal\\\/#primaryimage\"},\"image\":{\"@id\":\"https:\\\/\\\/aaknives.eu\\\/sv\\\/product\\\/kniv-gator-bohler-uddeholm-s390-knivstal\\\/#primaryimage\"},\"thumbnailUrl\":\"https:\\\/\\\/aaknives.eu\\\/wp-content\\\/uploads\\\/2022\\\/02\\\/aaknives-hand-forged-damascus-steel-blade-knife-handmade-custom-made-knife-handcrafted-knives-autinetools-northmen-1-72.jpg\",\"datePublished\":\"2022-02-08T11:08:02+00:00\",\"dateModified\":\"2025-09-29T18:46:54+00:00\",\"description\":\"Knife ''GATOR'', Bohler-Uddeholm S390 Knife Steel, Stabilized Karelian Birch + Stabilized Mammoth tusk\",\"breadcrumb\":{\"@id\":\"https:\\\/\\\/aaknives.eu\\\/sv\\\/product\\\/kniv-gator-bohler-uddeholm-s390-knivstal\\\/#breadcrumb\"},\"inLanguage\":\"sv-SE\",\"potentialAction\":[{\"@type\":\"ReadAction\",\"target\":[\"https:\\\/\\\/aaknives.eu\\\/sv\\\/product\\\/kniv-gator-bohler-uddeholm-s390-knivstal\\\/\"]}]},{\"@type\":\"ImageObject\",\"inLanguage\":\"sv-SE\",\"@id\":\"https:\\\/\\\/aaknives.eu\\\/sv\\\/product\\\/kniv-gator-bohler-uddeholm-s390-knivstal\\\/#primaryimage\",\"url\":\"https:\\\/\\\/aaknives.eu\\\/wp-content\\\/uploads\\\/2022\\\/02\\\/aaknives-hand-forged-damascus-steel-blade-knife-handmade-custom-made-knife-handcrafted-knives-autinetools-northmen-1-72.jpg\",\"contentUrl\":\"https:\\\/\\\/aaknives.eu\\\/wp-content\\\/uploads\\\/2022\\\/02\\\/aaknives-hand-forged-damascus-steel-blade-knife-handmade-custom-made-knife-handcrafted-knives-autinetools-northmen-1-72.jpg\",\"width\":1020,\"height\":880},{\"@type\":\"BreadcrumbList\",\"@id\":\"https:\\\/\\\/aaknives.eu\\\/sv\\\/product\\\/kniv-gator-bohler-uddeholm-s390-knivstal\\\/#breadcrumb\",\"itemListElement\":[{\"@type\":\"ListItem\",\"position\":1,\"name\":\"Home\",\"item\":\"https:\\\/\\\/aaknives.eu\\\/sv\\\/\"},{\"@type\":\"ListItem\",\"position\":2,\"name\":\"Butik\",\"item\":\"https:\\\/\\\/aaknives.eu\\\/butik\\\/\"},{\"@type\":\"ListItem\",\"position\":3,\"name\":\"Knife &#8221;GATOR&#8221;, Bohler-Uddeholm S390 Knife Steel, Stabilized Karelian Birch + Stabilized Mammoth tusk\"}]},{\"@type\":\"WebSite\",\"@id\":\"https:\\\/\\\/aaknives.eu\\\/sv\\\/#website\",\"url\":\"https:\\\/\\\/aaknives.eu\\\/sv\\\/\",\"name\":\"AAKnives\",\"description\":\"Handmade knives\",\"publisher\":{\"@id\":\"https:\\\/\\\/aaknives.eu\\\/sv\\\/#organization\"},\"potentialAction\":[{\"@type\":\"SearchAction\",\"target\":{\"@type\":\"EntryPoint\",\"urlTemplate\":\"https:\\\/\\\/aaknives.eu\\\/sv\\\/?s={search_term_string}\"},\"query-input\":{\"@type\":\"PropertyValueSpecification\",\"valueRequired\":true,\"valueName\":\"search_term_string\"}}],\"inLanguage\":\"sv-SE\"},{\"@type\":\"Organization\",\"@id\":\"https:\\\/\\\/aaknives.eu\\\/sv\\\/#organization\",\"name\":\"AAKnives\",\"url\":\"https:\\\/\\\/aaknives.eu\\\/sv\\\/\",\"logo\":{\"@type\":\"ImageObject\",\"inLanguage\":\"sv-SE\",\"@id\":\"https:\\\/\\\/aaknives.eu\\\/sv\\\/#\\\/schema\\\/logo\\\/image\\\/\",\"url\":\"https:\\\/\\\/aaknives.eu\\\/wp-content\\\/uploads\\\/2021\\\/10\\\/AAknives_Logo_Green.png\",\"contentUrl\":\"https:\\\/\\\/aaknives.eu\\\/wp-content\\\/uploads\\\/2021\\\/10\\\/AAknives_Logo_Green.png\",\"width\":1768,\"height\":1768,\"caption\":\"AAKnives\"},\"image\":{\"@id\":\"https:\\\/\\\/aaknives.eu\\\/sv\\\/#\\\/schema\\\/logo\\\/image\\\/\"},\"sameAs\":[\"https:\\\/\\\/www.facebook.com\\\/aaknives.eu\\\/\",\"https:\\\/\\\/www.instagram.com\\\/aaknives\\\/\",\"https:\\\/\\\/www.pinterest.com\\\/aa_knives\\\/\",\"https:\\\/\\\/www.youtube.com\\\/channel\\\/UCHOQFjrOkgT6s4FIw9LDKyw\\\/featured\"]}]}<\/script>\n<!-- \/ Yoast SEO plugin. -->","yoast_head_json":{"title":"Knife ''GATOR'', Bohler-Uddeholm S390 Knife Steel, Stabilized Karelian Birch + Stabilized Mammoth tusk - AAKnives","description":"Knife ''GATOR'', Bohler-Uddeholm S390 Knife Steel, Stabilized Karelian Birch + Stabilized Mammoth tusk","robots":{"index":"index","follow":"follow","max-snippet":"max-snippet:-1","max-image-preview":"max-image-preview:large","max-video-preview":"max-video-preview:-1"},"canonical":"https:\/\/aaknives.eu\/sv\/product\/kniv-gator-bohler-uddeholm-s390-knivstal\/","og_locale":"sv_SE","og_type":"article","og_title":"Knife ''GATOR'', Bohler-Uddeholm S390 Knife Steel, Stabilized Karelian Birch + Stabilized Mammoth tusk - AAKnives","og_description":"Knife ''GATOR'', Bohler-Uddeholm S390 Knife Steel, Stabilized Karelian Birch + Stabilized Mammoth tusk","og_url":"https:\/\/aaknives.eu\/sv\/product\/kniv-gator-bohler-uddeholm-s390-knivstal\/","og_site_name":"AAKnives","article_publisher":"https:\/\/www.facebook.com\/aaknives.eu\/","article_modified_time":"2025-09-29T18:46:54+00:00","og_image":[{"width":1020,"height":880,"url":"https:\/\/aaknives.eu\/wp-content\/uploads\/2022\/02\/aaknives-hand-forged-damascus-steel-blade-knife-handmade-custom-made-knife-handcrafted-knives-autinetools-northmen-1-72.jpg","type":"image\/jpeg"}],"twitter_card":"summary_large_image","twitter_misc":{"Ber\u00e4knad l\u00e4stid":"1 minut"},"schema":{"@context":"https:\/\/schema.org","@graph":[{"@type":"WebPage","@id":"https:\/\/aaknives.eu\/sv\/product\/kniv-gator-bohler-uddeholm-s390-knivstal\/","url":"https:\/\/aaknives.eu\/sv\/product\/kniv-gator-bohler-uddeholm-s390-knivstal\/","name":"Knife ''GATOR'', Bohler-Uddeholm S390 Knife Steel, Stabilized Karelian Birch + Stabilized Mammoth tusk - AAKnives","isPartOf":{"@id":"https:\/\/aaknives.eu\/sv\/#website"},"primaryImageOfPage":{"@id":"https:\/\/aaknives.eu\/sv\/product\/kniv-gator-bohler-uddeholm-s390-knivstal\/#primaryimage"},"image":{"@id":"https:\/\/aaknives.eu\/sv\/product\/kniv-gator-bohler-uddeholm-s390-knivstal\/#primaryimage"},"thumbnailUrl":"https:\/\/aaknives.eu\/wp-content\/uploads\/2022\/02\/aaknives-hand-forged-damascus-steel-blade-knife-handmade-custom-made-knife-handcrafted-knives-autinetools-northmen-1-72.jpg","datePublished":"2022-02-08T11:08:02+00:00","dateModified":"2025-09-29T18:46:54+00:00","description":"Knife ''GATOR'', Bohler-Uddeholm S390 Knife Steel, Stabilized Karelian Birch + Stabilized Mammoth tusk","breadcrumb":{"@id":"https:\/\/aaknives.eu\/sv\/product\/kniv-gator-bohler-uddeholm-s390-knivstal\/#breadcrumb"},"inLanguage":"sv-SE","potentialAction":[{"@type":"ReadAction","target":["https:\/\/aaknives.eu\/sv\/product\/kniv-gator-bohler-uddeholm-s390-knivstal\/"]}]},{"@type":"ImageObject","inLanguage":"sv-SE","@id":"https:\/\/aaknives.eu\/sv\/product\/kniv-gator-bohler-uddeholm-s390-knivstal\/#primaryimage","url":"https:\/\/aaknives.eu\/wp-content\/uploads\/2022\/02\/aaknives-hand-forged-damascus-steel-blade-knife-handmade-custom-made-knife-handcrafted-knives-autinetools-northmen-1-72.jpg","contentUrl":"https:\/\/aaknives.eu\/wp-content\/uploads\/2022\/02\/aaknives-hand-forged-damascus-steel-blade-knife-handmade-custom-made-knife-handcrafted-knives-autinetools-northmen-1-72.jpg","width":1020,"height":880},{"@type":"BreadcrumbList","@id":"https:\/\/aaknives.eu\/sv\/product\/kniv-gator-bohler-uddeholm-s390-knivstal\/#breadcrumb","itemListElement":[{"@type":"ListItem","position":1,"name":"Home","item":"https:\/\/aaknives.eu\/sv\/"},{"@type":"ListItem","position":2,"name":"Butik","item":"https:\/\/aaknives.eu\/butik\/"},{"@type":"ListItem","position":3,"name":"Knife &#8221;GATOR&#8221;, Bohler-Uddeholm S390 Knife Steel, Stabilized Karelian Birch + Stabilized Mammoth tusk"}]},{"@type":"WebSite","@id":"https:\/\/aaknives.eu\/sv\/#website","url":"https:\/\/aaknives.eu\/sv\/","name":"AAKnives","description":"Handmade knives","publisher":{"@id":"https:\/\/aaknives.eu\/sv\/#organization"},"potentialAction":[{"@type":"SearchAction","target":{"@type":"EntryPoint","urlTemplate":"https:\/\/aaknives.eu\/sv\/?s={search_term_string}"},"query-input":{"@type":"PropertyValueSpecification","valueRequired":true,"valueName":"search_term_string"}}],"inLanguage":"sv-SE"},{"@type":"Organization","@id":"https:\/\/aaknives.eu\/sv\/#organization","name":"AAKnives","url":"https:\/\/aaknives.eu\/sv\/","logo":{"@type":"ImageObject","inLanguage":"sv-SE","@id":"https:\/\/aaknives.eu\/sv\/#\/schema\/logo\/image\/","url":"https:\/\/aaknives.eu\/wp-content\/uploads\/2021\/10\/AAknives_Logo_Green.png","contentUrl":"https:\/\/aaknives.eu\/wp-content\/uploads\/2021\/10\/AAknives_Logo_Green.png","width":1768,"height":1768,"caption":"AAKnives"},"image":{"@id":"https:\/\/aaknives.eu\/sv\/#\/schema\/logo\/image\/"},"sameAs":["https:\/\/www.facebook.com\/aaknives.eu\/","https:\/\/www.instagram.com\/aaknives\/","https:\/\/www.pinterest.com\/aa_knives\/","https:\/\/www.youtube.com\/channel\/UCHOQFjrOkgT6s4FIw9LDKyw\/featured"]}]}},"_links":{"self":[{"href":"https:\/\/aaknives.eu\/sv\/wp-json\/wp\/v2\/product\/53854","targetHints":{"allow":["GET"]}}],"collection":[{"href":"https:\/\/aaknives.eu\/sv\/wp-json\/wp\/v2\/product"}],"about":[{"href":"https:\/\/aaknives.eu\/sv\/wp-json\/wp\/v2\/types\/product"}],"wp:featuredmedia":[{"embeddable":true,"href":"https:\/\/aaknives.eu\/sv\/wp-json\/wp\/v2\/media\/102121"}],"wp:attachment":[{"href":"https:\/\/aaknives.eu\/sv\/wp-json\/wp\/v2\/media?parent=53854"}],"wp:term":[{"taxonomy":"product_brand","embeddable":true,"href":"https:\/\/aaknives.eu\/sv\/wp-json\/wp\/v2\/product_brand?post=53854"},{"taxonomy":"product_cat","embeddable":true,"href":"https:\/\/aaknives.eu\/sv\/wp-json\/wp\/v2\/product_cat?post=53854"},{"taxonomy":"product_tag","embeddable":true,"href":"https:\/\/aaknives.eu\/sv\/wp-json\/wp\/v2\/product_tag?post=53854"}],"curies":[{"name":"wp","href":"https:\/\/api.w.org\/{rel}","templated":true}]}}