{"id":54076,"date":"2020-11-09T19:37:28","date_gmt":"2020-11-09T19:37:28","guid":{"rendered":"https:\/\/aaknives.eu\/product\/kniv-leuku-big-handsmidd-kniv-med-fast-blad-i-damaskusstal\/"},"modified":"2020-11-09T19:37:28","modified_gmt":"2020-11-09T19:37:28","slug":"kniv-leuku-big-handsmidd-kniv-med-fast-blad-i-damaskusstal","status":"publish","type":"product","link":"https:\/\/aaknives.eu\/sv\/product\/kniv-leuku-big-handsmidd-kniv-med-fast-blad-i-damaskusstal\/","title":{"rendered":"Kniv &#8221;LEUKU &#8211; BIG&#8221;, handsmidd kniv med fast blad i Damaskusst\u00e5l"},"content":{"rendered":"<p>Specifikationer f\u00f6r kniv: LEUKU &#8211; STOR<br \/>\nSt\u00e5l: Handsmidd klinga i Damaskusst\u00e5l<br \/>\nH\u00e5rdhet: 60-62 HRC<br \/>\nBladets l\u00e4ngd (mm): 222 \/ 8,74 tum<br \/>\nBladets tjocklek (mm): 3 \/ 0,09 tum<br \/>\nBladbredd (mm): 37 \/ 1,45 tum<br \/>\nHandtag: stabiliserad karelsk bj\u00f6rk<br \/>\nTotal l\u00e4ngd (mm): 350 \/ 13,77 tum<\/p>\n<p>Handsmidd Damaskusst\u00e5l som skapas av ett paket st\u00e5l med olika h\u00e5rdhet och viskositet, som viks till en platta i en specifik ordning. D\u00e4refter smids plattan om upprepade g\u00e5nger, tack vare vilka lager och ett unikt m\u00f6nster bildas.<br \/>\nEn sv\u00e5r teknisk process g\u00f6rs manuellt.<\/p>\n<p>St\u00e5l som erh\u00e5llits p\u00e5 detta s\u00e4tt k\u00e4nnetecknas av:<\/p>\n<p>\u00d6kad styrka, h\u00f6g h\u00e5rdhet, utm\u00e4rkta sk\u00e4regenskaper, vacker design, l\u00e5ngvarig sk\u00e4rpa.<\/p>\n<p>Damaskusst\u00e5l har mer \u00e4n 700-1000 lager.<br \/>\nPaket damask st\u00e5l ShH15 HVG U10A, termiskt uttryck 860 \u00b0 C<\/p>\n<p>Som <u><br \/>\n  <b>Damaskusst\u00e5l \u00e4r en av de <\/b><br \/>\n<\/u><u><br \/>\n  <b>den<\/b><br \/>\n<\/u><u><br \/>\n  <b> rostiga<\/b><br \/>\n<\/u><u><br \/>\n  <b> st\u00e5l<\/b><br \/>\n<\/u>\u00e4r det s\u00e4rskilt viktigt att komma ih\u00e5g att ta hand om det p\u00e5 r\u00e4tt s\u00e4tt. Damaskusst\u00e5lkniven b\u00f6r torkas noggrant efter varje anv\u00e4ndning, befrias fr\u00e5n smuts och torkas s\u00e5 att den inte inneh\u00e5ller fukt under f\u00f6rvaringen, vilket kan orsaka rost med tiden. Salva f\u00e5r inte gl\u00f6mmas bort, all \u00e4tbar olja som finns i k\u00f6ket kan anv\u00e4ndas, bara h\u00e5ll den inoljad hela tiden &#8211; det kommer att h\u00e5lla rosten borta.<\/p>\n<p>Om det uppst\u00e5r m\u00f6rka fl\u00e4ckar p\u00e5 bladet &#8211; de f\u00f6rsta tecknen p\u00e5 rost, ta d\u00e5 det finaste sandpapperet (P2000 &#8211; 2500) och avl\u00e4gsna rostfl\u00e4ckarna genom att gnugga bladet l\u00e4tt.<\/p>\n","protected":false},"excerpt":{"rendered":"<p>Specifikationer f\u00f6r kniv: LEUKU &#8211; STOR St\u00e5l: Handsmidd klinga i Damaskusst\u00e5l H\u00e5rdhet: 60-62 HRC Bladets l\u00e4ngd (mm): 222 \/ 8,74 tum Bladets tjocklek (mm): 3 \/ 0,09 tum Bladbredd (mm): 37 \/ 1,45 tum Handtag: stabiliserad karelsk bj\u00f6rk Total l\u00e4ngd (mm): 350 \/ 13,77 tum Handsmidd Damaskusst\u00e5l som skapas av ett paket st\u00e5l med olika h\u00e5rdhet och viskositet, som viks till en platta i en specifik ordning. D\u00e4refter smids plattan om upprepade g\u00e5nger, tack vare vilka lager och ett unikt m\u00f6nster bildas. En sv\u00e5r teknisk process g\u00f6rs manuellt. St\u00e5l som erh\u00e5llits p\u00e5 detta s\u00e4tt k\u00e4nnetecknas av: \u00d6kad styrka, h\u00f6g h\u00e5rdhet,&hellip;<\/p>\n","protected":false},"featured_media":54077,"template":"","meta":{"_themeisle_gutenberg_block_has_review":false},"product_brand":[],"product_cat":[414,413,418],"product_tag":[],"class_list":{"0":"post-54076","1":"product","2":"type-product","3":"status-publish","4":"has-post-thumbnail","6":"product_cat-jaktknivar","7":"product_cat-knivar-for-utomhusbruk","8":"product_cat-premium-och-exklusiva-knivar","10":"first","11":"outofstock","12":"shipping-taxable","13":"purchasable","14":"product-type-simple"},"yoast_head":"<!-- This site is optimized with the Yoast SEO plugin v27.5 - https:\/\/yoast.com\/product\/yoast-seo-wordpress\/ -->\n<title>Kniv &#039;&#039;LEUKU - BIG&#039;&#039;, handsmidd kniv med fast blad i Damaskusst\u00e5l - AAKnives<\/title>\n<meta name=\"robots\" content=\"index, follow, max-snippet:-1, max-image-preview:large, max-video-preview:-1\" \/>\n<link rel=\"canonical\" href=\"https:\/\/aaknives.eu\/sv\/product\/kniv-leuku-big-handsmidd-kniv-med-fast-blad-i-damaskusstal\/\" \/>\n<meta property=\"og:locale\" content=\"sv_SE\" \/>\n<meta property=\"og:type\" content=\"article\" \/>\n<meta property=\"og:title\" content=\"Kniv &#039;&#039;LEUKU - BIG&#039;&#039;, handsmidd kniv med fast blad i Damaskusst\u00e5l - AAKnives\" \/>\n<meta property=\"og:description\" content=\"Specifikationer f\u00f6r kniv: LEUKU &#8211; STOR St\u00e5l: Handsmidd klinga i Damaskusst\u00e5l H\u00e5rdhet: 60-62 HRC Bladets l\u00e4ngd (mm): 222 \/ 8,74 tum Bladets tjocklek (mm): 3 \/ 0,09 tum Bladbredd (mm): 37 \/ 1,45 tum Handtag: stabiliserad karelsk bj\u00f6rk Total l\u00e4ngd (mm): 350 \/ 13,77 tum Handsmidd Damaskusst\u00e5l som skapas av ett paket st\u00e5l med olika h\u00e5rdhet och viskositet, som viks till en platta i en specifik ordning. D\u00e4refter smids plattan om upprepade g\u00e5nger, tack vare vilka lager och ett unikt m\u00f6nster bildas. En sv\u00e5r teknisk process g\u00f6rs manuellt. St\u00e5l som erh\u00e5llits p\u00e5 detta s\u00e4tt k\u00e4nnetecknas av: \u00d6kad styrka, h\u00f6g h\u00e5rdhet,&hellip;\" \/>\n<meta property=\"og:url\" content=\"https:\/\/aaknives.eu\/sv\/product\/kniv-leuku-big-handsmidd-kniv-med-fast-blad-i-damaskusstal\/\" \/>\n<meta property=\"og:site_name\" content=\"AAKnives\" \/>\n<meta property=\"article:publisher\" content=\"https:\/\/www.facebook.com\/aaknives.eu\/\" \/>\n<meta name=\"twitter:card\" content=\"summary_large_image\" \/>\n<meta name=\"twitter:label1\" content=\"Ber\u00e4knad l\u00e4stid\" \/>\n\t<meta name=\"twitter:data1\" content=\"1 minut\" \/>\n<script type=\"application\/ld+json\" class=\"yoast-schema-graph\">{\"@context\":\"https:\\\/\\\/schema.org\",\"@graph\":[{\"@type\":\"WebPage\",\"@id\":\"https:\\\/\\\/aaknives.eu\\\/sv\\\/product\\\/kniv-leuku-big-handsmidd-kniv-med-fast-blad-i-damaskusstal\\\/\",\"url\":\"https:\\\/\\\/aaknives.eu\\\/sv\\\/product\\\/kniv-leuku-big-handsmidd-kniv-med-fast-blad-i-damaskusstal\\\/\",\"name\":\"Kniv ''LEUKU - BIG'', handsmidd kniv med fast blad i Damaskusst\u00e5l - AAKnives\",\"isPartOf\":{\"@id\":\"https:\\\/\\\/aaknives.eu\\\/sv\\\/#website\"},\"primaryImageOfPage\":{\"@id\":\"https:\\\/\\\/aaknives.eu\\\/sv\\\/product\\\/kniv-leuku-big-handsmidd-kniv-med-fast-blad-i-damaskusstal\\\/#primaryimage\"},\"image\":{\"@id\":\"https:\\\/\\\/aaknives.eu\\\/sv\\\/product\\\/kniv-leuku-big-handsmidd-kniv-med-fast-blad-i-damaskusstal\\\/#primaryimage\"},\"thumbnailUrl\":\"https:\\\/\\\/aaknives.eu\\\/wp-content\\\/uploads\\\/2021\\\/10\\\/aaknives-hand-forged-dabascus-steel-blade-knife-handmade-custom-made-knife-handcrafted-knives-autinetools-northmen-8-1.jpg\",\"datePublished\":\"2020-11-09T19:37:28+00:00\",\"breadcrumb\":{\"@id\":\"https:\\\/\\\/aaknives.eu\\\/sv\\\/product\\\/kniv-leuku-big-handsmidd-kniv-med-fast-blad-i-damaskusstal\\\/#breadcrumb\"},\"inLanguage\":\"sv-SE\",\"potentialAction\":[{\"@type\":\"ReadAction\",\"target\":[\"https:\\\/\\\/aaknives.eu\\\/sv\\\/product\\\/kniv-leuku-big-handsmidd-kniv-med-fast-blad-i-damaskusstal\\\/\"]}]},{\"@type\":\"ImageObject\",\"inLanguage\":\"sv-SE\",\"@id\":\"https:\\\/\\\/aaknives.eu\\\/sv\\\/product\\\/kniv-leuku-big-handsmidd-kniv-med-fast-blad-i-damaskusstal\\\/#primaryimage\",\"url\":\"https:\\\/\\\/aaknives.eu\\\/wp-content\\\/uploads\\\/2021\\\/10\\\/aaknives-hand-forged-dabascus-steel-blade-knife-handmade-custom-made-knife-handcrafted-knives-autinetools-northmen-8-1.jpg\",\"contentUrl\":\"https:\\\/\\\/aaknives.eu\\\/wp-content\\\/uploads\\\/2021\\\/10\\\/aaknives-hand-forged-dabascus-steel-blade-knife-handmade-custom-made-knife-handcrafted-knives-autinetools-northmen-8-1.jpg\",\"width\":800,\"height\":600,\"caption\":\"aaknives-hand-forged-dabascus-steel-blade-knife-handmade-custom-made-knife-handcrafted-knives-autinetools-northmen-8-1\"},{\"@type\":\"BreadcrumbList\",\"@id\":\"https:\\\/\\\/aaknives.eu\\\/sv\\\/product\\\/kniv-leuku-big-handsmidd-kniv-med-fast-blad-i-damaskusstal\\\/#breadcrumb\",\"itemListElement\":[{\"@type\":\"ListItem\",\"position\":1,\"name\":\"Home\",\"item\":\"https:\\\/\\\/aaknives.eu\\\/sv\\\/\"},{\"@type\":\"ListItem\",\"position\":2,\"name\":\"Butik\",\"item\":\"https:\\\/\\\/aaknives.eu\\\/butik\\\/\"},{\"@type\":\"ListItem\",\"position\":3,\"name\":\"Kniv &#8221;LEUKU &#8211; BIG&#8221;, handsmidd kniv med fast blad i Damaskusst\u00e5l\"}]},{\"@type\":\"WebSite\",\"@id\":\"https:\\\/\\\/aaknives.eu\\\/sv\\\/#website\",\"url\":\"https:\\\/\\\/aaknives.eu\\\/sv\\\/\",\"name\":\"AAKnives\",\"description\":\"Handmade knives\",\"publisher\":{\"@id\":\"https:\\\/\\\/aaknives.eu\\\/sv\\\/#organization\"},\"potentialAction\":[{\"@type\":\"SearchAction\",\"target\":{\"@type\":\"EntryPoint\",\"urlTemplate\":\"https:\\\/\\\/aaknives.eu\\\/sv\\\/?s={search_term_string}\"},\"query-input\":{\"@type\":\"PropertyValueSpecification\",\"valueRequired\":true,\"valueName\":\"search_term_string\"}}],\"inLanguage\":\"sv-SE\"},{\"@type\":\"Organization\",\"@id\":\"https:\\\/\\\/aaknives.eu\\\/sv\\\/#organization\",\"name\":\"AAKnives\",\"url\":\"https:\\\/\\\/aaknives.eu\\\/sv\\\/\",\"logo\":{\"@type\":\"ImageObject\",\"inLanguage\":\"sv-SE\",\"@id\":\"https:\\\/\\\/aaknives.eu\\\/sv\\\/#\\\/schema\\\/logo\\\/image\\\/\",\"url\":\"https:\\\/\\\/aaknives.eu\\\/wp-content\\\/uploads\\\/2021\\\/10\\\/AAknives_Logo_Green.png\",\"contentUrl\":\"https:\\\/\\\/aaknives.eu\\\/wp-content\\\/uploads\\\/2021\\\/10\\\/AAknives_Logo_Green.png\",\"width\":1768,\"height\":1768,\"caption\":\"AAKnives\"},\"image\":{\"@id\":\"https:\\\/\\\/aaknives.eu\\\/sv\\\/#\\\/schema\\\/logo\\\/image\\\/\"},\"sameAs\":[\"https:\\\/\\\/www.facebook.com\\\/aaknives.eu\\\/\",\"https:\\\/\\\/www.instagram.com\\\/aaknives\\\/\",\"https:\\\/\\\/www.pinterest.com\\\/aa_knives\\\/\",\"https:\\\/\\\/www.youtube.com\\\/channel\\\/UCHOQFjrOkgT6s4FIw9LDKyw\\\/featured\"]}]}<\/script>\n<!-- \/ Yoast SEO plugin. -->","yoast_head_json":{"title":"Kniv ''LEUKU - BIG'', handsmidd kniv med fast blad i Damaskusst\u00e5l - AAKnives","robots":{"index":"index","follow":"follow","max-snippet":"max-snippet:-1","max-image-preview":"max-image-preview:large","max-video-preview":"max-video-preview:-1"},"canonical":"https:\/\/aaknives.eu\/sv\/product\/kniv-leuku-big-handsmidd-kniv-med-fast-blad-i-damaskusstal\/","og_locale":"sv_SE","og_type":"article","og_title":"Kniv ''LEUKU - BIG'', handsmidd kniv med fast blad i Damaskusst\u00e5l - AAKnives","og_description":"Specifikationer f\u00f6r kniv: LEUKU &#8211; STOR St\u00e5l: Handsmidd klinga i Damaskusst\u00e5l H\u00e5rdhet: 60-62 HRC Bladets l\u00e4ngd (mm): 222 \/ 8,74 tum Bladets tjocklek (mm): 3 \/ 0,09 tum Bladbredd (mm): 37 \/ 1,45 tum Handtag: stabiliserad karelsk bj\u00f6rk Total l\u00e4ngd (mm): 350 \/ 13,77 tum Handsmidd Damaskusst\u00e5l som skapas av ett paket st\u00e5l med olika h\u00e5rdhet och viskositet, som viks till en platta i en specifik ordning. D\u00e4refter smids plattan om upprepade g\u00e5nger, tack vare vilka lager och ett unikt m\u00f6nster bildas. En sv\u00e5r teknisk process g\u00f6rs manuellt. St\u00e5l som erh\u00e5llits p\u00e5 detta s\u00e4tt k\u00e4nnetecknas av: \u00d6kad styrka, h\u00f6g h\u00e5rdhet,&hellip;","og_url":"https:\/\/aaknives.eu\/sv\/product\/kniv-leuku-big-handsmidd-kniv-med-fast-blad-i-damaskusstal\/","og_site_name":"AAKnives","article_publisher":"https:\/\/www.facebook.com\/aaknives.eu\/","twitter_card":"summary_large_image","twitter_misc":{"Ber\u00e4knad l\u00e4stid":"1 minut"},"schema":{"@context":"https:\/\/schema.org","@graph":[{"@type":"WebPage","@id":"https:\/\/aaknives.eu\/sv\/product\/kniv-leuku-big-handsmidd-kniv-med-fast-blad-i-damaskusstal\/","url":"https:\/\/aaknives.eu\/sv\/product\/kniv-leuku-big-handsmidd-kniv-med-fast-blad-i-damaskusstal\/","name":"Kniv ''LEUKU - BIG'', handsmidd kniv med fast blad i Damaskusst\u00e5l - AAKnives","isPartOf":{"@id":"https:\/\/aaknives.eu\/sv\/#website"},"primaryImageOfPage":{"@id":"https:\/\/aaknives.eu\/sv\/product\/kniv-leuku-big-handsmidd-kniv-med-fast-blad-i-damaskusstal\/#primaryimage"},"image":{"@id":"https:\/\/aaknives.eu\/sv\/product\/kniv-leuku-big-handsmidd-kniv-med-fast-blad-i-damaskusstal\/#primaryimage"},"thumbnailUrl":"https:\/\/aaknives.eu\/wp-content\/uploads\/2021\/10\/aaknives-hand-forged-dabascus-steel-blade-knife-handmade-custom-made-knife-handcrafted-knives-autinetools-northmen-8-1.jpg","datePublished":"2020-11-09T19:37:28+00:00","breadcrumb":{"@id":"https:\/\/aaknives.eu\/sv\/product\/kniv-leuku-big-handsmidd-kniv-med-fast-blad-i-damaskusstal\/#breadcrumb"},"inLanguage":"sv-SE","potentialAction":[{"@type":"ReadAction","target":["https:\/\/aaknives.eu\/sv\/product\/kniv-leuku-big-handsmidd-kniv-med-fast-blad-i-damaskusstal\/"]}]},{"@type":"ImageObject","inLanguage":"sv-SE","@id":"https:\/\/aaknives.eu\/sv\/product\/kniv-leuku-big-handsmidd-kniv-med-fast-blad-i-damaskusstal\/#primaryimage","url":"https:\/\/aaknives.eu\/wp-content\/uploads\/2021\/10\/aaknives-hand-forged-dabascus-steel-blade-knife-handmade-custom-made-knife-handcrafted-knives-autinetools-northmen-8-1.jpg","contentUrl":"https:\/\/aaknives.eu\/wp-content\/uploads\/2021\/10\/aaknives-hand-forged-dabascus-steel-blade-knife-handmade-custom-made-knife-handcrafted-knives-autinetools-northmen-8-1.jpg","width":800,"height":600,"caption":"aaknives-hand-forged-dabascus-steel-blade-knife-handmade-custom-made-knife-handcrafted-knives-autinetools-northmen-8-1"},{"@type":"BreadcrumbList","@id":"https:\/\/aaknives.eu\/sv\/product\/kniv-leuku-big-handsmidd-kniv-med-fast-blad-i-damaskusstal\/#breadcrumb","itemListElement":[{"@type":"ListItem","position":1,"name":"Home","item":"https:\/\/aaknives.eu\/sv\/"},{"@type":"ListItem","position":2,"name":"Butik","item":"https:\/\/aaknives.eu\/butik\/"},{"@type":"ListItem","position":3,"name":"Kniv &#8221;LEUKU &#8211; BIG&#8221;, handsmidd kniv med fast blad i Damaskusst\u00e5l"}]},{"@type":"WebSite","@id":"https:\/\/aaknives.eu\/sv\/#website","url":"https:\/\/aaknives.eu\/sv\/","name":"AAKnives","description":"Handmade knives","publisher":{"@id":"https:\/\/aaknives.eu\/sv\/#organization"},"potentialAction":[{"@type":"SearchAction","target":{"@type":"EntryPoint","urlTemplate":"https:\/\/aaknives.eu\/sv\/?s={search_term_string}"},"query-input":{"@type":"PropertyValueSpecification","valueRequired":true,"valueName":"search_term_string"}}],"inLanguage":"sv-SE"},{"@type":"Organization","@id":"https:\/\/aaknives.eu\/sv\/#organization","name":"AAKnives","url":"https:\/\/aaknives.eu\/sv\/","logo":{"@type":"ImageObject","inLanguage":"sv-SE","@id":"https:\/\/aaknives.eu\/sv\/#\/schema\/logo\/image\/","url":"https:\/\/aaknives.eu\/wp-content\/uploads\/2021\/10\/AAknives_Logo_Green.png","contentUrl":"https:\/\/aaknives.eu\/wp-content\/uploads\/2021\/10\/AAknives_Logo_Green.png","width":1768,"height":1768,"caption":"AAKnives"},"image":{"@id":"https:\/\/aaknives.eu\/sv\/#\/schema\/logo\/image\/"},"sameAs":["https:\/\/www.facebook.com\/aaknives.eu\/","https:\/\/www.instagram.com\/aaknives\/","https:\/\/www.pinterest.com\/aa_knives\/","https:\/\/www.youtube.com\/channel\/UCHOQFjrOkgT6s4FIw9LDKyw\/featured"]}]}},"_links":{"self":[{"href":"https:\/\/aaknives.eu\/sv\/wp-json\/wp\/v2\/product\/54076","targetHints":{"allow":["GET"]}}],"collection":[{"href":"https:\/\/aaknives.eu\/sv\/wp-json\/wp\/v2\/product"}],"about":[{"href":"https:\/\/aaknives.eu\/sv\/wp-json\/wp\/v2\/types\/product"}],"wp:featuredmedia":[{"embeddable":true,"href":"https:\/\/aaknives.eu\/sv\/wp-json\/wp\/v2\/media\/54077"}],"wp:attachment":[{"href":"https:\/\/aaknives.eu\/sv\/wp-json\/wp\/v2\/media?parent=54076"}],"wp:term":[{"taxonomy":"product_brand","embeddable":true,"href":"https:\/\/aaknives.eu\/sv\/wp-json\/wp\/v2\/product_brand?post=54076"},{"taxonomy":"product_cat","embeddable":true,"href":"https:\/\/aaknives.eu\/sv\/wp-json\/wp\/v2\/product_cat?post=54076"},{"taxonomy":"product_tag","embeddable":true,"href":"https:\/\/aaknives.eu\/sv\/wp-json\/wp\/v2\/product_tag?post=54076"}],"curies":[{"name":"wp","href":"https:\/\/api.w.org\/{rel}","templated":true}]}}