{"id":54443,"date":"2021-09-20T20:47:13","date_gmt":"2021-09-20T20:47:13","guid":{"rendered":"https:\/\/aaknives.eu\/product\/kniv-highlander-kniv-i-damaskusstal-2\/"},"modified":"2021-09-20T20:47:13","modified_gmt":"2021-09-20T20:47:13","slug":"kniv-highlander-kniv-i-damaskusstal-2","status":"publish","type":"product","link":"https:\/\/aaknives.eu\/sv\/product\/kniv-highlander-kniv-i-damaskusstal-2\/","title":{"rendered":"Kniv &#8220;Highlander&#8221; &#8211; kniv i damaskusst\u00e5l"},"content":{"rendered":"<p>Specifikationer f\u00f6r kniv: &#8221;Highlander&#8221;<br \/>\nSt\u00e5l: Handsmidd jaktkniv med blad i Damaskus-st\u00e5l, (HVG, U10, ShH15), 800 lager<br \/>\nH\u00e5rdhet: 60-62 HRC<br \/>\nBladets l\u00e4ngd (mm): 120 \/ 4,72 tum<br \/>\nBladets tjocklek (mm): 3 \/ 0,9 tum<br \/>\nBladbredd (mm): 31 \/ 1,22 tum<br \/>\nHandtag: stabiliserad karelsk bj\u00f6rk<br \/>\nTotal l\u00e4ngd (mm): 247 \/ 9,72 tum<\/p>\n<p>En stark jaktkniv som kommer att vara anv\u00e4ndbar f\u00f6r b\u00e5de f\u00f6rbehandling och senare sk\u00e4rning av k\u00f6ttet. Bladet \u00e4r handsmidda av Damaskus st\u00e5l, vilket g\u00f6r det mycket h\u00e5rt men \u00e4nd\u00e5 elastiskt och h\u00e5llbart.<br \/>\nDessa unika materialegenskaper erh\u00e5lls genom att en mjuk och h\u00e5rd metallegering bildas, vilket resulterar i en b\u00e4sta jaktkniv med v\u00e4lk\u00e4nd Damaskusst\u00e5ldragning som tack vare mikros\u00e5gbladet kommer att h\u00e5lla l\u00e4nge och kunna beh\u00e5lla sin sk\u00e4rpa utan slipning under mycket l\u00e5ng tid.<br \/>\nDen m\u00e4rkbara bladutvidgningen g\u00f6r den till en utm\u00e4rkt fl\u00e5kniv, men den l\u00e4ttkontrollerade knivspetsen och den smalare bladspetsen f\u00f6rhindrar skador p\u00e5 de inre organen vid luftning eller on\u00f6diga sk\u00e4rs\u00e5r vid senare k\u00f6ttbearbetning.<br \/>\n\u00c5 andra sidan anv\u00e4nds tr\u00e4 i handsmidda knivhandtag, som till skillnad fr\u00e5n syntetiska material k\u00e4nns mycket trevligare och bekv\u00e4mare i handen.<br \/>\nF\u00f6r j\u00e4garens egen s\u00e4kerhet finns det ett stopp mellan handtaget och bladet, vilket f\u00f6rhindrar oavsiktliga skador p\u00e5 fingrarna vid reng\u00f6ring och hantering av viltet, \u00e4ven om h\u00e4nderna \u00e4r hala.<br \/>\nI satsen med jaktknivar i Damaskusst\u00e5l ing\u00e5r \u00e4ven ett slitstarkt m\u00f6rkt l\u00e4derfodral med fast nitf\u00f6rslutning som skyddar kniven fr\u00e5n d\u00e5liga v\u00e4derf\u00f6rh\u00e5llanden och f\u00f6rhindrar att den tappas bort av misstag. V\u00e4skan har tv\u00e5 h\u00e4ngare som kan f\u00e4stas p\u00e5 b\u00e4ltet f\u00f6r enkel \u00e5tkomst n\u00e4r som helst. En av dem \u00e4r den klassiska fasta och den andra \u00e4r den fria h\u00e4ngaren, som g\u00f6r att kniven kan h\u00e4nga fritt runt b\u00e4ltet och samtidigt till\u00e5ter r\u00f6relse och undviker besv\u00e4ret med att sitta ner eller flytta fr\u00e5n mast till mast med bil d\u00e4r fast kram kommer att trycka obekv\u00e4mt p\u00e5 benet eller midjan.<br \/>\nDenna eleganta handsmidda kniv kommer att h\u00e5lla l\u00e4nge och kommer att vara en trogen och b\u00e4sta jaktkniv tack vare sina enast\u00e5ende egenskaper. Den \u00e4r l\u00e4tt och ryms bekv\u00e4mt i handflatan, vilket ger en snabb, s\u00e4ker, effektiv och h\u00f6gkvalitativ process.<\/p>\n<p>Handsmidd Damaskusst\u00e5l som skapas av ett paket st\u00e5l med olika h\u00e5rdhet och viskositet, som viks till en platta i en specifik ordning. D\u00e4refter smids plattan om upprepade g\u00e5nger, tack vare vilka lager och ett unikt m\u00f6nster bildas.<br \/>\nEn sv\u00e5r teknisk process g\u00f6rs manuellt. St\u00e5l som erh\u00e5lls p\u00e5 detta s\u00e4tt k\u00e4nnetecknas av \u00f6kad h\u00e5llfasthet, h\u00f6g h\u00e5rdhet, utm\u00e4rkta sk\u00e4regenskaper och sk\u00f6nhet.<br \/>\nDamaskusst\u00e5l med mer \u00e4n 700-1000 lager.<br \/>\nPaket damask st\u00e5l ShH15 + HVG + U10A, termiskt uttryck 860 \u00b0 C<\/p>\n<p>F\u00f6rdelarna med knivar av Damaskusst\u00e5l:<br \/>\n\u00d6kad styrka<br \/>\nH\u00f6g h\u00e5rdhet<br \/>\nUtm\u00e4rkta sk\u00e4regenskaper<br \/>\nVacker design<br \/>\nL\u00e5ngvarig sk\u00e4rpa<\/p>\n<p>Bladets h\u00e5rdhet 60-62 HRC.<br \/>\nHandgjord<\/p>\n","protected":false},"excerpt":{"rendered":"<p>Specifikationer f\u00f6r kniv: &#8221;Highlander&#8221; St\u00e5l: Handsmidd jaktkniv med blad i Damaskus-st\u00e5l, (HVG, U10, ShH15), 800 lager H\u00e5rdhet: 60-62 HRC Bladets l\u00e4ngd (mm): 120 \/ 4,72 tum Bladets tjocklek (mm): 3 \/ 0,9 tum Bladbredd (mm): 31 \/ 1,22 tum Handtag: stabiliserad karelsk bj\u00f6rk Total l\u00e4ngd (mm): 247 \/ 9,72 tum En stark jaktkniv som kommer att vara anv\u00e4ndbar f\u00f6r b\u00e5de f\u00f6rbehandling och senare sk\u00e4rning av k\u00f6ttet. Bladet \u00e4r handsmidda av Damaskus st\u00e5l, vilket g\u00f6r det mycket h\u00e5rt men \u00e4nd\u00e5 elastiskt och h\u00e5llbart. Dessa unika materialegenskaper erh\u00e5lls genom att en mjuk och h\u00e5rd metallegering bildas, vilket resulterar i en b\u00e4sta jaktkniv&hellip;<\/p>\n","protected":false},"featured_media":69292,"template":"","meta":{"_themeisle_gutenberg_block_has_review":false},"product_brand":[],"product_cat":[414,413],"product_tag":[],"class_list":{"0":"post-54443","1":"product","2":"type-product","3":"status-publish","4":"has-post-thumbnail","6":"product_cat-jaktknivar","7":"product_cat-knivar-for-utomhusbruk","9":"first","10":"instock","11":"shipping-taxable","12":"purchasable","13":"product-type-simple"},"yoast_head":"<!-- This site is optimized with the Yoast SEO plugin v27.3 - https:\/\/yoast.com\/product\/yoast-seo-wordpress\/ -->\n<title>Kniv &quot;Highlander&quot; - kniv i damaskusst\u00e5l - AAKnives<\/title>\n<meta name=\"description\" content=\"Damascusst\u00e5lkniv, friluftskniv, bushcraftkniv, jaktkniv, aa knivar, lettisk kniv handgjord kniv handgjord kniv anpassad kniv\" \/>\n<meta name=\"robots\" content=\"index, follow, max-snippet:-1, max-image-preview:large, max-video-preview:-1\" \/>\n<link rel=\"canonical\" href=\"https:\/\/aaknives.eu\/sv\/product\/kniv-highlander-kniv-i-damaskusstal-2\/\" \/>\n<meta property=\"og:locale\" content=\"sv_SE\" \/>\n<meta property=\"og:type\" content=\"article\" \/>\n<meta property=\"og:title\" content=\"Kniv &quot;Highlander&quot; - kniv i damaskusst\u00e5l - AAKnives\" \/>\n<meta property=\"og:description\" content=\"Damascusst\u00e5lkniv, friluftskniv, bushcraftkniv, jaktkniv, aa knivar, lettisk kniv handgjord kniv handgjord kniv anpassad kniv\" \/>\n<meta property=\"og:url\" content=\"https:\/\/aaknives.eu\/sv\/product\/kniv-highlander-kniv-i-damaskusstal-2\/\" \/>\n<meta property=\"og:site_name\" content=\"AAKnives\" \/>\n<meta property=\"article:publisher\" content=\"https:\/\/www.facebook.com\/aaknives.eu\/\" \/>\n<meta property=\"og:image\" content=\"https:\/\/aaknives.eu\/wp-content\/uploads\/2021\/09\/aaknives-hand-forged-dabascus-steel-blade-knife-handmade-custom-made-knife-handcrafted-knives-autinetools-northmen-16-3-23.jpg\" \/>\n\t<meta property=\"og:image:width\" content=\"1020\" \/>\n\t<meta property=\"og:image:height\" content=\"880\" \/>\n\t<meta property=\"og:image:type\" content=\"image\/jpeg\" \/>\n<meta name=\"twitter:card\" content=\"summary_large_image\" \/>\n<meta name=\"twitter:label1\" content=\"Ber\u00e4knad l\u00e4stid\" \/>\n\t<meta name=\"twitter:data1\" content=\"3 minuter\" \/>\n<script type=\"application\/ld+json\" class=\"yoast-schema-graph\">{\"@context\":\"https:\\\/\\\/schema.org\",\"@graph\":[{\"@type\":\"WebPage\",\"@id\":\"https:\\\/\\\/aaknives.eu\\\/sv\\\/product\\\/kniv-highlander-kniv-i-damaskusstal-2\\\/\",\"url\":\"https:\\\/\\\/aaknives.eu\\\/sv\\\/product\\\/kniv-highlander-kniv-i-damaskusstal-2\\\/\",\"name\":\"Kniv \\\"Highlander\\\" - kniv i damaskusst\u00e5l - AAKnives\",\"isPartOf\":{\"@id\":\"https:\\\/\\\/aaknives.eu\\\/sv\\\/#website\"},\"primaryImageOfPage\":{\"@id\":\"https:\\\/\\\/aaknives.eu\\\/sv\\\/product\\\/kniv-highlander-kniv-i-damaskusstal-2\\\/#primaryimage\"},\"image\":{\"@id\":\"https:\\\/\\\/aaknives.eu\\\/sv\\\/product\\\/kniv-highlander-kniv-i-damaskusstal-2\\\/#primaryimage\"},\"thumbnailUrl\":\"https:\\\/\\\/aaknives.eu\\\/wp-content\\\/uploads\\\/2021\\\/09\\\/aaknives-hand-forged-dabascus-steel-blade-knife-handmade-custom-made-knife-handcrafted-knives-autinetools-northmen-28.2-1.jpg\",\"datePublished\":\"2021-09-20T20:47:13+00:00\",\"description\":\"Damascusst\u00e5lkniv, friluftskniv, bushcraftkniv, jaktkniv, aa knivar, lettisk kniv handgjord kniv handgjord kniv anpassad kniv\",\"breadcrumb\":{\"@id\":\"https:\\\/\\\/aaknives.eu\\\/sv\\\/product\\\/kniv-highlander-kniv-i-damaskusstal-2\\\/#breadcrumb\"},\"inLanguage\":\"sv-SE\",\"potentialAction\":[{\"@type\":\"ReadAction\",\"target\":[\"https:\\\/\\\/aaknives.eu\\\/sv\\\/product\\\/kniv-highlander-kniv-i-damaskusstal-2\\\/\"]}]},{\"@type\":\"ImageObject\",\"inLanguage\":\"sv-SE\",\"@id\":\"https:\\\/\\\/aaknives.eu\\\/sv\\\/product\\\/kniv-highlander-kniv-i-damaskusstal-2\\\/#primaryimage\",\"url\":\"https:\\\/\\\/aaknives.eu\\\/wp-content\\\/uploads\\\/2021\\\/09\\\/aaknives-hand-forged-dabascus-steel-blade-knife-handmade-custom-made-knife-handcrafted-knives-autinetools-northmen-28.2-1.jpg\",\"contentUrl\":\"https:\\\/\\\/aaknives.eu\\\/wp-content\\\/uploads\\\/2021\\\/09\\\/aaknives-hand-forged-dabascus-steel-blade-knife-handmade-custom-made-knife-handcrafted-knives-autinetools-northmen-28.2-1.jpg\",\"width\":1020,\"height\":880},{\"@type\":\"BreadcrumbList\",\"@id\":\"https:\\\/\\\/aaknives.eu\\\/sv\\\/product\\\/kniv-highlander-kniv-i-damaskusstal-2\\\/#breadcrumb\",\"itemListElement\":[{\"@type\":\"ListItem\",\"position\":1,\"name\":\"Home\",\"item\":\"https:\\\/\\\/aaknives.eu\\\/sv\\\/\"},{\"@type\":\"ListItem\",\"position\":2,\"name\":\"Butik\",\"item\":\"https:\\\/\\\/aaknives.eu\\\/butik\\\/\"},{\"@type\":\"ListItem\",\"position\":3,\"name\":\"Kniv &#8220;Highlander&#8221; &#8211; kniv i damaskusst\u00e5l\"}]},{\"@type\":\"WebSite\",\"@id\":\"https:\\\/\\\/aaknives.eu\\\/sv\\\/#website\",\"url\":\"https:\\\/\\\/aaknives.eu\\\/sv\\\/\",\"name\":\"AAKnives\",\"description\":\"Handmade knives\",\"publisher\":{\"@id\":\"https:\\\/\\\/aaknives.eu\\\/sv\\\/#organization\"},\"potentialAction\":[{\"@type\":\"SearchAction\",\"target\":{\"@type\":\"EntryPoint\",\"urlTemplate\":\"https:\\\/\\\/aaknives.eu\\\/sv\\\/?s={search_term_string}\"},\"query-input\":{\"@type\":\"PropertyValueSpecification\",\"valueRequired\":true,\"valueName\":\"search_term_string\"}}],\"inLanguage\":\"sv-SE\"},{\"@type\":\"Organization\",\"@id\":\"https:\\\/\\\/aaknives.eu\\\/sv\\\/#organization\",\"name\":\"AAKnives\",\"url\":\"https:\\\/\\\/aaknives.eu\\\/sv\\\/\",\"logo\":{\"@type\":\"ImageObject\",\"inLanguage\":\"sv-SE\",\"@id\":\"https:\\\/\\\/aaknives.eu\\\/sv\\\/#\\\/schema\\\/logo\\\/image\\\/\",\"url\":\"https:\\\/\\\/aaknives.eu\\\/wp-content\\\/uploads\\\/2021\\\/10\\\/AAknives_Logo_Green.png\",\"contentUrl\":\"https:\\\/\\\/aaknives.eu\\\/wp-content\\\/uploads\\\/2021\\\/10\\\/AAknives_Logo_Green.png\",\"width\":1768,\"height\":1768,\"caption\":\"AAKnives\"},\"image\":{\"@id\":\"https:\\\/\\\/aaknives.eu\\\/sv\\\/#\\\/schema\\\/logo\\\/image\\\/\"},\"sameAs\":[\"https:\\\/\\\/www.facebook.com\\\/aaknives.eu\\\/\",\"https:\\\/\\\/www.instagram.com\\\/aaknives\\\/\",\"https:\\\/\\\/www.pinterest.com\\\/aa_knives\\\/\",\"https:\\\/\\\/www.youtube.com\\\/channel\\\/UCHOQFjrOkgT6s4FIw9LDKyw\\\/featured\"]}]}<\/script>\n<!-- \/ Yoast SEO plugin. -->","yoast_head_json":{"title":"Kniv \"Highlander\" - kniv i damaskusst\u00e5l - AAKnives","description":"Damascusst\u00e5lkniv, friluftskniv, bushcraftkniv, jaktkniv, aa knivar, lettisk kniv handgjord kniv handgjord kniv anpassad kniv","robots":{"index":"index","follow":"follow","max-snippet":"max-snippet:-1","max-image-preview":"max-image-preview:large","max-video-preview":"max-video-preview:-1"},"canonical":"https:\/\/aaknives.eu\/sv\/product\/kniv-highlander-kniv-i-damaskusstal-2\/","og_locale":"sv_SE","og_type":"article","og_title":"Kniv \"Highlander\" - kniv i damaskusst\u00e5l - AAKnives","og_description":"Damascusst\u00e5lkniv, friluftskniv, bushcraftkniv, jaktkniv, aa knivar, lettisk kniv handgjord kniv handgjord kniv anpassad kniv","og_url":"https:\/\/aaknives.eu\/sv\/product\/kniv-highlander-kniv-i-damaskusstal-2\/","og_site_name":"AAKnives","article_publisher":"https:\/\/www.facebook.com\/aaknives.eu\/","og_image":[{"width":1020,"height":880,"url":"https:\/\/aaknives.eu\/wp-content\/uploads\/2021\/09\/aaknives-hand-forged-dabascus-steel-blade-knife-handmade-custom-made-knife-handcrafted-knives-autinetools-northmen-16-3-23.jpg","type":"image\/jpeg"}],"twitter_card":"summary_large_image","twitter_misc":{"Ber\u00e4knad l\u00e4stid":"3 minuter"},"schema":{"@context":"https:\/\/schema.org","@graph":[{"@type":"WebPage","@id":"https:\/\/aaknives.eu\/sv\/product\/kniv-highlander-kniv-i-damaskusstal-2\/","url":"https:\/\/aaknives.eu\/sv\/product\/kniv-highlander-kniv-i-damaskusstal-2\/","name":"Kniv \"Highlander\" - kniv i damaskusst\u00e5l - AAKnives","isPartOf":{"@id":"https:\/\/aaknives.eu\/sv\/#website"},"primaryImageOfPage":{"@id":"https:\/\/aaknives.eu\/sv\/product\/kniv-highlander-kniv-i-damaskusstal-2\/#primaryimage"},"image":{"@id":"https:\/\/aaknives.eu\/sv\/product\/kniv-highlander-kniv-i-damaskusstal-2\/#primaryimage"},"thumbnailUrl":"https:\/\/aaknives.eu\/wp-content\/uploads\/2021\/09\/aaknives-hand-forged-dabascus-steel-blade-knife-handmade-custom-made-knife-handcrafted-knives-autinetools-northmen-28.2-1.jpg","datePublished":"2021-09-20T20:47:13+00:00","description":"Damascusst\u00e5lkniv, friluftskniv, bushcraftkniv, jaktkniv, aa knivar, lettisk kniv handgjord kniv handgjord kniv anpassad kniv","breadcrumb":{"@id":"https:\/\/aaknives.eu\/sv\/product\/kniv-highlander-kniv-i-damaskusstal-2\/#breadcrumb"},"inLanguage":"sv-SE","potentialAction":[{"@type":"ReadAction","target":["https:\/\/aaknives.eu\/sv\/product\/kniv-highlander-kniv-i-damaskusstal-2\/"]}]},{"@type":"ImageObject","inLanguage":"sv-SE","@id":"https:\/\/aaknives.eu\/sv\/product\/kniv-highlander-kniv-i-damaskusstal-2\/#primaryimage","url":"https:\/\/aaknives.eu\/wp-content\/uploads\/2021\/09\/aaknives-hand-forged-dabascus-steel-blade-knife-handmade-custom-made-knife-handcrafted-knives-autinetools-northmen-28.2-1.jpg","contentUrl":"https:\/\/aaknives.eu\/wp-content\/uploads\/2021\/09\/aaknives-hand-forged-dabascus-steel-blade-knife-handmade-custom-made-knife-handcrafted-knives-autinetools-northmen-28.2-1.jpg","width":1020,"height":880},{"@type":"BreadcrumbList","@id":"https:\/\/aaknives.eu\/sv\/product\/kniv-highlander-kniv-i-damaskusstal-2\/#breadcrumb","itemListElement":[{"@type":"ListItem","position":1,"name":"Home","item":"https:\/\/aaknives.eu\/sv\/"},{"@type":"ListItem","position":2,"name":"Butik","item":"https:\/\/aaknives.eu\/butik\/"},{"@type":"ListItem","position":3,"name":"Kniv &#8220;Highlander&#8221; &#8211; kniv i damaskusst\u00e5l"}]},{"@type":"WebSite","@id":"https:\/\/aaknives.eu\/sv\/#website","url":"https:\/\/aaknives.eu\/sv\/","name":"AAKnives","description":"Handmade knives","publisher":{"@id":"https:\/\/aaknives.eu\/sv\/#organization"},"potentialAction":[{"@type":"SearchAction","target":{"@type":"EntryPoint","urlTemplate":"https:\/\/aaknives.eu\/sv\/?s={search_term_string}"},"query-input":{"@type":"PropertyValueSpecification","valueRequired":true,"valueName":"search_term_string"}}],"inLanguage":"sv-SE"},{"@type":"Organization","@id":"https:\/\/aaknives.eu\/sv\/#organization","name":"AAKnives","url":"https:\/\/aaknives.eu\/sv\/","logo":{"@type":"ImageObject","inLanguage":"sv-SE","@id":"https:\/\/aaknives.eu\/sv\/#\/schema\/logo\/image\/","url":"https:\/\/aaknives.eu\/wp-content\/uploads\/2021\/10\/AAknives_Logo_Green.png","contentUrl":"https:\/\/aaknives.eu\/wp-content\/uploads\/2021\/10\/AAknives_Logo_Green.png","width":1768,"height":1768,"caption":"AAKnives"},"image":{"@id":"https:\/\/aaknives.eu\/sv\/#\/schema\/logo\/image\/"},"sameAs":["https:\/\/www.facebook.com\/aaknives.eu\/","https:\/\/www.instagram.com\/aaknives\/","https:\/\/www.pinterest.com\/aa_knives\/","https:\/\/www.youtube.com\/channel\/UCHOQFjrOkgT6s4FIw9LDKyw\/featured"]}]}},"_links":{"self":[{"href":"https:\/\/aaknives.eu\/sv\/wp-json\/wp\/v2\/product\/54443","targetHints":{"allow":["GET"]}}],"collection":[{"href":"https:\/\/aaknives.eu\/sv\/wp-json\/wp\/v2\/product"}],"about":[{"href":"https:\/\/aaknives.eu\/sv\/wp-json\/wp\/v2\/types\/product"}],"wp:featuredmedia":[{"embeddable":true,"href":"https:\/\/aaknives.eu\/sv\/wp-json\/wp\/v2\/media\/69292"}],"wp:attachment":[{"href":"https:\/\/aaknives.eu\/sv\/wp-json\/wp\/v2\/media?parent=54443"}],"wp:term":[{"taxonomy":"product_brand","embeddable":true,"href":"https:\/\/aaknives.eu\/sv\/wp-json\/wp\/v2\/product_brand?post=54443"},{"taxonomy":"product_cat","embeddable":true,"href":"https:\/\/aaknives.eu\/sv\/wp-json\/wp\/v2\/product_cat?post=54443"},{"taxonomy":"product_tag","embeddable":true,"href":"https:\/\/aaknives.eu\/sv\/wp-json\/wp\/v2\/product_tag?post=54443"}],"curies":[{"name":"wp","href":"https:\/\/api.w.org\/{rel}","templated":true}]}}