{"id":54482,"date":"2021-09-20T20:46:50","date_gmt":"2021-09-20T20:46:50","guid":{"rendered":"https:\/\/aaknives.eu\/product\/finsk-kniv-puukko-smidd-kniv-med-blad-av-damaskusstal\/"},"modified":"2021-09-20T20:46:50","modified_gmt":"2021-09-20T20:46:50","slug":"finsk-kniv-puukko-smidd-kniv-med-blad-av-damaskusstal","status":"publish","type":"product","link":"https:\/\/aaknives.eu\/sv\/product\/finsk-kniv-puukko-smidd-kniv-med-blad-av-damaskusstal\/","title":{"rendered":"Finsk kniv &#8211; Puukko &#8211; smidd kniv med blad av Damaskusst\u00e5l"},"content":{"rendered":"<p>Specifikationer f\u00f6r kniv:<br \/>\nSt\u00e5l: handsmidd kniv med blad av Damaskusst\u00e5l, 650 lager<br \/>\nH\u00e5rdhet: 60-62 HRC<br \/>\nBladets l\u00e4ngd (mm): 101 \/ 3,97 tum<br \/>\nBladets tjocklek (mm): 1,5 \/ 0,59 tum<br \/>\nBladbredd (mm): 25 \/ 0,98 tum<br \/>\nHandtag: Stabiliserad karelsk bj\u00f6rk<br \/>\nTotal l\u00e4ngd (mm): 220 \/ 8,66 tum<\/p>\n<p>Blad av damascusst\u00e5l tillverkat av ett paket st\u00e5l med olika h\u00e5rdhet och viskositet, som viks ihop till en platta i en specifik ordning. D\u00e4refter smids plattan om upprepade g\u00e5nger, tack vare vilka lager och ett unikt m\u00f6nster bildas.<\/p>\n<p>En sv\u00e5r teknisk process g\u00f6rs manuellt. St\u00e5l som erh\u00e5lls p\u00e5 detta s\u00e4tt k\u00e4nnetecknas av \u00f6kad h\u00e5llfasthet, h\u00f6g h\u00e5rdhet, utm\u00e4rkta sk\u00e4regenskaper och sk\u00f6nhet.<br \/>\nDamaskusblad med mer \u00e4n 800-1000 lager.<br \/>\nPaket Damaskusst\u00e5l blad ShH15 + HVG + U10 A, termiskt uttryck 860 \u00b0 C<\/p>\n<p>F\u00f6rdelarna med knivar med Damaskusblad:<br \/>\n\u00d6kad styrka<br \/>\nH\u00f6g h\u00e5rdhet<br \/>\nUtm\u00e4rkta sk\u00e4regenskaper<br \/>\nVacker design<br \/>\nL\u00e5ngvarig sk\u00e4rpa<\/p>\n<p>Bladets h\u00e5rdhet 60-62 HRC.<br \/>\nSpecialkniv, handgjord kniv, handsmidd kniv, handsmidd blad<\/p>\n","protected":false},"excerpt":{"rendered":"<p>Specifikationer f\u00f6r kniv: St\u00e5l: handsmidd kniv med blad av Damaskusst\u00e5l, 650 lager H\u00e5rdhet: 60-62 HRC Bladets l\u00e4ngd (mm): 101 \/ 3,97 tum Bladets tjocklek (mm): 1,5 \/ 0,59 tum Bladbredd (mm): 25 \/ 0,98 tum Handtag: Stabiliserad karelsk bj\u00f6rk Total l\u00e4ngd (mm): 220 \/ 8,66 tum Blad av damascusst\u00e5l tillverkat av ett paket st\u00e5l med olika h\u00e5rdhet och viskositet, som viks ihop till en platta i en specifik ordning. D\u00e4refter smids plattan om upprepade g\u00e5nger, tack vare vilka lager och ett unikt m\u00f6nster bildas. En sv\u00e5r teknisk process g\u00f6rs manuellt. St\u00e5l som erh\u00e5lls p\u00e5 detta s\u00e4tt k\u00e4nnetecknas av \u00f6kad h\u00e5llfasthet,&hellip;<\/p>\n","protected":false},"featured_media":54483,"template":"","meta":{"_themeisle_gutenberg_block_has_review":false},"product_brand":[],"product_cat":[422,414,413],"product_tag":[],"class_list":{"0":"post-54482","1":"product","2":"type-product","3":"status-publish","4":"has-post-thumbnail","6":"product_cat-fiskeknivar","7":"product_cat-jaktknivar","8":"product_cat-knivar-for-utomhusbruk","10":"first","11":"instock","12":"shipping-taxable","13":"purchasable","14":"product-type-simple"},"yoast_head":"<!-- This site is optimized with the Yoast SEO plugin v27.3 - https:\/\/yoast.com\/product\/yoast-seo-wordpress\/ -->\n<title>Finsk kniv - Puukko - smidd kniv med blad av Damaskusst\u00e5l - AAKnives<\/title>\n<meta name=\"robots\" content=\"index, follow, max-snippet:-1, max-image-preview:large, max-video-preview:-1\" \/>\n<link rel=\"canonical\" href=\"https:\/\/aaknives.eu\/sv\/product\/finsk-kniv-puukko-smidd-kniv-med-blad-av-damaskusstal\/\" \/>\n<meta property=\"og:locale\" content=\"sv_SE\" \/>\n<meta property=\"og:type\" content=\"article\" \/>\n<meta property=\"og:title\" content=\"Finsk kniv - Puukko - smidd kniv med blad av Damaskusst\u00e5l - AAKnives\" \/>\n<meta property=\"og:description\" content=\"Specifikationer f\u00f6r kniv: St\u00e5l: handsmidd kniv med blad av Damaskusst\u00e5l, 650 lager H\u00e5rdhet: 60-62 HRC Bladets l\u00e4ngd (mm): 101 \/ 3,97 tum Bladets tjocklek (mm): 1,5 \/ 0,59 tum Bladbredd (mm): 25 \/ 0,98 tum Handtag: Stabiliserad karelsk bj\u00f6rk Total l\u00e4ngd (mm): 220 \/ 8,66 tum Blad av damascusst\u00e5l tillverkat av ett paket st\u00e5l med olika h\u00e5rdhet och viskositet, som viks ihop till en platta i en specifik ordning. D\u00e4refter smids plattan om upprepade g\u00e5nger, tack vare vilka lager och ett unikt m\u00f6nster bildas. En sv\u00e5r teknisk process g\u00f6rs manuellt. St\u00e5l som erh\u00e5lls p\u00e5 detta s\u00e4tt k\u00e4nnetecknas av \u00f6kad h\u00e5llfasthet,&hellip;\" \/>\n<meta property=\"og:url\" content=\"https:\/\/aaknives.eu\/sv\/product\/finsk-kniv-puukko-smidd-kniv-med-blad-av-damaskusstal\/\" \/>\n<meta property=\"og:site_name\" content=\"AAKnives\" \/>\n<meta property=\"article:publisher\" content=\"https:\/\/www.facebook.com\/aaknives.eu\/\" \/>\n<meta property=\"og:image\" content=\"https:\/\/aaknives.eu\/wp-content\/uploads\/2021\/09\/aaknives-hand-forged-dabascus-steel-blade-knife-handmade-custom-made-knife-handcrafted-knives-autinetools-northmen-20-1-15.jpg\" \/>\n\t<meta property=\"og:image:width\" content=\"800\" \/>\n\t<meta property=\"og:image:height\" content=\"600\" \/>\n\t<meta property=\"og:image:type\" content=\"image\/jpeg\" \/>\n<meta name=\"twitter:card\" content=\"summary_large_image\" \/>\n<meta name=\"twitter:label1\" content=\"Ber\u00e4knad l\u00e4stid\" \/>\n\t<meta name=\"twitter:data1\" content=\"1 minut\" \/>\n<script type=\"application\/ld+json\" class=\"yoast-schema-graph\">{\"@context\":\"https:\\\/\\\/schema.org\",\"@graph\":[{\"@type\":\"WebPage\",\"@id\":\"https:\\\/\\\/aaknives.eu\\\/sv\\\/product\\\/finsk-kniv-puukko-smidd-kniv-med-blad-av-damaskusstal\\\/\",\"url\":\"https:\\\/\\\/aaknives.eu\\\/sv\\\/product\\\/finsk-kniv-puukko-smidd-kniv-med-blad-av-damaskusstal\\\/\",\"name\":\"Finsk kniv - Puukko - smidd kniv med blad av Damaskusst\u00e5l - AAKnives\",\"isPartOf\":{\"@id\":\"https:\\\/\\\/aaknives.eu\\\/sv\\\/#website\"},\"primaryImageOfPage\":{\"@id\":\"https:\\\/\\\/aaknives.eu\\\/sv\\\/product\\\/finsk-kniv-puukko-smidd-kniv-med-blad-av-damaskusstal\\\/#primaryimage\"},\"image\":{\"@id\":\"https:\\\/\\\/aaknives.eu\\\/sv\\\/product\\\/finsk-kniv-puukko-smidd-kniv-med-blad-av-damaskusstal\\\/#primaryimage\"},\"thumbnailUrl\":\"https:\\\/\\\/aaknives.eu\\\/wp-content\\\/uploads\\\/2021\\\/09\\\/aaknives-hand-forged-dabascus-steel-blade-knife-handmade-custom-made-knife-handcrafted-knives-autinetools-northmen-20-1-15.jpg\",\"datePublished\":\"2021-09-20T20:46:50+00:00\",\"breadcrumb\":{\"@id\":\"https:\\\/\\\/aaknives.eu\\\/sv\\\/product\\\/finsk-kniv-puukko-smidd-kniv-med-blad-av-damaskusstal\\\/#breadcrumb\"},\"inLanguage\":\"sv-SE\",\"potentialAction\":[{\"@type\":\"ReadAction\",\"target\":[\"https:\\\/\\\/aaknives.eu\\\/sv\\\/product\\\/finsk-kniv-puukko-smidd-kniv-med-blad-av-damaskusstal\\\/\"]}]},{\"@type\":\"ImageObject\",\"inLanguage\":\"sv-SE\",\"@id\":\"https:\\\/\\\/aaknives.eu\\\/sv\\\/product\\\/finsk-kniv-puukko-smidd-kniv-med-blad-av-damaskusstal\\\/#primaryimage\",\"url\":\"https:\\\/\\\/aaknives.eu\\\/wp-content\\\/uploads\\\/2021\\\/09\\\/aaknives-hand-forged-dabascus-steel-blade-knife-handmade-custom-made-knife-handcrafted-knives-autinetools-northmen-20-1-15.jpg\",\"contentUrl\":\"https:\\\/\\\/aaknives.eu\\\/wp-content\\\/uploads\\\/2021\\\/09\\\/aaknives-hand-forged-dabascus-steel-blade-knife-handmade-custom-made-knife-handcrafted-knives-autinetools-northmen-20-1-15.jpg\",\"width\":800,\"height\":600,\"caption\":\"aaknives-hand-forged-dabascus-steel-blade-knife-handmade-custom-made-knife-handcrafted-knives-autinetools-northmen-20-1-15\"},{\"@type\":\"BreadcrumbList\",\"@id\":\"https:\\\/\\\/aaknives.eu\\\/sv\\\/product\\\/finsk-kniv-puukko-smidd-kniv-med-blad-av-damaskusstal\\\/#breadcrumb\",\"itemListElement\":[{\"@type\":\"ListItem\",\"position\":1,\"name\":\"Home\",\"item\":\"https:\\\/\\\/aaknives.eu\\\/sv\\\/\"},{\"@type\":\"ListItem\",\"position\":2,\"name\":\"Butik\",\"item\":\"https:\\\/\\\/aaknives.eu\\\/butik\\\/\"},{\"@type\":\"ListItem\",\"position\":3,\"name\":\"Finsk kniv &#8211; Puukko &#8211; smidd kniv med blad av Damaskusst\u00e5l\"}]},{\"@type\":\"WebSite\",\"@id\":\"https:\\\/\\\/aaknives.eu\\\/sv\\\/#website\",\"url\":\"https:\\\/\\\/aaknives.eu\\\/sv\\\/\",\"name\":\"AAKnives\",\"description\":\"Handmade knives\",\"publisher\":{\"@id\":\"https:\\\/\\\/aaknives.eu\\\/sv\\\/#organization\"},\"potentialAction\":[{\"@type\":\"SearchAction\",\"target\":{\"@type\":\"EntryPoint\",\"urlTemplate\":\"https:\\\/\\\/aaknives.eu\\\/sv\\\/?s={search_term_string}\"},\"query-input\":{\"@type\":\"PropertyValueSpecification\",\"valueRequired\":true,\"valueName\":\"search_term_string\"}}],\"inLanguage\":\"sv-SE\"},{\"@type\":\"Organization\",\"@id\":\"https:\\\/\\\/aaknives.eu\\\/sv\\\/#organization\",\"name\":\"AAKnives\",\"url\":\"https:\\\/\\\/aaknives.eu\\\/sv\\\/\",\"logo\":{\"@type\":\"ImageObject\",\"inLanguage\":\"sv-SE\",\"@id\":\"https:\\\/\\\/aaknives.eu\\\/sv\\\/#\\\/schema\\\/logo\\\/image\\\/\",\"url\":\"https:\\\/\\\/aaknives.eu\\\/wp-content\\\/uploads\\\/2021\\\/10\\\/AAknives_Logo_Green.png\",\"contentUrl\":\"https:\\\/\\\/aaknives.eu\\\/wp-content\\\/uploads\\\/2021\\\/10\\\/AAknives_Logo_Green.png\",\"width\":1768,\"height\":1768,\"caption\":\"AAKnives\"},\"image\":{\"@id\":\"https:\\\/\\\/aaknives.eu\\\/sv\\\/#\\\/schema\\\/logo\\\/image\\\/\"},\"sameAs\":[\"https:\\\/\\\/www.facebook.com\\\/aaknives.eu\\\/\",\"https:\\\/\\\/www.instagram.com\\\/aaknives\\\/\",\"https:\\\/\\\/www.pinterest.com\\\/aa_knives\\\/\",\"https:\\\/\\\/www.youtube.com\\\/channel\\\/UCHOQFjrOkgT6s4FIw9LDKyw\\\/featured\"]}]}<\/script>\n<!-- \/ Yoast SEO plugin. -->","yoast_head_json":{"title":"Finsk kniv - Puukko - smidd kniv med blad av Damaskusst\u00e5l - AAKnives","robots":{"index":"index","follow":"follow","max-snippet":"max-snippet:-1","max-image-preview":"max-image-preview:large","max-video-preview":"max-video-preview:-1"},"canonical":"https:\/\/aaknives.eu\/sv\/product\/finsk-kniv-puukko-smidd-kniv-med-blad-av-damaskusstal\/","og_locale":"sv_SE","og_type":"article","og_title":"Finsk kniv - Puukko - smidd kniv med blad av Damaskusst\u00e5l - AAKnives","og_description":"Specifikationer f\u00f6r kniv: St\u00e5l: handsmidd kniv med blad av Damaskusst\u00e5l, 650 lager H\u00e5rdhet: 60-62 HRC Bladets l\u00e4ngd (mm): 101 \/ 3,97 tum Bladets tjocklek (mm): 1,5 \/ 0,59 tum Bladbredd (mm): 25 \/ 0,98 tum Handtag: Stabiliserad karelsk bj\u00f6rk Total l\u00e4ngd (mm): 220 \/ 8,66 tum Blad av damascusst\u00e5l tillverkat av ett paket st\u00e5l med olika h\u00e5rdhet och viskositet, som viks ihop till en platta i en specifik ordning. D\u00e4refter smids plattan om upprepade g\u00e5nger, tack vare vilka lager och ett unikt m\u00f6nster bildas. En sv\u00e5r teknisk process g\u00f6rs manuellt. St\u00e5l som erh\u00e5lls p\u00e5 detta s\u00e4tt k\u00e4nnetecknas av \u00f6kad h\u00e5llfasthet,&hellip;","og_url":"https:\/\/aaknives.eu\/sv\/product\/finsk-kniv-puukko-smidd-kniv-med-blad-av-damaskusstal\/","og_site_name":"AAKnives","article_publisher":"https:\/\/www.facebook.com\/aaknives.eu\/","og_image":[{"width":800,"height":600,"url":"https:\/\/aaknives.eu\/wp-content\/uploads\/2021\/09\/aaknives-hand-forged-dabascus-steel-blade-knife-handmade-custom-made-knife-handcrafted-knives-autinetools-northmen-20-1-15.jpg","type":"image\/jpeg"}],"twitter_card":"summary_large_image","twitter_misc":{"Ber\u00e4knad l\u00e4stid":"1 minut"},"schema":{"@context":"https:\/\/schema.org","@graph":[{"@type":"WebPage","@id":"https:\/\/aaknives.eu\/sv\/product\/finsk-kniv-puukko-smidd-kniv-med-blad-av-damaskusstal\/","url":"https:\/\/aaknives.eu\/sv\/product\/finsk-kniv-puukko-smidd-kniv-med-blad-av-damaskusstal\/","name":"Finsk kniv - Puukko - smidd kniv med blad av Damaskusst\u00e5l - AAKnives","isPartOf":{"@id":"https:\/\/aaknives.eu\/sv\/#website"},"primaryImageOfPage":{"@id":"https:\/\/aaknives.eu\/sv\/product\/finsk-kniv-puukko-smidd-kniv-med-blad-av-damaskusstal\/#primaryimage"},"image":{"@id":"https:\/\/aaknives.eu\/sv\/product\/finsk-kniv-puukko-smidd-kniv-med-blad-av-damaskusstal\/#primaryimage"},"thumbnailUrl":"https:\/\/aaknives.eu\/wp-content\/uploads\/2021\/09\/aaknives-hand-forged-dabascus-steel-blade-knife-handmade-custom-made-knife-handcrafted-knives-autinetools-northmen-20-1-15.jpg","datePublished":"2021-09-20T20:46:50+00:00","breadcrumb":{"@id":"https:\/\/aaknives.eu\/sv\/product\/finsk-kniv-puukko-smidd-kniv-med-blad-av-damaskusstal\/#breadcrumb"},"inLanguage":"sv-SE","potentialAction":[{"@type":"ReadAction","target":["https:\/\/aaknives.eu\/sv\/product\/finsk-kniv-puukko-smidd-kniv-med-blad-av-damaskusstal\/"]}]},{"@type":"ImageObject","inLanguage":"sv-SE","@id":"https:\/\/aaknives.eu\/sv\/product\/finsk-kniv-puukko-smidd-kniv-med-blad-av-damaskusstal\/#primaryimage","url":"https:\/\/aaknives.eu\/wp-content\/uploads\/2021\/09\/aaknives-hand-forged-dabascus-steel-blade-knife-handmade-custom-made-knife-handcrafted-knives-autinetools-northmen-20-1-15.jpg","contentUrl":"https:\/\/aaknives.eu\/wp-content\/uploads\/2021\/09\/aaknives-hand-forged-dabascus-steel-blade-knife-handmade-custom-made-knife-handcrafted-knives-autinetools-northmen-20-1-15.jpg","width":800,"height":600,"caption":"aaknives-hand-forged-dabascus-steel-blade-knife-handmade-custom-made-knife-handcrafted-knives-autinetools-northmen-20-1-15"},{"@type":"BreadcrumbList","@id":"https:\/\/aaknives.eu\/sv\/product\/finsk-kniv-puukko-smidd-kniv-med-blad-av-damaskusstal\/#breadcrumb","itemListElement":[{"@type":"ListItem","position":1,"name":"Home","item":"https:\/\/aaknives.eu\/sv\/"},{"@type":"ListItem","position":2,"name":"Butik","item":"https:\/\/aaknives.eu\/butik\/"},{"@type":"ListItem","position":3,"name":"Finsk kniv &#8211; Puukko &#8211; smidd kniv med blad av Damaskusst\u00e5l"}]},{"@type":"WebSite","@id":"https:\/\/aaknives.eu\/sv\/#website","url":"https:\/\/aaknives.eu\/sv\/","name":"AAKnives","description":"Handmade knives","publisher":{"@id":"https:\/\/aaknives.eu\/sv\/#organization"},"potentialAction":[{"@type":"SearchAction","target":{"@type":"EntryPoint","urlTemplate":"https:\/\/aaknives.eu\/sv\/?s={search_term_string}"},"query-input":{"@type":"PropertyValueSpecification","valueRequired":true,"valueName":"search_term_string"}}],"inLanguage":"sv-SE"},{"@type":"Organization","@id":"https:\/\/aaknives.eu\/sv\/#organization","name":"AAKnives","url":"https:\/\/aaknives.eu\/sv\/","logo":{"@type":"ImageObject","inLanguage":"sv-SE","@id":"https:\/\/aaknives.eu\/sv\/#\/schema\/logo\/image\/","url":"https:\/\/aaknives.eu\/wp-content\/uploads\/2021\/10\/AAknives_Logo_Green.png","contentUrl":"https:\/\/aaknives.eu\/wp-content\/uploads\/2021\/10\/AAknives_Logo_Green.png","width":1768,"height":1768,"caption":"AAKnives"},"image":{"@id":"https:\/\/aaknives.eu\/sv\/#\/schema\/logo\/image\/"},"sameAs":["https:\/\/www.facebook.com\/aaknives.eu\/","https:\/\/www.instagram.com\/aaknives\/","https:\/\/www.pinterest.com\/aa_knives\/","https:\/\/www.youtube.com\/channel\/UCHOQFjrOkgT6s4FIw9LDKyw\/featured"]}]}},"_links":{"self":[{"href":"https:\/\/aaknives.eu\/sv\/wp-json\/wp\/v2\/product\/54482","targetHints":{"allow":["GET"]}}],"collection":[{"href":"https:\/\/aaknives.eu\/sv\/wp-json\/wp\/v2\/product"}],"about":[{"href":"https:\/\/aaknives.eu\/sv\/wp-json\/wp\/v2\/types\/product"}],"wp:featuredmedia":[{"embeddable":true,"href":"https:\/\/aaknives.eu\/sv\/wp-json\/wp\/v2\/media\/54483"}],"wp:attachment":[{"href":"https:\/\/aaknives.eu\/sv\/wp-json\/wp\/v2\/media?parent=54482"}],"wp:term":[{"taxonomy":"product_brand","embeddable":true,"href":"https:\/\/aaknives.eu\/sv\/wp-json\/wp\/v2\/product_brand?post=54482"},{"taxonomy":"product_cat","embeddable":true,"href":"https:\/\/aaknives.eu\/sv\/wp-json\/wp\/v2\/product_cat?post=54482"},{"taxonomy":"product_tag","embeddable":true,"href":"https:\/\/aaknives.eu\/sv\/wp-json\/wp\/v2\/product_tag?post=54482"}],"curies":[{"name":"wp","href":"https:\/\/api.w.org\/{rel}","templated":true}]}}