{"id":54659,"date":"2021-09-20T20:43:52","date_gmt":"2021-09-20T20:43:52","guid":{"rendered":"https:\/\/aaknives.eu\/product\/kniv-wolverine-handsmidd-d2-stal\/"},"modified":"2025-06-30T17:54:32","modified_gmt":"2025-06-30T17:54:32","slug":"kniv-wolverine-handsmidd-d2-stal","status":"publish","type":"product","link":"https:\/\/aaknives.eu\/sv\/product\/kniv-wolverine-handsmidd-d2-stal\/","title":{"rendered":"Kniv WOLVERINE- handsmidd D2-st\u00e5l"},"content":{"rendered":"<p>Knivspecifikationer: WOLVERINE<br \/>\nSt\u00e5l: handsmidet D2-st\u00e5lblad<br \/>\nH\u00e5rdhet: 61 HRC<br \/>\nBladl\u00e4ngd (mm): 103 \/ 4,05 tum<br \/>\nBladtjocklek (mm): 3 \/ 0,11 tum<br \/>\nBladbredd (mm): 33 \/ 1,29<br \/>\nHandtag: Stabiliserad karelsk bj\u00f6rk<br \/>\nTotal l\u00e4ngd (mm): 205 \/ 8,07 tum<\/p>\n<p>D2-st\u00e5l \u00e4r ett av de b\u00e4sta och mest k\u00e4nda klingst\u00e5len i v\u00e4rlden.<\/p>\n<p>V\u00e4lk\u00e4nda f\u00f6retag fr\u00e5n USA och Japan tillverkar knivar av D2-st\u00e5l.<\/p>\n<p>Knivar tillverkade av detta st\u00e5l h\u00e5ller sk\u00e4rpan perfekt och har h\u00f6g korrosionsbest\u00e4ndighet.<\/p>\n<p>Efter v\u00e4rmebehandlingen \u00e4r h\u00e5rdheten hos D2-st\u00e5lklingan i intervallet 60-62 HRC.<\/p>\n<p>Blad p\u00e5 knivar tillverkade av D2 rostar praktiskt taget inte, men eftersom st\u00e5let \u00e4r lite mindre \u00e4n rostfritt st\u00e5l (fr\u00e5n 13% krom) rekommenderas att man torkar av bladen och inte l\u00e4mnar dem p\u00e5 fuktiga platser under l\u00e5ng tid.<\/p>\n","protected":false},"excerpt":{"rendered":"<p>Knivspecifikationer: WOLVERINE St\u00e5l: handsmidet D2-st\u00e5lblad H\u00e5rdhet: 61 HRC Bladl\u00e4ngd (mm): 103 \/ 4,05 tum Bladtjocklek (mm): 3 \/ 0,11 tum Bladbredd (mm): 33 \/ 1,29 Handtag: Stabiliserad karelsk bj\u00f6rk Total l\u00e4ngd (mm): 205 \/ 8,07 tum D2-st\u00e5l \u00e4r ett av de b\u00e4sta och mest k\u00e4nda klingst\u00e5len i v\u00e4rlden. V\u00e4lk\u00e4nda f\u00f6retag fr\u00e5n USA och Japan tillverkar knivar av D2-st\u00e5l. Knivar tillverkade av detta st\u00e5l h\u00e5ller sk\u00e4rpan perfekt och har h\u00f6g korrosionsbest\u00e4ndighet. Efter v\u00e4rmebehandlingen \u00e4r h\u00e5rdheten hos D2-st\u00e5lklingan i intervallet 60-62 HRC. Blad p\u00e5 knivar tillverkade av D2 rostar praktiskt taget inte, men eftersom st\u00e5let \u00e4r lite mindre \u00e4n rostfritt st\u00e5l (fr\u00e5n&hellip;<\/p>\n","protected":false},"featured_media":99574,"template":"","meta":{"_themeisle_gutenberg_block_has_review":false},"product_brand":[],"product_cat":[420,414,413],"product_tag":[],"class_list":{"0":"post-54659","1":"product","2":"type-product","3":"status-publish","4":"has-post-thumbnail","6":"product_cat-full-tang-knivar","7":"product_cat-jaktknivar","8":"product_cat-knivar-for-utomhusbruk","10":"first","11":"instock","12":"shipping-taxable","13":"purchasable","14":"product-type-simple"},"yoast_head":"<!-- This site is optimized with the Yoast SEO plugin v27.3 - https:\/\/yoast.com\/product\/yoast-seo-wordpress\/ -->\n<title>Kniv WOLVERINE- handsmidd D2-st\u00e5l - AAKnives<\/title>\n<meta name=\"description\" content=\"D2-st\u00e5l \u00e4r ett av de b\u00e4sta och mest k\u00e4nda bladst\u00e5len i v\u00e4rlden. V\u00e4lk\u00e4nda f\u00f6retag fr\u00e5n USA och Japan tillverkar knivar av D2-st\u00e5l.\" \/>\n<meta name=\"robots\" content=\"index, follow, max-snippet:-1, max-image-preview:large, max-video-preview:-1\" \/>\n<link rel=\"canonical\" href=\"https:\/\/aaknives.eu\/sv\/product\/kniv-wolverine-handsmidd-d2-stal\/\" \/>\n<meta property=\"og:locale\" content=\"sv_SE\" \/>\n<meta property=\"og:type\" content=\"article\" \/>\n<meta property=\"og:title\" content=\"Kniv WOLVERINE- handsmidd D2-st\u00e5l - AAKnives\" \/>\n<meta property=\"og:description\" content=\"D2-st\u00e5l \u00e4r ett av de b\u00e4sta och mest k\u00e4nda bladst\u00e5len i v\u00e4rlden. V\u00e4lk\u00e4nda f\u00f6retag fr\u00e5n USA och Japan tillverkar knivar av D2-st\u00e5l.\" \/>\n<meta property=\"og:url\" content=\"https:\/\/aaknives.eu\/sv\/product\/kniv-wolverine-handsmidd-d2-stal\/\" \/>\n<meta property=\"og:site_name\" content=\"AAKnives\" \/>\n<meta property=\"article:publisher\" content=\"https:\/\/www.facebook.com\/aaknives.eu\/\" \/>\n<meta property=\"article:modified_time\" content=\"2025-06-30T17:54:32+00:00\" \/>\n<meta property=\"og:image\" content=\"https:\/\/aaknives.eu\/wp-content\/uploads\/2021\/09\/aaknives-hand-forged-damascus-steel-blade-knife-handmade-custom-made-knife-handcrafted-knives-autinetools-northmen-10.2.jpg\" \/>\n\t<meta property=\"og:image:width\" content=\"1020\" \/>\n\t<meta property=\"og:image:height\" content=\"880\" \/>\n\t<meta property=\"og:image:type\" content=\"image\/jpeg\" \/>\n<meta name=\"twitter:card\" content=\"summary_large_image\" \/>\n<meta name=\"twitter:label1\" content=\"Ber\u00e4knad l\u00e4stid\" \/>\n\t<meta name=\"twitter:data1\" content=\"1 minut\" \/>\n<script type=\"application\/ld+json\" class=\"yoast-schema-graph\">{\"@context\":\"https:\\\/\\\/schema.org\",\"@graph\":[{\"@type\":\"WebPage\",\"@id\":\"https:\\\/\\\/aaknives.eu\\\/sv\\\/product\\\/kniv-wolverine-handsmidd-d2-stal\\\/\",\"url\":\"https:\\\/\\\/aaknives.eu\\\/sv\\\/product\\\/kniv-wolverine-handsmidd-d2-stal\\\/\",\"name\":\"Kniv WOLVERINE- handsmidd D2-st\u00e5l - AAKnives\",\"isPartOf\":{\"@id\":\"https:\\\/\\\/aaknives.eu\\\/sv\\\/#website\"},\"primaryImageOfPage\":{\"@id\":\"https:\\\/\\\/aaknives.eu\\\/sv\\\/product\\\/kniv-wolverine-handsmidd-d2-stal\\\/#primaryimage\"},\"image\":{\"@id\":\"https:\\\/\\\/aaknives.eu\\\/sv\\\/product\\\/kniv-wolverine-handsmidd-d2-stal\\\/#primaryimage\"},\"thumbnailUrl\":\"https:\\\/\\\/aaknives.eu\\\/wp-content\\\/uploads\\\/2021\\\/09\\\/aaknives-hand-forged-damascus-steel-blade-knife-handmade-custom-made-knife-handcrafted-knives-autinetools-northmen-10.2.jpg\",\"datePublished\":\"2021-09-20T20:43:52+00:00\",\"dateModified\":\"2025-06-30T17:54:32+00:00\",\"description\":\"D2-st\u00e5l \u00e4r ett av de b\u00e4sta och mest k\u00e4nda bladst\u00e5len i v\u00e4rlden. V\u00e4lk\u00e4nda f\u00f6retag fr\u00e5n USA och Japan tillverkar knivar av D2-st\u00e5l.\",\"breadcrumb\":{\"@id\":\"https:\\\/\\\/aaknives.eu\\\/sv\\\/product\\\/kniv-wolverine-handsmidd-d2-stal\\\/#breadcrumb\"},\"inLanguage\":\"sv-SE\",\"potentialAction\":[{\"@type\":\"ReadAction\",\"target\":[\"https:\\\/\\\/aaknives.eu\\\/sv\\\/product\\\/kniv-wolverine-handsmidd-d2-stal\\\/\"]}]},{\"@type\":\"ImageObject\",\"inLanguage\":\"sv-SE\",\"@id\":\"https:\\\/\\\/aaknives.eu\\\/sv\\\/product\\\/kniv-wolverine-handsmidd-d2-stal\\\/#primaryimage\",\"url\":\"https:\\\/\\\/aaknives.eu\\\/wp-content\\\/uploads\\\/2021\\\/09\\\/aaknives-hand-forged-damascus-steel-blade-knife-handmade-custom-made-knife-handcrafted-knives-autinetools-northmen-10.2.jpg\",\"contentUrl\":\"https:\\\/\\\/aaknives.eu\\\/wp-content\\\/uploads\\\/2021\\\/09\\\/aaknives-hand-forged-damascus-steel-blade-knife-handmade-custom-made-knife-handcrafted-knives-autinetools-northmen-10.2.jpg\",\"width\":1020,\"height\":880},{\"@type\":\"BreadcrumbList\",\"@id\":\"https:\\\/\\\/aaknives.eu\\\/sv\\\/product\\\/kniv-wolverine-handsmidd-d2-stal\\\/#breadcrumb\",\"itemListElement\":[{\"@type\":\"ListItem\",\"position\":1,\"name\":\"Home\",\"item\":\"https:\\\/\\\/aaknives.eu\\\/sv\\\/\"},{\"@type\":\"ListItem\",\"position\":2,\"name\":\"Butik\",\"item\":\"https:\\\/\\\/aaknives.eu\\\/butik\\\/\"},{\"@type\":\"ListItem\",\"position\":3,\"name\":\"Private: Kniv WOLVERINE- handsmidd D2-st\u00e5l\"}]},{\"@type\":\"WebSite\",\"@id\":\"https:\\\/\\\/aaknives.eu\\\/sv\\\/#website\",\"url\":\"https:\\\/\\\/aaknives.eu\\\/sv\\\/\",\"name\":\"AAKnives\",\"description\":\"Handmade knives\",\"publisher\":{\"@id\":\"https:\\\/\\\/aaknives.eu\\\/sv\\\/#organization\"},\"potentialAction\":[{\"@type\":\"SearchAction\",\"target\":{\"@type\":\"EntryPoint\",\"urlTemplate\":\"https:\\\/\\\/aaknives.eu\\\/sv\\\/?s={search_term_string}\"},\"query-input\":{\"@type\":\"PropertyValueSpecification\",\"valueRequired\":true,\"valueName\":\"search_term_string\"}}],\"inLanguage\":\"sv-SE\"},{\"@type\":\"Organization\",\"@id\":\"https:\\\/\\\/aaknives.eu\\\/sv\\\/#organization\",\"name\":\"AAKnives\",\"url\":\"https:\\\/\\\/aaknives.eu\\\/sv\\\/\",\"logo\":{\"@type\":\"ImageObject\",\"inLanguage\":\"sv-SE\",\"@id\":\"https:\\\/\\\/aaknives.eu\\\/sv\\\/#\\\/schema\\\/logo\\\/image\\\/\",\"url\":\"https:\\\/\\\/aaknives.eu\\\/wp-content\\\/uploads\\\/2021\\\/10\\\/AAknives_Logo_Green.png\",\"contentUrl\":\"https:\\\/\\\/aaknives.eu\\\/wp-content\\\/uploads\\\/2021\\\/10\\\/AAknives_Logo_Green.png\",\"width\":1768,\"height\":1768,\"caption\":\"AAKnives\"},\"image\":{\"@id\":\"https:\\\/\\\/aaknives.eu\\\/sv\\\/#\\\/schema\\\/logo\\\/image\\\/\"},\"sameAs\":[\"https:\\\/\\\/www.facebook.com\\\/aaknives.eu\\\/\",\"https:\\\/\\\/www.instagram.com\\\/aaknives\\\/\",\"https:\\\/\\\/www.pinterest.com\\\/aa_knives\\\/\",\"https:\\\/\\\/www.youtube.com\\\/channel\\\/UCHOQFjrOkgT6s4FIw9LDKyw\\\/featured\"]}]}<\/script>\n<!-- \/ Yoast SEO plugin. -->","yoast_head_json":{"title":"Kniv WOLVERINE- handsmidd D2-st\u00e5l - AAKnives","description":"D2-st\u00e5l \u00e4r ett av de b\u00e4sta och mest k\u00e4nda bladst\u00e5len i v\u00e4rlden. V\u00e4lk\u00e4nda f\u00f6retag fr\u00e5n USA och Japan tillverkar knivar av D2-st\u00e5l.","robots":{"index":"index","follow":"follow","max-snippet":"max-snippet:-1","max-image-preview":"max-image-preview:large","max-video-preview":"max-video-preview:-1"},"canonical":"https:\/\/aaknives.eu\/sv\/product\/kniv-wolverine-handsmidd-d2-stal\/","og_locale":"sv_SE","og_type":"article","og_title":"Kniv WOLVERINE- handsmidd D2-st\u00e5l - AAKnives","og_description":"D2-st\u00e5l \u00e4r ett av de b\u00e4sta och mest k\u00e4nda bladst\u00e5len i v\u00e4rlden. V\u00e4lk\u00e4nda f\u00f6retag fr\u00e5n USA och Japan tillverkar knivar av D2-st\u00e5l.","og_url":"https:\/\/aaknives.eu\/sv\/product\/kniv-wolverine-handsmidd-d2-stal\/","og_site_name":"AAKnives","article_publisher":"https:\/\/www.facebook.com\/aaknives.eu\/","article_modified_time":"2025-06-30T17:54:32+00:00","og_image":[{"width":1020,"height":880,"url":"https:\/\/aaknives.eu\/wp-content\/uploads\/2021\/09\/aaknives-hand-forged-damascus-steel-blade-knife-handmade-custom-made-knife-handcrafted-knives-autinetools-northmen-10.2.jpg","type":"image\/jpeg"}],"twitter_card":"summary_large_image","twitter_misc":{"Ber\u00e4knad l\u00e4stid":"1 minut"},"schema":{"@context":"https:\/\/schema.org","@graph":[{"@type":"WebPage","@id":"https:\/\/aaknives.eu\/sv\/product\/kniv-wolverine-handsmidd-d2-stal\/","url":"https:\/\/aaknives.eu\/sv\/product\/kniv-wolverine-handsmidd-d2-stal\/","name":"Kniv WOLVERINE- handsmidd D2-st\u00e5l - AAKnives","isPartOf":{"@id":"https:\/\/aaknives.eu\/sv\/#website"},"primaryImageOfPage":{"@id":"https:\/\/aaknives.eu\/sv\/product\/kniv-wolverine-handsmidd-d2-stal\/#primaryimage"},"image":{"@id":"https:\/\/aaknives.eu\/sv\/product\/kniv-wolverine-handsmidd-d2-stal\/#primaryimage"},"thumbnailUrl":"https:\/\/aaknives.eu\/wp-content\/uploads\/2021\/09\/aaknives-hand-forged-damascus-steel-blade-knife-handmade-custom-made-knife-handcrafted-knives-autinetools-northmen-10.2.jpg","datePublished":"2021-09-20T20:43:52+00:00","dateModified":"2025-06-30T17:54:32+00:00","description":"D2-st\u00e5l \u00e4r ett av de b\u00e4sta och mest k\u00e4nda bladst\u00e5len i v\u00e4rlden. V\u00e4lk\u00e4nda f\u00f6retag fr\u00e5n USA och Japan tillverkar knivar av D2-st\u00e5l.","breadcrumb":{"@id":"https:\/\/aaknives.eu\/sv\/product\/kniv-wolverine-handsmidd-d2-stal\/#breadcrumb"},"inLanguage":"sv-SE","potentialAction":[{"@type":"ReadAction","target":["https:\/\/aaknives.eu\/sv\/product\/kniv-wolverine-handsmidd-d2-stal\/"]}]},{"@type":"ImageObject","inLanguage":"sv-SE","@id":"https:\/\/aaknives.eu\/sv\/product\/kniv-wolverine-handsmidd-d2-stal\/#primaryimage","url":"https:\/\/aaknives.eu\/wp-content\/uploads\/2021\/09\/aaknives-hand-forged-damascus-steel-blade-knife-handmade-custom-made-knife-handcrafted-knives-autinetools-northmen-10.2.jpg","contentUrl":"https:\/\/aaknives.eu\/wp-content\/uploads\/2021\/09\/aaknives-hand-forged-damascus-steel-blade-knife-handmade-custom-made-knife-handcrafted-knives-autinetools-northmen-10.2.jpg","width":1020,"height":880},{"@type":"BreadcrumbList","@id":"https:\/\/aaknives.eu\/sv\/product\/kniv-wolverine-handsmidd-d2-stal\/#breadcrumb","itemListElement":[{"@type":"ListItem","position":1,"name":"Home","item":"https:\/\/aaknives.eu\/sv\/"},{"@type":"ListItem","position":2,"name":"Butik","item":"https:\/\/aaknives.eu\/butik\/"},{"@type":"ListItem","position":3,"name":"Private: Kniv WOLVERINE- handsmidd D2-st\u00e5l"}]},{"@type":"WebSite","@id":"https:\/\/aaknives.eu\/sv\/#website","url":"https:\/\/aaknives.eu\/sv\/","name":"AAKnives","description":"Handmade knives","publisher":{"@id":"https:\/\/aaknives.eu\/sv\/#organization"},"potentialAction":[{"@type":"SearchAction","target":{"@type":"EntryPoint","urlTemplate":"https:\/\/aaknives.eu\/sv\/?s={search_term_string}"},"query-input":{"@type":"PropertyValueSpecification","valueRequired":true,"valueName":"search_term_string"}}],"inLanguage":"sv-SE"},{"@type":"Organization","@id":"https:\/\/aaknives.eu\/sv\/#organization","name":"AAKnives","url":"https:\/\/aaknives.eu\/sv\/","logo":{"@type":"ImageObject","inLanguage":"sv-SE","@id":"https:\/\/aaknives.eu\/sv\/#\/schema\/logo\/image\/","url":"https:\/\/aaknives.eu\/wp-content\/uploads\/2021\/10\/AAknives_Logo_Green.png","contentUrl":"https:\/\/aaknives.eu\/wp-content\/uploads\/2021\/10\/AAknives_Logo_Green.png","width":1768,"height":1768,"caption":"AAKnives"},"image":{"@id":"https:\/\/aaknives.eu\/sv\/#\/schema\/logo\/image\/"},"sameAs":["https:\/\/www.facebook.com\/aaknives.eu\/","https:\/\/www.instagram.com\/aaknives\/","https:\/\/www.pinterest.com\/aa_knives\/","https:\/\/www.youtube.com\/channel\/UCHOQFjrOkgT6s4FIw9LDKyw\/featured"]}]}},"_links":{"self":[{"href":"https:\/\/aaknives.eu\/sv\/wp-json\/wp\/v2\/product\/54659","targetHints":{"allow":["GET"]}}],"collection":[{"href":"https:\/\/aaknives.eu\/sv\/wp-json\/wp\/v2\/product"}],"about":[{"href":"https:\/\/aaknives.eu\/sv\/wp-json\/wp\/v2\/types\/product"}],"wp:featuredmedia":[{"embeddable":true,"href":"https:\/\/aaknives.eu\/sv\/wp-json\/wp\/v2\/media\/99574"}],"wp:attachment":[{"href":"https:\/\/aaknives.eu\/sv\/wp-json\/wp\/v2\/media?parent=54659"}],"wp:term":[{"taxonomy":"product_brand","embeddable":true,"href":"https:\/\/aaknives.eu\/sv\/wp-json\/wp\/v2\/product_brand?post=54659"},{"taxonomy":"product_cat","embeddable":true,"href":"https:\/\/aaknives.eu\/sv\/wp-json\/wp\/v2\/product_cat?post=54659"},{"taxonomy":"product_tag","embeddable":true,"href":"https:\/\/aaknives.eu\/sv\/wp-json\/wp\/v2\/product_tag?post=54659"}],"curies":[{"name":"wp","href":"https:\/\/api.w.org\/{rel}","templated":true}]}}