{"id":54859,"date":"2021-09-20T20:39:18","date_gmt":"2021-09-20T20:39:18","guid":{"rendered":"https:\/\/aaknives.eu\/product\/lettisk-kraftkniv-cross-of-the-cross-smidd-i-rostfritt-stal\/"},"modified":"2025-02-05T13:36:34","modified_gmt":"2025-02-05T13:36:34","slug":"lettisk-kraftkniv-cross-of-the-cross-smidd-i-rostfritt-stal","status":"publish","type":"product","link":"https:\/\/aaknives.eu\/sv\/product\/lettisk-kraftkniv-cross-of-the-cross-smidd-i-rostfritt-stal\/","title":{"rendered":"Lettisk kraftkniv &#8221;Cross of the cross&#8221;, smidd i rostfritt st\u00e5l"},"content":{"rendered":"<p>MARAS KORS<\/p>\n<p>Knivspecifikationer: \u201dCross of the Cross\u201d<br \/>\nSt\u00e5l: smidd rostfritt st\u00e5l 12C27<br \/>\nH\u00e5rdhet: 57-58 HRC<br \/>\nBladl\u00e4ngd (mm): 150 \/ 5,90 tum<br \/>\nBladtjocklek (mm): 3 \/0,12 tum<br \/>\nBladbredd (mm): 28 \/ 1,10 tum<br \/>\nHandtag: African Bubingo tr\u00e4<br \/>\nTotal l\u00e4ngd (mm): 277 \/ 10,90 tum<\/p>\n<p>\u00c4ven om Lettlands 101-\u00e5rsdag har passerat \u00e4r det fortfarande v\u00e4rt att dr\u00f6ja vid de k\u00e4nslor som var och en av oss kommer att minnas, eftersom den f\u00f6rsta hundra\u00e5rsdagen \u00e4r speciell och ocks\u00e5 en m\u00f6jlighet att leva i sin tid, men v\u00e5r nations r\u00f6tter g\u00e5r l\u00e5ngt bortom det f\u00f6rflutna. Tiderna f\u00f6r\u00e4ndras, m\u00e4nniskor f\u00f6r\u00e4ndras, men det finns saker som har blivit n\u00e4stan sj\u00e4lvklara med tiden eftersom de \u00e4r en del av v\u00e5r identitet. Lettiska tecken. V\u00e4vda i b\u00e4lten, stickade i handskar, ingraverade i stenar och vapen, s\u00e5 att deras n\u00e4rvaro skyddar mot olycka, ger lycka, framg\u00e5ng, h\u00e4lsa och v\u00e4lst\u00e5nd. Varje j\u00e4gare f\u00f6rbereder sig f\u00f6r jakt och tar med sig sina b\u00e4sta jaktverktyg, men vilda djur skapar ibland situationer d\u00e4r \u00e4ven utm\u00e4rkt kunskap och \u00e5r av erfarenhet uppv\u00e4gs av vanlig tur, som intr\u00e4ffar f\u00f6r n\u00e5gon oftare och f\u00f6r andra mer s\u00e4llan, s\u00e5 det kan vara v\u00e4rt att t\u00e4nka p\u00e5 v\u00e4rden som ans\u00e5gs vara tur av v\u00e5ra f\u00f6rf\u00e4der. AAKnives erbjuder en mycket speciell knivserie -\u201d Lettland 100\u201d. Genom att kombinera handgjorda knivar av h\u00f6g kvalitet och dekorativa lettiska makttecken p\u00e5 handtaget f\u00e5r \u00e4garen inte bara en visuellt vacker kniv, som blir ett bra tillskott till samlingen, utan ocks\u00e5 ett utm\u00e4rkt arbetsredskap . Vackert balanserade former, tr\u00e4pinnar i naturliga toner och olika lettiska krafttecken f\u00f6r alla smaker.<\/span><\/div>\n<p>Kniven \u00e4r ocks\u00e5 en bra och omt\u00e4nksam present till en v\u00e4n eller \u00e4lskad, men kom ih\u00e5g att mottagaren av g\u00e5van m\u00e5ste ge ett mynt i utbyte \u2013 det \u00e4r ett gammalt lettiskt tales\u00e4tt!<\/p>\n","protected":false},"excerpt":{"rendered":"<p>MARAS KORS Knivspecifikationer: \u201dCross of the Cross\u201d St\u00e5l: smidd rostfritt st\u00e5l 12C27 H\u00e5rdhet: 57-58 HRC Bladl\u00e4ngd (mm): 150 \/ 5,90 tum Bladtjocklek (mm): 3 \/0,12 tum Bladbredd (mm): 28 \/ 1,10 tum Handtag: African Bubingo tr\u00e4 Total l\u00e4ngd (mm): 277 \/ 10,90 tum \u00c4ven om Lettlands 101-\u00e5rsdag har passerat \u00e4r det fortfarande v\u00e4rt att dr\u00f6ja vid de k\u00e4nslor som var och en av oss kommer att minnas, eftersom den f\u00f6rsta hundra\u00e5rsdagen \u00e4r speciell och ocks\u00e5 en m\u00f6jlighet att leva i sin tid, men v\u00e5r nations r\u00f6tter g\u00e5r l\u00e5ngt bortom det f\u00f6rflutna. Tiderna f\u00f6r\u00e4ndras, m\u00e4nniskor f\u00f6r\u00e4ndras, men det finns saker som&hellip;<\/p>\n","protected":false},"featured_media":95586,"template":"","meta":{"_themeisle_gutenberg_block_has_review":false},"product_brand":[],"product_cat":[422,414,413,435],"product_tag":[],"class_list":{"0":"post-54859","1":"product","2":"type-product","3":"status-publish","4":"has-post-thumbnail","6":"product_cat-fiskeknivar","7":"product_cat-jaktknivar","8":"product_cat-knivar-for-utomhusbruk","9":"product_cat-lettiska-kraftknivar","11":"first","12":"outofstock","13":"shipping-taxable","14":"purchasable","15":"product-type-simple"},"yoast_head":"<!-- This site is optimized with the Yoast SEO plugin v27.5 - https:\/\/yoast.com\/product\/yoast-seo-wordpress\/ -->\n<title>Lettisk kraftkniv &#039;&#039;Cross of the cross&#039;&#039;, smidd i rostfritt st\u00e5l - AAKnives<\/title>\n<meta name=\"description\" content=\"Lettisk kraftkniv &#039;&#039;Cross of the cross&#039;&#039;, smidd i rostfritt st\u00e5l\" \/>\n<meta name=\"robots\" content=\"index, follow, max-snippet:-1, max-image-preview:large, max-video-preview:-1\" \/>\n<link rel=\"canonical\" href=\"https:\/\/aaknives.eu\/sv\/product\/lettisk-kraftkniv-cross-of-the-cross-smidd-i-rostfritt-stal\/\" \/>\n<meta property=\"og:locale\" content=\"sv_SE\" \/>\n<meta property=\"og:type\" content=\"article\" \/>\n<meta property=\"og:title\" content=\"Lettisk kraftkniv &#039;&#039;Cross of the cross&#039;&#039;, smidd i rostfritt st\u00e5l - AAKnives\" \/>\n<meta property=\"og:description\" content=\"Lettisk kraftkniv &#039;&#039;Cross of the cross&#039;&#039;, smidd i rostfritt st\u00e5l\" \/>\n<meta property=\"og:url\" content=\"https:\/\/aaknives.eu\/sv\/product\/lettisk-kraftkniv-cross-of-the-cross-smidd-i-rostfritt-stal\/\" \/>\n<meta property=\"og:site_name\" content=\"AAKnives\" \/>\n<meta property=\"article:publisher\" content=\"https:\/\/www.facebook.com\/aaknives.eu\/\" \/>\n<meta property=\"article:modified_time\" content=\"2025-02-05T13:36:34+00:00\" \/>\n<meta property=\"og:image\" content=\"https:\/\/aaknives.eu\/wp-content\/uploads\/2021\/09\/aaknives-hand-forged-dabascus-steel-blade-knife-handmade-custom-made-knife-handcrafted-knives-autinetools-northmen-28.2-3.jpg\" \/>\n\t<meta property=\"og:image:width\" content=\"1020\" \/>\n\t<meta property=\"og:image:height\" content=\"880\" \/>\n\t<meta property=\"og:image:type\" content=\"image\/jpeg\" \/>\n<meta name=\"twitter:card\" content=\"summary_large_image\" \/>\n<meta name=\"twitter:label1\" content=\"Ber\u00e4knad l\u00e4stid\" \/>\n\t<meta name=\"twitter:data1\" content=\"2 minuter\" \/>\n<script type=\"application\/ld+json\" class=\"yoast-schema-graph\">{\"@context\":\"https:\\\/\\\/schema.org\",\"@graph\":[{\"@type\":\"WebPage\",\"@id\":\"https:\\\/\\\/aaknives.eu\\\/sv\\\/product\\\/lettisk-kraftkniv-cross-of-the-cross-smidd-i-rostfritt-stal\\\/\",\"url\":\"https:\\\/\\\/aaknives.eu\\\/sv\\\/product\\\/lettisk-kraftkniv-cross-of-the-cross-smidd-i-rostfritt-stal\\\/\",\"name\":\"Lettisk kraftkniv ''Cross of the cross'', smidd i rostfritt st\u00e5l - AAKnives\",\"isPartOf\":{\"@id\":\"https:\\\/\\\/aaknives.eu\\\/sv\\\/#website\"},\"primaryImageOfPage\":{\"@id\":\"https:\\\/\\\/aaknives.eu\\\/sv\\\/product\\\/lettisk-kraftkniv-cross-of-the-cross-smidd-i-rostfritt-stal\\\/#primaryimage\"},\"image\":{\"@id\":\"https:\\\/\\\/aaknives.eu\\\/sv\\\/product\\\/lettisk-kraftkniv-cross-of-the-cross-smidd-i-rostfritt-stal\\\/#primaryimage\"},\"thumbnailUrl\":\"https:\\\/\\\/aaknives.eu\\\/wp-content\\\/uploads\\\/2021\\\/09\\\/aaknives-hand-forged-dabascus-steel-blade-knife-handmade-custom-made-knife-handcrafted-knives-autinetools-northmen-28.2-3.jpg\",\"datePublished\":\"2021-09-20T20:39:18+00:00\",\"dateModified\":\"2025-02-05T13:36:34+00:00\",\"description\":\"Lettisk kraftkniv ''Cross of the cross'', smidd i rostfritt st\u00e5l\",\"breadcrumb\":{\"@id\":\"https:\\\/\\\/aaknives.eu\\\/sv\\\/product\\\/lettisk-kraftkniv-cross-of-the-cross-smidd-i-rostfritt-stal\\\/#breadcrumb\"},\"inLanguage\":\"sv-SE\",\"potentialAction\":[{\"@type\":\"ReadAction\",\"target\":[\"https:\\\/\\\/aaknives.eu\\\/sv\\\/product\\\/lettisk-kraftkniv-cross-of-the-cross-smidd-i-rostfritt-stal\\\/\"]}]},{\"@type\":\"ImageObject\",\"inLanguage\":\"sv-SE\",\"@id\":\"https:\\\/\\\/aaknives.eu\\\/sv\\\/product\\\/lettisk-kraftkniv-cross-of-the-cross-smidd-i-rostfritt-stal\\\/#primaryimage\",\"url\":\"https:\\\/\\\/aaknives.eu\\\/wp-content\\\/uploads\\\/2021\\\/09\\\/aaknives-hand-forged-dabascus-steel-blade-knife-handmade-custom-made-knife-handcrafted-knives-autinetools-northmen-28.2-3.jpg\",\"contentUrl\":\"https:\\\/\\\/aaknives.eu\\\/wp-content\\\/uploads\\\/2021\\\/09\\\/aaknives-hand-forged-dabascus-steel-blade-knife-handmade-custom-made-knife-handcrafted-knives-autinetools-northmen-28.2-3.jpg\",\"width\":1020,\"height\":880},{\"@type\":\"BreadcrumbList\",\"@id\":\"https:\\\/\\\/aaknives.eu\\\/sv\\\/product\\\/lettisk-kraftkniv-cross-of-the-cross-smidd-i-rostfritt-stal\\\/#breadcrumb\",\"itemListElement\":[{\"@type\":\"ListItem\",\"position\":1,\"name\":\"Home\",\"item\":\"https:\\\/\\\/aaknives.eu\\\/sv\\\/\"},{\"@type\":\"ListItem\",\"position\":2,\"name\":\"Butik\",\"item\":\"https:\\\/\\\/aaknives.eu\\\/butik\\\/\"},{\"@type\":\"ListItem\",\"position\":3,\"name\":\"Private: Lettisk kraftkniv &#8221;Cross of the cross&#8221;, smidd i rostfritt st\u00e5l\"}]},{\"@type\":\"WebSite\",\"@id\":\"https:\\\/\\\/aaknives.eu\\\/sv\\\/#website\",\"url\":\"https:\\\/\\\/aaknives.eu\\\/sv\\\/\",\"name\":\"AAKnives\",\"description\":\"Handmade knives\",\"publisher\":{\"@id\":\"https:\\\/\\\/aaknives.eu\\\/sv\\\/#organization\"},\"alternateName\":\"Anri Ananin Knives\",\"potentialAction\":[{\"@type\":\"SearchAction\",\"target\":{\"@type\":\"EntryPoint\",\"urlTemplate\":\"https:\\\/\\\/aaknives.eu\\\/sv\\\/?s={search_term_string}\"},\"query-input\":{\"@type\":\"PropertyValueSpecification\",\"valueRequired\":true,\"valueName\":\"search_term_string\"}}],\"inLanguage\":\"sv-SE\"},{\"@type\":\"Organization\",\"@id\":\"https:\\\/\\\/aaknives.eu\\\/sv\\\/#organization\",\"name\":\"AAKnives\",\"url\":\"https:\\\/\\\/aaknives.eu\\\/sv\\\/\",\"logo\":{\"@type\":\"ImageObject\",\"inLanguage\":\"sv-SE\",\"@id\":\"https:\\\/\\\/aaknives.eu\\\/sv\\\/#\\\/schema\\\/logo\\\/image\\\/\",\"url\":\"https:\\\/\\\/aaknives.eu\\\/wp-content\\\/uploads\\\/2021\\\/10\\\/AAknives_Logo_Green.png\",\"contentUrl\":\"https:\\\/\\\/aaknives.eu\\\/wp-content\\\/uploads\\\/2021\\\/10\\\/AAknives_Logo_Green.png\",\"width\":1768,\"height\":1768,\"caption\":\"AAKnives\"},\"image\":{\"@id\":\"https:\\\/\\\/aaknives.eu\\\/sv\\\/#\\\/schema\\\/logo\\\/image\\\/\"},\"sameAs\":[\"https:\\\/\\\/www.facebook.com\\\/aaknives.eu\\\/\",\"https:\\\/\\\/www.instagram.com\\\/aaknives\\\/\",\"https:\\\/\\\/www.pinterest.com\\\/aa_knives\\\/\",\"https:\\\/\\\/www.youtube.com\\\/@aaknives9518\"]}]}<\/script>\n<!-- \/ Yoast SEO plugin. -->","yoast_head_json":{"title":"Lettisk kraftkniv ''Cross of the cross'', smidd i rostfritt st\u00e5l - AAKnives","description":"Lettisk kraftkniv ''Cross of the cross'', smidd i rostfritt st\u00e5l","robots":{"index":"index","follow":"follow","max-snippet":"max-snippet:-1","max-image-preview":"max-image-preview:large","max-video-preview":"max-video-preview:-1"},"canonical":"https:\/\/aaknives.eu\/sv\/product\/lettisk-kraftkniv-cross-of-the-cross-smidd-i-rostfritt-stal\/","og_locale":"sv_SE","og_type":"article","og_title":"Lettisk kraftkniv ''Cross of the cross'', smidd i rostfritt st\u00e5l - AAKnives","og_description":"Lettisk kraftkniv ''Cross of the cross'', smidd i rostfritt st\u00e5l","og_url":"https:\/\/aaknives.eu\/sv\/product\/lettisk-kraftkniv-cross-of-the-cross-smidd-i-rostfritt-stal\/","og_site_name":"AAKnives","article_publisher":"https:\/\/www.facebook.com\/aaknives.eu\/","article_modified_time":"2025-02-05T13:36:34+00:00","og_image":[{"width":1020,"height":880,"url":"https:\/\/aaknives.eu\/wp-content\/uploads\/2021\/09\/aaknives-hand-forged-dabascus-steel-blade-knife-handmade-custom-made-knife-handcrafted-knives-autinetools-northmen-28.2-3.jpg","type":"image\/jpeg"}],"twitter_card":"summary_large_image","twitter_misc":{"Ber\u00e4knad l\u00e4stid":"2 minuter"},"schema":{"@context":"https:\/\/schema.org","@graph":[{"@type":"WebPage","@id":"https:\/\/aaknives.eu\/sv\/product\/lettisk-kraftkniv-cross-of-the-cross-smidd-i-rostfritt-stal\/","url":"https:\/\/aaknives.eu\/sv\/product\/lettisk-kraftkniv-cross-of-the-cross-smidd-i-rostfritt-stal\/","name":"Lettisk kraftkniv ''Cross of the cross'', smidd i rostfritt st\u00e5l - AAKnives","isPartOf":{"@id":"https:\/\/aaknives.eu\/sv\/#website"},"primaryImageOfPage":{"@id":"https:\/\/aaknives.eu\/sv\/product\/lettisk-kraftkniv-cross-of-the-cross-smidd-i-rostfritt-stal\/#primaryimage"},"image":{"@id":"https:\/\/aaknives.eu\/sv\/product\/lettisk-kraftkniv-cross-of-the-cross-smidd-i-rostfritt-stal\/#primaryimage"},"thumbnailUrl":"https:\/\/aaknives.eu\/wp-content\/uploads\/2021\/09\/aaknives-hand-forged-dabascus-steel-blade-knife-handmade-custom-made-knife-handcrafted-knives-autinetools-northmen-28.2-3.jpg","datePublished":"2021-09-20T20:39:18+00:00","dateModified":"2025-02-05T13:36:34+00:00","description":"Lettisk kraftkniv ''Cross of the cross'', smidd i rostfritt st\u00e5l","breadcrumb":{"@id":"https:\/\/aaknives.eu\/sv\/product\/lettisk-kraftkniv-cross-of-the-cross-smidd-i-rostfritt-stal\/#breadcrumb"},"inLanguage":"sv-SE","potentialAction":[{"@type":"ReadAction","target":["https:\/\/aaknives.eu\/sv\/product\/lettisk-kraftkniv-cross-of-the-cross-smidd-i-rostfritt-stal\/"]}]},{"@type":"ImageObject","inLanguage":"sv-SE","@id":"https:\/\/aaknives.eu\/sv\/product\/lettisk-kraftkniv-cross-of-the-cross-smidd-i-rostfritt-stal\/#primaryimage","url":"https:\/\/aaknives.eu\/wp-content\/uploads\/2021\/09\/aaknives-hand-forged-dabascus-steel-blade-knife-handmade-custom-made-knife-handcrafted-knives-autinetools-northmen-28.2-3.jpg","contentUrl":"https:\/\/aaknives.eu\/wp-content\/uploads\/2021\/09\/aaknives-hand-forged-dabascus-steel-blade-knife-handmade-custom-made-knife-handcrafted-knives-autinetools-northmen-28.2-3.jpg","width":1020,"height":880},{"@type":"BreadcrumbList","@id":"https:\/\/aaknives.eu\/sv\/product\/lettisk-kraftkniv-cross-of-the-cross-smidd-i-rostfritt-stal\/#breadcrumb","itemListElement":[{"@type":"ListItem","position":1,"name":"Home","item":"https:\/\/aaknives.eu\/sv\/"},{"@type":"ListItem","position":2,"name":"Butik","item":"https:\/\/aaknives.eu\/butik\/"},{"@type":"ListItem","position":3,"name":"Private: Lettisk kraftkniv &#8221;Cross of the cross&#8221;, smidd i rostfritt st\u00e5l"}]},{"@type":"WebSite","@id":"https:\/\/aaknives.eu\/sv\/#website","url":"https:\/\/aaknives.eu\/sv\/","name":"AAKnives","description":"Handmade knives","publisher":{"@id":"https:\/\/aaknives.eu\/sv\/#organization"},"alternateName":"Anri Ananin Knives","potentialAction":[{"@type":"SearchAction","target":{"@type":"EntryPoint","urlTemplate":"https:\/\/aaknives.eu\/sv\/?s={search_term_string}"},"query-input":{"@type":"PropertyValueSpecification","valueRequired":true,"valueName":"search_term_string"}}],"inLanguage":"sv-SE"},{"@type":"Organization","@id":"https:\/\/aaknives.eu\/sv\/#organization","name":"AAKnives","url":"https:\/\/aaknives.eu\/sv\/","logo":{"@type":"ImageObject","inLanguage":"sv-SE","@id":"https:\/\/aaknives.eu\/sv\/#\/schema\/logo\/image\/","url":"https:\/\/aaknives.eu\/wp-content\/uploads\/2021\/10\/AAknives_Logo_Green.png","contentUrl":"https:\/\/aaknives.eu\/wp-content\/uploads\/2021\/10\/AAknives_Logo_Green.png","width":1768,"height":1768,"caption":"AAKnives"},"image":{"@id":"https:\/\/aaknives.eu\/sv\/#\/schema\/logo\/image\/"},"sameAs":["https:\/\/www.facebook.com\/aaknives.eu\/","https:\/\/www.instagram.com\/aaknives\/","https:\/\/www.pinterest.com\/aa_knives\/","https:\/\/www.youtube.com\/@aaknives9518"]}]}},"_links":{"self":[{"href":"https:\/\/aaknives.eu\/sv\/wp-json\/wp\/v2\/product\/54859","targetHints":{"allow":["GET"]}}],"collection":[{"href":"https:\/\/aaknives.eu\/sv\/wp-json\/wp\/v2\/product"}],"about":[{"href":"https:\/\/aaknives.eu\/sv\/wp-json\/wp\/v2\/types\/product"}],"wp:featuredmedia":[{"embeddable":true,"href":"https:\/\/aaknives.eu\/sv\/wp-json\/wp\/v2\/media\/95586"}],"wp:attachment":[{"href":"https:\/\/aaknives.eu\/sv\/wp-json\/wp\/v2\/media?parent=54859"}],"wp:term":[{"taxonomy":"product_brand","embeddable":true,"href":"https:\/\/aaknives.eu\/sv\/wp-json\/wp\/v2\/product_brand?post=54859"},{"taxonomy":"product_cat","embeddable":true,"href":"https:\/\/aaknives.eu\/sv\/wp-json\/wp\/v2\/product_cat?post=54859"},{"taxonomy":"product_tag","embeddable":true,"href":"https:\/\/aaknives.eu\/sv\/wp-json\/wp\/v2\/product_tag?post=54859"}],"curies":[{"name":"wp","href":"https:\/\/api.w.org\/{rel}","templated":true}]}}