{"id":54880,"date":"2021-09-20T20:40:05","date_gmt":"2021-09-20T20:40:05","guid":{"rendered":"https:\/\/aaknives.eu\/product\/kniv-falcon-tillverkad-av-bra-smidd-rostfritt-stal-sandvik-12c27\/"},"modified":"2025-02-06T16:13:48","modified_gmt":"2025-02-06T16:13:48","slug":"kniv-falcon-tillverkad-av-bra-smidd-rostfritt-stal-sandvik-12c27","status":"publish","type":"product","link":"https:\/\/aaknives.eu\/sv\/product\/kniv-falcon-tillverkad-av-bra-smidd-rostfritt-stal-sandvik-12c27\/","title":{"rendered":"Kniv &#8221;HERACLE&#8221; gjord av bra smidd rostfritt st\u00e5l Sandvik 12C27"},"content":{"rendered":"<p>Knife specifications: &#8221;HERACLE&#8221;<br \/>\nKnivspecifikationer: &#8221;HERACLE&#8221;<br \/>\nSt\u00e5l: smidet rostfritt st\u00e5l Sandvik 12C27<br \/>\nH\u00e5rdhet: 56-58 HRC<br \/>\nBladl\u00e4ngd (mm): 150 \/ 5,90 tum<br \/>\nBladtjocklek (mm): 3 \/ 0,11 tum<br \/>\nBladbredd (mm): 28 \/ 1,10 tum<br \/>\nHandtag: afrikanskt zebrano tr\u00e4<br \/>Total l\u00e4ngd (mm): 275 \/ 10,82 tum<\/p>\n<p>12C27-st\u00e5l \u00e4r en del av Sandvik-familjen. Det \u00e4r ett avancerat st\u00e5l med h\u00f6g kromhalt som \u00e4r mycket omtyckt inom knivindustrin eftersom det har enast\u00e5ende slitstyrka, korrosionsbest\u00e4ndighet och h\u00f6g h\u00e5rdhet &#8211; viktiga egenskaper som skapar det perfekta knivst\u00e5let.<\/p>\n<p>Dessutom f\u00e5r 12C27-st\u00e5l sk\u00e4rpan relativt snabbt, till skillnad fr\u00e5n andra st\u00e5l med h\u00f6g kromhalt som tar l\u00e5ng tid att sk\u00e4rpa p\u00e5 grund av de sega kromkarbiderna. Sandvik 12C27-st\u00e5l anv\u00e4nds vanligen vid tillverkning av jaktknivar, fickknivar, fiskeknivar, campingknivar, taktiska knivar, skridskoblad och isborrar.<\/p>\n<p>Tack vare den h\u00f6ga kromhalten \u00e4r st\u00e5l 12C27 korrosions- och rostbest\u00e4ndigt. Eftersom den \u00e4r tillverkad av rostfritt st\u00e5l \u00e4r den dessutom smutsavvisande.<\/p>\n<p>Du kan dock inte f\u00f6rv\u00e4nta dig att denna st\u00e5lkniv ska f\u00f6rbli rostfri i vatten i flera dagar. Om du vill att klingorna i detta st\u00e5l ska h\u00e5lla i \u00e5rtionden m\u00e5ste du torka och olja dem efter varje anv\u00e4ndning eller om du planerar att f\u00f6rvara dem under en l\u00e4ngre tid.<\/p>\n","protected":false},"excerpt":{"rendered":"<p>Knife specifications: &#8221;HERACLE&#8221; Knivspecifikationer: &#8221;HERACLE&#8221; St\u00e5l: smidet rostfritt st\u00e5l Sandvik 12C27 H\u00e5rdhet: 56-58 HRC Bladl\u00e4ngd (mm): 150 \/ 5,90 tum Bladtjocklek (mm): 3 \/ 0,11 tum Bladbredd (mm): 28 \/ 1,10 tum Handtag: afrikanskt zebrano tr\u00e4Total l\u00e4ngd (mm): 275 \/ 10,82 tum 12C27-st\u00e5l \u00e4r en del av Sandvik-familjen. Det \u00e4r ett avancerat st\u00e5l med h\u00f6g kromhalt som \u00e4r mycket omtyckt inom knivindustrin eftersom det har enast\u00e5ende slitstyrka, korrosionsbest\u00e4ndighet och h\u00f6g h\u00e5rdhet &#8211; viktiga egenskaper som skapar det perfekta knivst\u00e5let. Dessutom f\u00e5r 12C27-st\u00e5l sk\u00e4rpan relativt snabbt, till skillnad fr\u00e5n andra st\u00e5l med h\u00f6g kromhalt som tar l\u00e5ng tid att sk\u00e4rpa p\u00e5&hellip;<\/p>\n","protected":false},"featured_media":96187,"template":"","meta":{"_themeisle_gutenberg_block_has_review":false},"product_brand":[],"product_cat":[422,414,413],"product_tag":[],"class_list":{"0":"post-54880","1":"product","2":"type-product","3":"status-publish","4":"has-post-thumbnail","6":"product_cat-fiskeknivar","7":"product_cat-jaktknivar","8":"product_cat-knivar-for-utomhusbruk","10":"first","11":"instock","12":"shipping-taxable","13":"purchasable","14":"product-type-simple"},"yoast_head":"<!-- This site is optimized with the Yoast SEO plugin v27.3 - https:\/\/yoast.com\/product\/yoast-seo-wordpress\/ -->\n<title>Kniv &#039;&#039;HERACLE&#039;&#039; gjord av bra smidd rostfritt st\u00e5l Sandvik 12C27 - AAKnives<\/title>\n<meta name=\"description\" content=\"Kniv &#039;&#039;HERACLE&#039;&#039; gjord av bra smidd rostfritt st\u00e5l Sandvik 12C27\" \/>\n<meta name=\"robots\" content=\"index, follow, max-snippet:-1, max-image-preview:large, max-video-preview:-1\" \/>\n<link rel=\"canonical\" href=\"https:\/\/aaknives.eu\/sv\/product\/kniv-falcon-tillverkad-av-bra-smidd-rostfritt-stal-sandvik-12c27\/\" \/>\n<meta property=\"og:locale\" content=\"sv_SE\" \/>\n<meta property=\"og:type\" content=\"article\" \/>\n<meta property=\"og:title\" content=\"Kniv &#039;&#039;HERACLE&#039;&#039; gjord av bra smidd rostfritt st\u00e5l Sandvik 12C27 - AAKnives\" \/>\n<meta property=\"og:description\" content=\"Kniv &#039;&#039;HERACLE&#039;&#039; gjord av bra smidd rostfritt st\u00e5l Sandvik 12C27\" \/>\n<meta property=\"og:url\" content=\"https:\/\/aaknives.eu\/sv\/product\/kniv-falcon-tillverkad-av-bra-smidd-rostfritt-stal-sandvik-12c27\/\" \/>\n<meta property=\"og:site_name\" content=\"AAKnives\" \/>\n<meta property=\"article:publisher\" content=\"https:\/\/www.facebook.com\/aaknives.eu\/\" \/>\n<meta property=\"article:modified_time\" content=\"2025-02-06T16:13:48+00:00\" \/>\n<meta property=\"og:image\" content=\"https:\/\/aaknives.eu\/wp-content\/uploads\/2021\/09\/aaknives-hand-forged-dabascus-steel-blade-knife-handmade-custom-made-knife-handcrafted-knives-autinetools-northmen-26.2-4.jpg\" \/>\n\t<meta property=\"og:image:width\" content=\"1020\" \/>\n\t<meta property=\"og:image:height\" content=\"880\" \/>\n\t<meta property=\"og:image:type\" content=\"image\/jpeg\" \/>\n<meta name=\"twitter:card\" content=\"summary_large_image\" \/>\n<meta name=\"twitter:label1\" content=\"Ber\u00e4knad l\u00e4stid\" \/>\n\t<meta name=\"twitter:data1\" content=\"1 minut\" \/>\n<script type=\"application\/ld+json\" class=\"yoast-schema-graph\">{\"@context\":\"https:\\\/\\\/schema.org\",\"@graph\":[{\"@type\":\"WebPage\",\"@id\":\"https:\\\/\\\/aaknives.eu\\\/sv\\\/product\\\/kniv-falcon-tillverkad-av-bra-smidd-rostfritt-stal-sandvik-12c27\\\/\",\"url\":\"https:\\\/\\\/aaknives.eu\\\/sv\\\/product\\\/kniv-falcon-tillverkad-av-bra-smidd-rostfritt-stal-sandvik-12c27\\\/\",\"name\":\"Kniv ''HERACLE'' gjord av bra smidd rostfritt st\u00e5l Sandvik 12C27 - AAKnives\",\"isPartOf\":{\"@id\":\"https:\\\/\\\/aaknives.eu\\\/sv\\\/#website\"},\"primaryImageOfPage\":{\"@id\":\"https:\\\/\\\/aaknives.eu\\\/sv\\\/product\\\/kniv-falcon-tillverkad-av-bra-smidd-rostfritt-stal-sandvik-12c27\\\/#primaryimage\"},\"image\":{\"@id\":\"https:\\\/\\\/aaknives.eu\\\/sv\\\/product\\\/kniv-falcon-tillverkad-av-bra-smidd-rostfritt-stal-sandvik-12c27\\\/#primaryimage\"},\"thumbnailUrl\":\"https:\\\/\\\/aaknives.eu\\\/wp-content\\\/uploads\\\/2021\\\/09\\\/aaknives-hand-forged-dabascus-steel-blade-knife-handmade-custom-made-knife-handcrafted-knives-autinetools-northmen-26.2-4.jpg\",\"datePublished\":\"2021-09-20T20:40:05+00:00\",\"dateModified\":\"2025-02-06T16:13:48+00:00\",\"description\":\"Kniv ''HERACLE'' gjord av bra smidd rostfritt st\u00e5l Sandvik 12C27\",\"breadcrumb\":{\"@id\":\"https:\\\/\\\/aaknives.eu\\\/sv\\\/product\\\/kniv-falcon-tillverkad-av-bra-smidd-rostfritt-stal-sandvik-12c27\\\/#breadcrumb\"},\"inLanguage\":\"sv-SE\",\"potentialAction\":[{\"@type\":\"ReadAction\",\"target\":[\"https:\\\/\\\/aaknives.eu\\\/sv\\\/product\\\/kniv-falcon-tillverkad-av-bra-smidd-rostfritt-stal-sandvik-12c27\\\/\"]}]},{\"@type\":\"ImageObject\",\"inLanguage\":\"sv-SE\",\"@id\":\"https:\\\/\\\/aaknives.eu\\\/sv\\\/product\\\/kniv-falcon-tillverkad-av-bra-smidd-rostfritt-stal-sandvik-12c27\\\/#primaryimage\",\"url\":\"https:\\\/\\\/aaknives.eu\\\/wp-content\\\/uploads\\\/2021\\\/09\\\/aaknives-hand-forged-dabascus-steel-blade-knife-handmade-custom-made-knife-handcrafted-knives-autinetools-northmen-26.2-4.jpg\",\"contentUrl\":\"https:\\\/\\\/aaknives.eu\\\/wp-content\\\/uploads\\\/2021\\\/09\\\/aaknives-hand-forged-dabascus-steel-blade-knife-handmade-custom-made-knife-handcrafted-knives-autinetools-northmen-26.2-4.jpg\",\"width\":1020,\"height\":880},{\"@type\":\"BreadcrumbList\",\"@id\":\"https:\\\/\\\/aaknives.eu\\\/sv\\\/product\\\/kniv-falcon-tillverkad-av-bra-smidd-rostfritt-stal-sandvik-12c27\\\/#breadcrumb\",\"itemListElement\":[{\"@type\":\"ListItem\",\"position\":1,\"name\":\"Home\",\"item\":\"https:\\\/\\\/aaknives.eu\\\/sv\\\/\"},{\"@type\":\"ListItem\",\"position\":2,\"name\":\"Butik\",\"item\":\"https:\\\/\\\/aaknives.eu\\\/butik\\\/\"},{\"@type\":\"ListItem\",\"position\":3,\"name\":\"Private: Kniv &#8221;HERACLE&#8221; gjord av bra smidd rostfritt st\u00e5l Sandvik 12C27\"}]},{\"@type\":\"WebSite\",\"@id\":\"https:\\\/\\\/aaknives.eu\\\/sv\\\/#website\",\"url\":\"https:\\\/\\\/aaknives.eu\\\/sv\\\/\",\"name\":\"AAKnives\",\"description\":\"Handmade knives\",\"publisher\":{\"@id\":\"https:\\\/\\\/aaknives.eu\\\/sv\\\/#organization\"},\"potentialAction\":[{\"@type\":\"SearchAction\",\"target\":{\"@type\":\"EntryPoint\",\"urlTemplate\":\"https:\\\/\\\/aaknives.eu\\\/sv\\\/?s={search_term_string}\"},\"query-input\":{\"@type\":\"PropertyValueSpecification\",\"valueRequired\":true,\"valueName\":\"search_term_string\"}}],\"inLanguage\":\"sv-SE\"},{\"@type\":\"Organization\",\"@id\":\"https:\\\/\\\/aaknives.eu\\\/sv\\\/#organization\",\"name\":\"AAKnives\",\"url\":\"https:\\\/\\\/aaknives.eu\\\/sv\\\/\",\"logo\":{\"@type\":\"ImageObject\",\"inLanguage\":\"sv-SE\",\"@id\":\"https:\\\/\\\/aaknives.eu\\\/sv\\\/#\\\/schema\\\/logo\\\/image\\\/\",\"url\":\"https:\\\/\\\/aaknives.eu\\\/wp-content\\\/uploads\\\/2021\\\/10\\\/AAknives_Logo_Green.png\",\"contentUrl\":\"https:\\\/\\\/aaknives.eu\\\/wp-content\\\/uploads\\\/2021\\\/10\\\/AAknives_Logo_Green.png\",\"width\":1768,\"height\":1768,\"caption\":\"AAKnives\"},\"image\":{\"@id\":\"https:\\\/\\\/aaknives.eu\\\/sv\\\/#\\\/schema\\\/logo\\\/image\\\/\"},\"sameAs\":[\"https:\\\/\\\/www.facebook.com\\\/aaknives.eu\\\/\",\"https:\\\/\\\/www.instagram.com\\\/aaknives\\\/\",\"https:\\\/\\\/www.pinterest.com\\\/aa_knives\\\/\",\"https:\\\/\\\/www.youtube.com\\\/channel\\\/UCHOQFjrOkgT6s4FIw9LDKyw\\\/featured\"]}]}<\/script>\n<!-- \/ Yoast SEO plugin. -->","yoast_head_json":{"title":"Kniv ''HERACLE'' gjord av bra smidd rostfritt st\u00e5l Sandvik 12C27 - AAKnives","description":"Kniv ''HERACLE'' gjord av bra smidd rostfritt st\u00e5l Sandvik 12C27","robots":{"index":"index","follow":"follow","max-snippet":"max-snippet:-1","max-image-preview":"max-image-preview:large","max-video-preview":"max-video-preview:-1"},"canonical":"https:\/\/aaknives.eu\/sv\/product\/kniv-falcon-tillverkad-av-bra-smidd-rostfritt-stal-sandvik-12c27\/","og_locale":"sv_SE","og_type":"article","og_title":"Kniv ''HERACLE'' gjord av bra smidd rostfritt st\u00e5l Sandvik 12C27 - AAKnives","og_description":"Kniv ''HERACLE'' gjord av bra smidd rostfritt st\u00e5l Sandvik 12C27","og_url":"https:\/\/aaknives.eu\/sv\/product\/kniv-falcon-tillverkad-av-bra-smidd-rostfritt-stal-sandvik-12c27\/","og_site_name":"AAKnives","article_publisher":"https:\/\/www.facebook.com\/aaknives.eu\/","article_modified_time":"2025-02-06T16:13:48+00:00","og_image":[{"width":1020,"height":880,"url":"https:\/\/aaknives.eu\/wp-content\/uploads\/2021\/09\/aaknives-hand-forged-dabascus-steel-blade-knife-handmade-custom-made-knife-handcrafted-knives-autinetools-northmen-26.2-4.jpg","type":"image\/jpeg"}],"twitter_card":"summary_large_image","twitter_misc":{"Ber\u00e4knad l\u00e4stid":"1 minut"},"schema":{"@context":"https:\/\/schema.org","@graph":[{"@type":"WebPage","@id":"https:\/\/aaknives.eu\/sv\/product\/kniv-falcon-tillverkad-av-bra-smidd-rostfritt-stal-sandvik-12c27\/","url":"https:\/\/aaknives.eu\/sv\/product\/kniv-falcon-tillverkad-av-bra-smidd-rostfritt-stal-sandvik-12c27\/","name":"Kniv ''HERACLE'' gjord av bra smidd rostfritt st\u00e5l Sandvik 12C27 - AAKnives","isPartOf":{"@id":"https:\/\/aaknives.eu\/sv\/#website"},"primaryImageOfPage":{"@id":"https:\/\/aaknives.eu\/sv\/product\/kniv-falcon-tillverkad-av-bra-smidd-rostfritt-stal-sandvik-12c27\/#primaryimage"},"image":{"@id":"https:\/\/aaknives.eu\/sv\/product\/kniv-falcon-tillverkad-av-bra-smidd-rostfritt-stal-sandvik-12c27\/#primaryimage"},"thumbnailUrl":"https:\/\/aaknives.eu\/wp-content\/uploads\/2021\/09\/aaknives-hand-forged-dabascus-steel-blade-knife-handmade-custom-made-knife-handcrafted-knives-autinetools-northmen-26.2-4.jpg","datePublished":"2021-09-20T20:40:05+00:00","dateModified":"2025-02-06T16:13:48+00:00","description":"Kniv ''HERACLE'' gjord av bra smidd rostfritt st\u00e5l Sandvik 12C27","breadcrumb":{"@id":"https:\/\/aaknives.eu\/sv\/product\/kniv-falcon-tillverkad-av-bra-smidd-rostfritt-stal-sandvik-12c27\/#breadcrumb"},"inLanguage":"sv-SE","potentialAction":[{"@type":"ReadAction","target":["https:\/\/aaknives.eu\/sv\/product\/kniv-falcon-tillverkad-av-bra-smidd-rostfritt-stal-sandvik-12c27\/"]}]},{"@type":"ImageObject","inLanguage":"sv-SE","@id":"https:\/\/aaknives.eu\/sv\/product\/kniv-falcon-tillverkad-av-bra-smidd-rostfritt-stal-sandvik-12c27\/#primaryimage","url":"https:\/\/aaknives.eu\/wp-content\/uploads\/2021\/09\/aaknives-hand-forged-dabascus-steel-blade-knife-handmade-custom-made-knife-handcrafted-knives-autinetools-northmen-26.2-4.jpg","contentUrl":"https:\/\/aaknives.eu\/wp-content\/uploads\/2021\/09\/aaknives-hand-forged-dabascus-steel-blade-knife-handmade-custom-made-knife-handcrafted-knives-autinetools-northmen-26.2-4.jpg","width":1020,"height":880},{"@type":"BreadcrumbList","@id":"https:\/\/aaknives.eu\/sv\/product\/kniv-falcon-tillverkad-av-bra-smidd-rostfritt-stal-sandvik-12c27\/#breadcrumb","itemListElement":[{"@type":"ListItem","position":1,"name":"Home","item":"https:\/\/aaknives.eu\/sv\/"},{"@type":"ListItem","position":2,"name":"Butik","item":"https:\/\/aaknives.eu\/butik\/"},{"@type":"ListItem","position":3,"name":"Private: Kniv &#8221;HERACLE&#8221; gjord av bra smidd rostfritt st\u00e5l Sandvik 12C27"}]},{"@type":"WebSite","@id":"https:\/\/aaknives.eu\/sv\/#website","url":"https:\/\/aaknives.eu\/sv\/","name":"AAKnives","description":"Handmade knives","publisher":{"@id":"https:\/\/aaknives.eu\/sv\/#organization"},"potentialAction":[{"@type":"SearchAction","target":{"@type":"EntryPoint","urlTemplate":"https:\/\/aaknives.eu\/sv\/?s={search_term_string}"},"query-input":{"@type":"PropertyValueSpecification","valueRequired":true,"valueName":"search_term_string"}}],"inLanguage":"sv-SE"},{"@type":"Organization","@id":"https:\/\/aaknives.eu\/sv\/#organization","name":"AAKnives","url":"https:\/\/aaknives.eu\/sv\/","logo":{"@type":"ImageObject","inLanguage":"sv-SE","@id":"https:\/\/aaknives.eu\/sv\/#\/schema\/logo\/image\/","url":"https:\/\/aaknives.eu\/wp-content\/uploads\/2021\/10\/AAknives_Logo_Green.png","contentUrl":"https:\/\/aaknives.eu\/wp-content\/uploads\/2021\/10\/AAknives_Logo_Green.png","width":1768,"height":1768,"caption":"AAKnives"},"image":{"@id":"https:\/\/aaknives.eu\/sv\/#\/schema\/logo\/image\/"},"sameAs":["https:\/\/www.facebook.com\/aaknives.eu\/","https:\/\/www.instagram.com\/aaknives\/","https:\/\/www.pinterest.com\/aa_knives\/","https:\/\/www.youtube.com\/channel\/UCHOQFjrOkgT6s4FIw9LDKyw\/featured"]}]}},"_links":{"self":[{"href":"https:\/\/aaknives.eu\/sv\/wp-json\/wp\/v2\/product\/54880","targetHints":{"allow":["GET"]}}],"collection":[{"href":"https:\/\/aaknives.eu\/sv\/wp-json\/wp\/v2\/product"}],"about":[{"href":"https:\/\/aaknives.eu\/sv\/wp-json\/wp\/v2\/types\/product"}],"wp:featuredmedia":[{"embeddable":true,"href":"https:\/\/aaknives.eu\/sv\/wp-json\/wp\/v2\/media\/96187"}],"wp:attachment":[{"href":"https:\/\/aaknives.eu\/sv\/wp-json\/wp\/v2\/media?parent=54880"}],"wp:term":[{"taxonomy":"product_brand","embeddable":true,"href":"https:\/\/aaknives.eu\/sv\/wp-json\/wp\/v2\/product_brand?post=54880"},{"taxonomy":"product_cat","embeddable":true,"href":"https:\/\/aaknives.eu\/sv\/wp-json\/wp\/v2\/product_cat?post=54880"},{"taxonomy":"product_tag","embeddable":true,"href":"https:\/\/aaknives.eu\/sv\/wp-json\/wp\/v2\/product_tag?post=54880"}],"curies":[{"name":"wp","href":"https:\/\/api.w.org\/{rel}","templated":true}]}}