{"id":54894,"date":"2021-09-20T20:36:42","date_gmt":"2021-09-20T20:36:42","guid":{"rendered":"https:\/\/aaknives.eu\/product\/kniv-leuku-small-kniv-med-fast-blad-i-damaskusstal\/"},"modified":"2021-09-20T20:36:42","modified_gmt":"2021-09-20T20:36:42","slug":"kniv-leuku-small-kniv-med-fast-blad-i-damaskusstal","status":"publish","type":"product","link":"https:\/\/aaknives.eu\/sv\/product\/kniv-leuku-small-kniv-med-fast-blad-i-damaskusstal\/","title":{"rendered":"Kniv &#8221;LEUKU &#8211; small&#8221; &#8211; kniv med fast blad i damaskusst\u00e5l"},"content":{"rendered":"<p>Specifikationer f\u00f6r knivar: LEUKU &#8211; liten<br \/>\nSt\u00e5l: Handsmidd klinga i Damaskusst\u00e5l<br \/>\nH\u00e5rdhet: 60-62 HRC<br \/>\nBladets l\u00e4ngd (mm): 168 \/ 6,61 tum<br \/>\nBladets tjocklek (mm): 2,5 \/ 0,98 tum<br \/>\nBladbredd (mm): 32 \/ 1,25 tum<br \/>\nHandtag: stabiliserad karelsk bj\u00f6rk<br \/>\nTotal l\u00e4ngd (mm): 294 \/ 11,57 tum<\/p>\n<p>F\u00f6rdelarna med knivar av Damaskusst\u00e5l:<br \/>\n\u00d6kad styrka<br \/>\nH\u00f6g h\u00e5rdhet<br \/>\nUtm\u00e4rkta sk\u00e4regenskaper<br \/>\nVacker design<br \/>\nL\u00e5ngvarig sk\u00e4rpa<\/p>\n<p>Bladets h\u00e5rdhet 60-62 HRC.<br \/>\nHandgjord<\/p>\n","protected":false},"excerpt":{"rendered":"<p>Specifikationer f\u00f6r knivar: LEUKU &#8211; liten St\u00e5l: Handsmidd klinga i Damaskusst\u00e5l H\u00e5rdhet: 60-62 HRC Bladets l\u00e4ngd (mm): 168 \/ 6,61 tum Bladets tjocklek (mm): 2,5 \/ 0,98 tum Bladbredd (mm): 32 \/ 1,25 tum Handtag: stabiliserad karelsk bj\u00f6rk Total l\u00e4ngd (mm): 294 \/ 11,57 tum F\u00f6rdelarna med knivar av Damaskusst\u00e5l: \u00d6kad styrka H\u00f6g h\u00e5rdhet Utm\u00e4rkta sk\u00e4regenskaper Vacker design L\u00e5ngvarig sk\u00e4rpa Bladets h\u00e5rdhet 60-62 HRC. Handgjord<\/p>\n","protected":false},"featured_media":54895,"template":"","meta":{"_themeisle_gutenberg_block_has_review":false},"product_brand":[],"product_cat":[414,413,418],"product_tag":[],"class_list":{"0":"post-54894","1":"product","2":"type-product","3":"status-publish","4":"has-post-thumbnail","6":"product_cat-jaktknivar","7":"product_cat-knivar-for-utomhusbruk","8":"product_cat-premium-och-exklusiva-knivar","10":"first","11":"instock","12":"shipping-taxable","13":"purchasable","14":"product-type-simple"},"yoast_head":"<!-- This site is optimized with the Yoast SEO plugin v27.3 - https:\/\/yoast.com\/product\/yoast-seo-wordpress\/ -->\n<title>Kniv &#039;&#039;LEUKU - small&#039;&#039; - kniv med fast blad i damaskusst\u00e5l - AAKnives<\/title>\n<meta name=\"description\" content=\"Kniv -LEUKU - liten Damaskuskniv, Damaskusst\u00e5lkniv, kniv med fast blad, specialtillverkad kniv, handgjord kniv\" \/>\n<meta name=\"robots\" content=\"index, follow, max-snippet:-1, max-image-preview:large, max-video-preview:-1\" \/>\n<link rel=\"canonical\" href=\"https:\/\/aaknives.eu\/sv\/product\/kniv-leuku-small-kniv-med-fast-blad-i-damaskusstal\/\" \/>\n<meta property=\"og:locale\" content=\"sv_SE\" \/>\n<meta property=\"og:type\" content=\"article\" \/>\n<meta property=\"og:title\" content=\"Kniv &#039;&#039;LEUKU - small&#039;&#039; - kniv med fast blad i damaskusst\u00e5l - AAKnives\" \/>\n<meta property=\"og:description\" content=\"Kniv -LEUKU - liten Damaskuskniv, Damaskusst\u00e5lkniv, kniv med fast blad, specialtillverkad kniv, handgjord kniv\" \/>\n<meta property=\"og:url\" content=\"https:\/\/aaknives.eu\/sv\/product\/kniv-leuku-small-kniv-med-fast-blad-i-damaskusstal\/\" \/>\n<meta property=\"og:site_name\" content=\"AAKnives\" \/>\n<meta property=\"article:publisher\" content=\"https:\/\/www.facebook.com\/aaknives.eu\/\" \/>\n<meta property=\"og:image\" content=\"https:\/\/aaknives.eu\/wp-content\/uploads\/2021\/09\/aaknives-hand-forged-dabascus-steel-blade-knife-handmade-custom-made-knife-handcrafted-knives-autinetools-northmen-16-1-1-2.jpg\" \/>\n\t<meta property=\"og:image:width\" content=\"800\" \/>\n\t<meta property=\"og:image:height\" content=\"600\" \/>\n\t<meta property=\"og:image:type\" content=\"image\/jpeg\" \/>\n<meta name=\"twitter:card\" content=\"summary_large_image\" \/>\n<script type=\"application\/ld+json\" class=\"yoast-schema-graph\">{\"@context\":\"https:\\\/\\\/schema.org\",\"@graph\":[{\"@type\":\"WebPage\",\"@id\":\"https:\\\/\\\/aaknives.eu\\\/sv\\\/product\\\/kniv-leuku-small-kniv-med-fast-blad-i-damaskusstal\\\/\",\"url\":\"https:\\\/\\\/aaknives.eu\\\/sv\\\/product\\\/kniv-leuku-small-kniv-med-fast-blad-i-damaskusstal\\\/\",\"name\":\"Kniv ''LEUKU - small'' - kniv med fast blad i damaskusst\u00e5l - AAKnives\",\"isPartOf\":{\"@id\":\"https:\\\/\\\/aaknives.eu\\\/sv\\\/#website\"},\"primaryImageOfPage\":{\"@id\":\"https:\\\/\\\/aaknives.eu\\\/sv\\\/product\\\/kniv-leuku-small-kniv-med-fast-blad-i-damaskusstal\\\/#primaryimage\"},\"image\":{\"@id\":\"https:\\\/\\\/aaknives.eu\\\/sv\\\/product\\\/kniv-leuku-small-kniv-med-fast-blad-i-damaskusstal\\\/#primaryimage\"},\"thumbnailUrl\":\"https:\\\/\\\/aaknives.eu\\\/wp-content\\\/uploads\\\/2021\\\/09\\\/aaknives-hand-forged-dabascus-steel-blade-knife-handmade-custom-made-knife-handcrafted-knives-autinetools-northmen-16-1-1-2.jpg\",\"datePublished\":\"2021-09-20T20:36:42+00:00\",\"description\":\"Kniv -LEUKU - liten Damaskuskniv, Damaskusst\u00e5lkniv, kniv med fast blad, specialtillverkad kniv, handgjord kniv\",\"breadcrumb\":{\"@id\":\"https:\\\/\\\/aaknives.eu\\\/sv\\\/product\\\/kniv-leuku-small-kniv-med-fast-blad-i-damaskusstal\\\/#breadcrumb\"},\"inLanguage\":\"sv-SE\",\"potentialAction\":[{\"@type\":\"ReadAction\",\"target\":[\"https:\\\/\\\/aaknives.eu\\\/sv\\\/product\\\/kniv-leuku-small-kniv-med-fast-blad-i-damaskusstal\\\/\"]}]},{\"@type\":\"ImageObject\",\"inLanguage\":\"sv-SE\",\"@id\":\"https:\\\/\\\/aaknives.eu\\\/sv\\\/product\\\/kniv-leuku-small-kniv-med-fast-blad-i-damaskusstal\\\/#primaryimage\",\"url\":\"https:\\\/\\\/aaknives.eu\\\/wp-content\\\/uploads\\\/2021\\\/09\\\/aaknives-hand-forged-dabascus-steel-blade-knife-handmade-custom-made-knife-handcrafted-knives-autinetools-northmen-16-1-1-2.jpg\",\"contentUrl\":\"https:\\\/\\\/aaknives.eu\\\/wp-content\\\/uploads\\\/2021\\\/09\\\/aaknives-hand-forged-dabascus-steel-blade-knife-handmade-custom-made-knife-handcrafted-knives-autinetools-northmen-16-1-1-2.jpg\",\"width\":800,\"height\":600,\"caption\":\"aaknives-hand-forged-dabascus-steel-blade-knife-handmade-custom-made-knife-handcrafted-knives-autinetools-northmen-16-1-1-2\"},{\"@type\":\"BreadcrumbList\",\"@id\":\"https:\\\/\\\/aaknives.eu\\\/sv\\\/product\\\/kniv-leuku-small-kniv-med-fast-blad-i-damaskusstal\\\/#breadcrumb\",\"itemListElement\":[{\"@type\":\"ListItem\",\"position\":1,\"name\":\"Home\",\"item\":\"https:\\\/\\\/aaknives.eu\\\/sv\\\/\"},{\"@type\":\"ListItem\",\"position\":2,\"name\":\"Butik\",\"item\":\"https:\\\/\\\/aaknives.eu\\\/butik\\\/\"},{\"@type\":\"ListItem\",\"position\":3,\"name\":\"Kniv &#8221;LEUKU &#8211; small&#8221; &#8211; kniv med fast blad i damaskusst\u00e5l\"}]},{\"@type\":\"WebSite\",\"@id\":\"https:\\\/\\\/aaknives.eu\\\/sv\\\/#website\",\"url\":\"https:\\\/\\\/aaknives.eu\\\/sv\\\/\",\"name\":\"AAKnives\",\"description\":\"Handmade knives\",\"publisher\":{\"@id\":\"https:\\\/\\\/aaknives.eu\\\/sv\\\/#organization\"},\"potentialAction\":[{\"@type\":\"SearchAction\",\"target\":{\"@type\":\"EntryPoint\",\"urlTemplate\":\"https:\\\/\\\/aaknives.eu\\\/sv\\\/?s={search_term_string}\"},\"query-input\":{\"@type\":\"PropertyValueSpecification\",\"valueRequired\":true,\"valueName\":\"search_term_string\"}}],\"inLanguage\":\"sv-SE\"},{\"@type\":\"Organization\",\"@id\":\"https:\\\/\\\/aaknives.eu\\\/sv\\\/#organization\",\"name\":\"AAKnives\",\"url\":\"https:\\\/\\\/aaknives.eu\\\/sv\\\/\",\"logo\":{\"@type\":\"ImageObject\",\"inLanguage\":\"sv-SE\",\"@id\":\"https:\\\/\\\/aaknives.eu\\\/sv\\\/#\\\/schema\\\/logo\\\/image\\\/\",\"url\":\"https:\\\/\\\/aaknives.eu\\\/wp-content\\\/uploads\\\/2021\\\/10\\\/AAknives_Logo_Green.png\",\"contentUrl\":\"https:\\\/\\\/aaknives.eu\\\/wp-content\\\/uploads\\\/2021\\\/10\\\/AAknives_Logo_Green.png\",\"width\":1768,\"height\":1768,\"caption\":\"AAKnives\"},\"image\":{\"@id\":\"https:\\\/\\\/aaknives.eu\\\/sv\\\/#\\\/schema\\\/logo\\\/image\\\/\"},\"sameAs\":[\"https:\\\/\\\/www.facebook.com\\\/aaknives.eu\\\/\",\"https:\\\/\\\/www.instagram.com\\\/aaknives\\\/\",\"https:\\\/\\\/www.pinterest.com\\\/aa_knives\\\/\",\"https:\\\/\\\/www.youtube.com\\\/channel\\\/UCHOQFjrOkgT6s4FIw9LDKyw\\\/featured\"]}]}<\/script>\n<!-- \/ Yoast SEO plugin. -->","yoast_head_json":{"title":"Kniv ''LEUKU - small'' - kniv med fast blad i damaskusst\u00e5l - AAKnives","description":"Kniv -LEUKU - liten Damaskuskniv, Damaskusst\u00e5lkniv, kniv med fast blad, specialtillverkad kniv, handgjord kniv","robots":{"index":"index","follow":"follow","max-snippet":"max-snippet:-1","max-image-preview":"max-image-preview:large","max-video-preview":"max-video-preview:-1"},"canonical":"https:\/\/aaknives.eu\/sv\/product\/kniv-leuku-small-kniv-med-fast-blad-i-damaskusstal\/","og_locale":"sv_SE","og_type":"article","og_title":"Kniv ''LEUKU - small'' - kniv med fast blad i damaskusst\u00e5l - AAKnives","og_description":"Kniv -LEUKU - liten Damaskuskniv, Damaskusst\u00e5lkniv, kniv med fast blad, specialtillverkad kniv, handgjord kniv","og_url":"https:\/\/aaknives.eu\/sv\/product\/kniv-leuku-small-kniv-med-fast-blad-i-damaskusstal\/","og_site_name":"AAKnives","article_publisher":"https:\/\/www.facebook.com\/aaknives.eu\/","og_image":[{"width":800,"height":600,"url":"https:\/\/aaknives.eu\/wp-content\/uploads\/2021\/09\/aaknives-hand-forged-dabascus-steel-blade-knife-handmade-custom-made-knife-handcrafted-knives-autinetools-northmen-16-1-1-2.jpg","type":"image\/jpeg"}],"twitter_card":"summary_large_image","schema":{"@context":"https:\/\/schema.org","@graph":[{"@type":"WebPage","@id":"https:\/\/aaknives.eu\/sv\/product\/kniv-leuku-small-kniv-med-fast-blad-i-damaskusstal\/","url":"https:\/\/aaknives.eu\/sv\/product\/kniv-leuku-small-kniv-med-fast-blad-i-damaskusstal\/","name":"Kniv ''LEUKU - small'' - kniv med fast blad i damaskusst\u00e5l - AAKnives","isPartOf":{"@id":"https:\/\/aaknives.eu\/sv\/#website"},"primaryImageOfPage":{"@id":"https:\/\/aaknives.eu\/sv\/product\/kniv-leuku-small-kniv-med-fast-blad-i-damaskusstal\/#primaryimage"},"image":{"@id":"https:\/\/aaknives.eu\/sv\/product\/kniv-leuku-small-kniv-med-fast-blad-i-damaskusstal\/#primaryimage"},"thumbnailUrl":"https:\/\/aaknives.eu\/wp-content\/uploads\/2021\/09\/aaknives-hand-forged-dabascus-steel-blade-knife-handmade-custom-made-knife-handcrafted-knives-autinetools-northmen-16-1-1-2.jpg","datePublished":"2021-09-20T20:36:42+00:00","description":"Kniv -LEUKU - liten Damaskuskniv, Damaskusst\u00e5lkniv, kniv med fast blad, specialtillverkad kniv, handgjord kniv","breadcrumb":{"@id":"https:\/\/aaknives.eu\/sv\/product\/kniv-leuku-small-kniv-med-fast-blad-i-damaskusstal\/#breadcrumb"},"inLanguage":"sv-SE","potentialAction":[{"@type":"ReadAction","target":["https:\/\/aaknives.eu\/sv\/product\/kniv-leuku-small-kniv-med-fast-blad-i-damaskusstal\/"]}]},{"@type":"ImageObject","inLanguage":"sv-SE","@id":"https:\/\/aaknives.eu\/sv\/product\/kniv-leuku-small-kniv-med-fast-blad-i-damaskusstal\/#primaryimage","url":"https:\/\/aaknives.eu\/wp-content\/uploads\/2021\/09\/aaknives-hand-forged-dabascus-steel-blade-knife-handmade-custom-made-knife-handcrafted-knives-autinetools-northmen-16-1-1-2.jpg","contentUrl":"https:\/\/aaknives.eu\/wp-content\/uploads\/2021\/09\/aaknives-hand-forged-dabascus-steel-blade-knife-handmade-custom-made-knife-handcrafted-knives-autinetools-northmen-16-1-1-2.jpg","width":800,"height":600,"caption":"aaknives-hand-forged-dabascus-steel-blade-knife-handmade-custom-made-knife-handcrafted-knives-autinetools-northmen-16-1-1-2"},{"@type":"BreadcrumbList","@id":"https:\/\/aaknives.eu\/sv\/product\/kniv-leuku-small-kniv-med-fast-blad-i-damaskusstal\/#breadcrumb","itemListElement":[{"@type":"ListItem","position":1,"name":"Home","item":"https:\/\/aaknives.eu\/sv\/"},{"@type":"ListItem","position":2,"name":"Butik","item":"https:\/\/aaknives.eu\/butik\/"},{"@type":"ListItem","position":3,"name":"Kniv &#8221;LEUKU &#8211; small&#8221; &#8211; kniv med fast blad i damaskusst\u00e5l"}]},{"@type":"WebSite","@id":"https:\/\/aaknives.eu\/sv\/#website","url":"https:\/\/aaknives.eu\/sv\/","name":"AAKnives","description":"Handmade knives","publisher":{"@id":"https:\/\/aaknives.eu\/sv\/#organization"},"potentialAction":[{"@type":"SearchAction","target":{"@type":"EntryPoint","urlTemplate":"https:\/\/aaknives.eu\/sv\/?s={search_term_string}"},"query-input":{"@type":"PropertyValueSpecification","valueRequired":true,"valueName":"search_term_string"}}],"inLanguage":"sv-SE"},{"@type":"Organization","@id":"https:\/\/aaknives.eu\/sv\/#organization","name":"AAKnives","url":"https:\/\/aaknives.eu\/sv\/","logo":{"@type":"ImageObject","inLanguage":"sv-SE","@id":"https:\/\/aaknives.eu\/sv\/#\/schema\/logo\/image\/","url":"https:\/\/aaknives.eu\/wp-content\/uploads\/2021\/10\/AAknives_Logo_Green.png","contentUrl":"https:\/\/aaknives.eu\/wp-content\/uploads\/2021\/10\/AAknives_Logo_Green.png","width":1768,"height":1768,"caption":"AAKnives"},"image":{"@id":"https:\/\/aaknives.eu\/sv\/#\/schema\/logo\/image\/"},"sameAs":["https:\/\/www.facebook.com\/aaknives.eu\/","https:\/\/www.instagram.com\/aaknives\/","https:\/\/www.pinterest.com\/aa_knives\/","https:\/\/www.youtube.com\/channel\/UCHOQFjrOkgT6s4FIw9LDKyw\/featured"]}]}},"_links":{"self":[{"href":"https:\/\/aaknives.eu\/sv\/wp-json\/wp\/v2\/product\/54894","targetHints":{"allow":["GET"]}}],"collection":[{"href":"https:\/\/aaknives.eu\/sv\/wp-json\/wp\/v2\/product"}],"about":[{"href":"https:\/\/aaknives.eu\/sv\/wp-json\/wp\/v2\/types\/product"}],"wp:featuredmedia":[{"embeddable":true,"href":"https:\/\/aaknives.eu\/sv\/wp-json\/wp\/v2\/media\/54895"}],"wp:attachment":[{"href":"https:\/\/aaknives.eu\/sv\/wp-json\/wp\/v2\/media?parent=54894"}],"wp:term":[{"taxonomy":"product_brand","embeddable":true,"href":"https:\/\/aaknives.eu\/sv\/wp-json\/wp\/v2\/product_brand?post=54894"},{"taxonomy":"product_cat","embeddable":true,"href":"https:\/\/aaknives.eu\/sv\/wp-json\/wp\/v2\/product_cat?post=54894"},{"taxonomy":"product_tag","embeddable":true,"href":"https:\/\/aaknives.eu\/sv\/wp-json\/wp\/v2\/product_tag?post=54894"}],"curies":[{"name":"wp","href":"https:\/\/api.w.org\/{rel}","templated":true}]}}