{"id":55112,"date":"2021-09-20T20:35:11","date_gmt":"2021-09-20T20:35:11","guid":{"rendered":"https:\/\/aaknives.eu\/product\/kniv-uzbek-pchak-uzbekisk-nationalkniv-handsmidd-i-rostfritt-stal\/"},"modified":"2021-09-20T20:35:11","modified_gmt":"2021-09-20T20:35:11","slug":"kniv-uzbek-pchak-uzbekisk-nationalkniv-handsmidd-i-rostfritt-stal","status":"publish","type":"product","link":"https:\/\/aaknives.eu\/sv\/product\/kniv-uzbek-pchak-uzbekisk-nationalkniv-handsmidd-i-rostfritt-stal\/","title":{"rendered":"Kniv &#8220;UZBEK-PCHAK&#8221; &#8211; uzbekisk nationalkniv, handsmidd i rostfritt st\u00e5l"},"content":{"rendered":"<p>Specifikationer f\u00f6r kniv: \u201dUZBEK\u201d<br \/>\nSt\u00e5l: handsmidd rostfritt st\u00e5l N695<br \/>\nH\u00e5rdhet: 59 HRC<br \/>\nBladets l\u00e4ngd (mm): 160<br \/>\nBladets tjocklek (mm): 3<br \/>\nBladbredd (mm): 35<br \/>\nHandtag: Afrikansk Wenge-tr\u00e4<br \/>\nTotal l\u00e4ngd (mm): 290<\/p>\n<p>\u00a0<\/p>\n<p>Detta st\u00e5l \u00e4r h\u00e5llbart, men samtidigt elastiskt. N695-st\u00e5l \u00e4r rostbest\u00e4ndigt och beh\u00e5ller sin sk\u00e4rpa \u00f6ver tid. Detta st\u00e5l kr\u00e4ver inte mycket sk\u00f6tsel och det har ett l\u00e5gt pris. Detta st\u00e5l \u00e4r mycket vanligt vid tillverkning av jaktknivar, men det anv\u00e4nds ocks\u00e5 vid tillverkning av fiske- och turistknivar.<\/p>\n","protected":false},"excerpt":{"rendered":"<p>Specifikationer f\u00f6r kniv: \u201dUZBEK\u201d St\u00e5l: handsmidd rostfritt st\u00e5l N695 H\u00e5rdhet: 59 HRC Bladets l\u00e4ngd (mm): 160 Bladets tjocklek (mm): 3 Bladbredd (mm): 35 Handtag: Afrikansk Wenge-tr\u00e4 Total l\u00e4ngd (mm): 290 \u00a0 Detta st\u00e5l \u00e4r h\u00e5llbart, men samtidigt elastiskt. N695-st\u00e5l \u00e4r rostbest\u00e4ndigt och beh\u00e5ller sin sk\u00e4rpa \u00f6ver tid. Detta st\u00e5l kr\u00e4ver inte mycket sk\u00f6tsel och det har ett l\u00e5gt pris. Detta st\u00e5l \u00e4r mycket vanligt vid tillverkning av jaktknivar, men det anv\u00e4nds ocks\u00e5 vid tillverkning av fiske- och turistknivar.<\/p>\n","protected":false},"featured_media":55113,"template":"","meta":{"_themeisle_gutenberg_block_has_review":false},"product_brand":[],"product_cat":[413,423,418],"product_tag":[],"class_list":{"0":"post-55112","1":"product","2":"type-product","3":"status-publish","4":"has-post-thumbnail","6":"product_cat-knivar-for-utomhusbruk","7":"product_cat-koksknivar","8":"product_cat-premium-och-exklusiva-knivar","10":"first","11":"outofstock","12":"shipping-taxable","13":"purchasable","14":"product-type-simple"},"yoast_head":"<!-- This site is optimized with the Yoast SEO plugin v27.5 - https:\/\/yoast.com\/product\/yoast-seo-wordpress\/ -->\n<title>Kniv &quot;UZBEK-PCHAK&quot; - uzbekisk nationalkniv, handsmidd i rostfritt st\u00e5l - AAKnives<\/title>\n<meta name=\"description\" content=\"Kniv &quot;UZBEK-PCHAK&quot; - Uzbekistans nationella k\u00f6kskniv, handsmidd i rostfritt st\u00e5l\" \/>\n<meta name=\"robots\" content=\"index, follow, max-snippet:-1, max-image-preview:large, max-video-preview:-1\" \/>\n<link rel=\"canonical\" href=\"https:\/\/aaknives.eu\/sv\/product\/kniv-uzbek-pchak-uzbekisk-nationalkniv-handsmidd-i-rostfritt-stal\/\" \/>\n<meta property=\"og:locale\" content=\"sv_SE\" \/>\n<meta property=\"og:type\" content=\"article\" \/>\n<meta property=\"og:title\" content=\"Kniv &quot;UZBEK-PCHAK&quot; - uzbekisk nationalkniv, handsmidd i rostfritt st\u00e5l - AAKnives\" \/>\n<meta property=\"og:description\" content=\"Kniv &quot;UZBEK-PCHAK&quot; - Uzbekistans nationella k\u00f6kskniv, handsmidd i rostfritt st\u00e5l\" \/>\n<meta property=\"og:url\" content=\"https:\/\/aaknives.eu\/sv\/product\/kniv-uzbek-pchak-uzbekisk-nationalkniv-handsmidd-i-rostfritt-stal\/\" \/>\n<meta property=\"og:site_name\" content=\"AAKnives\" \/>\n<meta property=\"article:publisher\" content=\"https:\/\/www.facebook.com\/aaknives.eu\/\" \/>\n<meta property=\"og:image\" content=\"https:\/\/aaknives.eu\/wp-content\/uploads\/2021\/09\/aaknives-hand-forged-dabascus-steel-blade-knife-handmade-custom-made-knife-handcrafted-knives-autinetools-northmen-19-1-12.jpg\" \/>\n\t<meta property=\"og:image:width\" content=\"800\" \/>\n\t<meta property=\"og:image:height\" content=\"600\" \/>\n\t<meta property=\"og:image:type\" content=\"image\/jpeg\" \/>\n<meta name=\"twitter:card\" content=\"summary_large_image\" \/>\n<script type=\"application\/ld+json\" class=\"yoast-schema-graph\">{\"@context\":\"https:\\\/\\\/schema.org\",\"@graph\":[{\"@type\":\"WebPage\",\"@id\":\"https:\\\/\\\/aaknives.eu\\\/sv\\\/product\\\/kniv-uzbek-pchak-uzbekisk-nationalkniv-handsmidd-i-rostfritt-stal\\\/\",\"url\":\"https:\\\/\\\/aaknives.eu\\\/sv\\\/product\\\/kniv-uzbek-pchak-uzbekisk-nationalkniv-handsmidd-i-rostfritt-stal\\\/\",\"name\":\"Kniv \\\"UZBEK-PCHAK\\\" - uzbekisk nationalkniv, handsmidd i rostfritt st\u00e5l - AAKnives\",\"isPartOf\":{\"@id\":\"https:\\\/\\\/aaknives.eu\\\/sv\\\/#website\"},\"primaryImageOfPage\":{\"@id\":\"https:\\\/\\\/aaknives.eu\\\/sv\\\/product\\\/kniv-uzbek-pchak-uzbekisk-nationalkniv-handsmidd-i-rostfritt-stal\\\/#primaryimage\"},\"image\":{\"@id\":\"https:\\\/\\\/aaknives.eu\\\/sv\\\/product\\\/kniv-uzbek-pchak-uzbekisk-nationalkniv-handsmidd-i-rostfritt-stal\\\/#primaryimage\"},\"thumbnailUrl\":\"https:\\\/\\\/aaknives.eu\\\/wp-content\\\/uploads\\\/2021\\\/09\\\/aaknives-hand-forged-dabascus-steel-blade-knife-handmade-custom-made-knife-handcrafted-knives-autinetools-northmen-19-1-12.jpg\",\"datePublished\":\"2021-09-20T20:35:11+00:00\",\"description\":\"Kniv \\\"UZBEK-PCHAK\\\" - Uzbekistans nationella k\u00f6kskniv, handsmidd i rostfritt st\u00e5l\",\"breadcrumb\":{\"@id\":\"https:\\\/\\\/aaknives.eu\\\/sv\\\/product\\\/kniv-uzbek-pchak-uzbekisk-nationalkniv-handsmidd-i-rostfritt-stal\\\/#breadcrumb\"},\"inLanguage\":\"sv-SE\",\"potentialAction\":[{\"@type\":\"ReadAction\",\"target\":[\"https:\\\/\\\/aaknives.eu\\\/sv\\\/product\\\/kniv-uzbek-pchak-uzbekisk-nationalkniv-handsmidd-i-rostfritt-stal\\\/\"]}]},{\"@type\":\"ImageObject\",\"inLanguage\":\"sv-SE\",\"@id\":\"https:\\\/\\\/aaknives.eu\\\/sv\\\/product\\\/kniv-uzbek-pchak-uzbekisk-nationalkniv-handsmidd-i-rostfritt-stal\\\/#primaryimage\",\"url\":\"https:\\\/\\\/aaknives.eu\\\/wp-content\\\/uploads\\\/2021\\\/09\\\/aaknives-hand-forged-dabascus-steel-blade-knife-handmade-custom-made-knife-handcrafted-knives-autinetools-northmen-19-1-12.jpg\",\"contentUrl\":\"https:\\\/\\\/aaknives.eu\\\/wp-content\\\/uploads\\\/2021\\\/09\\\/aaknives-hand-forged-dabascus-steel-blade-knife-handmade-custom-made-knife-handcrafted-knives-autinetools-northmen-19-1-12.jpg\",\"width\":800,\"height\":600,\"caption\":\"aaknives-hand-forged-dabascus-steel-blade-knife-handmade-custom-made-knife-handcrafted-knives-autinetools-northmen-19-1-12\"},{\"@type\":\"BreadcrumbList\",\"@id\":\"https:\\\/\\\/aaknives.eu\\\/sv\\\/product\\\/kniv-uzbek-pchak-uzbekisk-nationalkniv-handsmidd-i-rostfritt-stal\\\/#breadcrumb\",\"itemListElement\":[{\"@type\":\"ListItem\",\"position\":1,\"name\":\"Home\",\"item\":\"https:\\\/\\\/aaknives.eu\\\/sv\\\/\"},{\"@type\":\"ListItem\",\"position\":2,\"name\":\"Butik\",\"item\":\"https:\\\/\\\/aaknives.eu\\\/butik\\\/\"},{\"@type\":\"ListItem\",\"position\":3,\"name\":\"Kniv &#8220;UZBEK-PCHAK&#8221; &#8211; uzbekisk nationalkniv, handsmidd i rostfritt st\u00e5l\"}]},{\"@type\":\"WebSite\",\"@id\":\"https:\\\/\\\/aaknives.eu\\\/sv\\\/#website\",\"url\":\"https:\\\/\\\/aaknives.eu\\\/sv\\\/\",\"name\":\"AAKnives\",\"description\":\"Handmade knives\",\"publisher\":{\"@id\":\"https:\\\/\\\/aaknives.eu\\\/sv\\\/#organization\"},\"alternateName\":\"Anri Ananin Knives\",\"potentialAction\":[{\"@type\":\"SearchAction\",\"target\":{\"@type\":\"EntryPoint\",\"urlTemplate\":\"https:\\\/\\\/aaknives.eu\\\/sv\\\/?s={search_term_string}\"},\"query-input\":{\"@type\":\"PropertyValueSpecification\",\"valueRequired\":true,\"valueName\":\"search_term_string\"}}],\"inLanguage\":\"sv-SE\"},{\"@type\":\"Organization\",\"@id\":\"https:\\\/\\\/aaknives.eu\\\/sv\\\/#organization\",\"name\":\"AAKnives\",\"url\":\"https:\\\/\\\/aaknives.eu\\\/sv\\\/\",\"logo\":{\"@type\":\"ImageObject\",\"inLanguage\":\"sv-SE\",\"@id\":\"https:\\\/\\\/aaknives.eu\\\/sv\\\/#\\\/schema\\\/logo\\\/image\\\/\",\"url\":\"https:\\\/\\\/aaknives.eu\\\/wp-content\\\/uploads\\\/2021\\\/10\\\/AAknives_Logo_Green.png\",\"contentUrl\":\"https:\\\/\\\/aaknives.eu\\\/wp-content\\\/uploads\\\/2021\\\/10\\\/AAknives_Logo_Green.png\",\"width\":1768,\"height\":1768,\"caption\":\"AAKnives\"},\"image\":{\"@id\":\"https:\\\/\\\/aaknives.eu\\\/sv\\\/#\\\/schema\\\/logo\\\/image\\\/\"},\"sameAs\":[\"https:\\\/\\\/www.facebook.com\\\/aaknives.eu\\\/\",\"https:\\\/\\\/www.instagram.com\\\/aaknives\\\/\",\"https:\\\/\\\/www.pinterest.com\\\/aa_knives\\\/\",\"https:\\\/\\\/www.youtube.com\\\/@aaknives9518\"]}]}<\/script>\n<!-- \/ Yoast SEO plugin. -->","yoast_head_json":{"title":"Kniv \"UZBEK-PCHAK\" - uzbekisk nationalkniv, handsmidd i rostfritt st\u00e5l - AAKnives","description":"Kniv \"UZBEK-PCHAK\" - Uzbekistans nationella k\u00f6kskniv, handsmidd i rostfritt st\u00e5l","robots":{"index":"index","follow":"follow","max-snippet":"max-snippet:-1","max-image-preview":"max-image-preview:large","max-video-preview":"max-video-preview:-1"},"canonical":"https:\/\/aaknives.eu\/sv\/product\/kniv-uzbek-pchak-uzbekisk-nationalkniv-handsmidd-i-rostfritt-stal\/","og_locale":"sv_SE","og_type":"article","og_title":"Kniv \"UZBEK-PCHAK\" - uzbekisk nationalkniv, handsmidd i rostfritt st\u00e5l - AAKnives","og_description":"Kniv \"UZBEK-PCHAK\" - Uzbekistans nationella k\u00f6kskniv, handsmidd i rostfritt st\u00e5l","og_url":"https:\/\/aaknives.eu\/sv\/product\/kniv-uzbek-pchak-uzbekisk-nationalkniv-handsmidd-i-rostfritt-stal\/","og_site_name":"AAKnives","article_publisher":"https:\/\/www.facebook.com\/aaknives.eu\/","og_image":[{"width":800,"height":600,"url":"https:\/\/aaknives.eu\/wp-content\/uploads\/2021\/09\/aaknives-hand-forged-dabascus-steel-blade-knife-handmade-custom-made-knife-handcrafted-knives-autinetools-northmen-19-1-12.jpg","type":"image\/jpeg"}],"twitter_card":"summary_large_image","schema":{"@context":"https:\/\/schema.org","@graph":[{"@type":"WebPage","@id":"https:\/\/aaknives.eu\/sv\/product\/kniv-uzbek-pchak-uzbekisk-nationalkniv-handsmidd-i-rostfritt-stal\/","url":"https:\/\/aaknives.eu\/sv\/product\/kniv-uzbek-pchak-uzbekisk-nationalkniv-handsmidd-i-rostfritt-stal\/","name":"Kniv \"UZBEK-PCHAK\" - uzbekisk nationalkniv, handsmidd i rostfritt st\u00e5l - AAKnives","isPartOf":{"@id":"https:\/\/aaknives.eu\/sv\/#website"},"primaryImageOfPage":{"@id":"https:\/\/aaknives.eu\/sv\/product\/kniv-uzbek-pchak-uzbekisk-nationalkniv-handsmidd-i-rostfritt-stal\/#primaryimage"},"image":{"@id":"https:\/\/aaknives.eu\/sv\/product\/kniv-uzbek-pchak-uzbekisk-nationalkniv-handsmidd-i-rostfritt-stal\/#primaryimage"},"thumbnailUrl":"https:\/\/aaknives.eu\/wp-content\/uploads\/2021\/09\/aaknives-hand-forged-dabascus-steel-blade-knife-handmade-custom-made-knife-handcrafted-knives-autinetools-northmen-19-1-12.jpg","datePublished":"2021-09-20T20:35:11+00:00","description":"Kniv \"UZBEK-PCHAK\" - Uzbekistans nationella k\u00f6kskniv, handsmidd i rostfritt st\u00e5l","breadcrumb":{"@id":"https:\/\/aaknives.eu\/sv\/product\/kniv-uzbek-pchak-uzbekisk-nationalkniv-handsmidd-i-rostfritt-stal\/#breadcrumb"},"inLanguage":"sv-SE","potentialAction":[{"@type":"ReadAction","target":["https:\/\/aaknives.eu\/sv\/product\/kniv-uzbek-pchak-uzbekisk-nationalkniv-handsmidd-i-rostfritt-stal\/"]}]},{"@type":"ImageObject","inLanguage":"sv-SE","@id":"https:\/\/aaknives.eu\/sv\/product\/kniv-uzbek-pchak-uzbekisk-nationalkniv-handsmidd-i-rostfritt-stal\/#primaryimage","url":"https:\/\/aaknives.eu\/wp-content\/uploads\/2021\/09\/aaknives-hand-forged-dabascus-steel-blade-knife-handmade-custom-made-knife-handcrafted-knives-autinetools-northmen-19-1-12.jpg","contentUrl":"https:\/\/aaknives.eu\/wp-content\/uploads\/2021\/09\/aaknives-hand-forged-dabascus-steel-blade-knife-handmade-custom-made-knife-handcrafted-knives-autinetools-northmen-19-1-12.jpg","width":800,"height":600,"caption":"aaknives-hand-forged-dabascus-steel-blade-knife-handmade-custom-made-knife-handcrafted-knives-autinetools-northmen-19-1-12"},{"@type":"BreadcrumbList","@id":"https:\/\/aaknives.eu\/sv\/product\/kniv-uzbek-pchak-uzbekisk-nationalkniv-handsmidd-i-rostfritt-stal\/#breadcrumb","itemListElement":[{"@type":"ListItem","position":1,"name":"Home","item":"https:\/\/aaknives.eu\/sv\/"},{"@type":"ListItem","position":2,"name":"Butik","item":"https:\/\/aaknives.eu\/butik\/"},{"@type":"ListItem","position":3,"name":"Kniv &#8220;UZBEK-PCHAK&#8221; &#8211; uzbekisk nationalkniv, handsmidd i rostfritt st\u00e5l"}]},{"@type":"WebSite","@id":"https:\/\/aaknives.eu\/sv\/#website","url":"https:\/\/aaknives.eu\/sv\/","name":"AAKnives","description":"Handmade knives","publisher":{"@id":"https:\/\/aaknives.eu\/sv\/#organization"},"alternateName":"Anri Ananin Knives","potentialAction":[{"@type":"SearchAction","target":{"@type":"EntryPoint","urlTemplate":"https:\/\/aaknives.eu\/sv\/?s={search_term_string}"},"query-input":{"@type":"PropertyValueSpecification","valueRequired":true,"valueName":"search_term_string"}}],"inLanguage":"sv-SE"},{"@type":"Organization","@id":"https:\/\/aaknives.eu\/sv\/#organization","name":"AAKnives","url":"https:\/\/aaknives.eu\/sv\/","logo":{"@type":"ImageObject","inLanguage":"sv-SE","@id":"https:\/\/aaknives.eu\/sv\/#\/schema\/logo\/image\/","url":"https:\/\/aaknives.eu\/wp-content\/uploads\/2021\/10\/AAknives_Logo_Green.png","contentUrl":"https:\/\/aaknives.eu\/wp-content\/uploads\/2021\/10\/AAknives_Logo_Green.png","width":1768,"height":1768,"caption":"AAKnives"},"image":{"@id":"https:\/\/aaknives.eu\/sv\/#\/schema\/logo\/image\/"},"sameAs":["https:\/\/www.facebook.com\/aaknives.eu\/","https:\/\/www.instagram.com\/aaknives\/","https:\/\/www.pinterest.com\/aa_knives\/","https:\/\/www.youtube.com\/@aaknives9518"]}]}},"_links":{"self":[{"href":"https:\/\/aaknives.eu\/sv\/wp-json\/wp\/v2\/product\/55112","targetHints":{"allow":["GET"]}}],"collection":[{"href":"https:\/\/aaknives.eu\/sv\/wp-json\/wp\/v2\/product"}],"about":[{"href":"https:\/\/aaknives.eu\/sv\/wp-json\/wp\/v2\/types\/product"}],"wp:featuredmedia":[{"embeddable":true,"href":"https:\/\/aaknives.eu\/sv\/wp-json\/wp\/v2\/media\/55113"}],"wp:attachment":[{"href":"https:\/\/aaknives.eu\/sv\/wp-json\/wp\/v2\/media?parent=55112"}],"wp:term":[{"taxonomy":"product_brand","embeddable":true,"href":"https:\/\/aaknives.eu\/sv\/wp-json\/wp\/v2\/product_brand?post=55112"},{"taxonomy":"product_cat","embeddable":true,"href":"https:\/\/aaknives.eu\/sv\/wp-json\/wp\/v2\/product_cat?post=55112"},{"taxonomy":"product_tag","embeddable":true,"href":"https:\/\/aaknives.eu\/sv\/wp-json\/wp\/v2\/product_tag?post=55112"}],"curies":[{"name":"wp","href":"https:\/\/api.w.org\/{rel}","templated":true}]}}