{"id":55143,"date":"2021-09-20T20:35:34","date_gmt":"2021-09-20T20:35:34","guid":{"rendered":"https:\/\/aaknives.eu\/product\/kniv-grizzly-bulat-wootz-stal-skaft-av-avenbok\/"},"modified":"2021-09-20T20:35:34","modified_gmt":"2021-09-20T20:35:34","slug":"kniv-grizzly-bulat-wootz-stal-skaft-av-avenbok","status":"publish","type":"product","link":"https:\/\/aaknives.eu\/sv\/product\/kniv-grizzly-bulat-wootz-stal-skaft-av-avenbok\/","title":{"rendered":"Kniv &#8220;GRIZZLY&#8221; (Bulat &#8211; Wootz st\u00e5l), skaft av avenbok"},"content":{"rendered":"<p>Specifikationer f\u00f6r kniv: &#8220;GRIZZLY&#8221;<br \/>\nSt\u00e5l: Bulat (Wootz st\u00e5l)<br \/>\nH\u00e5rdhet: 62 HRC<br \/>\nBladets l\u00e4ngd (mm): 140 \/ 5,51 tum<br \/>\nBladets tjocklek (mm): 2 \/ 0,09 tum<br \/>\nBladbredd (mm): 37 \/ 1,45 tum<br \/>\nHandtag: Stabiliserad karelsk bj\u00f6rk<br \/>\nTotal l\u00e4ngd (mm): 265 \/ 10,43 tum<br \/>\nKnivtyp: jakt, utomhusbruk<br \/>\nF\u00f6rpackning: kniv, l\u00e4derh\u00f6lje<\/p>\n<p>&nbsp;<\/p>\n<p>Bulat &#8211; Wootz Steel &#8211; Gjutet kolst\u00e5l handsmidd med en speciell bladstruktur, h\u00f6g h\u00e5rdhet, \u00f6kad h\u00e5llbarhet och elasticitet. Varje blad av Bulat-st\u00e5l har ett distinkt individuellt m\u00f6nster. &#8221;AA Knives tillverkar knivar av legerat Bulat-st\u00e5l baserat p\u00e5 metallerna H12MF och ShH15.<\/p>\n<p>F\u00f6rdelarna med Bulat-st\u00e5l:<\/p>\n<p>H\u00f6g h\u00e5rdhet<br \/>\n\u00d6kad h\u00e5llbarhet<br \/>\nElasticitet<br \/>\nL\u00e5ngvarig sk\u00e4rpa<br \/>\nBladets h\u00e5rdhet 61-64 HRC<br \/>\nHandgjord<\/p>\n","protected":false},"excerpt":{"rendered":"<p>Specifikationer f\u00f6r kniv: &#8220;GRIZZLY&#8221; St\u00e5l: Bulat (Wootz st\u00e5l) H\u00e5rdhet: 62 HRC Bladets l\u00e4ngd (mm): 140 \/ 5,51 tum Bladets tjocklek (mm): 2 \/ 0,09 tum Bladbredd (mm): 37 \/ 1,45 tum Handtag: Stabiliserad karelsk bj\u00f6rk Total l\u00e4ngd (mm): 265 \/ 10,43 tum Knivtyp: jakt, utomhusbruk F\u00f6rpackning: kniv, l\u00e4derh\u00f6lje &nbsp; Bulat &#8211; Wootz Steel &#8211; Gjutet kolst\u00e5l handsmidd med en speciell bladstruktur, h\u00f6g h\u00e5rdhet, \u00f6kad h\u00e5llbarhet och elasticitet. Varje blad av Bulat-st\u00e5l har ett distinkt individuellt m\u00f6nster. &#8221;AA Knives tillverkar knivar av legerat Bulat-st\u00e5l baserat p\u00e5 metallerna H12MF och ShH15. F\u00f6rdelarna med Bulat-st\u00e5l: H\u00f6g h\u00e5rdhet \u00d6kad h\u00e5llbarhet Elasticitet L\u00e5ngvarig sk\u00e4rpa Bladets&hellip;<\/p>\n","protected":false},"featured_media":55144,"template":"","meta":{"_themeisle_gutenberg_block_has_review":false},"product_brand":[],"product_cat":[414,413],"product_tag":[],"class_list":{"0":"post-55143","1":"product","2":"type-product","3":"status-publish","4":"has-post-thumbnail","6":"product_cat-jaktknivar","7":"product_cat-knivar-for-utomhusbruk","9":"first","10":"instock","11":"shipping-taxable","12":"purchasable","13":"product-type-simple"},"yoast_head":"<!-- This site is optimized with the Yoast SEO plugin v27.3 - https:\/\/yoast.com\/product\/yoast-seo-wordpress\/ -->\n<title>Kniv &quot;GRIZZLY&quot; (Bulat - Wootz st\u00e5l), skaft av avenbok - AAKnives<\/title>\n<meta name=\"description\" content=\"Bulat - Wootz Steel - Handsmidda gjutna kolst\u00e5l med speciell bladstruktur, h\u00f6g h\u00e5rdhet, \u00f6kad h\u00e5llbarhet och elasticitet\" \/>\n<meta name=\"robots\" content=\"index, follow, max-snippet:-1, max-image-preview:large, max-video-preview:-1\" \/>\n<link rel=\"canonical\" href=\"https:\/\/aaknives.eu\/sv\/product\/kniv-grizzly-bulat-wootz-stal-skaft-av-avenbok\/\" \/>\n<meta property=\"og:locale\" content=\"sv_SE\" \/>\n<meta property=\"og:type\" content=\"article\" \/>\n<meta property=\"og:title\" content=\"Kniv &quot;GRIZZLY&quot; (Bulat - Wootz st\u00e5l), skaft av avenbok - AAKnives\" \/>\n<meta property=\"og:description\" content=\"Bulat - Wootz Steel - Handsmidda gjutna kolst\u00e5l med speciell bladstruktur, h\u00f6g h\u00e5rdhet, \u00f6kad h\u00e5llbarhet och elasticitet\" \/>\n<meta property=\"og:url\" content=\"https:\/\/aaknives.eu\/sv\/product\/kniv-grizzly-bulat-wootz-stal-skaft-av-avenbok\/\" \/>\n<meta property=\"og:site_name\" content=\"AAKnives\" \/>\n<meta property=\"article:publisher\" content=\"https:\/\/www.facebook.com\/aaknives.eu\/\" \/>\n<meta property=\"og:image\" content=\"https:\/\/aaknives.eu\/wp-content\/uploads\/2021\/09\/aaknives-hand-forged-dabascus-steel-blade-knife-handmade-custom-made-knife-handcrafted-knives-autinetools-northmen-21-2-20.jpg\" \/>\n\t<meta property=\"og:image:width\" content=\"1020\" \/>\n\t<meta property=\"og:image:height\" content=\"880\" \/>\n\t<meta property=\"og:image:type\" content=\"image\/jpeg\" \/>\n<meta name=\"twitter:card\" content=\"summary_large_image\" \/>\n<meta name=\"twitter:label1\" content=\"Ber\u00e4knad l\u00e4stid\" \/>\n\t<meta name=\"twitter:data1\" content=\"1 minut\" \/>\n<script type=\"application\/ld+json\" class=\"yoast-schema-graph\">{\"@context\":\"https:\\\/\\\/schema.org\",\"@graph\":[{\"@type\":\"WebPage\",\"@id\":\"https:\\\/\\\/aaknives.eu\\\/sv\\\/product\\\/kniv-grizzly-bulat-wootz-stal-skaft-av-avenbok\\\/\",\"url\":\"https:\\\/\\\/aaknives.eu\\\/sv\\\/product\\\/kniv-grizzly-bulat-wootz-stal-skaft-av-avenbok\\\/\",\"name\":\"Kniv \\\"GRIZZLY\\\" (Bulat - Wootz st\u00e5l), skaft av avenbok - AAKnives\",\"isPartOf\":{\"@id\":\"https:\\\/\\\/aaknives.eu\\\/sv\\\/#website\"},\"primaryImageOfPage\":{\"@id\":\"https:\\\/\\\/aaknives.eu\\\/sv\\\/product\\\/kniv-grizzly-bulat-wootz-stal-skaft-av-avenbok\\\/#primaryimage\"},\"image\":{\"@id\":\"https:\\\/\\\/aaknives.eu\\\/sv\\\/product\\\/kniv-grizzly-bulat-wootz-stal-skaft-av-avenbok\\\/#primaryimage\"},\"thumbnailUrl\":\"https:\\\/\\\/aaknives.eu\\\/wp-content\\\/uploads\\\/2021\\\/09\\\/aaknives-hand-forged-dabascus-steel-blade-knife-handmade-custom-made-knife-handcrafted-knives-autinetools-northmen-21-2-20.jpg\",\"datePublished\":\"2021-09-20T20:35:34+00:00\",\"description\":\"Bulat - Wootz Steel - Handsmidda gjutna kolst\u00e5l med speciell bladstruktur, h\u00f6g h\u00e5rdhet, \u00f6kad h\u00e5llbarhet och elasticitet\",\"breadcrumb\":{\"@id\":\"https:\\\/\\\/aaknives.eu\\\/sv\\\/product\\\/kniv-grizzly-bulat-wootz-stal-skaft-av-avenbok\\\/#breadcrumb\"},\"inLanguage\":\"sv-SE\",\"potentialAction\":[{\"@type\":\"ReadAction\",\"target\":[\"https:\\\/\\\/aaknives.eu\\\/sv\\\/product\\\/kniv-grizzly-bulat-wootz-stal-skaft-av-avenbok\\\/\"]}]},{\"@type\":\"ImageObject\",\"inLanguage\":\"sv-SE\",\"@id\":\"https:\\\/\\\/aaknives.eu\\\/sv\\\/product\\\/kniv-grizzly-bulat-wootz-stal-skaft-av-avenbok\\\/#primaryimage\",\"url\":\"https:\\\/\\\/aaknives.eu\\\/wp-content\\\/uploads\\\/2021\\\/09\\\/aaknives-hand-forged-dabascus-steel-blade-knife-handmade-custom-made-knife-handcrafted-knives-autinetools-northmen-21-2-20.jpg\",\"contentUrl\":\"https:\\\/\\\/aaknives.eu\\\/wp-content\\\/uploads\\\/2021\\\/09\\\/aaknives-hand-forged-dabascus-steel-blade-knife-handmade-custom-made-knife-handcrafted-knives-autinetools-northmen-21-2-20.jpg\",\"width\":1020,\"height\":880,\"caption\":\"aaknives hand forged dabascus steel blade knife handmade custom made knife handcrafted knives autinetools northmen 21 2 20\"},{\"@type\":\"BreadcrumbList\",\"@id\":\"https:\\\/\\\/aaknives.eu\\\/sv\\\/product\\\/kniv-grizzly-bulat-wootz-stal-skaft-av-avenbok\\\/#breadcrumb\",\"itemListElement\":[{\"@type\":\"ListItem\",\"position\":1,\"name\":\"Home\",\"item\":\"https:\\\/\\\/aaknives.eu\\\/sv\\\/\"},{\"@type\":\"ListItem\",\"position\":2,\"name\":\"Butik\",\"item\":\"https:\\\/\\\/aaknives.eu\\\/butik\\\/\"},{\"@type\":\"ListItem\",\"position\":3,\"name\":\"Kniv &#8220;GRIZZLY&#8221; (Bulat &#8211; Wootz st\u00e5l), skaft av avenbok\"}]},{\"@type\":\"WebSite\",\"@id\":\"https:\\\/\\\/aaknives.eu\\\/sv\\\/#website\",\"url\":\"https:\\\/\\\/aaknives.eu\\\/sv\\\/\",\"name\":\"AAKnives\",\"description\":\"Handmade knives\",\"publisher\":{\"@id\":\"https:\\\/\\\/aaknives.eu\\\/sv\\\/#organization\"},\"potentialAction\":[{\"@type\":\"SearchAction\",\"target\":{\"@type\":\"EntryPoint\",\"urlTemplate\":\"https:\\\/\\\/aaknives.eu\\\/sv\\\/?s={search_term_string}\"},\"query-input\":{\"@type\":\"PropertyValueSpecification\",\"valueRequired\":true,\"valueName\":\"search_term_string\"}}],\"inLanguage\":\"sv-SE\"},{\"@type\":\"Organization\",\"@id\":\"https:\\\/\\\/aaknives.eu\\\/sv\\\/#organization\",\"name\":\"AAKnives\",\"url\":\"https:\\\/\\\/aaknives.eu\\\/sv\\\/\",\"logo\":{\"@type\":\"ImageObject\",\"inLanguage\":\"sv-SE\",\"@id\":\"https:\\\/\\\/aaknives.eu\\\/sv\\\/#\\\/schema\\\/logo\\\/image\\\/\",\"url\":\"https:\\\/\\\/aaknives.eu\\\/wp-content\\\/uploads\\\/2021\\\/10\\\/AAknives_Logo_Green.png\",\"contentUrl\":\"https:\\\/\\\/aaknives.eu\\\/wp-content\\\/uploads\\\/2021\\\/10\\\/AAknives_Logo_Green.png\",\"width\":1768,\"height\":1768,\"caption\":\"AAKnives\"},\"image\":{\"@id\":\"https:\\\/\\\/aaknives.eu\\\/sv\\\/#\\\/schema\\\/logo\\\/image\\\/\"},\"sameAs\":[\"https:\\\/\\\/www.facebook.com\\\/aaknives.eu\\\/\",\"https:\\\/\\\/www.instagram.com\\\/aaknives\\\/\",\"https:\\\/\\\/www.pinterest.com\\\/aa_knives\\\/\",\"https:\\\/\\\/www.youtube.com\\\/channel\\\/UCHOQFjrOkgT6s4FIw9LDKyw\\\/featured\"]}]}<\/script>\n<!-- \/ Yoast SEO plugin. -->","yoast_head_json":{"title":"Kniv \"GRIZZLY\" (Bulat - Wootz st\u00e5l), skaft av avenbok - AAKnives","description":"Bulat - Wootz Steel - Handsmidda gjutna kolst\u00e5l med speciell bladstruktur, h\u00f6g h\u00e5rdhet, \u00f6kad h\u00e5llbarhet och elasticitet","robots":{"index":"index","follow":"follow","max-snippet":"max-snippet:-1","max-image-preview":"max-image-preview:large","max-video-preview":"max-video-preview:-1"},"canonical":"https:\/\/aaknives.eu\/sv\/product\/kniv-grizzly-bulat-wootz-stal-skaft-av-avenbok\/","og_locale":"sv_SE","og_type":"article","og_title":"Kniv \"GRIZZLY\" (Bulat - Wootz st\u00e5l), skaft av avenbok - AAKnives","og_description":"Bulat - Wootz Steel - Handsmidda gjutna kolst\u00e5l med speciell bladstruktur, h\u00f6g h\u00e5rdhet, \u00f6kad h\u00e5llbarhet och elasticitet","og_url":"https:\/\/aaknives.eu\/sv\/product\/kniv-grizzly-bulat-wootz-stal-skaft-av-avenbok\/","og_site_name":"AAKnives","article_publisher":"https:\/\/www.facebook.com\/aaknives.eu\/","og_image":[{"width":1020,"height":880,"url":"https:\/\/aaknives.eu\/wp-content\/uploads\/2021\/09\/aaknives-hand-forged-dabascus-steel-blade-knife-handmade-custom-made-knife-handcrafted-knives-autinetools-northmen-21-2-20.jpg","type":"image\/jpeg"}],"twitter_card":"summary_large_image","twitter_misc":{"Ber\u00e4knad l\u00e4stid":"1 minut"},"schema":{"@context":"https:\/\/schema.org","@graph":[{"@type":"WebPage","@id":"https:\/\/aaknives.eu\/sv\/product\/kniv-grizzly-bulat-wootz-stal-skaft-av-avenbok\/","url":"https:\/\/aaknives.eu\/sv\/product\/kniv-grizzly-bulat-wootz-stal-skaft-av-avenbok\/","name":"Kniv \"GRIZZLY\" (Bulat - Wootz st\u00e5l), skaft av avenbok - AAKnives","isPartOf":{"@id":"https:\/\/aaknives.eu\/sv\/#website"},"primaryImageOfPage":{"@id":"https:\/\/aaknives.eu\/sv\/product\/kniv-grizzly-bulat-wootz-stal-skaft-av-avenbok\/#primaryimage"},"image":{"@id":"https:\/\/aaknives.eu\/sv\/product\/kniv-grizzly-bulat-wootz-stal-skaft-av-avenbok\/#primaryimage"},"thumbnailUrl":"https:\/\/aaknives.eu\/wp-content\/uploads\/2021\/09\/aaknives-hand-forged-dabascus-steel-blade-knife-handmade-custom-made-knife-handcrafted-knives-autinetools-northmen-21-2-20.jpg","datePublished":"2021-09-20T20:35:34+00:00","description":"Bulat - Wootz Steel - Handsmidda gjutna kolst\u00e5l med speciell bladstruktur, h\u00f6g h\u00e5rdhet, \u00f6kad h\u00e5llbarhet och elasticitet","breadcrumb":{"@id":"https:\/\/aaknives.eu\/sv\/product\/kniv-grizzly-bulat-wootz-stal-skaft-av-avenbok\/#breadcrumb"},"inLanguage":"sv-SE","potentialAction":[{"@type":"ReadAction","target":["https:\/\/aaknives.eu\/sv\/product\/kniv-grizzly-bulat-wootz-stal-skaft-av-avenbok\/"]}]},{"@type":"ImageObject","inLanguage":"sv-SE","@id":"https:\/\/aaknives.eu\/sv\/product\/kniv-grizzly-bulat-wootz-stal-skaft-av-avenbok\/#primaryimage","url":"https:\/\/aaknives.eu\/wp-content\/uploads\/2021\/09\/aaknives-hand-forged-dabascus-steel-blade-knife-handmade-custom-made-knife-handcrafted-knives-autinetools-northmen-21-2-20.jpg","contentUrl":"https:\/\/aaknives.eu\/wp-content\/uploads\/2021\/09\/aaknives-hand-forged-dabascus-steel-blade-knife-handmade-custom-made-knife-handcrafted-knives-autinetools-northmen-21-2-20.jpg","width":1020,"height":880,"caption":"aaknives hand forged dabascus steel blade knife handmade custom made knife handcrafted knives autinetools northmen 21 2 20"},{"@type":"BreadcrumbList","@id":"https:\/\/aaknives.eu\/sv\/product\/kniv-grizzly-bulat-wootz-stal-skaft-av-avenbok\/#breadcrumb","itemListElement":[{"@type":"ListItem","position":1,"name":"Home","item":"https:\/\/aaknives.eu\/sv\/"},{"@type":"ListItem","position":2,"name":"Butik","item":"https:\/\/aaknives.eu\/butik\/"},{"@type":"ListItem","position":3,"name":"Kniv &#8220;GRIZZLY&#8221; (Bulat &#8211; Wootz st\u00e5l), skaft av avenbok"}]},{"@type":"WebSite","@id":"https:\/\/aaknives.eu\/sv\/#website","url":"https:\/\/aaknives.eu\/sv\/","name":"AAKnives","description":"Handmade knives","publisher":{"@id":"https:\/\/aaknives.eu\/sv\/#organization"},"potentialAction":[{"@type":"SearchAction","target":{"@type":"EntryPoint","urlTemplate":"https:\/\/aaknives.eu\/sv\/?s={search_term_string}"},"query-input":{"@type":"PropertyValueSpecification","valueRequired":true,"valueName":"search_term_string"}}],"inLanguage":"sv-SE"},{"@type":"Organization","@id":"https:\/\/aaknives.eu\/sv\/#organization","name":"AAKnives","url":"https:\/\/aaknives.eu\/sv\/","logo":{"@type":"ImageObject","inLanguage":"sv-SE","@id":"https:\/\/aaknives.eu\/sv\/#\/schema\/logo\/image\/","url":"https:\/\/aaknives.eu\/wp-content\/uploads\/2021\/10\/AAknives_Logo_Green.png","contentUrl":"https:\/\/aaknives.eu\/wp-content\/uploads\/2021\/10\/AAknives_Logo_Green.png","width":1768,"height":1768,"caption":"AAKnives"},"image":{"@id":"https:\/\/aaknives.eu\/sv\/#\/schema\/logo\/image\/"},"sameAs":["https:\/\/www.facebook.com\/aaknives.eu\/","https:\/\/www.instagram.com\/aaknives\/","https:\/\/www.pinterest.com\/aa_knives\/","https:\/\/www.youtube.com\/channel\/UCHOQFjrOkgT6s4FIw9LDKyw\/featured"]}]}},"_links":{"self":[{"href":"https:\/\/aaknives.eu\/sv\/wp-json\/wp\/v2\/product\/55143","targetHints":{"allow":["GET"]}}],"collection":[{"href":"https:\/\/aaknives.eu\/sv\/wp-json\/wp\/v2\/product"}],"about":[{"href":"https:\/\/aaknives.eu\/sv\/wp-json\/wp\/v2\/types\/product"}],"wp:featuredmedia":[{"embeddable":true,"href":"https:\/\/aaknives.eu\/sv\/wp-json\/wp\/v2\/media\/55144"}],"wp:attachment":[{"href":"https:\/\/aaknives.eu\/sv\/wp-json\/wp\/v2\/media?parent=55143"}],"wp:term":[{"taxonomy":"product_brand","embeddable":true,"href":"https:\/\/aaknives.eu\/sv\/wp-json\/wp\/v2\/product_brand?post=55143"},{"taxonomy":"product_cat","embeddable":true,"href":"https:\/\/aaknives.eu\/sv\/wp-json\/wp\/v2\/product_cat?post=55143"},{"taxonomy":"product_tag","embeddable":true,"href":"https:\/\/aaknives.eu\/sv\/wp-json\/wp\/v2\/product_tag?post=55143"}],"curies":[{"name":"wp","href":"https:\/\/api.w.org\/{rel}","templated":true}]}}