{"id":55578,"date":"2021-09-20T20:31:43","date_gmt":"2021-09-20T20:31:43","guid":{"rendered":"https:\/\/aaknives.eu\/product\/tanto-kniv-i-damaskusstal\/"},"modified":"2025-01-06T16:44:25","modified_gmt":"2025-01-06T16:44:25","slug":"tanto-kniv-i-damaskusstal-3","status":"publish","type":"product","link":"https:\/\/aaknives.eu\/sv\/product\/tanto-kniv-i-damaskusstal-3\/","title":{"rendered":"&#8220;TANTO&#8221;, kniv i Damaskusst\u00e5l"},"content":{"rendered":"<p>Knivspecifikationer: \u201dTanto\u201d<br \/>\nSt\u00e5l: Damaskus st\u00e5lkniv (HVG, U10, ShH15) 800 lager<br \/>\nH\u00e5rdhet: 61 HRC<br \/>\nBladl\u00e4ngd (mm): 170<br \/>\nBladtjocklek (mm): 3<br \/>\nBladbredd (mm): 27<br \/>\nHandtag: afrikanskt tr\u00e4 Wenge<br \/>\nTotal l\u00e4ngd (mm): 320<br \/>\nKnivtyp: jakt, utomhus<br \/>\nF\u00f6rpackning: kniv, slida av tr\u00e4<\/p>\n<p>&nbsp;<\/p>\n<p>Handsmidd Damaskusst\u00e5l som skapas av ett paket st\u00e5l med olika h\u00e5rdhet och viskositet, som viks till en platta i en specifik ordning. D\u00e4refter smids plattan upprepade g\u00e5nger, tack vare vilka lager och ett unikt m\u00f6nster bildas.<br \/>\nEn sv\u00e5r teknisk process g\u00f6rs manuellt. St\u00e5l som erh\u00e5lls p\u00e5 detta s\u00e4tt k\u00e4nnetecknas av \u00f6kad styrka, h\u00f6g h\u00e5rdhet, utm\u00e4rkta sk\u00e4regenskaper och sk\u00f6nhet.<br \/>\nDamaskus st\u00e5l mer \u00e4n 700-1000 lager.<br \/>\nPaket damask st\u00e5l ShH15 + HVG + U10A, termiskt uttryck 860 \u00b0 C F\u00f6rdelarna knivar av Damaskus st\u00e5l:<br \/>\n\u00d6kad styrka<br \/>\nH\u00f6g h\u00e5rdhet<br \/>\nUtm\u00e4rkta sk\u00e4regenskaper<br \/>\nVacker design<br \/>\nL\u00e5ngvarig sk\u00e4rpa Bladets h\u00e5rdhet 60-62 HRC.<br \/>\nHandgjord <\/p>\n<p>&nbsp;<\/p>\n","protected":false},"excerpt":{"rendered":"<p>Knivspecifikationer: \u201dTanto\u201d St\u00e5l: Damaskus st\u00e5lkniv (HVG, U10, ShH15) 800 lager H\u00e5rdhet: 61 HRC Bladl\u00e4ngd (mm): 170 Bladtjocklek (mm): 3 Bladbredd (mm): 27 Handtag: afrikanskt tr\u00e4 Wenge Total l\u00e4ngd (mm): 320 Knivtyp: jakt, utomhus F\u00f6rpackning: kniv, slida av tr\u00e4 &nbsp; Handsmidd Damaskusst\u00e5l som skapas av ett paket st\u00e5l med olika h\u00e5rdhet och viskositet, som viks till en platta i en specifik ordning. D\u00e4refter smids plattan upprepade g\u00e5nger, tack vare vilka lager och ett unikt m\u00f6nster bildas. En sv\u00e5r teknisk process g\u00f6rs manuellt. St\u00e5l som erh\u00e5lls p\u00e5 detta s\u00e4tt k\u00e4nnetecknas av \u00f6kad styrka, h\u00f6g h\u00e5rdhet, utm\u00e4rkta sk\u00e4regenskaper och sk\u00f6nhet. Damaskus st\u00e5l mer&hellip;<\/p>\n","protected":false},"featured_media":55579,"template":"","meta":{"_themeisle_gutenberg_block_has_review":false},"product_brand":[],"product_cat":[413,418],"product_tag":[],"class_list":{"0":"post-55578","1":"product","2":"type-product","3":"status-publish","4":"has-post-thumbnail","6":"product_cat-knivar-for-utomhusbruk","7":"product_cat-premium-och-exklusiva-knivar","9":"first","10":"instock","11":"featured","12":"shipping-taxable","13":"purchasable","14":"product-type-simple"},"yoast_head":"<!-- This site is optimized with the Yoast SEO plugin v27.3 - https:\/\/yoast.com\/product\/yoast-seo-wordpress\/ -->\n<title>&quot;TANTO&quot;, kniv i Damaskusst\u00e5l - AAKnives<\/title>\n<meta name=\"description\" content=\"&quot;TANTO&quot;, kniv i damaskusst\u00e5l, exklusiv kniv, presentkniv, damaskuskniv, tantokniv, damaskusst\u00e5l, aaknives kniv, handgjord kniv\" \/>\n<meta name=\"robots\" content=\"index, follow, max-snippet:-1, max-image-preview:large, max-video-preview:-1\" \/>\n<link rel=\"canonical\" href=\"https:\/\/aaknives.eu\/sv\/product\/tanto-kniv-i-damaskusstal-3\/\" \/>\n<meta property=\"og:locale\" content=\"sv_SE\" \/>\n<meta property=\"og:type\" content=\"article\" \/>\n<meta property=\"og:title\" content=\"&quot;TANTO&quot;, kniv i Damaskusst\u00e5l - AAKnives\" \/>\n<meta property=\"og:description\" content=\"&quot;TANTO&quot;, kniv i damaskusst\u00e5l, exklusiv kniv, presentkniv, damaskuskniv, tantokniv, damaskusst\u00e5l, aaknives kniv, handgjord kniv\" \/>\n<meta property=\"og:url\" content=\"https:\/\/aaknives.eu\/sv\/product\/tanto-kniv-i-damaskusstal-3\/\" \/>\n<meta property=\"og:site_name\" content=\"AAKnives\" \/>\n<meta property=\"article:publisher\" content=\"https:\/\/www.facebook.com\/aaknives.eu\/\" \/>\n<meta property=\"article:modified_time\" content=\"2025-01-06T16:44:25+00:00\" \/>\n<meta property=\"og:image\" content=\"https:\/\/aaknives.eu\/wp-content\/uploads\/2021\/09\/aaknives-hand-forged-damascus-steel-blade-knife-handmade-custom-made-knife-handcrafted-knives-autinetools-northmen-1-9-2.jpg\" \/>\n\t<meta property=\"og:image:width\" content=\"800\" \/>\n\t<meta property=\"og:image:height\" content=\"600\" \/>\n\t<meta property=\"og:image:type\" content=\"image\/jpeg\" \/>\n<meta name=\"twitter:card\" content=\"summary_large_image\" \/>\n<meta name=\"twitter:label1\" content=\"Ber\u00e4knad l\u00e4stid\" \/>\n\t<meta name=\"twitter:data1\" content=\"1 minut\" \/>\n<script type=\"application\/ld+json\" class=\"yoast-schema-graph\">{\"@context\":\"https:\\\/\\\/schema.org\",\"@graph\":[{\"@type\":\"WebPage\",\"@id\":\"https:\\\/\\\/aaknives.eu\\\/sv\\\/product\\\/tanto-kniv-i-damaskusstal-3\\\/\",\"url\":\"https:\\\/\\\/aaknives.eu\\\/sv\\\/product\\\/tanto-kniv-i-damaskusstal-3\\\/\",\"name\":\"\\\"TANTO\\\", kniv i Damaskusst\u00e5l - AAKnives\",\"isPartOf\":{\"@id\":\"https:\\\/\\\/aaknives.eu\\\/sv\\\/#website\"},\"primaryImageOfPage\":{\"@id\":\"https:\\\/\\\/aaknives.eu\\\/sv\\\/product\\\/tanto-kniv-i-damaskusstal-3\\\/#primaryimage\"},\"image\":{\"@id\":\"https:\\\/\\\/aaknives.eu\\\/sv\\\/product\\\/tanto-kniv-i-damaskusstal-3\\\/#primaryimage\"},\"thumbnailUrl\":\"https:\\\/\\\/aaknives.eu\\\/wp-content\\\/uploads\\\/2021\\\/09\\\/aaknives-hand-forged-damascus-steel-blade-knife-handmade-custom-made-knife-handcrafted-knives-autinetools-northmen-1-9-2.jpg\",\"datePublished\":\"2021-09-20T20:31:43+00:00\",\"dateModified\":\"2025-01-06T16:44:25+00:00\",\"description\":\"\\\"TANTO\\\", kniv i damaskusst\u00e5l, exklusiv kniv, presentkniv, damaskuskniv, tantokniv, damaskusst\u00e5l, aaknives kniv, handgjord kniv\",\"breadcrumb\":{\"@id\":\"https:\\\/\\\/aaknives.eu\\\/sv\\\/product\\\/tanto-kniv-i-damaskusstal-3\\\/#breadcrumb\"},\"inLanguage\":\"sv-SE\",\"potentialAction\":[{\"@type\":\"ReadAction\",\"target\":[\"https:\\\/\\\/aaknives.eu\\\/sv\\\/product\\\/tanto-kniv-i-damaskusstal-3\\\/\"]}]},{\"@type\":\"ImageObject\",\"inLanguage\":\"sv-SE\",\"@id\":\"https:\\\/\\\/aaknives.eu\\\/sv\\\/product\\\/tanto-kniv-i-damaskusstal-3\\\/#primaryimage\",\"url\":\"https:\\\/\\\/aaknives.eu\\\/wp-content\\\/uploads\\\/2021\\\/09\\\/aaknives-hand-forged-damascus-steel-blade-knife-handmade-custom-made-knife-handcrafted-knives-autinetools-northmen-1-9-2.jpg\",\"contentUrl\":\"https:\\\/\\\/aaknives.eu\\\/wp-content\\\/uploads\\\/2021\\\/09\\\/aaknives-hand-forged-damascus-steel-blade-knife-handmade-custom-made-knife-handcrafted-knives-autinetools-northmen-1-9-2.jpg\",\"width\":800,\"height\":600,\"caption\":\"aaknives-hand-forged-damascus-steel-blade-knife-handmade-custom-made-knife-handcrafted-knives-autinetools-northmen-1-9-2\"},{\"@type\":\"BreadcrumbList\",\"@id\":\"https:\\\/\\\/aaknives.eu\\\/sv\\\/product\\\/tanto-kniv-i-damaskusstal-3\\\/#breadcrumb\",\"itemListElement\":[{\"@type\":\"ListItem\",\"position\":1,\"name\":\"Home\",\"item\":\"https:\\\/\\\/aaknives.eu\\\/sv\\\/\"},{\"@type\":\"ListItem\",\"position\":2,\"name\":\"Butik\",\"item\":\"https:\\\/\\\/aaknives.eu\\\/butik\\\/\"},{\"@type\":\"ListItem\",\"position\":3,\"name\":\"&#8220;TANTO&#8221;, kniv i Damaskusst\u00e5l\"}]},{\"@type\":\"WebSite\",\"@id\":\"https:\\\/\\\/aaknives.eu\\\/sv\\\/#website\",\"url\":\"https:\\\/\\\/aaknives.eu\\\/sv\\\/\",\"name\":\"AAKnives\",\"description\":\"Handmade knives\",\"publisher\":{\"@id\":\"https:\\\/\\\/aaknives.eu\\\/sv\\\/#organization\"},\"potentialAction\":[{\"@type\":\"SearchAction\",\"target\":{\"@type\":\"EntryPoint\",\"urlTemplate\":\"https:\\\/\\\/aaknives.eu\\\/sv\\\/?s={search_term_string}\"},\"query-input\":{\"@type\":\"PropertyValueSpecification\",\"valueRequired\":true,\"valueName\":\"search_term_string\"}}],\"inLanguage\":\"sv-SE\"},{\"@type\":\"Organization\",\"@id\":\"https:\\\/\\\/aaknives.eu\\\/sv\\\/#organization\",\"name\":\"AAKnives\",\"url\":\"https:\\\/\\\/aaknives.eu\\\/sv\\\/\",\"logo\":{\"@type\":\"ImageObject\",\"inLanguage\":\"sv-SE\",\"@id\":\"https:\\\/\\\/aaknives.eu\\\/sv\\\/#\\\/schema\\\/logo\\\/image\\\/\",\"url\":\"https:\\\/\\\/aaknives.eu\\\/wp-content\\\/uploads\\\/2021\\\/10\\\/AAknives_Logo_Green.png\",\"contentUrl\":\"https:\\\/\\\/aaknives.eu\\\/wp-content\\\/uploads\\\/2021\\\/10\\\/AAknives_Logo_Green.png\",\"width\":1768,\"height\":1768,\"caption\":\"AAKnives\"},\"image\":{\"@id\":\"https:\\\/\\\/aaknives.eu\\\/sv\\\/#\\\/schema\\\/logo\\\/image\\\/\"},\"sameAs\":[\"https:\\\/\\\/www.facebook.com\\\/aaknives.eu\\\/\",\"https:\\\/\\\/www.instagram.com\\\/aaknives\\\/\",\"https:\\\/\\\/www.pinterest.com\\\/aa_knives\\\/\",\"https:\\\/\\\/www.youtube.com\\\/channel\\\/UCHOQFjrOkgT6s4FIw9LDKyw\\\/featured\"]}]}<\/script>\n<!-- \/ Yoast SEO plugin. -->","yoast_head_json":{"title":"\"TANTO\", kniv i Damaskusst\u00e5l - AAKnives","description":"\"TANTO\", kniv i damaskusst\u00e5l, exklusiv kniv, presentkniv, damaskuskniv, tantokniv, damaskusst\u00e5l, aaknives kniv, handgjord kniv","robots":{"index":"index","follow":"follow","max-snippet":"max-snippet:-1","max-image-preview":"max-image-preview:large","max-video-preview":"max-video-preview:-1"},"canonical":"https:\/\/aaknives.eu\/sv\/product\/tanto-kniv-i-damaskusstal-3\/","og_locale":"sv_SE","og_type":"article","og_title":"\"TANTO\", kniv i Damaskusst\u00e5l - AAKnives","og_description":"\"TANTO\", kniv i damaskusst\u00e5l, exklusiv kniv, presentkniv, damaskuskniv, tantokniv, damaskusst\u00e5l, aaknives kniv, handgjord kniv","og_url":"https:\/\/aaknives.eu\/sv\/product\/tanto-kniv-i-damaskusstal-3\/","og_site_name":"AAKnives","article_publisher":"https:\/\/www.facebook.com\/aaknives.eu\/","article_modified_time":"2025-01-06T16:44:25+00:00","og_image":[{"width":800,"height":600,"url":"https:\/\/aaknives.eu\/wp-content\/uploads\/2021\/09\/aaknives-hand-forged-damascus-steel-blade-knife-handmade-custom-made-knife-handcrafted-knives-autinetools-northmen-1-9-2.jpg","type":"image\/jpeg"}],"twitter_card":"summary_large_image","twitter_misc":{"Ber\u00e4knad l\u00e4stid":"1 minut"},"schema":{"@context":"https:\/\/schema.org","@graph":[{"@type":"WebPage","@id":"https:\/\/aaknives.eu\/sv\/product\/tanto-kniv-i-damaskusstal-3\/","url":"https:\/\/aaknives.eu\/sv\/product\/tanto-kniv-i-damaskusstal-3\/","name":"\"TANTO\", kniv i Damaskusst\u00e5l - AAKnives","isPartOf":{"@id":"https:\/\/aaknives.eu\/sv\/#website"},"primaryImageOfPage":{"@id":"https:\/\/aaknives.eu\/sv\/product\/tanto-kniv-i-damaskusstal-3\/#primaryimage"},"image":{"@id":"https:\/\/aaknives.eu\/sv\/product\/tanto-kniv-i-damaskusstal-3\/#primaryimage"},"thumbnailUrl":"https:\/\/aaknives.eu\/wp-content\/uploads\/2021\/09\/aaknives-hand-forged-damascus-steel-blade-knife-handmade-custom-made-knife-handcrafted-knives-autinetools-northmen-1-9-2.jpg","datePublished":"2021-09-20T20:31:43+00:00","dateModified":"2025-01-06T16:44:25+00:00","description":"\"TANTO\", kniv i damaskusst\u00e5l, exklusiv kniv, presentkniv, damaskuskniv, tantokniv, damaskusst\u00e5l, aaknives kniv, handgjord kniv","breadcrumb":{"@id":"https:\/\/aaknives.eu\/sv\/product\/tanto-kniv-i-damaskusstal-3\/#breadcrumb"},"inLanguage":"sv-SE","potentialAction":[{"@type":"ReadAction","target":["https:\/\/aaknives.eu\/sv\/product\/tanto-kniv-i-damaskusstal-3\/"]}]},{"@type":"ImageObject","inLanguage":"sv-SE","@id":"https:\/\/aaknives.eu\/sv\/product\/tanto-kniv-i-damaskusstal-3\/#primaryimage","url":"https:\/\/aaknives.eu\/wp-content\/uploads\/2021\/09\/aaknives-hand-forged-damascus-steel-blade-knife-handmade-custom-made-knife-handcrafted-knives-autinetools-northmen-1-9-2.jpg","contentUrl":"https:\/\/aaknives.eu\/wp-content\/uploads\/2021\/09\/aaknives-hand-forged-damascus-steel-blade-knife-handmade-custom-made-knife-handcrafted-knives-autinetools-northmen-1-9-2.jpg","width":800,"height":600,"caption":"aaknives-hand-forged-damascus-steel-blade-knife-handmade-custom-made-knife-handcrafted-knives-autinetools-northmen-1-9-2"},{"@type":"BreadcrumbList","@id":"https:\/\/aaknives.eu\/sv\/product\/tanto-kniv-i-damaskusstal-3\/#breadcrumb","itemListElement":[{"@type":"ListItem","position":1,"name":"Home","item":"https:\/\/aaknives.eu\/sv\/"},{"@type":"ListItem","position":2,"name":"Butik","item":"https:\/\/aaknives.eu\/butik\/"},{"@type":"ListItem","position":3,"name":"&#8220;TANTO&#8221;, kniv i Damaskusst\u00e5l"}]},{"@type":"WebSite","@id":"https:\/\/aaknives.eu\/sv\/#website","url":"https:\/\/aaknives.eu\/sv\/","name":"AAKnives","description":"Handmade knives","publisher":{"@id":"https:\/\/aaknives.eu\/sv\/#organization"},"potentialAction":[{"@type":"SearchAction","target":{"@type":"EntryPoint","urlTemplate":"https:\/\/aaknives.eu\/sv\/?s={search_term_string}"},"query-input":{"@type":"PropertyValueSpecification","valueRequired":true,"valueName":"search_term_string"}}],"inLanguage":"sv-SE"},{"@type":"Organization","@id":"https:\/\/aaknives.eu\/sv\/#organization","name":"AAKnives","url":"https:\/\/aaknives.eu\/sv\/","logo":{"@type":"ImageObject","inLanguage":"sv-SE","@id":"https:\/\/aaknives.eu\/sv\/#\/schema\/logo\/image\/","url":"https:\/\/aaknives.eu\/wp-content\/uploads\/2021\/10\/AAknives_Logo_Green.png","contentUrl":"https:\/\/aaknives.eu\/wp-content\/uploads\/2021\/10\/AAknives_Logo_Green.png","width":1768,"height":1768,"caption":"AAKnives"},"image":{"@id":"https:\/\/aaknives.eu\/sv\/#\/schema\/logo\/image\/"},"sameAs":["https:\/\/www.facebook.com\/aaknives.eu\/","https:\/\/www.instagram.com\/aaknives\/","https:\/\/www.pinterest.com\/aa_knives\/","https:\/\/www.youtube.com\/channel\/UCHOQFjrOkgT6s4FIw9LDKyw\/featured"]}]}},"_links":{"self":[{"href":"https:\/\/aaknives.eu\/sv\/wp-json\/wp\/v2\/product\/55578","targetHints":{"allow":["GET"]}}],"collection":[{"href":"https:\/\/aaknives.eu\/sv\/wp-json\/wp\/v2\/product"}],"about":[{"href":"https:\/\/aaknives.eu\/sv\/wp-json\/wp\/v2\/types\/product"}],"wp:featuredmedia":[{"embeddable":true,"href":"https:\/\/aaknives.eu\/sv\/wp-json\/wp\/v2\/media\/55579"}],"wp:attachment":[{"href":"https:\/\/aaknives.eu\/sv\/wp-json\/wp\/v2\/media?parent=55578"}],"wp:term":[{"taxonomy":"product_brand","embeddable":true,"href":"https:\/\/aaknives.eu\/sv\/wp-json\/wp\/v2\/product_brand?post=55578"},{"taxonomy":"product_cat","embeddable":true,"href":"https:\/\/aaknives.eu\/sv\/wp-json\/wp\/v2\/product_cat?post=55578"},{"taxonomy":"product_tag","embeddable":true,"href":"https:\/\/aaknives.eu\/sv\/wp-json\/wp\/v2\/product_tag?post=55578"}],"curies":[{"name":"wp","href":"https:\/\/api.w.org\/{rel}","templated":true}]}}