{"id":55587,"date":"2021-09-20T20:31:43","date_gmt":"2021-09-20T20:31:43","guid":{"rendered":"https:\/\/aaknives.eu\/product\/serbiankniv-handsmidd-u10-stal-av-hog-kvalitet\/"},"modified":"2025-02-26T11:25:31","modified_gmt":"2025-02-26T11:25:31","slug":"serbiankniv-handsmidd-u10-stal-av-hog-kvalitet","status":"publish","type":"product","link":"https:\/\/aaknives.eu\/sv\/product\/serbiankniv-handsmidd-u10-stal-av-hog-kvalitet\/","title":{"rendered":"Forntida lettiska vapen och verktyg- &#8221;THREE-EDGED KNIFE&#8221;"},"content":{"rendered":"<p>Knivspecifikationer: \u201dTRE-EGGAD KNIFE\u201d<br \/>\nSt\u00e5l: smidd kolst\u00e5l U10<br \/>\nH\u00e5rdhet: 58-59 HRC<br \/>\nBladl\u00e4ngd (mm): 267 \/ 10,51 tum<br \/>\nBladtjocklek (mm): 5 \/ 0,19 tum<br \/>\nBladbredd (mm): 48 \/ 1,88 tum<br \/>\nHandtag: afrikanskt Wengetr\u00e4<br \/>\nTotal l\u00e4ngd (mm): 400 \/ 15,74 tum<br \/>\nKnivtyp: jakt, utomhus<br \/>\nF\u00f6rpackning: kniv, slida av l\u00e4der<br \/>\nOrdet \u2018TRE-EGGAD KNIV\u201d indikerar ett vapen med tre stridsytor<br \/>\nDen karakteristiska formen p\u00e5 detta vapen tillskrivs direkt till Latgalians. Samtidigt var \u201cskramasaxen\u201d \u2013 ett vapen, ocks\u00e5 utbredd i Estlands och Finlands territorium,<br \/>\nSj\u00e4lva bladets form kan kallas medicinskt anatomisk, eftersom det skapades med en djup f\u00f6rst\u00e5else f\u00f6r bladets r\u00f6relse och dess f\u00f6rm\u00e5ga att ge de djupaste sk\u00e4rs\u00e5ren och bensk\u00e4rningarna.<br \/>\nSv\u00e4rdets l\u00e4ngd f\u00f6rtj\u00e4nar s\u00e4rskild uppm\u00e4rksamhet \u2013 trejasmens \u00e4r ett djupt personligt anpassat vapen, eftersom det f\u00f6r att uppn\u00e5 st\u00f6rsta m\u00f6jliga anv\u00e4ndbarhet i strid m\u00e5ste motsvara l\u00e4ngden p\u00e5 ut\u00f6varens underarm och d\u00e4rmed \u201cbli en f\u00f6rl\u00e4ngning av handen\u201d. S\u00e5 \u2013 det h\u00e4r \u00e4r ett anatomiskt utm\u00e4rkt vapen p\u00e5 b\u00e5da sidor.  <\/p>\n<p>Denna typ och form av n\u00e4rstridssv\u00e4rd har l\u00e4nge \u00e4gts av de forntida letterna \u2013 latgalerna, vilket framg\u00e5r av arkeologiskt material fr\u00e5n mitten (700-talet) och sena j\u00e4rn\u00e5lderns (1200-talet) historiska lettiska territoriet.<br \/>\nAtt sl\u00e5ss med en \u201cTHREE-EDGED KNIFE\u201d \u00e4r en konst. Stridskonsten, som bygger p\u00e5 l\u00e5ngtidsobservationer i naturen, en djup f\u00f6rst\u00e5else f\u00f6r naturlagarna och precisionen och k\u00e4nslan av r\u00f6relse. En konst som har g\u00e5tt i arv fr\u00e5n generation till generation.<br \/>\nDen \u2018TREEGGADE KNIVENTHREE-EDGED KNIFE\u201d m\u00f6ter alla tecken p\u00e5 ett traditionellt vapen \u2013 den har en fasts\u00e4ttningsmetod som testats i praktiken och st\u00e4rkts genom \u00e5rhundradena, ett specialdesignat blad och folkloristisk ber\u00f6m.  <\/p>\n","protected":false},"excerpt":{"rendered":"<p>Knivspecifikationer: \u201dTRE-EGGAD KNIFE\u201d St\u00e5l: smidd kolst\u00e5l U10 H\u00e5rdhet: 58-59 HRC Bladl\u00e4ngd (mm): 267 \/ 10,51 tum Bladtjocklek (mm): 5 \/ 0,19 tum Bladbredd (mm): 48 \/ 1,88 tum Handtag: afrikanskt Wengetr\u00e4 Total l\u00e4ngd (mm): 400 \/ 15,74 tum Knivtyp: jakt, utomhus F\u00f6rpackning: kniv, slida av l\u00e4der Ordet \u2018TRE-EGGAD KNIV\u201d indikerar ett vapen med tre stridsytor Den karakteristiska formen p\u00e5 detta vapen tillskrivs direkt till Latgalians. Samtidigt var \u201cskramasaxen\u201d \u2013 ett vapen, ocks\u00e5 utbredd i Estlands och Finlands territorium, Sj\u00e4lva bladets form kan kallas medicinskt anatomisk, eftersom det skapades med en djup f\u00f6rst\u00e5else f\u00f6r bladets r\u00f6relse och dess f\u00f6rm\u00e5ga att ge&hellip;<\/p>\n","protected":false},"featured_media":97067,"template":"","meta":{"_themeisle_gutenberg_block_has_review":false},"product_brand":[],"product_cat":[421,423],"product_tag":[],"class_list":{"0":"post-55587","1":"product","2":"type-product","3":"status-publish","4":"has-post-thumbnail","6":"product_cat-axlar","7":"product_cat-koksknivar","9":"first","10":"instock","11":"shipping-taxable","12":"purchasable","13":"product-type-simple"},"yoast_head":"<!-- This site is optimized with the Yoast SEO plugin v27.5 - https:\/\/yoast.com\/product\/yoast-seo-wordpress\/ -->\n<title>Forntida lettiska vapen och verktyg- &#039;&#039;THREE-EDGED KNIFE&#039;&#039; - AAKnives<\/title>\n<meta name=\"description\" content=\"Ordet &#039;THREE-EDGED KNIFE&#039;&#039; indikerar ett vapen med tre stridsytor. Den karakteristiska formen p\u00e5 detta vapen tillskrivs direkt till Latgalians.\" \/>\n<meta name=\"robots\" content=\"index, follow, max-snippet:-1, max-image-preview:large, max-video-preview:-1\" \/>\n<link rel=\"canonical\" href=\"https:\/\/aaknives.eu\/sv\/product\/serbiankniv-handsmidd-u10-stal-av-hog-kvalitet\/\" \/>\n<meta property=\"og:locale\" content=\"sv_SE\" \/>\n<meta property=\"og:type\" content=\"article\" \/>\n<meta property=\"og:title\" content=\"Forntida lettiska vapen och verktyg- &#039;&#039;THREE-EDGED KNIFE&#039;&#039; - AAKnives\" \/>\n<meta property=\"og:description\" content=\"Ordet &#039;THREE-EDGED KNIFE&#039;&#039; indikerar ett vapen med tre stridsytor. Den karakteristiska formen p\u00e5 detta vapen tillskrivs direkt till Latgalians.\" \/>\n<meta property=\"og:url\" content=\"https:\/\/aaknives.eu\/sv\/product\/serbiankniv-handsmidd-u10-stal-av-hog-kvalitet\/\" \/>\n<meta property=\"og:site_name\" content=\"AAKnives\" \/>\n<meta property=\"article:publisher\" content=\"https:\/\/www.facebook.com\/aaknives.eu\/\" \/>\n<meta property=\"article:modified_time\" content=\"2025-02-26T11:25:31+00:00\" \/>\n<meta property=\"og:image\" content=\"https:\/\/aaknives.eu\/wp-content\/uploads\/2024\/10\/aaknives-hand-forged-damascus-steel-blade-knife-handmade-custom-made-knife-handcrafted-knives-autinetools-northmen-15.2.jpg\" \/>\n\t<meta property=\"og:image:width\" content=\"1020\" \/>\n\t<meta property=\"og:image:height\" content=\"880\" \/>\n\t<meta property=\"og:image:type\" content=\"image\/jpeg\" \/>\n<meta name=\"twitter:card\" content=\"summary_large_image\" \/>\n<meta name=\"twitter:label1\" content=\"Ber\u00e4knad l\u00e4stid\" \/>\n\t<meta name=\"twitter:data1\" content=\"1 minut\" \/>\n<script type=\"application\/ld+json\" class=\"yoast-schema-graph\">{\"@context\":\"https:\\\/\\\/schema.org\",\"@graph\":[{\"@type\":\"WebPage\",\"@id\":\"https:\\\/\\\/aaknives.eu\\\/sv\\\/product\\\/serbiankniv-handsmidd-u10-stal-av-hog-kvalitet\\\/\",\"url\":\"https:\\\/\\\/aaknives.eu\\\/sv\\\/product\\\/serbiankniv-handsmidd-u10-stal-av-hog-kvalitet\\\/\",\"name\":\"Forntida lettiska vapen och verktyg- ''THREE-EDGED KNIFE'' - AAKnives\",\"isPartOf\":{\"@id\":\"https:\\\/\\\/aaknives.eu\\\/sv\\\/#website\"},\"primaryImageOfPage\":{\"@id\":\"https:\\\/\\\/aaknives.eu\\\/sv\\\/product\\\/serbiankniv-handsmidd-u10-stal-av-hog-kvalitet\\\/#primaryimage\"},\"image\":{\"@id\":\"https:\\\/\\\/aaknives.eu\\\/sv\\\/product\\\/serbiankniv-handsmidd-u10-stal-av-hog-kvalitet\\\/#primaryimage\"},\"thumbnailUrl\":\"https:\\\/\\\/aaknives.eu\\\/wp-content\\\/uploads\\\/2024\\\/10\\\/aaknives-hand-forged-damascus-steel-blade-knife-handmade-custom-made-knife-handcrafted-knives-autinetools-northmen-15.2.jpg\",\"datePublished\":\"2021-09-20T20:31:43+00:00\",\"dateModified\":\"2025-02-26T11:25:31+00:00\",\"description\":\"Ordet 'THREE-EDGED KNIFE'' indikerar ett vapen med tre stridsytor. Den karakteristiska formen p\u00e5 detta vapen tillskrivs direkt till Latgalians.\",\"breadcrumb\":{\"@id\":\"https:\\\/\\\/aaknives.eu\\\/sv\\\/product\\\/serbiankniv-handsmidd-u10-stal-av-hog-kvalitet\\\/#breadcrumb\"},\"inLanguage\":\"sv-SE\",\"potentialAction\":[{\"@type\":\"ReadAction\",\"target\":[\"https:\\\/\\\/aaknives.eu\\\/sv\\\/product\\\/serbiankniv-handsmidd-u10-stal-av-hog-kvalitet\\\/\"]}]},{\"@type\":\"ImageObject\",\"inLanguage\":\"sv-SE\",\"@id\":\"https:\\\/\\\/aaknives.eu\\\/sv\\\/product\\\/serbiankniv-handsmidd-u10-stal-av-hog-kvalitet\\\/#primaryimage\",\"url\":\"https:\\\/\\\/aaknives.eu\\\/wp-content\\\/uploads\\\/2024\\\/10\\\/aaknives-hand-forged-damascus-steel-blade-knife-handmade-custom-made-knife-handcrafted-knives-autinetools-northmen-15.2.jpg\",\"contentUrl\":\"https:\\\/\\\/aaknives.eu\\\/wp-content\\\/uploads\\\/2024\\\/10\\\/aaknives-hand-forged-damascus-steel-blade-knife-handmade-custom-made-knife-handcrafted-knives-autinetools-northmen-15.2.jpg\",\"width\":1020,\"height\":880},{\"@type\":\"BreadcrumbList\",\"@id\":\"https:\\\/\\\/aaknives.eu\\\/sv\\\/product\\\/serbiankniv-handsmidd-u10-stal-av-hog-kvalitet\\\/#breadcrumb\",\"itemListElement\":[{\"@type\":\"ListItem\",\"position\":1,\"name\":\"Home\",\"item\":\"https:\\\/\\\/aaknives.eu\\\/sv\\\/\"},{\"@type\":\"ListItem\",\"position\":2,\"name\":\"Butik\",\"item\":\"https:\\\/\\\/aaknives.eu\\\/butik\\\/\"},{\"@type\":\"ListItem\",\"position\":3,\"name\":\"Forntida lettiska vapen och verktyg- &#8221;THREE-EDGED KNIFE&#8221;\"}]},{\"@type\":\"WebSite\",\"@id\":\"https:\\\/\\\/aaknives.eu\\\/sv\\\/#website\",\"url\":\"https:\\\/\\\/aaknives.eu\\\/sv\\\/\",\"name\":\"AAKnives\",\"description\":\"Handmade knives\",\"publisher\":{\"@id\":\"https:\\\/\\\/aaknives.eu\\\/sv\\\/#organization\"},\"potentialAction\":[{\"@type\":\"SearchAction\",\"target\":{\"@type\":\"EntryPoint\",\"urlTemplate\":\"https:\\\/\\\/aaknives.eu\\\/sv\\\/?s={search_term_string}\"},\"query-input\":{\"@type\":\"PropertyValueSpecification\",\"valueRequired\":true,\"valueName\":\"search_term_string\"}}],\"inLanguage\":\"sv-SE\"},{\"@type\":\"Organization\",\"@id\":\"https:\\\/\\\/aaknives.eu\\\/sv\\\/#organization\",\"name\":\"AAKnives\",\"url\":\"https:\\\/\\\/aaknives.eu\\\/sv\\\/\",\"logo\":{\"@type\":\"ImageObject\",\"inLanguage\":\"sv-SE\",\"@id\":\"https:\\\/\\\/aaknives.eu\\\/sv\\\/#\\\/schema\\\/logo\\\/image\\\/\",\"url\":\"https:\\\/\\\/aaknives.eu\\\/wp-content\\\/uploads\\\/2021\\\/10\\\/AAknives_Logo_Green.png\",\"contentUrl\":\"https:\\\/\\\/aaknives.eu\\\/wp-content\\\/uploads\\\/2021\\\/10\\\/AAknives_Logo_Green.png\",\"width\":1768,\"height\":1768,\"caption\":\"AAKnives\"},\"image\":{\"@id\":\"https:\\\/\\\/aaknives.eu\\\/sv\\\/#\\\/schema\\\/logo\\\/image\\\/\"},\"sameAs\":[\"https:\\\/\\\/www.facebook.com\\\/aaknives.eu\\\/\",\"https:\\\/\\\/www.instagram.com\\\/aaknives\\\/\",\"https:\\\/\\\/www.pinterest.com\\\/aa_knives\\\/\",\"https:\\\/\\\/www.youtube.com\\\/channel\\\/UCHOQFjrOkgT6s4FIw9LDKyw\\\/featured\"]}]}<\/script>\n<!-- \/ Yoast SEO plugin. -->","yoast_head_json":{"title":"Forntida lettiska vapen och verktyg- ''THREE-EDGED KNIFE'' - AAKnives","description":"Ordet 'THREE-EDGED KNIFE'' indikerar ett vapen med tre stridsytor. Den karakteristiska formen p\u00e5 detta vapen tillskrivs direkt till Latgalians.","robots":{"index":"index","follow":"follow","max-snippet":"max-snippet:-1","max-image-preview":"max-image-preview:large","max-video-preview":"max-video-preview:-1"},"canonical":"https:\/\/aaknives.eu\/sv\/product\/serbiankniv-handsmidd-u10-stal-av-hog-kvalitet\/","og_locale":"sv_SE","og_type":"article","og_title":"Forntida lettiska vapen och verktyg- ''THREE-EDGED KNIFE'' - AAKnives","og_description":"Ordet 'THREE-EDGED KNIFE'' indikerar ett vapen med tre stridsytor. Den karakteristiska formen p\u00e5 detta vapen tillskrivs direkt till Latgalians.","og_url":"https:\/\/aaknives.eu\/sv\/product\/serbiankniv-handsmidd-u10-stal-av-hog-kvalitet\/","og_site_name":"AAKnives","article_publisher":"https:\/\/www.facebook.com\/aaknives.eu\/","article_modified_time":"2025-02-26T11:25:31+00:00","og_image":[{"width":1020,"height":880,"url":"https:\/\/aaknives.eu\/wp-content\/uploads\/2024\/10\/aaknives-hand-forged-damascus-steel-blade-knife-handmade-custom-made-knife-handcrafted-knives-autinetools-northmen-15.2.jpg","type":"image\/jpeg"}],"twitter_card":"summary_large_image","twitter_misc":{"Ber\u00e4knad l\u00e4stid":"1 minut"},"schema":{"@context":"https:\/\/schema.org","@graph":[{"@type":"WebPage","@id":"https:\/\/aaknives.eu\/sv\/product\/serbiankniv-handsmidd-u10-stal-av-hog-kvalitet\/","url":"https:\/\/aaknives.eu\/sv\/product\/serbiankniv-handsmidd-u10-stal-av-hog-kvalitet\/","name":"Forntida lettiska vapen och verktyg- ''THREE-EDGED KNIFE'' - AAKnives","isPartOf":{"@id":"https:\/\/aaknives.eu\/sv\/#website"},"primaryImageOfPage":{"@id":"https:\/\/aaknives.eu\/sv\/product\/serbiankniv-handsmidd-u10-stal-av-hog-kvalitet\/#primaryimage"},"image":{"@id":"https:\/\/aaknives.eu\/sv\/product\/serbiankniv-handsmidd-u10-stal-av-hog-kvalitet\/#primaryimage"},"thumbnailUrl":"https:\/\/aaknives.eu\/wp-content\/uploads\/2024\/10\/aaknives-hand-forged-damascus-steel-blade-knife-handmade-custom-made-knife-handcrafted-knives-autinetools-northmen-15.2.jpg","datePublished":"2021-09-20T20:31:43+00:00","dateModified":"2025-02-26T11:25:31+00:00","description":"Ordet 'THREE-EDGED KNIFE'' indikerar ett vapen med tre stridsytor. Den karakteristiska formen p\u00e5 detta vapen tillskrivs direkt till Latgalians.","breadcrumb":{"@id":"https:\/\/aaknives.eu\/sv\/product\/serbiankniv-handsmidd-u10-stal-av-hog-kvalitet\/#breadcrumb"},"inLanguage":"sv-SE","potentialAction":[{"@type":"ReadAction","target":["https:\/\/aaknives.eu\/sv\/product\/serbiankniv-handsmidd-u10-stal-av-hog-kvalitet\/"]}]},{"@type":"ImageObject","inLanguage":"sv-SE","@id":"https:\/\/aaknives.eu\/sv\/product\/serbiankniv-handsmidd-u10-stal-av-hog-kvalitet\/#primaryimage","url":"https:\/\/aaknives.eu\/wp-content\/uploads\/2024\/10\/aaknives-hand-forged-damascus-steel-blade-knife-handmade-custom-made-knife-handcrafted-knives-autinetools-northmen-15.2.jpg","contentUrl":"https:\/\/aaknives.eu\/wp-content\/uploads\/2024\/10\/aaknives-hand-forged-damascus-steel-blade-knife-handmade-custom-made-knife-handcrafted-knives-autinetools-northmen-15.2.jpg","width":1020,"height":880},{"@type":"BreadcrumbList","@id":"https:\/\/aaknives.eu\/sv\/product\/serbiankniv-handsmidd-u10-stal-av-hog-kvalitet\/#breadcrumb","itemListElement":[{"@type":"ListItem","position":1,"name":"Home","item":"https:\/\/aaknives.eu\/sv\/"},{"@type":"ListItem","position":2,"name":"Butik","item":"https:\/\/aaknives.eu\/butik\/"},{"@type":"ListItem","position":3,"name":"Forntida lettiska vapen och verktyg- &#8221;THREE-EDGED KNIFE&#8221;"}]},{"@type":"WebSite","@id":"https:\/\/aaknives.eu\/sv\/#website","url":"https:\/\/aaknives.eu\/sv\/","name":"AAKnives","description":"Handmade knives","publisher":{"@id":"https:\/\/aaknives.eu\/sv\/#organization"},"potentialAction":[{"@type":"SearchAction","target":{"@type":"EntryPoint","urlTemplate":"https:\/\/aaknives.eu\/sv\/?s={search_term_string}"},"query-input":{"@type":"PropertyValueSpecification","valueRequired":true,"valueName":"search_term_string"}}],"inLanguage":"sv-SE"},{"@type":"Organization","@id":"https:\/\/aaknives.eu\/sv\/#organization","name":"AAKnives","url":"https:\/\/aaknives.eu\/sv\/","logo":{"@type":"ImageObject","inLanguage":"sv-SE","@id":"https:\/\/aaknives.eu\/sv\/#\/schema\/logo\/image\/","url":"https:\/\/aaknives.eu\/wp-content\/uploads\/2021\/10\/AAknives_Logo_Green.png","contentUrl":"https:\/\/aaknives.eu\/wp-content\/uploads\/2021\/10\/AAknives_Logo_Green.png","width":1768,"height":1768,"caption":"AAKnives"},"image":{"@id":"https:\/\/aaknives.eu\/sv\/#\/schema\/logo\/image\/"},"sameAs":["https:\/\/www.facebook.com\/aaknives.eu\/","https:\/\/www.instagram.com\/aaknives\/","https:\/\/www.pinterest.com\/aa_knives\/","https:\/\/www.youtube.com\/channel\/UCHOQFjrOkgT6s4FIw9LDKyw\/featured"]}]}},"_links":{"self":[{"href":"https:\/\/aaknives.eu\/sv\/wp-json\/wp\/v2\/product\/55587","targetHints":{"allow":["GET"]}}],"collection":[{"href":"https:\/\/aaknives.eu\/sv\/wp-json\/wp\/v2\/product"}],"about":[{"href":"https:\/\/aaknives.eu\/sv\/wp-json\/wp\/v2\/types\/product"}],"wp:featuredmedia":[{"embeddable":true,"href":"https:\/\/aaknives.eu\/sv\/wp-json\/wp\/v2\/media\/97067"}],"wp:attachment":[{"href":"https:\/\/aaknives.eu\/sv\/wp-json\/wp\/v2\/media?parent=55587"}],"wp:term":[{"taxonomy":"product_brand","embeddable":true,"href":"https:\/\/aaknives.eu\/sv\/wp-json\/wp\/v2\/product_brand?post=55587"},{"taxonomy":"product_cat","embeddable":true,"href":"https:\/\/aaknives.eu\/sv\/wp-json\/wp\/v2\/product_cat?post=55587"},{"taxonomy":"product_tag","embeddable":true,"href":"https:\/\/aaknives.eu\/sv\/wp-json\/wp\/v2\/product_tag?post=55587"}],"curies":[{"name":"wp","href":"https:\/\/api.w.org\/{rel}","templated":true}]}}