{"id":55736,"date":"2021-09-20T20:26:48","date_gmt":"2021-09-20T20:26:48","guid":{"rendered":"https:\/\/aaknives.eu\/product\/gritalon-slipsten-korn-240-20-mm-kk\/"},"modified":"2024-03-28T00:12:20","modified_gmt":"2024-03-28T00:12:20","slug":"gritalon-slipsten-korn-240-20-mm-kk","status":"publish","type":"product","link":"https:\/\/aaknives.eu\/sv\/product\/gritalon-slipsten-korn-240-20-mm-kk\/","title":{"rendered":"GRITALON slipsten kornstorlek 240, 20 mm (KK)"},"content":{"rendered":"<p>GRITALON slipsten kornstorlek 240, 20 mm (KK)<\/p>\n<p>GRITALON slipvattensten k\u00e4nnetecknas av en \u00f6kad slipkoncentration per volymenhet och en minimal m\u00e4ngd bindemedel, minskat stenslitage.<\/p>\n<p>Slipkornen i stenstrukturen sitter s\u00e4kert fast.<\/p>\n<p>F\u00f6r knivslipmaskinerna Hapstone, TSProf, ZHUK och Edge Pro<\/p>\n<p>&nbsp;<\/p>\n<p>&nbsp;<\/p>\n","protected":false},"excerpt":{"rendered":"<p>GRITALON slipsten kornstorlek 240, 20 mm (KK) GRITALON slipvattensten k\u00e4nnetecknas av en \u00f6kad slipkoncentration per volymenhet och en minimal m\u00e4ngd bindemedel, minskat stenslitage. Slipkornen i stenstrukturen sitter s\u00e4kert fast. F\u00f6r knivslipmaskinerna Hapstone, TSProf, ZHUK och Edge Pro &nbsp; &nbsp;<\/p>\n","protected":false},"featured_media":55737,"template":"","meta":{"_themeisle_gutenberg_block_has_review":false},"product_brand":[],"product_cat":[440,416,415],"product_tag":[],"class_list":{"0":"post-55736","1":"product","2":"type-product","3":"status-publish","4":"has-post-thumbnail","6":"product_cat-andra-produkter","7":"product_cat-forsaljning","8":"product_cat-knivslipning-knivslipmaskiner","10":"first","11":"outofstock","12":"sale","13":"shipping-taxable","14":"purchasable","15":"product-type-simple"},"yoast_head":"<!-- This site is optimized with the Yoast SEO plugin v27.3 - https:\/\/yoast.com\/product\/yoast-seo-wordpress\/ -->\n<title>GRITALON slipsten kornstorlek 240, 20 mm (KK) - AAKnives<\/title>\n<meta name=\"robots\" content=\"index, follow, max-snippet:-1, max-image-preview:large, max-video-preview:-1\" \/>\n<link rel=\"canonical\" href=\"https:\/\/aaknives.eu\/sv\/product\/gritalon-slipsten-korn-240-20-mm-kk\/\" \/>\n<meta property=\"og:locale\" content=\"sv_SE\" \/>\n<meta property=\"og:type\" content=\"article\" \/>\n<meta property=\"og:title\" content=\"GRITALON slipsten kornstorlek 240, 20 mm (KK) - AAKnives\" \/>\n<meta property=\"og:description\" content=\"GRITALON slipsten kornstorlek 240, 20 mm (KK) GRITALON slipvattensten k\u00e4nnetecknas av en \u00f6kad slipkoncentration per volymenhet och en minimal m\u00e4ngd bindemedel, minskat stenslitage. Slipkornen i stenstrukturen sitter s\u00e4kert fast. F\u00f6r knivslipmaskinerna Hapstone, TSProf, ZHUK och Edge Pro &nbsp; &nbsp;\" \/>\n<meta property=\"og:url\" content=\"https:\/\/aaknives.eu\/sv\/product\/gritalon-slipsten-korn-240-20-mm-kk\/\" \/>\n<meta property=\"og:site_name\" content=\"AAKnives\" \/>\n<meta property=\"article:publisher\" content=\"https:\/\/www.facebook.com\/aaknives.eu\/\" \/>\n<meta property=\"article:modified_time\" content=\"2024-03-28T00:12:20+00:00\" \/>\n<meta property=\"og:image\" content=\"https:\/\/aaknives.eu\/wp-content\/uploads\/2021\/09\/aaknives-aaknife-forged-damascus-steel-blade-hand-forged-elmax-knife-handmade-custom-made-knife-handcrafted-knives-9-1.jpg\" \/>\n\t<meta property=\"og:image:width\" content=\"600\" \/>\n\t<meta property=\"og:image:height\" content=\"600\" \/>\n\t<meta property=\"og:image:type\" content=\"image\/jpeg\" \/>\n<meta name=\"twitter:card\" content=\"summary_large_image\" \/>\n<script type=\"application\/ld+json\" class=\"yoast-schema-graph\">{\"@context\":\"https:\\\/\\\/schema.org\",\"@graph\":[{\"@type\":\"WebPage\",\"@id\":\"https:\\\/\\\/aaknives.eu\\\/sv\\\/product\\\/gritalon-slipsten-korn-240-20-mm-kk\\\/\",\"url\":\"https:\\\/\\\/aaknives.eu\\\/sv\\\/product\\\/gritalon-slipsten-korn-240-20-mm-kk\\\/\",\"name\":\"GRITALON slipsten kornstorlek 240, 20 mm (KK) - AAKnives\",\"isPartOf\":{\"@id\":\"https:\\\/\\\/aaknives.eu\\\/sv\\\/#website\"},\"primaryImageOfPage\":{\"@id\":\"https:\\\/\\\/aaknives.eu\\\/sv\\\/product\\\/gritalon-slipsten-korn-240-20-mm-kk\\\/#primaryimage\"},\"image\":{\"@id\":\"https:\\\/\\\/aaknives.eu\\\/sv\\\/product\\\/gritalon-slipsten-korn-240-20-mm-kk\\\/#primaryimage\"},\"thumbnailUrl\":\"https:\\\/\\\/aaknives.eu\\\/wp-content\\\/uploads\\\/2021\\\/09\\\/aaknives-aaknife-forged-damascus-steel-blade-hand-forged-elmax-knife-handmade-custom-made-knife-handcrafted-knives-9-1.jpg\",\"datePublished\":\"2021-09-20T20:26:48+00:00\",\"dateModified\":\"2024-03-28T00:12:20+00:00\",\"breadcrumb\":{\"@id\":\"https:\\\/\\\/aaknives.eu\\\/sv\\\/product\\\/gritalon-slipsten-korn-240-20-mm-kk\\\/#breadcrumb\"},\"inLanguage\":\"sv-SE\",\"potentialAction\":[{\"@type\":\"ReadAction\",\"target\":[\"https:\\\/\\\/aaknives.eu\\\/sv\\\/product\\\/gritalon-slipsten-korn-240-20-mm-kk\\\/\"]}]},{\"@type\":\"ImageObject\",\"inLanguage\":\"sv-SE\",\"@id\":\"https:\\\/\\\/aaknives.eu\\\/sv\\\/product\\\/gritalon-slipsten-korn-240-20-mm-kk\\\/#primaryimage\",\"url\":\"https:\\\/\\\/aaknives.eu\\\/wp-content\\\/uploads\\\/2021\\\/09\\\/aaknives-aaknife-forged-damascus-steel-blade-hand-forged-elmax-knife-handmade-custom-made-knife-handcrafted-knives-9-1.jpg\",\"contentUrl\":\"https:\\\/\\\/aaknives.eu\\\/wp-content\\\/uploads\\\/2021\\\/09\\\/aaknives-aaknife-forged-damascus-steel-blade-hand-forged-elmax-knife-handmade-custom-made-knife-handcrafted-knives-9-1.jpg\",\"width\":600,\"height\":600,\"caption\":\"aaknives-aaknife-forged-damascus-steel-blade-hand-forged-elmax-knife-handmade-custom-made-knife-handcrafted-knives-9-1\"},{\"@type\":\"BreadcrumbList\",\"@id\":\"https:\\\/\\\/aaknives.eu\\\/sv\\\/product\\\/gritalon-slipsten-korn-240-20-mm-kk\\\/#breadcrumb\",\"itemListElement\":[{\"@type\":\"ListItem\",\"position\":1,\"name\":\"Home\",\"item\":\"https:\\\/\\\/aaknives.eu\\\/sv\\\/\"},{\"@type\":\"ListItem\",\"position\":2,\"name\":\"Butik\",\"item\":\"https:\\\/\\\/aaknives.eu\\\/butik\\\/\"},{\"@type\":\"ListItem\",\"position\":3,\"name\":\"GRITALON slipsten kornstorlek 240, 20 mm (KK)\"}]},{\"@type\":\"WebSite\",\"@id\":\"https:\\\/\\\/aaknives.eu\\\/sv\\\/#website\",\"url\":\"https:\\\/\\\/aaknives.eu\\\/sv\\\/\",\"name\":\"AAKnives\",\"description\":\"Handmade knives\",\"publisher\":{\"@id\":\"https:\\\/\\\/aaknives.eu\\\/sv\\\/#organization\"},\"potentialAction\":[{\"@type\":\"SearchAction\",\"target\":{\"@type\":\"EntryPoint\",\"urlTemplate\":\"https:\\\/\\\/aaknives.eu\\\/sv\\\/?s={search_term_string}\"},\"query-input\":{\"@type\":\"PropertyValueSpecification\",\"valueRequired\":true,\"valueName\":\"search_term_string\"}}],\"inLanguage\":\"sv-SE\"},{\"@type\":\"Organization\",\"@id\":\"https:\\\/\\\/aaknives.eu\\\/sv\\\/#organization\",\"name\":\"AAKnives\",\"url\":\"https:\\\/\\\/aaknives.eu\\\/sv\\\/\",\"logo\":{\"@type\":\"ImageObject\",\"inLanguage\":\"sv-SE\",\"@id\":\"https:\\\/\\\/aaknives.eu\\\/sv\\\/#\\\/schema\\\/logo\\\/image\\\/\",\"url\":\"https:\\\/\\\/aaknives.eu\\\/wp-content\\\/uploads\\\/2021\\\/10\\\/AAknives_Logo_Green.png\",\"contentUrl\":\"https:\\\/\\\/aaknives.eu\\\/wp-content\\\/uploads\\\/2021\\\/10\\\/AAknives_Logo_Green.png\",\"width\":1768,\"height\":1768,\"caption\":\"AAKnives\"},\"image\":{\"@id\":\"https:\\\/\\\/aaknives.eu\\\/sv\\\/#\\\/schema\\\/logo\\\/image\\\/\"},\"sameAs\":[\"https:\\\/\\\/www.facebook.com\\\/aaknives.eu\\\/\",\"https:\\\/\\\/www.instagram.com\\\/aaknives\\\/\",\"https:\\\/\\\/www.pinterest.com\\\/aa_knives\\\/\",\"https:\\\/\\\/www.youtube.com\\\/channel\\\/UCHOQFjrOkgT6s4FIw9LDKyw\\\/featured\"]}]}<\/script>\n<!-- \/ Yoast SEO plugin. -->","yoast_head_json":{"title":"GRITALON slipsten kornstorlek 240, 20 mm (KK) - AAKnives","robots":{"index":"index","follow":"follow","max-snippet":"max-snippet:-1","max-image-preview":"max-image-preview:large","max-video-preview":"max-video-preview:-1"},"canonical":"https:\/\/aaknives.eu\/sv\/product\/gritalon-slipsten-korn-240-20-mm-kk\/","og_locale":"sv_SE","og_type":"article","og_title":"GRITALON slipsten kornstorlek 240, 20 mm (KK) - AAKnives","og_description":"GRITALON slipsten kornstorlek 240, 20 mm (KK) GRITALON slipvattensten k\u00e4nnetecknas av en \u00f6kad slipkoncentration per volymenhet och en minimal m\u00e4ngd bindemedel, minskat stenslitage. Slipkornen i stenstrukturen sitter s\u00e4kert fast. F\u00f6r knivslipmaskinerna Hapstone, TSProf, ZHUK och Edge Pro &nbsp; &nbsp;","og_url":"https:\/\/aaknives.eu\/sv\/product\/gritalon-slipsten-korn-240-20-mm-kk\/","og_site_name":"AAKnives","article_publisher":"https:\/\/www.facebook.com\/aaknives.eu\/","article_modified_time":"2024-03-28T00:12:20+00:00","og_image":[{"width":600,"height":600,"url":"https:\/\/aaknives.eu\/wp-content\/uploads\/2021\/09\/aaknives-aaknife-forged-damascus-steel-blade-hand-forged-elmax-knife-handmade-custom-made-knife-handcrafted-knives-9-1.jpg","type":"image\/jpeg"}],"twitter_card":"summary_large_image","schema":{"@context":"https:\/\/schema.org","@graph":[{"@type":"WebPage","@id":"https:\/\/aaknives.eu\/sv\/product\/gritalon-slipsten-korn-240-20-mm-kk\/","url":"https:\/\/aaknives.eu\/sv\/product\/gritalon-slipsten-korn-240-20-mm-kk\/","name":"GRITALON slipsten kornstorlek 240, 20 mm (KK) - AAKnives","isPartOf":{"@id":"https:\/\/aaknives.eu\/sv\/#website"},"primaryImageOfPage":{"@id":"https:\/\/aaknives.eu\/sv\/product\/gritalon-slipsten-korn-240-20-mm-kk\/#primaryimage"},"image":{"@id":"https:\/\/aaknives.eu\/sv\/product\/gritalon-slipsten-korn-240-20-mm-kk\/#primaryimage"},"thumbnailUrl":"https:\/\/aaknives.eu\/wp-content\/uploads\/2021\/09\/aaknives-aaknife-forged-damascus-steel-blade-hand-forged-elmax-knife-handmade-custom-made-knife-handcrafted-knives-9-1.jpg","datePublished":"2021-09-20T20:26:48+00:00","dateModified":"2024-03-28T00:12:20+00:00","breadcrumb":{"@id":"https:\/\/aaknives.eu\/sv\/product\/gritalon-slipsten-korn-240-20-mm-kk\/#breadcrumb"},"inLanguage":"sv-SE","potentialAction":[{"@type":"ReadAction","target":["https:\/\/aaknives.eu\/sv\/product\/gritalon-slipsten-korn-240-20-mm-kk\/"]}]},{"@type":"ImageObject","inLanguage":"sv-SE","@id":"https:\/\/aaknives.eu\/sv\/product\/gritalon-slipsten-korn-240-20-mm-kk\/#primaryimage","url":"https:\/\/aaknives.eu\/wp-content\/uploads\/2021\/09\/aaknives-aaknife-forged-damascus-steel-blade-hand-forged-elmax-knife-handmade-custom-made-knife-handcrafted-knives-9-1.jpg","contentUrl":"https:\/\/aaknives.eu\/wp-content\/uploads\/2021\/09\/aaknives-aaknife-forged-damascus-steel-blade-hand-forged-elmax-knife-handmade-custom-made-knife-handcrafted-knives-9-1.jpg","width":600,"height":600,"caption":"aaknives-aaknife-forged-damascus-steel-blade-hand-forged-elmax-knife-handmade-custom-made-knife-handcrafted-knives-9-1"},{"@type":"BreadcrumbList","@id":"https:\/\/aaknives.eu\/sv\/product\/gritalon-slipsten-korn-240-20-mm-kk\/#breadcrumb","itemListElement":[{"@type":"ListItem","position":1,"name":"Home","item":"https:\/\/aaknives.eu\/sv\/"},{"@type":"ListItem","position":2,"name":"Butik","item":"https:\/\/aaknives.eu\/butik\/"},{"@type":"ListItem","position":3,"name":"GRITALON slipsten kornstorlek 240, 20 mm (KK)"}]},{"@type":"WebSite","@id":"https:\/\/aaknives.eu\/sv\/#website","url":"https:\/\/aaknives.eu\/sv\/","name":"AAKnives","description":"Handmade knives","publisher":{"@id":"https:\/\/aaknives.eu\/sv\/#organization"},"potentialAction":[{"@type":"SearchAction","target":{"@type":"EntryPoint","urlTemplate":"https:\/\/aaknives.eu\/sv\/?s={search_term_string}"},"query-input":{"@type":"PropertyValueSpecification","valueRequired":true,"valueName":"search_term_string"}}],"inLanguage":"sv-SE"},{"@type":"Organization","@id":"https:\/\/aaknives.eu\/sv\/#organization","name":"AAKnives","url":"https:\/\/aaknives.eu\/sv\/","logo":{"@type":"ImageObject","inLanguage":"sv-SE","@id":"https:\/\/aaknives.eu\/sv\/#\/schema\/logo\/image\/","url":"https:\/\/aaknives.eu\/wp-content\/uploads\/2021\/10\/AAknives_Logo_Green.png","contentUrl":"https:\/\/aaknives.eu\/wp-content\/uploads\/2021\/10\/AAknives_Logo_Green.png","width":1768,"height":1768,"caption":"AAKnives"},"image":{"@id":"https:\/\/aaknives.eu\/sv\/#\/schema\/logo\/image\/"},"sameAs":["https:\/\/www.facebook.com\/aaknives.eu\/","https:\/\/www.instagram.com\/aaknives\/","https:\/\/www.pinterest.com\/aa_knives\/","https:\/\/www.youtube.com\/channel\/UCHOQFjrOkgT6s4FIw9LDKyw\/featured"]}]}},"_links":{"self":[{"href":"https:\/\/aaknives.eu\/sv\/wp-json\/wp\/v2\/product\/55736","targetHints":{"allow":["GET"]}}],"collection":[{"href":"https:\/\/aaknives.eu\/sv\/wp-json\/wp\/v2\/product"}],"about":[{"href":"https:\/\/aaknives.eu\/sv\/wp-json\/wp\/v2\/types\/product"}],"wp:featuredmedia":[{"embeddable":true,"href":"https:\/\/aaknives.eu\/sv\/wp-json\/wp\/v2\/media\/55737"}],"wp:attachment":[{"href":"https:\/\/aaknives.eu\/sv\/wp-json\/wp\/v2\/media?parent=55736"}],"wp:term":[{"taxonomy":"product_brand","embeddable":true,"href":"https:\/\/aaknives.eu\/sv\/wp-json\/wp\/v2\/product_brand?post=55736"},{"taxonomy":"product_cat","embeddable":true,"href":"https:\/\/aaknives.eu\/sv\/wp-json\/wp\/v2\/product_cat?post=55736"},{"taxonomy":"product_tag","embeddable":true,"href":"https:\/\/aaknives.eu\/sv\/wp-json\/wp\/v2\/product_tag?post=55736"}],"curies":[{"name":"wp","href":"https:\/\/api.w.org\/{rel}","templated":true}]}}