{"id":55935,"date":"2021-09-20T20:24:24","date_gmt":"2021-09-20T20:24:24","guid":{"rendered":"https:\/\/aaknives.eu\/product\/kniv-zeus-handsmidd-bladstal-9hs-med-smidesmarken\/"},"modified":"2021-09-20T20:24:24","modified_gmt":"2021-09-20T20:24:24","slug":"kniv-zeus-handsmidd-bladstal-9hs-med-smidesmarken","status":"publish","type":"product","link":"https:\/\/aaknives.eu\/sv\/product\/kniv-zeus-handsmidd-bladstal-9hs-med-smidesmarken\/","title":{"rendered":"Kniv ZEUS- handsmidd bladst\u00e5l 9HS med smidesm\u00e4rken"},"content":{"rendered":"<p>Specifikationer f\u00f6r kniv: ZEUS<br \/>\nSt\u00e5l: handsmidd bladst\u00e5l 9HS (9XC)<br \/>\nH\u00e5rdhet: 61-63 HRC<br \/>\nBladets l\u00e4ngd (mm): 115 \/ 4,52 tum<br \/>\nBladets tjocklek (mm): 3 \/ 0,11 tum<br \/>\nBladbredd (mm): 32 \/ 1,25 tum<br \/>\nHandtag: stabiliserad karelsk bj\u00f6rk<br \/>\nTotal l\u00e4ngd (mm): 237 \/ 9,33 tum<br \/>\nKnivtyp: jakt, utomhusbruk<br \/>\nF\u00f6rpackning: kniv, l\u00e4derh\u00f6lje<\/p>\n<p>St\u00e5l 9HC (9XC) &#8211; L\u00e5glegerat st\u00e5l. H\u00f6g h\u00e5rdhet, god h\u00e5llbarhet och slitstyrka. Anv\u00e4nds i olika sk\u00e4rverktyg: borrmaskiner, skruvmejslar etc. Liknar st\u00e5l W-Nr 1.2108.<\/p>\n","protected":false},"excerpt":{"rendered":"<p>Specifikationer f\u00f6r kniv: ZEUS St\u00e5l: handsmidd bladst\u00e5l 9HS (9XC) H\u00e5rdhet: 61-63 HRC Bladets l\u00e4ngd (mm): 115 \/ 4,52 tum Bladets tjocklek (mm): 3 \/ 0,11 tum Bladbredd (mm): 32 \/ 1,25 tum Handtag: stabiliserad karelsk bj\u00f6rk Total l\u00e4ngd (mm): 237 \/ 9,33 tum Knivtyp: jakt, utomhusbruk F\u00f6rpackning: kniv, l\u00e4derh\u00f6lje St\u00e5l 9HC (9XC) &#8211; L\u00e5glegerat st\u00e5l. H\u00f6g h\u00e5rdhet, god h\u00e5llbarhet och slitstyrka. Anv\u00e4nds i olika sk\u00e4rverktyg: borrmaskiner, skruvmejslar etc. Liknar st\u00e5l W-Nr 1.2108.<\/p>\n","protected":false},"featured_media":55936,"template":"","meta":{"_themeisle_gutenberg_block_has_review":false},"product_brand":[],"product_cat":[422,414,413],"product_tag":[],"class_list":{"0":"post-55935","1":"product","2":"type-product","3":"status-publish","4":"has-post-thumbnail","6":"product_cat-fiskeknivar","7":"product_cat-jaktknivar","8":"product_cat-knivar-for-utomhusbruk","10":"first","11":"outofstock","12":"shipping-taxable","13":"purchasable","14":"product-type-simple"},"yoast_head":"<!-- This site is optimized with the Yoast SEO plugin v27.5 - https:\/\/yoast.com\/product\/yoast-seo-wordpress\/ -->\n<title>Kniv ZEUS- handsmidd bladst\u00e5l 9HS med smidesm\u00e4rken - AAKnives<\/title>\n<meta name=\"description\" content=\"Kniv ZEUS- handsmidd bladst\u00e5l 9HS med smidesm\u00e4rken, jaktkniv, utomhuskniv, campingkniv\" \/>\n<meta name=\"robots\" content=\"index, follow, max-snippet:-1, max-image-preview:large, max-video-preview:-1\" \/>\n<link rel=\"canonical\" href=\"https:\/\/aaknives.eu\/sv\/product\/kniv-zeus-handsmidd-bladstal-9hs-med-smidesmarken\/\" \/>\n<meta property=\"og:locale\" content=\"sv_SE\" \/>\n<meta property=\"og:type\" content=\"article\" \/>\n<meta property=\"og:title\" content=\"Kniv ZEUS- handsmidd bladst\u00e5l 9HS med smidesm\u00e4rken - AAKnives\" \/>\n<meta property=\"og:description\" content=\"Kniv ZEUS- handsmidd bladst\u00e5l 9HS med smidesm\u00e4rken, jaktkniv, utomhuskniv, campingkniv\" \/>\n<meta property=\"og:url\" content=\"https:\/\/aaknives.eu\/sv\/product\/kniv-zeus-handsmidd-bladstal-9hs-med-smidesmarken\/\" \/>\n<meta property=\"og:site_name\" content=\"AAKnives\" \/>\n<meta property=\"article:publisher\" content=\"https:\/\/www.facebook.com\/aaknives.eu\/\" \/>\n<meta property=\"og:image\" content=\"https:\/\/aaknives.eu\/wp-content\/uploads\/2021\/09\/aaknives-hand-forged-dabascus-steel-blade-knife-handmade-custom-made-knife-handcrafted-knives-autinetools-northmen-3-1-11.jpg\" \/>\n\t<meta property=\"og:image:width\" content=\"800\" \/>\n\t<meta property=\"og:image:height\" content=\"600\" \/>\n\t<meta property=\"og:image:type\" content=\"image\/jpeg\" \/>\n<meta name=\"twitter:card\" content=\"summary_large_image\" \/>\n<script type=\"application\/ld+json\" class=\"yoast-schema-graph\">{\"@context\":\"https:\\\/\\\/schema.org\",\"@graph\":[{\"@type\":\"WebPage\",\"@id\":\"https:\\\/\\\/aaknives.eu\\\/sv\\\/product\\\/kniv-zeus-handsmidd-bladstal-9hs-med-smidesmarken\\\/\",\"url\":\"https:\\\/\\\/aaknives.eu\\\/sv\\\/product\\\/kniv-zeus-handsmidd-bladstal-9hs-med-smidesmarken\\\/\",\"name\":\"Kniv ZEUS- handsmidd bladst\u00e5l 9HS med smidesm\u00e4rken - AAKnives\",\"isPartOf\":{\"@id\":\"https:\\\/\\\/aaknives.eu\\\/sv\\\/#website\"},\"primaryImageOfPage\":{\"@id\":\"https:\\\/\\\/aaknives.eu\\\/sv\\\/product\\\/kniv-zeus-handsmidd-bladstal-9hs-med-smidesmarken\\\/#primaryimage\"},\"image\":{\"@id\":\"https:\\\/\\\/aaknives.eu\\\/sv\\\/product\\\/kniv-zeus-handsmidd-bladstal-9hs-med-smidesmarken\\\/#primaryimage\"},\"thumbnailUrl\":\"https:\\\/\\\/aaknives.eu\\\/wp-content\\\/uploads\\\/2021\\\/09\\\/aaknives-hand-forged-dabascus-steel-blade-knife-handmade-custom-made-knife-handcrafted-knives-autinetools-northmen-3-1-11.jpg\",\"datePublished\":\"2021-09-20T20:24:24+00:00\",\"description\":\"Kniv ZEUS- handsmidd bladst\u00e5l 9HS med smidesm\u00e4rken, jaktkniv, utomhuskniv, campingkniv\",\"breadcrumb\":{\"@id\":\"https:\\\/\\\/aaknives.eu\\\/sv\\\/product\\\/kniv-zeus-handsmidd-bladstal-9hs-med-smidesmarken\\\/#breadcrumb\"},\"inLanguage\":\"sv-SE\",\"potentialAction\":[{\"@type\":\"ReadAction\",\"target\":[\"https:\\\/\\\/aaknives.eu\\\/sv\\\/product\\\/kniv-zeus-handsmidd-bladstal-9hs-med-smidesmarken\\\/\"]}]},{\"@type\":\"ImageObject\",\"inLanguage\":\"sv-SE\",\"@id\":\"https:\\\/\\\/aaknives.eu\\\/sv\\\/product\\\/kniv-zeus-handsmidd-bladstal-9hs-med-smidesmarken\\\/#primaryimage\",\"url\":\"https:\\\/\\\/aaknives.eu\\\/wp-content\\\/uploads\\\/2021\\\/09\\\/aaknives-hand-forged-dabascus-steel-blade-knife-handmade-custom-made-knife-handcrafted-knives-autinetools-northmen-3-1-11.jpg\",\"contentUrl\":\"https:\\\/\\\/aaknives.eu\\\/wp-content\\\/uploads\\\/2021\\\/09\\\/aaknives-hand-forged-dabascus-steel-blade-knife-handmade-custom-made-knife-handcrafted-knives-autinetools-northmen-3-1-11.jpg\",\"width\":800,\"height\":600,\"caption\":\"aaknives-hand-forged-dabascus-steel-blade-knife-handmade-custom-made-knife-handcrafted-knives-autinetools-northmen-3-1-11\"},{\"@type\":\"BreadcrumbList\",\"@id\":\"https:\\\/\\\/aaknives.eu\\\/sv\\\/product\\\/kniv-zeus-handsmidd-bladstal-9hs-med-smidesmarken\\\/#breadcrumb\",\"itemListElement\":[{\"@type\":\"ListItem\",\"position\":1,\"name\":\"Home\",\"item\":\"https:\\\/\\\/aaknives.eu\\\/sv\\\/\"},{\"@type\":\"ListItem\",\"position\":2,\"name\":\"Butik\",\"item\":\"https:\\\/\\\/aaknives.eu\\\/butik\\\/\"},{\"@type\":\"ListItem\",\"position\":3,\"name\":\"Kniv ZEUS- handsmidd bladst\u00e5l 9HS med smidesm\u00e4rken\"}]},{\"@type\":\"WebSite\",\"@id\":\"https:\\\/\\\/aaknives.eu\\\/sv\\\/#website\",\"url\":\"https:\\\/\\\/aaknives.eu\\\/sv\\\/\",\"name\":\"AAKnives\",\"description\":\"Handmade knives\",\"publisher\":{\"@id\":\"https:\\\/\\\/aaknives.eu\\\/sv\\\/#organization\"},\"potentialAction\":[{\"@type\":\"SearchAction\",\"target\":{\"@type\":\"EntryPoint\",\"urlTemplate\":\"https:\\\/\\\/aaknives.eu\\\/sv\\\/?s={search_term_string}\"},\"query-input\":{\"@type\":\"PropertyValueSpecification\",\"valueRequired\":true,\"valueName\":\"search_term_string\"}}],\"inLanguage\":\"sv-SE\"},{\"@type\":\"Organization\",\"@id\":\"https:\\\/\\\/aaknives.eu\\\/sv\\\/#organization\",\"name\":\"AAKnives\",\"url\":\"https:\\\/\\\/aaknives.eu\\\/sv\\\/\",\"logo\":{\"@type\":\"ImageObject\",\"inLanguage\":\"sv-SE\",\"@id\":\"https:\\\/\\\/aaknives.eu\\\/sv\\\/#\\\/schema\\\/logo\\\/image\\\/\",\"url\":\"https:\\\/\\\/aaknives.eu\\\/wp-content\\\/uploads\\\/2021\\\/10\\\/AAknives_Logo_Green.png\",\"contentUrl\":\"https:\\\/\\\/aaknives.eu\\\/wp-content\\\/uploads\\\/2021\\\/10\\\/AAknives_Logo_Green.png\",\"width\":1768,\"height\":1768,\"caption\":\"AAKnives\"},\"image\":{\"@id\":\"https:\\\/\\\/aaknives.eu\\\/sv\\\/#\\\/schema\\\/logo\\\/image\\\/\"},\"sameAs\":[\"https:\\\/\\\/www.facebook.com\\\/aaknives.eu\\\/\",\"https:\\\/\\\/www.instagram.com\\\/aaknives\\\/\",\"https:\\\/\\\/www.pinterest.com\\\/aa_knives\\\/\",\"https:\\\/\\\/www.youtube.com\\\/channel\\\/UCHOQFjrOkgT6s4FIw9LDKyw\\\/featured\"]}]}<\/script>\n<!-- \/ Yoast SEO plugin. -->","yoast_head_json":{"title":"Kniv ZEUS- handsmidd bladst\u00e5l 9HS med smidesm\u00e4rken - AAKnives","description":"Kniv ZEUS- handsmidd bladst\u00e5l 9HS med smidesm\u00e4rken, jaktkniv, utomhuskniv, campingkniv","robots":{"index":"index","follow":"follow","max-snippet":"max-snippet:-1","max-image-preview":"max-image-preview:large","max-video-preview":"max-video-preview:-1"},"canonical":"https:\/\/aaknives.eu\/sv\/product\/kniv-zeus-handsmidd-bladstal-9hs-med-smidesmarken\/","og_locale":"sv_SE","og_type":"article","og_title":"Kniv ZEUS- handsmidd bladst\u00e5l 9HS med smidesm\u00e4rken - AAKnives","og_description":"Kniv ZEUS- handsmidd bladst\u00e5l 9HS med smidesm\u00e4rken, jaktkniv, utomhuskniv, campingkniv","og_url":"https:\/\/aaknives.eu\/sv\/product\/kniv-zeus-handsmidd-bladstal-9hs-med-smidesmarken\/","og_site_name":"AAKnives","article_publisher":"https:\/\/www.facebook.com\/aaknives.eu\/","og_image":[{"width":800,"height":600,"url":"https:\/\/aaknives.eu\/wp-content\/uploads\/2021\/09\/aaknives-hand-forged-dabascus-steel-blade-knife-handmade-custom-made-knife-handcrafted-knives-autinetools-northmen-3-1-11.jpg","type":"image\/jpeg"}],"twitter_card":"summary_large_image","schema":{"@context":"https:\/\/schema.org","@graph":[{"@type":"WebPage","@id":"https:\/\/aaknives.eu\/sv\/product\/kniv-zeus-handsmidd-bladstal-9hs-med-smidesmarken\/","url":"https:\/\/aaknives.eu\/sv\/product\/kniv-zeus-handsmidd-bladstal-9hs-med-smidesmarken\/","name":"Kniv ZEUS- handsmidd bladst\u00e5l 9HS med smidesm\u00e4rken - AAKnives","isPartOf":{"@id":"https:\/\/aaknives.eu\/sv\/#website"},"primaryImageOfPage":{"@id":"https:\/\/aaknives.eu\/sv\/product\/kniv-zeus-handsmidd-bladstal-9hs-med-smidesmarken\/#primaryimage"},"image":{"@id":"https:\/\/aaknives.eu\/sv\/product\/kniv-zeus-handsmidd-bladstal-9hs-med-smidesmarken\/#primaryimage"},"thumbnailUrl":"https:\/\/aaknives.eu\/wp-content\/uploads\/2021\/09\/aaknives-hand-forged-dabascus-steel-blade-knife-handmade-custom-made-knife-handcrafted-knives-autinetools-northmen-3-1-11.jpg","datePublished":"2021-09-20T20:24:24+00:00","description":"Kniv ZEUS- handsmidd bladst\u00e5l 9HS med smidesm\u00e4rken, jaktkniv, utomhuskniv, campingkniv","breadcrumb":{"@id":"https:\/\/aaknives.eu\/sv\/product\/kniv-zeus-handsmidd-bladstal-9hs-med-smidesmarken\/#breadcrumb"},"inLanguage":"sv-SE","potentialAction":[{"@type":"ReadAction","target":["https:\/\/aaknives.eu\/sv\/product\/kniv-zeus-handsmidd-bladstal-9hs-med-smidesmarken\/"]}]},{"@type":"ImageObject","inLanguage":"sv-SE","@id":"https:\/\/aaknives.eu\/sv\/product\/kniv-zeus-handsmidd-bladstal-9hs-med-smidesmarken\/#primaryimage","url":"https:\/\/aaknives.eu\/wp-content\/uploads\/2021\/09\/aaknives-hand-forged-dabascus-steel-blade-knife-handmade-custom-made-knife-handcrafted-knives-autinetools-northmen-3-1-11.jpg","contentUrl":"https:\/\/aaknives.eu\/wp-content\/uploads\/2021\/09\/aaknives-hand-forged-dabascus-steel-blade-knife-handmade-custom-made-knife-handcrafted-knives-autinetools-northmen-3-1-11.jpg","width":800,"height":600,"caption":"aaknives-hand-forged-dabascus-steel-blade-knife-handmade-custom-made-knife-handcrafted-knives-autinetools-northmen-3-1-11"},{"@type":"BreadcrumbList","@id":"https:\/\/aaknives.eu\/sv\/product\/kniv-zeus-handsmidd-bladstal-9hs-med-smidesmarken\/#breadcrumb","itemListElement":[{"@type":"ListItem","position":1,"name":"Home","item":"https:\/\/aaknives.eu\/sv\/"},{"@type":"ListItem","position":2,"name":"Butik","item":"https:\/\/aaknives.eu\/butik\/"},{"@type":"ListItem","position":3,"name":"Kniv ZEUS- handsmidd bladst\u00e5l 9HS med smidesm\u00e4rken"}]},{"@type":"WebSite","@id":"https:\/\/aaknives.eu\/sv\/#website","url":"https:\/\/aaknives.eu\/sv\/","name":"AAKnives","description":"Handmade knives","publisher":{"@id":"https:\/\/aaknives.eu\/sv\/#organization"},"potentialAction":[{"@type":"SearchAction","target":{"@type":"EntryPoint","urlTemplate":"https:\/\/aaknives.eu\/sv\/?s={search_term_string}"},"query-input":{"@type":"PropertyValueSpecification","valueRequired":true,"valueName":"search_term_string"}}],"inLanguage":"sv-SE"},{"@type":"Organization","@id":"https:\/\/aaknives.eu\/sv\/#organization","name":"AAKnives","url":"https:\/\/aaknives.eu\/sv\/","logo":{"@type":"ImageObject","inLanguage":"sv-SE","@id":"https:\/\/aaknives.eu\/sv\/#\/schema\/logo\/image\/","url":"https:\/\/aaknives.eu\/wp-content\/uploads\/2021\/10\/AAknives_Logo_Green.png","contentUrl":"https:\/\/aaknives.eu\/wp-content\/uploads\/2021\/10\/AAknives_Logo_Green.png","width":1768,"height":1768,"caption":"AAKnives"},"image":{"@id":"https:\/\/aaknives.eu\/sv\/#\/schema\/logo\/image\/"},"sameAs":["https:\/\/www.facebook.com\/aaknives.eu\/","https:\/\/www.instagram.com\/aaknives\/","https:\/\/www.pinterest.com\/aa_knives\/","https:\/\/www.youtube.com\/channel\/UCHOQFjrOkgT6s4FIw9LDKyw\/featured"]}]}},"_links":{"self":[{"href":"https:\/\/aaknives.eu\/sv\/wp-json\/wp\/v2\/product\/55935","targetHints":{"allow":["GET"]}}],"collection":[{"href":"https:\/\/aaknives.eu\/sv\/wp-json\/wp\/v2\/product"}],"about":[{"href":"https:\/\/aaknives.eu\/sv\/wp-json\/wp\/v2\/types\/product"}],"wp:featuredmedia":[{"embeddable":true,"href":"https:\/\/aaknives.eu\/sv\/wp-json\/wp\/v2\/media\/55936"}],"wp:attachment":[{"href":"https:\/\/aaknives.eu\/sv\/wp-json\/wp\/v2\/media?parent=55935"}],"wp:term":[{"taxonomy":"product_brand","embeddable":true,"href":"https:\/\/aaknives.eu\/sv\/wp-json\/wp\/v2\/product_brand?post=55935"},{"taxonomy":"product_cat","embeddable":true,"href":"https:\/\/aaknives.eu\/sv\/wp-json\/wp\/v2\/product_cat?post=55935"},{"taxonomy":"product_tag","embeddable":true,"href":"https:\/\/aaknives.eu\/sv\/wp-json\/wp\/v2\/product_tag?post=55935"}],"curies":[{"name":"wp","href":"https:\/\/api.w.org\/{rel}","templated":true}]}}